{"id":278146,"date":"2021-06-22T12:11:59","date_gmt":"2021-06-22T10:11:59","guid":{"rendered":"https:\/\/miomiorun.com\/prodotto\/nathan-vapor-air-2-7-litri-uomo\/"},"modified":"2026-04-30T12:01:40","modified_gmt":"2026-04-30T10:01:40","slug":"nathan-vapor-air-2-7-litri-hombre","status":"publish","type":"product","link":"https:\/\/www.miomiorun.com\/es\/producto\/nathan-vapor-air-2-7-litri-hombre\/","title":{"rendered":"Vapor Air 2.0-7 litri hombre"},"content":{"rendered":"<p class=\"tw-data-text tw-text-large XcVN5d tw-ta\" dir=\"ltr\" data-placeholder=\"Traduzione\"><span class=\"Y2IQFc\" lang=\"it\">La mochila <strong>Vapor Air<\/strong> para hombre tiene un dise\u00f1o muy moderno, es ligera y se adapta a la mayor\u00eda de complexiones gracias al nuevo sistema de ajuste <strong>CinchFit<\/strong>, que permite adaptarla y ajustarla teniendo en cuenta las diferentes caracter\u00edsticas f\u00edsicas de cada persona.<\/span><\/p>\n<h3 dir=\"ltr\" data-placeholder=\"Traduzione\">Especificaciones:<\/h3>\n<ul>\n<li class=\"tw-data-text tw-text-large XcVN5d tw-ta\" dir=\"ltr\" data-placeholder=\"Traduzione\"><span class=\"Y2IQFc\" lang=\"it\">Puntos de fijaci\u00f3n r\u00e1pidos para tus bastones.<\/span><\/li>\n<li dir=\"ltr\" data-placeholder=\"Traduzione\">Sistema de ajuste CinchFit.<\/li>\n<li class=\"tw-data-text tw-text-large XcVN5d tw-ta\" dir=\"ltr\" data-placeholder=\"Traduzione\"><span class=\"Y2IQFc\" lang=\"it\">Materiales ligeros y transpirables, muy c\u00f3modos de llevar durante una carrera.<\/span><\/li>\n<li class=\"tw-data-text tw-text-large XcVN5d tw-ta\" dir=\"ltr\" data-placeholder=\"Traduzione\"><span class=\"Y2IQFc\" lang=\"it\">Equipado con una bolsa de agua de 2 litros con v\u00e1lvula de desconexi\u00f3n r\u00e1pida.<\/span><\/li>\n<li class=\"tw-data-text tw-text-large XcVN5d tw-ta\" dir=\"ltr\" data-placeholder=\"Traduzione\"><span class=\"Y2IQFc\" lang=\"it\">Bolsillos en los hombros con cremallera para proteger los objetos m\u00e1s delicados.\u00a0<\/span><\/li>\n<li class=\"tw-data-text tw-text-large XcVN5d tw-ta\" dir=\"ltr\" data-placeholder=\"Traduzione\"><span class=\"Y2IQFc\" lang=\"it\">Dos bolsillos frontales adicionales que a\u00edslan el sistema CinchFit.<\/span><\/li>\n<li class=\"tw-data-text tw-text-large XcVN5d tw-ta\" dir=\"ltr\" data-placeholder=\"Traduzione\"><span class=\"Y2IQFc\" lang=\"it\">Bolsillos extensibles, cada uno con una cantimplora de 650 ml.<\/span><\/li>\n<li class=\"tw-data-text tw-text-large XcVN5d tw-ta\" dir=\"ltr\" data-placeholder=\"Traduzione\"><span class=\"Y2IQFc\" lang=\"it\">Bolsillo tipo ri\u00f1onera en la parte trasera para guardar tu ropa de recambio y otros art\u00edculos imprescindibles para la carrera.<\/span><\/li>\n<li class=\"tw-data-text tw-text-large XcVN5d tw-ta\" dir=\"ltr\" data-placeholder=\"Traduzione\"><span class=\"Y2IQFc\" lang=\"it\">Amplio compartimento principal en la parte trasera.<\/span><\/li>\n<li class=\"tw-data-text tw-text-large XcVN5d tw-ta\" dir=\"ltr\" data-placeholder=\"Traduzione\"><span class=\"Y2IQFc\" lang=\"it\">Bolsillos superpuestos para disponer de m\u00e1s espacio.<\/span><\/li>\n<li class=\"tw-data-text tw-text-large XcVN5d tw-ta\" dir=\"ltr\" data-placeholder=\"Traduzione\"><span class=\"Y2IQFc\" lang=\"it\">Motivos reflectantes para una visibilidad de 360 grados.<\/span><\/li>\n<\/ul>\n<p>Peso: 235 g<\/p>\n","protected":false},"excerpt":{"rendered":"<p><span style=\"font-weight: 400\">La mochila de competici\u00f3n para hombre m\u00e1s ligera de la galardonada serie Vapor ofrece un equilibrio ideal entre peso, capacidad de almacenamiento y durabilidad, incluso para los corredores m\u00e1s preocupados por el peso.<\/span><\/p>\n","protected":false},"featured_media":232560,"template":"","meta":{"_acf_changed":false,"inline_featured_image":false},"product_brand":[],"product_cat":[24205,24408,24426],"product_tag":[23510,23591],"class_list":{"0":"post-278146","1":"product","2":"type-product","3":"status-publish","4":"has-post-thumbnail","6":"product_cat-accesorios","7":"product_cat-mochilas-es","8":"product_cat-mochilas-y-cinturones-es","9":"product_tag-nathan-es","10":"product_tag-nathan-hombre","11":"pa_attivita-trail-es","12":"pa_marca-nathan-es","13":"pa_sesso-hombre","14":"pa_size-small-es","16":"first","17":"instock","18":"sale","19":"taxable","20":"shipping-taxable","21":"purchasable","22":"product-type-variable","23":"wvs-archive-product-wrapper"},"acf":[],"yoast_head":"<!-- This site is optimized with the Yoast SEO plugin v26.8 - https:\/\/yoast.com\/product\/yoast-seo-wordpress\/ -->\n<title>Nathan Vapor Air 2.0-7 litri hombre - MioMioRun .com<\/title>\n<meta name=\"description\" content=\"La mochila Vapor Air para hombre tiene un dise\u00f1o muy moderno, es ligera y se adapta a casi cualquier complexi\u00f3n gracias al nuevo\" \/>\n<meta name=\"robots\" content=\"index, follow, max-snippet:-1, max-image-preview:large, max-video-preview:-1\" \/>\n<link rel=\"canonical\" href=\"https:\/\/www.miomiorun.com\/es\/producto\/nathan-vapor-air-2-7-litri-hombre\/\" \/>\n<meta property=\"og:locale\" content=\"es_ES\" \/>\n<meta property=\"og:type\" content=\"article\" \/>\n<meta property=\"og:title\" content=\"Nathan Vapor Air 2.0-7 litri hombre - MioMioRun .com\" \/>\n<meta property=\"og:description\" content=\"La mochila Vapor Air para hombre tiene un dise\u00f1o muy moderno, es ligera y se adapta a casi cualquier complexi\u00f3n gracias al nuevo\" \/>\n<meta property=\"og:url\" content=\"https:\/\/www.miomiorun.com\/es\/producto\/nathan-vapor-air-2-7-litri-hombre\/\" \/>\n<meta property=\"og:site_name\" content=\"MioMioRun\" \/>\n<meta property=\"article:publisher\" content=\"https:\/\/www.facebook.com\/miomiorun\/\" \/>\n<meta property=\"article:modified_time\" content=\"2026-04-30T10:01:40+00:00\" \/>\n<meta property=\"og:image\" content=\"https:\/\/www.miomiorun.com\/app\/uploads\/2021\/06\/nathan-Vapor-Air-2-7L-4732.jpg\" \/>\n\t<meta property=\"og:image:width\" content=\"600\" \/>\n\t<meta property=\"og:image:height\" content=\"600\" \/>\n\t<meta property=\"og:image:type\" content=\"image\/jpeg\" \/>\n<meta name=\"twitter:card\" content=\"summary_large_image\" \/>\n<meta name=\"twitter:label1\" content=\"Est. reading time\" \/>\n\t<meta name=\"twitter:data1\" content=\"1 minute\" \/>\n<script type=\"application\/ld+json\" class=\"yoast-schema-graph\">{\"@context\":\"https:\/\/schema.org\",\"@graph\":[{\"@type\":\"WebPage\",\"@id\":\"https:\/\/www.miomiorun.com\/es\/producto\/nathan-vapor-air-2-7-litri-hombre\/\",\"url\":\"https:\/\/www.miomiorun.com\/es\/producto\/nathan-vapor-air-2-7-litri-hombre\/\",\"name\":\"Nathan Vapor Air 2.0-7 litri hombre - MioMioRun .com\",\"isPartOf\":{\"@id\":\"https:\/\/www.miomiorun.com\/es\/#website\"},\"primaryImageOfPage\":{\"@id\":\"https:\/\/www.miomiorun.com\/es\/producto\/nathan-vapor-air-2-7-litri-hombre\/#primaryimage\"},\"image\":{\"@id\":\"https:\/\/www.miomiorun.com\/es\/producto\/nathan-vapor-air-2-7-litri-hombre\/#primaryimage\"},\"thumbnailUrl\":\"https:\/\/www.miomiorun.com\/app\/uploads\/2021\/06\/nathan-Vapor-Air-2-7L-4732.jpg\",\"datePublished\":\"2021-06-22T10:11:59+00:00\",\"dateModified\":\"2026-04-30T10:01:40+00:00\",\"description\":\"La mochila Vapor Air para hombre tiene un dise\u00f1o muy moderno, es ligera y se adapta a casi cualquier complexi\u00f3n gracias al nuevo\",\"breadcrumb\":{\"@id\":\"https:\/\/www.miomiorun.com\/es\/producto\/nathan-vapor-air-2-7-litri-hombre\/#breadcrumb\"},\"inLanguage\":\"es-ES\",\"potentialAction\":[{\"@type\":\"ReadAction\",\"target\":[\"https:\/\/www.miomiorun.com\/es\/producto\/nathan-vapor-air-2-7-litri-hombre\/\"]}]},{\"@type\":\"ImageObject\",\"inLanguage\":\"es-ES\",\"@id\":\"https:\/\/www.miomiorun.com\/es\/producto\/nathan-vapor-air-2-7-litri-hombre\/#primaryimage\",\"url\":\"https:\/\/www.miomiorun.com\/app\/uploads\/2021\/06\/nathan-Vapor-Air-2-7L-4732.jpg\",\"contentUrl\":\"https:\/\/www.miomiorun.com\/app\/uploads\/2021\/06\/nathan-Vapor-Air-2-7L-4732.jpg\",\"width\":600,\"height\":600,\"caption\":\"nathan vapor air\"},{\"@type\":\"BreadcrumbList\",\"@id\":\"https:\/\/www.miomiorun.com\/es\/producto\/nathan-vapor-air-2-7-litri-hombre\/#breadcrumb\",\"itemListElement\":[{\"@type\":\"ListItem\",\"position\":1,\"name\":\"Home\",\"item\":\"https:\/\/www.miomiorun.com\/es\/\"},{\"@type\":\"ListItem\",\"position\":2,\"name\":\"Shop\",\"item\":\"https:\/\/www.miomiorun.com\/shop\/\"},{\"@type\":\"ListItem\",\"position\":3,\"name\":\"Vapor Air 2.0-7 litri hombre\"}]},{\"@type\":\"WebSite\",\"@id\":\"https:\/\/www.miomiorun.com\/es\/#website\",\"url\":\"https:\/\/www.miomiorun.com\/es\/\",\"name\":\"MioMioRun\",\"description\":\"Tienda 100% running y trail\",\"publisher\":{\"@id\":\"https:\/\/www.miomiorun.com\/es\/#organization\"},\"potentialAction\":[{\"@type\":\"SearchAction\",\"target\":{\"@type\":\"EntryPoint\",\"urlTemplate\":\"https:\/\/www.miomiorun.com\/es\/?s={search_term_string}\"},\"query-input\":{\"@type\":\"PropertyValueSpecification\",\"valueRequired\":true,\"valueName\":\"search_term_string\"}}],\"inLanguage\":\"es-ES\"},{\"@type\":\"Organization\",\"@id\":\"https:\/\/www.miomiorun.com\/es\/#organization\",\"name\":\"MioMio Run\",\"url\":\"https:\/\/www.miomiorun.com\/es\/\",\"logo\":{\"@type\":\"ImageObject\",\"inLanguage\":\"es-ES\",\"@id\":\"https:\/\/www.miomiorun.com\/es\/#\/schema\/logo\/image\/\",\"url\":\"https:\/\/www.miomiorun.com\/app\/uploads\/2019\/12\/logomio.png\",\"contentUrl\":\"https:\/\/www.miomiorun.com\/app\/uploads\/2019\/12\/logomio.png\",\"width\":115,\"height\":82,\"caption\":\"MioMio Run\"},\"image\":{\"@id\":\"https:\/\/www.miomiorun.com\/es\/#\/schema\/logo\/image\/\"},\"sameAs\":[\"https:\/\/www.facebook.com\/miomiorun\/\",\"https:\/\/www.instagram.com\/miomiorun\/\"]}]}<\/script>\n<!-- \/ Yoast SEO plugin. -->","yoast_head_json":{"title":"Nathan Vapor Air 2.0-7 litri hombre - MioMioRun .com","description":"La mochila Vapor Air para hombre tiene un dise\u00f1o muy moderno, es ligera y se adapta a casi cualquier complexi\u00f3n gracias al nuevo","robots":{"index":"index","follow":"follow","max-snippet":"max-snippet:-1","max-image-preview":"max-image-preview:large","max-video-preview":"max-video-preview:-1"},"canonical":"https:\/\/www.miomiorun.com\/es\/producto\/nathan-vapor-air-2-7-litri-hombre\/","og_locale":"es_ES","og_type":"article","og_title":"Nathan Vapor Air 2.0-7 litri hombre - MioMioRun .com","og_description":"La mochila Vapor Air para hombre tiene un dise\u00f1o muy moderno, es ligera y se adapta a casi cualquier complexi\u00f3n gracias al nuevo","og_url":"https:\/\/www.miomiorun.com\/es\/producto\/nathan-vapor-air-2-7-litri-hombre\/","og_site_name":"MioMioRun","article_publisher":"https:\/\/www.facebook.com\/miomiorun\/","article_modified_time":"2026-04-30T10:01:40+00:00","og_image":[{"width":600,"height":600,"url":"https:\/\/www.miomiorun.com\/app\/uploads\/2021\/06\/nathan-Vapor-Air-2-7L-4732.jpg","type":"image\/jpeg"}],"twitter_card":"summary_large_image","twitter_misc":{"Est. reading time":"1 minute"},"schema":{"@context":"https:\/\/schema.org","@graph":[{"@type":"WebPage","@id":"https:\/\/www.miomiorun.com\/es\/producto\/nathan-vapor-air-2-7-litri-hombre\/","url":"https:\/\/www.miomiorun.com\/es\/producto\/nathan-vapor-air-2-7-litri-hombre\/","name":"Nathan Vapor Air 2.0-7 litri hombre - MioMioRun .com","isPartOf":{"@id":"https:\/\/www.miomiorun.com\/es\/#website"},"primaryImageOfPage":{"@id":"https:\/\/www.miomiorun.com\/es\/producto\/nathan-vapor-air-2-7-litri-hombre\/#primaryimage"},"image":{"@id":"https:\/\/www.miomiorun.com\/es\/producto\/nathan-vapor-air-2-7-litri-hombre\/#primaryimage"},"thumbnailUrl":"https:\/\/www.miomiorun.com\/app\/uploads\/2021\/06\/nathan-Vapor-Air-2-7L-4732.jpg","datePublished":"2021-06-22T10:11:59+00:00","dateModified":"2026-04-30T10:01:40+00:00","description":"La mochila Vapor Air para hombre tiene un dise\u00f1o muy moderno, es ligera y se adapta a casi cualquier complexi\u00f3n gracias al nuevo","breadcrumb":{"@id":"https:\/\/www.miomiorun.com\/es\/producto\/nathan-vapor-air-2-7-litri-hombre\/#breadcrumb"},"inLanguage":"es-ES","potentialAction":[{"@type":"ReadAction","target":["https:\/\/www.miomiorun.com\/es\/producto\/nathan-vapor-air-2-7-litri-hombre\/"]}]},{"@type":"ImageObject","inLanguage":"es-ES","@id":"https:\/\/www.miomiorun.com\/es\/producto\/nathan-vapor-air-2-7-litri-hombre\/#primaryimage","url":"https:\/\/www.miomiorun.com\/app\/uploads\/2021\/06\/nathan-Vapor-Air-2-7L-4732.jpg","contentUrl":"https:\/\/www.miomiorun.com\/app\/uploads\/2021\/06\/nathan-Vapor-Air-2-7L-4732.jpg","width":600,"height":600,"caption":"nathan vapor air"},{"@type":"BreadcrumbList","@id":"https:\/\/www.miomiorun.com\/es\/producto\/nathan-vapor-air-2-7-litri-hombre\/#breadcrumb","itemListElement":[{"@type":"ListItem","position":1,"name":"Home","item":"https:\/\/www.miomiorun.com\/es\/"},{"@type":"ListItem","position":2,"name":"Shop","item":"https:\/\/www.miomiorun.com\/shop\/"},{"@type":"ListItem","position":3,"name":"Vapor Air 2.0-7 litri hombre"}]},{"@type":"WebSite","@id":"https:\/\/www.miomiorun.com\/es\/#website","url":"https:\/\/www.miomiorun.com\/es\/","name":"MioMioRun","description":"Tienda 100% running y trail","publisher":{"@id":"https:\/\/www.miomiorun.com\/es\/#organization"},"potentialAction":[{"@type":"SearchAction","target":{"@type":"EntryPoint","urlTemplate":"https:\/\/www.miomiorun.com\/es\/?s={search_term_string}"},"query-input":{"@type":"PropertyValueSpecification","valueRequired":true,"valueName":"search_term_string"}}],"inLanguage":"es-ES"},{"@type":"Organization","@id":"https:\/\/www.miomiorun.com\/es\/#organization","name":"MioMio Run","url":"https:\/\/www.miomiorun.com\/es\/","logo":{"@type":"ImageObject","inLanguage":"es-ES","@id":"https:\/\/www.miomiorun.com\/es\/#\/schema\/logo\/image\/","url":"https:\/\/www.miomiorun.com\/app\/uploads\/2019\/12\/logomio.png","contentUrl":"https:\/\/www.miomiorun.com\/app\/uploads\/2019\/12\/logomio.png","width":115,"height":82,"caption":"MioMio Run"},"image":{"@id":"https:\/\/www.miomiorun.com\/es\/#\/schema\/logo\/image\/"},"sameAs":["https:\/\/www.facebook.com\/miomiorun\/","https:\/\/www.instagram.com\/miomiorun\/"]}]}},"_links":{"self":[{"href":"https:\/\/www.miomiorun.com\/es\/wp-json\/wp\/v2\/product\/278146","targetHints":{"allow":["GET"]}}],"collection":[{"href":"https:\/\/www.miomiorun.com\/es\/wp-json\/wp\/v2\/product"}],"about":[{"href":"https:\/\/www.miomiorun.com\/es\/wp-json\/wp\/v2\/types\/product"}],"wp:featuredmedia":[{"embeddable":true,"href":"https:\/\/www.miomiorun.com\/es\/wp-json\/wp\/v2\/media\/232560"}],"wp:attachment":[{"href":"https:\/\/www.miomiorun.com\/es\/wp-json\/wp\/v2\/media?parent=278146"}],"wp:term":[{"taxonomy":"product_brand","embeddable":true,"href":"https:\/\/www.miomiorun.com\/es\/wp-json\/wp\/v2\/product_brand?post=278146"},{"taxonomy":"product_cat","embeddable":true,"href":"https:\/\/www.miomiorun.com\/es\/wp-json\/wp\/v2\/product_cat?post=278146"},{"taxonomy":"product_tag","embeddable":true,"href":"https:\/\/www.miomiorun.com\/es\/wp-json\/wp\/v2\/product_tag?post=278146"}],"curies":[{"name":"wp","href":"https:\/\/api.w.org\/{rel}","templated":true}]}}