{"id":278059,"date":"2021-06-25T15:38:09","date_gmt":"2021-06-25T13:38:09","guid":{"rendered":"https:\/\/miomiorun.com\/prodotto\/nathan-vaporhowe-2-0-4-liter-womens-race-vest\/"},"modified":"2026-04-30T12:06:17","modified_gmt":"2026-04-30T10:06:17","slug":"nathan-vaporhowe-2-0-4-liter-mujer-race-vest","status":"publish","type":"product","link":"https:\/\/www.miomiorun.com\/es\/producto\/nathan-vaporhowe-2-0-4-liter-mujer-race-vest\/","title":{"rendered":"VaporHowe 2.0 4L"},"content":{"rendered":"<p>Dise\u00f1ado seg\u00fan las exigentes especificaciones de la campeona de ultramarat\u00f3n Stephanie Howe, esta \u00faltima versi\u00f3n de nuestro ligero chaleco de competici\u00f3n con dise\u00f1o anat\u00f3mico presenta un ajuste mejorado, bolsillos probados y mayor capacidad de hidrataci\u00f3n. Bebe f\u00e1cilmente con los tubos extendidos de las dos botellas blandas de 20 onzas. Los detalles reflectantes para una visibilidad de 360 grados y el silbato de seguridad en el hombro te permiten anteponer tu seguridad. Entrena con estilo con este chaleco de carrera multiusos.<\/p>\n<h2>DISE\u00d1O FUNCIONAL<\/h2>\n<p>\u00a1Dise\u00f1ado para un campe\u00f3n! Este chaleco ligero y transpirable, similar a una prenda de vestir, ofrece un mejor ajuste y una mayor hidrataci\u00f3n. Incluye dos botellas flexibles de 20 onzas con tubos alargados para beber f\u00e1cilmente sin tener que sacar las botellas de los bolsillos delanteros.<\/p>\n<h2>ABUNDANCIA DE ALIMENTOS<\/h2>\n<p>Bolsillos de distintos tama\u00f1os para guardar diversos objetos, incluidos bolsillos impermeables con cremallera en el pecho y en la espalda para el smartphone y los objetos esenciales. Ten a mano cualquier vitamina o medicamento gracias al bolsillo para pastillas situado en el hombro.<\/p>\n<ul>\n<li>Incluye dos botellas flexibles de 20 onzas con tubos extensibles<\/li>\n<li>Corte similar al de una prenda con una estructura ligera y transpirable<\/li>\n<li>Grandes bolsillos delanteros para llevar lo imprescindible cuando sales<\/li>\n<li>Bolsillo en el pecho resistente al agua con cremallera para el smartphone<\/li>\n<li>Bolsillo trasero con cremallera resistente al agua<\/li>\n<li>Bolsillo para pastillas en el hombro y silbato de seguridad<\/li>\n<li>Elementos reflectantes para una visibilidad de 360 grados<\/li>\n<li>Compatible con bolsas de 1,5 litros<\/li>\n<li>Capacidad de almacenamiento: 4 litros<\/li>\n<li>Peso sin los envases flexibles: 178 g<\/li>\n<li>Peso con envases flexibles: 277 g<\/li>\n<\/ul>\n","protected":false},"excerpt":{"rendered":"<p>Dise\u00f1ado seg\u00fan las exigentes especificaciones de la campeona de ultramarat\u00f3n Stephanie Howe, esta \u00faltima versi\u00f3n de nuestro ligero chaleco de competici\u00f3n con dise\u00f1o anat\u00f3mico presenta un ajuste mejorado, bolsillos probados y mayor capacidad de hidrataci\u00f3n. Bebe f\u00e1cilmente con los tubos extendidos de las dos botellas blandas de 20 onzas. Los detalles reflectantes para una visibilidad &hellip; <a href=\"https:\/\/www.miomiorun.com\/es\/producto\/nathan-vaporhowe-2-0-4-liter-mujer-race-vest\/\">Continued<\/a><\/p>\n","protected":false},"featured_media":232564,"template":"","meta":{"_acf_changed":false,"inline_featured_image":false},"product_brand":[],"product_cat":[24205,24408,24426],"product_tag":[23510,23635],"class_list":{"0":"post-278059","1":"product","2":"type-product","3":"status-publish","4":"has-post-thumbnail","6":"product_cat-accesorios","7":"product_cat-mochilas-es","8":"product_cat-mochilas-y-cinturones-es","9":"product_tag-nathan-es","10":"product_tag-nathan-mujer","11":"pa_attivita-outdoor-es","12":"pa_attivita-trail-es","13":"pa_marca-nathan-es","14":"pa_sesso-hombre","15":"pa_sesso-mujer","16":"pa_size-medium-es","17":"pa_size-large-es","19":"first","20":"instock","21":"sale","22":"taxable","23":"shipping-taxable","24":"purchasable","25":"product-type-variable","26":"wvs-archive-product-wrapper"},"acf":[],"yoast_head":"<!-- This site is optimized with the Yoast SEO plugin v26.8 - https:\/\/yoast.com\/product\/yoast-seo-wordpress\/ -->\n<title>Nathan VaporHowe 2.0 4L - mochila para correr- MioMioRun<\/title>\n<meta name=\"description\" content=\"Chaleco ligero de competici\u00f3n con dise\u00f1o anat\u00f3mico, ajuste mejorado y bolsillos de probada eficacia. Visibilidad de 360 grados y silbato de seguridad.\" \/>\n<meta name=\"robots\" content=\"index, follow, max-snippet:-1, max-image-preview:large, max-video-preview:-1\" \/>\n<link rel=\"canonical\" href=\"https:\/\/www.miomiorun.com\/es\/producto\/nathan-vaporhowe-2-0-4-liter-mujer-race-vest\/\" \/>\n<meta property=\"og:locale\" content=\"es_ES\" \/>\n<meta property=\"og:type\" content=\"article\" \/>\n<meta property=\"og:title\" content=\"Nathan VaporHowe 2.0 4L - mochila para correr- MioMioRun\" \/>\n<meta property=\"og:description\" content=\"Chaleco ligero de competici\u00f3n con dise\u00f1o anat\u00f3mico, ajuste mejorado y bolsillos de probada eficacia. Visibilidad de 360 grados y silbato de seguridad.\" \/>\n<meta property=\"og:url\" content=\"https:\/\/www.miomiorun.com\/es\/producto\/nathan-vaporhowe-2-0-4-liter-mujer-race-vest\/\" \/>\n<meta property=\"og:site_name\" content=\"MioMioRun\" \/>\n<meta property=\"article:publisher\" content=\"https:\/\/www.facebook.com\/miomiorun\/\" \/>\n<meta property=\"article:modified_time\" content=\"2026-04-30T10:06:17+00:00\" \/>\n<meta property=\"og:image\" content=\"https:\/\/www.miomiorun.com\/app\/uploads\/2021\/06\/nathan-Vapor-Howe-2-4L-4737.jpg\" \/>\n\t<meta property=\"og:image:width\" content=\"600\" \/>\n\t<meta property=\"og:image:height\" content=\"600\" \/>\n\t<meta property=\"og:image:type\" content=\"image\/jpeg\" \/>\n<meta name=\"twitter:card\" content=\"summary_large_image\" \/>\n<meta name=\"twitter:label1\" content=\"Est. reading time\" \/>\n\t<meta name=\"twitter:data1\" content=\"1 minute\" \/>\n<script type=\"application\/ld+json\" class=\"yoast-schema-graph\">{\"@context\":\"https:\/\/schema.org\",\"@graph\":[{\"@type\":\"WebPage\",\"@id\":\"https:\/\/www.miomiorun.com\/es\/producto\/nathan-vaporhowe-2-0-4-liter-mujer-race-vest\/\",\"url\":\"https:\/\/www.miomiorun.com\/es\/producto\/nathan-vaporhowe-2-0-4-liter-mujer-race-vest\/\",\"name\":\"Nathan VaporHowe 2.0 4L - mochila para correr- MioMioRun\",\"isPartOf\":{\"@id\":\"https:\/\/www.miomiorun.com\/es\/#website\"},\"primaryImageOfPage\":{\"@id\":\"https:\/\/www.miomiorun.com\/es\/producto\/nathan-vaporhowe-2-0-4-liter-mujer-race-vest\/#primaryimage\"},\"image\":{\"@id\":\"https:\/\/www.miomiorun.com\/es\/producto\/nathan-vaporhowe-2-0-4-liter-mujer-race-vest\/#primaryimage\"},\"thumbnailUrl\":\"https:\/\/www.miomiorun.com\/app\/uploads\/2021\/06\/nathan-Vapor-Howe-2-4L-4737.jpg\",\"datePublished\":\"2021-06-25T13:38:09+00:00\",\"dateModified\":\"2026-04-30T10:06:17+00:00\",\"description\":\"Chaleco ligero de competici\u00f3n con dise\u00f1o anat\u00f3mico, ajuste mejorado y bolsillos de probada eficacia. Visibilidad de 360 grados y silbato de seguridad.\",\"breadcrumb\":{\"@id\":\"https:\/\/www.miomiorun.com\/es\/producto\/nathan-vaporhowe-2-0-4-liter-mujer-race-vest\/#breadcrumb\"},\"inLanguage\":\"es-ES\",\"potentialAction\":[{\"@type\":\"ReadAction\",\"target\":[\"https:\/\/www.miomiorun.com\/es\/producto\/nathan-vaporhowe-2-0-4-liter-mujer-race-vest\/\"]}]},{\"@type\":\"ImageObject\",\"inLanguage\":\"es-ES\",\"@id\":\"https:\/\/www.miomiorun.com\/es\/producto\/nathan-vaporhowe-2-0-4-liter-mujer-race-vest\/#primaryimage\",\"url\":\"https:\/\/www.miomiorun.com\/app\/uploads\/2021\/06\/nathan-Vapor-Howe-2-4L-4737.jpg\",\"contentUrl\":\"https:\/\/www.miomiorun.com\/app\/uploads\/2021\/06\/nathan-Vapor-Howe-2-4L-4737.jpg\",\"width\":600,\"height\":600,\"caption\":\"nathan vaporhowe\"},{\"@type\":\"BreadcrumbList\",\"@id\":\"https:\/\/www.miomiorun.com\/es\/producto\/nathan-vaporhowe-2-0-4-liter-mujer-race-vest\/#breadcrumb\",\"itemListElement\":[{\"@type\":\"ListItem\",\"position\":1,\"name\":\"Home\",\"item\":\"https:\/\/www.miomiorun.com\/es\/\"},{\"@type\":\"ListItem\",\"position\":2,\"name\":\"Shop\",\"item\":\"https:\/\/www.miomiorun.com\/shop\/\"},{\"@type\":\"ListItem\",\"position\":3,\"name\":\"VaporHowe 2.0 4L\"}]},{\"@type\":\"WebSite\",\"@id\":\"https:\/\/www.miomiorun.com\/es\/#website\",\"url\":\"https:\/\/www.miomiorun.com\/es\/\",\"name\":\"MioMioRun\",\"description\":\"Tienda 100% running y trail\",\"publisher\":{\"@id\":\"https:\/\/www.miomiorun.com\/es\/#organization\"},\"potentialAction\":[{\"@type\":\"SearchAction\",\"target\":{\"@type\":\"EntryPoint\",\"urlTemplate\":\"https:\/\/www.miomiorun.com\/es\/?s={search_term_string}\"},\"query-input\":{\"@type\":\"PropertyValueSpecification\",\"valueRequired\":true,\"valueName\":\"search_term_string\"}}],\"inLanguage\":\"es-ES\"},{\"@type\":\"Organization\",\"@id\":\"https:\/\/www.miomiorun.com\/es\/#organization\",\"name\":\"MioMio Run\",\"url\":\"https:\/\/www.miomiorun.com\/es\/\",\"logo\":{\"@type\":\"ImageObject\",\"inLanguage\":\"es-ES\",\"@id\":\"https:\/\/www.miomiorun.com\/es\/#\/schema\/logo\/image\/\",\"url\":\"https:\/\/www.miomiorun.com\/app\/uploads\/2019\/12\/logomio.png\",\"contentUrl\":\"https:\/\/www.miomiorun.com\/app\/uploads\/2019\/12\/logomio.png\",\"width\":115,\"height\":82,\"caption\":\"MioMio Run\"},\"image\":{\"@id\":\"https:\/\/www.miomiorun.com\/es\/#\/schema\/logo\/image\/\"},\"sameAs\":[\"https:\/\/www.facebook.com\/miomiorun\/\",\"https:\/\/www.instagram.com\/miomiorun\/\"]}]}<\/script>\n<!-- \/ Yoast SEO plugin. -->","yoast_head_json":{"title":"Nathan VaporHowe 2.0 4L - mochila para correr- MioMioRun","description":"Chaleco ligero de competici\u00f3n con dise\u00f1o anat\u00f3mico, ajuste mejorado y bolsillos de probada eficacia. Visibilidad de 360 grados y silbato de seguridad.","robots":{"index":"index","follow":"follow","max-snippet":"max-snippet:-1","max-image-preview":"max-image-preview:large","max-video-preview":"max-video-preview:-1"},"canonical":"https:\/\/www.miomiorun.com\/es\/producto\/nathan-vaporhowe-2-0-4-liter-mujer-race-vest\/","og_locale":"es_ES","og_type":"article","og_title":"Nathan VaporHowe 2.0 4L - mochila para correr- MioMioRun","og_description":"Chaleco ligero de competici\u00f3n con dise\u00f1o anat\u00f3mico, ajuste mejorado y bolsillos de probada eficacia. Visibilidad de 360 grados y silbato de seguridad.","og_url":"https:\/\/www.miomiorun.com\/es\/producto\/nathan-vaporhowe-2-0-4-liter-mujer-race-vest\/","og_site_name":"MioMioRun","article_publisher":"https:\/\/www.facebook.com\/miomiorun\/","article_modified_time":"2026-04-30T10:06:17+00:00","og_image":[{"width":600,"height":600,"url":"https:\/\/www.miomiorun.com\/app\/uploads\/2021\/06\/nathan-Vapor-Howe-2-4L-4737.jpg","type":"image\/jpeg"}],"twitter_card":"summary_large_image","twitter_misc":{"Est. reading time":"1 minute"},"schema":{"@context":"https:\/\/schema.org","@graph":[{"@type":"WebPage","@id":"https:\/\/www.miomiorun.com\/es\/producto\/nathan-vaporhowe-2-0-4-liter-mujer-race-vest\/","url":"https:\/\/www.miomiorun.com\/es\/producto\/nathan-vaporhowe-2-0-4-liter-mujer-race-vest\/","name":"Nathan VaporHowe 2.0 4L - mochila para correr- MioMioRun","isPartOf":{"@id":"https:\/\/www.miomiorun.com\/es\/#website"},"primaryImageOfPage":{"@id":"https:\/\/www.miomiorun.com\/es\/producto\/nathan-vaporhowe-2-0-4-liter-mujer-race-vest\/#primaryimage"},"image":{"@id":"https:\/\/www.miomiorun.com\/es\/producto\/nathan-vaporhowe-2-0-4-liter-mujer-race-vest\/#primaryimage"},"thumbnailUrl":"https:\/\/www.miomiorun.com\/app\/uploads\/2021\/06\/nathan-Vapor-Howe-2-4L-4737.jpg","datePublished":"2021-06-25T13:38:09+00:00","dateModified":"2026-04-30T10:06:17+00:00","description":"Chaleco ligero de competici\u00f3n con dise\u00f1o anat\u00f3mico, ajuste mejorado y bolsillos de probada eficacia. Visibilidad de 360 grados y silbato de seguridad.","breadcrumb":{"@id":"https:\/\/www.miomiorun.com\/es\/producto\/nathan-vaporhowe-2-0-4-liter-mujer-race-vest\/#breadcrumb"},"inLanguage":"es-ES","potentialAction":[{"@type":"ReadAction","target":["https:\/\/www.miomiorun.com\/es\/producto\/nathan-vaporhowe-2-0-4-liter-mujer-race-vest\/"]}]},{"@type":"ImageObject","inLanguage":"es-ES","@id":"https:\/\/www.miomiorun.com\/es\/producto\/nathan-vaporhowe-2-0-4-liter-mujer-race-vest\/#primaryimage","url":"https:\/\/www.miomiorun.com\/app\/uploads\/2021\/06\/nathan-Vapor-Howe-2-4L-4737.jpg","contentUrl":"https:\/\/www.miomiorun.com\/app\/uploads\/2021\/06\/nathan-Vapor-Howe-2-4L-4737.jpg","width":600,"height":600,"caption":"nathan vaporhowe"},{"@type":"BreadcrumbList","@id":"https:\/\/www.miomiorun.com\/es\/producto\/nathan-vaporhowe-2-0-4-liter-mujer-race-vest\/#breadcrumb","itemListElement":[{"@type":"ListItem","position":1,"name":"Home","item":"https:\/\/www.miomiorun.com\/es\/"},{"@type":"ListItem","position":2,"name":"Shop","item":"https:\/\/www.miomiorun.com\/shop\/"},{"@type":"ListItem","position":3,"name":"VaporHowe 2.0 4L"}]},{"@type":"WebSite","@id":"https:\/\/www.miomiorun.com\/es\/#website","url":"https:\/\/www.miomiorun.com\/es\/","name":"MioMioRun","description":"Tienda 100% running y trail","publisher":{"@id":"https:\/\/www.miomiorun.com\/es\/#organization"},"potentialAction":[{"@type":"SearchAction","target":{"@type":"EntryPoint","urlTemplate":"https:\/\/www.miomiorun.com\/es\/?s={search_term_string}"},"query-input":{"@type":"PropertyValueSpecification","valueRequired":true,"valueName":"search_term_string"}}],"inLanguage":"es-ES"},{"@type":"Organization","@id":"https:\/\/www.miomiorun.com\/es\/#organization","name":"MioMio Run","url":"https:\/\/www.miomiorun.com\/es\/","logo":{"@type":"ImageObject","inLanguage":"es-ES","@id":"https:\/\/www.miomiorun.com\/es\/#\/schema\/logo\/image\/","url":"https:\/\/www.miomiorun.com\/app\/uploads\/2019\/12\/logomio.png","contentUrl":"https:\/\/www.miomiorun.com\/app\/uploads\/2019\/12\/logomio.png","width":115,"height":82,"caption":"MioMio Run"},"image":{"@id":"https:\/\/www.miomiorun.com\/es\/#\/schema\/logo\/image\/"},"sameAs":["https:\/\/www.facebook.com\/miomiorun\/","https:\/\/www.instagram.com\/miomiorun\/"]}]}},"_links":{"self":[{"href":"https:\/\/www.miomiorun.com\/es\/wp-json\/wp\/v2\/product\/278059","targetHints":{"allow":["GET"]}}],"collection":[{"href":"https:\/\/www.miomiorun.com\/es\/wp-json\/wp\/v2\/product"}],"about":[{"href":"https:\/\/www.miomiorun.com\/es\/wp-json\/wp\/v2\/types\/product"}],"wp:featuredmedia":[{"embeddable":true,"href":"https:\/\/www.miomiorun.com\/es\/wp-json\/wp\/v2\/media\/232564"}],"wp:attachment":[{"href":"https:\/\/www.miomiorun.com\/es\/wp-json\/wp\/v2\/media?parent=278059"}],"wp:term":[{"taxonomy":"product_brand","embeddable":true,"href":"https:\/\/www.miomiorun.com\/es\/wp-json\/wp\/v2\/product_brand?post=278059"},{"taxonomy":"product_cat","embeddable":true,"href":"https:\/\/www.miomiorun.com\/es\/wp-json\/wp\/v2\/product_cat?post=278059"},{"taxonomy":"product_tag","embeddable":true,"href":"https:\/\/www.miomiorun.com\/es\/wp-json\/wp\/v2\/product_tag?post=278059"}],"curies":[{"name":"wp","href":"https:\/\/api.w.org\/{rel}","templated":true}]}}