{"id":278030,"date":"2021-06-29T17:57:17","date_gmt":"2021-06-29T15:57:17","guid":{"rendered":"https:\/\/miomiorun.com\/prodotto\/nathan-bandolier-safety\/"},"modified":"2026-04-30T12:08:48","modified_gmt":"2026-04-30T10:08:48","slug":"nathan-bandolier-safety","status":"publish","type":"product","link":"https:\/\/www.miomiorun.com\/es\/producto\/nathan-bandolier-safety\/","title":{"rendered":"Bandolier Safety"},"content":{"rendered":"<p id=\"tw-target-text\" class=\"tw-data-text tw-text-large XcVN5d tw-ta\" dir=\"ltr\" data-placeholder=\"Traduzione\"><span class=\"Y2IQFc\" lang=\"it\"><strong>Bandolier Safety<\/strong> es un pr\u00e1ctico chaleco con paneles retrorreflectantes que devuelven la luz directamente a la fuente para una mayor visibilidad.<\/span><\/p>\n<p id=\"tw-target-text\" class=\"tw-data-text tw-text-large XcVN5d tw-ta\" dir=\"ltr\" data-placeholder=\"Traduzione\"><span class=\"Y2IQFc\" lang=\"it\">Su dise\u00f1o fino y minimalista permite realizar una amplia gama de movimientos sin interrumpir la oscilaci\u00f3n del brazo.<\/span><\/p>\n<p id=\"tw-target-text\" class=\"tw-data-text tw-text-large XcVN5d tw-ta\" dir=\"ltr\" data-placeholder=\"Traduzione\"><span class=\"Y2IQFc\" lang=\"it\">Equipado con un bolsillo con cremallera para guardar objetos peque\u00f1os, como llaves, dinero en efectivo y documentos de identidad, y\u00a0<\/span><span class=\"Y2IQFc\" lang=\"it\">puntos de fijaci\u00f3n para LED (no incluidos).<\/span><\/p>\n<p id=\"tw-target-text\" class=\"tw-data-text tw-text-large XcVN5d tw-ta\" dir=\"ltr\" data-placeholder=\"Traduzione\"><span class=\"Y2IQFc\" lang=\"it\">El ajuste es regulable para poder llevarlo sobre varias capas de ropa.<\/span><\/p>\n<p>&nbsp;<\/p>\n","protected":false},"excerpt":{"rendered":"<p>Bandolier Safety es un pr\u00e1ctico chaleco con paneles retrorreflectantes que devuelven la luz directamente a la fuente para una mayor visibilidad. Su dise\u00f1o fino y minimalista permite realizar una amplia gama de movimientos sin interrumpir la oscilaci\u00f3n del brazo. Equipado con un bolsillo con cremallera para guardar objetos peque\u00f1os, como llaves, dinero en efectivo y &hellip; <a href=\"https:\/\/www.miomiorun.com\/es\/producto\/nathan-bandolier-safety\/\">Continued<\/a><\/p>\n","protected":false},"featured_media":232662,"template":"","meta":{"_acf_changed":false,"inline_featured_image":false},"product_brand":[],"product_cat":[24205,24419],"product_tag":[23510,23591,23635],"class_list":{"0":"post-278030","1":"product","2":"type-product","3":"status-publish","4":"has-post-thumbnail","6":"product_cat-accesorios","7":"product_cat-varios","8":"product_tag-nathan-es","9":"product_tag-nathan-hombre","10":"product_tag-nathan-mujer","11":"pa_attivita-caminar","12":"pa_attivita-running-es","13":"pa_colore-bandolier-safety-pink-es","14":"pa_colore-bandolier-safety-yellow-es","15":"pa_marca-nathan-es","16":"pa_sesso-hombre","17":"pa_sesso-mujer","19":"first","20":"instock","21":"sale","22":"taxable","23":"shipping-taxable","24":"purchasable","25":"product-type-variable","26":"wvs-archive-product-wrapper"},"acf":[],"yoast_head":"<!-- This site is optimized with the Yoast SEO plugin v26.8 - https:\/\/yoast.com\/product\/yoast-seo-wordpress\/ -->\n<title>Nathan Bandolier Safety - chaleco reflectante para correr MioMioRun .com<\/title>\n<meta name=\"description\" content=\"Bandolier Safety es un pr\u00e1ctico chaleco con paneles retrorreflectantes que devuelven la luz directamente a la fuente para una mayor visibilidad.\" \/>\n<meta name=\"robots\" content=\"index, follow, max-snippet:-1, max-image-preview:large, max-video-preview:-1\" \/>\n<link rel=\"canonical\" href=\"https:\/\/www.miomiorun.com\/es\/producto\/nathan-bandolier-safety\/\" \/>\n<meta property=\"og:locale\" content=\"es_ES\" \/>\n<meta property=\"og:type\" content=\"article\" \/>\n<meta property=\"og:title\" content=\"Nathan Bandolier Safety - chaleco reflectante para correr MioMioRun .com\" \/>\n<meta property=\"og:description\" content=\"Bandolier Safety es un pr\u00e1ctico chaleco con paneles retrorreflectantes que devuelven la luz directamente a la fuente para una mayor visibilidad.\" \/>\n<meta property=\"og:url\" content=\"https:\/\/www.miomiorun.com\/es\/producto\/nathan-bandolier-safety\/\" \/>\n<meta property=\"og:site_name\" content=\"MioMioRun\" \/>\n<meta property=\"article:publisher\" content=\"https:\/\/www.facebook.com\/miomiorun\/\" \/>\n<meta property=\"article:modified_time\" content=\"2026-04-30T10:08:48+00:00\" \/>\n<meta property=\"og:image\" content=\"https:\/\/www.miomiorun.com\/app\/uploads\/2021\/07\/nathan-Bandolier-Safety-2044YW.jpg\" \/>\n\t<meta property=\"og:image:width\" content=\"600\" \/>\n\t<meta property=\"og:image:height\" content=\"600\" \/>\n\t<meta property=\"og:image:type\" content=\"image\/jpeg\" \/>\n<meta name=\"twitter:card\" content=\"summary_large_image\" \/>\n<script type=\"application\/ld+json\" class=\"yoast-schema-graph\">{\"@context\":\"https:\/\/schema.org\",\"@graph\":[{\"@type\":\"WebPage\",\"@id\":\"https:\/\/www.miomiorun.com\/es\/producto\/nathan-bandolier-safety\/\",\"url\":\"https:\/\/www.miomiorun.com\/es\/producto\/nathan-bandolier-safety\/\",\"name\":\"Nathan Bandolier Safety - chaleco reflectante para correr MioMioRun .com\",\"isPartOf\":{\"@id\":\"https:\/\/www.miomiorun.com\/es\/#website\"},\"primaryImageOfPage\":{\"@id\":\"https:\/\/www.miomiorun.com\/es\/producto\/nathan-bandolier-safety\/#primaryimage\"},\"image\":{\"@id\":\"https:\/\/www.miomiorun.com\/es\/producto\/nathan-bandolier-safety\/#primaryimage\"},\"thumbnailUrl\":\"https:\/\/www.miomiorun.com\/app\/uploads\/2021\/07\/nathan-Bandolier-Safety-2044YW.jpg\",\"datePublished\":\"2021-06-29T15:57:17+00:00\",\"dateModified\":\"2026-04-30T10:08:48+00:00\",\"description\":\"Bandolier Safety es un pr\u00e1ctico chaleco con paneles retrorreflectantes que devuelven la luz directamente a la fuente para una mayor visibilidad.\",\"breadcrumb\":{\"@id\":\"https:\/\/www.miomiorun.com\/es\/producto\/nathan-bandolier-safety\/#breadcrumb\"},\"inLanguage\":\"es-ES\",\"potentialAction\":[{\"@type\":\"ReadAction\",\"target\":[\"https:\/\/www.miomiorun.com\/es\/producto\/nathan-bandolier-safety\/\"]}]},{\"@type\":\"ImageObject\",\"inLanguage\":\"es-ES\",\"@id\":\"https:\/\/www.miomiorun.com\/es\/producto\/nathan-bandolier-safety\/#primaryimage\",\"url\":\"https:\/\/www.miomiorun.com\/app\/uploads\/2021\/07\/nathan-Bandolier-Safety-2044YW.jpg\",\"contentUrl\":\"https:\/\/www.miomiorun.com\/app\/uploads\/2021\/07\/nathan-Bandolier-Safety-2044YW.jpg\",\"width\":600,\"height\":600,\"caption\":\"nathan-Bandolier-Safety-2044YW\"},{\"@type\":\"BreadcrumbList\",\"@id\":\"https:\/\/www.miomiorun.com\/es\/producto\/nathan-bandolier-safety\/#breadcrumb\",\"itemListElement\":[{\"@type\":\"ListItem\",\"position\":1,\"name\":\"Home\",\"item\":\"https:\/\/www.miomiorun.com\/es\/\"},{\"@type\":\"ListItem\",\"position\":2,\"name\":\"Shop\",\"item\":\"https:\/\/www.miomiorun.com\/shop\/\"},{\"@type\":\"ListItem\",\"position\":3,\"name\":\"Bandolier Safety\"}]},{\"@type\":\"WebSite\",\"@id\":\"https:\/\/www.miomiorun.com\/es\/#website\",\"url\":\"https:\/\/www.miomiorun.com\/es\/\",\"name\":\"MioMioRun\",\"description\":\"Tienda 100% running y trail\",\"publisher\":{\"@id\":\"https:\/\/www.miomiorun.com\/es\/#organization\"},\"potentialAction\":[{\"@type\":\"SearchAction\",\"target\":{\"@type\":\"EntryPoint\",\"urlTemplate\":\"https:\/\/www.miomiorun.com\/es\/?s={search_term_string}\"},\"query-input\":{\"@type\":\"PropertyValueSpecification\",\"valueRequired\":true,\"valueName\":\"search_term_string\"}}],\"inLanguage\":\"es-ES\"},{\"@type\":\"Organization\",\"@id\":\"https:\/\/www.miomiorun.com\/es\/#organization\",\"name\":\"MioMio Run\",\"url\":\"https:\/\/www.miomiorun.com\/es\/\",\"logo\":{\"@type\":\"ImageObject\",\"inLanguage\":\"es-ES\",\"@id\":\"https:\/\/www.miomiorun.com\/es\/#\/schema\/logo\/image\/\",\"url\":\"https:\/\/www.miomiorun.com\/app\/uploads\/2019\/12\/logomio.png\",\"contentUrl\":\"https:\/\/www.miomiorun.com\/app\/uploads\/2019\/12\/logomio.png\",\"width\":115,\"height\":82,\"caption\":\"MioMio Run\"},\"image\":{\"@id\":\"https:\/\/www.miomiorun.com\/es\/#\/schema\/logo\/image\/\"},\"sameAs\":[\"https:\/\/www.facebook.com\/miomiorun\/\",\"https:\/\/www.instagram.com\/miomiorun\/\"]}]}<\/script>\n<!-- \/ Yoast SEO plugin. -->","yoast_head_json":{"title":"Nathan Bandolier Safety - chaleco reflectante para correr MioMioRun .com","description":"Bandolier Safety es un pr\u00e1ctico chaleco con paneles retrorreflectantes que devuelven la luz directamente a la fuente para una mayor visibilidad.","robots":{"index":"index","follow":"follow","max-snippet":"max-snippet:-1","max-image-preview":"max-image-preview:large","max-video-preview":"max-video-preview:-1"},"canonical":"https:\/\/www.miomiorun.com\/es\/producto\/nathan-bandolier-safety\/","og_locale":"es_ES","og_type":"article","og_title":"Nathan Bandolier Safety - chaleco reflectante para correr MioMioRun .com","og_description":"Bandolier Safety es un pr\u00e1ctico chaleco con paneles retrorreflectantes que devuelven la luz directamente a la fuente para una mayor visibilidad.","og_url":"https:\/\/www.miomiorun.com\/es\/producto\/nathan-bandolier-safety\/","og_site_name":"MioMioRun","article_publisher":"https:\/\/www.facebook.com\/miomiorun\/","article_modified_time":"2026-04-30T10:08:48+00:00","og_image":[{"width":600,"height":600,"url":"https:\/\/www.miomiorun.com\/app\/uploads\/2021\/07\/nathan-Bandolier-Safety-2044YW.jpg","type":"image\/jpeg"}],"twitter_card":"summary_large_image","schema":{"@context":"https:\/\/schema.org","@graph":[{"@type":"WebPage","@id":"https:\/\/www.miomiorun.com\/es\/producto\/nathan-bandolier-safety\/","url":"https:\/\/www.miomiorun.com\/es\/producto\/nathan-bandolier-safety\/","name":"Nathan Bandolier Safety - chaleco reflectante para correr MioMioRun .com","isPartOf":{"@id":"https:\/\/www.miomiorun.com\/es\/#website"},"primaryImageOfPage":{"@id":"https:\/\/www.miomiorun.com\/es\/producto\/nathan-bandolier-safety\/#primaryimage"},"image":{"@id":"https:\/\/www.miomiorun.com\/es\/producto\/nathan-bandolier-safety\/#primaryimage"},"thumbnailUrl":"https:\/\/www.miomiorun.com\/app\/uploads\/2021\/07\/nathan-Bandolier-Safety-2044YW.jpg","datePublished":"2021-06-29T15:57:17+00:00","dateModified":"2026-04-30T10:08:48+00:00","description":"Bandolier Safety es un pr\u00e1ctico chaleco con paneles retrorreflectantes que devuelven la luz directamente a la fuente para una mayor visibilidad.","breadcrumb":{"@id":"https:\/\/www.miomiorun.com\/es\/producto\/nathan-bandolier-safety\/#breadcrumb"},"inLanguage":"es-ES","potentialAction":[{"@type":"ReadAction","target":["https:\/\/www.miomiorun.com\/es\/producto\/nathan-bandolier-safety\/"]}]},{"@type":"ImageObject","inLanguage":"es-ES","@id":"https:\/\/www.miomiorun.com\/es\/producto\/nathan-bandolier-safety\/#primaryimage","url":"https:\/\/www.miomiorun.com\/app\/uploads\/2021\/07\/nathan-Bandolier-Safety-2044YW.jpg","contentUrl":"https:\/\/www.miomiorun.com\/app\/uploads\/2021\/07\/nathan-Bandolier-Safety-2044YW.jpg","width":600,"height":600,"caption":"nathan-Bandolier-Safety-2044YW"},{"@type":"BreadcrumbList","@id":"https:\/\/www.miomiorun.com\/es\/producto\/nathan-bandolier-safety\/#breadcrumb","itemListElement":[{"@type":"ListItem","position":1,"name":"Home","item":"https:\/\/www.miomiorun.com\/es\/"},{"@type":"ListItem","position":2,"name":"Shop","item":"https:\/\/www.miomiorun.com\/shop\/"},{"@type":"ListItem","position":3,"name":"Bandolier Safety"}]},{"@type":"WebSite","@id":"https:\/\/www.miomiorun.com\/es\/#website","url":"https:\/\/www.miomiorun.com\/es\/","name":"MioMioRun","description":"Tienda 100% running y trail","publisher":{"@id":"https:\/\/www.miomiorun.com\/es\/#organization"},"potentialAction":[{"@type":"SearchAction","target":{"@type":"EntryPoint","urlTemplate":"https:\/\/www.miomiorun.com\/es\/?s={search_term_string}"},"query-input":{"@type":"PropertyValueSpecification","valueRequired":true,"valueName":"search_term_string"}}],"inLanguage":"es-ES"},{"@type":"Organization","@id":"https:\/\/www.miomiorun.com\/es\/#organization","name":"MioMio Run","url":"https:\/\/www.miomiorun.com\/es\/","logo":{"@type":"ImageObject","inLanguage":"es-ES","@id":"https:\/\/www.miomiorun.com\/es\/#\/schema\/logo\/image\/","url":"https:\/\/www.miomiorun.com\/app\/uploads\/2019\/12\/logomio.png","contentUrl":"https:\/\/www.miomiorun.com\/app\/uploads\/2019\/12\/logomio.png","width":115,"height":82,"caption":"MioMio Run"},"image":{"@id":"https:\/\/www.miomiorun.com\/es\/#\/schema\/logo\/image\/"},"sameAs":["https:\/\/www.facebook.com\/miomiorun\/","https:\/\/www.instagram.com\/miomiorun\/"]}]}},"_links":{"self":[{"href":"https:\/\/www.miomiorun.com\/es\/wp-json\/wp\/v2\/product\/278030","targetHints":{"allow":["GET"]}}],"collection":[{"href":"https:\/\/www.miomiorun.com\/es\/wp-json\/wp\/v2\/product"}],"about":[{"href":"https:\/\/www.miomiorun.com\/es\/wp-json\/wp\/v2\/types\/product"}],"wp:featuredmedia":[{"embeddable":true,"href":"https:\/\/www.miomiorun.com\/es\/wp-json\/wp\/v2\/media\/232662"}],"wp:attachment":[{"href":"https:\/\/www.miomiorun.com\/es\/wp-json\/wp\/v2\/media?parent=278030"}],"wp:term":[{"taxonomy":"product_brand","embeddable":true,"href":"https:\/\/www.miomiorun.com\/es\/wp-json\/wp\/v2\/product_brand?post=278030"},{"taxonomy":"product_cat","embeddable":true,"href":"https:\/\/www.miomiorun.com\/es\/wp-json\/wp\/v2\/product_cat?post=278030"},{"taxonomy":"product_tag","embeddable":true,"href":"https:\/\/www.miomiorun.com\/es\/wp-json\/wp\/v2\/product_tag?post=278030"}],"curies":[{"name":"wp","href":"https:\/\/api.w.org\/{rel}","templated":true}]}}