{"id":277915,"date":"2021-07-22T11:44:58","date_gmt":"2021-07-22T09:44:58","guid":{"rendered":"https:\/\/miomiorun.com\/prodotto\/newline-imotion-printed-knee-tights-donna\/"},"modified":"2026-04-30T12:15:27","modified_gmt":"2026-04-30T10:15:27","slug":"newline-imotion-printed-knee-tights-mujer","status":"publish","type":"product","link":"https:\/\/www.miomiorun.com\/es\/producto\/newline-imotion-printed-knee-tights-mujer\/","title":{"rendered":"Imotion Printed Knee Tights mujer"},"content":{"rendered":"<div id=\"tw-target-text-container\" class=\"tw-ta-container F0azHf tw-nfl\">\n<p id=\"tw-target-text\" class=\"tw-data-text tw-text-large XcVN5d tw-ta\" dir=\"ltr\" data-placeholder=\"Traduzione\"><span class=\"Y2IQFc\" lang=\"it\"><strong>Las mallas hasta la rodilla Imotion Printed Knee Tights <\/strong>para mujer son unas mallas transpirables hasta la rodilla confeccionadas con un dise\u00f1o gr\u00e1fico estampado mediante sublimaci\u00f3n. <\/span><\/p>\n<p class=\"tw-data-text tw-text-large XcVN5d tw-ta\" dir=\"ltr\" data-placeholder=\"Traduzione\"><span class=\"Y2IQFc\" lang=\"it\">Garantizan una buena gesti\u00f3n de la humedad y est\u00e1n confeccionadas con un tejido el\u00e1stico y suave. Cuentan con costuras planas para aumentar la comodidad de las mallas y evitar cualquier tipo de irritaci\u00f3n por roce, mientras que la cintura el\u00e1stica y el bolsillo trasero aportan una funcionalidad adicional.<\/span><\/p>\n<h3 dir=\"ltr\" data-placeholder=\"Traduzione\">Caracter\u00edsticas<\/h3>\n<ul>\n<li id=\"tw-target-text\" class=\"tw-data-text tw-text-large XcVN5d tw-ta\" dir=\"ltr\" data-placeholder=\"Traduzione\"><span class=\"Y2IQFc\" lang=\"it\">Dise\u00f1o impreso mediante sublimaci\u00f3n.<\/span><\/li>\n<li class=\"tw-data-text tw-text-large XcVN5d tw-ta\" dir=\"ltr\" data-placeholder=\"Traduzione\"><span class=\"Y2IQFc\" lang=\"it\">Control de la humedad.<\/span><\/li>\n<li class=\"tw-data-text tw-text-large XcVN5d tw-ta\" dir=\"ltr\" data-placeholder=\"Traduzione\"><span class=\"Y2IQFc\" lang=\"it\">Tejido el\u00e1stico y suave.<\/span><\/li>\n<li class=\"tw-data-text tw-text-large XcVN5d tw-ta\" dir=\"ltr\" data-placeholder=\"Traduzione\"><span class=\"Y2IQFc\" lang=\"it\">Confecci\u00f3n con costuras planas.<\/span><\/li>\n<li class=\"tw-data-text tw-text-large XcVN5d tw-ta\" dir=\"ltr\" data-placeholder=\"Traduzione\"><span class=\"Y2IQFc\" lang=\"it\">Cintur\u00f3n el\u00e1stico con logotipo.<\/span><\/li>\n<li class=\"tw-data-text tw-text-large XcVN5d tw-ta\" dir=\"ltr\" data-placeholder=\"Traduzione\"><span class=\"Y2IQFc\" lang=\"it\">Bolsillo trasero<\/span><\/li>\n<li dir=\"ltr\" data-placeholder=\"Traduzione\"><span class=\"Y2IQFc\" lang=\"it\">Tejido: 90 % poli\u00e9ster \/ 10 % elastano<\/span><\/li>\n<\/ul>\n<\/div>\n<div id=\"tw-target-rmn-container\" class=\"tw-target-rmn tw-ta-container F0azHf tw-nfl\">\n<pre id=\"tw-target-rmn\" class=\"tw-data-placeholder tw-text-small tw-ta\" dir=\"ltr\" data-placeholder=\"\">\r\n\r\n<\/pre>\n<\/div>\n","protected":false},"excerpt":{"rendered":"<p>Las mallas hasta la rodilla Imotion Printed Knee Tights para mujer son unas mallas transpirables hasta la rodilla confeccionadas con un dise\u00f1o gr\u00e1fico estampado mediante sublimaci\u00f3n. Garantizan una buena gesti\u00f3n de la humedad y est\u00e1n confeccionadas con un tejido el\u00e1stico y suave. Cuentan con costuras planas para aumentar la comodidad de las mallas y evitar &hellip; <a href=\"https:\/\/www.miomiorun.com\/es\/producto\/newline-imotion-printed-knee-tights-mujer\/\">Continued<\/a><\/p>\n","protected":false},"featured_media":232730,"template":"","meta":{"_acf_changed":false,"inline_featured_image":false},"product_brand":[],"product_cat":[24423,24420,24244],"product_tag":[23509,23636],"class_list":{"0":"post-277915","1":"product","2":"type-product","3":"status-publish","4":"has-post-thumbnail","6":"product_cat-pantalones-cortos-es","7":"product_cat-ropa-de-mujer-es","8":"product_cat-ofertas-para-mujeres","9":"product_tag-newline-es","10":"product_tag-newline-mujer","11":"pa_attivita-caminar","12":"pa_attivita-fitness-es","13":"pa_attivita-running-es","14":"pa_marca-newline-es","15":"pa_sesso-mujer","16":"pa_size-extra-small-es","18":"first","19":"instock","20":"sale","21":"taxable","22":"shipping-taxable","23":"purchasable","24":"product-type-variable","25":"wvs-archive-product-wrapper"},"acf":[],"yoast_head":"<!-- This site is optimized with the Yoast SEO plugin v26.8 - https:\/\/yoast.com\/product\/yoast-seo-wordpress\/ -->\n<title>Newline Imotion Printed Knee Tights mujer - Pantalones largos - MioMioRun<\/title>\n<meta name=\"description\" content=\"Las mallas hasta la rodilla Imotion Printed Knee Tights para mujer son unas mallas transpirables con un dise\u00f1o gr\u00e1fico estampado mediante sublimaci\u00f3n\" \/>\n<meta name=\"robots\" content=\"index, follow, max-snippet:-1, max-image-preview:large, max-video-preview:-1\" \/>\n<link rel=\"canonical\" href=\"https:\/\/www.miomiorun.com\/es\/producto\/newline-imotion-printed-knee-tights-mujer\/\" \/>\n<meta property=\"og:locale\" content=\"es_ES\" \/>\n<meta property=\"og:type\" content=\"article\" \/>\n<meta property=\"og:title\" content=\"Newline Imotion Printed Knee Tights mujer - Pantalones largos - MioMioRun\" \/>\n<meta property=\"og:description\" content=\"Las mallas hasta la rodilla Imotion Printed Knee Tights para mujer son unas mallas transpirables con un dise\u00f1o gr\u00e1fico estampado mediante sublimaci\u00f3n\" \/>\n<meta property=\"og:url\" content=\"https:\/\/www.miomiorun.com\/es\/producto\/newline-imotion-printed-knee-tights-mujer\/\" \/>\n<meta property=\"og:site_name\" content=\"MioMioRun\" \/>\n<meta property=\"article:publisher\" content=\"https:\/\/www.facebook.com\/miomiorun\/\" \/>\n<meta property=\"article:modified_time\" content=\"2026-04-30T10:15:27+00:00\" \/>\n<meta property=\"og:image\" content=\"https:\/\/www.miomiorun.com\/app\/uploads\/2021\/07\/newline-1-Imotion-printed-knee-tights-70283-435.jpg\" \/>\n\t<meta property=\"og:image:width\" content=\"600\" \/>\n\t<meta property=\"og:image:height\" content=\"600\" \/>\n\t<meta property=\"og:image:type\" content=\"image\/jpeg\" \/>\n<meta name=\"twitter:card\" content=\"summary_large_image\" \/>\n<meta name=\"twitter:label1\" content=\"Est. reading time\" \/>\n\t<meta name=\"twitter:data1\" content=\"1 minute\" \/>\n<script type=\"application\/ld+json\" class=\"yoast-schema-graph\">{\"@context\":\"https:\/\/schema.org\",\"@graph\":[{\"@type\":\"WebPage\",\"@id\":\"https:\/\/www.miomiorun.com\/es\/producto\/newline-imotion-printed-knee-tights-mujer\/\",\"url\":\"https:\/\/www.miomiorun.com\/es\/producto\/newline-imotion-printed-knee-tights-mujer\/\",\"name\":\"Newline Imotion Printed Knee Tights mujer - Pantalones largos - MioMioRun\",\"isPartOf\":{\"@id\":\"https:\/\/www.miomiorun.com\/es\/#website\"},\"primaryImageOfPage\":{\"@id\":\"https:\/\/www.miomiorun.com\/es\/producto\/newline-imotion-printed-knee-tights-mujer\/#primaryimage\"},\"image\":{\"@id\":\"https:\/\/www.miomiorun.com\/es\/producto\/newline-imotion-printed-knee-tights-mujer\/#primaryimage\"},\"thumbnailUrl\":\"https:\/\/www.miomiorun.com\/app\/uploads\/2021\/07\/newline-1-Imotion-printed-knee-tights-70283-435.jpg\",\"datePublished\":\"2021-07-22T09:44:58+00:00\",\"dateModified\":\"2026-04-30T10:15:27+00:00\",\"description\":\"Las mallas hasta la rodilla Imotion Printed Knee Tights para mujer son unas mallas transpirables con un dise\u00f1o gr\u00e1fico estampado mediante sublimaci\u00f3n\",\"breadcrumb\":{\"@id\":\"https:\/\/www.miomiorun.com\/es\/producto\/newline-imotion-printed-knee-tights-mujer\/#breadcrumb\"},\"inLanguage\":\"es-ES\",\"potentialAction\":[{\"@type\":\"ReadAction\",\"target\":[\"https:\/\/www.miomiorun.com\/es\/producto\/newline-imotion-printed-knee-tights-mujer\/\"]}]},{\"@type\":\"ImageObject\",\"inLanguage\":\"es-ES\",\"@id\":\"https:\/\/www.miomiorun.com\/es\/producto\/newline-imotion-printed-knee-tights-mujer\/#primaryimage\",\"url\":\"https:\/\/www.miomiorun.com\/app\/uploads\/2021\/07\/newline-1-Imotion-printed-knee-tights-70283-435.jpg\",\"contentUrl\":\"https:\/\/www.miomiorun.com\/app\/uploads\/2021\/07\/newline-1-Imotion-printed-knee-tights-70283-435.jpg\",\"width\":600,\"height\":600,\"caption\":\"newline imotion printed knee tights\"},{\"@type\":\"BreadcrumbList\",\"@id\":\"https:\/\/www.miomiorun.com\/es\/producto\/newline-imotion-printed-knee-tights-mujer\/#breadcrumb\",\"itemListElement\":[{\"@type\":\"ListItem\",\"position\":1,\"name\":\"Home\",\"item\":\"https:\/\/www.miomiorun.com\/es\/\"},{\"@type\":\"ListItem\",\"position\":2,\"name\":\"Shop\",\"item\":\"https:\/\/www.miomiorun.com\/shop\/\"},{\"@type\":\"ListItem\",\"position\":3,\"name\":\"Imotion Printed Knee Tights mujer\"}]},{\"@type\":\"WebSite\",\"@id\":\"https:\/\/www.miomiorun.com\/es\/#website\",\"url\":\"https:\/\/www.miomiorun.com\/es\/\",\"name\":\"MioMioRun\",\"description\":\"Tienda 100% running y trail\",\"publisher\":{\"@id\":\"https:\/\/www.miomiorun.com\/es\/#organization\"},\"potentialAction\":[{\"@type\":\"SearchAction\",\"target\":{\"@type\":\"EntryPoint\",\"urlTemplate\":\"https:\/\/www.miomiorun.com\/es\/?s={search_term_string}\"},\"query-input\":{\"@type\":\"PropertyValueSpecification\",\"valueRequired\":true,\"valueName\":\"search_term_string\"}}],\"inLanguage\":\"es-ES\"},{\"@type\":\"Organization\",\"@id\":\"https:\/\/www.miomiorun.com\/es\/#organization\",\"name\":\"MioMio Run\",\"url\":\"https:\/\/www.miomiorun.com\/es\/\",\"logo\":{\"@type\":\"ImageObject\",\"inLanguage\":\"es-ES\",\"@id\":\"https:\/\/www.miomiorun.com\/es\/#\/schema\/logo\/image\/\",\"url\":\"https:\/\/www.miomiorun.com\/app\/uploads\/2019\/12\/logomio.png\",\"contentUrl\":\"https:\/\/www.miomiorun.com\/app\/uploads\/2019\/12\/logomio.png\",\"width\":115,\"height\":82,\"caption\":\"MioMio Run\"},\"image\":{\"@id\":\"https:\/\/www.miomiorun.com\/es\/#\/schema\/logo\/image\/\"},\"sameAs\":[\"https:\/\/www.facebook.com\/miomiorun\/\",\"https:\/\/www.instagram.com\/miomiorun\/\"]}]}<\/script>\n<!-- \/ Yoast SEO plugin. -->","yoast_head_json":{"title":"Newline Imotion Printed Knee Tights mujer - Pantalones largos - MioMioRun","description":"Las mallas hasta la rodilla Imotion Printed Knee Tights para mujer son unas mallas transpirables con un dise\u00f1o gr\u00e1fico estampado mediante sublimaci\u00f3n","robots":{"index":"index","follow":"follow","max-snippet":"max-snippet:-1","max-image-preview":"max-image-preview:large","max-video-preview":"max-video-preview:-1"},"canonical":"https:\/\/www.miomiorun.com\/es\/producto\/newline-imotion-printed-knee-tights-mujer\/","og_locale":"es_ES","og_type":"article","og_title":"Newline Imotion Printed Knee Tights mujer - Pantalones largos - MioMioRun","og_description":"Las mallas hasta la rodilla Imotion Printed Knee Tights para mujer son unas mallas transpirables con un dise\u00f1o gr\u00e1fico estampado mediante sublimaci\u00f3n","og_url":"https:\/\/www.miomiorun.com\/es\/producto\/newline-imotion-printed-knee-tights-mujer\/","og_site_name":"MioMioRun","article_publisher":"https:\/\/www.facebook.com\/miomiorun\/","article_modified_time":"2026-04-30T10:15:27+00:00","og_image":[{"width":600,"height":600,"url":"https:\/\/www.miomiorun.com\/app\/uploads\/2021\/07\/newline-1-Imotion-printed-knee-tights-70283-435.jpg","type":"image\/jpeg"}],"twitter_card":"summary_large_image","twitter_misc":{"Est. reading time":"1 minute"},"schema":{"@context":"https:\/\/schema.org","@graph":[{"@type":"WebPage","@id":"https:\/\/www.miomiorun.com\/es\/producto\/newline-imotion-printed-knee-tights-mujer\/","url":"https:\/\/www.miomiorun.com\/es\/producto\/newline-imotion-printed-knee-tights-mujer\/","name":"Newline Imotion Printed Knee Tights mujer - Pantalones largos - MioMioRun","isPartOf":{"@id":"https:\/\/www.miomiorun.com\/es\/#website"},"primaryImageOfPage":{"@id":"https:\/\/www.miomiorun.com\/es\/producto\/newline-imotion-printed-knee-tights-mujer\/#primaryimage"},"image":{"@id":"https:\/\/www.miomiorun.com\/es\/producto\/newline-imotion-printed-knee-tights-mujer\/#primaryimage"},"thumbnailUrl":"https:\/\/www.miomiorun.com\/app\/uploads\/2021\/07\/newline-1-Imotion-printed-knee-tights-70283-435.jpg","datePublished":"2021-07-22T09:44:58+00:00","dateModified":"2026-04-30T10:15:27+00:00","description":"Las mallas hasta la rodilla Imotion Printed Knee Tights para mujer son unas mallas transpirables con un dise\u00f1o gr\u00e1fico estampado mediante sublimaci\u00f3n","breadcrumb":{"@id":"https:\/\/www.miomiorun.com\/es\/producto\/newline-imotion-printed-knee-tights-mujer\/#breadcrumb"},"inLanguage":"es-ES","potentialAction":[{"@type":"ReadAction","target":["https:\/\/www.miomiorun.com\/es\/producto\/newline-imotion-printed-knee-tights-mujer\/"]}]},{"@type":"ImageObject","inLanguage":"es-ES","@id":"https:\/\/www.miomiorun.com\/es\/producto\/newline-imotion-printed-knee-tights-mujer\/#primaryimage","url":"https:\/\/www.miomiorun.com\/app\/uploads\/2021\/07\/newline-1-Imotion-printed-knee-tights-70283-435.jpg","contentUrl":"https:\/\/www.miomiorun.com\/app\/uploads\/2021\/07\/newline-1-Imotion-printed-knee-tights-70283-435.jpg","width":600,"height":600,"caption":"newline imotion printed knee tights"},{"@type":"BreadcrumbList","@id":"https:\/\/www.miomiorun.com\/es\/producto\/newline-imotion-printed-knee-tights-mujer\/#breadcrumb","itemListElement":[{"@type":"ListItem","position":1,"name":"Home","item":"https:\/\/www.miomiorun.com\/es\/"},{"@type":"ListItem","position":2,"name":"Shop","item":"https:\/\/www.miomiorun.com\/shop\/"},{"@type":"ListItem","position":3,"name":"Imotion Printed Knee Tights mujer"}]},{"@type":"WebSite","@id":"https:\/\/www.miomiorun.com\/es\/#website","url":"https:\/\/www.miomiorun.com\/es\/","name":"MioMioRun","description":"Tienda 100% running y trail","publisher":{"@id":"https:\/\/www.miomiorun.com\/es\/#organization"},"potentialAction":[{"@type":"SearchAction","target":{"@type":"EntryPoint","urlTemplate":"https:\/\/www.miomiorun.com\/es\/?s={search_term_string}"},"query-input":{"@type":"PropertyValueSpecification","valueRequired":true,"valueName":"search_term_string"}}],"inLanguage":"es-ES"},{"@type":"Organization","@id":"https:\/\/www.miomiorun.com\/es\/#organization","name":"MioMio Run","url":"https:\/\/www.miomiorun.com\/es\/","logo":{"@type":"ImageObject","inLanguage":"es-ES","@id":"https:\/\/www.miomiorun.com\/es\/#\/schema\/logo\/image\/","url":"https:\/\/www.miomiorun.com\/app\/uploads\/2019\/12\/logomio.png","contentUrl":"https:\/\/www.miomiorun.com\/app\/uploads\/2019\/12\/logomio.png","width":115,"height":82,"caption":"MioMio Run"},"image":{"@id":"https:\/\/www.miomiorun.com\/es\/#\/schema\/logo\/image\/"},"sameAs":["https:\/\/www.facebook.com\/miomiorun\/","https:\/\/www.instagram.com\/miomiorun\/"]}]}},"_links":{"self":[{"href":"https:\/\/www.miomiorun.com\/es\/wp-json\/wp\/v2\/product\/277915","targetHints":{"allow":["GET"]}}],"collection":[{"href":"https:\/\/www.miomiorun.com\/es\/wp-json\/wp\/v2\/product"}],"about":[{"href":"https:\/\/www.miomiorun.com\/es\/wp-json\/wp\/v2\/types\/product"}],"wp:featuredmedia":[{"embeddable":true,"href":"https:\/\/www.miomiorun.com\/es\/wp-json\/wp\/v2\/media\/232730"}],"wp:attachment":[{"href":"https:\/\/www.miomiorun.com\/es\/wp-json\/wp\/v2\/media?parent=277915"}],"wp:term":[{"taxonomy":"product_brand","embeddable":true,"href":"https:\/\/www.miomiorun.com\/es\/wp-json\/wp\/v2\/product_brand?post=277915"},{"taxonomy":"product_cat","embeddable":true,"href":"https:\/\/www.miomiorun.com\/es\/wp-json\/wp\/v2\/product_cat?post=277915"},{"taxonomy":"product_tag","embeddable":true,"href":"https:\/\/www.miomiorun.com\/es\/wp-json\/wp\/v2\/product_tag?post=277915"}],"curies":[{"name":"wp","href":"https:\/\/api.w.org\/{rel}","templated":true}]}}