{"id":277886,"date":"2021-04-28T11:01:44","date_gmt":"2021-04-28T09:01:44","guid":{"rendered":"https:\/\/miomiorun.com\/prodotto\/bliz-matrix-nano-optics-nordic-light\/"},"modified":"2026-04-30T10:37:19","modified_gmt":"2026-04-30T08:37:19","slug":"bliz-matrix-nano-optics-nordic-light","status":"publish","type":"product","link":"https:\/\/www.miomiorun.com\/es\/producto\/bliz-matrix-nano-optics-nordic-light\/","title":{"rendered":"Matrix nano optics Nordic Light"},"content":{"rendered":"<p><div class=\"vc-row container\"><div class=\"vc-column\"><div class=\"vc-column-text\">Libera tu potencial interior con Matrix. Este modelo es perfecto para el ciclismo, el esqu\u00ed de fondo y otros deportes. Un amplio campo de visi\u00f3n cil\u00edndrico y una ventilaci\u00f3n inteligente te ofrecen la mejor visi\u00f3n posible.<\/p>\n<p>Matrix Nano Optics Nordic Light es una lente de alta tecnolog\u00eda que mejora notablemente el contraste en condiciones de poca visibilidad (luz difusa). Las gafas presentan una distorsi\u00f3n m\u00ednima y propiedades antivaho integradas. Las numerosas opciones de ajuste te ofrecen una comodidad de primera clase. \u00a1Matrix Nano Optics Nordic Light es un par de gafas c\u00f3modas que te permiten obtener el m\u00e1ximo rendimiento, incluso cuando las condiciones de iluminaci\u00f3n no son las ideales!<\/p>\n<h2>Caracter\u00edsticas generales<\/h2>\n<p>Matrix es el modelo en el que el rendimiento y el estilo compiten por el primer puesto. Es un modelo unisex ideal para rostros de tama\u00f1o medio. Con Matrix, puedes afrontar cualquier reto con total seguridad. Ajusta las gafas para encontrar el ajuste perfecto y conf\u00eda en las fant\u00e1sticas propiedades y la ventilaci\u00f3n de la lente. Matrix Nano Optics Nordic Light te ofrece varias cosas: comodidad excepcional, visi\u00f3n fant\u00e1stica incluso en condiciones de poca visibilidad, distorsi\u00f3n m\u00ednima y propiedades antivaho de primer nivel.<\/p>\n<h2>Propiedades de las lentes<\/h2>\n<p>Las gafas Matrix Nano Optics Nordic Light est\u00e1n equipadas con una lente Nordic Light\u2122. Esta lente de alta tecnolog\u00eda est\u00e1 fabricada en X-PC, lo que mejora notablemente los contrastes y los colores, ofreciendo una visi\u00f3n clara y n\u00edtida en condiciones de poca visibilidad, como con luz difusa. La lente filtra los colores borrosos entre las longitudes de onda azules y verdes, y verdes y rojas. Estas partes del espectro de colores son bloqueadas por la lente Nordic Light, lo que te ofrece una agudeza visual notablemente m\u00e1s n\u00edtida con mejores contrastes incluso en las condiciones meteorol\u00f3gicas m\u00e1s adversas. La lente X.PC cuenta con protecci\u00f3n UV total, distorsi\u00f3n m\u00ednima, tratamiento antivaho integrado, resistencia a los ara\u00f1azos, revestimiento multicolor y excelentes propiedades hidrof\u00f3bicas.<\/p>\n<h2>Materiales<\/h2>\n<p>Las gafas Matrix est\u00e1n fabricadas en Grilamid TR90. Se trata de un material ligero y de alto rendimiento \u2014las Matrix pesan solo 34 gramos\u2014 con una flexibilidad inigualable. Al llevarlas puestas, se disfruta de una experiencia igual de c\u00f3moda tanto bajo un calor abrasador como en un fr\u00edo glacial, gracias a este material de alta tecnolog\u00eda.<\/p>\n<h2>Posibilidades de ajuste<\/h2>\n<p>Con Matrix, siempre estar\u00e1s listo para el pr\u00f3ximo reto. Ajusta las patillas para una comodidad \u00f3ptima y mant\u00e9n las gafas en su sitio con un puente nasal ajustable. Las lentes se pueden cambiar f\u00e1cilmente si lo deseas; otras categor\u00edas de filtros y colores de lentes de alto rendimiento se pueden adquirir por separado.<\/div> <\/div><\/div><div class=\"vc-row container\"><div class=\"vc-column\"><div class=\"vc-column-text\"><\/p>\n<div class=\"col-20 col-m-33 col-s-100\">\n<div class=\"tech-item\">\n<p><img decoding=\"async\" class=\"lazyloaded\" src=\"https:\/\/www.bliz.com\/media\/2251\/ce-standard.png\" data-src=\"https:\/\/www.bliz.com\/media\/2251\/ce-standard.png\" \/><\/p>\n<h6>Norma CE<\/h6>\n<p>Todos los productos Bliz Active cuentan con el marcado CE, lo que significa que cumplimos los requisitos b\u00e1sicos de salud y seguridad establecidos en las directivas de la UE aplicables a esta gama de productos.<\/p>\n<\/div>\n<\/div>\n<p><\/div><\/div><div class=\"vc-column\"><div class=\"vc-column-text\"><\/p>\n<div class=\"col-20 col-m-33 col-s-100\">\n<div class=\"tech-item\">\n<p><img decoding=\"async\" class=\"lazyloaded\" src=\"https:\/\/www.bliz.com\/media\/2250\/adjustable-nosepad.png\" data-src=\"https:\/\/www.bliz.com\/media\/2250\/adjustable-nosepad.png\" \/><\/p>\n<h6>Nose piece ajustable<\/h6>\n<p>La pieza nasal es ajustable para un ajuste m\u00e1s c\u00f3modo y \u00f3ptimo alrededor de la nariz.<\/p>\n<\/div>\n<\/div>\n<p><\/div><\/div><div class=\"vc-column\"><div class=\"vc-column-text\"><\/p>\n<h3><img decoding=\"async\" class=\"lazyloaded\" src=\"https:\/\/www.bliz.com\/media\/12671\/nordiclight-lenstech.png\" data-src=\"https:\/\/www.bliz.com\/media\/12671\/nordiclight-lenstech.png\" \/><\/h3>\n<h3>Nano Optics \u2122 Luz n\u00f3rdica<\/h3>\n<p>CONTRASTE EXTREMO \/ DISTORSI\u00d3N M\u00cdNIMA \/ NANO ANTI-VAPOR \/ NORDIC LIGHT \u2122 es una lente de alta tecnolog\u00eda \u00fanica que mejora notablemente los contrastes y los colores, ofreciendo una visi\u00f3n clara y n\u00edtida en condiciones de poca luz y luz difusa.<\/div><\/div><div class=\"vc-column\"><div class=\"vc-column-text\"><\/p>\n<div class=\"col-20 col-m-33 col-s-100\">\n<div class=\"tech-item\">\n<p><img decoding=\"async\" class=\"lazyloaded\" src=\"https:\/\/www.bliz.com\/media\/2249\/100-uv.png\" data-src=\"https:\/\/www.bliz.com\/media\/2249\/100-uv.png\" \/><\/p>\n<h6>Protecci\u00f3n UV al 100 %<\/h6>\n<p>Las gafas Bliz Active protegen eficazmente tus ojos de los da\u00f1inos rayos UVA y UVB.<\/p>\n<\/div>\n<\/div>\n<p><\/div><\/div><\/div><div class=\"vc-row container\"><div class=\"vc-column\"><div class=\"vc-column-text\"><\/p>\n<div class=\"col-20 col-m-33 col-s-100\">\n<div class=\"tech-item\">\n<p><img decoding=\"async\" class=\"lazyloaded\" src=\"https:\/\/www.bliz.com\/media\/2243\/unbreakable-xpc-lens.png\" data-src=\"https:\/\/www.bliz.com\/media\/2243\/unbreakable-xpc-lens.png\" \/><\/p>\n<h6>Lente irrompible de policarbonato<\/h6>\n<p>Las lentes est\u00e1n fabricadas en policarbonato irrompible, que es 10 veces m\u00e1s resistente a los golpes que las lentes de pl\u00e1stico o cristal y ofrece el m\u00e1ximo nivel de protecci\u00f3n.<\/p>\n<\/div>\n<\/div>\n<p><\/div><\/div><div class=\"vc-column\"><div class=\"vc-column-text\"><\/p>\n<div class=\"col-20 col-m-33 col-s-100\">\n<div class=\"tech-item\">\n<p><img decoding=\"async\" class=\"lazyloaded\" src=\"https:\/\/www.bliz.com\/media\/2235\/rubber-wire-core.png\" data-src=\"https:\/\/www.bliz.com\/media\/2235\/rubber-wire-core.png\" \/><\/p>\n<h6>N\u00facleo de hilo de goma<\/h6>\n<p>Las patillas con n\u00facleo de goma permiten ajustar las gafas para que se adapten mejor a la cabeza.<\/p>\n<\/div>\n<\/div>\n<p><\/div><\/div><div class=\"vc-column\"><div class=\"vc-column-text\"><\/p>\n<div class=\"col-20 col-m-33 col-s-100\">\n<div class=\"tech-item\">\n<p><img decoding=\"async\" class=\"lazyloaded\" src=\"https:\/\/www.bliz.com\/media\/2244\/weight.png\" data-src=\"https:\/\/www.bliz.com\/media\/2244\/weight.png\" \/><\/p>\n<h6>Peso: 34 g<\/h6>\n<p>Estas gafas deportivas ligeras solo pesan 34 g<\/p>\n<\/div>\n<\/div>\n<p><\/div><\/div><\/div><\/p>\n","protected":false},"excerpt":{"rendered":"","protected":false},"featured_media":231928,"template":"","meta":{"_acf_changed":false,"inline_featured_image":false},"product_brand":[],"product_cat":[24205,24219],"product_tag":[23460],"class_list":{"0":"post-277886","1":"product","2":"type-product","3":"status-publish","4":"has-post-thumbnail","6":"product_cat-accesorios","7":"product_cat-gafas","8":"product_tag-bliz-es","9":"pa_attivita-caminar","10":"pa_attivita-outdoor-es","11":"pa_attivita-running-es","12":"pa_attivita-trail-es","13":"pa_colore-matrix-nano-optics-turquoise-es","14":"pa_marca-bliz-es","15":"pa_sesso-hombre","16":"pa_sesso-mujer","18":"first","19":"instock","20":"sale","21":"taxable","22":"shipping-taxable","23":"purchasable","24":"product-type-variable","25":"wvs-archive-product-wrapper"},"acf":[],"yoast_head":"<!-- This site is optimized with the Yoast SEO plugin v26.8 - https:\/\/yoast.com\/product\/yoast-seo-wordpress\/ -->\n<title>Bliz Matrix nano optics Nordic Light - Gafas para correr - MioMioRun.com<\/title>\n<meta name=\"description\" content=\"Modelo ideal para ciclismo y running. Su amplio campo de visi\u00f3n cil\u00edndrico y su ventilaci\u00f3n inteligente ofrecen la mejor visi\u00f3n posible.\" \/>\n<meta name=\"robots\" content=\"index, follow, max-snippet:-1, max-image-preview:large, max-video-preview:-1\" \/>\n<link rel=\"canonical\" href=\"https:\/\/www.miomiorun.com\/es\/producto\/bliz-matrix-nano-optics-nordic-light\/\" \/>\n<meta property=\"og:locale\" content=\"es_ES\" \/>\n<meta property=\"og:type\" content=\"article\" \/>\n<meta property=\"og:title\" content=\"Bliz Matrix nano optics Nordic Light - Gafas para correr - MioMioRun.com\" \/>\n<meta property=\"og:description\" content=\"Modelo ideal para ciclismo y running. Su amplio campo de visi\u00f3n cil\u00edndrico y su ventilaci\u00f3n inteligente ofrecen la mejor visi\u00f3n posible.\" \/>\n<meta property=\"og:url\" content=\"https:\/\/www.miomiorun.com\/es\/producto\/bliz-matrix-nano-optics-nordic-light\/\" \/>\n<meta property=\"og:site_name\" content=\"MioMioRun\" \/>\n<meta property=\"article:publisher\" content=\"https:\/\/www.facebook.com\/miomiorun\/\" \/>\n<meta property=\"article:modified_time\" content=\"2026-04-30T08:37:19+00:00\" \/>\n<meta property=\"og:image\" content=\"https:\/\/www.miomiorun.com\/app\/uploads\/2021\/04\/bliz-Matrix-nano-optics-Nordic-Light-52104-14N.jpg\" \/>\n\t<meta property=\"og:image:width\" content=\"600\" \/>\n\t<meta property=\"og:image:height\" content=\"600\" \/>\n\t<meta property=\"og:image:type\" content=\"image\/jpeg\" \/>\n<meta name=\"twitter:card\" content=\"summary_large_image\" \/>\n<meta name=\"twitter:label1\" content=\"Est. reading time\" \/>\n\t<meta name=\"twitter:data1\" content=\"4 minutes\" \/>\n<script type=\"application\/ld+json\" class=\"yoast-schema-graph\">{\"@context\":\"https:\/\/schema.org\",\"@graph\":[{\"@type\":\"WebPage\",\"@id\":\"https:\/\/www.miomiorun.com\/es\/producto\/bliz-matrix-nano-optics-nordic-light\/\",\"url\":\"https:\/\/www.miomiorun.com\/es\/producto\/bliz-matrix-nano-optics-nordic-light\/\",\"name\":\"Bliz Matrix nano optics Nordic Light - Gafas para correr - MioMioRun.com\",\"isPartOf\":{\"@id\":\"https:\/\/www.miomiorun.com\/es\/#website\"},\"primaryImageOfPage\":{\"@id\":\"https:\/\/www.miomiorun.com\/es\/producto\/bliz-matrix-nano-optics-nordic-light\/#primaryimage\"},\"image\":{\"@id\":\"https:\/\/www.miomiorun.com\/es\/producto\/bliz-matrix-nano-optics-nordic-light\/#primaryimage\"},\"thumbnailUrl\":\"https:\/\/www.miomiorun.com\/app\/uploads\/2021\/04\/bliz-Matrix-nano-optics-Nordic-Light-52104-14N.jpg\",\"datePublished\":\"2021-04-28T09:01:44+00:00\",\"dateModified\":\"2026-04-30T08:37:19+00:00\",\"description\":\"Modelo ideal para ciclismo y running. Su amplio campo de visi\u00f3n cil\u00edndrico y su ventilaci\u00f3n inteligente ofrecen la mejor visi\u00f3n posible.\",\"breadcrumb\":{\"@id\":\"https:\/\/www.miomiorun.com\/es\/producto\/bliz-matrix-nano-optics-nordic-light\/#breadcrumb\"},\"inLanguage\":\"es-ES\",\"potentialAction\":[{\"@type\":\"ReadAction\",\"target\":[\"https:\/\/www.miomiorun.com\/es\/producto\/bliz-matrix-nano-optics-nordic-light\/\"]}]},{\"@type\":\"ImageObject\",\"inLanguage\":\"es-ES\",\"@id\":\"https:\/\/www.miomiorun.com\/es\/producto\/bliz-matrix-nano-optics-nordic-light\/#primaryimage\",\"url\":\"https:\/\/www.miomiorun.com\/app\/uploads\/2021\/04\/bliz-Matrix-nano-optics-Nordic-Light-52104-14N.jpg\",\"contentUrl\":\"https:\/\/www.miomiorun.com\/app\/uploads\/2021\/04\/bliz-Matrix-nano-optics-Nordic-Light-52104-14N.jpg\",\"width\":600,\"height\":600,\"caption\":\"bliz matrix nano optics nordic light\"},{\"@type\":\"BreadcrumbList\",\"@id\":\"https:\/\/www.miomiorun.com\/es\/producto\/bliz-matrix-nano-optics-nordic-light\/#breadcrumb\",\"itemListElement\":[{\"@type\":\"ListItem\",\"position\":1,\"name\":\"Home\",\"item\":\"https:\/\/www.miomiorun.com\/es\/\"},{\"@type\":\"ListItem\",\"position\":2,\"name\":\"Shop\",\"item\":\"https:\/\/www.miomiorun.com\/shop\/\"},{\"@type\":\"ListItem\",\"position\":3,\"name\":\"Matrix nano optics Nordic Light\"}]},{\"@type\":\"WebSite\",\"@id\":\"https:\/\/www.miomiorun.com\/es\/#website\",\"url\":\"https:\/\/www.miomiorun.com\/es\/\",\"name\":\"MioMioRun\",\"description\":\"Tienda 100% running y trail\",\"publisher\":{\"@id\":\"https:\/\/www.miomiorun.com\/es\/#organization\"},\"potentialAction\":[{\"@type\":\"SearchAction\",\"target\":{\"@type\":\"EntryPoint\",\"urlTemplate\":\"https:\/\/www.miomiorun.com\/es\/?s={search_term_string}\"},\"query-input\":{\"@type\":\"PropertyValueSpecification\",\"valueRequired\":true,\"valueName\":\"search_term_string\"}}],\"inLanguage\":\"es-ES\"},{\"@type\":\"Organization\",\"@id\":\"https:\/\/www.miomiorun.com\/es\/#organization\",\"name\":\"MioMio Run\",\"url\":\"https:\/\/www.miomiorun.com\/es\/\",\"logo\":{\"@type\":\"ImageObject\",\"inLanguage\":\"es-ES\",\"@id\":\"https:\/\/www.miomiorun.com\/es\/#\/schema\/logo\/image\/\",\"url\":\"https:\/\/www.miomiorun.com\/app\/uploads\/2019\/12\/logomio.png\",\"contentUrl\":\"https:\/\/www.miomiorun.com\/app\/uploads\/2019\/12\/logomio.png\",\"width\":115,\"height\":82,\"caption\":\"MioMio Run\"},\"image\":{\"@id\":\"https:\/\/www.miomiorun.com\/es\/#\/schema\/logo\/image\/\"},\"sameAs\":[\"https:\/\/www.facebook.com\/miomiorun\/\",\"https:\/\/www.instagram.com\/miomiorun\/\"]}]}<\/script>\n<!-- \/ Yoast SEO plugin. -->","yoast_head_json":{"title":"Bliz Matrix nano optics Nordic Light - Gafas para correr - MioMioRun.com","description":"Modelo ideal para ciclismo y running. Su amplio campo de visi\u00f3n cil\u00edndrico y su ventilaci\u00f3n inteligente ofrecen la mejor visi\u00f3n posible.","robots":{"index":"index","follow":"follow","max-snippet":"max-snippet:-1","max-image-preview":"max-image-preview:large","max-video-preview":"max-video-preview:-1"},"canonical":"https:\/\/www.miomiorun.com\/es\/producto\/bliz-matrix-nano-optics-nordic-light\/","og_locale":"es_ES","og_type":"article","og_title":"Bliz Matrix nano optics Nordic Light - Gafas para correr - MioMioRun.com","og_description":"Modelo ideal para ciclismo y running. Su amplio campo de visi\u00f3n cil\u00edndrico y su ventilaci\u00f3n inteligente ofrecen la mejor visi\u00f3n posible.","og_url":"https:\/\/www.miomiorun.com\/es\/producto\/bliz-matrix-nano-optics-nordic-light\/","og_site_name":"MioMioRun","article_publisher":"https:\/\/www.facebook.com\/miomiorun\/","article_modified_time":"2026-04-30T08:37:19+00:00","og_image":[{"width":600,"height":600,"url":"https:\/\/www.miomiorun.com\/app\/uploads\/2021\/04\/bliz-Matrix-nano-optics-Nordic-Light-52104-14N.jpg","type":"image\/jpeg"}],"twitter_card":"summary_large_image","twitter_misc":{"Est. reading time":"4 minutes"},"schema":{"@context":"https:\/\/schema.org","@graph":[{"@type":"WebPage","@id":"https:\/\/www.miomiorun.com\/es\/producto\/bliz-matrix-nano-optics-nordic-light\/","url":"https:\/\/www.miomiorun.com\/es\/producto\/bliz-matrix-nano-optics-nordic-light\/","name":"Bliz Matrix nano optics Nordic Light - Gafas para correr - MioMioRun.com","isPartOf":{"@id":"https:\/\/www.miomiorun.com\/es\/#website"},"primaryImageOfPage":{"@id":"https:\/\/www.miomiorun.com\/es\/producto\/bliz-matrix-nano-optics-nordic-light\/#primaryimage"},"image":{"@id":"https:\/\/www.miomiorun.com\/es\/producto\/bliz-matrix-nano-optics-nordic-light\/#primaryimage"},"thumbnailUrl":"https:\/\/www.miomiorun.com\/app\/uploads\/2021\/04\/bliz-Matrix-nano-optics-Nordic-Light-52104-14N.jpg","datePublished":"2021-04-28T09:01:44+00:00","dateModified":"2026-04-30T08:37:19+00:00","description":"Modelo ideal para ciclismo y running. Su amplio campo de visi\u00f3n cil\u00edndrico y su ventilaci\u00f3n inteligente ofrecen la mejor visi\u00f3n posible.","breadcrumb":{"@id":"https:\/\/www.miomiorun.com\/es\/producto\/bliz-matrix-nano-optics-nordic-light\/#breadcrumb"},"inLanguage":"es-ES","potentialAction":[{"@type":"ReadAction","target":["https:\/\/www.miomiorun.com\/es\/producto\/bliz-matrix-nano-optics-nordic-light\/"]}]},{"@type":"ImageObject","inLanguage":"es-ES","@id":"https:\/\/www.miomiorun.com\/es\/producto\/bliz-matrix-nano-optics-nordic-light\/#primaryimage","url":"https:\/\/www.miomiorun.com\/app\/uploads\/2021\/04\/bliz-Matrix-nano-optics-Nordic-Light-52104-14N.jpg","contentUrl":"https:\/\/www.miomiorun.com\/app\/uploads\/2021\/04\/bliz-Matrix-nano-optics-Nordic-Light-52104-14N.jpg","width":600,"height":600,"caption":"bliz matrix nano optics nordic light"},{"@type":"BreadcrumbList","@id":"https:\/\/www.miomiorun.com\/es\/producto\/bliz-matrix-nano-optics-nordic-light\/#breadcrumb","itemListElement":[{"@type":"ListItem","position":1,"name":"Home","item":"https:\/\/www.miomiorun.com\/es\/"},{"@type":"ListItem","position":2,"name":"Shop","item":"https:\/\/www.miomiorun.com\/shop\/"},{"@type":"ListItem","position":3,"name":"Matrix nano optics Nordic Light"}]},{"@type":"WebSite","@id":"https:\/\/www.miomiorun.com\/es\/#website","url":"https:\/\/www.miomiorun.com\/es\/","name":"MioMioRun","description":"Tienda 100% running y trail","publisher":{"@id":"https:\/\/www.miomiorun.com\/es\/#organization"},"potentialAction":[{"@type":"SearchAction","target":{"@type":"EntryPoint","urlTemplate":"https:\/\/www.miomiorun.com\/es\/?s={search_term_string}"},"query-input":{"@type":"PropertyValueSpecification","valueRequired":true,"valueName":"search_term_string"}}],"inLanguage":"es-ES"},{"@type":"Organization","@id":"https:\/\/www.miomiorun.com\/es\/#organization","name":"MioMio Run","url":"https:\/\/www.miomiorun.com\/es\/","logo":{"@type":"ImageObject","inLanguage":"es-ES","@id":"https:\/\/www.miomiorun.com\/es\/#\/schema\/logo\/image\/","url":"https:\/\/www.miomiorun.com\/app\/uploads\/2019\/12\/logomio.png","contentUrl":"https:\/\/www.miomiorun.com\/app\/uploads\/2019\/12\/logomio.png","width":115,"height":82,"caption":"MioMio Run"},"image":{"@id":"https:\/\/www.miomiorun.com\/es\/#\/schema\/logo\/image\/"},"sameAs":["https:\/\/www.facebook.com\/miomiorun\/","https:\/\/www.instagram.com\/miomiorun\/"]}]}},"_links":{"self":[{"href":"https:\/\/www.miomiorun.com\/es\/wp-json\/wp\/v2\/product\/277886","targetHints":{"allow":["GET"]}}],"collection":[{"href":"https:\/\/www.miomiorun.com\/es\/wp-json\/wp\/v2\/product"}],"about":[{"href":"https:\/\/www.miomiorun.com\/es\/wp-json\/wp\/v2\/types\/product"}],"wp:featuredmedia":[{"embeddable":true,"href":"https:\/\/www.miomiorun.com\/es\/wp-json\/wp\/v2\/media\/231928"}],"wp:attachment":[{"href":"https:\/\/www.miomiorun.com\/es\/wp-json\/wp\/v2\/media?parent=277886"}],"wp:term":[{"taxonomy":"product_brand","embeddable":true,"href":"https:\/\/www.miomiorun.com\/es\/wp-json\/wp\/v2\/product_brand?post=277886"},{"taxonomy":"product_cat","embeddable":true,"href":"https:\/\/www.miomiorun.com\/es\/wp-json\/wp\/v2\/product_cat?post=277886"},{"taxonomy":"product_tag","embeddable":true,"href":"https:\/\/www.miomiorun.com\/es\/wp-json\/wp\/v2\/product_tag?post=277886"}],"curies":[{"name":"wp","href":"https:\/\/api.w.org\/{rel}","templated":true}]}}