{"id":277880,"date":"2021-04-28T12:20:29","date_gmt":"2021-04-28T10:20:29","guid":{"rendered":"https:\/\/miomiorun.com\/prodotto\/bliz-matrix-small-nano-optics-nordic-light\/"},"modified":"2026-04-30T10:38:44","modified_gmt":"2026-04-30T08:38:44","slug":"bliz-matrix-small-nano-optics-nordic-light","status":"publish","type":"product","link":"https:\/\/www.miomiorun.com\/es\/producto\/bliz-matrix-small-nano-optics-nordic-light\/","title":{"rendered":"Matrix small nano optics Nordic Light"},"content":{"rendered":"<p><div class=\"vc-row container\"><div class=\"vc-column\"><div class=\"vc-column-text\">Libera tu potencial interior con Matrix Small. Este modelo est\u00e1 dise\u00f1ado para rostros m\u00e1s peque\u00f1os y es perfecto para el ciclismo, el esqu\u00ed de fondo y otros deportes vers\u00e1tiles. Un amplio campo de visi\u00f3n cil\u00edndrico y una ventilaci\u00f3n inteligente ofrecen la mejor visi\u00f3n posible.<\/p>\n<p>Matrix Small Nano Optics Nordic Light es una lente de alta tecnolog\u00eda que mejora notablemente el contraste en condiciones de poca visibilidad (luz difusa). Las gafas presentan una distorsi\u00f3n m\u00ednima y propiedades antivaho integradas. Las numerosas opciones de ajuste te ofrecen una comodidad de primera clase. Matrix Small Nano Optics Nordic Light es un par de gafas c\u00f3modas que te permiten rendir al m\u00e1ximo, \u00a1incluso cuando las condiciones de luz no te lo permiten!<\/p>\n<h2>Caracter\u00edsticas generales<\/h2>\n<p>Matrix Small es el modelo en el que el rendimiento y el estilo compiten por el primer puesto. Es un modelo unisex dise\u00f1ado para rostros m\u00e1s peque\u00f1os. Con Matrix Small puedes afrontar cualquier reto con total seguridad. Ajusta las gafas para encontrar el ajuste perfecto y conf\u00eda en las fant\u00e1sticas propiedades y ventilaci\u00f3n de la lente. Matrix Small Nano Optics Nordic Light te ofrece varias cosas: comodidad excepcional, visi\u00f3n fant\u00e1stica incluso en condiciones de poca visibilidad, distorsi\u00f3n m\u00ednima y propiedades antivaho de primer nivel.<\/p>\n<h2>Propiedades de las lentes.<\/h2>\n<p>Las gafas Matrix Small Nano Optics Nordic Light est\u00e1n equipadas con una lente Nordic Light\u2122. Esta lente de alta tecnolog\u00eda est\u00e1 fabricada en X-PC, lo que mejora notablemente el contraste y los colores, ofreciendo una visi\u00f3n clara y n\u00edtida en condiciones de poca visibilidad, como con luz difusa. La lente filtra los colores borrosos entre las longitudes de onda azules y verdes, y verdes y rojas. Estas partes del espectro de colores son bloqueadas por la lente Nordic Light, lo que te ofrece una agudeza visual notablemente m\u00e1s n\u00edtida con un mejor contraste incluso en las condiciones meteorol\u00f3gicas m\u00e1s adversas. La lente X.PC cuenta con protecci\u00f3n UV total, distorsi\u00f3n m\u00ednima y excelentes propiedades antivaho, antiara\u00f1azos e hidrof\u00f3bicas integradas.<\/p>\n<h2>Materiales<\/h2>\n<p>Las Matrix Small est\u00e1n fabricadas en Grilamid TR90. Se trata de un material ligero y de alto rendimiento \u2014las Matrix Small pesan solo 34 gramos\u2014 con una flexibilidad inigualable. Al llevarlas puestas, se disfruta de una experiencia igual de c\u00f3moda tanto bajo un calor abrasador como en un fr\u00edo glacial, gracias a este material de alta tecnolog\u00eda.<\/p>\n<h2>Posibilidad de ajuste<\/h2>\n<p>Con Matrix Small siempre estar\u00e1s listo para el pr\u00f3ximo reto. Ajusta las patillas para una comodidad \u00f3ptima y mant\u00e9n las gafas en su sitio gracias a la puente nasal ajustable. Las lentes se pueden cambiar f\u00e1cilmente si lo deseas; otras categor\u00edas de filtros y colores de lentes de alto rendimiento se pueden adquirir por separado.<\/div> <\/div><\/div><div class=\"vc-row container\"><div class=\"vc-column\"><div class=\"vc-column-text\"><\/p>\n<div class=\"col-20 col-m-33 col-s-100\">\n<div class=\"tech-item\">\n<p><img decoding=\"async\" class=\"lazyloaded\" src=\"https:\/\/www.bliz.com\/media\/2250\/adjustable-nosepad.png\" data-src=\"https:\/\/www.bliz.com\/media\/2250\/adjustable-nosepad.png\" \/><\/p>\n<h6>Nose piece ajustable<\/h6>\n<p>La pieza nasal es ajustable para un ajuste m\u00e1s c\u00f3modo y \u00f3ptimo alrededor de la nariz.<\/p>\n<\/div>\n<\/div>\n<p><\/div><\/div><div class=\"vc-column\"><div class=\"vc-column-text\"><\/p>\n<div class=\"col-20 col-m-33 col-s-100\">\n<div class=\"tech-item\">\n<p><img decoding=\"async\" class=\"lazyloaded\" src=\"https:\/\/www.bliz.com\/media\/2251\/ce-standard.png\" data-src=\"https:\/\/www.bliz.com\/media\/2251\/ce-standard.png\" \/><\/p>\n<h6>Norma CE<\/h6>\n<p>Todos los productos Bliz Active cuentan con el marcado CE, lo que significa que cumplimos los requisitos b\u00e1sicos de salud y seguridad establecidos en las directivas de la UE aplicables a esta gama de productos.<\/p>\n<\/div>\n<\/div>\n<p><\/div><\/div><div class=\"vc-column\"><div class=\"vc-column-text\"><\/p>\n<h3><img decoding=\"async\" class=\"lazyloaded\" src=\"https:\/\/www.bliz.com\/media\/12671\/nordiclight-lenstech.png\" data-src=\"https:\/\/www.bliz.com\/media\/12671\/nordiclight-lenstech.png\" \/><\/h3>\n<h3>Nano Optics \u2122 Luz n\u00f3rdica<\/h3>\n<p>CONTRASTE EXTREMO \/ DISTORSI\u00d3N M\u00cdNIMA \/ NANO ANTI-VAPOR \/ NORDIC LIGHT \u2122 es una lente de alta tecnolog\u00eda \u00fanica que mejora notablemente los contrastes y los colores, ofreciendo una visi\u00f3n clara y n\u00edtida en condiciones de poca luz y luz difusa.<\/div><\/div><div class=\"vc-column\"><div class=\"vc-column-text\"><\/p>\n<div class=\"col-20 col-m-33 col-s-100\">\n<div class=\"tech-item\">\n<p><img decoding=\"async\" class=\"lazyloaded\" src=\"https:\/\/www.bliz.com\/media\/2249\/100-uv.png\" data-src=\"https:\/\/www.bliz.com\/media\/2249\/100-uv.png\" \/><\/p>\n<h6>Protecci\u00f3n UV al 100 %<\/h6>\n<p>Las gafas Bliz Active protegen eficazmente tus ojos de los da\u00f1inos rayos UVA y UVB.<\/p>\n<\/div>\n<\/div>\n<p><\/div><\/div><div class=\"vc-column\"><div class=\"vc-column-text\"><\/p>\n<div class=\"col-20 col-m-33 col-s-100\">\n<div class=\"tech-item\">\n<p><img decoding=\"async\" class=\"lazyloaded\" src=\"https:\/\/www.bliz.com\/media\/2243\/unbreakable-xpc-lens.png\" data-src=\"https:\/\/www.bliz.com\/media\/2243\/unbreakable-xpc-lens.png\" \/><\/p>\n<h6>Lente irrompible de policarbonato<\/h6>\n<p>Las lentes est\u00e1n fabricadas en policarbonato irrompible, que es 10 veces m\u00e1s resistente a los golpes que las lentes de pl\u00e1stico o cristal y ofrece el m\u00e1ximo nivel de protecci\u00f3n.<\/p>\n<\/div>\n<\/div>\n<p><\/div><\/div><div class=\"vc-column\"><div class=\"vc-column-text\"><\/p>\n<div class=\"col-20 col-m-33 col-s-100\">\n<div class=\"tech-item\">\n<p><img decoding=\"async\" class=\"lazyloaded\" src=\"https:\/\/www.bliz.com\/media\/2235\/rubber-wire-core.png\" data-src=\"https:\/\/www.bliz.com\/media\/2235\/rubber-wire-core.png\" \/><\/p>\n<h6>N\u00facleo de hilo de goma<\/h6>\n<p>Las patillas con n\u00facleo de goma permiten ajustar las gafas para que se adapten mejor a la cabeza.<\/p>\n<\/div>\n<\/div>\n<p><\/div><\/div><\/div><\/p>\n","protected":false},"excerpt":{"rendered":"","protected":false},"featured_media":231930,"template":"","meta":{"_acf_changed":false,"inline_featured_image":false},"product_brand":[],"product_cat":[24205,24219],"product_tag":[23460],"class_list":{"0":"post-277880","1":"product","2":"type-product","3":"status-publish","4":"has-post-thumbnail","6":"product_cat-accesorios","7":"product_cat-gafas","8":"product_tag-bliz-es","9":"pa_attivita-caminar","10":"pa_attivita-outdoor-es","11":"pa_attivita-running-es","12":"pa_attivita-trail-es","13":"pa_colore-matrix-small-nano-optics-nordic-light-52107-13n-es","14":"pa_marca-bliz-es","15":"pa_sesso-hombre","16":"pa_sesso-mujer","18":"first","19":"instock","20":"sale","21":"taxable","22":"shipping-taxable","23":"purchasable","24":"product-type-variable","25":"wvs-archive-product-wrapper"},"acf":[],"yoast_head":"<!-- This site is optimized with the Yoast SEO plugin v26.8 - https:\/\/yoast.com\/product\/yoast-seo-wordpress\/ -->\n<title>Bliz Matrix small nano optics Nordic Light - Gafas para correr - MioMioRun<\/title>\n<meta name=\"description\" content=\"Modelo dise\u00f1ado para los rostros m\u00e1s peque\u00f1os. Un amplio campo de visi\u00f3n cil\u00edndrico y una ventilaci\u00f3n inteligente ofrecen la mejor visi\u00f3n posible.\" \/>\n<meta name=\"robots\" content=\"index, follow, max-snippet:-1, max-image-preview:large, max-video-preview:-1\" \/>\n<link rel=\"canonical\" href=\"https:\/\/www.miomiorun.com\/es\/producto\/bliz-matrix-small-nano-optics-nordic-light\/\" \/>\n<meta property=\"og:locale\" content=\"es_ES\" \/>\n<meta property=\"og:type\" content=\"article\" \/>\n<meta property=\"og:title\" content=\"Bliz Matrix small nano optics Nordic Light - Gafas para correr - MioMioRun\" \/>\n<meta property=\"og:description\" content=\"Modelo dise\u00f1ado para los rostros m\u00e1s peque\u00f1os. Un amplio campo de visi\u00f3n cil\u00edndrico y una ventilaci\u00f3n inteligente ofrecen la mejor visi\u00f3n posible.\" \/>\n<meta property=\"og:url\" content=\"https:\/\/www.miomiorun.com\/es\/producto\/bliz-matrix-small-nano-optics-nordic-light\/\" \/>\n<meta property=\"og:site_name\" content=\"MioMioRun\" \/>\n<meta property=\"article:publisher\" content=\"https:\/\/www.facebook.com\/miomiorun\/\" \/>\n<meta property=\"article:modified_time\" content=\"2026-04-30T08:38:44+00:00\" \/>\n<meta property=\"og:image\" content=\"https:\/\/www.miomiorun.com\/app\/uploads\/2021\/04\/bliz-Matrix-small-nano-optics-Nordic-Light-52107-13N.jpg\" \/>\n\t<meta property=\"og:image:width\" content=\"600\" \/>\n\t<meta property=\"og:image:height\" content=\"600\" \/>\n\t<meta property=\"og:image:type\" content=\"image\/jpeg\" \/>\n<meta name=\"twitter:card\" content=\"summary_large_image\" \/>\n<meta name=\"twitter:label1\" content=\"Est. reading time\" \/>\n\t<meta name=\"twitter:data1\" content=\"4 minutes\" \/>\n<script type=\"application\/ld+json\" class=\"yoast-schema-graph\">{\"@context\":\"https:\/\/schema.org\",\"@graph\":[{\"@type\":\"WebPage\",\"@id\":\"https:\/\/www.miomiorun.com\/es\/producto\/bliz-matrix-small-nano-optics-nordic-light\/\",\"url\":\"https:\/\/www.miomiorun.com\/es\/producto\/bliz-matrix-small-nano-optics-nordic-light\/\",\"name\":\"Bliz Matrix small nano optics Nordic Light - Gafas para correr - MioMioRun\",\"isPartOf\":{\"@id\":\"https:\/\/www.miomiorun.com\/es\/#website\"},\"primaryImageOfPage\":{\"@id\":\"https:\/\/www.miomiorun.com\/es\/producto\/bliz-matrix-small-nano-optics-nordic-light\/#primaryimage\"},\"image\":{\"@id\":\"https:\/\/www.miomiorun.com\/es\/producto\/bliz-matrix-small-nano-optics-nordic-light\/#primaryimage\"},\"thumbnailUrl\":\"https:\/\/www.miomiorun.com\/app\/uploads\/2021\/04\/bliz-Matrix-small-nano-optics-Nordic-Light-52107-13N.jpg\",\"datePublished\":\"2021-04-28T10:20:29+00:00\",\"dateModified\":\"2026-04-30T08:38:44+00:00\",\"description\":\"Modelo dise\u00f1ado para los rostros m\u00e1s peque\u00f1os. Un amplio campo de visi\u00f3n cil\u00edndrico y una ventilaci\u00f3n inteligente ofrecen la mejor visi\u00f3n posible.\",\"breadcrumb\":{\"@id\":\"https:\/\/www.miomiorun.com\/es\/producto\/bliz-matrix-small-nano-optics-nordic-light\/#breadcrumb\"},\"inLanguage\":\"es-ES\",\"potentialAction\":[{\"@type\":\"ReadAction\",\"target\":[\"https:\/\/www.miomiorun.com\/es\/producto\/bliz-matrix-small-nano-optics-nordic-light\/\"]}]},{\"@type\":\"ImageObject\",\"inLanguage\":\"es-ES\",\"@id\":\"https:\/\/www.miomiorun.com\/es\/producto\/bliz-matrix-small-nano-optics-nordic-light\/#primaryimage\",\"url\":\"https:\/\/www.miomiorun.com\/app\/uploads\/2021\/04\/bliz-Matrix-small-nano-optics-Nordic-Light-52107-13N.jpg\",\"contentUrl\":\"https:\/\/www.miomiorun.com\/app\/uploads\/2021\/04\/bliz-Matrix-small-nano-optics-Nordic-Light-52107-13N.jpg\",\"width\":600,\"height\":600,\"caption\":\"bliz matrix nano optics nordic light\"},{\"@type\":\"BreadcrumbList\",\"@id\":\"https:\/\/www.miomiorun.com\/es\/producto\/bliz-matrix-small-nano-optics-nordic-light\/#breadcrumb\",\"itemListElement\":[{\"@type\":\"ListItem\",\"position\":1,\"name\":\"Home\",\"item\":\"https:\/\/www.miomiorun.com\/es\/\"},{\"@type\":\"ListItem\",\"position\":2,\"name\":\"Shop\",\"item\":\"https:\/\/www.miomiorun.com\/shop\/\"},{\"@type\":\"ListItem\",\"position\":3,\"name\":\"Matrix small nano optics Nordic Light\"}]},{\"@type\":\"WebSite\",\"@id\":\"https:\/\/www.miomiorun.com\/es\/#website\",\"url\":\"https:\/\/www.miomiorun.com\/es\/\",\"name\":\"MioMioRun\",\"description\":\"Tienda 100% running y trail\",\"publisher\":{\"@id\":\"https:\/\/www.miomiorun.com\/es\/#organization\"},\"potentialAction\":[{\"@type\":\"SearchAction\",\"target\":{\"@type\":\"EntryPoint\",\"urlTemplate\":\"https:\/\/www.miomiorun.com\/es\/?s={search_term_string}\"},\"query-input\":{\"@type\":\"PropertyValueSpecification\",\"valueRequired\":true,\"valueName\":\"search_term_string\"}}],\"inLanguage\":\"es-ES\"},{\"@type\":\"Organization\",\"@id\":\"https:\/\/www.miomiorun.com\/es\/#organization\",\"name\":\"MioMio Run\",\"url\":\"https:\/\/www.miomiorun.com\/es\/\",\"logo\":{\"@type\":\"ImageObject\",\"inLanguage\":\"es-ES\",\"@id\":\"https:\/\/www.miomiorun.com\/es\/#\/schema\/logo\/image\/\",\"url\":\"https:\/\/www.miomiorun.com\/app\/uploads\/2019\/12\/logomio.png\",\"contentUrl\":\"https:\/\/www.miomiorun.com\/app\/uploads\/2019\/12\/logomio.png\",\"width\":115,\"height\":82,\"caption\":\"MioMio Run\"},\"image\":{\"@id\":\"https:\/\/www.miomiorun.com\/es\/#\/schema\/logo\/image\/\"},\"sameAs\":[\"https:\/\/www.facebook.com\/miomiorun\/\",\"https:\/\/www.instagram.com\/miomiorun\/\"]}]}<\/script>\n<!-- \/ Yoast SEO plugin. -->","yoast_head_json":{"title":"Bliz Matrix small nano optics Nordic Light - Gafas para correr - MioMioRun","description":"Modelo dise\u00f1ado para los rostros m\u00e1s peque\u00f1os. Un amplio campo de visi\u00f3n cil\u00edndrico y una ventilaci\u00f3n inteligente ofrecen la mejor visi\u00f3n posible.","robots":{"index":"index","follow":"follow","max-snippet":"max-snippet:-1","max-image-preview":"max-image-preview:large","max-video-preview":"max-video-preview:-1"},"canonical":"https:\/\/www.miomiorun.com\/es\/producto\/bliz-matrix-small-nano-optics-nordic-light\/","og_locale":"es_ES","og_type":"article","og_title":"Bliz Matrix small nano optics Nordic Light - Gafas para correr - MioMioRun","og_description":"Modelo dise\u00f1ado para los rostros m\u00e1s peque\u00f1os. Un amplio campo de visi\u00f3n cil\u00edndrico y una ventilaci\u00f3n inteligente ofrecen la mejor visi\u00f3n posible.","og_url":"https:\/\/www.miomiorun.com\/es\/producto\/bliz-matrix-small-nano-optics-nordic-light\/","og_site_name":"MioMioRun","article_publisher":"https:\/\/www.facebook.com\/miomiorun\/","article_modified_time":"2026-04-30T08:38:44+00:00","og_image":[{"width":600,"height":600,"url":"https:\/\/www.miomiorun.com\/app\/uploads\/2021\/04\/bliz-Matrix-small-nano-optics-Nordic-Light-52107-13N.jpg","type":"image\/jpeg"}],"twitter_card":"summary_large_image","twitter_misc":{"Est. reading time":"4 minutes"},"schema":{"@context":"https:\/\/schema.org","@graph":[{"@type":"WebPage","@id":"https:\/\/www.miomiorun.com\/es\/producto\/bliz-matrix-small-nano-optics-nordic-light\/","url":"https:\/\/www.miomiorun.com\/es\/producto\/bliz-matrix-small-nano-optics-nordic-light\/","name":"Bliz Matrix small nano optics Nordic Light - Gafas para correr - MioMioRun","isPartOf":{"@id":"https:\/\/www.miomiorun.com\/es\/#website"},"primaryImageOfPage":{"@id":"https:\/\/www.miomiorun.com\/es\/producto\/bliz-matrix-small-nano-optics-nordic-light\/#primaryimage"},"image":{"@id":"https:\/\/www.miomiorun.com\/es\/producto\/bliz-matrix-small-nano-optics-nordic-light\/#primaryimage"},"thumbnailUrl":"https:\/\/www.miomiorun.com\/app\/uploads\/2021\/04\/bliz-Matrix-small-nano-optics-Nordic-Light-52107-13N.jpg","datePublished":"2021-04-28T10:20:29+00:00","dateModified":"2026-04-30T08:38:44+00:00","description":"Modelo dise\u00f1ado para los rostros m\u00e1s peque\u00f1os. Un amplio campo de visi\u00f3n cil\u00edndrico y una ventilaci\u00f3n inteligente ofrecen la mejor visi\u00f3n posible.","breadcrumb":{"@id":"https:\/\/www.miomiorun.com\/es\/producto\/bliz-matrix-small-nano-optics-nordic-light\/#breadcrumb"},"inLanguage":"es-ES","potentialAction":[{"@type":"ReadAction","target":["https:\/\/www.miomiorun.com\/es\/producto\/bliz-matrix-small-nano-optics-nordic-light\/"]}]},{"@type":"ImageObject","inLanguage":"es-ES","@id":"https:\/\/www.miomiorun.com\/es\/producto\/bliz-matrix-small-nano-optics-nordic-light\/#primaryimage","url":"https:\/\/www.miomiorun.com\/app\/uploads\/2021\/04\/bliz-Matrix-small-nano-optics-Nordic-Light-52107-13N.jpg","contentUrl":"https:\/\/www.miomiorun.com\/app\/uploads\/2021\/04\/bliz-Matrix-small-nano-optics-Nordic-Light-52107-13N.jpg","width":600,"height":600,"caption":"bliz matrix nano optics nordic light"},{"@type":"BreadcrumbList","@id":"https:\/\/www.miomiorun.com\/es\/producto\/bliz-matrix-small-nano-optics-nordic-light\/#breadcrumb","itemListElement":[{"@type":"ListItem","position":1,"name":"Home","item":"https:\/\/www.miomiorun.com\/es\/"},{"@type":"ListItem","position":2,"name":"Shop","item":"https:\/\/www.miomiorun.com\/shop\/"},{"@type":"ListItem","position":3,"name":"Matrix small nano optics Nordic Light"}]},{"@type":"WebSite","@id":"https:\/\/www.miomiorun.com\/es\/#website","url":"https:\/\/www.miomiorun.com\/es\/","name":"MioMioRun","description":"Tienda 100% running y trail","publisher":{"@id":"https:\/\/www.miomiorun.com\/es\/#organization"},"potentialAction":[{"@type":"SearchAction","target":{"@type":"EntryPoint","urlTemplate":"https:\/\/www.miomiorun.com\/es\/?s={search_term_string}"},"query-input":{"@type":"PropertyValueSpecification","valueRequired":true,"valueName":"search_term_string"}}],"inLanguage":"es-ES"},{"@type":"Organization","@id":"https:\/\/www.miomiorun.com\/es\/#organization","name":"MioMio Run","url":"https:\/\/www.miomiorun.com\/es\/","logo":{"@type":"ImageObject","inLanguage":"es-ES","@id":"https:\/\/www.miomiorun.com\/es\/#\/schema\/logo\/image\/","url":"https:\/\/www.miomiorun.com\/app\/uploads\/2019\/12\/logomio.png","contentUrl":"https:\/\/www.miomiorun.com\/app\/uploads\/2019\/12\/logomio.png","width":115,"height":82,"caption":"MioMio Run"},"image":{"@id":"https:\/\/www.miomiorun.com\/es\/#\/schema\/logo\/image\/"},"sameAs":["https:\/\/www.facebook.com\/miomiorun\/","https:\/\/www.instagram.com\/miomiorun\/"]}]}},"_links":{"self":[{"href":"https:\/\/www.miomiorun.com\/es\/wp-json\/wp\/v2\/product\/277880","targetHints":{"allow":["GET"]}}],"collection":[{"href":"https:\/\/www.miomiorun.com\/es\/wp-json\/wp\/v2\/product"}],"about":[{"href":"https:\/\/www.miomiorun.com\/es\/wp-json\/wp\/v2\/types\/product"}],"wp:featuredmedia":[{"embeddable":true,"href":"https:\/\/www.miomiorun.com\/es\/wp-json\/wp\/v2\/media\/231930"}],"wp:attachment":[{"href":"https:\/\/www.miomiorun.com\/es\/wp-json\/wp\/v2\/media?parent=277880"}],"wp:term":[{"taxonomy":"product_brand","embeddable":true,"href":"https:\/\/www.miomiorun.com\/es\/wp-json\/wp\/v2\/product_brand?post=277880"},{"taxonomy":"product_cat","embeddable":true,"href":"https:\/\/www.miomiorun.com\/es\/wp-json\/wp\/v2\/product_cat?post=277880"},{"taxonomy":"product_tag","embeddable":true,"href":"https:\/\/www.miomiorun.com\/es\/wp-json\/wp\/v2\/product_tag?post=277880"}],"curies":[{"name":"wp","href":"https:\/\/api.w.org\/{rel}","templated":true}]}}