{"id":277812,"date":"2021-04-29T12:02:30","date_gmt":"2021-04-29T10:02:30","guid":{"rendered":"https:\/\/miomiorun.com\/prodotto\/craft-cool-mesh-superlight-sl-uomo\/"},"modified":"2026-04-30T10:49:06","modified_gmt":"2026-04-30T08:49:06","slug":"craft-cool-mesh-superlight-sl-hombre","status":"publish","type":"product","link":"https:\/\/www.miomiorun.com\/es\/producto\/craft-cool-mesh-superlight-sl-hombre\/","title":{"rendered":"Cool Mesh Superlight SL hombre"},"content":{"rendered":"<p>\u00bfEntrenas duro pero sientes que no rindes al m\u00e1ximo cuando llega el momento de correr y competir? Quiz\u00e1s te abrigues demasiado. El Cool Mesh Superlight Sleeveless est\u00e1 confeccionado en malla funcional con grandes orificios que ofrece una ventilaci\u00f3n y una refrigeraci\u00f3n superiores, lo que te permite rendir al m\u00e1ximo incluso en condiciones de calor. Adem\u00e1s, esta prenda ultraligera cuenta con un dise\u00f1o ergon\u00f3mico en 3D que garantiza un ajuste perfecto y una libertad de movimiento \u00f3ptima. Una prenda ideal para llevar debajo del maillot de ciclismo y mejorar la refrigeraci\u00f3n y la evacuaci\u00f3n de la humedad.<\/p>\n<p>&#8211; Tejido 100 % malla superligera<br \/>\n&#8211; Extremadamente ligero<br \/>\n&#8211; Excelente evacuaci\u00f3n de la humedad y refrigeraci\u00f3n<br \/>\n&#8211; Dise\u00f1o ergon\u00f3mico en 3D<\/p>\n<h2>Materiales y lavado<\/h2>\n<p>95 % poli\u00e9ster reciclado, 5 % elastano<\/p>\n<p>Lavar a m\u00e1quina a 40 grados.<\/p>\n","protected":false},"excerpt":{"rendered":"<p>\u00bfEntrenas duro pero sientes que no rindes al m\u00e1ximo cuando llega el momento de correr y competir? Quiz\u00e1s te abrigues demasiado. El Cool Mesh Superlight Sleeveless est\u00e1 confeccionado en malla funcional con grandes orificios que ofrece una ventilaci\u00f3n y una refrigeraci\u00f3n superiores, lo que te permite rendir al m\u00e1ximo incluso en condiciones de calor. Adem\u00e1s, &hellip; <a href=\"https:\/\/www.miomiorun.com\/es\/producto\/craft-cool-mesh-superlight-sl-hombre\/\">Continued<\/a><\/p>\n","protected":false},"featured_media":231986,"template":"","meta":{"_acf_changed":false,"inline_featured_image":false},"product_brand":[],"product_cat":[24463,24459,24464],"product_tag":[23553,23663],"class_list":{"0":"post-277812","1":"product","2":"type-product","3":"status-publish","4":"has-post-thumbnail","6":"product_cat-ropa-de-hombre-es","7":"product_cat-ropa-interior-es-2","8":"product_cat-hombre","9":"product_tag-craft-es","10":"product_tag-craft-hombre","11":"pa_attivita-caminar","12":"pa_attivita-outdoor-es","13":"pa_attivita-running-es","14":"pa_attivita-trail-es","15":"pa_colore-cool-mesh-superlight-sl-m-blaze-real-es","16":"pa_colore-cool-superlight-sl-black-es","17":"pa_colore-cool-superlight-sl-white-es","18":"pa_marca-craft-es","19":"pa_sesso-hombre","20":"pa_size-extra-small-es","21":"pa_size-small-es","22":"pa_size-medium-es","23":"pa_size-large-es","24":"pa_size-extra-large-es","25":"pa_size-xxl-es","27":"first","28":"instock","29":"sale","30":"taxable","31":"shipping-taxable","32":"purchasable","33":"product-type-variable","34":"wvs-archive-product-wrapper"},"acf":[],"yoast_head":"<!-- This site is optimized with the Yoast SEO plugin v26.8 - https:\/\/yoast.com\/product\/yoast-seo-wordpress\/ -->\n<title>Craft Cool Mesh Superlight SL hombre - Ropa interior t\u00e9rmica - MioMioRun.com<\/title>\n<meta name=\"description\" content=\"El Cool Mesh Superlight Sleeveless est\u00e1 confeccionado en una malla funcional con grandes orificios que ofrece una ventilaci\u00f3n y una refrigeraci\u00f3n superiores\" \/>\n<meta name=\"robots\" content=\"index, follow, max-snippet:-1, max-image-preview:large, max-video-preview:-1\" \/>\n<link rel=\"canonical\" href=\"https:\/\/www.miomiorun.com\/es\/producto\/craft-cool-mesh-superlight-sl-hombre\/\" \/>\n<meta property=\"og:locale\" content=\"es_ES\" \/>\n<meta property=\"og:type\" content=\"article\" \/>\n<meta property=\"og:title\" content=\"Craft Cool Mesh Superlight SL hombre - Ropa interior t\u00e9rmica - MioMioRun.com\" \/>\n<meta property=\"og:description\" content=\"El Cool Mesh Superlight Sleeveless est\u00e1 confeccionado en una malla funcional con grandes orificios que ofrece una ventilaci\u00f3n y una refrigeraci\u00f3n superiores\" \/>\n<meta property=\"og:url\" content=\"https:\/\/www.miomiorun.com\/es\/producto\/craft-cool-mesh-superlight-sl-hombre\/\" \/>\n<meta property=\"og:site_name\" content=\"MioMioRun\" \/>\n<meta property=\"article:publisher\" content=\"https:\/\/www.facebook.com\/miomiorun\/\" \/>\n<meta property=\"article:modified_time\" content=\"2026-04-30T08:49:06+00:00\" \/>\n<meta property=\"og:image\" content=\"https:\/\/www.miomiorun.com\/app\/uploads\/2021\/04\/craft-Cool-Superlight-SL-194378-1900.jpg\" \/>\n\t<meta property=\"og:image:width\" content=\"600\" \/>\n\t<meta property=\"og:image:height\" content=\"600\" \/>\n\t<meta property=\"og:image:type\" content=\"image\/jpeg\" \/>\n<meta name=\"twitter:card\" content=\"summary_large_image\" \/>\n<meta name=\"twitter:label1\" content=\"Est. reading time\" \/>\n\t<meta name=\"twitter:data1\" content=\"1 minute\" \/>\n<script type=\"application\/ld+json\" class=\"yoast-schema-graph\">{\"@context\":\"https:\/\/schema.org\",\"@graph\":[{\"@type\":\"WebPage\",\"@id\":\"https:\/\/www.miomiorun.com\/es\/producto\/craft-cool-mesh-superlight-sl-hombre\/\",\"url\":\"https:\/\/www.miomiorun.com\/es\/producto\/craft-cool-mesh-superlight-sl-hombre\/\",\"name\":\"Craft Cool Mesh Superlight SL hombre - Ropa interior t\u00e9rmica - MioMioRun.com\",\"isPartOf\":{\"@id\":\"https:\/\/www.miomiorun.com\/es\/#website\"},\"primaryImageOfPage\":{\"@id\":\"https:\/\/www.miomiorun.com\/es\/producto\/craft-cool-mesh-superlight-sl-hombre\/#primaryimage\"},\"image\":{\"@id\":\"https:\/\/www.miomiorun.com\/es\/producto\/craft-cool-mesh-superlight-sl-hombre\/#primaryimage\"},\"thumbnailUrl\":\"https:\/\/www.miomiorun.com\/app\/uploads\/2021\/04\/craft-Cool-Superlight-SL-194378-1900.jpg\",\"datePublished\":\"2021-04-29T10:02:30+00:00\",\"dateModified\":\"2026-04-30T08:49:06+00:00\",\"description\":\"El Cool Mesh Superlight Sleeveless est\u00e1 confeccionado en una malla funcional con grandes orificios que ofrece una ventilaci\u00f3n y una refrigeraci\u00f3n superiores\",\"breadcrumb\":{\"@id\":\"https:\/\/www.miomiorun.com\/es\/producto\/craft-cool-mesh-superlight-sl-hombre\/#breadcrumb\"},\"inLanguage\":\"es-ES\",\"potentialAction\":[{\"@type\":\"ReadAction\",\"target\":[\"https:\/\/www.miomiorun.com\/es\/producto\/craft-cool-mesh-superlight-sl-hombre\/\"]}]},{\"@type\":\"ImageObject\",\"inLanguage\":\"es-ES\",\"@id\":\"https:\/\/www.miomiorun.com\/es\/producto\/craft-cool-mesh-superlight-sl-hombre\/#primaryimage\",\"url\":\"https:\/\/www.miomiorun.com\/app\/uploads\/2021\/04\/craft-Cool-Superlight-SL-194378-1900.jpg\",\"contentUrl\":\"https:\/\/www.miomiorun.com\/app\/uploads\/2021\/04\/craft-Cool-Superlight-SL-194378-1900.jpg\",\"width\":600,\"height\":600,\"caption\":\"craft cool superlight sl fronte\"},{\"@type\":\"BreadcrumbList\",\"@id\":\"https:\/\/www.miomiorun.com\/es\/producto\/craft-cool-mesh-superlight-sl-hombre\/#breadcrumb\",\"itemListElement\":[{\"@type\":\"ListItem\",\"position\":1,\"name\":\"Home\",\"item\":\"https:\/\/www.miomiorun.com\/es\/\"},{\"@type\":\"ListItem\",\"position\":2,\"name\":\"Shop\",\"item\":\"https:\/\/www.miomiorun.com\/shop\/\"},{\"@type\":\"ListItem\",\"position\":3,\"name\":\"Cool Mesh Superlight SL hombre\"}]},{\"@type\":\"WebSite\",\"@id\":\"https:\/\/www.miomiorun.com\/es\/#website\",\"url\":\"https:\/\/www.miomiorun.com\/es\/\",\"name\":\"MioMioRun\",\"description\":\"Tienda 100% running y trail\",\"publisher\":{\"@id\":\"https:\/\/www.miomiorun.com\/es\/#organization\"},\"potentialAction\":[{\"@type\":\"SearchAction\",\"target\":{\"@type\":\"EntryPoint\",\"urlTemplate\":\"https:\/\/www.miomiorun.com\/es\/?s={search_term_string}\"},\"query-input\":{\"@type\":\"PropertyValueSpecification\",\"valueRequired\":true,\"valueName\":\"search_term_string\"}}],\"inLanguage\":\"es-ES\"},{\"@type\":\"Organization\",\"@id\":\"https:\/\/www.miomiorun.com\/es\/#organization\",\"name\":\"MioMio Run\",\"url\":\"https:\/\/www.miomiorun.com\/es\/\",\"logo\":{\"@type\":\"ImageObject\",\"inLanguage\":\"es-ES\",\"@id\":\"https:\/\/www.miomiorun.com\/es\/#\/schema\/logo\/image\/\",\"url\":\"https:\/\/www.miomiorun.com\/app\/uploads\/2019\/12\/logomio.png\",\"contentUrl\":\"https:\/\/www.miomiorun.com\/app\/uploads\/2019\/12\/logomio.png\",\"width\":115,\"height\":82,\"caption\":\"MioMio Run\"},\"image\":{\"@id\":\"https:\/\/www.miomiorun.com\/es\/#\/schema\/logo\/image\/\"},\"sameAs\":[\"https:\/\/www.facebook.com\/miomiorun\/\",\"https:\/\/www.instagram.com\/miomiorun\/\"]}]}<\/script>\n<!-- \/ Yoast SEO plugin. -->","yoast_head_json":{"title":"Craft Cool Mesh Superlight SL hombre - Ropa interior t\u00e9rmica - MioMioRun.com","description":"El Cool Mesh Superlight Sleeveless est\u00e1 confeccionado en una malla funcional con grandes orificios que ofrece una ventilaci\u00f3n y una refrigeraci\u00f3n superiores","robots":{"index":"index","follow":"follow","max-snippet":"max-snippet:-1","max-image-preview":"max-image-preview:large","max-video-preview":"max-video-preview:-1"},"canonical":"https:\/\/www.miomiorun.com\/es\/producto\/craft-cool-mesh-superlight-sl-hombre\/","og_locale":"es_ES","og_type":"article","og_title":"Craft Cool Mesh Superlight SL hombre - Ropa interior t\u00e9rmica - MioMioRun.com","og_description":"El Cool Mesh Superlight Sleeveless est\u00e1 confeccionado en una malla funcional con grandes orificios que ofrece una ventilaci\u00f3n y una refrigeraci\u00f3n superiores","og_url":"https:\/\/www.miomiorun.com\/es\/producto\/craft-cool-mesh-superlight-sl-hombre\/","og_site_name":"MioMioRun","article_publisher":"https:\/\/www.facebook.com\/miomiorun\/","article_modified_time":"2026-04-30T08:49:06+00:00","og_image":[{"width":600,"height":600,"url":"https:\/\/www.miomiorun.com\/app\/uploads\/2021\/04\/craft-Cool-Superlight-SL-194378-1900.jpg","type":"image\/jpeg"}],"twitter_card":"summary_large_image","twitter_misc":{"Est. reading time":"1 minute"},"schema":{"@context":"https:\/\/schema.org","@graph":[{"@type":"WebPage","@id":"https:\/\/www.miomiorun.com\/es\/producto\/craft-cool-mesh-superlight-sl-hombre\/","url":"https:\/\/www.miomiorun.com\/es\/producto\/craft-cool-mesh-superlight-sl-hombre\/","name":"Craft Cool Mesh Superlight SL hombre - Ropa interior t\u00e9rmica - MioMioRun.com","isPartOf":{"@id":"https:\/\/www.miomiorun.com\/es\/#website"},"primaryImageOfPage":{"@id":"https:\/\/www.miomiorun.com\/es\/producto\/craft-cool-mesh-superlight-sl-hombre\/#primaryimage"},"image":{"@id":"https:\/\/www.miomiorun.com\/es\/producto\/craft-cool-mesh-superlight-sl-hombre\/#primaryimage"},"thumbnailUrl":"https:\/\/www.miomiorun.com\/app\/uploads\/2021\/04\/craft-Cool-Superlight-SL-194378-1900.jpg","datePublished":"2021-04-29T10:02:30+00:00","dateModified":"2026-04-30T08:49:06+00:00","description":"El Cool Mesh Superlight Sleeveless est\u00e1 confeccionado en una malla funcional con grandes orificios que ofrece una ventilaci\u00f3n y una refrigeraci\u00f3n superiores","breadcrumb":{"@id":"https:\/\/www.miomiorun.com\/es\/producto\/craft-cool-mesh-superlight-sl-hombre\/#breadcrumb"},"inLanguage":"es-ES","potentialAction":[{"@type":"ReadAction","target":["https:\/\/www.miomiorun.com\/es\/producto\/craft-cool-mesh-superlight-sl-hombre\/"]}]},{"@type":"ImageObject","inLanguage":"es-ES","@id":"https:\/\/www.miomiorun.com\/es\/producto\/craft-cool-mesh-superlight-sl-hombre\/#primaryimage","url":"https:\/\/www.miomiorun.com\/app\/uploads\/2021\/04\/craft-Cool-Superlight-SL-194378-1900.jpg","contentUrl":"https:\/\/www.miomiorun.com\/app\/uploads\/2021\/04\/craft-Cool-Superlight-SL-194378-1900.jpg","width":600,"height":600,"caption":"craft cool superlight sl fronte"},{"@type":"BreadcrumbList","@id":"https:\/\/www.miomiorun.com\/es\/producto\/craft-cool-mesh-superlight-sl-hombre\/#breadcrumb","itemListElement":[{"@type":"ListItem","position":1,"name":"Home","item":"https:\/\/www.miomiorun.com\/es\/"},{"@type":"ListItem","position":2,"name":"Shop","item":"https:\/\/www.miomiorun.com\/shop\/"},{"@type":"ListItem","position":3,"name":"Cool Mesh Superlight SL hombre"}]},{"@type":"WebSite","@id":"https:\/\/www.miomiorun.com\/es\/#website","url":"https:\/\/www.miomiorun.com\/es\/","name":"MioMioRun","description":"Tienda 100% running y trail","publisher":{"@id":"https:\/\/www.miomiorun.com\/es\/#organization"},"potentialAction":[{"@type":"SearchAction","target":{"@type":"EntryPoint","urlTemplate":"https:\/\/www.miomiorun.com\/es\/?s={search_term_string}"},"query-input":{"@type":"PropertyValueSpecification","valueRequired":true,"valueName":"search_term_string"}}],"inLanguage":"es-ES"},{"@type":"Organization","@id":"https:\/\/www.miomiorun.com\/es\/#organization","name":"MioMio Run","url":"https:\/\/www.miomiorun.com\/es\/","logo":{"@type":"ImageObject","inLanguage":"es-ES","@id":"https:\/\/www.miomiorun.com\/es\/#\/schema\/logo\/image\/","url":"https:\/\/www.miomiorun.com\/app\/uploads\/2019\/12\/logomio.png","contentUrl":"https:\/\/www.miomiorun.com\/app\/uploads\/2019\/12\/logomio.png","width":115,"height":82,"caption":"MioMio Run"},"image":{"@id":"https:\/\/www.miomiorun.com\/es\/#\/schema\/logo\/image\/"},"sameAs":["https:\/\/www.facebook.com\/miomiorun\/","https:\/\/www.instagram.com\/miomiorun\/"]}]}},"_links":{"self":[{"href":"https:\/\/www.miomiorun.com\/es\/wp-json\/wp\/v2\/product\/277812","targetHints":{"allow":["GET"]}}],"collection":[{"href":"https:\/\/www.miomiorun.com\/es\/wp-json\/wp\/v2\/product"}],"about":[{"href":"https:\/\/www.miomiorun.com\/es\/wp-json\/wp\/v2\/types\/product"}],"wp:featuredmedia":[{"embeddable":true,"href":"https:\/\/www.miomiorun.com\/es\/wp-json\/wp\/v2\/media\/231986"}],"wp:attachment":[{"href":"https:\/\/www.miomiorun.com\/es\/wp-json\/wp\/v2\/media?parent=277812"}],"wp:term":[{"taxonomy":"product_brand","embeddable":true,"href":"https:\/\/www.miomiorun.com\/es\/wp-json\/wp\/v2\/product_brand?post=277812"},{"taxonomy":"product_cat","embeddable":true,"href":"https:\/\/www.miomiorun.com\/es\/wp-json\/wp\/v2\/product_cat?post=277812"},{"taxonomy":"product_tag","embeddable":true,"href":"https:\/\/www.miomiorun.com\/es\/wp-json\/wp\/v2\/product_tag?post=277812"}],"curies":[{"name":"wp","href":"https:\/\/api.w.org\/{rel}","templated":true}]}}