{"id":277809,"date":"2021-04-29T10:42:18","date_gmt":"2021-04-29T08:42:18","guid":{"rendered":"https:\/\/miomiorun.com\/prodotto\/craft-core-essence-thermal-hat\/"},"modified":"2026-04-30T10:45:38","modified_gmt":"2026-04-30T08:45:38","slug":"craft-core-essence-thermal-hat","status":"publish","type":"product","link":"https:\/\/www.miomiorun.com\/es\/producto\/craft-core-essence-thermal-hat\/","title":{"rendered":"Core Essence Thermal Hat"},"content":{"rendered":"<p>El Core Essence Thermal Hat es un gorro de entrenamiento ligero confeccionado en jersey t\u00e9rmico cepillado reciclado para ofrecer una calidez y una comodidad \u00f3ptimas.<\/p>\n<p>Tejido ecol\u00f3gico<br \/>\nEl gorro Core Essence Thermal Hat est\u00e1 fabricado con poli\u00e9ster reciclado y forma parte de nuestro compromiso por aumentar el porcentaje de materiales sostenibles en nuestros productos y alcanzar el objetivo de asumir la plena responsabilidad de toda la cadena de valor. El poli\u00e9ster reciclado no solo es ecol\u00f3gico, sino que tambi\u00e9n ofrece una excelente evacuaci\u00f3n de la humedad y ventilaci\u00f3n.<\/p>\n<p>&#8211; Confeccionado en poli\u00e9ster reciclado<br \/>\n&#8211; Jersey t\u00e9rmico suave y cepillado para una calidez y comodidad \u00f3ptimas<br \/>\n&#8211; Tejido ligero y transpirable<\/p>\n<h2>Materiales y lavado<\/h2>\n<p>88 % poli\u00e9ster reciclado, 12 % elastano<\/p>\n<p>Lavar a m\u00e1quina a 40 grados.<\/p>\n<p>&nbsp;<\/p>\n","protected":false},"excerpt":{"rendered":"<p><span style=\"font-weight: 400\">Repeat Hat es un gorro muy funcional y el\u00e1stico, ideal para todo tipo de entrenamientos invernales.<\/span><\/p>\n","protected":false},"featured_media":231976,"template":"","meta":{"_acf_changed":false,"inline_featured_image":false},"product_brand":[],"product_cat":[24205,24221,24222],"product_tag":[23553],"class_list":{"0":"post-277809","1":"product","2":"type-product","3":"status-publish","4":"has-post-thumbnail","6":"product_cat-accesorios","7":"product_cat-calefaccion","8":"product_cat-sombreros-gorras","9":"product_tag-craft-es","10":"pa_attivita-caminar","11":"pa_attivita-running-es","12":"pa_colore-core-essence-thermal-hat-beat-es","13":"pa_colore-core-essence-thermal-hat-grey-es","14":"pa_colore-core-essence-thermal-hat-grum-es","15":"pa_colore-core-essence-thermal-hat-navy-blue-es","16":"pa_colore-core-essence-thermal-hat-pink-es","17":"pa_colore-core-essence-thermal-hat-yellow-es","18":"pa_marca-craft-es","19":"pa_sesso-hombre","20":"pa_sesso-mujer","21":"pa_size-small-es","22":"pa_size-large-es","24":"first","25":"instock","26":"sale","27":"taxable","28":"shipping-taxable","29":"purchasable","30":"product-type-variable","31":"wvs-archive-product-wrapper"},"acf":[],"yoast_head":"<!-- This site is optimized with the Yoast SEO plugin v26.8 - https:\/\/yoast.com\/product\/yoast-seo-wordpress\/ -->\n<title>Craft Core Essence Thermal Hat - Gorro de invierno - MioMioRun.com<\/title>\n<meta name=\"description\" content=\"El Core Essence Thermal Hat es un gorro de entrenamiento ligero confeccionado en tejido t\u00e9rmico cepillado para ofrecer una calidez y una comodidad \u00f3ptimas.\" \/>\n<meta name=\"robots\" content=\"index, follow, max-snippet:-1, max-image-preview:large, max-video-preview:-1\" \/>\n<link rel=\"canonical\" href=\"https:\/\/www.miomiorun.com\/es\/producto\/craft-core-essence-thermal-hat\/\" \/>\n<meta property=\"og:locale\" content=\"es_ES\" \/>\n<meta property=\"og:type\" content=\"article\" \/>\n<meta property=\"og:title\" content=\"Craft Core Essence Thermal Hat - Gorro de invierno - MioMioRun.com\" \/>\n<meta property=\"og:description\" content=\"El Core Essence Thermal Hat es un gorro de entrenamiento ligero confeccionado en tejido t\u00e9rmico cepillado para ofrecer una calidez y una comodidad \u00f3ptimas.\" \/>\n<meta property=\"og:url\" content=\"https:\/\/www.miomiorun.com\/es\/producto\/craft-core-essence-thermal-hat\/\" \/>\n<meta property=\"og:site_name\" content=\"MioMioRun\" \/>\n<meta property=\"article:publisher\" content=\"https:\/\/www.facebook.com\/miomiorun\/\" \/>\n<meta property=\"article:modified_time\" content=\"2026-04-30T08:45:38+00:00\" \/>\n<meta property=\"og:image\" content=\"https:\/\/www.miomiorun.com\/app\/uploads\/2021\/04\/craft-Core-Essence-Thermal-Hat-1909932-349000.jpg\" \/>\n\t<meta property=\"og:image:width\" content=\"600\" \/>\n\t<meta property=\"og:image:height\" content=\"600\" \/>\n\t<meta property=\"og:image:type\" content=\"image\/jpeg\" \/>\n<meta name=\"twitter:card\" content=\"summary_large_image\" \/>\n<meta name=\"twitter:label1\" content=\"Est. reading time\" \/>\n\t<meta name=\"twitter:data1\" content=\"1 minute\" \/>\n<script type=\"application\/ld+json\" class=\"yoast-schema-graph\">{\"@context\":\"https:\/\/schema.org\",\"@graph\":[{\"@type\":\"WebPage\",\"@id\":\"https:\/\/www.miomiorun.com\/es\/producto\/craft-core-essence-thermal-hat\/\",\"url\":\"https:\/\/www.miomiorun.com\/es\/producto\/craft-core-essence-thermal-hat\/\",\"name\":\"Craft Core Essence Thermal Hat - Gorro de invierno - MioMioRun.com\",\"isPartOf\":{\"@id\":\"https:\/\/www.miomiorun.com\/es\/#website\"},\"primaryImageOfPage\":{\"@id\":\"https:\/\/www.miomiorun.com\/es\/producto\/craft-core-essence-thermal-hat\/#primaryimage\"},\"image\":{\"@id\":\"https:\/\/www.miomiorun.com\/es\/producto\/craft-core-essence-thermal-hat\/#primaryimage\"},\"thumbnailUrl\":\"https:\/\/www.miomiorun.com\/app\/uploads\/2021\/04\/craft-Core-Essence-Thermal-Hat-1909932-349000.jpg\",\"datePublished\":\"2021-04-29T08:42:18+00:00\",\"dateModified\":\"2026-04-30T08:45:38+00:00\",\"description\":\"El Core Essence Thermal Hat es un gorro de entrenamiento ligero confeccionado en tejido t\u00e9rmico cepillado para ofrecer una calidez y una comodidad \u00f3ptimas.\",\"breadcrumb\":{\"@id\":\"https:\/\/www.miomiorun.com\/es\/producto\/craft-core-essence-thermal-hat\/#breadcrumb\"},\"inLanguage\":\"es-ES\",\"potentialAction\":[{\"@type\":\"ReadAction\",\"target\":[\"https:\/\/www.miomiorun.com\/es\/producto\/craft-core-essence-thermal-hat\/\"]}]},{\"@type\":\"ImageObject\",\"inLanguage\":\"es-ES\",\"@id\":\"https:\/\/www.miomiorun.com\/es\/producto\/craft-core-essence-thermal-hat\/#primaryimage\",\"url\":\"https:\/\/www.miomiorun.com\/app\/uploads\/2021\/04\/craft-Core-Essence-Thermal-Hat-1909932-349000.jpg\",\"contentUrl\":\"https:\/\/www.miomiorun.com\/app\/uploads\/2021\/04\/craft-Core-Essence-Thermal-Hat-1909932-349000.jpg\",\"width\":600,\"height\":600,\"caption\":\"craft core essence thermal hat\"},{\"@type\":\"BreadcrumbList\",\"@id\":\"https:\/\/www.miomiorun.com\/es\/producto\/craft-core-essence-thermal-hat\/#breadcrumb\",\"itemListElement\":[{\"@type\":\"ListItem\",\"position\":1,\"name\":\"Home\",\"item\":\"https:\/\/www.miomiorun.com\/es\/\"},{\"@type\":\"ListItem\",\"position\":2,\"name\":\"Shop\",\"item\":\"https:\/\/www.miomiorun.com\/shop\/\"},{\"@type\":\"ListItem\",\"position\":3,\"name\":\"Core Essence Thermal Hat\"}]},{\"@type\":\"WebSite\",\"@id\":\"https:\/\/www.miomiorun.com\/es\/#website\",\"url\":\"https:\/\/www.miomiorun.com\/es\/\",\"name\":\"MioMioRun\",\"description\":\"Tienda 100% running y trail\",\"publisher\":{\"@id\":\"https:\/\/www.miomiorun.com\/es\/#organization\"},\"potentialAction\":[{\"@type\":\"SearchAction\",\"target\":{\"@type\":\"EntryPoint\",\"urlTemplate\":\"https:\/\/www.miomiorun.com\/es\/?s={search_term_string}\"},\"query-input\":{\"@type\":\"PropertyValueSpecification\",\"valueRequired\":true,\"valueName\":\"search_term_string\"}}],\"inLanguage\":\"es-ES\"},{\"@type\":\"Organization\",\"@id\":\"https:\/\/www.miomiorun.com\/es\/#organization\",\"name\":\"MioMio Run\",\"url\":\"https:\/\/www.miomiorun.com\/es\/\",\"logo\":{\"@type\":\"ImageObject\",\"inLanguage\":\"es-ES\",\"@id\":\"https:\/\/www.miomiorun.com\/es\/#\/schema\/logo\/image\/\",\"url\":\"https:\/\/www.miomiorun.com\/app\/uploads\/2019\/12\/logomio.png\",\"contentUrl\":\"https:\/\/www.miomiorun.com\/app\/uploads\/2019\/12\/logomio.png\",\"width\":115,\"height\":82,\"caption\":\"MioMio Run\"},\"image\":{\"@id\":\"https:\/\/www.miomiorun.com\/es\/#\/schema\/logo\/image\/\"},\"sameAs\":[\"https:\/\/www.facebook.com\/miomiorun\/\",\"https:\/\/www.instagram.com\/miomiorun\/\"]}]}<\/script>\n<!-- \/ Yoast SEO plugin. -->","yoast_head_json":{"title":"Craft Core Essence Thermal Hat - Gorro de invierno - MioMioRun.com","description":"El Core Essence Thermal Hat es un gorro de entrenamiento ligero confeccionado en tejido t\u00e9rmico cepillado para ofrecer una calidez y una comodidad \u00f3ptimas.","robots":{"index":"index","follow":"follow","max-snippet":"max-snippet:-1","max-image-preview":"max-image-preview:large","max-video-preview":"max-video-preview:-1"},"canonical":"https:\/\/www.miomiorun.com\/es\/producto\/craft-core-essence-thermal-hat\/","og_locale":"es_ES","og_type":"article","og_title":"Craft Core Essence Thermal Hat - Gorro de invierno - MioMioRun.com","og_description":"El Core Essence Thermal Hat es un gorro de entrenamiento ligero confeccionado en tejido t\u00e9rmico cepillado para ofrecer una calidez y una comodidad \u00f3ptimas.","og_url":"https:\/\/www.miomiorun.com\/es\/producto\/craft-core-essence-thermal-hat\/","og_site_name":"MioMioRun","article_publisher":"https:\/\/www.facebook.com\/miomiorun\/","article_modified_time":"2026-04-30T08:45:38+00:00","og_image":[{"width":600,"height":600,"url":"https:\/\/www.miomiorun.com\/app\/uploads\/2021\/04\/craft-Core-Essence-Thermal-Hat-1909932-349000.jpg","type":"image\/jpeg"}],"twitter_card":"summary_large_image","twitter_misc":{"Est. reading time":"1 minute"},"schema":{"@context":"https:\/\/schema.org","@graph":[{"@type":"WebPage","@id":"https:\/\/www.miomiorun.com\/es\/producto\/craft-core-essence-thermal-hat\/","url":"https:\/\/www.miomiorun.com\/es\/producto\/craft-core-essence-thermal-hat\/","name":"Craft Core Essence Thermal Hat - Gorro de invierno - MioMioRun.com","isPartOf":{"@id":"https:\/\/www.miomiorun.com\/es\/#website"},"primaryImageOfPage":{"@id":"https:\/\/www.miomiorun.com\/es\/producto\/craft-core-essence-thermal-hat\/#primaryimage"},"image":{"@id":"https:\/\/www.miomiorun.com\/es\/producto\/craft-core-essence-thermal-hat\/#primaryimage"},"thumbnailUrl":"https:\/\/www.miomiorun.com\/app\/uploads\/2021\/04\/craft-Core-Essence-Thermal-Hat-1909932-349000.jpg","datePublished":"2021-04-29T08:42:18+00:00","dateModified":"2026-04-30T08:45:38+00:00","description":"El Core Essence Thermal Hat es un gorro de entrenamiento ligero confeccionado en tejido t\u00e9rmico cepillado para ofrecer una calidez y una comodidad \u00f3ptimas.","breadcrumb":{"@id":"https:\/\/www.miomiorun.com\/es\/producto\/craft-core-essence-thermal-hat\/#breadcrumb"},"inLanguage":"es-ES","potentialAction":[{"@type":"ReadAction","target":["https:\/\/www.miomiorun.com\/es\/producto\/craft-core-essence-thermal-hat\/"]}]},{"@type":"ImageObject","inLanguage":"es-ES","@id":"https:\/\/www.miomiorun.com\/es\/producto\/craft-core-essence-thermal-hat\/#primaryimage","url":"https:\/\/www.miomiorun.com\/app\/uploads\/2021\/04\/craft-Core-Essence-Thermal-Hat-1909932-349000.jpg","contentUrl":"https:\/\/www.miomiorun.com\/app\/uploads\/2021\/04\/craft-Core-Essence-Thermal-Hat-1909932-349000.jpg","width":600,"height":600,"caption":"craft core essence thermal hat"},{"@type":"BreadcrumbList","@id":"https:\/\/www.miomiorun.com\/es\/producto\/craft-core-essence-thermal-hat\/#breadcrumb","itemListElement":[{"@type":"ListItem","position":1,"name":"Home","item":"https:\/\/www.miomiorun.com\/es\/"},{"@type":"ListItem","position":2,"name":"Shop","item":"https:\/\/www.miomiorun.com\/shop\/"},{"@type":"ListItem","position":3,"name":"Core Essence Thermal Hat"}]},{"@type":"WebSite","@id":"https:\/\/www.miomiorun.com\/es\/#website","url":"https:\/\/www.miomiorun.com\/es\/","name":"MioMioRun","description":"Tienda 100% running y trail","publisher":{"@id":"https:\/\/www.miomiorun.com\/es\/#organization"},"potentialAction":[{"@type":"SearchAction","target":{"@type":"EntryPoint","urlTemplate":"https:\/\/www.miomiorun.com\/es\/?s={search_term_string}"},"query-input":{"@type":"PropertyValueSpecification","valueRequired":true,"valueName":"search_term_string"}}],"inLanguage":"es-ES"},{"@type":"Organization","@id":"https:\/\/www.miomiorun.com\/es\/#organization","name":"MioMio Run","url":"https:\/\/www.miomiorun.com\/es\/","logo":{"@type":"ImageObject","inLanguage":"es-ES","@id":"https:\/\/www.miomiorun.com\/es\/#\/schema\/logo\/image\/","url":"https:\/\/www.miomiorun.com\/app\/uploads\/2019\/12\/logomio.png","contentUrl":"https:\/\/www.miomiorun.com\/app\/uploads\/2019\/12\/logomio.png","width":115,"height":82,"caption":"MioMio Run"},"image":{"@id":"https:\/\/www.miomiorun.com\/es\/#\/schema\/logo\/image\/"},"sameAs":["https:\/\/www.facebook.com\/miomiorun\/","https:\/\/www.instagram.com\/miomiorun\/"]}]}},"_links":{"self":[{"href":"https:\/\/www.miomiorun.com\/es\/wp-json\/wp\/v2\/product\/277809","targetHints":{"allow":["GET"]}}],"collection":[{"href":"https:\/\/www.miomiorun.com\/es\/wp-json\/wp\/v2\/product"}],"about":[{"href":"https:\/\/www.miomiorun.com\/es\/wp-json\/wp\/v2\/types\/product"}],"wp:featuredmedia":[{"embeddable":true,"href":"https:\/\/www.miomiorun.com\/es\/wp-json\/wp\/v2\/media\/231976"}],"wp:attachment":[{"href":"https:\/\/www.miomiorun.com\/es\/wp-json\/wp\/v2\/media?parent=277809"}],"wp:term":[{"taxonomy":"product_brand","embeddable":true,"href":"https:\/\/www.miomiorun.com\/es\/wp-json\/wp\/v2\/product_brand?post=277809"},{"taxonomy":"product_cat","embeddable":true,"href":"https:\/\/www.miomiorun.com\/es\/wp-json\/wp\/v2\/product_cat?post=277809"},{"taxonomy":"product_tag","embeddable":true,"href":"https:\/\/www.miomiorun.com\/es\/wp-json\/wp\/v2\/product_tag?post=277809"}],"curies":[{"name":"wp","href":"https:\/\/api.w.org\/{rel}","templated":true}]}}