{"id":277797,"date":"2021-04-28T19:17:22","date_gmt":"2021-04-28T17:17:22","guid":{"rendered":"https:\/\/miomiorun.com\/prodotto\/craft-pro-hypervent-ss-tee-uomo\/"},"modified":"2026-04-30T10:44:49","modified_gmt":"2026-04-30T08:44:49","slug":"craft-pro-hypervent-ss-tee-hombre","status":"publish","type":"product","link":"https:\/\/www.miomiorun.com\/es\/producto\/craft-pro-hypervent-ss-tee-hombre\/","title":{"rendered":"Pro Hypervent SS Tee hombre"},"content":{"rendered":"<p>La camiseta Pro Hypervent SS es una camiseta de running ligera de nivel profesional que ofrece una ventilaci\u00f3n y una refrigeraci\u00f3n excepcionales para un rendimiento \u00f3ptimo en condiciones de calor.<\/p>\n<p>Esta camiseta de running de \u00faltima tecnolog\u00eda est\u00e1 confeccionada con un tejido ligero y altamente funcional que ofrece una excelente evacuaci\u00f3n de la humedad y refrigeraci\u00f3n. Adem\u00e1s, los paneles de malla adaptados a la anatom\u00eda del cuerpo proporcionan una mayor transpirabilidad, mientras que las costuras selladas reducen al m\u00ednimo las rozaduras.<\/p>\n<p>Ultraligero y ultratranspirable<br \/>\nPro Hypervent es un concepto de nivel profesional, ultraligero y ultratranspirable, que eleva el rendimiento para los corredores m\u00e1s exigentes. Los tejidos finos, supersuaves y excepcionalmente ligeros y transpirables garantizan una funcionalidad, una ventilaci\u00f3n y un confort superiores durante las carreras a alta velocidad y en largas distancias en condiciones de calor.<\/p>\n<p>&#8211; Tejido ligero y altamente funcional<br \/>\n&#8211; Malla de poli\u00e9ster adaptada al cuerpo para una ventilaci\u00f3n \u00f3ptima<br \/>\n&#8211; Costuras selladas para evitar rozaduras<br \/>\n&#8211; Detalles reflectantes<\/p>\n<h2>Materiales y lavado<\/h2>\n<p>90 % poli\u00e9ster, 10 % elastano<\/p>\n<p>Lavar a m\u00e1quina a 40 grados.<\/p>\n","protected":false},"excerpt":{"rendered":"<p><span style=\"font-weight: 400\">Camiseta t\u00e9cnica ligera y transpirable.<\/span><\/p>\n","protected":false},"featured_media":237000,"template":"","meta":{"_acf_changed":false,"inline_featured_image":false},"product_brand":[],"product_cat":[24455,24463,24464],"product_tag":[23553,23663],"class_list":{"0":"post-277797","1":"product","2":"type-product","3":"status-publish","4":"has-post-thumbnail","6":"product_cat-camiseta-es-2","7":"product_cat-ropa-de-hombre-es","8":"product_cat-hombre","9":"product_tag-craft-es","10":"product_tag-craft-hombre","11":"pa_attivita-caminar","12":"pa_attivita-fitness-es","13":"pa_attivita-running-es","14":"pa_colore-pro-hypervent-ss-tee-granite-ash-es-2","15":"pa_colore-pro-hypervent-ss-tee-moss-flex-es","16":"pa_marca-craft-es","17":"pa_sesso-hombre","18":"pa_size-small-es","19":"pa_size-medium-es","21":"first","22":"instock","23":"sale","24":"taxable","25":"shipping-taxable","26":"purchasable","27":"product-type-variable","28":"wvs-archive-product-wrapper"},"acf":[],"yoast_head":"<!-- This site is optimized with the Yoast SEO plugin v26.8 - https:\/\/yoast.com\/product\/yoast-seo-wordpress\/ -->\n<title>Craft Pro Hypervent SS Tee hombre - Camiseta para correr - MioMioRun.com<\/title>\n<meta name=\"description\" content=\"Camiseta de running de alta tecnolog\u00eda, confeccionada con un tejido ligero y muy funcional que garantiza una mayor transpirabilidad.\" \/>\n<meta name=\"robots\" content=\"index, follow, max-snippet:-1, max-image-preview:large, max-video-preview:-1\" \/>\n<link rel=\"canonical\" href=\"https:\/\/www.miomiorun.com\/es\/producto\/craft-pro-hypervent-ss-tee-hombre\/\" \/>\n<meta property=\"og:locale\" content=\"es_ES\" \/>\n<meta property=\"og:type\" content=\"article\" \/>\n<meta property=\"og:title\" content=\"Craft Pro Hypervent SS Tee hombre - Camiseta para correr - MioMioRun.com\" \/>\n<meta property=\"og:description\" content=\"Camiseta de running de alta tecnolog\u00eda, confeccionada con un tejido ligero y muy funcional que garantiza una mayor transpirabilidad.\" \/>\n<meta property=\"og:url\" content=\"https:\/\/www.miomiorun.com\/es\/producto\/craft-pro-hypervent-ss-tee-hombre\/\" \/>\n<meta property=\"og:site_name\" content=\"MioMioRun\" \/>\n<meta property=\"article:publisher\" content=\"https:\/\/www.facebook.com\/miomiorun\/\" \/>\n<meta property=\"article:modified_time\" content=\"2026-04-30T08:44:49+00:00\" \/>\n<meta property=\"og:image\" content=\"https:\/\/www.miomiorun.com\/app\/uploads\/2022\/06\/craft-pro-hypervent-ss-tee-granite-ash-1910415-985914.jpg\" \/>\n\t<meta property=\"og:image:width\" content=\"600\" \/>\n\t<meta property=\"og:image:height\" content=\"600\" \/>\n\t<meta property=\"og:image:type\" content=\"image\/jpeg\" \/>\n<meta name=\"twitter:card\" content=\"summary_large_image\" \/>\n<meta name=\"twitter:label1\" content=\"Est. reading time\" \/>\n\t<meta name=\"twitter:data1\" content=\"1 minute\" \/>\n<script type=\"application\/ld+json\" class=\"yoast-schema-graph\">{\"@context\":\"https:\/\/schema.org\",\"@graph\":[{\"@type\":\"WebPage\",\"@id\":\"https:\/\/www.miomiorun.com\/es\/producto\/craft-pro-hypervent-ss-tee-hombre\/\",\"url\":\"https:\/\/www.miomiorun.com\/es\/producto\/craft-pro-hypervent-ss-tee-hombre\/\",\"name\":\"Craft Pro Hypervent SS Tee hombre - Camiseta para correr - MioMioRun.com\",\"isPartOf\":{\"@id\":\"https:\/\/www.miomiorun.com\/es\/#website\"},\"primaryImageOfPage\":{\"@id\":\"https:\/\/www.miomiorun.com\/es\/producto\/craft-pro-hypervent-ss-tee-hombre\/#primaryimage\"},\"image\":{\"@id\":\"https:\/\/www.miomiorun.com\/es\/producto\/craft-pro-hypervent-ss-tee-hombre\/#primaryimage\"},\"thumbnailUrl\":\"https:\/\/www.miomiorun.com\/app\/uploads\/2022\/06\/craft-pro-hypervent-ss-tee-granite-ash-1910415-985914.jpg\",\"datePublished\":\"2021-04-28T17:17:22+00:00\",\"dateModified\":\"2026-04-30T08:44:49+00:00\",\"description\":\"Camiseta de running de alta tecnolog\u00eda, confeccionada con un tejido ligero y muy funcional que garantiza una mayor transpirabilidad.\",\"breadcrumb\":{\"@id\":\"https:\/\/www.miomiorun.com\/es\/producto\/craft-pro-hypervent-ss-tee-hombre\/#breadcrumb\"},\"inLanguage\":\"es-ES\",\"potentialAction\":[{\"@type\":\"ReadAction\",\"target\":[\"https:\/\/www.miomiorun.com\/es\/producto\/craft-pro-hypervent-ss-tee-hombre\/\"]}]},{\"@type\":\"ImageObject\",\"inLanguage\":\"es-ES\",\"@id\":\"https:\/\/www.miomiorun.com\/es\/producto\/craft-pro-hypervent-ss-tee-hombre\/#primaryimage\",\"url\":\"https:\/\/www.miomiorun.com\/app\/uploads\/2022\/06\/craft-pro-hypervent-ss-tee-granite-ash-1910415-985914.jpg\",\"contentUrl\":\"https:\/\/www.miomiorun.com\/app\/uploads\/2022\/06\/craft-pro-hypervent-ss-tee-granite-ash-1910415-985914.jpg\",\"width\":600,\"height\":600,\"caption\":\"craft-pro-hypervent-ss-tee-granite-ash-1910415-985914\"},{\"@type\":\"BreadcrumbList\",\"@id\":\"https:\/\/www.miomiorun.com\/es\/producto\/craft-pro-hypervent-ss-tee-hombre\/#breadcrumb\",\"itemListElement\":[{\"@type\":\"ListItem\",\"position\":1,\"name\":\"Home\",\"item\":\"https:\/\/www.miomiorun.com\/es\/\"},{\"@type\":\"ListItem\",\"position\":2,\"name\":\"Shop\",\"item\":\"https:\/\/www.miomiorun.com\/shop\/\"},{\"@type\":\"ListItem\",\"position\":3,\"name\":\"Pro Hypervent SS Tee hombre\"}]},{\"@type\":\"WebSite\",\"@id\":\"https:\/\/www.miomiorun.com\/es\/#website\",\"url\":\"https:\/\/www.miomiorun.com\/es\/\",\"name\":\"MioMioRun\",\"description\":\"Tienda 100% running y trail\",\"publisher\":{\"@id\":\"https:\/\/www.miomiorun.com\/es\/#organization\"},\"potentialAction\":[{\"@type\":\"SearchAction\",\"target\":{\"@type\":\"EntryPoint\",\"urlTemplate\":\"https:\/\/www.miomiorun.com\/es\/?s={search_term_string}\"},\"query-input\":{\"@type\":\"PropertyValueSpecification\",\"valueRequired\":true,\"valueName\":\"search_term_string\"}}],\"inLanguage\":\"es-ES\"},{\"@type\":\"Organization\",\"@id\":\"https:\/\/www.miomiorun.com\/es\/#organization\",\"name\":\"MioMio Run\",\"url\":\"https:\/\/www.miomiorun.com\/es\/\",\"logo\":{\"@type\":\"ImageObject\",\"inLanguage\":\"es-ES\",\"@id\":\"https:\/\/www.miomiorun.com\/es\/#\/schema\/logo\/image\/\",\"url\":\"https:\/\/www.miomiorun.com\/app\/uploads\/2019\/12\/logomio.png\",\"contentUrl\":\"https:\/\/www.miomiorun.com\/app\/uploads\/2019\/12\/logomio.png\",\"width\":115,\"height\":82,\"caption\":\"MioMio Run\"},\"image\":{\"@id\":\"https:\/\/www.miomiorun.com\/es\/#\/schema\/logo\/image\/\"},\"sameAs\":[\"https:\/\/www.facebook.com\/miomiorun\/\",\"https:\/\/www.instagram.com\/miomiorun\/\"]}]}<\/script>\n<!-- \/ Yoast SEO plugin. -->","yoast_head_json":{"title":"Craft Pro Hypervent SS Tee hombre - Camiseta para correr - MioMioRun.com","description":"Camiseta de running de alta tecnolog\u00eda, confeccionada con un tejido ligero y muy funcional que garantiza una mayor transpirabilidad.","robots":{"index":"index","follow":"follow","max-snippet":"max-snippet:-1","max-image-preview":"max-image-preview:large","max-video-preview":"max-video-preview:-1"},"canonical":"https:\/\/www.miomiorun.com\/es\/producto\/craft-pro-hypervent-ss-tee-hombre\/","og_locale":"es_ES","og_type":"article","og_title":"Craft Pro Hypervent SS Tee hombre - Camiseta para correr - MioMioRun.com","og_description":"Camiseta de running de alta tecnolog\u00eda, confeccionada con un tejido ligero y muy funcional que garantiza una mayor transpirabilidad.","og_url":"https:\/\/www.miomiorun.com\/es\/producto\/craft-pro-hypervent-ss-tee-hombre\/","og_site_name":"MioMioRun","article_publisher":"https:\/\/www.facebook.com\/miomiorun\/","article_modified_time":"2026-04-30T08:44:49+00:00","og_image":[{"width":600,"height":600,"url":"https:\/\/www.miomiorun.com\/app\/uploads\/2022\/06\/craft-pro-hypervent-ss-tee-granite-ash-1910415-985914.jpg","type":"image\/jpeg"}],"twitter_card":"summary_large_image","twitter_misc":{"Est. reading time":"1 minute"},"schema":{"@context":"https:\/\/schema.org","@graph":[{"@type":"WebPage","@id":"https:\/\/www.miomiorun.com\/es\/producto\/craft-pro-hypervent-ss-tee-hombre\/","url":"https:\/\/www.miomiorun.com\/es\/producto\/craft-pro-hypervent-ss-tee-hombre\/","name":"Craft Pro Hypervent SS Tee hombre - Camiseta para correr - MioMioRun.com","isPartOf":{"@id":"https:\/\/www.miomiorun.com\/es\/#website"},"primaryImageOfPage":{"@id":"https:\/\/www.miomiorun.com\/es\/producto\/craft-pro-hypervent-ss-tee-hombre\/#primaryimage"},"image":{"@id":"https:\/\/www.miomiorun.com\/es\/producto\/craft-pro-hypervent-ss-tee-hombre\/#primaryimage"},"thumbnailUrl":"https:\/\/www.miomiorun.com\/app\/uploads\/2022\/06\/craft-pro-hypervent-ss-tee-granite-ash-1910415-985914.jpg","datePublished":"2021-04-28T17:17:22+00:00","dateModified":"2026-04-30T08:44:49+00:00","description":"Camiseta de running de alta tecnolog\u00eda, confeccionada con un tejido ligero y muy funcional que garantiza una mayor transpirabilidad.","breadcrumb":{"@id":"https:\/\/www.miomiorun.com\/es\/producto\/craft-pro-hypervent-ss-tee-hombre\/#breadcrumb"},"inLanguage":"es-ES","potentialAction":[{"@type":"ReadAction","target":["https:\/\/www.miomiorun.com\/es\/producto\/craft-pro-hypervent-ss-tee-hombre\/"]}]},{"@type":"ImageObject","inLanguage":"es-ES","@id":"https:\/\/www.miomiorun.com\/es\/producto\/craft-pro-hypervent-ss-tee-hombre\/#primaryimage","url":"https:\/\/www.miomiorun.com\/app\/uploads\/2022\/06\/craft-pro-hypervent-ss-tee-granite-ash-1910415-985914.jpg","contentUrl":"https:\/\/www.miomiorun.com\/app\/uploads\/2022\/06\/craft-pro-hypervent-ss-tee-granite-ash-1910415-985914.jpg","width":600,"height":600,"caption":"craft-pro-hypervent-ss-tee-granite-ash-1910415-985914"},{"@type":"BreadcrumbList","@id":"https:\/\/www.miomiorun.com\/es\/producto\/craft-pro-hypervent-ss-tee-hombre\/#breadcrumb","itemListElement":[{"@type":"ListItem","position":1,"name":"Home","item":"https:\/\/www.miomiorun.com\/es\/"},{"@type":"ListItem","position":2,"name":"Shop","item":"https:\/\/www.miomiorun.com\/shop\/"},{"@type":"ListItem","position":3,"name":"Pro Hypervent SS Tee hombre"}]},{"@type":"WebSite","@id":"https:\/\/www.miomiorun.com\/es\/#website","url":"https:\/\/www.miomiorun.com\/es\/","name":"MioMioRun","description":"Tienda 100% running y trail","publisher":{"@id":"https:\/\/www.miomiorun.com\/es\/#organization"},"potentialAction":[{"@type":"SearchAction","target":{"@type":"EntryPoint","urlTemplate":"https:\/\/www.miomiorun.com\/es\/?s={search_term_string}"},"query-input":{"@type":"PropertyValueSpecification","valueRequired":true,"valueName":"search_term_string"}}],"inLanguage":"es-ES"},{"@type":"Organization","@id":"https:\/\/www.miomiorun.com\/es\/#organization","name":"MioMio Run","url":"https:\/\/www.miomiorun.com\/es\/","logo":{"@type":"ImageObject","inLanguage":"es-ES","@id":"https:\/\/www.miomiorun.com\/es\/#\/schema\/logo\/image\/","url":"https:\/\/www.miomiorun.com\/app\/uploads\/2019\/12\/logomio.png","contentUrl":"https:\/\/www.miomiorun.com\/app\/uploads\/2019\/12\/logomio.png","width":115,"height":82,"caption":"MioMio Run"},"image":{"@id":"https:\/\/www.miomiorun.com\/es\/#\/schema\/logo\/image\/"},"sameAs":["https:\/\/www.facebook.com\/miomiorun\/","https:\/\/www.instagram.com\/miomiorun\/"]}]}},"_links":{"self":[{"href":"https:\/\/www.miomiorun.com\/es\/wp-json\/wp\/v2\/product\/277797","targetHints":{"allow":["GET"]}}],"collection":[{"href":"https:\/\/www.miomiorun.com\/es\/wp-json\/wp\/v2\/product"}],"about":[{"href":"https:\/\/www.miomiorun.com\/es\/wp-json\/wp\/v2\/types\/product"}],"wp:featuredmedia":[{"embeddable":true,"href":"https:\/\/www.miomiorun.com\/es\/wp-json\/wp\/v2\/media\/237000"}],"wp:attachment":[{"href":"https:\/\/www.miomiorun.com\/es\/wp-json\/wp\/v2\/media?parent=277797"}],"wp:term":[{"taxonomy":"product_brand","embeddable":true,"href":"https:\/\/www.miomiorun.com\/es\/wp-json\/wp\/v2\/product_brand?post=277797"},{"taxonomy":"product_cat","embeddable":true,"href":"https:\/\/www.miomiorun.com\/es\/wp-json\/wp\/v2\/product_cat?post=277797"},{"taxonomy":"product_tag","embeddable":true,"href":"https:\/\/www.miomiorun.com\/es\/wp-json\/wp\/v2\/product_tag?post=277797"}],"curies":[{"name":"wp","href":"https:\/\/api.w.org\/{rel}","templated":true}]}}