{"id":277738,"date":"2021-04-29T16:30:48","date_gmt":"2021-04-29T14:30:48","guid":{"rendered":"https:\/\/miomiorun.com\/prodotto\/craft-pro-dry-nanoweight-ls-donna\/"},"modified":"2026-04-30T10:49:56","modified_gmt":"2026-04-30T08:49:56","slug":"craft-pro-dry-nanoweight-ls-mujer","status":"publish","type":"product","link":"https:\/\/www.miomiorun.com\/es\/producto\/craft-pro-dry-nanoweight-ls-mujer\/","title":{"rendered":"Pro Dry Nanoweight LS mujer"},"content":{"rendered":"<p>Camiseta interior de manga larga de malla ultraligera para un rendimiento de primer nivel.<\/p>\n<p>Pro Dry Nanoweight LS es una camiseta interior de manga larga confeccionada en malla ultraligera con una gesti\u00f3n de la humedad superior, dise\u00f1ada para deportistas de alto rendimiento. La prenda est\u00e1 fabricada con un tejido de malla excepcionalmente fino y cuenta con detalles ribeteados que le confieren un corte ajustado y ligero. La elecci\u00f3n perfecta cuando necesitas la mejor evacuaci\u00f3n posible de la humedad de la piel hacia la capa siguiente.<\/p>\n<p>&#8211; Tejido de malla superligero (80 g\/m\u00b2)<br \/>\n&#8211; Poli\u00e9ster reciclado<br \/>\n&#8211; Detalles ribeteados<br \/>\n&#8211; Ajuste ce\u00f1ido<br \/>\n&#8211; Mangas ragl\u00e1n<\/p>\n<h2>Materiales y lavado<\/h2>\n<p>48 % poli\u00e9ster, 39 % poli\u00e9ster reciclado, 13 % elastano<\/p>\n<p>Lavar a m\u00e1quina a 40 grados.<\/p>\n","protected":false},"excerpt":{"rendered":"<p>Camiseta interior de manga larga de malla ultraligera para un rendimiento de primer nivel. Pro Dry Nanoweight LS es una camiseta interior de manga larga confeccionada en malla ultraligera con una gesti\u00f3n de la humedad superior, dise\u00f1ada para deportistas de alto rendimiento. La prenda est\u00e1 fabricada con un tejido de malla excepcionalmente fino y cuenta &hellip; <a href=\"https:\/\/www.miomiorun.com\/es\/producto\/craft-pro-dry-nanoweight-ls-mujer\/\">Continued<\/a><\/p>\n","protected":false},"featured_media":231990,"template":"","meta":{"_acf_changed":false,"inline_featured_image":false},"product_brand":[],"product_cat":[24401,24397,24402],"product_tag":[23553,23659],"class_list":{"0":"post-277738","1":"product","2":"type-product","3":"status-publish","4":"has-post-thumbnail","6":"product_cat-ropa-de-mujer","7":"product_cat-ropa-interior","8":"product_cat-mujer","9":"product_tag-craft-es","10":"product_tag-craft-mujer","11":"pa_attivita-caminar","12":"pa_attivita-outdoor-es","13":"pa_attivita-running-es","14":"pa_attivita-trail-es","15":"pa_marca-craft-es","16":"pa_sesso-mujer","17":"pa_size-medium-es","19":"first","20":"instock","21":"sale","22":"taxable","23":"shipping-taxable","24":"purchasable","25":"product-type-variable","26":"wvs-archive-product-wrapper"},"acf":[],"yoast_head":"<!-- This site is optimized with the Yoast SEO plugin v26.8 - https:\/\/yoast.com\/product\/yoast-seo-wordpress\/ -->\n<title>Craft Pro Dry Nanoweight LS mujer - Ropa interior t\u00e9rmica - MioMioRun<\/title>\n<meta name=\"description\" content=\"Pro Dry Nanoweight LS es una camiseta interior de manga larga confeccionada en malla ultraligera con una excelente gesti\u00f3n de la humedad\" \/>\n<meta name=\"robots\" content=\"index, follow, max-snippet:-1, max-image-preview:large, max-video-preview:-1\" \/>\n<link rel=\"canonical\" href=\"https:\/\/www.miomiorun.com\/es\/producto\/craft-pro-dry-nanoweight-ls-mujer\/\" \/>\n<meta property=\"og:locale\" content=\"es_ES\" \/>\n<meta property=\"og:type\" content=\"article\" \/>\n<meta property=\"og:title\" content=\"Craft Pro Dry Nanoweight LS mujer - Ropa interior t\u00e9rmica - MioMioRun\" \/>\n<meta property=\"og:description\" content=\"Pro Dry Nanoweight LS es una camiseta interior de manga larga confeccionada en malla ultraligera con una excelente gesti\u00f3n de la humedad\" \/>\n<meta property=\"og:url\" content=\"https:\/\/www.miomiorun.com\/es\/producto\/craft-pro-dry-nanoweight-ls-mujer\/\" \/>\n<meta property=\"og:site_name\" content=\"MioMioRun\" \/>\n<meta property=\"article:publisher\" content=\"https:\/\/www.facebook.com\/miomiorun\/\" \/>\n<meta property=\"article:modified_time\" content=\"2026-04-30T08:49:56+00:00\" \/>\n<meta property=\"og:image\" content=\"https:\/\/www.miomiorun.com\/app\/uploads\/2021\/04\/craft-Nanoweight-LS-1908855-999000.jpg\" \/>\n\t<meta property=\"og:image:width\" content=\"600\" \/>\n\t<meta property=\"og:image:height\" content=\"600\" \/>\n\t<meta property=\"og:image:type\" content=\"image\/jpeg\" \/>\n<meta name=\"twitter:card\" content=\"summary_large_image\" \/>\n<meta name=\"twitter:label1\" content=\"Est. reading time\" \/>\n\t<meta name=\"twitter:data1\" content=\"1 minute\" \/>\n<script type=\"application\/ld+json\" class=\"yoast-schema-graph\">{\"@context\":\"https:\/\/schema.org\",\"@graph\":[{\"@type\":\"WebPage\",\"@id\":\"https:\/\/www.miomiorun.com\/es\/producto\/craft-pro-dry-nanoweight-ls-mujer\/\",\"url\":\"https:\/\/www.miomiorun.com\/es\/producto\/craft-pro-dry-nanoweight-ls-mujer\/\",\"name\":\"Craft Pro Dry Nanoweight LS mujer - Ropa interior t\u00e9rmica - MioMioRun\",\"isPartOf\":{\"@id\":\"https:\/\/www.miomiorun.com\/es\/#website\"},\"primaryImageOfPage\":{\"@id\":\"https:\/\/www.miomiorun.com\/es\/producto\/craft-pro-dry-nanoweight-ls-mujer\/#primaryimage\"},\"image\":{\"@id\":\"https:\/\/www.miomiorun.com\/es\/producto\/craft-pro-dry-nanoweight-ls-mujer\/#primaryimage\"},\"thumbnailUrl\":\"https:\/\/www.miomiorun.com\/app\/uploads\/2021\/04\/craft-Nanoweight-LS-1908855-999000.jpg\",\"datePublished\":\"2021-04-29T14:30:48+00:00\",\"dateModified\":\"2026-04-30T08:49:56+00:00\",\"description\":\"Pro Dry Nanoweight LS es una camiseta interior de manga larga confeccionada en malla ultraligera con una excelente gesti\u00f3n de la humedad\",\"breadcrumb\":{\"@id\":\"https:\/\/www.miomiorun.com\/es\/producto\/craft-pro-dry-nanoweight-ls-mujer\/#breadcrumb\"},\"inLanguage\":\"es-ES\",\"potentialAction\":[{\"@type\":\"ReadAction\",\"target\":[\"https:\/\/www.miomiorun.com\/es\/producto\/craft-pro-dry-nanoweight-ls-mujer\/\"]}]},{\"@type\":\"ImageObject\",\"inLanguage\":\"es-ES\",\"@id\":\"https:\/\/www.miomiorun.com\/es\/producto\/craft-pro-dry-nanoweight-ls-mujer\/#primaryimage\",\"url\":\"https:\/\/www.miomiorun.com\/app\/uploads\/2021\/04\/craft-Nanoweight-LS-1908855-999000.jpg\",\"contentUrl\":\"https:\/\/www.miomiorun.com\/app\/uploads\/2021\/04\/craft-Nanoweight-LS-1908855-999000.jpg\",\"width\":600,\"height\":600,\"caption\":\"craft pro dry nanoweight ls fronte\"},{\"@type\":\"BreadcrumbList\",\"@id\":\"https:\/\/www.miomiorun.com\/es\/producto\/craft-pro-dry-nanoweight-ls-mujer\/#breadcrumb\",\"itemListElement\":[{\"@type\":\"ListItem\",\"position\":1,\"name\":\"Home\",\"item\":\"https:\/\/www.miomiorun.com\/es\/\"},{\"@type\":\"ListItem\",\"position\":2,\"name\":\"Shop\",\"item\":\"https:\/\/www.miomiorun.com\/shop\/\"},{\"@type\":\"ListItem\",\"position\":3,\"name\":\"Pro Dry Nanoweight LS mujer\"}]},{\"@type\":\"WebSite\",\"@id\":\"https:\/\/www.miomiorun.com\/es\/#website\",\"url\":\"https:\/\/www.miomiorun.com\/es\/\",\"name\":\"MioMioRun\",\"description\":\"Tienda 100% running y trail\",\"publisher\":{\"@id\":\"https:\/\/www.miomiorun.com\/es\/#organization\"},\"potentialAction\":[{\"@type\":\"SearchAction\",\"target\":{\"@type\":\"EntryPoint\",\"urlTemplate\":\"https:\/\/www.miomiorun.com\/es\/?s={search_term_string}\"},\"query-input\":{\"@type\":\"PropertyValueSpecification\",\"valueRequired\":true,\"valueName\":\"search_term_string\"}}],\"inLanguage\":\"es-ES\"},{\"@type\":\"Organization\",\"@id\":\"https:\/\/www.miomiorun.com\/es\/#organization\",\"name\":\"MioMio Run\",\"url\":\"https:\/\/www.miomiorun.com\/es\/\",\"logo\":{\"@type\":\"ImageObject\",\"inLanguage\":\"es-ES\",\"@id\":\"https:\/\/www.miomiorun.com\/es\/#\/schema\/logo\/image\/\",\"url\":\"https:\/\/www.miomiorun.com\/app\/uploads\/2019\/12\/logomio.png\",\"contentUrl\":\"https:\/\/www.miomiorun.com\/app\/uploads\/2019\/12\/logomio.png\",\"width\":115,\"height\":82,\"caption\":\"MioMio Run\"},\"image\":{\"@id\":\"https:\/\/www.miomiorun.com\/es\/#\/schema\/logo\/image\/\"},\"sameAs\":[\"https:\/\/www.facebook.com\/miomiorun\/\",\"https:\/\/www.instagram.com\/miomiorun\/\"]}]}<\/script>\n<!-- \/ Yoast SEO plugin. -->","yoast_head_json":{"title":"Craft Pro Dry Nanoweight LS mujer - Ropa interior t\u00e9rmica - MioMioRun","description":"Pro Dry Nanoweight LS es una camiseta interior de manga larga confeccionada en malla ultraligera con una excelente gesti\u00f3n de la humedad","robots":{"index":"index","follow":"follow","max-snippet":"max-snippet:-1","max-image-preview":"max-image-preview:large","max-video-preview":"max-video-preview:-1"},"canonical":"https:\/\/www.miomiorun.com\/es\/producto\/craft-pro-dry-nanoweight-ls-mujer\/","og_locale":"es_ES","og_type":"article","og_title":"Craft Pro Dry Nanoweight LS mujer - Ropa interior t\u00e9rmica - MioMioRun","og_description":"Pro Dry Nanoweight LS es una camiseta interior de manga larga confeccionada en malla ultraligera con una excelente gesti\u00f3n de la humedad","og_url":"https:\/\/www.miomiorun.com\/es\/producto\/craft-pro-dry-nanoweight-ls-mujer\/","og_site_name":"MioMioRun","article_publisher":"https:\/\/www.facebook.com\/miomiorun\/","article_modified_time":"2026-04-30T08:49:56+00:00","og_image":[{"width":600,"height":600,"url":"https:\/\/www.miomiorun.com\/app\/uploads\/2021\/04\/craft-Nanoweight-LS-1908855-999000.jpg","type":"image\/jpeg"}],"twitter_card":"summary_large_image","twitter_misc":{"Est. reading time":"1 minute"},"schema":{"@context":"https:\/\/schema.org","@graph":[{"@type":"WebPage","@id":"https:\/\/www.miomiorun.com\/es\/producto\/craft-pro-dry-nanoweight-ls-mujer\/","url":"https:\/\/www.miomiorun.com\/es\/producto\/craft-pro-dry-nanoweight-ls-mujer\/","name":"Craft Pro Dry Nanoweight LS mujer - Ropa interior t\u00e9rmica - MioMioRun","isPartOf":{"@id":"https:\/\/www.miomiorun.com\/es\/#website"},"primaryImageOfPage":{"@id":"https:\/\/www.miomiorun.com\/es\/producto\/craft-pro-dry-nanoweight-ls-mujer\/#primaryimage"},"image":{"@id":"https:\/\/www.miomiorun.com\/es\/producto\/craft-pro-dry-nanoweight-ls-mujer\/#primaryimage"},"thumbnailUrl":"https:\/\/www.miomiorun.com\/app\/uploads\/2021\/04\/craft-Nanoweight-LS-1908855-999000.jpg","datePublished":"2021-04-29T14:30:48+00:00","dateModified":"2026-04-30T08:49:56+00:00","description":"Pro Dry Nanoweight LS es una camiseta interior de manga larga confeccionada en malla ultraligera con una excelente gesti\u00f3n de la humedad","breadcrumb":{"@id":"https:\/\/www.miomiorun.com\/es\/producto\/craft-pro-dry-nanoweight-ls-mujer\/#breadcrumb"},"inLanguage":"es-ES","potentialAction":[{"@type":"ReadAction","target":["https:\/\/www.miomiorun.com\/es\/producto\/craft-pro-dry-nanoweight-ls-mujer\/"]}]},{"@type":"ImageObject","inLanguage":"es-ES","@id":"https:\/\/www.miomiorun.com\/es\/producto\/craft-pro-dry-nanoweight-ls-mujer\/#primaryimage","url":"https:\/\/www.miomiorun.com\/app\/uploads\/2021\/04\/craft-Nanoweight-LS-1908855-999000.jpg","contentUrl":"https:\/\/www.miomiorun.com\/app\/uploads\/2021\/04\/craft-Nanoweight-LS-1908855-999000.jpg","width":600,"height":600,"caption":"craft pro dry nanoweight ls fronte"},{"@type":"BreadcrumbList","@id":"https:\/\/www.miomiorun.com\/es\/producto\/craft-pro-dry-nanoweight-ls-mujer\/#breadcrumb","itemListElement":[{"@type":"ListItem","position":1,"name":"Home","item":"https:\/\/www.miomiorun.com\/es\/"},{"@type":"ListItem","position":2,"name":"Shop","item":"https:\/\/www.miomiorun.com\/shop\/"},{"@type":"ListItem","position":3,"name":"Pro Dry Nanoweight LS mujer"}]},{"@type":"WebSite","@id":"https:\/\/www.miomiorun.com\/es\/#website","url":"https:\/\/www.miomiorun.com\/es\/","name":"MioMioRun","description":"Tienda 100% running y trail","publisher":{"@id":"https:\/\/www.miomiorun.com\/es\/#organization"},"potentialAction":[{"@type":"SearchAction","target":{"@type":"EntryPoint","urlTemplate":"https:\/\/www.miomiorun.com\/es\/?s={search_term_string}"},"query-input":{"@type":"PropertyValueSpecification","valueRequired":true,"valueName":"search_term_string"}}],"inLanguage":"es-ES"},{"@type":"Organization","@id":"https:\/\/www.miomiorun.com\/es\/#organization","name":"MioMio Run","url":"https:\/\/www.miomiorun.com\/es\/","logo":{"@type":"ImageObject","inLanguage":"es-ES","@id":"https:\/\/www.miomiorun.com\/es\/#\/schema\/logo\/image\/","url":"https:\/\/www.miomiorun.com\/app\/uploads\/2019\/12\/logomio.png","contentUrl":"https:\/\/www.miomiorun.com\/app\/uploads\/2019\/12\/logomio.png","width":115,"height":82,"caption":"MioMio Run"},"image":{"@id":"https:\/\/www.miomiorun.com\/es\/#\/schema\/logo\/image\/"},"sameAs":["https:\/\/www.facebook.com\/miomiorun\/","https:\/\/www.instagram.com\/miomiorun\/"]}]}},"_links":{"self":[{"href":"https:\/\/www.miomiorun.com\/es\/wp-json\/wp\/v2\/product\/277738","targetHints":{"allow":["GET"]}}],"collection":[{"href":"https:\/\/www.miomiorun.com\/es\/wp-json\/wp\/v2\/product"}],"about":[{"href":"https:\/\/www.miomiorun.com\/es\/wp-json\/wp\/v2\/types\/product"}],"wp:featuredmedia":[{"embeddable":true,"href":"https:\/\/www.miomiorun.com\/es\/wp-json\/wp\/v2\/media\/231990"}],"wp:attachment":[{"href":"https:\/\/www.miomiorun.com\/es\/wp-json\/wp\/v2\/media?parent=277738"}],"wp:term":[{"taxonomy":"product_brand","embeddable":true,"href":"https:\/\/www.miomiorun.com\/es\/wp-json\/wp\/v2\/product_brand?post=277738"},{"taxonomy":"product_cat","embeddable":true,"href":"https:\/\/www.miomiorun.com\/es\/wp-json\/wp\/v2\/product_cat?post=277738"},{"taxonomy":"product_tag","embeddable":true,"href":"https:\/\/www.miomiorun.com\/es\/wp-json\/wp\/v2\/product_tag?post=277738"}],"curies":[{"name":"wp","href":"https:\/\/api.w.org\/{rel}","templated":true}]}}