{"id":277731,"date":"2021-04-29T18:18:43","date_gmt":"2021-04-29T16:18:43","guid":{"rendered":"https:\/\/miomiorun.com\/prodotto\/brooks-dare-crossback-run-bra-donna\/"},"modified":"2026-04-30T10:52:05","modified_gmt":"2026-04-30T08:52:05","slug":"brooks-dare-crossback-run-bra-mujer","status":"publish","type":"product","link":"https:\/\/www.miomiorun.com\/es\/producto\/brooks-dare-crossback-run-bra-mujer\/","title":{"rendered":"Dare crossback Run bra mujer"},"content":{"rendered":"<div class=\"single-product-description\">\u00bfUn sujetador tipo jersey sin tirantes cruzados? Por supuesto. Este sujetador de running con espalda cruzada combina un estilo sencillo y estilizado con la sujeci\u00f3n ideal para correr que ofrecen sus copas moldeadas integradas.<\/div>\n<div><\/div>\n<div>\n<table class=\"shoe__specs\">\n<tbody>\n<tr class=\"specs__row\">\n<td class=\"label label--bold\">Tipo de impacto<\/td>\n<td>\n<p class=\"small\">Alto impacto<\/p>\n<\/td>\n<\/tr>\n<tr class=\"specs__row\">\n<td class=\"label label--bold\">Tejido<\/td>\n<td>\n<p class=\"small\">CUERPO: DriLayer. HorsePower Spacer 63 % nailon\/37 % spandex COJINETES: DriLayer. 100 % poli\u00e9ster<\/p>\n<\/td>\n<\/tr>\n<tr class=\"specs__row\">\n<td class=\"label label--bold\">Tipo de cierre<\/td>\n<td>\n<p class=\"small\">Por la cabeza<\/p>\n<\/td>\n<\/tr>\n<\/tbody>\n<\/table>\n<\/div>\n<h2>Sujetadores Dare Run de Brooks<\/h2>\n<p>Nuestra nueva colecci\u00f3n de sujetadores es la mayor innovaci\u00f3n en la historia de los sujetadores deportivos de Brooks. Nos hemos propuesto crear el mejor sujetador para correr y lo hemos conseguido. Gracias a su comodidad y a su excepcional sujeci\u00f3n, los sujetadores Dare Run permiten a las mujeres superar sus l\u00edmites de cualquier forma.<\/p>\n<h2>Dise\u00f1o estilizado<\/h2>\n<p>El dise\u00f1o con espalda cruzada de este sujetador deportivo tipo jersey permite pon\u00e9rselo y quit\u00e1rselo con gran facilidad: sin cremalleras ni corchetes.<\/p>\n<h2>Banda inferior oculta<\/h2>\n<p>La banda inferior est\u00e1 completamente integrada en el sujetador, proporcionando sujeci\u00f3n donde m\u00e1s la necesitas, adem\u00e1s de garantizar la ausencia de rozaduras y la m\u00e1xima comodidad.<\/p>\n<h2>Dise\u00f1o sin adornos<\/h2>\n<p>El tejido DriLayer\u00ae HorsePower act\u00faa en sinergia con las copas moldeadas y la estructura de corte libre para ofrecer una forma visible y una silueta estilizada.<\/p>\n<div class=\"benefits__section benefits__section--additional col-lg-12 col-md-6 col-sm-2\">\n<h2>Ventajas adicionales<\/h2>\n<h3>Ventilaci\u00f3n mejorada<\/h3>\n<p>Tejido perforado colocado estrat\u00e9gicamente para una mejor ventilaci\u00f3n.<\/p>\n<\/div>\n","protected":false},"excerpt":{"rendered":"<p>\u00bfUn sujetador tipo jersey sin tirantes cruzados? Por supuesto. Este sujetador de running con espalda cruzada combina un estilo sencillo y estilizado con la sujeci\u00f3n ideal para correr que ofrecen sus copas moldeadas integradas. Tipo de impacto Alto impacto Tejido CUERPO: DriLayer. HorsePower Spacer 63 % nailon\/37 % spandex COJINETES: DriLayer. 100 % poli\u00e9ster Tipo &hellip; <a href=\"https:\/\/www.miomiorun.com\/es\/producto\/brooks-dare-crossback-run-bra-mujer\/\">Continued<\/a><\/p>\n","protected":false},"featured_media":231996,"template":"","meta":{"_acf_changed":false,"inline_featured_image":false},"product_brand":[],"product_cat":[24420,24424,24244],"product_tag":[23463,23664],"class_list":{"0":"post-277731","1":"product","2":"type-product","3":"status-publish","4":"has-post-thumbnail","6":"product_cat-ropa-de-mujer-es","7":"product_cat-ropa-interior-es","8":"product_cat-ofertas-para-mujeres","9":"product_tag-brooks-es","10":"product_tag-brooks-mujer","11":"pa_attivita-caminar","12":"pa_attivita-fitness-es","13":"pa_attivita-running-es","14":"pa_colore-dare-crossback-run-bra-fluoro-pink-es","15":"pa_colore-dare-crossback-run-bra-magenta-heliotrope-es","16":"pa_marca-brooks-es","17":"pa_sesso-mujer","18":"pa_size-32c-es","19":"pa_size-38a-es","21":"first","22":"instock","23":"sale","24":"taxable","25":"shipping-taxable","26":"purchasable","27":"product-type-variable","28":"wvs-archive-product-wrapper"},"acf":[],"yoast_head":"<!-- This site is optimized with the Yoast SEO plugin v26.8 - https:\/\/yoast.com\/product\/yoast-seo-wordpress\/ -->\n<title>Brooks Dare crossback Run bra mujer - Sujetador deportivo - MioMioRun<\/title>\n<meta name=\"description\" content=\"Este sujetador deportivo de espalda cruzada combina un estilo sencillo con la sujeci\u00f3n ideal para correr que ofrecen sus copas moldeadas integradas.\" \/>\n<meta name=\"robots\" content=\"index, follow, max-snippet:-1, max-image-preview:large, max-video-preview:-1\" \/>\n<link rel=\"canonical\" href=\"https:\/\/www.miomiorun.com\/es\/producto\/brooks-dare-crossback-run-bra-mujer\/\" \/>\n<meta property=\"og:locale\" content=\"es_ES\" \/>\n<meta property=\"og:type\" content=\"article\" \/>\n<meta property=\"og:title\" content=\"Brooks Dare crossback Run bra mujer - Sujetador deportivo - MioMioRun\" \/>\n<meta property=\"og:description\" content=\"Este sujetador deportivo de espalda cruzada combina un estilo sencillo con la sujeci\u00f3n ideal para correr que ofrecen sus copas moldeadas integradas.\" \/>\n<meta property=\"og:url\" content=\"https:\/\/www.miomiorun.com\/es\/producto\/brooks-dare-crossback-run-bra-mujer\/\" \/>\n<meta property=\"og:site_name\" content=\"MioMioRun\" \/>\n<meta property=\"article:publisher\" content=\"https:\/\/www.facebook.com\/miomiorun\/\" \/>\n<meta property=\"article:modified_time\" content=\"2026-04-30T08:52:05+00:00\" \/>\n<meta property=\"og:image\" content=\"https:\/\/www.miomiorun.com\/app\/uploads\/2021\/04\/brooks-Dare-crossback-Run-bra-350074-679.jpg\" \/>\n\t<meta property=\"og:image:width\" content=\"600\" \/>\n\t<meta property=\"og:image:height\" content=\"600\" \/>\n\t<meta property=\"og:image:type\" content=\"image\/jpeg\" \/>\n<meta name=\"twitter:card\" content=\"summary_large_image\" \/>\n<meta name=\"twitter:label1\" content=\"Est. reading time\" \/>\n\t<meta name=\"twitter:data1\" content=\"1 minute\" \/>\n<script type=\"application\/ld+json\" class=\"yoast-schema-graph\">{\"@context\":\"https:\/\/schema.org\",\"@graph\":[{\"@type\":\"WebPage\",\"@id\":\"https:\/\/www.miomiorun.com\/es\/producto\/brooks-dare-crossback-run-bra-mujer\/\",\"url\":\"https:\/\/www.miomiorun.com\/es\/producto\/brooks-dare-crossback-run-bra-mujer\/\",\"name\":\"Brooks Dare crossback Run bra mujer - Sujetador deportivo - MioMioRun\",\"isPartOf\":{\"@id\":\"https:\/\/www.miomiorun.com\/es\/#website\"},\"primaryImageOfPage\":{\"@id\":\"https:\/\/www.miomiorun.com\/es\/producto\/brooks-dare-crossback-run-bra-mujer\/#primaryimage\"},\"image\":{\"@id\":\"https:\/\/www.miomiorun.com\/es\/producto\/brooks-dare-crossback-run-bra-mujer\/#primaryimage\"},\"thumbnailUrl\":\"https:\/\/www.miomiorun.com\/app\/uploads\/2021\/04\/brooks-Dare-crossback-Run-bra-350074-679.jpg\",\"datePublished\":\"2021-04-29T16:18:43+00:00\",\"dateModified\":\"2026-04-30T08:52:05+00:00\",\"description\":\"Este sujetador deportivo de espalda cruzada combina un estilo sencillo con la sujeci\u00f3n ideal para correr que ofrecen sus copas moldeadas integradas.\",\"breadcrumb\":{\"@id\":\"https:\/\/www.miomiorun.com\/es\/producto\/brooks-dare-crossback-run-bra-mujer\/#breadcrumb\"},\"inLanguage\":\"es-ES\",\"potentialAction\":[{\"@type\":\"ReadAction\",\"target\":[\"https:\/\/www.miomiorun.com\/es\/producto\/brooks-dare-crossback-run-bra-mujer\/\"]}]},{\"@type\":\"ImageObject\",\"inLanguage\":\"es-ES\",\"@id\":\"https:\/\/www.miomiorun.com\/es\/producto\/brooks-dare-crossback-run-bra-mujer\/#primaryimage\",\"url\":\"https:\/\/www.miomiorun.com\/app\/uploads\/2021\/04\/brooks-Dare-crossback-Run-bra-350074-679.jpg\",\"contentUrl\":\"https:\/\/www.miomiorun.com\/app\/uploads\/2021\/04\/brooks-Dare-crossback-Run-bra-350074-679.jpg\",\"width\":600,\"height\":600,\"caption\":\"brooks dare crossback run bra donna\"},{\"@type\":\"BreadcrumbList\",\"@id\":\"https:\/\/www.miomiorun.com\/es\/producto\/brooks-dare-crossback-run-bra-mujer\/#breadcrumb\",\"itemListElement\":[{\"@type\":\"ListItem\",\"position\":1,\"name\":\"Home\",\"item\":\"https:\/\/www.miomiorun.com\/es\/\"},{\"@type\":\"ListItem\",\"position\":2,\"name\":\"Shop\",\"item\":\"https:\/\/www.miomiorun.com\/shop\/\"},{\"@type\":\"ListItem\",\"position\":3,\"name\":\"Dare crossback Run bra mujer\"}]},{\"@type\":\"WebSite\",\"@id\":\"https:\/\/www.miomiorun.com\/es\/#website\",\"url\":\"https:\/\/www.miomiorun.com\/es\/\",\"name\":\"MioMioRun\",\"description\":\"Tienda 100% running y trail\",\"publisher\":{\"@id\":\"https:\/\/www.miomiorun.com\/es\/#organization\"},\"potentialAction\":[{\"@type\":\"SearchAction\",\"target\":{\"@type\":\"EntryPoint\",\"urlTemplate\":\"https:\/\/www.miomiorun.com\/es\/?s={search_term_string}\"},\"query-input\":{\"@type\":\"PropertyValueSpecification\",\"valueRequired\":true,\"valueName\":\"search_term_string\"}}],\"inLanguage\":\"es-ES\"},{\"@type\":\"Organization\",\"@id\":\"https:\/\/www.miomiorun.com\/es\/#organization\",\"name\":\"MioMio Run\",\"url\":\"https:\/\/www.miomiorun.com\/es\/\",\"logo\":{\"@type\":\"ImageObject\",\"inLanguage\":\"es-ES\",\"@id\":\"https:\/\/www.miomiorun.com\/es\/#\/schema\/logo\/image\/\",\"url\":\"https:\/\/www.miomiorun.com\/app\/uploads\/2019\/12\/logomio.png\",\"contentUrl\":\"https:\/\/www.miomiorun.com\/app\/uploads\/2019\/12\/logomio.png\",\"width\":115,\"height\":82,\"caption\":\"MioMio Run\"},\"image\":{\"@id\":\"https:\/\/www.miomiorun.com\/es\/#\/schema\/logo\/image\/\"},\"sameAs\":[\"https:\/\/www.facebook.com\/miomiorun\/\",\"https:\/\/www.instagram.com\/miomiorun\/\"]}]}<\/script>\n<!-- \/ Yoast SEO plugin. -->","yoast_head_json":{"title":"Brooks Dare crossback Run bra mujer - Sujetador deportivo - MioMioRun","description":"Este sujetador deportivo de espalda cruzada combina un estilo sencillo con la sujeci\u00f3n ideal para correr que ofrecen sus copas moldeadas integradas.","robots":{"index":"index","follow":"follow","max-snippet":"max-snippet:-1","max-image-preview":"max-image-preview:large","max-video-preview":"max-video-preview:-1"},"canonical":"https:\/\/www.miomiorun.com\/es\/producto\/brooks-dare-crossback-run-bra-mujer\/","og_locale":"es_ES","og_type":"article","og_title":"Brooks Dare crossback Run bra mujer - Sujetador deportivo - MioMioRun","og_description":"Este sujetador deportivo de espalda cruzada combina un estilo sencillo con la sujeci\u00f3n ideal para correr que ofrecen sus copas moldeadas integradas.","og_url":"https:\/\/www.miomiorun.com\/es\/producto\/brooks-dare-crossback-run-bra-mujer\/","og_site_name":"MioMioRun","article_publisher":"https:\/\/www.facebook.com\/miomiorun\/","article_modified_time":"2026-04-30T08:52:05+00:00","og_image":[{"width":600,"height":600,"url":"https:\/\/www.miomiorun.com\/app\/uploads\/2021\/04\/brooks-Dare-crossback-Run-bra-350074-679.jpg","type":"image\/jpeg"}],"twitter_card":"summary_large_image","twitter_misc":{"Est. reading time":"1 minute"},"schema":{"@context":"https:\/\/schema.org","@graph":[{"@type":"WebPage","@id":"https:\/\/www.miomiorun.com\/es\/producto\/brooks-dare-crossback-run-bra-mujer\/","url":"https:\/\/www.miomiorun.com\/es\/producto\/brooks-dare-crossback-run-bra-mujer\/","name":"Brooks Dare crossback Run bra mujer - Sujetador deportivo - MioMioRun","isPartOf":{"@id":"https:\/\/www.miomiorun.com\/es\/#website"},"primaryImageOfPage":{"@id":"https:\/\/www.miomiorun.com\/es\/producto\/brooks-dare-crossback-run-bra-mujer\/#primaryimage"},"image":{"@id":"https:\/\/www.miomiorun.com\/es\/producto\/brooks-dare-crossback-run-bra-mujer\/#primaryimage"},"thumbnailUrl":"https:\/\/www.miomiorun.com\/app\/uploads\/2021\/04\/brooks-Dare-crossback-Run-bra-350074-679.jpg","datePublished":"2021-04-29T16:18:43+00:00","dateModified":"2026-04-30T08:52:05+00:00","description":"Este sujetador deportivo de espalda cruzada combina un estilo sencillo con la sujeci\u00f3n ideal para correr que ofrecen sus copas moldeadas integradas.","breadcrumb":{"@id":"https:\/\/www.miomiorun.com\/es\/producto\/brooks-dare-crossback-run-bra-mujer\/#breadcrumb"},"inLanguage":"es-ES","potentialAction":[{"@type":"ReadAction","target":["https:\/\/www.miomiorun.com\/es\/producto\/brooks-dare-crossback-run-bra-mujer\/"]}]},{"@type":"ImageObject","inLanguage":"es-ES","@id":"https:\/\/www.miomiorun.com\/es\/producto\/brooks-dare-crossback-run-bra-mujer\/#primaryimage","url":"https:\/\/www.miomiorun.com\/app\/uploads\/2021\/04\/brooks-Dare-crossback-Run-bra-350074-679.jpg","contentUrl":"https:\/\/www.miomiorun.com\/app\/uploads\/2021\/04\/brooks-Dare-crossback-Run-bra-350074-679.jpg","width":600,"height":600,"caption":"brooks dare crossback run bra donna"},{"@type":"BreadcrumbList","@id":"https:\/\/www.miomiorun.com\/es\/producto\/brooks-dare-crossback-run-bra-mujer\/#breadcrumb","itemListElement":[{"@type":"ListItem","position":1,"name":"Home","item":"https:\/\/www.miomiorun.com\/es\/"},{"@type":"ListItem","position":2,"name":"Shop","item":"https:\/\/www.miomiorun.com\/shop\/"},{"@type":"ListItem","position":3,"name":"Dare crossback Run bra mujer"}]},{"@type":"WebSite","@id":"https:\/\/www.miomiorun.com\/es\/#website","url":"https:\/\/www.miomiorun.com\/es\/","name":"MioMioRun","description":"Tienda 100% running y trail","publisher":{"@id":"https:\/\/www.miomiorun.com\/es\/#organization"},"potentialAction":[{"@type":"SearchAction","target":{"@type":"EntryPoint","urlTemplate":"https:\/\/www.miomiorun.com\/es\/?s={search_term_string}"},"query-input":{"@type":"PropertyValueSpecification","valueRequired":true,"valueName":"search_term_string"}}],"inLanguage":"es-ES"},{"@type":"Organization","@id":"https:\/\/www.miomiorun.com\/es\/#organization","name":"MioMio Run","url":"https:\/\/www.miomiorun.com\/es\/","logo":{"@type":"ImageObject","inLanguage":"es-ES","@id":"https:\/\/www.miomiorun.com\/es\/#\/schema\/logo\/image\/","url":"https:\/\/www.miomiorun.com\/app\/uploads\/2019\/12\/logomio.png","contentUrl":"https:\/\/www.miomiorun.com\/app\/uploads\/2019\/12\/logomio.png","width":115,"height":82,"caption":"MioMio Run"},"image":{"@id":"https:\/\/www.miomiorun.com\/es\/#\/schema\/logo\/image\/"},"sameAs":["https:\/\/www.facebook.com\/miomiorun\/","https:\/\/www.instagram.com\/miomiorun\/"]}]}},"_links":{"self":[{"href":"https:\/\/www.miomiorun.com\/es\/wp-json\/wp\/v2\/product\/277731","targetHints":{"allow":["GET"]}}],"collection":[{"href":"https:\/\/www.miomiorun.com\/es\/wp-json\/wp\/v2\/product"}],"about":[{"href":"https:\/\/www.miomiorun.com\/es\/wp-json\/wp\/v2\/types\/product"}],"wp:featuredmedia":[{"embeddable":true,"href":"https:\/\/www.miomiorun.com\/es\/wp-json\/wp\/v2\/media\/231996"}],"wp:attachment":[{"href":"https:\/\/www.miomiorun.com\/es\/wp-json\/wp\/v2\/media?parent=277731"}],"wp:term":[{"taxonomy":"product_brand","embeddable":true,"href":"https:\/\/www.miomiorun.com\/es\/wp-json\/wp\/v2\/product_brand?post=277731"},{"taxonomy":"product_cat","embeddable":true,"href":"https:\/\/www.miomiorun.com\/es\/wp-json\/wp\/v2\/product_cat?post=277731"},{"taxonomy":"product_tag","embeddable":true,"href":"https:\/\/www.miomiorun.com\/es\/wp-json\/wp\/v2\/product_tag?post=277731"}],"curies":[{"name":"wp","href":"https:\/\/api.w.org\/{rel}","templated":true}]}}