{"id":277721,"date":"2021-04-30T18:17:24","date_gmt":"2021-04-30T16:17:24","guid":{"rendered":"https:\/\/miomiorun.com\/prodotto\/brooks-drive-interlace-run-bra-donna\/"},"modified":"2026-04-30T10:53:18","modified_gmt":"2026-04-30T08:53:18","slug":"brooks-drive-interlace-run-bra-mujer","status":"publish","type":"product","link":"https:\/\/www.miomiorun.com\/es\/producto\/brooks-drive-interlace-run-bra-mujer\/","title":{"rendered":"Drive Interlace Run bra mujer"},"content":{"rendered":"<div class=\"single-product-description\">\u00bfBuscas la m\u00e1xima transpirabilidad, pero tambi\u00e9n un estilo original? El sujetador deportivo Drive Interlace, con dise\u00f1o entrelazado en la espalda, te ofrece la sujeci\u00f3n y la compresi\u00f3n ideales para correr.<\/div>\n<div><\/div>\n<div><\/div>\n<table class=\"shoe__specs\">\n<tbody>\n<tr class=\"specs__row\">\n<td class=\"label label--bold\">Ajuste<\/td>\n<td>\n<p class=\"small\">Ajustado<\/p>\n<\/td>\n<\/tr>\n<tr class=\"specs__row\">\n<td class=\"label label--bold\">Tejido<\/td>\n<td>\n<p class=\"small\">DriLayer\u00ae HorsePower 72 % poli\u00e9ster, 28 % spandex<\/p>\n<\/td>\n<\/tr>\n<tr class=\"specs__row\">\n<td class=\"label label--bold\">Tipo de cierre<\/td>\n<td>\n<p class=\"small\">Tirantes, cierre trasero con corchetes<\/p>\n<\/td>\n<\/tr>\n<tr class=\"specs__row\">\n<td class=\"label label--bold\">bluesign\u00ae<\/td>\n<td>\n<p class=\"small\">S\u00ed<\/p>\n<\/td>\n<\/tr>\n<\/tbody>\n<\/table>\n<h2>Sujeci\u00f3n y compresi\u00f3n para correr<\/h2>\n<p>Este sujetador se adapta a tu cuerpo garantizando la compresi\u00f3n adecuada, para reducir el movimiento y ofrecerte comodidad y sujeci\u00f3n al correr en varias tallas.<\/p>\n<h2>Transpirabilidad extrema<\/h2>\n<p>El tejido de secado r\u00e1pido DriLayer\u00ae, la malla en las zonas de mayor sudoraci\u00f3n y el corte contorneado trabajan en sinergia para ofrecer una ventilaci\u00f3n \u00f3ptima.<\/p>\n<h2>Cobertura discreta<\/h2>\n<p>Tecnolog\u00eda amortiguadora que garantiza seguridad y efecto moldeador sin copas incorporadas.<\/p>\n<h3>Ventajas adicionales<\/h3>\n<h4>Comodidad sin distracciones<\/h4>\n<p>Las costuras termoselladas reducen las irritaciones en la piel<\/p>\n<h4>Ajuste personalizado<\/h4>\n<p>Cierre trasero ajustable con tirantes<\/p>\n","protected":false},"excerpt":{"rendered":"<p>\u00bfBuscas la m\u00e1xima transpirabilidad, pero tambi\u00e9n un estilo original? El sujetador deportivo Drive Interlace, con dise\u00f1o entrelazado en la espalda, te ofrece la sujeci\u00f3n y la compresi\u00f3n ideales para correr. Ajuste Ajustado Tejido DriLayer\u00ae HorsePower 72 % poli\u00e9ster, 28 % spandex Tipo de cierre Tirantes, cierre trasero con corchetes bluesign\u00ae S\u00ed Sujeci\u00f3n y compresi\u00f3n para &hellip; <a href=\"https:\/\/www.miomiorun.com\/es\/producto\/brooks-drive-interlace-run-bra-mujer\/\">Continued<\/a><\/p>\n","protected":false},"featured_media":232000,"template":"","meta":{"_acf_changed":false,"inline_featured_image":false},"product_brand":[],"product_cat":[24401,24397,24402],"product_tag":[23463,23664],"class_list":{"0":"post-277721","1":"product","2":"type-product","3":"status-publish","4":"has-post-thumbnail","6":"product_cat-ropa-de-mujer","7":"product_cat-ropa-interior","8":"product_cat-mujer","9":"product_tag-brooks-es","10":"product_tag-brooks-mujer","11":"pa_attivita-caminar","12":"pa_attivita-fitness-es","13":"pa_attivita-running-es","14":"pa_marca-brooks-es","15":"pa_sesso-mujer","16":"pa_size-32c-es","17":"pa_size-34c-es","18":"pa_size-36c-es","19":"pa_size-38c-es","21":"first","22":"instock","23":"sale","24":"taxable","25":"shipping-taxable","26":"purchasable","27":"product-type-variable","28":"wvs-archive-product-wrapper"},"acf":[],"yoast_head":"<!-- This site is optimized with the Yoast SEO plugin v26.8 - https:\/\/yoast.com\/product\/yoast-seo-wordpress\/ -->\n<title>Brooks Drive Interlace Run bra mujer - Sujetador deportivo - MioMioRun<\/title>\n<meta name=\"description\" content=\"El sujetador deportivo Drive Interlace, con un dise\u00f1o entrelazado en la espalda, te ofrece la sujeci\u00f3n y la compresi\u00f3n ideales para correr.\" \/>\n<meta name=\"robots\" content=\"index, follow, max-snippet:-1, max-image-preview:large, max-video-preview:-1\" \/>\n<link rel=\"canonical\" href=\"https:\/\/www.miomiorun.com\/es\/producto\/brooks-drive-interlace-run-bra-mujer\/\" \/>\n<meta property=\"og:locale\" content=\"es_ES\" \/>\n<meta property=\"og:type\" content=\"article\" \/>\n<meta property=\"og:title\" content=\"Brooks Drive Interlace Run bra mujer - Sujetador deportivo - MioMioRun\" \/>\n<meta property=\"og:description\" content=\"El sujetador deportivo Drive Interlace, con un dise\u00f1o entrelazado en la espalda, te ofrece la sujeci\u00f3n y la compresi\u00f3n ideales para correr.\" \/>\n<meta property=\"og:url\" content=\"https:\/\/www.miomiorun.com\/es\/producto\/brooks-drive-interlace-run-bra-mujer\/\" \/>\n<meta property=\"og:site_name\" content=\"MioMioRun\" \/>\n<meta property=\"article:publisher\" content=\"https:\/\/www.facebook.com\/miomiorun\/\" \/>\n<meta property=\"article:modified_time\" content=\"2026-04-30T08:53:18+00:00\" \/>\n<meta property=\"og:image\" content=\"https:\/\/www.miomiorun.com\/app\/uploads\/2021\/04\/brooks-Drive-Interlace-Run-bra-350082-001.jpg\" \/>\n\t<meta property=\"og:image:width\" content=\"600\" \/>\n\t<meta property=\"og:image:height\" content=\"600\" \/>\n\t<meta property=\"og:image:type\" content=\"image\/jpeg\" \/>\n<meta name=\"twitter:card\" content=\"summary_large_image\" \/>\n<meta name=\"twitter:label1\" content=\"Est. reading time\" \/>\n\t<meta name=\"twitter:data1\" content=\"1 minute\" \/>\n<script type=\"application\/ld+json\" class=\"yoast-schema-graph\">{\"@context\":\"https:\/\/schema.org\",\"@graph\":[{\"@type\":\"WebPage\",\"@id\":\"https:\/\/www.miomiorun.com\/es\/producto\/brooks-drive-interlace-run-bra-mujer\/\",\"url\":\"https:\/\/www.miomiorun.com\/es\/producto\/brooks-drive-interlace-run-bra-mujer\/\",\"name\":\"Brooks Drive Interlace Run bra mujer - Sujetador deportivo - MioMioRun\",\"isPartOf\":{\"@id\":\"https:\/\/www.miomiorun.com\/es\/#website\"},\"primaryImageOfPage\":{\"@id\":\"https:\/\/www.miomiorun.com\/es\/producto\/brooks-drive-interlace-run-bra-mujer\/#primaryimage\"},\"image\":{\"@id\":\"https:\/\/www.miomiorun.com\/es\/producto\/brooks-drive-interlace-run-bra-mujer\/#primaryimage\"},\"thumbnailUrl\":\"https:\/\/www.miomiorun.com\/app\/uploads\/2021\/04\/brooks-Drive-Interlace-Run-bra-350082-001.jpg\",\"datePublished\":\"2021-04-30T16:17:24+00:00\",\"dateModified\":\"2026-04-30T08:53:18+00:00\",\"description\":\"El sujetador deportivo Drive Interlace, con un dise\u00f1o entrelazado en la espalda, te ofrece la sujeci\u00f3n y la compresi\u00f3n ideales para correr.\",\"breadcrumb\":{\"@id\":\"https:\/\/www.miomiorun.com\/es\/producto\/brooks-drive-interlace-run-bra-mujer\/#breadcrumb\"},\"inLanguage\":\"es-ES\",\"potentialAction\":[{\"@type\":\"ReadAction\",\"target\":[\"https:\/\/www.miomiorun.com\/es\/producto\/brooks-drive-interlace-run-bra-mujer\/\"]}]},{\"@type\":\"ImageObject\",\"inLanguage\":\"es-ES\",\"@id\":\"https:\/\/www.miomiorun.com\/es\/producto\/brooks-drive-interlace-run-bra-mujer\/#primaryimage\",\"url\":\"https:\/\/www.miomiorun.com\/app\/uploads\/2021\/04\/brooks-Drive-Interlace-Run-bra-350082-001.jpg\",\"contentUrl\":\"https:\/\/www.miomiorun.com\/app\/uploads\/2021\/04\/brooks-Drive-Interlace-Run-bra-350082-001.jpg\",\"width\":600,\"height\":600,\"caption\":\"brooks drive interlace run bra\"},{\"@type\":\"BreadcrumbList\",\"@id\":\"https:\/\/www.miomiorun.com\/es\/producto\/brooks-drive-interlace-run-bra-mujer\/#breadcrumb\",\"itemListElement\":[{\"@type\":\"ListItem\",\"position\":1,\"name\":\"Home\",\"item\":\"https:\/\/www.miomiorun.com\/es\/\"},{\"@type\":\"ListItem\",\"position\":2,\"name\":\"Shop\",\"item\":\"https:\/\/www.miomiorun.com\/shop\/\"},{\"@type\":\"ListItem\",\"position\":3,\"name\":\"Drive Interlace Run bra mujer\"}]},{\"@type\":\"WebSite\",\"@id\":\"https:\/\/www.miomiorun.com\/es\/#website\",\"url\":\"https:\/\/www.miomiorun.com\/es\/\",\"name\":\"MioMioRun\",\"description\":\"Tienda 100% running y trail\",\"publisher\":{\"@id\":\"https:\/\/www.miomiorun.com\/es\/#organization\"},\"potentialAction\":[{\"@type\":\"SearchAction\",\"target\":{\"@type\":\"EntryPoint\",\"urlTemplate\":\"https:\/\/www.miomiorun.com\/es\/?s={search_term_string}\"},\"query-input\":{\"@type\":\"PropertyValueSpecification\",\"valueRequired\":true,\"valueName\":\"search_term_string\"}}],\"inLanguage\":\"es-ES\"},{\"@type\":\"Organization\",\"@id\":\"https:\/\/www.miomiorun.com\/es\/#organization\",\"name\":\"MioMio Run\",\"url\":\"https:\/\/www.miomiorun.com\/es\/\",\"logo\":{\"@type\":\"ImageObject\",\"inLanguage\":\"es-ES\",\"@id\":\"https:\/\/www.miomiorun.com\/es\/#\/schema\/logo\/image\/\",\"url\":\"https:\/\/www.miomiorun.com\/app\/uploads\/2019\/12\/logomio.png\",\"contentUrl\":\"https:\/\/www.miomiorun.com\/app\/uploads\/2019\/12\/logomio.png\",\"width\":115,\"height\":82,\"caption\":\"MioMio Run\"},\"image\":{\"@id\":\"https:\/\/www.miomiorun.com\/es\/#\/schema\/logo\/image\/\"},\"sameAs\":[\"https:\/\/www.facebook.com\/miomiorun\/\",\"https:\/\/www.instagram.com\/miomiorun\/\"]}]}<\/script>\n<!-- \/ Yoast SEO plugin. -->","yoast_head_json":{"title":"Brooks Drive Interlace Run bra mujer - Sujetador deportivo - MioMioRun","description":"El sujetador deportivo Drive Interlace, con un dise\u00f1o entrelazado en la espalda, te ofrece la sujeci\u00f3n y la compresi\u00f3n ideales para correr.","robots":{"index":"index","follow":"follow","max-snippet":"max-snippet:-1","max-image-preview":"max-image-preview:large","max-video-preview":"max-video-preview:-1"},"canonical":"https:\/\/www.miomiorun.com\/es\/producto\/brooks-drive-interlace-run-bra-mujer\/","og_locale":"es_ES","og_type":"article","og_title":"Brooks Drive Interlace Run bra mujer - Sujetador deportivo - MioMioRun","og_description":"El sujetador deportivo Drive Interlace, con un dise\u00f1o entrelazado en la espalda, te ofrece la sujeci\u00f3n y la compresi\u00f3n ideales para correr.","og_url":"https:\/\/www.miomiorun.com\/es\/producto\/brooks-drive-interlace-run-bra-mujer\/","og_site_name":"MioMioRun","article_publisher":"https:\/\/www.facebook.com\/miomiorun\/","article_modified_time":"2026-04-30T08:53:18+00:00","og_image":[{"width":600,"height":600,"url":"https:\/\/www.miomiorun.com\/app\/uploads\/2021\/04\/brooks-Drive-Interlace-Run-bra-350082-001.jpg","type":"image\/jpeg"}],"twitter_card":"summary_large_image","twitter_misc":{"Est. reading time":"1 minute"},"schema":{"@context":"https:\/\/schema.org","@graph":[{"@type":"WebPage","@id":"https:\/\/www.miomiorun.com\/es\/producto\/brooks-drive-interlace-run-bra-mujer\/","url":"https:\/\/www.miomiorun.com\/es\/producto\/brooks-drive-interlace-run-bra-mujer\/","name":"Brooks Drive Interlace Run bra mujer - Sujetador deportivo - MioMioRun","isPartOf":{"@id":"https:\/\/www.miomiorun.com\/es\/#website"},"primaryImageOfPage":{"@id":"https:\/\/www.miomiorun.com\/es\/producto\/brooks-drive-interlace-run-bra-mujer\/#primaryimage"},"image":{"@id":"https:\/\/www.miomiorun.com\/es\/producto\/brooks-drive-interlace-run-bra-mujer\/#primaryimage"},"thumbnailUrl":"https:\/\/www.miomiorun.com\/app\/uploads\/2021\/04\/brooks-Drive-Interlace-Run-bra-350082-001.jpg","datePublished":"2021-04-30T16:17:24+00:00","dateModified":"2026-04-30T08:53:18+00:00","description":"El sujetador deportivo Drive Interlace, con un dise\u00f1o entrelazado en la espalda, te ofrece la sujeci\u00f3n y la compresi\u00f3n ideales para correr.","breadcrumb":{"@id":"https:\/\/www.miomiorun.com\/es\/producto\/brooks-drive-interlace-run-bra-mujer\/#breadcrumb"},"inLanguage":"es-ES","potentialAction":[{"@type":"ReadAction","target":["https:\/\/www.miomiorun.com\/es\/producto\/brooks-drive-interlace-run-bra-mujer\/"]}]},{"@type":"ImageObject","inLanguage":"es-ES","@id":"https:\/\/www.miomiorun.com\/es\/producto\/brooks-drive-interlace-run-bra-mujer\/#primaryimage","url":"https:\/\/www.miomiorun.com\/app\/uploads\/2021\/04\/brooks-Drive-Interlace-Run-bra-350082-001.jpg","contentUrl":"https:\/\/www.miomiorun.com\/app\/uploads\/2021\/04\/brooks-Drive-Interlace-Run-bra-350082-001.jpg","width":600,"height":600,"caption":"brooks drive interlace run bra"},{"@type":"BreadcrumbList","@id":"https:\/\/www.miomiorun.com\/es\/producto\/brooks-drive-interlace-run-bra-mujer\/#breadcrumb","itemListElement":[{"@type":"ListItem","position":1,"name":"Home","item":"https:\/\/www.miomiorun.com\/es\/"},{"@type":"ListItem","position":2,"name":"Shop","item":"https:\/\/www.miomiorun.com\/shop\/"},{"@type":"ListItem","position":3,"name":"Drive Interlace Run bra mujer"}]},{"@type":"WebSite","@id":"https:\/\/www.miomiorun.com\/es\/#website","url":"https:\/\/www.miomiorun.com\/es\/","name":"MioMioRun","description":"Tienda 100% running y trail","publisher":{"@id":"https:\/\/www.miomiorun.com\/es\/#organization"},"potentialAction":[{"@type":"SearchAction","target":{"@type":"EntryPoint","urlTemplate":"https:\/\/www.miomiorun.com\/es\/?s={search_term_string}"},"query-input":{"@type":"PropertyValueSpecification","valueRequired":true,"valueName":"search_term_string"}}],"inLanguage":"es-ES"},{"@type":"Organization","@id":"https:\/\/www.miomiorun.com\/es\/#organization","name":"MioMio Run","url":"https:\/\/www.miomiorun.com\/es\/","logo":{"@type":"ImageObject","inLanguage":"es-ES","@id":"https:\/\/www.miomiorun.com\/es\/#\/schema\/logo\/image\/","url":"https:\/\/www.miomiorun.com\/app\/uploads\/2019\/12\/logomio.png","contentUrl":"https:\/\/www.miomiorun.com\/app\/uploads\/2019\/12\/logomio.png","width":115,"height":82,"caption":"MioMio Run"},"image":{"@id":"https:\/\/www.miomiorun.com\/es\/#\/schema\/logo\/image\/"},"sameAs":["https:\/\/www.facebook.com\/miomiorun\/","https:\/\/www.instagram.com\/miomiorun\/"]}]}},"_links":{"self":[{"href":"https:\/\/www.miomiorun.com\/es\/wp-json\/wp\/v2\/product\/277721","targetHints":{"allow":["GET"]}}],"collection":[{"href":"https:\/\/www.miomiorun.com\/es\/wp-json\/wp\/v2\/product"}],"about":[{"href":"https:\/\/www.miomiorun.com\/es\/wp-json\/wp\/v2\/types\/product"}],"wp:featuredmedia":[{"embeddable":true,"href":"https:\/\/www.miomiorun.com\/es\/wp-json\/wp\/v2\/media\/232000"}],"wp:attachment":[{"href":"https:\/\/www.miomiorun.com\/es\/wp-json\/wp\/v2\/media?parent=277721"}],"wp:term":[{"taxonomy":"product_brand","embeddable":true,"href":"https:\/\/www.miomiorun.com\/es\/wp-json\/wp\/v2\/product_brand?post=277721"},{"taxonomy":"product_cat","embeddable":true,"href":"https:\/\/www.miomiorun.com\/es\/wp-json\/wp\/v2\/product_cat?post=277721"},{"taxonomy":"product_tag","embeddable":true,"href":"https:\/\/www.miomiorun.com\/es\/wp-json\/wp\/v2\/product_tag?post=277721"}],"curies":[{"name":"wp","href":"https:\/\/api.w.org\/{rel}","templated":true}]}}