{"id":277712,"date":"2021-05-06T10:33:57","date_gmt":"2021-05-06T08:33:57","guid":{"rendered":"https:\/\/miomiorun.com\/prodotto\/brooks-atmosphere-short-sleeve-uomo\/"},"modified":"2026-04-30T10:54:10","modified_gmt":"2026-04-30T08:54:10","slug":"brooks-atmosphere-short-sleeve-hombre","status":"publish","type":"product","link":"https:\/\/www.miomiorun.com\/es\/producto\/brooks-atmosphere-short-sleeve-hombre\/","title":{"rendered":"Atmosphere Short Sleeve hombre"},"content":{"rendered":"<p>Nuestro maillot m\u00e1s ligero hace todo lo posible para mantenerte seco. P\u00f3ntelo el d\u00eda de la carrera o cuando haga calor y deja que su tejido ultraligero y transpirable haga su trabajo.<\/p>\n<p><b>CARACTER\u00cdSTICAS<\/b><br \/>\nAjuste: Ajuste ce\u00f1ido<\/p>\n<p>Tejido: DriLayer\u00ae 89 % poli\u00e9ster reciclado, 11 % spandex<\/p>\n<h2>Combate el calor<\/h2>\n<p>El tejido ultraligero y transpirable aleja el sudor y te mantiene seco.<\/p>\n<h2>La comodidad en los detalles<\/h2>\n<p>El tejido termosoldado no tiene costuras, mientras que los acabados esenciales en las mangas y el cuello son casi imperceptibles al tacto.<\/p>\n<h2>Resistente a los olores<\/h2>\n<p>El acabado antimicrobiano mantiene a raya los olores lavado tras lavado.<\/p>\n<h3>Ventajas adicionales<\/h3>\n<h4>F\u00e1cil de colgar<\/h4>\n<p>Ojal a la altura del cuello.<\/p>\n<h4>Ecosostenible<\/h4>\n<p>Prenda confeccionada con tejido reciclado en un 88 %.<\/p>\n","protected":false},"excerpt":{"rendered":"<p>Nuestro maillot m\u00e1s ligero hace todo lo posible para mantenerte seco. P\u00f3ntelo el d\u00eda de la carrera o cuando haga calor y deja que su tejido ultraligero y transpirable haga su trabajo. CARACTER\u00cdSTICAS Ajuste: Ajuste ce\u00f1ido Tejido: DriLayer\u00ae 89 % poli\u00e9ster reciclado, 11 % spandex Combate el calor El tejido ultraligero y transpirable aleja el &hellip; <a href=\"https:\/\/www.miomiorun.com\/es\/producto\/brooks-atmosphere-short-sleeve-hombre\/\">Continued<\/a><\/p>\n","protected":false},"featured_media":232012,"template":"","meta":{"_acf_changed":false,"inline_featured_image":false},"product_brand":[],"product_cat":[24469,24410],"product_tag":[23463,23661],"class_list":{"0":"post-277712","1":"product","2":"type-product","3":"status-publish","4":"has-post-thumbnail","6":"product_cat-camiseta-es-3","7":"product_cat-ropa-de-hombre","8":"product_tag-brooks-es","9":"product_tag-brooks-hombre","10":"pa_attivita-caminar","11":"pa_attivita-fitness-es","12":"pa_attivita-running-es","13":"pa_colore-atmosphere-short-sleeve-black-es","14":"pa_colore-atmosphere-short-sleeve-pool-navy-fluoro-es","15":"pa_marca-brooks-es","16":"pa_sesso-hombre","17":"pa_size-small-es","19":"first","20":"instock","21":"sale","22":"taxable","23":"shipping-taxable","24":"purchasable","25":"product-type-variable","26":"wvs-archive-product-wrapper"},"acf":[],"yoast_head":"<!-- This site is optimized with the Yoast SEO plugin v26.8 - https:\/\/yoast.com\/product\/yoast-seo-wordpress\/ -->\n<title>Brooks Atmosphere Short Sleeve hombre - Camiseta para correr - MioMioRun<\/title>\n<meta name=\"description\" content=\"Este maillot, confeccionado con un tejido ultraligero y transpirable, hace todo lo posible para mantenerte seco, tanto el d\u00eda de la carrera como cuando hace calor.\" \/>\n<meta name=\"robots\" content=\"index, follow, max-snippet:-1, max-image-preview:large, max-video-preview:-1\" \/>\n<link rel=\"canonical\" href=\"https:\/\/www.miomiorun.com\/es\/producto\/brooks-atmosphere-short-sleeve-hombre\/\" \/>\n<meta property=\"og:locale\" content=\"es_ES\" \/>\n<meta property=\"og:type\" content=\"article\" \/>\n<meta property=\"og:title\" content=\"Brooks Atmosphere Short Sleeve hombre - Camiseta para correr - MioMioRun\" \/>\n<meta property=\"og:description\" content=\"Este maillot, confeccionado con un tejido ultraligero y transpirable, hace todo lo posible para mantenerte seco, tanto el d\u00eda de la carrera como cuando hace calor.\" \/>\n<meta property=\"og:url\" content=\"https:\/\/www.miomiorun.com\/es\/producto\/brooks-atmosphere-short-sleeve-hombre\/\" \/>\n<meta property=\"og:site_name\" content=\"MioMioRun\" \/>\n<meta property=\"article:publisher\" content=\"https:\/\/www.facebook.com\/miomiorun\/\" \/>\n<meta property=\"article:modified_time\" content=\"2026-04-30T08:54:10+00:00\" \/>\n<meta property=\"og:image\" content=\"https:\/\/www.miomiorun.com\/app\/uploads\/2021\/05\/brooks-Atmosphere-Short-Sleeve-211317-455.jpg\" \/>\n\t<meta property=\"og:image:width\" content=\"600\" \/>\n\t<meta property=\"og:image:height\" content=\"600\" \/>\n\t<meta property=\"og:image:type\" content=\"image\/jpeg\" \/>\n<meta name=\"twitter:card\" content=\"summary_large_image\" \/>\n<meta name=\"twitter:label1\" content=\"Est. reading time\" \/>\n\t<meta name=\"twitter:data1\" content=\"1 minute\" \/>\n<script type=\"application\/ld+json\" class=\"yoast-schema-graph\">{\"@context\":\"https:\/\/schema.org\",\"@graph\":[{\"@type\":\"WebPage\",\"@id\":\"https:\/\/www.miomiorun.com\/es\/producto\/brooks-atmosphere-short-sleeve-hombre\/\",\"url\":\"https:\/\/www.miomiorun.com\/es\/producto\/brooks-atmosphere-short-sleeve-hombre\/\",\"name\":\"Brooks Atmosphere Short Sleeve hombre - Camiseta para correr - MioMioRun\",\"isPartOf\":{\"@id\":\"https:\/\/www.miomiorun.com\/es\/#website\"},\"primaryImageOfPage\":{\"@id\":\"https:\/\/www.miomiorun.com\/es\/producto\/brooks-atmosphere-short-sleeve-hombre\/#primaryimage\"},\"image\":{\"@id\":\"https:\/\/www.miomiorun.com\/es\/producto\/brooks-atmosphere-short-sleeve-hombre\/#primaryimage\"},\"thumbnailUrl\":\"https:\/\/www.miomiorun.com\/app\/uploads\/2021\/05\/brooks-Atmosphere-Short-Sleeve-211317-455.jpg\",\"datePublished\":\"2021-05-06T08:33:57+00:00\",\"dateModified\":\"2026-04-30T08:54:10+00:00\",\"description\":\"Este maillot, confeccionado con un tejido ultraligero y transpirable, hace todo lo posible para mantenerte seco, tanto el d\u00eda de la carrera como cuando hace calor.\",\"breadcrumb\":{\"@id\":\"https:\/\/www.miomiorun.com\/es\/producto\/brooks-atmosphere-short-sleeve-hombre\/#breadcrumb\"},\"inLanguage\":\"es-ES\",\"potentialAction\":[{\"@type\":\"ReadAction\",\"target\":[\"https:\/\/www.miomiorun.com\/es\/producto\/brooks-atmosphere-short-sleeve-hombre\/\"]}]},{\"@type\":\"ImageObject\",\"inLanguage\":\"es-ES\",\"@id\":\"https:\/\/www.miomiorun.com\/es\/producto\/brooks-atmosphere-short-sleeve-hombre\/#primaryimage\",\"url\":\"https:\/\/www.miomiorun.com\/app\/uploads\/2021\/05\/brooks-Atmosphere-Short-Sleeve-211317-455.jpg\",\"contentUrl\":\"https:\/\/www.miomiorun.com\/app\/uploads\/2021\/05\/brooks-Atmosphere-Short-Sleeve-211317-455.jpg\",\"width\":600,\"height\":600,\"caption\":\"brooks atmosphere short sleeve\"},{\"@type\":\"BreadcrumbList\",\"@id\":\"https:\/\/www.miomiorun.com\/es\/producto\/brooks-atmosphere-short-sleeve-hombre\/#breadcrumb\",\"itemListElement\":[{\"@type\":\"ListItem\",\"position\":1,\"name\":\"Home\",\"item\":\"https:\/\/www.miomiorun.com\/es\/\"},{\"@type\":\"ListItem\",\"position\":2,\"name\":\"Shop\",\"item\":\"https:\/\/www.miomiorun.com\/shop\/\"},{\"@type\":\"ListItem\",\"position\":3,\"name\":\"Atmosphere Short Sleeve hombre\"}]},{\"@type\":\"WebSite\",\"@id\":\"https:\/\/www.miomiorun.com\/es\/#website\",\"url\":\"https:\/\/www.miomiorun.com\/es\/\",\"name\":\"MioMioRun\",\"description\":\"Tienda 100% running y trail\",\"publisher\":{\"@id\":\"https:\/\/www.miomiorun.com\/es\/#organization\"},\"potentialAction\":[{\"@type\":\"SearchAction\",\"target\":{\"@type\":\"EntryPoint\",\"urlTemplate\":\"https:\/\/www.miomiorun.com\/es\/?s={search_term_string}\"},\"query-input\":{\"@type\":\"PropertyValueSpecification\",\"valueRequired\":true,\"valueName\":\"search_term_string\"}}],\"inLanguage\":\"es-ES\"},{\"@type\":\"Organization\",\"@id\":\"https:\/\/www.miomiorun.com\/es\/#organization\",\"name\":\"MioMio Run\",\"url\":\"https:\/\/www.miomiorun.com\/es\/\",\"logo\":{\"@type\":\"ImageObject\",\"inLanguage\":\"es-ES\",\"@id\":\"https:\/\/www.miomiorun.com\/es\/#\/schema\/logo\/image\/\",\"url\":\"https:\/\/www.miomiorun.com\/app\/uploads\/2019\/12\/logomio.png\",\"contentUrl\":\"https:\/\/www.miomiorun.com\/app\/uploads\/2019\/12\/logomio.png\",\"width\":115,\"height\":82,\"caption\":\"MioMio Run\"},\"image\":{\"@id\":\"https:\/\/www.miomiorun.com\/es\/#\/schema\/logo\/image\/\"},\"sameAs\":[\"https:\/\/www.facebook.com\/miomiorun\/\",\"https:\/\/www.instagram.com\/miomiorun\/\"]}]}<\/script>\n<!-- \/ Yoast SEO plugin. -->","yoast_head_json":{"title":"Brooks Atmosphere Short Sleeve hombre - Camiseta para correr - MioMioRun","description":"Este maillot, confeccionado con un tejido ultraligero y transpirable, hace todo lo posible para mantenerte seco, tanto el d\u00eda de la carrera como cuando hace calor.","robots":{"index":"index","follow":"follow","max-snippet":"max-snippet:-1","max-image-preview":"max-image-preview:large","max-video-preview":"max-video-preview:-1"},"canonical":"https:\/\/www.miomiorun.com\/es\/producto\/brooks-atmosphere-short-sleeve-hombre\/","og_locale":"es_ES","og_type":"article","og_title":"Brooks Atmosphere Short Sleeve hombre - Camiseta para correr - MioMioRun","og_description":"Este maillot, confeccionado con un tejido ultraligero y transpirable, hace todo lo posible para mantenerte seco, tanto el d\u00eda de la carrera como cuando hace calor.","og_url":"https:\/\/www.miomiorun.com\/es\/producto\/brooks-atmosphere-short-sleeve-hombre\/","og_site_name":"MioMioRun","article_publisher":"https:\/\/www.facebook.com\/miomiorun\/","article_modified_time":"2026-04-30T08:54:10+00:00","og_image":[{"width":600,"height":600,"url":"https:\/\/www.miomiorun.com\/app\/uploads\/2021\/05\/brooks-Atmosphere-Short-Sleeve-211317-455.jpg","type":"image\/jpeg"}],"twitter_card":"summary_large_image","twitter_misc":{"Est. reading time":"1 minute"},"schema":{"@context":"https:\/\/schema.org","@graph":[{"@type":"WebPage","@id":"https:\/\/www.miomiorun.com\/es\/producto\/brooks-atmosphere-short-sleeve-hombre\/","url":"https:\/\/www.miomiorun.com\/es\/producto\/brooks-atmosphere-short-sleeve-hombre\/","name":"Brooks Atmosphere Short Sleeve hombre - Camiseta para correr - MioMioRun","isPartOf":{"@id":"https:\/\/www.miomiorun.com\/es\/#website"},"primaryImageOfPage":{"@id":"https:\/\/www.miomiorun.com\/es\/producto\/brooks-atmosphere-short-sleeve-hombre\/#primaryimage"},"image":{"@id":"https:\/\/www.miomiorun.com\/es\/producto\/brooks-atmosphere-short-sleeve-hombre\/#primaryimage"},"thumbnailUrl":"https:\/\/www.miomiorun.com\/app\/uploads\/2021\/05\/brooks-Atmosphere-Short-Sleeve-211317-455.jpg","datePublished":"2021-05-06T08:33:57+00:00","dateModified":"2026-04-30T08:54:10+00:00","description":"Este maillot, confeccionado con un tejido ultraligero y transpirable, hace todo lo posible para mantenerte seco, tanto el d\u00eda de la carrera como cuando hace calor.","breadcrumb":{"@id":"https:\/\/www.miomiorun.com\/es\/producto\/brooks-atmosphere-short-sleeve-hombre\/#breadcrumb"},"inLanguage":"es-ES","potentialAction":[{"@type":"ReadAction","target":["https:\/\/www.miomiorun.com\/es\/producto\/brooks-atmosphere-short-sleeve-hombre\/"]}]},{"@type":"ImageObject","inLanguage":"es-ES","@id":"https:\/\/www.miomiorun.com\/es\/producto\/brooks-atmosphere-short-sleeve-hombre\/#primaryimage","url":"https:\/\/www.miomiorun.com\/app\/uploads\/2021\/05\/brooks-Atmosphere-Short-Sleeve-211317-455.jpg","contentUrl":"https:\/\/www.miomiorun.com\/app\/uploads\/2021\/05\/brooks-Atmosphere-Short-Sleeve-211317-455.jpg","width":600,"height":600,"caption":"brooks atmosphere short sleeve"},{"@type":"BreadcrumbList","@id":"https:\/\/www.miomiorun.com\/es\/producto\/brooks-atmosphere-short-sleeve-hombre\/#breadcrumb","itemListElement":[{"@type":"ListItem","position":1,"name":"Home","item":"https:\/\/www.miomiorun.com\/es\/"},{"@type":"ListItem","position":2,"name":"Shop","item":"https:\/\/www.miomiorun.com\/shop\/"},{"@type":"ListItem","position":3,"name":"Atmosphere Short Sleeve hombre"}]},{"@type":"WebSite","@id":"https:\/\/www.miomiorun.com\/es\/#website","url":"https:\/\/www.miomiorun.com\/es\/","name":"MioMioRun","description":"Tienda 100% running y trail","publisher":{"@id":"https:\/\/www.miomiorun.com\/es\/#organization"},"potentialAction":[{"@type":"SearchAction","target":{"@type":"EntryPoint","urlTemplate":"https:\/\/www.miomiorun.com\/es\/?s={search_term_string}"},"query-input":{"@type":"PropertyValueSpecification","valueRequired":true,"valueName":"search_term_string"}}],"inLanguage":"es-ES"},{"@type":"Organization","@id":"https:\/\/www.miomiorun.com\/es\/#organization","name":"MioMio Run","url":"https:\/\/www.miomiorun.com\/es\/","logo":{"@type":"ImageObject","inLanguage":"es-ES","@id":"https:\/\/www.miomiorun.com\/es\/#\/schema\/logo\/image\/","url":"https:\/\/www.miomiorun.com\/app\/uploads\/2019\/12\/logomio.png","contentUrl":"https:\/\/www.miomiorun.com\/app\/uploads\/2019\/12\/logomio.png","width":115,"height":82,"caption":"MioMio Run"},"image":{"@id":"https:\/\/www.miomiorun.com\/es\/#\/schema\/logo\/image\/"},"sameAs":["https:\/\/www.facebook.com\/miomiorun\/","https:\/\/www.instagram.com\/miomiorun\/"]}]}},"_links":{"self":[{"href":"https:\/\/www.miomiorun.com\/es\/wp-json\/wp\/v2\/product\/277712","targetHints":{"allow":["GET"]}}],"collection":[{"href":"https:\/\/www.miomiorun.com\/es\/wp-json\/wp\/v2\/product"}],"about":[{"href":"https:\/\/www.miomiorun.com\/es\/wp-json\/wp\/v2\/types\/product"}],"wp:featuredmedia":[{"embeddable":true,"href":"https:\/\/www.miomiorun.com\/es\/wp-json\/wp\/v2\/media\/232012"}],"wp:attachment":[{"href":"https:\/\/www.miomiorun.com\/es\/wp-json\/wp\/v2\/media?parent=277712"}],"wp:term":[{"taxonomy":"product_brand","embeddable":true,"href":"https:\/\/www.miomiorun.com\/es\/wp-json\/wp\/v2\/product_brand?post=277712"},{"taxonomy":"product_cat","embeddable":true,"href":"https:\/\/www.miomiorun.com\/es\/wp-json\/wp\/v2\/product_cat?post=277712"},{"taxonomy":"product_tag","embeddable":true,"href":"https:\/\/www.miomiorun.com\/es\/wp-json\/wp\/v2\/product_tag?post=277712"}],"curies":[{"name":"wp","href":"https:\/\/api.w.org\/{rel}","templated":true}]}}