{"id":277643,"date":"2021-05-08T16:19:50","date_gmt":"2021-05-08T14:19:50","guid":{"rendered":"https:\/\/miomiorun.com\/prodotto\/compressport-trail-under-control-pirate-3-4-donna\/"},"modified":"2026-04-30T10:58:39","modified_gmt":"2026-04-30T08:58:39","slug":"compressport-trail-under-control-pirate-3-4-mujer","status":"publish","type":"product","link":"https:\/\/www.miomiorun.com\/es\/producto\/compressport-trail-under-control-pirate-3-4-mujer\/","title":{"rendered":"Trail Under Control Pirate 3\/4 mujer"},"content":{"rendered":"<p>Mallas de compresi\u00f3n de 3\/4 para mujer en color negro, con bolsillo envolvente integrado y agarres para las manos, ideales para correr por monta\u00f1a en condiciones de fr\u00edo<\/p>\n<p>Suiza no destaca precisamente por su calor, y sin embargo es el terreno de entrenamiento de la profesional del trail Kathrin G\u00f6tz. No es de extra\u00f1ar que las mallas de compresi\u00f3n con termorregulaci\u00f3n de Trail Under Control sean la prenda estrella de su armario. Los paneles de compresi\u00f3n estrat\u00e9gicamente situados proporcionan la m\u00e1xima sujeci\u00f3n a los muslos y los gl\u00fateos. Las vibraciones se reducen hasta en un 30 %, mientras que la mejora del flujo sangu\u00edneo oxigena los m\u00fasculos m\u00e1s r\u00e1pidamente, retrasando la fatiga. Las bandas de ventilaci\u00f3n incorporadas directamente en la compresi\u00f3n garantizan una ventilaci\u00f3n de 360\u00b0 y evacuan r\u00e1pidamente la humedad, reduciendo las rozaduras y las irritaciones. Una malla adicional detr\u00e1s de la rodilla proporciona mayor libertad de movimiento. El modelo actualizado de 2020 cuenta con un corte espec\u00edfico para mujer, que garantiza un ajuste ergon\u00f3mico, una comodidad \u00f3ptima y un toque de estilo femenino. Los detalles espec\u00edficos para el recorrido son la clave, con un corte ergon\u00f3mico en la cintura que proporciona un soporte adicional para el torso en terrenos irregulares. Un bolsillo trasero de malla permite guardar comida y peque\u00f1os objetos personales, mientras que los agarres de silicona en la parte exterior de los muslos evitan que las manos resbalen al acelerar el paso en las subidas. Combinadas con medias altas de running o con perneras, estas mallas de compresi\u00f3n de 3\/4 para trail running cumplen con las estrictas directrices del UTMB para las mallas completas.<\/p>\n<div id=\"materials\" class=\"data item content\" role=\"tabpanel\" data-role=\"content\" aria-labelledby=\"tab-label-materials\" aria-hidden=\"false\">\n<div class=\"product-materials-content\">\n<div class=\"texture-content primary-texture\">\n<section class=\"product-additional-info pt-4 pb-4\">\n<div class=\"d-flex mt-5 pt-4 pb-md-4 pb-3 text-center box-additional-info align-items-center flex-wrap\">\n<div class=\"col-lg-3 col-md-6 col-12 data-sheet\">\n<h2>Peso neto del producto<\/h2>\n<p>112,00 g<\/p>\n<h2>Composici\u00f3n<\/h2>\n<p>56 % poliamida multifilamento; 28 % PA; 16 % EA<\/p>\n<h2>Instrucciones de lavado y cuidado<\/h2>\n<p><img decoding=\"async\" class=\"img-fluid\" src=\"https:\/\/www.compressport.com\/img\/cms\/icons\/picto_wash.png\"><\/p>\n<div class=\"col-lg-3 col-md-6 col-12 data-sheet data-sheet-developed\"><img decoding=\"async\" class=\"img-fluid\" src=\"https:\/\/www.compressport.com\/img\/cms\/icons\/developed_swiss.png\"><\/div>\n<\/div>\n<\/div>\n<\/section>\n<\/div>\n<\/div>\n<\/div>\n","protected":false},"excerpt":{"rendered":"<p>Mallas de compresi\u00f3n de 3\/4 para mujer en color negro, con bolsillo envolvente integrado y agarres para las manos, ideales para correr por monta\u00f1a en condiciones de fr\u00edo Suiza no destaca precisamente por su calor, y sin embargo es el terreno de entrenamiento de la profesional del trail Kathrin G\u00f6tz. No es de extra\u00f1ar que &hellip; <a href=\"https:\/\/www.miomiorun.com\/es\/producto\/compressport-trail-under-control-pirate-3-4-mujer\/\">Continued<\/a><\/p>\n","protected":false},"featured_media":247293,"template":"","meta":{"_acf_changed":false,"inline_featured_image":false},"product_brand":[],"product_cat":[24395,24401,24402],"product_tag":[23471,23658],"class_list":{"0":"post-277643","1":"product","2":"type-product","3":"status-publish","4":"has-post-thumbnail","6":"product_cat-pantalones-cortos","7":"product_cat-ropa-de-mujer","8":"product_cat-mujer","9":"product_tag-compressport-es","10":"product_tag-compressport-mujer","11":"pa_attivita-caminar","12":"pa_attivita-trail-es","13":"pa_circonferenza-coscia-49-54-es","14":"pa_marca-compressport-es","15":"pa_sesso-mujer","17":"first","18":"instock","19":"taxable","20":"shipping-taxable","21":"purchasable","22":"product-type-variable","23":"wvs-archive-product-wrapper"},"acf":[],"yoast_head":"<!-- This site is optimized with the Yoast SEO plugin v26.8 - https:\/\/yoast.com\/product\/yoast-seo-wordpress\/ -->\n<title>Compressport Trail Under Control Pirate 3\/4 mujer - MioMioRun<\/title>\n<meta name=\"description\" content=\"Mallas de compresi\u00f3n de 3\/4 para mujer, de color negro, con bolsillo envolvente integrado y agarres para las manos, ideales para correr por monta\u00f1a en condiciones de fr\u00edo\" \/>\n<meta name=\"robots\" content=\"index, follow, max-snippet:-1, max-image-preview:large, max-video-preview:-1\" \/>\n<link rel=\"canonical\" href=\"https:\/\/www.miomiorun.com\/es\/producto\/compressport-trail-under-control-pirate-3-4-mujer\/\" \/>\n<meta property=\"og:locale\" content=\"es_ES\" \/>\n<meta property=\"og:type\" content=\"article\" \/>\n<meta property=\"og:title\" content=\"Compressport Trail Under Control Pirate 3\/4 mujer - MioMioRun\" \/>\n<meta property=\"og:description\" content=\"Mallas de compresi\u00f3n de 3\/4 para mujer, de color negro, con bolsillo envolvente integrado y agarres para las manos, ideales para correr por monta\u00f1a en condiciones de fr\u00edo\" \/>\n<meta property=\"og:url\" content=\"https:\/\/www.miomiorun.com\/es\/producto\/compressport-trail-under-control-pirate-3-4-mujer\/\" \/>\n<meta property=\"og:site_name\" content=\"MioMioRun\" \/>\n<meta property=\"article:publisher\" content=\"https:\/\/www.facebook.com\/miomiorun\/\" \/>\n<meta property=\"article:modified_time\" content=\"2026-04-30T08:58:39+00:00\" \/>\n<meta property=\"og:image\" content=\"https:\/\/www.miomiorun.com\/app\/uploads\/2021\/05\/compressport-Trail-Under-Control-Pirate-3-4-W-AW00004B-Black.jpg\" \/>\n\t<meta property=\"og:image:width\" content=\"600\" \/>\n\t<meta property=\"og:image:height\" content=\"600\" \/>\n\t<meta property=\"og:image:type\" content=\"image\/jpeg\" \/>\n<meta name=\"twitter:card\" content=\"summary_large_image\" \/>\n<meta name=\"twitter:label1\" content=\"Est. reading time\" \/>\n\t<meta name=\"twitter:data1\" content=\"2 minutes\" \/>\n<script type=\"application\/ld+json\" class=\"yoast-schema-graph\">{\"@context\":\"https:\/\/schema.org\",\"@graph\":[{\"@type\":\"WebPage\",\"@id\":\"https:\/\/www.miomiorun.com\/es\/producto\/compressport-trail-under-control-pirate-3-4-mujer\/\",\"url\":\"https:\/\/www.miomiorun.com\/es\/producto\/compressport-trail-under-control-pirate-3-4-mujer\/\",\"name\":\"Compressport Trail Under Control Pirate 3\/4 mujer - MioMioRun\",\"isPartOf\":{\"@id\":\"https:\/\/www.miomiorun.com\/es\/#website\"},\"primaryImageOfPage\":{\"@id\":\"https:\/\/www.miomiorun.com\/es\/producto\/compressport-trail-under-control-pirate-3-4-mujer\/#primaryimage\"},\"image\":{\"@id\":\"https:\/\/www.miomiorun.com\/es\/producto\/compressport-trail-under-control-pirate-3-4-mujer\/#primaryimage\"},\"thumbnailUrl\":\"https:\/\/www.miomiorun.com\/app\/uploads\/2021\/05\/compressport-Trail-Under-Control-Pirate-3-4-W-AW00004B-Black.jpg\",\"datePublished\":\"2021-05-08T14:19:50+00:00\",\"dateModified\":\"2026-04-30T08:58:39+00:00\",\"description\":\"Mallas de compresi\u00f3n de 3\/4 para mujer, de color negro, con bolsillo envolvente integrado y agarres para las manos, ideales para correr por monta\u00f1a en condiciones de fr\u00edo\",\"breadcrumb\":{\"@id\":\"https:\/\/www.miomiorun.com\/es\/producto\/compressport-trail-under-control-pirate-3-4-mujer\/#breadcrumb\"},\"inLanguage\":\"es-ES\",\"potentialAction\":[{\"@type\":\"ReadAction\",\"target\":[\"https:\/\/www.miomiorun.com\/es\/producto\/compressport-trail-under-control-pirate-3-4-mujer\/\"]}]},{\"@type\":\"ImageObject\",\"inLanguage\":\"es-ES\",\"@id\":\"https:\/\/www.miomiorun.com\/es\/producto\/compressport-trail-under-control-pirate-3-4-mujer\/#primaryimage\",\"url\":\"https:\/\/www.miomiorun.com\/app\/uploads\/2021\/05\/compressport-Trail-Under-Control-Pirate-3-4-W-AW00004B-Black.jpg\",\"contentUrl\":\"https:\/\/www.miomiorun.com\/app\/uploads\/2021\/05\/compressport-Trail-Under-Control-Pirate-3-4-W-AW00004B-Black.jpg\",\"width\":600,\"height\":600,\"caption\":\"compressport-Trail-Under-Control-Pirate-3-4-W-AW00004B-Black\"},{\"@type\":\"BreadcrumbList\",\"@id\":\"https:\/\/www.miomiorun.com\/es\/producto\/compressport-trail-under-control-pirate-3-4-mujer\/#breadcrumb\",\"itemListElement\":[{\"@type\":\"ListItem\",\"position\":1,\"name\":\"Home\",\"item\":\"https:\/\/www.miomiorun.com\/es\/\"},{\"@type\":\"ListItem\",\"position\":2,\"name\":\"Shop\",\"item\":\"https:\/\/www.miomiorun.com\/shop\/\"},{\"@type\":\"ListItem\",\"position\":3,\"name\":\"Trail Under Control Pirate 3\/4 mujer\"}]},{\"@type\":\"WebSite\",\"@id\":\"https:\/\/www.miomiorun.com\/es\/#website\",\"url\":\"https:\/\/www.miomiorun.com\/es\/\",\"name\":\"MioMioRun\",\"description\":\"Tienda 100% running y trail\",\"publisher\":{\"@id\":\"https:\/\/www.miomiorun.com\/es\/#organization\"},\"potentialAction\":[{\"@type\":\"SearchAction\",\"target\":{\"@type\":\"EntryPoint\",\"urlTemplate\":\"https:\/\/www.miomiorun.com\/es\/?s={search_term_string}\"},\"query-input\":{\"@type\":\"PropertyValueSpecification\",\"valueRequired\":true,\"valueName\":\"search_term_string\"}}],\"inLanguage\":\"es-ES\"},{\"@type\":\"Organization\",\"@id\":\"https:\/\/www.miomiorun.com\/es\/#organization\",\"name\":\"MioMio Run\",\"url\":\"https:\/\/www.miomiorun.com\/es\/\",\"logo\":{\"@type\":\"ImageObject\",\"inLanguage\":\"es-ES\",\"@id\":\"https:\/\/www.miomiorun.com\/es\/#\/schema\/logo\/image\/\",\"url\":\"https:\/\/www.miomiorun.com\/app\/uploads\/2019\/12\/logomio.png\",\"contentUrl\":\"https:\/\/www.miomiorun.com\/app\/uploads\/2019\/12\/logomio.png\",\"width\":115,\"height\":82,\"caption\":\"MioMio Run\"},\"image\":{\"@id\":\"https:\/\/www.miomiorun.com\/es\/#\/schema\/logo\/image\/\"},\"sameAs\":[\"https:\/\/www.facebook.com\/miomiorun\/\",\"https:\/\/www.instagram.com\/miomiorun\/\"]}]}<\/script>\n<!-- \/ Yoast SEO plugin. -->","yoast_head_json":{"title":"Compressport Trail Under Control Pirate 3\/4 mujer - MioMioRun","description":"Mallas de compresi\u00f3n de 3\/4 para mujer, de color negro, con bolsillo envolvente integrado y agarres para las manos, ideales para correr por monta\u00f1a en condiciones de fr\u00edo","robots":{"index":"index","follow":"follow","max-snippet":"max-snippet:-1","max-image-preview":"max-image-preview:large","max-video-preview":"max-video-preview:-1"},"canonical":"https:\/\/www.miomiorun.com\/es\/producto\/compressport-trail-under-control-pirate-3-4-mujer\/","og_locale":"es_ES","og_type":"article","og_title":"Compressport Trail Under Control Pirate 3\/4 mujer - MioMioRun","og_description":"Mallas de compresi\u00f3n de 3\/4 para mujer, de color negro, con bolsillo envolvente integrado y agarres para las manos, ideales para correr por monta\u00f1a en condiciones de fr\u00edo","og_url":"https:\/\/www.miomiorun.com\/es\/producto\/compressport-trail-under-control-pirate-3-4-mujer\/","og_site_name":"MioMioRun","article_publisher":"https:\/\/www.facebook.com\/miomiorun\/","article_modified_time":"2026-04-30T08:58:39+00:00","og_image":[{"width":600,"height":600,"url":"https:\/\/www.miomiorun.com\/app\/uploads\/2021\/05\/compressport-Trail-Under-Control-Pirate-3-4-W-AW00004B-Black.jpg","type":"image\/jpeg"}],"twitter_card":"summary_large_image","twitter_misc":{"Est. reading time":"2 minutes"},"schema":{"@context":"https:\/\/schema.org","@graph":[{"@type":"WebPage","@id":"https:\/\/www.miomiorun.com\/es\/producto\/compressport-trail-under-control-pirate-3-4-mujer\/","url":"https:\/\/www.miomiorun.com\/es\/producto\/compressport-trail-under-control-pirate-3-4-mujer\/","name":"Compressport Trail Under Control Pirate 3\/4 mujer - MioMioRun","isPartOf":{"@id":"https:\/\/www.miomiorun.com\/es\/#website"},"primaryImageOfPage":{"@id":"https:\/\/www.miomiorun.com\/es\/producto\/compressport-trail-under-control-pirate-3-4-mujer\/#primaryimage"},"image":{"@id":"https:\/\/www.miomiorun.com\/es\/producto\/compressport-trail-under-control-pirate-3-4-mujer\/#primaryimage"},"thumbnailUrl":"https:\/\/www.miomiorun.com\/app\/uploads\/2021\/05\/compressport-Trail-Under-Control-Pirate-3-4-W-AW00004B-Black.jpg","datePublished":"2021-05-08T14:19:50+00:00","dateModified":"2026-04-30T08:58:39+00:00","description":"Mallas de compresi\u00f3n de 3\/4 para mujer, de color negro, con bolsillo envolvente integrado y agarres para las manos, ideales para correr por monta\u00f1a en condiciones de fr\u00edo","breadcrumb":{"@id":"https:\/\/www.miomiorun.com\/es\/producto\/compressport-trail-under-control-pirate-3-4-mujer\/#breadcrumb"},"inLanguage":"es-ES","potentialAction":[{"@type":"ReadAction","target":["https:\/\/www.miomiorun.com\/es\/producto\/compressport-trail-under-control-pirate-3-4-mujer\/"]}]},{"@type":"ImageObject","inLanguage":"es-ES","@id":"https:\/\/www.miomiorun.com\/es\/producto\/compressport-trail-under-control-pirate-3-4-mujer\/#primaryimage","url":"https:\/\/www.miomiorun.com\/app\/uploads\/2021\/05\/compressport-Trail-Under-Control-Pirate-3-4-W-AW00004B-Black.jpg","contentUrl":"https:\/\/www.miomiorun.com\/app\/uploads\/2021\/05\/compressport-Trail-Under-Control-Pirate-3-4-W-AW00004B-Black.jpg","width":600,"height":600,"caption":"compressport-Trail-Under-Control-Pirate-3-4-W-AW00004B-Black"},{"@type":"BreadcrumbList","@id":"https:\/\/www.miomiorun.com\/es\/producto\/compressport-trail-under-control-pirate-3-4-mujer\/#breadcrumb","itemListElement":[{"@type":"ListItem","position":1,"name":"Home","item":"https:\/\/www.miomiorun.com\/es\/"},{"@type":"ListItem","position":2,"name":"Shop","item":"https:\/\/www.miomiorun.com\/shop\/"},{"@type":"ListItem","position":3,"name":"Trail Under Control Pirate 3\/4 mujer"}]},{"@type":"WebSite","@id":"https:\/\/www.miomiorun.com\/es\/#website","url":"https:\/\/www.miomiorun.com\/es\/","name":"MioMioRun","description":"Tienda 100% running y trail","publisher":{"@id":"https:\/\/www.miomiorun.com\/es\/#organization"},"potentialAction":[{"@type":"SearchAction","target":{"@type":"EntryPoint","urlTemplate":"https:\/\/www.miomiorun.com\/es\/?s={search_term_string}"},"query-input":{"@type":"PropertyValueSpecification","valueRequired":true,"valueName":"search_term_string"}}],"inLanguage":"es-ES"},{"@type":"Organization","@id":"https:\/\/www.miomiorun.com\/es\/#organization","name":"MioMio Run","url":"https:\/\/www.miomiorun.com\/es\/","logo":{"@type":"ImageObject","inLanguage":"es-ES","@id":"https:\/\/www.miomiorun.com\/es\/#\/schema\/logo\/image\/","url":"https:\/\/www.miomiorun.com\/app\/uploads\/2019\/12\/logomio.png","contentUrl":"https:\/\/www.miomiorun.com\/app\/uploads\/2019\/12\/logomio.png","width":115,"height":82,"caption":"MioMio Run"},"image":{"@id":"https:\/\/www.miomiorun.com\/es\/#\/schema\/logo\/image\/"},"sameAs":["https:\/\/www.facebook.com\/miomiorun\/","https:\/\/www.instagram.com\/miomiorun\/"]}]}},"_links":{"self":[{"href":"https:\/\/www.miomiorun.com\/es\/wp-json\/wp\/v2\/product\/277643","targetHints":{"allow":["GET"]}}],"collection":[{"href":"https:\/\/www.miomiorun.com\/es\/wp-json\/wp\/v2\/product"}],"about":[{"href":"https:\/\/www.miomiorun.com\/es\/wp-json\/wp\/v2\/types\/product"}],"wp:featuredmedia":[{"embeddable":true,"href":"https:\/\/www.miomiorun.com\/es\/wp-json\/wp\/v2\/media\/247293"}],"wp:attachment":[{"href":"https:\/\/www.miomiorun.com\/es\/wp-json\/wp\/v2\/media?parent=277643"}],"wp:term":[{"taxonomy":"product_brand","embeddable":true,"href":"https:\/\/www.miomiorun.com\/es\/wp-json\/wp\/v2\/product_brand?post=277643"},{"taxonomy":"product_cat","embeddable":true,"href":"https:\/\/www.miomiorun.com\/es\/wp-json\/wp\/v2\/product_cat?post=277643"},{"taxonomy":"product_tag","embeddable":true,"href":"https:\/\/www.miomiorun.com\/es\/wp-json\/wp\/v2\/product_tag?post=277643"}],"curies":[{"name":"wp","href":"https:\/\/api.w.org\/{rel}","templated":true}]}}