{"id":277627,"date":"2021-05-13T19:22:17","date_gmt":"2021-05-13T17:22:17","guid":{"rendered":"https:\/\/miomiorun.com\/prodotto\/compressport-r2v2-calf-sleeves\/"},"modified":"2026-04-23T11:27:35","modified_gmt":"2026-04-23T09:27:35","slug":"compressport-r2v2-calf-sleeves","status":"publish","type":"product","link":"https:\/\/www.miomiorun.com\/es\/producto\/compressport-r2v2-calf-sleeves\/","title":{"rendered":"R2v2 Calf Sleeves"},"content":{"rendered":"<p>Un producto emblem\u00e1tico: unas medias cortas de alto rendimiento dise\u00f1adas para reducir las vibraciones musculares y mejorar el rendimiento en cualquier disciplina.<\/p>\n<p>Las R2V2 son, sin duda, el producto m\u00e1s famoso y reconocible de nuestra gama. Estas elegantes medias de compresi\u00f3n sin costuras se ven por todas partes, desde las carreras y las exhibiciones en pista hasta la l\u00ednea de meta, y han estado en el podio de todas las principales competiciones del mundo. Dise\u00f1adas cient\u00edficamente para revolucionar el mundo del deporte con una tecnolog\u00eda altamente controlada y acorde con las normas m\u00e9dicas, han establecido un nuevo est\u00e1ndar en la ropa de compresi\u00f3n que nos enorgullece mejorar a\u00f1o tras a\u00f1o. Nuestras renovadas R2V2 presentan un nuevo y exclusivo tejido ondulado 3D: una tecnolog\u00eda innovadora con \u00abefecto waffel\u00bb que ofrece una mayor protecci\u00f3n al tobillo y al tend\u00f3n de Aquiles. La mejora de la elasticidad vertical aumenta a\u00fan m\u00e1s la comodidad y el ajuste. Si se llevan antes de la actividad, las medias favorecen la circulaci\u00f3n sangu\u00ednea y preparan los m\u00fasculos y la mente para el esfuerzo. Durante el entrenamiento y las competiciones, el tejido de secado r\u00e1pido amortigua las vibraciones para limitar las lesiones musculares, reducir el dolor y retrasar la fatiga, reduciendo la acumulaci\u00f3n de \u00e1cido l\u00e1ctico. La rodillera especial ha sido dise\u00f1ada espec\u00edficamente para reducir los impactos y las molestias alrededor de la rodilla cuando bajas a toda velocidad por senderos empinados o te golpeas al caer sobre el asfalto. Tanto si tu objetivo es una marca personal en 10 km como una plaza para el UTMB, las R2V2 son tu mejor arma para afrontar el reto.<\/p>\n<section class=\"product-additional-info pt-4 pb-4\">\n<div class=\"d-flex mt-5 pt-4 pb-md-4 pb-3 text-center box-additional-info align-items-center flex-wrap\">\n<div class=\"col-lg-3 col-md-6 col-12 data-sheet\">\n<h2>Peso neto del producto<\/h2>\n<p>38,00 g<\/p>\n<\/div>\n<div class=\"data-sheet col-lg-3 col-md-6 col-12 feature_1 \">\n<h2>Composici\u00f3n<\/h2>\n<dl class=\"d-flex flex-wrap justify-content-center\">\n<dd>65 % PA, 35 % EA<\/dd>\n<\/dl>\n<\/div>\n<div class=\"col-lg-3 col-md-6 col-12 data-sheet\">\n<h2>Instrucciones de lavado y cuidado<\/h2>\n<p><img decoding=\"async\" class=\"img-fluid\" src=\"https:\/\/www.compressport.com\/img\/cms\/icons\/picto_wash.png\"><\/p>\n<\/div>\n<div class=\"col-lg-3 col-md-6 col-12 data-sheet data-sheet-developed\"><img decoding=\"async\" class=\"img-fluid\" src=\"https:\/\/www.compressport.com\/img\/cms\/icons\/developed_swiss.png\"><\/div>\n<\/div>\n<\/section>\n<div><\/div>\n<div>\n<h2 class=\"title-thin\">Gu\u00eda de tallas (circunferencia de la pantorrilla)<\/h2>\n<div class=\"chart-tabs-container\">\n<div class=\"tab-content clearfix keep-it-tight\">\n<div id=\"11_chart_productTab\" class=\"chart_productTab\">\n<div id=\"single_chart_table_popup\">\n<div class=\"row\">\n<div class=\"col-md-2\"><span class=\"img-w-comment d-block d-md-block text-center text-md-left\"> <img loading=\"lazy\" decoding=\"async\" class=\"chart-table-img img-fluid alignleft\" src=\"https:\/\/www.compressport.com\/inter\/modules\/sizeconversion\/views\/img\/Guide-sizing_Calf-sleeves.jpg\" width=\"203\" height=\"304\"> <\/span><\/div>\n<div class=\"col-md-10\">\n<div class=\"table-responsive-md\">\n<table id=\"chart_table_11\" class=\"table table-striped table-bordered text-center chart-table\" style=\"height: 171px\" width=\"209\">\n<thead class=\"thead-default\">\n<tr class=\"\">\n<th><\/th>\n<th id=\"conversion_group_65\">CM<\/th>\n<th id=\"conversion_group_66\">PULGADAS<\/th>\n<\/tr>\n<\/thead>\n<tbody>\n<tr class=\"chart-table-row\">\n<th class=\"cc-name\">T1<\/th>\n<td>30-34<\/td>\n<td>12-13,5<\/td>\n<\/tr>\n<tr class=\"chart-table-row\">\n<th class=\"cc-name\">T2<\/th>\n<td>34-38<\/td>\n<td>13,5-15<\/td>\n<\/tr>\n<tr class=\"chart-table-row\">\n<th class=\"cc-name\">T3<\/th>\n<td>38-42<\/td>\n<td>15-16,5<\/td>\n<\/tr>\n<tr class=\"chart-table-row\">\n<th class=\"cc-name\">T4<\/th>\n<td>42-46<\/td>\n<td>16,5-18<\/td>\n<\/tr>\n<\/tbody>\n<\/table>\n<\/div>\n<\/div>\n<\/div>\n<\/div>\n<\/div>\n<\/div>\n<\/div>\n<\/div>\n","protected":false},"excerpt":{"rendered":"<p>Un producto emblem\u00e1tico: unas medias cortas de alto rendimiento dise\u00f1adas para reducir las vibraciones musculares y mejorar el rendimiento en cualquier disciplina. Las R2V2 son, sin duda, el producto m\u00e1s famoso y reconocible de nuestra gama. Estas elegantes medias de compresi\u00f3n sin costuras se ven por todas partes, desde las carreras y las exhibiciones en &hellip; <a href=\"https:\/\/www.miomiorun.com\/es\/producto\/compressport-r2v2-calf-sleeves\/\">Continued<\/a><\/p>\n","protected":false},"featured_media":232118,"template":"","meta":{"_acf_changed":false,"inline_featured_image":false},"product_brand":[],"product_cat":[24462,24400,24463,24401,24464,24402],"product_tag":[23471,23660,23658],"class_list":{"0":"post-277627","1":"product","2":"type-product","3":"status-publish","4":"has-post-thumbnail","6":"product_cat-calcetines-es-2","7":"product_cat-calcetines","8":"product_cat-ropa-de-hombre-es","9":"product_cat-ropa-de-mujer","10":"product_cat-hombre","11":"product_cat-mujer","12":"product_tag-compressport-es","13":"product_tag-compressport-hombre","14":"product_tag-compressport-mujer","15":"pa_attivita-running-es","16":"pa_attivita-trail-es","17":"pa_circonferenza-polpaccio-30-34-es","18":"pa_circonferenza-polpaccio-34-38-es","19":"pa_colore-r2v2-calf-sleeves-black-es","20":"pa_colore-r2v2-calf-sleeves-pink-es","21":"pa_marca-compressport-es","22":"pa_sesso-hombre","23":"pa_sesso-mujer","25":"first","26":"instock","27":"sale","28":"taxable","29":"shipping-taxable","30":"purchasable","31":"product-type-variable","32":"wvs-archive-product-wrapper"},"acf":[],"yoast_head":"<!-- This site is optimized with the Yoast SEO plugin v26.8 - https:\/\/yoast.com\/product\/yoast-seo-wordpress\/ -->\n<title>Compressport R2v2 Calf Sleeves - Carrera de relevos - MioMioRun<\/title>\n<meta name=\"description\" content=\"Un producto emblem\u00e1tico: unas medias cortas de alto rendimiento dise\u00f1adas para reducir las vibraciones musculares y mejorar el rendimiento en cualquier disciplina.\" \/>\n<meta name=\"robots\" content=\"index, follow, max-snippet:-1, max-image-preview:large, max-video-preview:-1\" \/>\n<link rel=\"canonical\" href=\"https:\/\/www.miomiorun.com\/es\/producto\/compressport-r2v2-calf-sleeves\/\" \/>\n<meta property=\"og:locale\" content=\"es_ES\" \/>\n<meta property=\"og:type\" content=\"article\" \/>\n<meta property=\"og:title\" content=\"Compressport R2v2 Calf Sleeves - Carrera de relevos - MioMioRun\" \/>\n<meta property=\"og:description\" content=\"Un producto emblem\u00e1tico: unas medias cortas de alto rendimiento dise\u00f1adas para reducir las vibraciones musculares y mejorar el rendimiento en cualquier disciplina.\" \/>\n<meta property=\"og:url\" content=\"https:\/\/www.miomiorun.com\/es\/producto\/compressport-r2v2-calf-sleeves\/\" \/>\n<meta property=\"og:site_name\" content=\"MioMioRun\" \/>\n<meta property=\"article:publisher\" content=\"https:\/\/www.facebook.com\/miomiorun\/\" \/>\n<meta property=\"article:modified_time\" content=\"2026-04-23T09:27:35+00:00\" \/>\n<meta property=\"og:image\" content=\"https:\/\/www.miomiorun.com\/app\/uploads\/2021\/05\/compressport-R2v2-Calf-Sleeves-SU00002B-pink.jpg\" \/>\n\t<meta property=\"og:image:width\" content=\"600\" \/>\n\t<meta property=\"og:image:height\" content=\"600\" \/>\n\t<meta property=\"og:image:type\" content=\"image\/jpeg\" \/>\n<meta name=\"twitter:card\" content=\"summary_large_image\" \/>\n<meta name=\"twitter:label1\" content=\"Est. reading time\" \/>\n\t<meta name=\"twitter:data1\" content=\"2 minutes\" \/>\n<script type=\"application\/ld+json\" class=\"yoast-schema-graph\">{\"@context\":\"https:\/\/schema.org\",\"@graph\":[{\"@type\":\"WebPage\",\"@id\":\"https:\/\/www.miomiorun.com\/es\/producto\/compressport-r2v2-calf-sleeves\/\",\"url\":\"https:\/\/www.miomiorun.com\/es\/producto\/compressport-r2v2-calf-sleeves\/\",\"name\":\"Compressport R2v2 Calf Sleeves - Carrera de relevos - MioMioRun\",\"isPartOf\":{\"@id\":\"https:\/\/www.miomiorun.com\/es\/#website\"},\"primaryImageOfPage\":{\"@id\":\"https:\/\/www.miomiorun.com\/es\/producto\/compressport-r2v2-calf-sleeves\/#primaryimage\"},\"image\":{\"@id\":\"https:\/\/www.miomiorun.com\/es\/producto\/compressport-r2v2-calf-sleeves\/#primaryimage\"},\"thumbnailUrl\":\"https:\/\/www.miomiorun.com\/app\/uploads\/2021\/05\/compressport-R2v2-Calf-Sleeves-SU00002B-pink.jpg\",\"datePublished\":\"2021-05-13T17:22:17+00:00\",\"dateModified\":\"2026-04-23T09:27:35+00:00\",\"description\":\"Un producto emblem\u00e1tico: unas medias cortas de alto rendimiento dise\u00f1adas para reducir las vibraciones musculares y mejorar el rendimiento en cualquier disciplina.\",\"breadcrumb\":{\"@id\":\"https:\/\/www.miomiorun.com\/es\/producto\/compressport-r2v2-calf-sleeves\/#breadcrumb\"},\"inLanguage\":\"es-ES\",\"potentialAction\":[{\"@type\":\"ReadAction\",\"target\":[\"https:\/\/www.miomiorun.com\/es\/producto\/compressport-r2v2-calf-sleeves\/\"]}]},{\"@type\":\"ImageObject\",\"inLanguage\":\"es-ES\",\"@id\":\"https:\/\/www.miomiorun.com\/es\/producto\/compressport-r2v2-calf-sleeves\/#primaryimage\",\"url\":\"https:\/\/www.miomiorun.com\/app\/uploads\/2021\/05\/compressport-R2v2-Calf-Sleeves-SU00002B-pink.jpg\",\"contentUrl\":\"https:\/\/www.miomiorun.com\/app\/uploads\/2021\/05\/compressport-R2v2-Calf-Sleeves-SU00002B-pink.jpg\",\"width\":600,\"height\":600,\"caption\":\"compressport r2v2 calf sleeves\"},{\"@type\":\"BreadcrumbList\",\"@id\":\"https:\/\/www.miomiorun.com\/es\/producto\/compressport-r2v2-calf-sleeves\/#breadcrumb\",\"itemListElement\":[{\"@type\":\"ListItem\",\"position\":1,\"name\":\"Home\",\"item\":\"https:\/\/www.miomiorun.com\/es\/\"},{\"@type\":\"ListItem\",\"position\":2,\"name\":\"Shop\",\"item\":\"https:\/\/www.miomiorun.com\/shop\/\"},{\"@type\":\"ListItem\",\"position\":3,\"name\":\"R2v2 Calf Sleeves\"}]},{\"@type\":\"WebSite\",\"@id\":\"https:\/\/www.miomiorun.com\/es\/#website\",\"url\":\"https:\/\/www.miomiorun.com\/es\/\",\"name\":\"MioMioRun\",\"description\":\"Tienda 100% running y trail\",\"publisher\":{\"@id\":\"https:\/\/www.miomiorun.com\/es\/#organization\"},\"potentialAction\":[{\"@type\":\"SearchAction\",\"target\":{\"@type\":\"EntryPoint\",\"urlTemplate\":\"https:\/\/www.miomiorun.com\/es\/?s={search_term_string}\"},\"query-input\":{\"@type\":\"PropertyValueSpecification\",\"valueRequired\":true,\"valueName\":\"search_term_string\"}}],\"inLanguage\":\"es-ES\"},{\"@type\":\"Organization\",\"@id\":\"https:\/\/www.miomiorun.com\/es\/#organization\",\"name\":\"MioMio Run\",\"url\":\"https:\/\/www.miomiorun.com\/es\/\",\"logo\":{\"@type\":\"ImageObject\",\"inLanguage\":\"es-ES\",\"@id\":\"https:\/\/www.miomiorun.com\/es\/#\/schema\/logo\/image\/\",\"url\":\"https:\/\/www.miomiorun.com\/app\/uploads\/2019\/12\/logomio.png\",\"contentUrl\":\"https:\/\/www.miomiorun.com\/app\/uploads\/2019\/12\/logomio.png\",\"width\":115,\"height\":82,\"caption\":\"MioMio Run\"},\"image\":{\"@id\":\"https:\/\/www.miomiorun.com\/es\/#\/schema\/logo\/image\/\"},\"sameAs\":[\"https:\/\/www.facebook.com\/miomiorun\/\",\"https:\/\/www.instagram.com\/miomiorun\/\"]}]}<\/script>\n<!-- \/ Yoast SEO plugin. -->","yoast_head_json":{"title":"Compressport R2v2 Calf Sleeves - Carrera de relevos - MioMioRun","description":"Un producto emblem\u00e1tico: unas medias cortas de alto rendimiento dise\u00f1adas para reducir las vibraciones musculares y mejorar el rendimiento en cualquier disciplina.","robots":{"index":"index","follow":"follow","max-snippet":"max-snippet:-1","max-image-preview":"max-image-preview:large","max-video-preview":"max-video-preview:-1"},"canonical":"https:\/\/www.miomiorun.com\/es\/producto\/compressport-r2v2-calf-sleeves\/","og_locale":"es_ES","og_type":"article","og_title":"Compressport R2v2 Calf Sleeves - Carrera de relevos - MioMioRun","og_description":"Un producto emblem\u00e1tico: unas medias cortas de alto rendimiento dise\u00f1adas para reducir las vibraciones musculares y mejorar el rendimiento en cualquier disciplina.","og_url":"https:\/\/www.miomiorun.com\/es\/producto\/compressport-r2v2-calf-sleeves\/","og_site_name":"MioMioRun","article_publisher":"https:\/\/www.facebook.com\/miomiorun\/","article_modified_time":"2026-04-23T09:27:35+00:00","og_image":[{"width":600,"height":600,"url":"https:\/\/www.miomiorun.com\/app\/uploads\/2021\/05\/compressport-R2v2-Calf-Sleeves-SU00002B-pink.jpg","type":"image\/jpeg"}],"twitter_card":"summary_large_image","twitter_misc":{"Est. reading time":"2 minutes"},"schema":{"@context":"https:\/\/schema.org","@graph":[{"@type":"WebPage","@id":"https:\/\/www.miomiorun.com\/es\/producto\/compressport-r2v2-calf-sleeves\/","url":"https:\/\/www.miomiorun.com\/es\/producto\/compressport-r2v2-calf-sleeves\/","name":"Compressport R2v2 Calf Sleeves - Carrera de relevos - MioMioRun","isPartOf":{"@id":"https:\/\/www.miomiorun.com\/es\/#website"},"primaryImageOfPage":{"@id":"https:\/\/www.miomiorun.com\/es\/producto\/compressport-r2v2-calf-sleeves\/#primaryimage"},"image":{"@id":"https:\/\/www.miomiorun.com\/es\/producto\/compressport-r2v2-calf-sleeves\/#primaryimage"},"thumbnailUrl":"https:\/\/www.miomiorun.com\/app\/uploads\/2021\/05\/compressport-R2v2-Calf-Sleeves-SU00002B-pink.jpg","datePublished":"2021-05-13T17:22:17+00:00","dateModified":"2026-04-23T09:27:35+00:00","description":"Un producto emblem\u00e1tico: unas medias cortas de alto rendimiento dise\u00f1adas para reducir las vibraciones musculares y mejorar el rendimiento en cualquier disciplina.","breadcrumb":{"@id":"https:\/\/www.miomiorun.com\/es\/producto\/compressport-r2v2-calf-sleeves\/#breadcrumb"},"inLanguage":"es-ES","potentialAction":[{"@type":"ReadAction","target":["https:\/\/www.miomiorun.com\/es\/producto\/compressport-r2v2-calf-sleeves\/"]}]},{"@type":"ImageObject","inLanguage":"es-ES","@id":"https:\/\/www.miomiorun.com\/es\/producto\/compressport-r2v2-calf-sleeves\/#primaryimage","url":"https:\/\/www.miomiorun.com\/app\/uploads\/2021\/05\/compressport-R2v2-Calf-Sleeves-SU00002B-pink.jpg","contentUrl":"https:\/\/www.miomiorun.com\/app\/uploads\/2021\/05\/compressport-R2v2-Calf-Sleeves-SU00002B-pink.jpg","width":600,"height":600,"caption":"compressport r2v2 calf sleeves"},{"@type":"BreadcrumbList","@id":"https:\/\/www.miomiorun.com\/es\/producto\/compressport-r2v2-calf-sleeves\/#breadcrumb","itemListElement":[{"@type":"ListItem","position":1,"name":"Home","item":"https:\/\/www.miomiorun.com\/es\/"},{"@type":"ListItem","position":2,"name":"Shop","item":"https:\/\/www.miomiorun.com\/shop\/"},{"@type":"ListItem","position":3,"name":"R2v2 Calf Sleeves"}]},{"@type":"WebSite","@id":"https:\/\/www.miomiorun.com\/es\/#website","url":"https:\/\/www.miomiorun.com\/es\/","name":"MioMioRun","description":"Tienda 100% running y trail","publisher":{"@id":"https:\/\/www.miomiorun.com\/es\/#organization"},"potentialAction":[{"@type":"SearchAction","target":{"@type":"EntryPoint","urlTemplate":"https:\/\/www.miomiorun.com\/es\/?s={search_term_string}"},"query-input":{"@type":"PropertyValueSpecification","valueRequired":true,"valueName":"search_term_string"}}],"inLanguage":"es-ES"},{"@type":"Organization","@id":"https:\/\/www.miomiorun.com\/es\/#organization","name":"MioMio Run","url":"https:\/\/www.miomiorun.com\/es\/","logo":{"@type":"ImageObject","inLanguage":"es-ES","@id":"https:\/\/www.miomiorun.com\/es\/#\/schema\/logo\/image\/","url":"https:\/\/www.miomiorun.com\/app\/uploads\/2019\/12\/logomio.png","contentUrl":"https:\/\/www.miomiorun.com\/app\/uploads\/2019\/12\/logomio.png","width":115,"height":82,"caption":"MioMio Run"},"image":{"@id":"https:\/\/www.miomiorun.com\/es\/#\/schema\/logo\/image\/"},"sameAs":["https:\/\/www.facebook.com\/miomiorun\/","https:\/\/www.instagram.com\/miomiorun\/"]}]}},"_links":{"self":[{"href":"https:\/\/www.miomiorun.com\/es\/wp-json\/wp\/v2\/product\/277627","targetHints":{"allow":["GET"]}}],"collection":[{"href":"https:\/\/www.miomiorun.com\/es\/wp-json\/wp\/v2\/product"}],"about":[{"href":"https:\/\/www.miomiorun.com\/es\/wp-json\/wp\/v2\/types\/product"}],"wp:featuredmedia":[{"embeddable":true,"href":"https:\/\/www.miomiorun.com\/es\/wp-json\/wp\/v2\/media\/232118"}],"wp:attachment":[{"href":"https:\/\/www.miomiorun.com\/es\/wp-json\/wp\/v2\/media?parent=277627"}],"wp:term":[{"taxonomy":"product_brand","embeddable":true,"href":"https:\/\/www.miomiorun.com\/es\/wp-json\/wp\/v2\/product_brand?post=277627"},{"taxonomy":"product_cat","embeddable":true,"href":"https:\/\/www.miomiorun.com\/es\/wp-json\/wp\/v2\/product_cat?post=277627"},{"taxonomy":"product_tag","embeddable":true,"href":"https:\/\/www.miomiorun.com\/es\/wp-json\/wp\/v2\/product_tag?post=277627"}],"curies":[{"name":"wp","href":"https:\/\/api.w.org\/{rel}","templated":true}]}}