{"id":277609,"date":"2021-05-15T09:44:58","date_gmt":"2021-05-15T07:44:58","guid":{"rendered":"https:\/\/miomiorun.com\/prodotto\/compressport-r2-oxygen-calf-sleeves\/"},"modified":"2026-04-30T10:59:36","modified_gmt":"2026-04-30T08:59:36","slug":"compressport-r2-oxygen-calf-sleeves","status":"publish","type":"product","link":"https:\/\/www.miomiorun.com\/es\/producto\/compressport-r2-oxygen-calf-sleeves\/","title":{"rendered":"R2 Oxygen calf sleeves"},"content":{"rendered":"<p>Calcetines cortos negros \u00absegunda piel\u00bb, lo mejor de la gama, para una ventilaci\u00f3n m\u00e1xima y la mejor sujeci\u00f3n muscular durante las competiciones m\u00e1s duras.<\/p>\n<p>Cuenta la leyenda que Fred Van Lierde solo tarda ocho segundos en ponerse estos calcetines cortos Compressport R2 despu\u00e9s de nadar en Kona, Haw\u00e1i. El modelo m\u00e1s eficaz de nuestra gama de calcetines cortos se ha desarrollado espec\u00edficamente para las competiciones de velocidad en las condiciones m\u00e1s extremas. M\u00e1s all\u00e1 del modelo de referencia R2V2, nuestros dise\u00f1adores buscaban una sensaci\u00f3n de segunda piel ultrasuave y reconfortante gracias a la ligereza del producto. Con paneles de malla estrat\u00e9gicamente situados y de secado r\u00e1pido que proporcionan una ventilaci\u00f3n de 360\u00b0, los R2 Oxygen son los calcetines de compresi\u00f3n m\u00e1s ligeros del mercado, con un peso de tan solo 11 g. Sin embargo, las fibras extremadamente finas han demostrado conservar todas las propiedades y beneficios de la compresi\u00f3n, ofreciendo el m\u00e1ximo apoyo y protecci\u00f3n a la pantorrilla y la parte inferior de la rodilla, al tiempo que limitan las vibraciones y las lesiones musculares. La versi\u00f3n actualizada de 2020 ofrece una mayor elasticidad horizontal y vertical para un ajuste a\u00fan m\u00e1s f\u00e1cil y una mayor comodidad. Un dise\u00f1o minimalista en negro completa el conjunto con un look elegante y refinado para la pista. Ya sea sobre el asfalto ardiente de Haw\u00e1i o en las arenas abrasadoras del S\u00e1hara, las ultraligeras R2 Oxygen ser\u00e1n tus fieles compa\u00f1eras.<\/p>\n<section class=\"product-additional-info pt-4 pb-4\">\n<div class=\"d-flex mt-5 pt-4 pb-md-4 pb-3 text-center box-additional-info align-items-center flex-wrap\">\n<div class=\"col-lg-3 col-md-6 col-12 data-sheet\">\n<h2>Peso neto del producto<\/h2>\n<p>30,00 g<\/p>\n<\/div>\n<div class=\"data-sheet col-lg-3 col-md-6 col-12 feature_1 \">\n<h2>Composici\u00f3n<\/h2>\n<dl class=\"d-flex flex-wrap justify-content-center\">\n<dd>78 % PA, 22 % EA<\/dd>\n<\/dl>\n<\/div>\n<div class=\"col-lg-3 col-md-6 col-12 data-sheet\">\n<h2>Instrucciones de lavado y cuidado<\/h2>\n<p><img decoding=\"async\" class=\"img-fluid\" src=\"https:\/\/www.compressport.com\/img\/cms\/icons\/picto_wash.png\"><\/p>\n<\/div>\n<div class=\"col-lg-3 col-md-6 col-12 data-sheet data-sheet-developed\"><img decoding=\"async\" class=\"img-fluid\" src=\"https:\/\/www.compressport.com\/img\/cms\/icons\/developed_swiss.png\"><\/div>\n<\/div>\n<\/section>\n<div><\/div>\n<div>\n<h2 class=\"title-thin\">Gu\u00eda de tallas (circunferencia de la pantorrilla)<\/h2>\n<div class=\"chart-tabs-container\">\n<div class=\"tab-content clearfix keep-it-tight\">\n<div id=\"11_chart_productTab\" class=\"chart_productTab\">\n<div id=\"single_chart_table_popup\">\n<div class=\"row\">\n<div class=\"col-md-2\"><span class=\"img-w-comment d-block d-md-block text-center text-md-left\"> <img loading=\"lazy\" decoding=\"async\" class=\"chart-table-img img-fluid alignleft\" src=\"https:\/\/www.compressport.com\/inter\/modules\/sizeconversion\/views\/img\/Guide-sizing_Calf-sleeves.jpg\" width=\"203\" height=\"304\"> <\/span><\/div>\n<div class=\"col-md-10\">\n<div class=\"table-responsive-md\">\n<table id=\"chart_table_11\" class=\"table table-striped table-bordered text-center chart-table\" style=\"height: 171px\" width=\"209\">\n<thead class=\"thead-default\">\n<tr class=\"\">\n<th><\/th>\n<th id=\"conversion_group_65\">CM<\/th>\n<th id=\"conversion_group_66\">PULGADAS<\/th>\n<\/tr>\n<\/thead>\n<tbody>\n<tr class=\"chart-table-row\">\n<th class=\"cc-name\">T1<\/th>\n<td>30-34<\/td>\n<td>12-13,5<\/td>\n<\/tr>\n<tr class=\"chart-table-row\">\n<th class=\"cc-name\">T2<\/th>\n<td>34-38<\/td>\n<td>13,5-15<\/td>\n<\/tr>\n<tr class=\"chart-table-row\">\n<th class=\"cc-name\">T3<\/th>\n<td>38-42<\/td>\n<td>15-16,5<\/td>\n<\/tr>\n<tr class=\"chart-table-row\">\n<th class=\"cc-name\">T4<\/th>\n<td>42-46<\/td>\n<td>16,5-18<\/td>\n<\/tr>\n<\/tbody>\n<\/table>\n<\/div>\n<\/div>\n<\/div>\n<\/div>\n<\/div>\n<\/div>\n<\/div>\n<\/div>\n","protected":false},"excerpt":{"rendered":"<p>Calcetines cortos negros \u00absegunda piel\u00bb, lo mejor de la gama, para una ventilaci\u00f3n m\u00e1xima y la mejor sujeci\u00f3n muscular durante las competiciones m\u00e1s duras. Cuenta la leyenda que Fred Van Lierde solo tarda ocho segundos en ponerse estos calcetines cortos Compressport R2 despu\u00e9s de nadar en Kona, Haw\u00e1i. El modelo m\u00e1s eficaz de nuestra gama &hellip; <a href=\"https:\/\/www.miomiorun.com\/es\/producto\/compressport-r2-oxygen-calf-sleeves\/\">Continued<\/a><\/p>\n","protected":false},"featured_media":232134,"template":"","meta":{"_acf_changed":false,"inline_featured_image":false},"product_brand":[],"product_cat":[24400,24462,24463,24401,24464,24402],"product_tag":[23471,23660,23658],"class_list":{"0":"post-277609","1":"product","2":"type-product","3":"status-publish","4":"has-post-thumbnail","6":"product_cat-calcetines","7":"product_cat-calcetines-es-2","8":"product_cat-ropa-de-hombre-es","9":"product_cat-ropa-de-mujer","10":"product_cat-hombre","11":"product_cat-mujer","12":"product_tag-compressport-es","13":"product_tag-compressport-hombre","14":"product_tag-compressport-mujer","15":"pa_attivita-running-es","16":"pa_attivita-trail-es","17":"pa_circonferenza-polpaccio-30-34-es","18":"pa_colore-r2-oxygen-calf-sleeves-black-es","19":"pa_marca-compressport-es","20":"pa_sesso-hombre","21":"pa_sesso-mujer","23":"first","24":"instock","25":"sale","26":"taxable","27":"shipping-taxable","28":"purchasable","29":"product-type-variable","30":"wvs-archive-product-wrapper"},"acf":[],"yoast_head":"<!-- This site is optimized with the Yoast SEO plugin v26.8 - https:\/\/yoast.com\/product\/yoast-seo-wordpress\/ -->\n<title>Compressport R2 Oxygen calf sleeves - Carrera de relevos - MioMioRun<\/title>\n<meta name=\"description\" content=\"Calcetines cortos negros \u00absegunda piel\u00bb, lo mejor de la gama, para una ventilaci\u00f3n m\u00e1xima y la mejor sujeci\u00f3n muscular durante las carreras m\u00e1s duras.\" \/>\n<meta name=\"robots\" content=\"index, follow, max-snippet:-1, max-image-preview:large, max-video-preview:-1\" \/>\n<link rel=\"canonical\" href=\"https:\/\/www.miomiorun.com\/es\/producto\/compressport-r2-oxygen-calf-sleeves\/\" \/>\n<meta property=\"og:locale\" content=\"es_ES\" \/>\n<meta property=\"og:type\" content=\"article\" \/>\n<meta property=\"og:title\" content=\"Compressport R2 Oxygen calf sleeves - Carrera de relevos - MioMioRun\" \/>\n<meta property=\"og:description\" content=\"Calcetines cortos negros \u00absegunda piel\u00bb, lo mejor de la gama, para una ventilaci\u00f3n m\u00e1xima y la mejor sujeci\u00f3n muscular durante las carreras m\u00e1s duras.\" \/>\n<meta property=\"og:url\" content=\"https:\/\/www.miomiorun.com\/es\/producto\/compressport-r2-oxygen-calf-sleeves\/\" \/>\n<meta property=\"og:site_name\" content=\"MioMioRun\" \/>\n<meta property=\"article:publisher\" content=\"https:\/\/www.facebook.com\/miomiorun\/\" \/>\n<meta property=\"article:modified_time\" content=\"2026-04-30T08:59:36+00:00\" \/>\n<meta property=\"og:image\" content=\"https:\/\/www.miomiorun.com\/app\/uploads\/2021\/05\/compressport-R2-Oxygen-calf-sleeves-SU00003B-black.jpg\" \/>\n\t<meta property=\"og:image:width\" content=\"600\" \/>\n\t<meta property=\"og:image:height\" content=\"600\" \/>\n\t<meta property=\"og:image:type\" content=\"image\/jpeg\" \/>\n<meta name=\"twitter:card\" content=\"summary_large_image\" \/>\n<meta name=\"twitter:label1\" content=\"Est. reading time\" \/>\n\t<meta name=\"twitter:data1\" content=\"2 minutes\" \/>\n<script type=\"application\/ld+json\" class=\"yoast-schema-graph\">{\"@context\":\"https:\/\/schema.org\",\"@graph\":[{\"@type\":\"WebPage\",\"@id\":\"https:\/\/www.miomiorun.com\/es\/producto\/compressport-r2-oxygen-calf-sleeves\/\",\"url\":\"https:\/\/www.miomiorun.com\/es\/producto\/compressport-r2-oxygen-calf-sleeves\/\",\"name\":\"Compressport R2 Oxygen calf sleeves - Carrera de relevos - MioMioRun\",\"isPartOf\":{\"@id\":\"https:\/\/www.miomiorun.com\/es\/#website\"},\"primaryImageOfPage\":{\"@id\":\"https:\/\/www.miomiorun.com\/es\/producto\/compressport-r2-oxygen-calf-sleeves\/#primaryimage\"},\"image\":{\"@id\":\"https:\/\/www.miomiorun.com\/es\/producto\/compressport-r2-oxygen-calf-sleeves\/#primaryimage\"},\"thumbnailUrl\":\"https:\/\/www.miomiorun.com\/app\/uploads\/2021\/05\/compressport-R2-Oxygen-calf-sleeves-SU00003B-black.jpg\",\"datePublished\":\"2021-05-15T07:44:58+00:00\",\"dateModified\":\"2026-04-30T08:59:36+00:00\",\"description\":\"Calcetines cortos negros \u00absegunda piel\u00bb, lo mejor de la gama, para una ventilaci\u00f3n m\u00e1xima y la mejor sujeci\u00f3n muscular durante las carreras m\u00e1s duras.\",\"breadcrumb\":{\"@id\":\"https:\/\/www.miomiorun.com\/es\/producto\/compressport-r2-oxygen-calf-sleeves\/#breadcrumb\"},\"inLanguage\":\"es-ES\",\"potentialAction\":[{\"@type\":\"ReadAction\",\"target\":[\"https:\/\/www.miomiorun.com\/es\/producto\/compressport-r2-oxygen-calf-sleeves\/\"]}]},{\"@type\":\"ImageObject\",\"inLanguage\":\"es-ES\",\"@id\":\"https:\/\/www.miomiorun.com\/es\/producto\/compressport-r2-oxygen-calf-sleeves\/#primaryimage\",\"url\":\"https:\/\/www.miomiorun.com\/app\/uploads\/2021\/05\/compressport-R2-Oxygen-calf-sleeves-SU00003B-black.jpg\",\"contentUrl\":\"https:\/\/www.miomiorun.com\/app\/uploads\/2021\/05\/compressport-R2-Oxygen-calf-sleeves-SU00003B-black.jpg\",\"width\":600,\"height\":600,\"caption\":\"compressport r2 oxygen calf sleeves\"},{\"@type\":\"BreadcrumbList\",\"@id\":\"https:\/\/www.miomiorun.com\/es\/producto\/compressport-r2-oxygen-calf-sleeves\/#breadcrumb\",\"itemListElement\":[{\"@type\":\"ListItem\",\"position\":1,\"name\":\"Home\",\"item\":\"https:\/\/www.miomiorun.com\/es\/\"},{\"@type\":\"ListItem\",\"position\":2,\"name\":\"Shop\",\"item\":\"https:\/\/www.miomiorun.com\/shop\/\"},{\"@type\":\"ListItem\",\"position\":3,\"name\":\"R2 Oxygen calf sleeves\"}]},{\"@type\":\"WebSite\",\"@id\":\"https:\/\/www.miomiorun.com\/es\/#website\",\"url\":\"https:\/\/www.miomiorun.com\/es\/\",\"name\":\"MioMioRun\",\"description\":\"Tienda 100% running y trail\",\"publisher\":{\"@id\":\"https:\/\/www.miomiorun.com\/es\/#organization\"},\"potentialAction\":[{\"@type\":\"SearchAction\",\"target\":{\"@type\":\"EntryPoint\",\"urlTemplate\":\"https:\/\/www.miomiorun.com\/es\/?s={search_term_string}\"},\"query-input\":{\"@type\":\"PropertyValueSpecification\",\"valueRequired\":true,\"valueName\":\"search_term_string\"}}],\"inLanguage\":\"es-ES\"},{\"@type\":\"Organization\",\"@id\":\"https:\/\/www.miomiorun.com\/es\/#organization\",\"name\":\"MioMio Run\",\"url\":\"https:\/\/www.miomiorun.com\/es\/\",\"logo\":{\"@type\":\"ImageObject\",\"inLanguage\":\"es-ES\",\"@id\":\"https:\/\/www.miomiorun.com\/es\/#\/schema\/logo\/image\/\",\"url\":\"https:\/\/www.miomiorun.com\/app\/uploads\/2019\/12\/logomio.png\",\"contentUrl\":\"https:\/\/www.miomiorun.com\/app\/uploads\/2019\/12\/logomio.png\",\"width\":115,\"height\":82,\"caption\":\"MioMio Run\"},\"image\":{\"@id\":\"https:\/\/www.miomiorun.com\/es\/#\/schema\/logo\/image\/\"},\"sameAs\":[\"https:\/\/www.facebook.com\/miomiorun\/\",\"https:\/\/www.instagram.com\/miomiorun\/\"]}]}<\/script>\n<!-- \/ Yoast SEO plugin. -->","yoast_head_json":{"title":"Compressport R2 Oxygen calf sleeves - Carrera de relevos - MioMioRun","description":"Calcetines cortos negros \u00absegunda piel\u00bb, lo mejor de la gama, para una ventilaci\u00f3n m\u00e1xima y la mejor sujeci\u00f3n muscular durante las carreras m\u00e1s duras.","robots":{"index":"index","follow":"follow","max-snippet":"max-snippet:-1","max-image-preview":"max-image-preview:large","max-video-preview":"max-video-preview:-1"},"canonical":"https:\/\/www.miomiorun.com\/es\/producto\/compressport-r2-oxygen-calf-sleeves\/","og_locale":"es_ES","og_type":"article","og_title":"Compressport R2 Oxygen calf sleeves - Carrera de relevos - MioMioRun","og_description":"Calcetines cortos negros \u00absegunda piel\u00bb, lo mejor de la gama, para una ventilaci\u00f3n m\u00e1xima y la mejor sujeci\u00f3n muscular durante las carreras m\u00e1s duras.","og_url":"https:\/\/www.miomiorun.com\/es\/producto\/compressport-r2-oxygen-calf-sleeves\/","og_site_name":"MioMioRun","article_publisher":"https:\/\/www.facebook.com\/miomiorun\/","article_modified_time":"2026-04-30T08:59:36+00:00","og_image":[{"width":600,"height":600,"url":"https:\/\/www.miomiorun.com\/app\/uploads\/2021\/05\/compressport-R2-Oxygen-calf-sleeves-SU00003B-black.jpg","type":"image\/jpeg"}],"twitter_card":"summary_large_image","twitter_misc":{"Est. reading time":"2 minutes"},"schema":{"@context":"https:\/\/schema.org","@graph":[{"@type":"WebPage","@id":"https:\/\/www.miomiorun.com\/es\/producto\/compressport-r2-oxygen-calf-sleeves\/","url":"https:\/\/www.miomiorun.com\/es\/producto\/compressport-r2-oxygen-calf-sleeves\/","name":"Compressport R2 Oxygen calf sleeves - Carrera de relevos - MioMioRun","isPartOf":{"@id":"https:\/\/www.miomiorun.com\/es\/#website"},"primaryImageOfPage":{"@id":"https:\/\/www.miomiorun.com\/es\/producto\/compressport-r2-oxygen-calf-sleeves\/#primaryimage"},"image":{"@id":"https:\/\/www.miomiorun.com\/es\/producto\/compressport-r2-oxygen-calf-sleeves\/#primaryimage"},"thumbnailUrl":"https:\/\/www.miomiorun.com\/app\/uploads\/2021\/05\/compressport-R2-Oxygen-calf-sleeves-SU00003B-black.jpg","datePublished":"2021-05-15T07:44:58+00:00","dateModified":"2026-04-30T08:59:36+00:00","description":"Calcetines cortos negros \u00absegunda piel\u00bb, lo mejor de la gama, para una ventilaci\u00f3n m\u00e1xima y la mejor sujeci\u00f3n muscular durante las carreras m\u00e1s duras.","breadcrumb":{"@id":"https:\/\/www.miomiorun.com\/es\/producto\/compressport-r2-oxygen-calf-sleeves\/#breadcrumb"},"inLanguage":"es-ES","potentialAction":[{"@type":"ReadAction","target":["https:\/\/www.miomiorun.com\/es\/producto\/compressport-r2-oxygen-calf-sleeves\/"]}]},{"@type":"ImageObject","inLanguage":"es-ES","@id":"https:\/\/www.miomiorun.com\/es\/producto\/compressport-r2-oxygen-calf-sleeves\/#primaryimage","url":"https:\/\/www.miomiorun.com\/app\/uploads\/2021\/05\/compressport-R2-Oxygen-calf-sleeves-SU00003B-black.jpg","contentUrl":"https:\/\/www.miomiorun.com\/app\/uploads\/2021\/05\/compressport-R2-Oxygen-calf-sleeves-SU00003B-black.jpg","width":600,"height":600,"caption":"compressport r2 oxygen calf sleeves"},{"@type":"BreadcrumbList","@id":"https:\/\/www.miomiorun.com\/es\/producto\/compressport-r2-oxygen-calf-sleeves\/#breadcrumb","itemListElement":[{"@type":"ListItem","position":1,"name":"Home","item":"https:\/\/www.miomiorun.com\/es\/"},{"@type":"ListItem","position":2,"name":"Shop","item":"https:\/\/www.miomiorun.com\/shop\/"},{"@type":"ListItem","position":3,"name":"R2 Oxygen calf sleeves"}]},{"@type":"WebSite","@id":"https:\/\/www.miomiorun.com\/es\/#website","url":"https:\/\/www.miomiorun.com\/es\/","name":"MioMioRun","description":"Tienda 100% running y trail","publisher":{"@id":"https:\/\/www.miomiorun.com\/es\/#organization"},"potentialAction":[{"@type":"SearchAction","target":{"@type":"EntryPoint","urlTemplate":"https:\/\/www.miomiorun.com\/es\/?s={search_term_string}"},"query-input":{"@type":"PropertyValueSpecification","valueRequired":true,"valueName":"search_term_string"}}],"inLanguage":"es-ES"},{"@type":"Organization","@id":"https:\/\/www.miomiorun.com\/es\/#organization","name":"MioMio Run","url":"https:\/\/www.miomiorun.com\/es\/","logo":{"@type":"ImageObject","inLanguage":"es-ES","@id":"https:\/\/www.miomiorun.com\/es\/#\/schema\/logo\/image\/","url":"https:\/\/www.miomiorun.com\/app\/uploads\/2019\/12\/logomio.png","contentUrl":"https:\/\/www.miomiorun.com\/app\/uploads\/2019\/12\/logomio.png","width":115,"height":82,"caption":"MioMio Run"},"image":{"@id":"https:\/\/www.miomiorun.com\/es\/#\/schema\/logo\/image\/"},"sameAs":["https:\/\/www.facebook.com\/miomiorun\/","https:\/\/www.instagram.com\/miomiorun\/"]}]}},"_links":{"self":[{"href":"https:\/\/www.miomiorun.com\/es\/wp-json\/wp\/v2\/product\/277609","targetHints":{"allow":["GET"]}}],"collection":[{"href":"https:\/\/www.miomiorun.com\/es\/wp-json\/wp\/v2\/product"}],"about":[{"href":"https:\/\/www.miomiorun.com\/es\/wp-json\/wp\/v2\/types\/product"}],"wp:featuredmedia":[{"embeddable":true,"href":"https:\/\/www.miomiorun.com\/es\/wp-json\/wp\/v2\/media\/232134"}],"wp:attachment":[{"href":"https:\/\/www.miomiorun.com\/es\/wp-json\/wp\/v2\/media?parent=277609"}],"wp:term":[{"taxonomy":"product_brand","embeddable":true,"href":"https:\/\/www.miomiorun.com\/es\/wp-json\/wp\/v2\/product_brand?post=277609"},{"taxonomy":"product_cat","embeddable":true,"href":"https:\/\/www.miomiorun.com\/es\/wp-json\/wp\/v2\/product_cat?post=277609"},{"taxonomy":"product_tag","embeddable":true,"href":"https:\/\/www.miomiorun.com\/es\/wp-json\/wp\/v2\/product_tag?post=277609"}],"curies":[{"name":"wp","href":"https:\/\/api.w.org\/{rel}","templated":true}]}}