{"id":277577,"date":"2021-05-15T12:26:21","date_gmt":"2021-05-15T10:26:21","guid":{"rendered":"https:\/\/miomiorun.com\/prodotto\/craft-core-dry-brief-uomo\/"},"modified":"2026-04-30T11:01:34","modified_gmt":"2026-04-30T09:01:34","slug":"craft-core-dry-brief-hombre","status":"publish","type":"product","link":"https:\/\/www.miomiorun.com\/es\/producto\/craft-core-dry-brief-hombre\/","title":{"rendered":"Core Dry Brief hombre"},"content":{"rendered":"<p id=\"tw-target-text\" class=\"tw-data-text tw-text-large XcVN5d tw-ta\" dir=\"ltr\" data-placeholder=\"Traduzione\">Los Core Dry Brief son unos calzoncillos ligeros y transpirables con una excelente evacuaci\u00f3n de la humedad que ofrecen una comodidad excepcional durante<\/p>\n<div class=\"css-1gq8618\">\n<div class=\"css-540yep\"><img loading=\"lazy\" decoding=\"async\" class=\"\" src=\"https:\/\/www.craftsportswear.com\/static\/media\/moisture_transport.27f437d8.svg?q=70&amp;fit=clip&amp;w=72&amp;fm=jpg&amp;auto=format\" alt=\"MoistureTransport\" width=\"117\" height=\"117\"><\/div>\n<div><strong>&#8211; Evacuaci\u00f3n de la humedad:&nbsp;<\/strong>evacua la humedad de la piel hacia el exterior de la prenda, manteni\u00e9ndola fresca y seca durante los entrenamientos intensos.<\/div>\n<\/div>\n<div><\/div>\n<div><strong>Material:<\/strong> 87 % poli\u00e9ster reciclado, 13 % elastano<\/div>\n<div>Lavar a m\u00e1quina a 40 grados.<\/div>\n","protected":false},"excerpt":{"rendered":"<p>Los Core Dry Brief son unos calzoncillos ligeros y transpirables con una excelente evacuaci\u00f3n de la humedad que ofrecen una comodidad excepcional durante &#8211; Evacuaci\u00f3n de la humedad:&nbsp;evacua la humedad de la piel hacia el exterior de la prenda, manteni\u00e9ndola fresca y seca durante los entrenamientos intensos. Material: 87 % poli\u00e9ster reciclado, 13 % elastano &hellip; <a href=\"https:\/\/www.miomiorun.com\/es\/producto\/craft-core-dry-brief-hombre\/\">Continued<\/a><\/p>\n","protected":false},"featured_media":232162,"template":"","meta":{"_acf_changed":false,"inline_featured_image":false},"product_brand":[],"product_cat":[24463,24459,24464],"product_tag":[23553,23663],"class_list":{"0":"post-277577","1":"product","2":"type-product","3":"status-publish","4":"has-post-thumbnail","6":"product_cat-ropa-de-hombre-es","7":"product_cat-ropa-interior-es-2","8":"product_cat-hombre","9":"product_tag-craft-es","10":"product_tag-craft-hombre","11":"pa_attivita-caminar","12":"pa_attivita-fitness-es","13":"pa_attivita-lifestyle-es","14":"pa_attivita-outdoor-es","15":"pa_attivita-running-es","16":"pa_attivita-trail-es","17":"pa_marca-craft-es","18":"pa_sesso-hombre","19":"pa_size-small-es","20":"pa_size-large-es","21":"pa_size-extra-large-es","22":"pa_size-xxl-es","24":"first","25":"instock","26":"sale","27":"taxable","28":"shipping-taxable","29":"purchasable","30":"product-type-variable","31":"wvs-archive-product-wrapper"},"acf":[],"yoast_head":"<!-- This site is optimized with the Yoast SEO plugin v26.8 - https:\/\/yoast.com\/product\/yoast-seo-wordpress\/ -->\n<title>Craft Core Dry Brief hombre - Ropa interior - MioMioRun.com<\/title>\n<meta name=\"description\" content=\"Los Core Dry Brief son unos calzoncillos ligeros y transpirables con una excelente evacuaci\u00f3n de la humedad que ofrecen una comodidad excepcional durante\" \/>\n<meta name=\"robots\" content=\"index, follow, max-snippet:-1, max-image-preview:large, max-video-preview:-1\" \/>\n<link rel=\"canonical\" href=\"https:\/\/www.miomiorun.com\/es\/producto\/craft-core-dry-brief-hombre\/\" \/>\n<meta property=\"og:locale\" content=\"es_ES\" \/>\n<meta property=\"og:type\" content=\"article\" \/>\n<meta property=\"og:title\" content=\"Craft Core Dry Brief hombre - Ropa interior - MioMioRun.com\" \/>\n<meta property=\"og:description\" content=\"Los Core Dry Brief son unos calzoncillos ligeros y transpirables con una excelente evacuaci\u00f3n de la humedad que ofrecen una comodidad excepcional durante\" \/>\n<meta property=\"og:url\" content=\"https:\/\/www.miomiorun.com\/es\/producto\/craft-core-dry-brief-hombre\/\" \/>\n<meta property=\"og:site_name\" content=\"MioMioRun\" \/>\n<meta property=\"article:publisher\" content=\"https:\/\/www.facebook.com\/miomiorun\/\" \/>\n<meta property=\"article:modified_time\" content=\"2026-04-30T09:01:34+00:00\" \/>\n<meta property=\"og:image\" content=\"https:\/\/www.miomiorun.com\/app\/uploads\/2021\/05\/craft-Core-bry-Brief-1910437-999000.jpg\" \/>\n\t<meta property=\"og:image:width\" content=\"600\" \/>\n\t<meta property=\"og:image:height\" content=\"600\" \/>\n\t<meta property=\"og:image:type\" content=\"image\/jpeg\" \/>\n<meta name=\"twitter:card\" content=\"summary_large_image\" \/>\n<script type=\"application\/ld+json\" class=\"yoast-schema-graph\">{\"@context\":\"https:\/\/schema.org\",\"@graph\":[{\"@type\":\"WebPage\",\"@id\":\"https:\/\/www.miomiorun.com\/es\/producto\/craft-core-dry-brief-hombre\/\",\"url\":\"https:\/\/www.miomiorun.com\/es\/producto\/craft-core-dry-brief-hombre\/\",\"name\":\"Craft Core Dry Brief hombre - Ropa interior - MioMioRun.com\",\"isPartOf\":{\"@id\":\"https:\/\/www.miomiorun.com\/es\/#website\"},\"primaryImageOfPage\":{\"@id\":\"https:\/\/www.miomiorun.com\/es\/producto\/craft-core-dry-brief-hombre\/#primaryimage\"},\"image\":{\"@id\":\"https:\/\/www.miomiorun.com\/es\/producto\/craft-core-dry-brief-hombre\/#primaryimage\"},\"thumbnailUrl\":\"https:\/\/www.miomiorun.com\/app\/uploads\/2021\/05\/craft-Core-bry-Brief-1910437-999000.jpg\",\"datePublished\":\"2021-05-15T10:26:21+00:00\",\"dateModified\":\"2026-04-30T09:01:34+00:00\",\"description\":\"Los Core Dry Brief son unos calzoncillos ligeros y transpirables con una excelente evacuaci\u00f3n de la humedad que ofrecen una comodidad excepcional durante\",\"breadcrumb\":{\"@id\":\"https:\/\/www.miomiorun.com\/es\/producto\/craft-core-dry-brief-hombre\/#breadcrumb\"},\"inLanguage\":\"es-ES\",\"potentialAction\":[{\"@type\":\"ReadAction\",\"target\":[\"https:\/\/www.miomiorun.com\/es\/producto\/craft-core-dry-brief-hombre\/\"]}]},{\"@type\":\"ImageObject\",\"inLanguage\":\"es-ES\",\"@id\":\"https:\/\/www.miomiorun.com\/es\/producto\/craft-core-dry-brief-hombre\/#primaryimage\",\"url\":\"https:\/\/www.miomiorun.com\/app\/uploads\/2021\/05\/craft-Core-bry-Brief-1910437-999000.jpg\",\"contentUrl\":\"https:\/\/www.miomiorun.com\/app\/uploads\/2021\/05\/craft-Core-bry-Brief-1910437-999000.jpg\",\"width\":600,\"height\":600,\"caption\":\"craft-Core-bry-Brief-1910437-999000\"},{\"@type\":\"BreadcrumbList\",\"@id\":\"https:\/\/www.miomiorun.com\/es\/producto\/craft-core-dry-brief-hombre\/#breadcrumb\",\"itemListElement\":[{\"@type\":\"ListItem\",\"position\":1,\"name\":\"Home\",\"item\":\"https:\/\/www.miomiorun.com\/es\/\"},{\"@type\":\"ListItem\",\"position\":2,\"name\":\"Shop\",\"item\":\"https:\/\/www.miomiorun.com\/shop\/\"},{\"@type\":\"ListItem\",\"position\":3,\"name\":\"Core Dry Brief hombre\"}]},{\"@type\":\"WebSite\",\"@id\":\"https:\/\/www.miomiorun.com\/es\/#website\",\"url\":\"https:\/\/www.miomiorun.com\/es\/\",\"name\":\"MioMioRun\",\"description\":\"Tienda 100% running y trail\",\"publisher\":{\"@id\":\"https:\/\/www.miomiorun.com\/es\/#organization\"},\"potentialAction\":[{\"@type\":\"SearchAction\",\"target\":{\"@type\":\"EntryPoint\",\"urlTemplate\":\"https:\/\/www.miomiorun.com\/es\/?s={search_term_string}\"},\"query-input\":{\"@type\":\"PropertyValueSpecification\",\"valueRequired\":true,\"valueName\":\"search_term_string\"}}],\"inLanguage\":\"es-ES\"},{\"@type\":\"Organization\",\"@id\":\"https:\/\/www.miomiorun.com\/es\/#organization\",\"name\":\"MioMio Run\",\"url\":\"https:\/\/www.miomiorun.com\/es\/\",\"logo\":{\"@type\":\"ImageObject\",\"inLanguage\":\"es-ES\",\"@id\":\"https:\/\/www.miomiorun.com\/es\/#\/schema\/logo\/image\/\",\"url\":\"https:\/\/www.miomiorun.com\/app\/uploads\/2019\/12\/logomio.png\",\"contentUrl\":\"https:\/\/www.miomiorun.com\/app\/uploads\/2019\/12\/logomio.png\",\"width\":115,\"height\":82,\"caption\":\"MioMio Run\"},\"image\":{\"@id\":\"https:\/\/www.miomiorun.com\/es\/#\/schema\/logo\/image\/\"},\"sameAs\":[\"https:\/\/www.facebook.com\/miomiorun\/\",\"https:\/\/www.instagram.com\/miomiorun\/\"]}]}<\/script>\n<!-- \/ Yoast SEO plugin. -->","yoast_head_json":{"title":"Craft Core Dry Brief hombre - Ropa interior - MioMioRun.com","description":"Los Core Dry Brief son unos calzoncillos ligeros y transpirables con una excelente evacuaci\u00f3n de la humedad que ofrecen una comodidad excepcional durante","robots":{"index":"index","follow":"follow","max-snippet":"max-snippet:-1","max-image-preview":"max-image-preview:large","max-video-preview":"max-video-preview:-1"},"canonical":"https:\/\/www.miomiorun.com\/es\/producto\/craft-core-dry-brief-hombre\/","og_locale":"es_ES","og_type":"article","og_title":"Craft Core Dry Brief hombre - Ropa interior - MioMioRun.com","og_description":"Los Core Dry Brief son unos calzoncillos ligeros y transpirables con una excelente evacuaci\u00f3n de la humedad que ofrecen una comodidad excepcional durante","og_url":"https:\/\/www.miomiorun.com\/es\/producto\/craft-core-dry-brief-hombre\/","og_site_name":"MioMioRun","article_publisher":"https:\/\/www.facebook.com\/miomiorun\/","article_modified_time":"2026-04-30T09:01:34+00:00","og_image":[{"width":600,"height":600,"url":"https:\/\/www.miomiorun.com\/app\/uploads\/2021\/05\/craft-Core-bry-Brief-1910437-999000.jpg","type":"image\/jpeg"}],"twitter_card":"summary_large_image","schema":{"@context":"https:\/\/schema.org","@graph":[{"@type":"WebPage","@id":"https:\/\/www.miomiorun.com\/es\/producto\/craft-core-dry-brief-hombre\/","url":"https:\/\/www.miomiorun.com\/es\/producto\/craft-core-dry-brief-hombre\/","name":"Craft Core Dry Brief hombre - Ropa interior - MioMioRun.com","isPartOf":{"@id":"https:\/\/www.miomiorun.com\/es\/#website"},"primaryImageOfPage":{"@id":"https:\/\/www.miomiorun.com\/es\/producto\/craft-core-dry-brief-hombre\/#primaryimage"},"image":{"@id":"https:\/\/www.miomiorun.com\/es\/producto\/craft-core-dry-brief-hombre\/#primaryimage"},"thumbnailUrl":"https:\/\/www.miomiorun.com\/app\/uploads\/2021\/05\/craft-Core-bry-Brief-1910437-999000.jpg","datePublished":"2021-05-15T10:26:21+00:00","dateModified":"2026-04-30T09:01:34+00:00","description":"Los Core Dry Brief son unos calzoncillos ligeros y transpirables con una excelente evacuaci\u00f3n de la humedad que ofrecen una comodidad excepcional durante","breadcrumb":{"@id":"https:\/\/www.miomiorun.com\/es\/producto\/craft-core-dry-brief-hombre\/#breadcrumb"},"inLanguage":"es-ES","potentialAction":[{"@type":"ReadAction","target":["https:\/\/www.miomiorun.com\/es\/producto\/craft-core-dry-brief-hombre\/"]}]},{"@type":"ImageObject","inLanguage":"es-ES","@id":"https:\/\/www.miomiorun.com\/es\/producto\/craft-core-dry-brief-hombre\/#primaryimage","url":"https:\/\/www.miomiorun.com\/app\/uploads\/2021\/05\/craft-Core-bry-Brief-1910437-999000.jpg","contentUrl":"https:\/\/www.miomiorun.com\/app\/uploads\/2021\/05\/craft-Core-bry-Brief-1910437-999000.jpg","width":600,"height":600,"caption":"craft-Core-bry-Brief-1910437-999000"},{"@type":"BreadcrumbList","@id":"https:\/\/www.miomiorun.com\/es\/producto\/craft-core-dry-brief-hombre\/#breadcrumb","itemListElement":[{"@type":"ListItem","position":1,"name":"Home","item":"https:\/\/www.miomiorun.com\/es\/"},{"@type":"ListItem","position":2,"name":"Shop","item":"https:\/\/www.miomiorun.com\/shop\/"},{"@type":"ListItem","position":3,"name":"Core Dry Brief hombre"}]},{"@type":"WebSite","@id":"https:\/\/www.miomiorun.com\/es\/#website","url":"https:\/\/www.miomiorun.com\/es\/","name":"MioMioRun","description":"Tienda 100% running y trail","publisher":{"@id":"https:\/\/www.miomiorun.com\/es\/#organization"},"potentialAction":[{"@type":"SearchAction","target":{"@type":"EntryPoint","urlTemplate":"https:\/\/www.miomiorun.com\/es\/?s={search_term_string}"},"query-input":{"@type":"PropertyValueSpecification","valueRequired":true,"valueName":"search_term_string"}}],"inLanguage":"es-ES"},{"@type":"Organization","@id":"https:\/\/www.miomiorun.com\/es\/#organization","name":"MioMio Run","url":"https:\/\/www.miomiorun.com\/es\/","logo":{"@type":"ImageObject","inLanguage":"es-ES","@id":"https:\/\/www.miomiorun.com\/es\/#\/schema\/logo\/image\/","url":"https:\/\/www.miomiorun.com\/app\/uploads\/2019\/12\/logomio.png","contentUrl":"https:\/\/www.miomiorun.com\/app\/uploads\/2019\/12\/logomio.png","width":115,"height":82,"caption":"MioMio Run"},"image":{"@id":"https:\/\/www.miomiorun.com\/es\/#\/schema\/logo\/image\/"},"sameAs":["https:\/\/www.facebook.com\/miomiorun\/","https:\/\/www.instagram.com\/miomiorun\/"]}]}},"_links":{"self":[{"href":"https:\/\/www.miomiorun.com\/es\/wp-json\/wp\/v2\/product\/277577","targetHints":{"allow":["GET"]}}],"collection":[{"href":"https:\/\/www.miomiorun.com\/es\/wp-json\/wp\/v2\/product"}],"about":[{"href":"https:\/\/www.miomiorun.com\/es\/wp-json\/wp\/v2\/types\/product"}],"wp:featuredmedia":[{"embeddable":true,"href":"https:\/\/www.miomiorun.com\/es\/wp-json\/wp\/v2\/media\/232162"}],"wp:attachment":[{"href":"https:\/\/www.miomiorun.com\/es\/wp-json\/wp\/v2\/media?parent=277577"}],"wp:term":[{"taxonomy":"product_brand","embeddable":true,"href":"https:\/\/www.miomiorun.com\/es\/wp-json\/wp\/v2\/product_brand?post=277577"},{"taxonomy":"product_cat","embeddable":true,"href":"https:\/\/www.miomiorun.com\/es\/wp-json\/wp\/v2\/product_cat?post=277577"},{"taxonomy":"product_tag","embeddable":true,"href":"https:\/\/www.miomiorun.com\/es\/wp-json\/wp\/v2\/product_tag?post=277577"}],"curies":[{"name":"wp","href":"https:\/\/api.w.org\/{rel}","templated":true}]}}