{"id":277549,"date":"2021-05-15T18:55:45","date_gmt":"2021-05-15T16:55:45","guid":{"rendered":"https:\/\/miomiorun.com\/prodotto\/craft-pro-hmc-dry-nanoweight-sl-donna\/"},"modified":"2026-04-30T11:06:51","modified_gmt":"2026-04-30T09:06:51","slug":"craft-pro-hmc-dry-nanoweight-sl-mujer","status":"publish","type":"product","link":"https:\/\/www.miomiorun.com\/es\/producto\/craft-pro-hmc-dry-nanoweight-sl-mujer\/","title":{"rendered":"PRO Hmc Dry Nanoweight Sl mujer"},"content":{"rendered":"<p id=\"tw-target-text\" class=\"tw-data-text tw-text-large XcVN5d tw-ta\" dir=\"ltr\" data-placeholder=\"Traduzione\"><span class=\"Y2IQFc\" lang=\"it\">El Pro Hmc Dry Nanoweight SL es un maillot de malla ultraligero con una gesti\u00f3n de la humedad superior, dise\u00f1ado para deportistas de alto rendimiento.<\/span><\/p>\n<p id=\"tw-target-text\" class=\"tw-data-text tw-text-large XcVN5d tw-ta\" dir=\"ltr\" data-placeholder=\"Traduzione\"><span class=\"Y2IQFc\" lang=\"it\">Este maillot de ciclismo sin mangas, t\u00e9cnicamente avanzado, est\u00e1 confeccionado con un tejido de malla fina que ofrece una gesti\u00f3n excepcional de la temperatura corporal durante las salidas intensas en condiciones de calor. Dise\u00f1ado en colaboraci\u00f3n con The Handmade Cyclist.<\/span><\/p>\n<h2 dir=\"ltr\" data-placeholder=\"Traduzione\">Caracter\u00edsticas del producto:<\/h2>\n<p id=\"tw-target-text\" class=\"tw-data-text tw-text-large XcVN5d tw-ta\" dir=\"ltr\" data-placeholder=\"Traduzione\"><span class=\"Y2IQFc\" lang=\"it\">&#8211; Tejido de malla fina y ligera (80 g\/m\u00b2)<\/span><\/p>\n<p class=\"tw-data-text tw-text-large XcVN5d tw-ta\" dir=\"ltr\" data-placeholder=\"Traduzione\"><span class=\"Y2IQFc\" lang=\"it\">&#8211; Poli\u00e9ster reciclado<\/span><\/p>\n<p class=\"tw-data-text tw-text-large XcVN5d tw-ta\" dir=\"ltr\" data-placeholder=\"Traduzione\"><span class=\"Y2IQFc\" lang=\"it\">&#8211; Detalles con cinta para una confecci\u00f3n ligera<\/span><\/p>\n<p class=\"tw-data-text tw-text-large XcVN5d tw-ta\" dir=\"ltr\" data-placeholder=\"Traduzione\"><span class=\"Y2IQFc\" lang=\"it\">&#8211; Ajuste ce\u00f1ido<\/span><\/p>\n<p dir=\"ltr\" data-placeholder=\"Traduzione\"><img loading=\"lazy\" decoding=\"async\" class=\"\" src=\"https:\/\/www.craftsportswear.com\/static\/media\/lightweight.6800ab4f.svg?q=70&amp;fit=clip&amp;w=72&amp;fm=jpg&amp;auto=format\" alt=\"Lightweight\" width=\"120\" height=\"120\"><\/p>\n<p dir=\"ltr\" data-placeholder=\"Traduzione\"><strong>&nbsp;Ligero<\/strong><\/p>\n<p dir=\"ltr\" data-placeholder=\"Traduzione\"><img loading=\"lazy\" decoding=\"async\" class=\"\" src=\"https:\/\/www.craftsportswear.com\/static\/media\/moisture_transport.27f437d8.svg?q=70&amp;fit=clip&amp;w=72&amp;fm=jpg&amp;auto=format\" alt=\"MoistureTransport\" width=\"120\" height=\"120\"><\/p>\n<p dir=\"ltr\" data-placeholder=\"Traduzione\">&nbsp;<strong>Evacuaci\u00f3n de la humedad :&nbsp;<\/strong>evacua la humedad de la piel hacia el exterior de la prenda, manteni\u00e9ndola fresca y seca durante los entrenamientos intensos.<\/p>\n<p dir=\"ltr\" data-placeholder=\"Traduzione\"><img loading=\"lazy\" decoding=\"async\" class=\"\" src=\"https:\/\/www.craftsportswear.com\/static\/media\/dry.6966f641.svg?q=70&amp;fit=clip&amp;w=72&amp;fm=jpg&amp;auto=format\" alt=\"Dry\" width=\"119\" height=\"119\"><\/p>\n<p dir=\"ltr\" data-placeholder=\"Traduzione\">&nbsp;<strong>Secado r\u00e1pido :&nbsp;<\/strong>tejido de secado r\u00e1pido.<\/p>\n<p dir=\"ltr\" data-placeholder=\"Traduzione\"><strong>Material<\/strong>: 47 % poli\u00e9ster, 38 % poli\u00e9ster reciclado, 15 % elastano<\/p>\n<p class=\"css-8rgusf\">Lavar a m\u00e1quina a 40 grados.<\/p>\n<p dir=\"ltr\" data-placeholder=\"Traduzione\">\n","protected":false},"excerpt":{"rendered":"<p><span style=\"font-weight: 400\">Camiseta t\u00e9cnica ligera y transpirable.<\/span><\/p>\n","protected":false},"featured_media":232176,"template":"","meta":{"_acf_changed":false,"inline_featured_image":false},"product_brand":[],"product_cat":[24399,24401,24402],"product_tag":[23553,23659],"class_list":{"0":"post-277549","1":"product","2":"type-product","3":"status-publish","4":"has-post-thumbnail","6":"product_cat-chalecos","7":"product_cat-ropa-de-mujer","8":"product_cat-mujer","9":"product_tag-craft-es","10":"product_tag-craft-mujer","11":"pa_attivita-caminar","12":"pa_attivita-fitness-es","13":"pa_attivita-running-es","14":"pa_marca-craft-es","15":"pa_sesso-mujer","16":"pa_size-medium-es","18":"first","19":"instock","20":"sale","21":"taxable","22":"shipping-taxable","23":"purchasable","24":"product-type-variable","25":"wvs-archive-product-wrapper"},"acf":[],"yoast_head":"<!-- This site is optimized with the Yoast SEO plugin v26.8 - https:\/\/yoast.com\/product\/yoast-seo-wordpress\/ -->\n<title>Craft PRO Hmc Dry Nanoweight Sl mujer - Camiseta sin mangas para correr- MioMioRun<\/title>\n<meta name=\"description\" content=\"La Pro Hmc Dry Nanoweight SL es una camiseta de malla ultraligera con una gesti\u00f3n de la humedad superior, dise\u00f1ada para deportistas de alto rendimiento.\" \/>\n<meta name=\"robots\" content=\"index, follow, max-snippet:-1, max-image-preview:large, max-video-preview:-1\" \/>\n<link rel=\"canonical\" href=\"https:\/\/www.miomiorun.com\/es\/producto\/craft-pro-hmc-dry-nanoweight-sl-mujer\/\" \/>\n<meta property=\"og:locale\" content=\"es_ES\" \/>\n<meta property=\"og:type\" content=\"article\" \/>\n<meta property=\"og:title\" content=\"Craft PRO Hmc Dry Nanoweight Sl mujer - Camiseta sin mangas para correr- MioMioRun\" \/>\n<meta property=\"og:description\" content=\"La Pro Hmc Dry Nanoweight SL es una camiseta de malla ultraligera con una gesti\u00f3n de la humedad superior, dise\u00f1ada para deportistas de alto rendimiento.\" \/>\n<meta property=\"og:url\" content=\"https:\/\/www.miomiorun.com\/es\/producto\/craft-pro-hmc-dry-nanoweight-sl-mujer\/\" \/>\n<meta property=\"og:site_name\" content=\"MioMioRun\" \/>\n<meta property=\"article:publisher\" content=\"https:\/\/www.facebook.com\/miomiorun\/\" \/>\n<meta property=\"article:modified_time\" content=\"2026-04-30T09:06:51+00:00\" \/>\n<meta property=\"og:image\" content=\"https:\/\/www.miomiorun.com\/app\/uploads\/2021\/05\/craft-pro-hmc-dry-nanoweight-sl-1911228-910601.jpg\" \/>\n\t<meta property=\"og:image:width\" content=\"600\" \/>\n\t<meta property=\"og:image:height\" content=\"600\" \/>\n\t<meta property=\"og:image:type\" content=\"image\/jpeg\" \/>\n<meta name=\"twitter:card\" content=\"summary_large_image\" \/>\n<meta name=\"twitter:label1\" content=\"Est. reading time\" \/>\n\t<meta name=\"twitter:data1\" content=\"1 minute\" \/>\n<script type=\"application\/ld+json\" class=\"yoast-schema-graph\">{\"@context\":\"https:\/\/schema.org\",\"@graph\":[{\"@type\":\"WebPage\",\"@id\":\"https:\/\/www.miomiorun.com\/es\/producto\/craft-pro-hmc-dry-nanoweight-sl-mujer\/\",\"url\":\"https:\/\/www.miomiorun.com\/es\/producto\/craft-pro-hmc-dry-nanoweight-sl-mujer\/\",\"name\":\"Craft PRO Hmc Dry Nanoweight Sl mujer - Camiseta sin mangas para correr- MioMioRun\",\"isPartOf\":{\"@id\":\"https:\/\/www.miomiorun.com\/es\/#website\"},\"primaryImageOfPage\":{\"@id\":\"https:\/\/www.miomiorun.com\/es\/producto\/craft-pro-hmc-dry-nanoweight-sl-mujer\/#primaryimage\"},\"image\":{\"@id\":\"https:\/\/www.miomiorun.com\/es\/producto\/craft-pro-hmc-dry-nanoweight-sl-mujer\/#primaryimage\"},\"thumbnailUrl\":\"https:\/\/www.miomiorun.com\/app\/uploads\/2021\/05\/craft-pro-hmc-dry-nanoweight-sl-1911228-910601.jpg\",\"datePublished\":\"2021-05-15T16:55:45+00:00\",\"dateModified\":\"2026-04-30T09:06:51+00:00\",\"description\":\"La Pro Hmc Dry Nanoweight SL es una camiseta de malla ultraligera con una gesti\u00f3n de la humedad superior, dise\u00f1ada para deportistas de alto rendimiento.\",\"breadcrumb\":{\"@id\":\"https:\/\/www.miomiorun.com\/es\/producto\/craft-pro-hmc-dry-nanoweight-sl-mujer\/#breadcrumb\"},\"inLanguage\":\"es-ES\",\"potentialAction\":[{\"@type\":\"ReadAction\",\"target\":[\"https:\/\/www.miomiorun.com\/es\/producto\/craft-pro-hmc-dry-nanoweight-sl-mujer\/\"]}]},{\"@type\":\"ImageObject\",\"inLanguage\":\"es-ES\",\"@id\":\"https:\/\/www.miomiorun.com\/es\/producto\/craft-pro-hmc-dry-nanoweight-sl-mujer\/#primaryimage\",\"url\":\"https:\/\/www.miomiorun.com\/app\/uploads\/2021\/05\/craft-pro-hmc-dry-nanoweight-sl-1911228-910601.jpg\",\"contentUrl\":\"https:\/\/www.miomiorun.com\/app\/uploads\/2021\/05\/craft-pro-hmc-dry-nanoweight-sl-1911228-910601.jpg\",\"width\":600,\"height\":600,\"caption\":\"craft-pro-hmc-dry-nanoweight-sl-1911228-910601\"},{\"@type\":\"BreadcrumbList\",\"@id\":\"https:\/\/www.miomiorun.com\/es\/producto\/craft-pro-hmc-dry-nanoweight-sl-mujer\/#breadcrumb\",\"itemListElement\":[{\"@type\":\"ListItem\",\"position\":1,\"name\":\"Home\",\"item\":\"https:\/\/www.miomiorun.com\/es\/\"},{\"@type\":\"ListItem\",\"position\":2,\"name\":\"Shop\",\"item\":\"https:\/\/www.miomiorun.com\/shop\/\"},{\"@type\":\"ListItem\",\"position\":3,\"name\":\"PRO Hmc Dry Nanoweight Sl mujer\"}]},{\"@type\":\"WebSite\",\"@id\":\"https:\/\/www.miomiorun.com\/es\/#website\",\"url\":\"https:\/\/www.miomiorun.com\/es\/\",\"name\":\"MioMioRun\",\"description\":\"Tienda 100% running y trail\",\"publisher\":{\"@id\":\"https:\/\/www.miomiorun.com\/es\/#organization\"},\"potentialAction\":[{\"@type\":\"SearchAction\",\"target\":{\"@type\":\"EntryPoint\",\"urlTemplate\":\"https:\/\/www.miomiorun.com\/es\/?s={search_term_string}\"},\"query-input\":{\"@type\":\"PropertyValueSpecification\",\"valueRequired\":true,\"valueName\":\"search_term_string\"}}],\"inLanguage\":\"es-ES\"},{\"@type\":\"Organization\",\"@id\":\"https:\/\/www.miomiorun.com\/es\/#organization\",\"name\":\"MioMio Run\",\"url\":\"https:\/\/www.miomiorun.com\/es\/\",\"logo\":{\"@type\":\"ImageObject\",\"inLanguage\":\"es-ES\",\"@id\":\"https:\/\/www.miomiorun.com\/es\/#\/schema\/logo\/image\/\",\"url\":\"https:\/\/www.miomiorun.com\/app\/uploads\/2019\/12\/logomio.png\",\"contentUrl\":\"https:\/\/www.miomiorun.com\/app\/uploads\/2019\/12\/logomio.png\",\"width\":115,\"height\":82,\"caption\":\"MioMio Run\"},\"image\":{\"@id\":\"https:\/\/www.miomiorun.com\/es\/#\/schema\/logo\/image\/\"},\"sameAs\":[\"https:\/\/www.facebook.com\/miomiorun\/\",\"https:\/\/www.instagram.com\/miomiorun\/\"]}]}<\/script>\n<!-- \/ Yoast SEO plugin. -->","yoast_head_json":{"title":"Craft PRO Hmc Dry Nanoweight Sl mujer - Camiseta sin mangas para correr- MioMioRun","description":"La Pro Hmc Dry Nanoweight SL es una camiseta de malla ultraligera con una gesti\u00f3n de la humedad superior, dise\u00f1ada para deportistas de alto rendimiento.","robots":{"index":"index","follow":"follow","max-snippet":"max-snippet:-1","max-image-preview":"max-image-preview:large","max-video-preview":"max-video-preview:-1"},"canonical":"https:\/\/www.miomiorun.com\/es\/producto\/craft-pro-hmc-dry-nanoweight-sl-mujer\/","og_locale":"es_ES","og_type":"article","og_title":"Craft PRO Hmc Dry Nanoweight Sl mujer - Camiseta sin mangas para correr- MioMioRun","og_description":"La Pro Hmc Dry Nanoweight SL es una camiseta de malla ultraligera con una gesti\u00f3n de la humedad superior, dise\u00f1ada para deportistas de alto rendimiento.","og_url":"https:\/\/www.miomiorun.com\/es\/producto\/craft-pro-hmc-dry-nanoweight-sl-mujer\/","og_site_name":"MioMioRun","article_publisher":"https:\/\/www.facebook.com\/miomiorun\/","article_modified_time":"2026-04-30T09:06:51+00:00","og_image":[{"width":600,"height":600,"url":"https:\/\/www.miomiorun.com\/app\/uploads\/2021\/05\/craft-pro-hmc-dry-nanoweight-sl-1911228-910601.jpg","type":"image\/jpeg"}],"twitter_card":"summary_large_image","twitter_misc":{"Est. reading time":"1 minute"},"schema":{"@context":"https:\/\/schema.org","@graph":[{"@type":"WebPage","@id":"https:\/\/www.miomiorun.com\/es\/producto\/craft-pro-hmc-dry-nanoweight-sl-mujer\/","url":"https:\/\/www.miomiorun.com\/es\/producto\/craft-pro-hmc-dry-nanoweight-sl-mujer\/","name":"Craft PRO Hmc Dry Nanoweight Sl mujer - Camiseta sin mangas para correr- MioMioRun","isPartOf":{"@id":"https:\/\/www.miomiorun.com\/es\/#website"},"primaryImageOfPage":{"@id":"https:\/\/www.miomiorun.com\/es\/producto\/craft-pro-hmc-dry-nanoweight-sl-mujer\/#primaryimage"},"image":{"@id":"https:\/\/www.miomiorun.com\/es\/producto\/craft-pro-hmc-dry-nanoweight-sl-mujer\/#primaryimage"},"thumbnailUrl":"https:\/\/www.miomiorun.com\/app\/uploads\/2021\/05\/craft-pro-hmc-dry-nanoweight-sl-1911228-910601.jpg","datePublished":"2021-05-15T16:55:45+00:00","dateModified":"2026-04-30T09:06:51+00:00","description":"La Pro Hmc Dry Nanoweight SL es una camiseta de malla ultraligera con una gesti\u00f3n de la humedad superior, dise\u00f1ada para deportistas de alto rendimiento.","breadcrumb":{"@id":"https:\/\/www.miomiorun.com\/es\/producto\/craft-pro-hmc-dry-nanoweight-sl-mujer\/#breadcrumb"},"inLanguage":"es-ES","potentialAction":[{"@type":"ReadAction","target":["https:\/\/www.miomiorun.com\/es\/producto\/craft-pro-hmc-dry-nanoweight-sl-mujer\/"]}]},{"@type":"ImageObject","inLanguage":"es-ES","@id":"https:\/\/www.miomiorun.com\/es\/producto\/craft-pro-hmc-dry-nanoweight-sl-mujer\/#primaryimage","url":"https:\/\/www.miomiorun.com\/app\/uploads\/2021\/05\/craft-pro-hmc-dry-nanoweight-sl-1911228-910601.jpg","contentUrl":"https:\/\/www.miomiorun.com\/app\/uploads\/2021\/05\/craft-pro-hmc-dry-nanoweight-sl-1911228-910601.jpg","width":600,"height":600,"caption":"craft-pro-hmc-dry-nanoweight-sl-1911228-910601"},{"@type":"BreadcrumbList","@id":"https:\/\/www.miomiorun.com\/es\/producto\/craft-pro-hmc-dry-nanoweight-sl-mujer\/#breadcrumb","itemListElement":[{"@type":"ListItem","position":1,"name":"Home","item":"https:\/\/www.miomiorun.com\/es\/"},{"@type":"ListItem","position":2,"name":"Shop","item":"https:\/\/www.miomiorun.com\/shop\/"},{"@type":"ListItem","position":3,"name":"PRO Hmc Dry Nanoweight Sl mujer"}]},{"@type":"WebSite","@id":"https:\/\/www.miomiorun.com\/es\/#website","url":"https:\/\/www.miomiorun.com\/es\/","name":"MioMioRun","description":"Tienda 100% running y trail","publisher":{"@id":"https:\/\/www.miomiorun.com\/es\/#organization"},"potentialAction":[{"@type":"SearchAction","target":{"@type":"EntryPoint","urlTemplate":"https:\/\/www.miomiorun.com\/es\/?s={search_term_string}"},"query-input":{"@type":"PropertyValueSpecification","valueRequired":true,"valueName":"search_term_string"}}],"inLanguage":"es-ES"},{"@type":"Organization","@id":"https:\/\/www.miomiorun.com\/es\/#organization","name":"MioMio Run","url":"https:\/\/www.miomiorun.com\/es\/","logo":{"@type":"ImageObject","inLanguage":"es-ES","@id":"https:\/\/www.miomiorun.com\/es\/#\/schema\/logo\/image\/","url":"https:\/\/www.miomiorun.com\/app\/uploads\/2019\/12\/logomio.png","contentUrl":"https:\/\/www.miomiorun.com\/app\/uploads\/2019\/12\/logomio.png","width":115,"height":82,"caption":"MioMio Run"},"image":{"@id":"https:\/\/www.miomiorun.com\/es\/#\/schema\/logo\/image\/"},"sameAs":["https:\/\/www.facebook.com\/miomiorun\/","https:\/\/www.instagram.com\/miomiorun\/"]}]}},"_links":{"self":[{"href":"https:\/\/www.miomiorun.com\/es\/wp-json\/wp\/v2\/product\/277549","targetHints":{"allow":["GET"]}}],"collection":[{"href":"https:\/\/www.miomiorun.com\/es\/wp-json\/wp\/v2\/product"}],"about":[{"href":"https:\/\/www.miomiorun.com\/es\/wp-json\/wp\/v2\/types\/product"}],"wp:featuredmedia":[{"embeddable":true,"href":"https:\/\/www.miomiorun.com\/es\/wp-json\/wp\/v2\/media\/232176"}],"wp:attachment":[{"href":"https:\/\/www.miomiorun.com\/es\/wp-json\/wp\/v2\/media?parent=277549"}],"wp:term":[{"taxonomy":"product_brand","embeddable":true,"href":"https:\/\/www.miomiorun.com\/es\/wp-json\/wp\/v2\/product_brand?post=277549"},{"taxonomy":"product_cat","embeddable":true,"href":"https:\/\/www.miomiorun.com\/es\/wp-json\/wp\/v2\/product_cat?post=277549"},{"taxonomy":"product_tag","embeddable":true,"href":"https:\/\/www.miomiorun.com\/es\/wp-json\/wp\/v2\/product_tag?post=277549"}],"curies":[{"name":"wp","href":"https:\/\/api.w.org\/{rel}","templated":true}]}}