{"id":277538,"date":"2021-05-17T18:43:33","date_gmt":"2021-05-17T16:43:33","guid":{"rendered":"https:\/\/miomiorun.com\/prodotto\/compressport-performance-singlet-donna\/"},"modified":"2026-04-30T11:11:16","modified_gmt":"2026-04-30T09:11:16","slug":"compressport-performance-singlet-mujer","status":"publish","type":"product","link":"https:\/\/www.miomiorun.com\/es\/producto\/compressport-performance-singlet-mujer\/","title":{"rendered":"Performance singlet mujer"},"content":{"rendered":"<div class=\"vc-row container\"><div class=\"vc-column\"><div class=\"vc-column-text\"><\/p>\n<div class=\"single-product-description\">\n<div class=\"single-product-description\">\n<p>Camiseta sin mangas de running para mujer, transpirable y orientada al rendimiento, con un dise\u00f1o anat\u00f3mico alrededor de los om\u00f3platos para ofrecer una libertad de movimiento y una comodidad excepcionales durante el entrenamiento y la carrera<\/p>\n<p>Inspirada en el rendimiento excepcional de nuestras atletas profesionales a lo largo de los a\u00f1os, nuestra gama de ropa de running para mujer est\u00e1 disponible para llevarte al siguiente nivel. Dise\u00f1ada para combinar velocidad y comodidad extremas, la nueva camiseta sin mangas Performance para mujer pr\u00e1cticamente no pesa nada: te garantizamos que apenas notar\u00e1s que la llevas puesta. Sin costuras y con un corte femenino, esta camiseta sin mangas es tu top de running para el verano, perfecto tanto para entrenar como para competir. Las l\u00edneas de ventilaci\u00f3n y aireaci\u00f3n integradas en la parte delantera y en la parte inferior de la espalda eliminan r\u00e1pidamente el sudor y la humedad para mantenerte fresca y seca. El corte recto ofrece un ajuste sin opresiones, pero no tan amplio como para bloquearte o entorpecerte. La cintura est\u00e1 ligeramente ajustada para seguir las curvas anat\u00f3micas, mientras que el cuello redondo profundo es plano y c\u00f3modo sobre la piel. La parte superior de la espalda est\u00e1 cortada para liberar los om\u00f3platos y permitir un amplio rango de movimientos. La costura plana sobre la clav\u00edcula y alrededor de la axila no se mueve para evitar irritaciones desagradables. Nuestro tejido de microfibra es muy suave al tacto y tambi\u00e9n es conocido por retener los olores desagradables causados por la actividad deportiva. Por \u00faltimo, pero no menos importante, el dise\u00f1o asim\u00e9trico en el hombro y la cadera es un gui\u00f1o a nuestra herencia competitiva, y combina con los pantalones cortos Performance Overshort o con la falda.<\/p>\n<\/div>\n<div>\n<div class=\"offset-lg-7 col-lg-3 offset-md-5 col-md-4 pt-4 pb-3 bg-white\">\n<h2 class=\"title-thin\">Ventajas clave<\/h2>\n<div class=\"mb-4\">\n<p>Ajuste ergon\u00f3mico pensado para las mujeres, con un dise\u00f1o de espalda de alto rendimiento para liberar los om\u00f3platos y optimizar la amplitud de movimiento<\/p>\n<\/div>\n<div class=\"mb-4\">\n<p>Ventilaci\u00f3n y transpirabilidad gracias a paneles de ventilaci\u00f3n espec\u00edficos y aberturas de ventilaci\u00f3n en la parte delantera y trasera<\/p>\n<\/div>\n<div class=\"mb-4\">\n<p>Excelente termorregulaci\u00f3n gracias a un tejido de microfibra altamente funcional que evacua r\u00e1pidamente el sudor y la humedad<\/p>\n<\/div>\n<div class=\"d-flex mt-5 pt-4 pb-md-4 pb-3 text-center box-additional-info align-items-center flex-wrap\">\n<div class=\"col-lg-3 col-md-6 col-12 data-sheet\">\n<h2>Peso neto del producto<\/h2>\n<p>37,00 g<\/p>\n<\/div>\n<div class=\"data-sheet col-lg-3 col-md-6 col-12 feature_1 \">\n<h2>Composici\u00f3n<\/h2>\n<dl class=\"d-flex flex-wrap justify-content-center\">\n<dd>92 % PA, 8 % EA<\/dd>\n<\/dl>\n<\/div>\n<div class=\"col-lg-3 col-md-6 col-12 data-sheet\">\n<h2>Instrucciones de lavado y cuidado<\/h2>\n<p><img decoding=\"async\" class=\"img-fluid\" src=\"https:\/\/www.compressport.com\/img\/cms\/icons\/picto_wash.png\"><\/p>\n<\/div>\n<div class=\"col-lg-3 col-md-6 col-12 data-sheet data-sheet-developed\"><img decoding=\"async\" class=\"img-fluid\" src=\"https:\/\/www.compressport.com\/img\/cms\/icons\/developed_swiss.png\"><\/div>\n<\/div>\n<\/div>\n<div>\n<div id=\"techno_269\" class=\"col-lg-4 col-12 collapse show\" data-parent=\"#feat_table_10\" data-bck-image=\"\">\n<h3><\/h3>\n<h2>Tecnolog\u00edas<\/h2>\n<h3>Hidrof\u00f3bico<\/h3>\n<p>La fibra hidrof\u00f3bica no retiene la humedad y elimina el sudor sin absorberlo, incluso en caso de sudoraci\u00f3n excesiva. Se acabaron las prendas inc\u00f3modas, pesadas y h\u00famedas que irritan y no se secan.<\/p>\n<div id=\"techno_291\" class=\"col-lg-4 col-12 collapse show\" data-parent=\"#feat_table_10\" data-bck-image=\"\">\n<h3>Sin costuras<\/h3>\n<p>Para una comodidad \u00f3ptima, la microfibra es 100 % sin costuras, ligera y muy suave.<\/p>\n<div id=\"techno_298\" class=\"col-lg-4 col-12 collapse show\" data-parent=\"#feat_table_10\" data-bck-image=\"\">\n<h3>Termorregulaci\u00f3n<\/h3>\n<p>Su singular tejido favorece la circulaci\u00f3n del aire y permite un equilibrio perfecto entre el exterior y el interior. De este modo, el cuerpo se mantiene a la misma temperatura sin cambios bruscos. Una verdadera protecci\u00f3n contra el fr\u00edo en invierno y el calor en verano.<\/p>\n<div id=\"techno_304\" class=\"col-lg-4 col-12 collapse show\" data-parent=\"#feat_table_10\" data-bck-image=\"\">\n<h3>Ultraconfort<\/h3>\n<p>Fibras textiles reconocidas por su suavidad y comodidad.<\/p>\n<div id=\"techno_303\" class=\"col-lg-4 col-12 collapse show\" data-parent=\"#feat_table_10\" data-bck-image=\"https:\/\/www.compressport.com\/it\/img\/feature_values\/2_303.png\">\n<h3>Malla ultraventilada<\/h3>\n<p>Las zonas de tejido de malla facilitan la transpiraci\u00f3n y la eliminaci\u00f3n de la humedad, independientemente de la temperatura exterior, del nivel y de la duraci\u00f3n del esfuerzo.<\/p>\n<div id=\"techno_309\" class=\"col-lg-4 col-12 collapse show\" data-parent=\"#feat_table_10\" data-bck-image=\"\">\n<h3>Ultraligero<\/h3>\n<p>No retiene el agua y se mantiene ligero en cualquier condici\u00f3n.<\/p>\n<\/div>\n<\/div>\n<\/div>\n<\/div>\n<\/div>\n<\/div>\n<\/div>\n<\/div>\n<\/div>\n<p><\/div><\/div><div class=\"vc-column\"> <div class=\"vc-column-text\"><\/p>\n<p><div style=\"width: 1024px;\" class=\"wp-video\"><video class=\"wp-video-shortcode\" id=\"video-277538-1\" width=\"1024\" height=\"576\" loop autoplay preload=\"metadata\" controls=\"controls\"><source type=\"video\/mp4\" src=\"https:\/\/miomiorun.com\/wp-content\/uploads\/2021\/05\/compressport-performance-singlet-AW00095B.mp4?_=1\" \/><a href=\"https:\/\/miomiorun.com\/wp-content\/uploads\/2021\/05\/compressport-performance-singlet-AW00095B.mp4\">https:\/\/miomiorun.com\/wp-content\/uploads\/2021\/05\/compressport-performance-singlet-AW00095B.mp4<\/a><\/video><\/div><\/p>\n<p><\/div><\/div><\/div>\n","protected":false},"excerpt":{"rendered":"","protected":false},"featured_media":232146,"template":"","meta":{"_acf_changed":false,"inline_featured_image":false},"product_brand":[],"product_cat":[24399,24401,24402],"product_tag":[23471,23658,23488,23646],"class_list":{"0":"post-277538","1":"product","2":"type-product","3":"status-publish","4":"has-post-thumbnail","6":"product_cat-chalecos","7":"product_cat-ropa-de-mujer","8":"product_cat-mujer","9":"product_tag-compressport-es","10":"product_tag-compressport-mujer","11":"product_tag-crazy-idea-es","12":"product_tag-crazy-idea-mujer","13":"pa_attivita-caminar","14":"pa_attivita-fitness-es","15":"pa_attivita-running-es","16":"pa_colore-performance-singlet-coral-es","17":"pa_colore-performance-singlet-w-orchid-petal-purple-es","18":"pa_marca-compressport-es","19":"pa_sesso-mujer","20":"pa_size-small-es","21":"pa_size-medium-es","23":"first","24":"instock","25":"sale","26":"taxable","27":"shipping-taxable","28":"purchasable","29":"product-type-variable","30":"wvs-archive-product-wrapper"},"acf":[],"yoast_head":"<!-- This site is optimized with the Yoast SEO plugin v26.8 - https:\/\/yoast.com\/product\/yoast-seo-wordpress\/ -->\n<title>Compressport Performance singlet mujer - camiseta sin mangas para correr - MioMioRun<\/title>\n<meta name=\"description\" content=\"Camiseta sin mangas de running para mujer, transpirable y dise\u00f1ada para el rendimiento, que ofrece una libertad de movimiento y una comodidad excepcionales durante el entrenamiento y la carrera\" \/>\n<meta name=\"robots\" content=\"index, follow, max-snippet:-1, max-image-preview:large, max-video-preview:-1\" \/>\n<link rel=\"canonical\" href=\"https:\/\/www.miomiorun.com\/es\/producto\/compressport-performance-singlet-mujer\/\" \/>\n<meta property=\"og:locale\" content=\"es_ES\" \/>\n<meta property=\"og:type\" content=\"article\" \/>\n<meta property=\"og:title\" content=\"Compressport Performance singlet mujer - camiseta sin mangas para correr - MioMioRun\" \/>\n<meta property=\"og:description\" content=\"Camiseta sin mangas de running para mujer, transpirable y dise\u00f1ada para el rendimiento, que ofrece una libertad de movimiento y una comodidad excepcionales durante el entrenamiento y la carrera\" \/>\n<meta property=\"og:url\" content=\"https:\/\/www.miomiorun.com\/es\/producto\/compressport-performance-singlet-mujer\/\" \/>\n<meta property=\"og:site_name\" content=\"MioMioRun\" \/>\n<meta property=\"article:publisher\" content=\"https:\/\/www.facebook.com\/miomiorun\/\" \/>\n<meta property=\"article:modified_time\" content=\"2026-04-30T09:11:16+00:00\" \/>\n<meta property=\"og:image\" content=\"https:\/\/www.miomiorun.com\/app\/uploads\/2021\/05\/compressport-Performance-singlet-AW00095B-Coral.jpg\" \/>\n\t<meta property=\"og:image:width\" content=\"600\" \/>\n\t<meta property=\"og:image:height\" content=\"600\" \/>\n\t<meta property=\"og:image:type\" content=\"image\/jpeg\" \/>\n<meta name=\"twitter:card\" content=\"summary_large_image\" \/>\n<meta name=\"twitter:label1\" content=\"Est. reading time\" \/>\n\t<meta name=\"twitter:data1\" content=\"3 minutes\" \/>\n<script type=\"application\/ld+json\" class=\"yoast-schema-graph\">{\"@context\":\"https:\/\/schema.org\",\"@graph\":[{\"@type\":\"WebPage\",\"@id\":\"https:\/\/www.miomiorun.com\/es\/producto\/compressport-performance-singlet-mujer\/\",\"url\":\"https:\/\/www.miomiorun.com\/es\/producto\/compressport-performance-singlet-mujer\/\",\"name\":\"Compressport Performance singlet mujer - camiseta sin mangas para correr - MioMioRun\",\"isPartOf\":{\"@id\":\"https:\/\/www.miomiorun.com\/es\/#website\"},\"primaryImageOfPage\":{\"@id\":\"https:\/\/www.miomiorun.com\/es\/producto\/compressport-performance-singlet-mujer\/#primaryimage\"},\"image\":{\"@id\":\"https:\/\/www.miomiorun.com\/es\/producto\/compressport-performance-singlet-mujer\/#primaryimage\"},\"thumbnailUrl\":\"https:\/\/www.miomiorun.com\/app\/uploads\/2021\/05\/compressport-Performance-singlet-AW00095B-Coral.jpg\",\"datePublished\":\"2021-05-17T16:43:33+00:00\",\"dateModified\":\"2026-04-30T09:11:16+00:00\",\"description\":\"Camiseta sin mangas de running para mujer, transpirable y dise\u00f1ada para el rendimiento, que ofrece una libertad de movimiento y una comodidad excepcionales durante el entrenamiento y la carrera\",\"breadcrumb\":{\"@id\":\"https:\/\/www.miomiorun.com\/es\/producto\/compressport-performance-singlet-mujer\/#breadcrumb\"},\"inLanguage\":\"es-ES\",\"potentialAction\":[{\"@type\":\"ReadAction\",\"target\":[\"https:\/\/www.miomiorun.com\/es\/producto\/compressport-performance-singlet-mujer\/\"]}]},{\"@type\":\"ImageObject\",\"inLanguage\":\"es-ES\",\"@id\":\"https:\/\/www.miomiorun.com\/es\/producto\/compressport-performance-singlet-mujer\/#primaryimage\",\"url\":\"https:\/\/www.miomiorun.com\/app\/uploads\/2021\/05\/compressport-Performance-singlet-AW00095B-Coral.jpg\",\"contentUrl\":\"https:\/\/www.miomiorun.com\/app\/uploads\/2021\/05\/compressport-Performance-singlet-AW00095B-Coral.jpg\",\"width\":600,\"height\":600,\"caption\":\"compressport performance singlet\"},{\"@type\":\"BreadcrumbList\",\"@id\":\"https:\/\/www.miomiorun.com\/es\/producto\/compressport-performance-singlet-mujer\/#breadcrumb\",\"itemListElement\":[{\"@type\":\"ListItem\",\"position\":1,\"name\":\"Home\",\"item\":\"https:\/\/www.miomiorun.com\/es\/\"},{\"@type\":\"ListItem\",\"position\":2,\"name\":\"Shop\",\"item\":\"https:\/\/www.miomiorun.com\/shop\/\"},{\"@type\":\"ListItem\",\"position\":3,\"name\":\"Performance singlet mujer\"}]},{\"@type\":\"WebSite\",\"@id\":\"https:\/\/www.miomiorun.com\/es\/#website\",\"url\":\"https:\/\/www.miomiorun.com\/es\/\",\"name\":\"MioMioRun\",\"description\":\"Tienda 100% running y trail\",\"publisher\":{\"@id\":\"https:\/\/www.miomiorun.com\/es\/#organization\"},\"potentialAction\":[{\"@type\":\"SearchAction\",\"target\":{\"@type\":\"EntryPoint\",\"urlTemplate\":\"https:\/\/www.miomiorun.com\/es\/?s={search_term_string}\"},\"query-input\":{\"@type\":\"PropertyValueSpecification\",\"valueRequired\":true,\"valueName\":\"search_term_string\"}}],\"inLanguage\":\"es-ES\"},{\"@type\":\"Organization\",\"@id\":\"https:\/\/www.miomiorun.com\/es\/#organization\",\"name\":\"MioMio Run\",\"url\":\"https:\/\/www.miomiorun.com\/es\/\",\"logo\":{\"@type\":\"ImageObject\",\"inLanguage\":\"es-ES\",\"@id\":\"https:\/\/www.miomiorun.com\/es\/#\/schema\/logo\/image\/\",\"url\":\"https:\/\/www.miomiorun.com\/app\/uploads\/2019\/12\/logomio.png\",\"contentUrl\":\"https:\/\/www.miomiorun.com\/app\/uploads\/2019\/12\/logomio.png\",\"width\":115,\"height\":82,\"caption\":\"MioMio Run\"},\"image\":{\"@id\":\"https:\/\/www.miomiorun.com\/es\/#\/schema\/logo\/image\/\"},\"sameAs\":[\"https:\/\/www.facebook.com\/miomiorun\/\",\"https:\/\/www.instagram.com\/miomiorun\/\"]}]}<\/script>\n<!-- \/ Yoast SEO plugin. -->","yoast_head_json":{"title":"Compressport Performance singlet mujer - camiseta sin mangas para correr - MioMioRun","description":"Camiseta sin mangas de running para mujer, transpirable y dise\u00f1ada para el rendimiento, que ofrece una libertad de movimiento y una comodidad excepcionales durante el entrenamiento y la carrera","robots":{"index":"index","follow":"follow","max-snippet":"max-snippet:-1","max-image-preview":"max-image-preview:large","max-video-preview":"max-video-preview:-1"},"canonical":"https:\/\/www.miomiorun.com\/es\/producto\/compressport-performance-singlet-mujer\/","og_locale":"es_ES","og_type":"article","og_title":"Compressport Performance singlet mujer - camiseta sin mangas para correr - MioMioRun","og_description":"Camiseta sin mangas de running para mujer, transpirable y dise\u00f1ada para el rendimiento, que ofrece una libertad de movimiento y una comodidad excepcionales durante el entrenamiento y la carrera","og_url":"https:\/\/www.miomiorun.com\/es\/producto\/compressport-performance-singlet-mujer\/","og_site_name":"MioMioRun","article_publisher":"https:\/\/www.facebook.com\/miomiorun\/","article_modified_time":"2026-04-30T09:11:16+00:00","og_image":[{"width":600,"height":600,"url":"https:\/\/www.miomiorun.com\/app\/uploads\/2021\/05\/compressport-Performance-singlet-AW00095B-Coral.jpg","type":"image\/jpeg"}],"twitter_card":"summary_large_image","twitter_misc":{"Est. reading time":"3 minutes"},"schema":{"@context":"https:\/\/schema.org","@graph":[{"@type":"WebPage","@id":"https:\/\/www.miomiorun.com\/es\/producto\/compressport-performance-singlet-mujer\/","url":"https:\/\/www.miomiorun.com\/es\/producto\/compressport-performance-singlet-mujer\/","name":"Compressport Performance singlet mujer - camiseta sin mangas para correr - MioMioRun","isPartOf":{"@id":"https:\/\/www.miomiorun.com\/es\/#website"},"primaryImageOfPage":{"@id":"https:\/\/www.miomiorun.com\/es\/producto\/compressport-performance-singlet-mujer\/#primaryimage"},"image":{"@id":"https:\/\/www.miomiorun.com\/es\/producto\/compressport-performance-singlet-mujer\/#primaryimage"},"thumbnailUrl":"https:\/\/www.miomiorun.com\/app\/uploads\/2021\/05\/compressport-Performance-singlet-AW00095B-Coral.jpg","datePublished":"2021-05-17T16:43:33+00:00","dateModified":"2026-04-30T09:11:16+00:00","description":"Camiseta sin mangas de running para mujer, transpirable y dise\u00f1ada para el rendimiento, que ofrece una libertad de movimiento y una comodidad excepcionales durante el entrenamiento y la carrera","breadcrumb":{"@id":"https:\/\/www.miomiorun.com\/es\/producto\/compressport-performance-singlet-mujer\/#breadcrumb"},"inLanguage":"es-ES","potentialAction":[{"@type":"ReadAction","target":["https:\/\/www.miomiorun.com\/es\/producto\/compressport-performance-singlet-mujer\/"]}]},{"@type":"ImageObject","inLanguage":"es-ES","@id":"https:\/\/www.miomiorun.com\/es\/producto\/compressport-performance-singlet-mujer\/#primaryimage","url":"https:\/\/www.miomiorun.com\/app\/uploads\/2021\/05\/compressport-Performance-singlet-AW00095B-Coral.jpg","contentUrl":"https:\/\/www.miomiorun.com\/app\/uploads\/2021\/05\/compressport-Performance-singlet-AW00095B-Coral.jpg","width":600,"height":600,"caption":"compressport performance singlet"},{"@type":"BreadcrumbList","@id":"https:\/\/www.miomiorun.com\/es\/producto\/compressport-performance-singlet-mujer\/#breadcrumb","itemListElement":[{"@type":"ListItem","position":1,"name":"Home","item":"https:\/\/www.miomiorun.com\/es\/"},{"@type":"ListItem","position":2,"name":"Shop","item":"https:\/\/www.miomiorun.com\/shop\/"},{"@type":"ListItem","position":3,"name":"Performance singlet mujer"}]},{"@type":"WebSite","@id":"https:\/\/www.miomiorun.com\/es\/#website","url":"https:\/\/www.miomiorun.com\/es\/","name":"MioMioRun","description":"Tienda 100% running y trail","publisher":{"@id":"https:\/\/www.miomiorun.com\/es\/#organization"},"potentialAction":[{"@type":"SearchAction","target":{"@type":"EntryPoint","urlTemplate":"https:\/\/www.miomiorun.com\/es\/?s={search_term_string}"},"query-input":{"@type":"PropertyValueSpecification","valueRequired":true,"valueName":"search_term_string"}}],"inLanguage":"es-ES"},{"@type":"Organization","@id":"https:\/\/www.miomiorun.com\/es\/#organization","name":"MioMio Run","url":"https:\/\/www.miomiorun.com\/es\/","logo":{"@type":"ImageObject","inLanguage":"es-ES","@id":"https:\/\/www.miomiorun.com\/es\/#\/schema\/logo\/image\/","url":"https:\/\/www.miomiorun.com\/app\/uploads\/2019\/12\/logomio.png","contentUrl":"https:\/\/www.miomiorun.com\/app\/uploads\/2019\/12\/logomio.png","width":115,"height":82,"caption":"MioMio Run"},"image":{"@id":"https:\/\/www.miomiorun.com\/es\/#\/schema\/logo\/image\/"},"sameAs":["https:\/\/www.facebook.com\/miomiorun\/","https:\/\/www.instagram.com\/miomiorun\/"]}]}},"_links":{"self":[{"href":"https:\/\/www.miomiorun.com\/es\/wp-json\/wp\/v2\/product\/277538","targetHints":{"allow":["GET"]}}],"collection":[{"href":"https:\/\/www.miomiorun.com\/es\/wp-json\/wp\/v2\/product"}],"about":[{"href":"https:\/\/www.miomiorun.com\/es\/wp-json\/wp\/v2\/types\/product"}],"wp:featuredmedia":[{"embeddable":true,"href":"https:\/\/www.miomiorun.com\/es\/wp-json\/wp\/v2\/media\/232146"}],"wp:attachment":[{"href":"https:\/\/www.miomiorun.com\/es\/wp-json\/wp\/v2\/media?parent=277538"}],"wp:term":[{"taxonomy":"product_brand","embeddable":true,"href":"https:\/\/www.miomiorun.com\/es\/wp-json\/wp\/v2\/product_brand?post=277538"},{"taxonomy":"product_cat","embeddable":true,"href":"https:\/\/www.miomiorun.com\/es\/wp-json\/wp\/v2\/product_cat?post=277538"},{"taxonomy":"product_tag","embeddable":true,"href":"https:\/\/www.miomiorun.com\/es\/wp-json\/wp\/v2\/product_tag?post=277538"}],"curies":[{"name":"wp","href":"https:\/\/api.w.org\/{rel}","templated":true}]}}