{"id":277460,"date":"2021-05-20T12:27:58","date_gmt":"2021-05-20T10:27:58","guid":{"rendered":"https:\/\/miomiorun.com\/prodotto\/craft-pro-hypervent-singlet-uomo\/"},"modified":"2026-04-30T11:22:39","modified_gmt":"2026-04-30T09:22:39","slug":"craft-pro-hypervent-singlet-hombre","status":"publish","type":"product","link":"https:\/\/www.miomiorun.com\/es\/producto\/craft-pro-hypervent-singlet-hombre\/","title":{"rendered":"Pro Hypervent Singlet hombre"},"content":{"rendered":"<p id=\"tw-target-text\" class=\"tw-data-text tw-text-large XcVN5d tw-ta\" dir=\"ltr\" data-placeholder=\"Traduzione\"><span class=\"Y2IQFc\" lang=\"it\">La camiseta sin mangas Pro Hypervent es una prenda ligera de nivel profesional dise\u00f1ada para correr, que ofrece una ventilaci\u00f3n y una refrigeraci\u00f3n excepcionales para un rendimiento \u00f3ptimo en condiciones de calor.<\/span><\/p>\n<p id=\"tw-target-text\" class=\"tw-data-text tw-text-large XcVN5d tw-ta\" dir=\"ltr\" data-placeholder=\"Traduzione\"><span class=\"Y2IQFc\" lang=\"it\">Esta camiseta de running t\u00e9cnicamente avanzada est\u00e1 confeccionada con un tejido de malla ligero y altamente funcional que ofrece una excepcional evacuaci\u00f3n de la humedad y refrigeraci\u00f3n. Adem\u00e1s, cuenta con costuras selladas que minimizan las rozaduras y maximizan la comodidad.<\/span><\/p>\n<p class=\"tw-data-text tw-text-large XcVN5d tw-ta\" dir=\"ltr\" data-placeholder=\"Traduzione\"><span class=\"Y2IQFc\" lang=\"it\">Los tejidos finos, supersuaves y excepcionalmente ligeros y transpirables garantizan una funcionalidad, ventilaci\u00f3n y comodidad superiores durante las carreras a alta velocidad y en largas distancias en condiciones de calor.<\/span><\/p>\n<h2 dir=\"ltr\" data-placeholder=\"Traduzione\">Caracter\u00edsticas del producto:<\/h2>\n<p id=\"tw-target-text\" class=\"tw-data-text tw-text-large XcVN5d tw-ta\" dir=\"ltr\" data-placeholder=\"Traduzione\"><span class=\"Y2IQFc\" lang=\"it\">&#8211; Malla de poli\u00e9ster ligera y altamente funcional<\/span><\/p>\n<p class=\"tw-data-text tw-text-large XcVN5d tw-ta\" dir=\"ltr\" data-placeholder=\"Traduzione\"><span class=\"Y2IQFc\" lang=\"it\">&#8211; Costuras selladas para evitar rozaduras<\/span><\/p>\n<p class=\"tw-data-text tw-text-large XcVN5d tw-ta\" dir=\"ltr\" data-placeholder=\"Traduzione\"><span class=\"Y2IQFc\" lang=\"it\">&#8211; Costuras planas y suaves alrededor de las sisas y el cuello<\/span><\/p>\n<p class=\"tw-data-text tw-text-large XcVN5d tw-ta\" dir=\"ltr\" data-placeholder=\"Traduzione\"><span class=\"Y2IQFc\" lang=\"it\">&#8211; Detalles reflectantes<\/span><\/p>\n<p dir=\"ltr\" data-placeholder=\"Traduzione\"><img loading=\"lazy\" decoding=\"async\" class=\"\" src=\"https:\/\/www.craftsportswear.com\/static\/media\/moisture_transport.27f437d8.svg?q=70&amp;fit=clip&amp;w=72&amp;fm=jpg&amp;auto=format\" alt=\"MoistureTransport\" width=\"119\" height=\"119\"><\/p>\n<p dir=\"ltr\" data-placeholder=\"Traduzione\"><strong>Evacuaci\u00f3n de la humedad:<\/strong> evacua la humedad de la piel hacia el exterior de la prenda, manteni\u00e9ndola fresca y seca durante los entrenamientos intensos.<\/p>\n<p dir=\"ltr\" data-placeholder=\"Traduzione\"><img loading=\"lazy\" decoding=\"async\" class=\"\" src=\"https:\/\/www.craftsportswear.com\/static\/media\/lightweight.6800ab4f.svg?q=70&amp;fit=clip&amp;w=72&amp;fm=jpg&amp;auto=format\" alt=\"Lightweight\" width=\"119\" height=\"119\"><\/p>\n<p dir=\"ltr\" data-placeholder=\"Traduzione\"><strong>Ligera<\/strong><\/p>\n<p class=\"css-8rgusf\"><strong>Materiales:<\/strong> 90 % poli\u00e9ster, 10 % elastano<\/p>\n<p class=\"css-8rgusf\">Lavar a m\u00e1quina a 40 grados.<\/p>\n<p dir=\"ltr\" data-placeholder=\"Traduzione\">\n","protected":false},"excerpt":{"rendered":"<p><span style=\"font-weight: 400\">Camiseta t\u00e9cnica ligera y transpirable.<\/span><\/p>\n","protected":false},"featured_media":232216,"template":"","meta":{"_acf_changed":false,"inline_featured_image":false},"product_brand":[],"product_cat":[24461,24463,24464],"product_tag":[23553,23663],"class_list":{"0":"post-277460","1":"product","2":"type-product","3":"status-publish","4":"has-post-thumbnail","6":"product_cat-chalecos-es-2","7":"product_cat-ropa-de-hombre-es","8":"product_cat-hombre","9":"product_tag-craft-es","10":"product_tag-craft-hombre","11":"pa_attivita-caminar","12":"pa_attivita-fitness-es","13":"pa_attivita-running-es","14":"pa_colore-pro-hypervent-singlet-moss-flex-es","15":"pa_marca-craft-es","16":"pa_sesso-hombre","17":"pa_size-small-es","18":"pa_size-medium-es","19":"pa_size-large-es","20":"pa_size-extra-large-es","22":"first","23":"instock","24":"sale","25":"taxable","26":"shipping-taxable","27":"purchasable","28":"product-type-variable","29":"wvs-archive-product-wrapper"},"acf":[],"yoast_head":"<!-- This site is optimized with the Yoast SEO plugin v26.8 - https:\/\/yoast.com\/product\/yoast-seo-wordpress\/ -->\n<title>Craft Pro Hypervent Singlet hombre -camiseta sin mangas para correr - MioMioRun<\/title>\n<meta name=\"description\" content=\"La camiseta sin mangas Pro Hypervent es una prenda ligera de running de nivel profesional que ofrece ventilaci\u00f3n y refrigeraci\u00f3n.\" \/>\n<meta name=\"robots\" content=\"index, follow, max-snippet:-1, max-image-preview:large, max-video-preview:-1\" \/>\n<link rel=\"canonical\" href=\"https:\/\/www.miomiorun.com\/es\/producto\/craft-pro-hypervent-singlet-hombre\/\" \/>\n<meta property=\"og:locale\" content=\"es_ES\" \/>\n<meta property=\"og:type\" content=\"article\" \/>\n<meta property=\"og:title\" content=\"Craft Pro Hypervent Singlet hombre -camiseta sin mangas para correr - MioMioRun\" \/>\n<meta property=\"og:description\" content=\"La camiseta sin mangas Pro Hypervent es una prenda ligera de running de nivel profesional que ofrece ventilaci\u00f3n y refrigeraci\u00f3n.\" \/>\n<meta property=\"og:url\" content=\"https:\/\/www.miomiorun.com\/es\/producto\/craft-pro-hypervent-singlet-hombre\/\" \/>\n<meta property=\"og:site_name\" content=\"MioMioRun\" \/>\n<meta property=\"article:publisher\" content=\"https:\/\/www.facebook.com\/miomiorun\/\" \/>\n<meta property=\"article:modified_time\" content=\"2026-04-30T09:22:39+00:00\" \/>\n<meta property=\"og:image\" content=\"https:\/\/www.miomiorun.com\/app\/uploads\/2021\/05\/craft-pro-hypervent-singlet-1910417-663000.jpg\" \/>\n\t<meta property=\"og:image:width\" content=\"600\" \/>\n\t<meta property=\"og:image:height\" content=\"600\" \/>\n\t<meta property=\"og:image:type\" content=\"image\/jpeg\" \/>\n<meta name=\"twitter:card\" content=\"summary_large_image\" \/>\n<meta name=\"twitter:label1\" content=\"Est. reading time\" \/>\n\t<meta name=\"twitter:data1\" content=\"1 minute\" \/>\n<script type=\"application\/ld+json\" class=\"yoast-schema-graph\">{\"@context\":\"https:\/\/schema.org\",\"@graph\":[{\"@type\":\"WebPage\",\"@id\":\"https:\/\/www.miomiorun.com\/es\/producto\/craft-pro-hypervent-singlet-hombre\/\",\"url\":\"https:\/\/www.miomiorun.com\/es\/producto\/craft-pro-hypervent-singlet-hombre\/\",\"name\":\"Craft Pro Hypervent Singlet hombre -camiseta sin mangas para correr - MioMioRun\",\"isPartOf\":{\"@id\":\"https:\/\/www.miomiorun.com\/es\/#website\"},\"primaryImageOfPage\":{\"@id\":\"https:\/\/www.miomiorun.com\/es\/producto\/craft-pro-hypervent-singlet-hombre\/#primaryimage\"},\"image\":{\"@id\":\"https:\/\/www.miomiorun.com\/es\/producto\/craft-pro-hypervent-singlet-hombre\/#primaryimage\"},\"thumbnailUrl\":\"https:\/\/www.miomiorun.com\/app\/uploads\/2021\/05\/craft-pro-hypervent-singlet-1910417-663000.jpg\",\"datePublished\":\"2021-05-20T10:27:58+00:00\",\"dateModified\":\"2026-04-30T09:22:39+00:00\",\"description\":\"La camiseta sin mangas Pro Hypervent es una prenda ligera de running de nivel profesional que ofrece ventilaci\u00f3n y refrigeraci\u00f3n.\",\"breadcrumb\":{\"@id\":\"https:\/\/www.miomiorun.com\/es\/producto\/craft-pro-hypervent-singlet-hombre\/#breadcrumb\"},\"inLanguage\":\"es-ES\",\"potentialAction\":[{\"@type\":\"ReadAction\",\"target\":[\"https:\/\/www.miomiorun.com\/es\/producto\/craft-pro-hypervent-singlet-hombre\/\"]}]},{\"@type\":\"ImageObject\",\"inLanguage\":\"es-ES\",\"@id\":\"https:\/\/www.miomiorun.com\/es\/producto\/craft-pro-hypervent-singlet-hombre\/#primaryimage\",\"url\":\"https:\/\/www.miomiorun.com\/app\/uploads\/2021\/05\/craft-pro-hypervent-singlet-1910417-663000.jpg\",\"contentUrl\":\"https:\/\/www.miomiorun.com\/app\/uploads\/2021\/05\/craft-pro-hypervent-singlet-1910417-663000.jpg\",\"width\":600,\"height\":600,\"caption\":\"craft-pro-hypervent-singlet-1910417-663000\"},{\"@type\":\"BreadcrumbList\",\"@id\":\"https:\/\/www.miomiorun.com\/es\/producto\/craft-pro-hypervent-singlet-hombre\/#breadcrumb\",\"itemListElement\":[{\"@type\":\"ListItem\",\"position\":1,\"name\":\"Home\",\"item\":\"https:\/\/www.miomiorun.com\/es\/\"},{\"@type\":\"ListItem\",\"position\":2,\"name\":\"Shop\",\"item\":\"https:\/\/www.miomiorun.com\/shop\/\"},{\"@type\":\"ListItem\",\"position\":3,\"name\":\"Pro Hypervent Singlet hombre\"}]},{\"@type\":\"WebSite\",\"@id\":\"https:\/\/www.miomiorun.com\/es\/#website\",\"url\":\"https:\/\/www.miomiorun.com\/es\/\",\"name\":\"MioMioRun\",\"description\":\"Tienda 100% running y trail\",\"publisher\":{\"@id\":\"https:\/\/www.miomiorun.com\/es\/#organization\"},\"potentialAction\":[{\"@type\":\"SearchAction\",\"target\":{\"@type\":\"EntryPoint\",\"urlTemplate\":\"https:\/\/www.miomiorun.com\/es\/?s={search_term_string}\"},\"query-input\":{\"@type\":\"PropertyValueSpecification\",\"valueRequired\":true,\"valueName\":\"search_term_string\"}}],\"inLanguage\":\"es-ES\"},{\"@type\":\"Organization\",\"@id\":\"https:\/\/www.miomiorun.com\/es\/#organization\",\"name\":\"MioMio Run\",\"url\":\"https:\/\/www.miomiorun.com\/es\/\",\"logo\":{\"@type\":\"ImageObject\",\"inLanguage\":\"es-ES\",\"@id\":\"https:\/\/www.miomiorun.com\/es\/#\/schema\/logo\/image\/\",\"url\":\"https:\/\/www.miomiorun.com\/app\/uploads\/2019\/12\/logomio.png\",\"contentUrl\":\"https:\/\/www.miomiorun.com\/app\/uploads\/2019\/12\/logomio.png\",\"width\":115,\"height\":82,\"caption\":\"MioMio Run\"},\"image\":{\"@id\":\"https:\/\/www.miomiorun.com\/es\/#\/schema\/logo\/image\/\"},\"sameAs\":[\"https:\/\/www.facebook.com\/miomiorun\/\",\"https:\/\/www.instagram.com\/miomiorun\/\"]}]}<\/script>\n<!-- \/ Yoast SEO plugin. -->","yoast_head_json":{"title":"Craft Pro Hypervent Singlet hombre -camiseta sin mangas para correr - MioMioRun","description":"La camiseta sin mangas Pro Hypervent es una prenda ligera de running de nivel profesional que ofrece ventilaci\u00f3n y refrigeraci\u00f3n.","robots":{"index":"index","follow":"follow","max-snippet":"max-snippet:-1","max-image-preview":"max-image-preview:large","max-video-preview":"max-video-preview:-1"},"canonical":"https:\/\/www.miomiorun.com\/es\/producto\/craft-pro-hypervent-singlet-hombre\/","og_locale":"es_ES","og_type":"article","og_title":"Craft Pro Hypervent Singlet hombre -camiseta sin mangas para correr - MioMioRun","og_description":"La camiseta sin mangas Pro Hypervent es una prenda ligera de running de nivel profesional que ofrece ventilaci\u00f3n y refrigeraci\u00f3n.","og_url":"https:\/\/www.miomiorun.com\/es\/producto\/craft-pro-hypervent-singlet-hombre\/","og_site_name":"MioMioRun","article_publisher":"https:\/\/www.facebook.com\/miomiorun\/","article_modified_time":"2026-04-30T09:22:39+00:00","og_image":[{"width":600,"height":600,"url":"https:\/\/www.miomiorun.com\/app\/uploads\/2021\/05\/craft-pro-hypervent-singlet-1910417-663000.jpg","type":"image\/jpeg"}],"twitter_card":"summary_large_image","twitter_misc":{"Est. reading time":"1 minute"},"schema":{"@context":"https:\/\/schema.org","@graph":[{"@type":"WebPage","@id":"https:\/\/www.miomiorun.com\/es\/producto\/craft-pro-hypervent-singlet-hombre\/","url":"https:\/\/www.miomiorun.com\/es\/producto\/craft-pro-hypervent-singlet-hombre\/","name":"Craft Pro Hypervent Singlet hombre -camiseta sin mangas para correr - MioMioRun","isPartOf":{"@id":"https:\/\/www.miomiorun.com\/es\/#website"},"primaryImageOfPage":{"@id":"https:\/\/www.miomiorun.com\/es\/producto\/craft-pro-hypervent-singlet-hombre\/#primaryimage"},"image":{"@id":"https:\/\/www.miomiorun.com\/es\/producto\/craft-pro-hypervent-singlet-hombre\/#primaryimage"},"thumbnailUrl":"https:\/\/www.miomiorun.com\/app\/uploads\/2021\/05\/craft-pro-hypervent-singlet-1910417-663000.jpg","datePublished":"2021-05-20T10:27:58+00:00","dateModified":"2026-04-30T09:22:39+00:00","description":"La camiseta sin mangas Pro Hypervent es una prenda ligera de running de nivel profesional que ofrece ventilaci\u00f3n y refrigeraci\u00f3n.","breadcrumb":{"@id":"https:\/\/www.miomiorun.com\/es\/producto\/craft-pro-hypervent-singlet-hombre\/#breadcrumb"},"inLanguage":"es-ES","potentialAction":[{"@type":"ReadAction","target":["https:\/\/www.miomiorun.com\/es\/producto\/craft-pro-hypervent-singlet-hombre\/"]}]},{"@type":"ImageObject","inLanguage":"es-ES","@id":"https:\/\/www.miomiorun.com\/es\/producto\/craft-pro-hypervent-singlet-hombre\/#primaryimage","url":"https:\/\/www.miomiorun.com\/app\/uploads\/2021\/05\/craft-pro-hypervent-singlet-1910417-663000.jpg","contentUrl":"https:\/\/www.miomiorun.com\/app\/uploads\/2021\/05\/craft-pro-hypervent-singlet-1910417-663000.jpg","width":600,"height":600,"caption":"craft-pro-hypervent-singlet-1910417-663000"},{"@type":"BreadcrumbList","@id":"https:\/\/www.miomiorun.com\/es\/producto\/craft-pro-hypervent-singlet-hombre\/#breadcrumb","itemListElement":[{"@type":"ListItem","position":1,"name":"Home","item":"https:\/\/www.miomiorun.com\/es\/"},{"@type":"ListItem","position":2,"name":"Shop","item":"https:\/\/www.miomiorun.com\/shop\/"},{"@type":"ListItem","position":3,"name":"Pro Hypervent Singlet hombre"}]},{"@type":"WebSite","@id":"https:\/\/www.miomiorun.com\/es\/#website","url":"https:\/\/www.miomiorun.com\/es\/","name":"MioMioRun","description":"Tienda 100% running y trail","publisher":{"@id":"https:\/\/www.miomiorun.com\/es\/#organization"},"potentialAction":[{"@type":"SearchAction","target":{"@type":"EntryPoint","urlTemplate":"https:\/\/www.miomiorun.com\/es\/?s={search_term_string}"},"query-input":{"@type":"PropertyValueSpecification","valueRequired":true,"valueName":"search_term_string"}}],"inLanguage":"es-ES"},{"@type":"Organization","@id":"https:\/\/www.miomiorun.com\/es\/#organization","name":"MioMio Run","url":"https:\/\/www.miomiorun.com\/es\/","logo":{"@type":"ImageObject","inLanguage":"es-ES","@id":"https:\/\/www.miomiorun.com\/es\/#\/schema\/logo\/image\/","url":"https:\/\/www.miomiorun.com\/app\/uploads\/2019\/12\/logomio.png","contentUrl":"https:\/\/www.miomiorun.com\/app\/uploads\/2019\/12\/logomio.png","width":115,"height":82,"caption":"MioMio Run"},"image":{"@id":"https:\/\/www.miomiorun.com\/es\/#\/schema\/logo\/image\/"},"sameAs":["https:\/\/www.facebook.com\/miomiorun\/","https:\/\/www.instagram.com\/miomiorun\/"]}]}},"_links":{"self":[{"href":"https:\/\/www.miomiorun.com\/es\/wp-json\/wp\/v2\/product\/277460","targetHints":{"allow":["GET"]}}],"collection":[{"href":"https:\/\/www.miomiorun.com\/es\/wp-json\/wp\/v2\/product"}],"about":[{"href":"https:\/\/www.miomiorun.com\/es\/wp-json\/wp\/v2\/types\/product"}],"wp:featuredmedia":[{"embeddable":true,"href":"https:\/\/www.miomiorun.com\/es\/wp-json\/wp\/v2\/media\/232216"}],"wp:attachment":[{"href":"https:\/\/www.miomiorun.com\/es\/wp-json\/wp\/v2\/media?parent=277460"}],"wp:term":[{"taxonomy":"product_brand","embeddable":true,"href":"https:\/\/www.miomiorun.com\/es\/wp-json\/wp\/v2\/product_brand?post=277460"},{"taxonomy":"product_cat","embeddable":true,"href":"https:\/\/www.miomiorun.com\/es\/wp-json\/wp\/v2\/product_cat?post=277460"},{"taxonomy":"product_tag","embeddable":true,"href":"https:\/\/www.miomiorun.com\/es\/wp-json\/wp\/v2\/product_tag?post=277460"}],"curies":[{"name":"wp","href":"https:\/\/api.w.org\/{rel}","templated":true}]}}