{"id":277451,"date":"2021-05-21T16:04:51","date_gmt":"2021-05-21T14:04:51","guid":{"rendered":"https:\/\/miomiorun.com\/prodotto\/pro-hypervent-jacket-uomo\/"},"modified":"2026-04-30T11:23:27","modified_gmt":"2026-04-30T09:23:27","slug":"pro-hypervent-jacket-hombre","status":"publish","type":"product","link":"https:\/\/www.miomiorun.com\/es\/producto\/pro-hypervent-jacket-hombre\/","title":{"rendered":"Pro Hypervent Jacket hombre"},"content":{"rendered":"<p id=\"tw-target-text\" class=\"tw-data-text tw-text-large XcVN5d tw-ta\" dir=\"ltr\" data-placeholder=\"Traduzione\"><span class=\"Y2IQFc\" lang=\"it\">La chaqueta Pro Hypervent es una prenda de running profesional altamente ventilada, dise\u00f1ada para corredores que entrenan con un objetivo claro.<\/span><\/p>\n<p id=\"tw-target-text\" class=\"tw-data-text tw-text-large XcVN5d tw-ta\" dir=\"ltr\" data-placeholder=\"Traduzione\"><span class=\"Y2IQFc\" lang=\"it\">Esta chaqueta de running t\u00e9cnicamente avanzada est\u00e1 confeccionada con un tejido \u00abripstop\u00bb supersuave y ligero que ofrece una excelente regulaci\u00f3n de la temperatura corporal durante los entrenamientos de alta intensidad en condiciones de viento. Adem\u00e1s, la chaqueta cuenta con malla en los laterales y zonas de ventilaci\u00f3n espec\u00edficas situadas en la parte trasera y delantera para ofrecer una mayor transpirabilidad. La chaqueta se puede guardar en su propio bolsillo y cerrar con cremallera.<\/span><\/p>\n<p dir=\"ltr\" data-placeholder=\"Traduzione\">Los <span class=\"Y2IQFc\" lang=\"it\">tejidos son finos, supersuaves y excepcionalmente ligeros y transpirables para garantizar una funcionalidad, ventilaci\u00f3n y comodidad superiores durante las carreras a alta velocidad y en largas distancias en condiciones de calor.<\/span><\/p>\n<h2 dir=\"ltr\" data-placeholder=\"Traduzione\">Caracter\u00edsticas del producto:<\/h2>\n<p id=\"tw-target-text\" class=\"tw-data-text tw-text-large XcVN5d tw-ta\" dir=\"ltr\" data-placeholder=\"Traduzione\"><span class=\"Y2IQFc\" lang=\"it\">&#8211; Tejido \u00abripstop\u00bb supersuave y ligero<\/span><\/p>\n<p class=\"tw-data-text tw-text-large XcVN5d tw-ta\" dir=\"ltr\" data-placeholder=\"Traduzione\"><span class=\"Y2IQFc\" lang=\"it\"> &#8211; Malla en los laterales para la ventilaci\u00f3n<\/span><\/p>\n<p class=\"tw-data-text tw-text-large XcVN5d tw-ta\" dir=\"ltr\" data-placeholder=\"Traduzione\"><span class=\"Y2IQFc\" lang=\"it\">&#8211; Se puede guardar en su propio bolsillo con cremallera<\/span><\/p>\n<p class=\"tw-data-text tw-text-large XcVN5d tw-ta\" dir=\"ltr\" data-placeholder=\"Traduzione\"><span class=\"Y2IQFc\" lang=\"it\">&#8211; Cremallera de ventilaci\u00f3n en la parte superior delantera<\/span><\/p>\n<p class=\"tw-data-text tw-text-large XcVN5d tw-ta\" dir=\"ltr\" data-placeholder=\"Traduzione\"><span class=\"Y2IQFc\" lang=\"it\">&#8211; Cinta ajustable en la parte superior del cuello para un ajuste ce\u00f1ido<\/span><\/p>\n<p class=\"tw-data-text tw-text-large XcVN5d tw-ta\" dir=\"ltr\" data-placeholder=\"Traduzione\"><span class=\"Y2IQFc\" lang=\"it\"> &#8211; Detalle reflectante<\/span><\/p>\n<p dir=\"ltr\" data-placeholder=\"Traduzione\"><img loading=\"lazy\" decoding=\"async\" class=\"\" src=\"https:\/\/www.craftsportswear.com\/static\/media\/packable.d66fda0d.svg?q=70&amp;fit=clip&amp;w=72&amp;fm=jpg&amp;auto=format\" alt=\"Packable\" width=\"120\" height=\"120\"><\/p>\n<p dir=\"ltr\" data-placeholder=\"Traduzione\"><strong>Compactable<\/strong><\/p>\n<p dir=\"ltr\" data-placeholder=\"Traduzione\"><img loading=\"lazy\" decoding=\"async\" class=\"\" src=\"https:\/\/www.craftsportswear.com\/static\/media\/wind_protective.86c2c73c.svg?q=70&amp;fit=clip&amp;w=72&amp;fm=jpg&amp;auto=format\" alt=\"WindProtective\" width=\"120\" height=\"120\"><\/p>\n<p dir=\"ltr\" data-placeholder=\"Traduzione\"><strong>Cortavientos<\/strong><\/p>\n<p dir=\"ltr\" data-placeholder=\"Traduzione\"><img loading=\"lazy\" decoding=\"async\" class=\"\" src=\"https:\/\/www.craftsportswear.com\/static\/media\/lightweight.6800ab4f.svg?q=70&amp;fit=clip&amp;w=72&amp;fm=jpg&amp;auto=format\" alt=\"Lightweight\" width=\"120\" height=\"120\"><\/p>\n<p dir=\"ltr\" data-placeholder=\"Traduzione\"><strong>Ligera<\/strong><\/p>\n<p dir=\"ltr\" data-placeholder=\"Traduzione\"><strong>Material<\/strong>: 100 % poli\u00e9ster<\/p>\n<p dir=\"ltr\" data-placeholder=\"Traduzione\">Lavar a m\u00e1quina a 40 grados<\/p>\n<p dir=\"ltr\" data-placeholder=\"Traduzione\">\n","protected":false},"excerpt":{"rendered":"<p>La chaqueta Pro Hypervent es una prenda de running profesional altamente ventilada, dise\u00f1ada para corredores que entrenan con un objetivo claro. Esta chaqueta de running t\u00e9cnicamente avanzada est\u00e1 confeccionada con un tejido \u00abripstop\u00bb supersuave y ligero que ofrece una excelente regulaci\u00f3n de la temperatura corporal durante los entrenamientos de alta intensidad en condiciones de viento. &hellip; <a href=\"https:\/\/www.miomiorun.com\/es\/producto\/pro-hypervent-jacket-hombre\/\">Continued<\/a><\/p>\n","protected":false},"featured_media":232230,"template":"","meta":{"_acf_changed":false,"inline_featured_image":false},"product_brand":[],"product_cat":[24460,24463],"product_tag":[23553,23663],"class_list":{"0":"post-277451","1":"product","2":"type-product","3":"status-publish","4":"has-post-thumbnail","6":"product_cat-chaquetas-es-2","7":"product_cat-ropa-de-hombre-es","8":"product_tag-craft-es","9":"product_tag-craft-hombre","10":"pa_attivita-caminar","11":"pa_attivita-running-es","12":"pa_colore-pro-hypervent-jacket-calm-es","13":"pa_colore-pro-hypervent-jacket-flex-moss-es","14":"pa_colore-pro-hypervent-jacket-fluid-multi-es","15":"pa_colore-pro-hypervent-jacket-granite-ash-es","16":"pa_colore-pro-hypervent-jacket-m-gem-es","17":"pa_marca-craft-es","18":"pa_sesso-hombre","19":"pa_size-small-es","20":"pa_size-medium-es","21":"pa_size-large-es","22":"pa_size-extra-large-es","24":"first","25":"instock","26":"sale","27":"taxable","28":"shipping-taxable","29":"purchasable","30":"product-type-variable","31":"wvs-archive-product-wrapper"},"acf":[],"yoast_head":"<!-- This site is optimized with the Yoast SEO plugin v26.8 - https:\/\/yoast.com\/product\/yoast-seo-wordpress\/ -->\n<title>Pro Hypervent Jacket hombre - Chaqueta de running - MioMioRun<\/title>\n<meta name=\"description\" content=\"Esta chaqueta de running de alta tecnolog\u00eda est\u00e1 confeccionada con un tejido \u00abripstop\u00bb muy suave, ligero y transpirable.\" \/>\n<meta name=\"robots\" content=\"index, follow, max-snippet:-1, max-image-preview:large, max-video-preview:-1\" \/>\n<link rel=\"canonical\" href=\"https:\/\/www.miomiorun.com\/es\/producto\/pro-hypervent-jacket-hombre\/\" \/>\n<meta property=\"og:locale\" content=\"es_ES\" \/>\n<meta property=\"og:type\" content=\"article\" \/>\n<meta property=\"og:title\" content=\"Pro Hypervent Jacket hombre - Chaqueta de running - MioMioRun\" \/>\n<meta property=\"og:description\" content=\"Esta chaqueta de running de alta tecnolog\u00eda est\u00e1 confeccionada con un tejido \u00abripstop\u00bb muy suave, ligero y transpirable.\" \/>\n<meta property=\"og:url\" content=\"https:\/\/www.miomiorun.com\/es\/producto\/pro-hypervent-jacket-hombre\/\" \/>\n<meta property=\"og:site_name\" content=\"MioMioRun\" \/>\n<meta property=\"article:publisher\" content=\"https:\/\/www.facebook.com\/miomiorun\/\" \/>\n<meta property=\"article:modified_time\" content=\"2026-04-30T09:23:27+00:00\" \/>\n<meta property=\"og:image\" content=\"https:\/\/www.miomiorun.com\/app\/uploads\/2021\/05\/craft-Pro-hypervent-Jacket-1910410-663000.jpg\" \/>\n\t<meta property=\"og:image:width\" content=\"600\" \/>\n\t<meta property=\"og:image:height\" content=\"600\" \/>\n\t<meta property=\"og:image:type\" content=\"image\/jpeg\" \/>\n<meta name=\"twitter:card\" content=\"summary_large_image\" \/>\n<meta name=\"twitter:label1\" content=\"Est. reading time\" \/>\n\t<meta name=\"twitter:data1\" content=\"1 minute\" \/>\n<script type=\"application\/ld+json\" class=\"yoast-schema-graph\">{\"@context\":\"https:\/\/schema.org\",\"@graph\":[{\"@type\":\"WebPage\",\"@id\":\"https:\/\/www.miomiorun.com\/es\/producto\/pro-hypervent-jacket-hombre\/\",\"url\":\"https:\/\/www.miomiorun.com\/es\/producto\/pro-hypervent-jacket-hombre\/\",\"name\":\"Pro Hypervent Jacket hombre - Chaqueta de running - MioMioRun\",\"isPartOf\":{\"@id\":\"https:\/\/www.miomiorun.com\/es\/#website\"},\"primaryImageOfPage\":{\"@id\":\"https:\/\/www.miomiorun.com\/es\/producto\/pro-hypervent-jacket-hombre\/#primaryimage\"},\"image\":{\"@id\":\"https:\/\/www.miomiorun.com\/es\/producto\/pro-hypervent-jacket-hombre\/#primaryimage\"},\"thumbnailUrl\":\"https:\/\/www.miomiorun.com\/app\/uploads\/2021\/05\/craft-Pro-hypervent-Jacket-1910410-663000.jpg\",\"datePublished\":\"2021-05-21T14:04:51+00:00\",\"dateModified\":\"2026-04-30T09:23:27+00:00\",\"description\":\"Esta chaqueta de running de alta tecnolog\u00eda est\u00e1 confeccionada con un tejido \u00abripstop\u00bb muy suave, ligero y transpirable.\",\"breadcrumb\":{\"@id\":\"https:\/\/www.miomiorun.com\/es\/producto\/pro-hypervent-jacket-hombre\/#breadcrumb\"},\"inLanguage\":\"es-ES\",\"potentialAction\":[{\"@type\":\"ReadAction\",\"target\":[\"https:\/\/www.miomiorun.com\/es\/producto\/pro-hypervent-jacket-hombre\/\"]}]},{\"@type\":\"ImageObject\",\"inLanguage\":\"es-ES\",\"@id\":\"https:\/\/www.miomiorun.com\/es\/producto\/pro-hypervent-jacket-hombre\/#primaryimage\",\"url\":\"https:\/\/www.miomiorun.com\/app\/uploads\/2021\/05\/craft-Pro-hypervent-Jacket-1910410-663000.jpg\",\"contentUrl\":\"https:\/\/www.miomiorun.com\/app\/uploads\/2021\/05\/craft-Pro-hypervent-Jacket-1910410-663000.jpg\",\"width\":600,\"height\":600,\"caption\":\"craft-Pro-hypervent-Jacket-1910410-663000\"},{\"@type\":\"BreadcrumbList\",\"@id\":\"https:\/\/www.miomiorun.com\/es\/producto\/pro-hypervent-jacket-hombre\/#breadcrumb\",\"itemListElement\":[{\"@type\":\"ListItem\",\"position\":1,\"name\":\"Home\",\"item\":\"https:\/\/www.miomiorun.com\/es\/\"},{\"@type\":\"ListItem\",\"position\":2,\"name\":\"Shop\",\"item\":\"https:\/\/www.miomiorun.com\/shop\/\"},{\"@type\":\"ListItem\",\"position\":3,\"name\":\"Pro Hypervent Jacket hombre\"}]},{\"@type\":\"WebSite\",\"@id\":\"https:\/\/www.miomiorun.com\/es\/#website\",\"url\":\"https:\/\/www.miomiorun.com\/es\/\",\"name\":\"MioMioRun\",\"description\":\"Tienda 100% running y trail\",\"publisher\":{\"@id\":\"https:\/\/www.miomiorun.com\/es\/#organization\"},\"potentialAction\":[{\"@type\":\"SearchAction\",\"target\":{\"@type\":\"EntryPoint\",\"urlTemplate\":\"https:\/\/www.miomiorun.com\/es\/?s={search_term_string}\"},\"query-input\":{\"@type\":\"PropertyValueSpecification\",\"valueRequired\":true,\"valueName\":\"search_term_string\"}}],\"inLanguage\":\"es-ES\"},{\"@type\":\"Organization\",\"@id\":\"https:\/\/www.miomiorun.com\/es\/#organization\",\"name\":\"MioMio Run\",\"url\":\"https:\/\/www.miomiorun.com\/es\/\",\"logo\":{\"@type\":\"ImageObject\",\"inLanguage\":\"es-ES\",\"@id\":\"https:\/\/www.miomiorun.com\/es\/#\/schema\/logo\/image\/\",\"url\":\"https:\/\/www.miomiorun.com\/app\/uploads\/2019\/12\/logomio.png\",\"contentUrl\":\"https:\/\/www.miomiorun.com\/app\/uploads\/2019\/12\/logomio.png\",\"width\":115,\"height\":82,\"caption\":\"MioMio Run\"},\"image\":{\"@id\":\"https:\/\/www.miomiorun.com\/es\/#\/schema\/logo\/image\/\"},\"sameAs\":[\"https:\/\/www.facebook.com\/miomiorun\/\",\"https:\/\/www.instagram.com\/miomiorun\/\"]}]}<\/script>\n<!-- \/ Yoast SEO plugin. -->","yoast_head_json":{"title":"Pro Hypervent Jacket hombre - Chaqueta de running - MioMioRun","description":"Esta chaqueta de running de alta tecnolog\u00eda est\u00e1 confeccionada con un tejido \u00abripstop\u00bb muy suave, ligero y transpirable.","robots":{"index":"index","follow":"follow","max-snippet":"max-snippet:-1","max-image-preview":"max-image-preview:large","max-video-preview":"max-video-preview:-1"},"canonical":"https:\/\/www.miomiorun.com\/es\/producto\/pro-hypervent-jacket-hombre\/","og_locale":"es_ES","og_type":"article","og_title":"Pro Hypervent Jacket hombre - Chaqueta de running - MioMioRun","og_description":"Esta chaqueta de running de alta tecnolog\u00eda est\u00e1 confeccionada con un tejido \u00abripstop\u00bb muy suave, ligero y transpirable.","og_url":"https:\/\/www.miomiorun.com\/es\/producto\/pro-hypervent-jacket-hombre\/","og_site_name":"MioMioRun","article_publisher":"https:\/\/www.facebook.com\/miomiorun\/","article_modified_time":"2026-04-30T09:23:27+00:00","og_image":[{"width":600,"height":600,"url":"https:\/\/www.miomiorun.com\/app\/uploads\/2021\/05\/craft-Pro-hypervent-Jacket-1910410-663000.jpg","type":"image\/jpeg"}],"twitter_card":"summary_large_image","twitter_misc":{"Est. reading time":"1 minute"},"schema":{"@context":"https:\/\/schema.org","@graph":[{"@type":"WebPage","@id":"https:\/\/www.miomiorun.com\/es\/producto\/pro-hypervent-jacket-hombre\/","url":"https:\/\/www.miomiorun.com\/es\/producto\/pro-hypervent-jacket-hombre\/","name":"Pro Hypervent Jacket hombre - Chaqueta de running - MioMioRun","isPartOf":{"@id":"https:\/\/www.miomiorun.com\/es\/#website"},"primaryImageOfPage":{"@id":"https:\/\/www.miomiorun.com\/es\/producto\/pro-hypervent-jacket-hombre\/#primaryimage"},"image":{"@id":"https:\/\/www.miomiorun.com\/es\/producto\/pro-hypervent-jacket-hombre\/#primaryimage"},"thumbnailUrl":"https:\/\/www.miomiorun.com\/app\/uploads\/2021\/05\/craft-Pro-hypervent-Jacket-1910410-663000.jpg","datePublished":"2021-05-21T14:04:51+00:00","dateModified":"2026-04-30T09:23:27+00:00","description":"Esta chaqueta de running de alta tecnolog\u00eda est\u00e1 confeccionada con un tejido \u00abripstop\u00bb muy suave, ligero y transpirable.","breadcrumb":{"@id":"https:\/\/www.miomiorun.com\/es\/producto\/pro-hypervent-jacket-hombre\/#breadcrumb"},"inLanguage":"es-ES","potentialAction":[{"@type":"ReadAction","target":["https:\/\/www.miomiorun.com\/es\/producto\/pro-hypervent-jacket-hombre\/"]}]},{"@type":"ImageObject","inLanguage":"es-ES","@id":"https:\/\/www.miomiorun.com\/es\/producto\/pro-hypervent-jacket-hombre\/#primaryimage","url":"https:\/\/www.miomiorun.com\/app\/uploads\/2021\/05\/craft-Pro-hypervent-Jacket-1910410-663000.jpg","contentUrl":"https:\/\/www.miomiorun.com\/app\/uploads\/2021\/05\/craft-Pro-hypervent-Jacket-1910410-663000.jpg","width":600,"height":600,"caption":"craft-Pro-hypervent-Jacket-1910410-663000"},{"@type":"BreadcrumbList","@id":"https:\/\/www.miomiorun.com\/es\/producto\/pro-hypervent-jacket-hombre\/#breadcrumb","itemListElement":[{"@type":"ListItem","position":1,"name":"Home","item":"https:\/\/www.miomiorun.com\/es\/"},{"@type":"ListItem","position":2,"name":"Shop","item":"https:\/\/www.miomiorun.com\/shop\/"},{"@type":"ListItem","position":3,"name":"Pro Hypervent Jacket hombre"}]},{"@type":"WebSite","@id":"https:\/\/www.miomiorun.com\/es\/#website","url":"https:\/\/www.miomiorun.com\/es\/","name":"MioMioRun","description":"Tienda 100% running y trail","publisher":{"@id":"https:\/\/www.miomiorun.com\/es\/#organization"},"potentialAction":[{"@type":"SearchAction","target":{"@type":"EntryPoint","urlTemplate":"https:\/\/www.miomiorun.com\/es\/?s={search_term_string}"},"query-input":{"@type":"PropertyValueSpecification","valueRequired":true,"valueName":"search_term_string"}}],"inLanguage":"es-ES"},{"@type":"Organization","@id":"https:\/\/www.miomiorun.com\/es\/#organization","name":"MioMio Run","url":"https:\/\/www.miomiorun.com\/es\/","logo":{"@type":"ImageObject","inLanguage":"es-ES","@id":"https:\/\/www.miomiorun.com\/es\/#\/schema\/logo\/image\/","url":"https:\/\/www.miomiorun.com\/app\/uploads\/2019\/12\/logomio.png","contentUrl":"https:\/\/www.miomiorun.com\/app\/uploads\/2019\/12\/logomio.png","width":115,"height":82,"caption":"MioMio Run"},"image":{"@id":"https:\/\/www.miomiorun.com\/es\/#\/schema\/logo\/image\/"},"sameAs":["https:\/\/www.facebook.com\/miomiorun\/","https:\/\/www.instagram.com\/miomiorun\/"]}]}},"_links":{"self":[{"href":"https:\/\/www.miomiorun.com\/es\/wp-json\/wp\/v2\/product\/277451","targetHints":{"allow":["GET"]}}],"collection":[{"href":"https:\/\/www.miomiorun.com\/es\/wp-json\/wp\/v2\/product"}],"about":[{"href":"https:\/\/www.miomiorun.com\/es\/wp-json\/wp\/v2\/types\/product"}],"wp:featuredmedia":[{"embeddable":true,"href":"https:\/\/www.miomiorun.com\/es\/wp-json\/wp\/v2\/media\/232230"}],"wp:attachment":[{"href":"https:\/\/www.miomiorun.com\/es\/wp-json\/wp\/v2\/media?parent=277451"}],"wp:term":[{"taxonomy":"product_brand","embeddable":true,"href":"https:\/\/www.miomiorun.com\/es\/wp-json\/wp\/v2\/product_brand?post=277451"},{"taxonomy":"product_cat","embeddable":true,"href":"https:\/\/www.miomiorun.com\/es\/wp-json\/wp\/v2\/product_cat?post=277451"},{"taxonomy":"product_tag","embeddable":true,"href":"https:\/\/www.miomiorun.com\/es\/wp-json\/wp\/v2\/product_tag?post=277451"}],"curies":[{"name":"wp","href":"https:\/\/api.w.org\/{rel}","templated":true}]}}