{"id":277420,"date":"2021-05-22T18:55:50","date_gmt":"2021-05-22T16:55:50","guid":{"rendered":"https:\/\/miomiorun.com\/prodotto\/cep-neon-mid-cut-socks-donna\/"},"modified":"2026-04-23T19:17:19","modified_gmt":"2026-04-23T17:17:19","slug":"cep-neon-mid-cut-socks-mujer","status":"publish","type":"product","link":"https:\/\/www.miomiorun.com\/es\/producto\/cep-neon-mid-cut-socks-mujer\/","title":{"rendered":"Neon Mid Cut socks mujer"},"content":{"rendered":"<p><strong>Longitud Mid-Cut de \u00faltima tendencia, colores fluorescentes y el efecto estimulante de la compresi\u00f3n media:<\/strong>\u00a0\u00a1disfruta de la gran comodidad de los calcetines Neon Compression Mid Cut con su efecto estabilizador! Los detalles de estos calcetines de compresi\u00f3n tampoco se quedan atr\u00e1s. Adem\u00e1s de su innovadora combinaci\u00f3n de materiales, destacan por su ajuste \u00f3ptimo y sus zonas de amortiguaci\u00f3n integradas.<\/p>\n<h3>Estimulaci\u00f3n profunda para una mayor estabilidad<\/h3>\n<p>La zona del pie y el tobillo de los corredores es un punto d\u00e9bil especialmente propenso a las lesiones. La compresi\u00f3n es una respuesta eficaz a este problema, ya que estimula las articulaciones en profundidad y las estabiliza.\u00a0<strong>De este modo se reduce el riesgo de lesiones\u00a0<\/strong>y, con ello, la probabilidad de tener que dejar de entrenar.<\/p>\n<h3>Material de alta tecnolog\u00eda y corte ajustado para evitar las ampollas<\/h3>\n<p>El ajuste ce\u00f1ido de los calcetines Neon Compression Mid Cut y su tejido el\u00e1stico ofrecen otra ventaja:\u00a0<strong>se reducen las molestas fricciones y la aparici\u00f3n de ampollas,<\/strong>\u00a0mientras que\u00a0<strong>la elevada transpirabilidad<\/strong>\u00a0 <strong>y la excelente regulaci\u00f3n t\u00e9rmica<\/strong>\u00a0completan la oferta. La comodidad est\u00e1 garantizada gracias a las zonas acolchadas que se adaptan a la anatom\u00eda del pie.<\/p>\n<h3>Colores fluorescentes llamativos para un look a la \u00faltima<\/h3>\n<p>Y, por \u00faltimo: adem\u00e1s de su funcionalidad, las medias de compresi\u00f3n para hombre destacan por su dise\u00f1o, ya que incorporan el look actual de la ropa deportiva en colores fluorescentes para llamar la atenci\u00f3n. Elige entre una gama de colores llamativos.<\/p>\n<p>\u00a1Aprovecha ahora las ventajas funcionales de los calcetines Neon Compression Mid Cut y dale un toque de frescura a tu look con detalles fluorescentes!<\/p>\n<h3>Caracter\u00edsticas del producto:<\/h3>\n<ul class=\"selling-points\">\n<li>El efecto de la compresi\u00f3n media estabiliza las articulaciones, lo que reduce el riesgo de lesiones durante los entrenamientos intensos.<\/li>\n<li>Su ajuste anat\u00f3mico ce\u00f1ido y su sujeci\u00f3n segura reducen la aparici\u00f3n de ampollas.<\/li>\n<li>Las zonas acolchadas situadas en la zona del pie aumentan la amortiguaci\u00f3n en los puntos anat\u00f3micamente importantes.<\/li>\n<\/ul>\n<p><strong>Materiales: <\/strong>86 % poliamida, 14 % elastano<\/p>\n","protected":false},"excerpt":{"rendered":"<p><span style=\"font-weight: 400\">Estabilidad optimizada en el tobillo. El hilo SMART DRY garantiza una mejor gesti\u00f3n de la humedad y la temperatura.<br \/>\n<\/span><\/p>\n","protected":false},"featured_media":232236,"template":"","meta":{"_acf_changed":false,"inline_featured_image":false},"product_brand":[],"product_cat":[24400,24401],"product_tag":[23468,23666],"class_list":{"0":"post-277420","1":"product","2":"type-product","3":"status-publish","4":"has-post-thumbnail","6":"product_cat-calcetines","7":"product_cat-ropa-de-mujer","8":"product_tag-cep-es","9":"product_tag-cep-mujer","10":"pa_attivita-caminar","11":"pa_attivita-running-es","12":"pa_colore-neon-compres-mid-cut-w-pink-es","13":"pa_colore-neon-compres-mid-cut-w-white-pink-es","14":"pa_marca-cep-es","15":"pa_sesso-mujer","16":"pa_size-37-40-es","17":"pa_size-40-43-es","19":"first","20":"instock","21":"taxable","22":"shipping-taxable","23":"purchasable","24":"product-type-variable","25":"wvs-archive-product-wrapper"},"acf":[],"yoast_head":"<!-- This site is optimized with the Yoast SEO plugin v26.8 - https:\/\/yoast.com\/product\/yoast-seo-wordpress\/ -->\n<title>Cep Neon Mid Cut socks mujer - Calze Running - MioMioRun.com<\/title>\n<meta name=\"description\" content=\"\u00a1Los calcetines de compresi\u00f3n de corte medio con su efecto estabilizador! Los detalles de estos calcetines de compresi\u00f3n tampoco se quedan atr\u00e1s.\" \/>\n<meta name=\"robots\" content=\"index, follow, max-snippet:-1, max-image-preview:large, max-video-preview:-1\" \/>\n<link rel=\"canonical\" href=\"https:\/\/www.miomiorun.com\/es\/producto\/cep-neon-mid-cut-socks-mujer\/\" \/>\n<meta property=\"og:locale\" content=\"es_ES\" \/>\n<meta property=\"og:type\" content=\"article\" \/>\n<meta property=\"og:title\" content=\"Cep Neon Mid Cut socks mujer - Calze Running - MioMioRun.com\" \/>\n<meta property=\"og:description\" content=\"\u00a1Los calcetines de compresi\u00f3n de corte medio con su efecto estabilizador! Los detalles de estos calcetines de compresi\u00f3n tampoco se quedan atr\u00e1s.\" \/>\n<meta property=\"og:url\" content=\"https:\/\/www.miomiorun.com\/es\/producto\/cep-neon-mid-cut-socks-mujer\/\" \/>\n<meta property=\"og:site_name\" content=\"MioMioRun\" \/>\n<meta property=\"article:publisher\" content=\"https:\/\/www.facebook.com\/miomiorun\/\" \/>\n<meta property=\"article:modified_time\" content=\"2026-04-23T17:17:19+00:00\" \/>\n<meta property=\"og:image\" content=\"https:\/\/www.miomiorun.com\/app\/uploads\/2021\/05\/cep-neon-compres.-mid-cut-W-WP2CCG.jpg\" \/>\n\t<meta property=\"og:image:width\" content=\"600\" \/>\n\t<meta property=\"og:image:height\" content=\"600\" \/>\n\t<meta property=\"og:image:type\" content=\"image\/jpeg\" \/>\n<meta name=\"twitter:card\" content=\"summary_large_image\" \/>\n<meta name=\"twitter:label1\" content=\"Est. reading time\" \/>\n\t<meta name=\"twitter:data1\" content=\"2 minutes\" \/>\n<script type=\"application\/ld+json\" class=\"yoast-schema-graph\">{\"@context\":\"https:\/\/schema.org\",\"@graph\":[{\"@type\":\"WebPage\",\"@id\":\"https:\/\/www.miomiorun.com\/es\/producto\/cep-neon-mid-cut-socks-mujer\/\",\"url\":\"https:\/\/www.miomiorun.com\/es\/producto\/cep-neon-mid-cut-socks-mujer\/\",\"name\":\"Cep Neon Mid Cut socks mujer - Calze Running - MioMioRun.com\",\"isPartOf\":{\"@id\":\"https:\/\/www.miomiorun.com\/es\/#website\"},\"primaryImageOfPage\":{\"@id\":\"https:\/\/www.miomiorun.com\/es\/producto\/cep-neon-mid-cut-socks-mujer\/#primaryimage\"},\"image\":{\"@id\":\"https:\/\/www.miomiorun.com\/es\/producto\/cep-neon-mid-cut-socks-mujer\/#primaryimage\"},\"thumbnailUrl\":\"https:\/\/www.miomiorun.com\/app\/uploads\/2021\/05\/cep-neon-compres.-mid-cut-W-WP2CCG.jpg\",\"datePublished\":\"2021-05-22T16:55:50+00:00\",\"dateModified\":\"2026-04-23T17:17:19+00:00\",\"description\":\"\u00a1Los calcetines de compresi\u00f3n de corte medio con su efecto estabilizador! Los detalles de estos calcetines de compresi\u00f3n tampoco se quedan atr\u00e1s.\",\"breadcrumb\":{\"@id\":\"https:\/\/www.miomiorun.com\/es\/producto\/cep-neon-mid-cut-socks-mujer\/#breadcrumb\"},\"inLanguage\":\"es-ES\",\"potentialAction\":[{\"@type\":\"ReadAction\",\"target\":[\"https:\/\/www.miomiorun.com\/es\/producto\/cep-neon-mid-cut-socks-mujer\/\"]}]},{\"@type\":\"ImageObject\",\"inLanguage\":\"es-ES\",\"@id\":\"https:\/\/www.miomiorun.com\/es\/producto\/cep-neon-mid-cut-socks-mujer\/#primaryimage\",\"url\":\"https:\/\/www.miomiorun.com\/app\/uploads\/2021\/05\/cep-neon-compres.-mid-cut-W-WP2CCG.jpg\",\"contentUrl\":\"https:\/\/www.miomiorun.com\/app\/uploads\/2021\/05\/cep-neon-compres.-mid-cut-W-WP2CCG.jpg\",\"width\":600,\"height\":600,\"caption\":\"cep-neon-compres.-mid-cut-W-WP2CCG\"},{\"@type\":\"BreadcrumbList\",\"@id\":\"https:\/\/www.miomiorun.com\/es\/producto\/cep-neon-mid-cut-socks-mujer\/#breadcrumb\",\"itemListElement\":[{\"@type\":\"ListItem\",\"position\":1,\"name\":\"Home\",\"item\":\"https:\/\/www.miomiorun.com\/es\/\"},{\"@type\":\"ListItem\",\"position\":2,\"name\":\"Shop\",\"item\":\"https:\/\/www.miomiorun.com\/shop\/\"},{\"@type\":\"ListItem\",\"position\":3,\"name\":\"Neon Mid Cut socks mujer\"}]},{\"@type\":\"WebSite\",\"@id\":\"https:\/\/www.miomiorun.com\/es\/#website\",\"url\":\"https:\/\/www.miomiorun.com\/es\/\",\"name\":\"MioMioRun\",\"description\":\"Tienda 100% running y trail\",\"publisher\":{\"@id\":\"https:\/\/www.miomiorun.com\/es\/#organization\"},\"potentialAction\":[{\"@type\":\"SearchAction\",\"target\":{\"@type\":\"EntryPoint\",\"urlTemplate\":\"https:\/\/www.miomiorun.com\/es\/?s={search_term_string}\"},\"query-input\":{\"@type\":\"PropertyValueSpecification\",\"valueRequired\":true,\"valueName\":\"search_term_string\"}}],\"inLanguage\":\"es-ES\"},{\"@type\":\"Organization\",\"@id\":\"https:\/\/www.miomiorun.com\/es\/#organization\",\"name\":\"MioMio Run\",\"url\":\"https:\/\/www.miomiorun.com\/es\/\",\"logo\":{\"@type\":\"ImageObject\",\"inLanguage\":\"es-ES\",\"@id\":\"https:\/\/www.miomiorun.com\/es\/#\/schema\/logo\/image\/\",\"url\":\"https:\/\/www.miomiorun.com\/app\/uploads\/2019\/12\/logomio.png\",\"contentUrl\":\"https:\/\/www.miomiorun.com\/app\/uploads\/2019\/12\/logomio.png\",\"width\":115,\"height\":82,\"caption\":\"MioMio Run\"},\"image\":{\"@id\":\"https:\/\/www.miomiorun.com\/es\/#\/schema\/logo\/image\/\"},\"sameAs\":[\"https:\/\/www.facebook.com\/miomiorun\/\",\"https:\/\/www.instagram.com\/miomiorun\/\"]}]}<\/script>\n<!-- \/ Yoast SEO plugin. -->","yoast_head_json":{"title":"Cep Neon Mid Cut socks mujer - Calze Running - MioMioRun.com","description":"\u00a1Los calcetines de compresi\u00f3n de corte medio con su efecto estabilizador! Los detalles de estos calcetines de compresi\u00f3n tampoco se quedan atr\u00e1s.","robots":{"index":"index","follow":"follow","max-snippet":"max-snippet:-1","max-image-preview":"max-image-preview:large","max-video-preview":"max-video-preview:-1"},"canonical":"https:\/\/www.miomiorun.com\/es\/producto\/cep-neon-mid-cut-socks-mujer\/","og_locale":"es_ES","og_type":"article","og_title":"Cep Neon Mid Cut socks mujer - Calze Running - MioMioRun.com","og_description":"\u00a1Los calcetines de compresi\u00f3n de corte medio con su efecto estabilizador! Los detalles de estos calcetines de compresi\u00f3n tampoco se quedan atr\u00e1s.","og_url":"https:\/\/www.miomiorun.com\/es\/producto\/cep-neon-mid-cut-socks-mujer\/","og_site_name":"MioMioRun","article_publisher":"https:\/\/www.facebook.com\/miomiorun\/","article_modified_time":"2026-04-23T17:17:19+00:00","og_image":[{"width":600,"height":600,"url":"https:\/\/www.miomiorun.com\/app\/uploads\/2021\/05\/cep-neon-compres.-mid-cut-W-WP2CCG.jpg","type":"image\/jpeg"}],"twitter_card":"summary_large_image","twitter_misc":{"Est. reading time":"2 minutes"},"schema":{"@context":"https:\/\/schema.org","@graph":[{"@type":"WebPage","@id":"https:\/\/www.miomiorun.com\/es\/producto\/cep-neon-mid-cut-socks-mujer\/","url":"https:\/\/www.miomiorun.com\/es\/producto\/cep-neon-mid-cut-socks-mujer\/","name":"Cep Neon Mid Cut socks mujer - Calze Running - MioMioRun.com","isPartOf":{"@id":"https:\/\/www.miomiorun.com\/es\/#website"},"primaryImageOfPage":{"@id":"https:\/\/www.miomiorun.com\/es\/producto\/cep-neon-mid-cut-socks-mujer\/#primaryimage"},"image":{"@id":"https:\/\/www.miomiorun.com\/es\/producto\/cep-neon-mid-cut-socks-mujer\/#primaryimage"},"thumbnailUrl":"https:\/\/www.miomiorun.com\/app\/uploads\/2021\/05\/cep-neon-compres.-mid-cut-W-WP2CCG.jpg","datePublished":"2021-05-22T16:55:50+00:00","dateModified":"2026-04-23T17:17:19+00:00","description":"\u00a1Los calcetines de compresi\u00f3n de corte medio con su efecto estabilizador! Los detalles de estos calcetines de compresi\u00f3n tampoco se quedan atr\u00e1s.","breadcrumb":{"@id":"https:\/\/www.miomiorun.com\/es\/producto\/cep-neon-mid-cut-socks-mujer\/#breadcrumb"},"inLanguage":"es-ES","potentialAction":[{"@type":"ReadAction","target":["https:\/\/www.miomiorun.com\/es\/producto\/cep-neon-mid-cut-socks-mujer\/"]}]},{"@type":"ImageObject","inLanguage":"es-ES","@id":"https:\/\/www.miomiorun.com\/es\/producto\/cep-neon-mid-cut-socks-mujer\/#primaryimage","url":"https:\/\/www.miomiorun.com\/app\/uploads\/2021\/05\/cep-neon-compres.-mid-cut-W-WP2CCG.jpg","contentUrl":"https:\/\/www.miomiorun.com\/app\/uploads\/2021\/05\/cep-neon-compres.-mid-cut-W-WP2CCG.jpg","width":600,"height":600,"caption":"cep-neon-compres.-mid-cut-W-WP2CCG"},{"@type":"BreadcrumbList","@id":"https:\/\/www.miomiorun.com\/es\/producto\/cep-neon-mid-cut-socks-mujer\/#breadcrumb","itemListElement":[{"@type":"ListItem","position":1,"name":"Home","item":"https:\/\/www.miomiorun.com\/es\/"},{"@type":"ListItem","position":2,"name":"Shop","item":"https:\/\/www.miomiorun.com\/shop\/"},{"@type":"ListItem","position":3,"name":"Neon Mid Cut socks mujer"}]},{"@type":"WebSite","@id":"https:\/\/www.miomiorun.com\/es\/#website","url":"https:\/\/www.miomiorun.com\/es\/","name":"MioMioRun","description":"Tienda 100% running y trail","publisher":{"@id":"https:\/\/www.miomiorun.com\/es\/#organization"},"potentialAction":[{"@type":"SearchAction","target":{"@type":"EntryPoint","urlTemplate":"https:\/\/www.miomiorun.com\/es\/?s={search_term_string}"},"query-input":{"@type":"PropertyValueSpecification","valueRequired":true,"valueName":"search_term_string"}}],"inLanguage":"es-ES"},{"@type":"Organization","@id":"https:\/\/www.miomiorun.com\/es\/#organization","name":"MioMio Run","url":"https:\/\/www.miomiorun.com\/es\/","logo":{"@type":"ImageObject","inLanguage":"es-ES","@id":"https:\/\/www.miomiorun.com\/es\/#\/schema\/logo\/image\/","url":"https:\/\/www.miomiorun.com\/app\/uploads\/2019\/12\/logomio.png","contentUrl":"https:\/\/www.miomiorun.com\/app\/uploads\/2019\/12\/logomio.png","width":115,"height":82,"caption":"MioMio Run"},"image":{"@id":"https:\/\/www.miomiorun.com\/es\/#\/schema\/logo\/image\/"},"sameAs":["https:\/\/www.facebook.com\/miomiorun\/","https:\/\/www.instagram.com\/miomiorun\/"]}]}},"_links":{"self":[{"href":"https:\/\/www.miomiorun.com\/es\/wp-json\/wp\/v2\/product\/277420","targetHints":{"allow":["GET"]}}],"collection":[{"href":"https:\/\/www.miomiorun.com\/es\/wp-json\/wp\/v2\/product"}],"about":[{"href":"https:\/\/www.miomiorun.com\/es\/wp-json\/wp\/v2\/types\/product"}],"wp:featuredmedia":[{"embeddable":true,"href":"https:\/\/www.miomiorun.com\/es\/wp-json\/wp\/v2\/media\/232236"}],"wp:attachment":[{"href":"https:\/\/www.miomiorun.com\/es\/wp-json\/wp\/v2\/media?parent=277420"}],"wp:term":[{"taxonomy":"product_brand","embeddable":true,"href":"https:\/\/www.miomiorun.com\/es\/wp-json\/wp\/v2\/product_brand?post=277420"},{"taxonomy":"product_cat","embeddable":true,"href":"https:\/\/www.miomiorun.com\/es\/wp-json\/wp\/v2\/product_cat?post=277420"},{"taxonomy":"product_tag","embeddable":true,"href":"https:\/\/www.miomiorun.com\/es\/wp-json\/wp\/v2\/product_tag?post=277420"}],"curies":[{"name":"wp","href":"https:\/\/api.w.org\/{rel}","templated":true}]}}