{"id":277386,"date":"2021-05-25T12:21:32","date_gmt":"2021-05-25T10:21:32","guid":{"rendered":"https:\/\/miomiorun.com\/prodotto\/cep-recovery-pro-socks-donna\/"},"modified":"2026-04-30T11:27:30","modified_gmt":"2026-04-30T09:27:30","slug":"cep-recovery-pro-socks-mujer","status":"publish","type":"product","link":"https:\/\/www.miomiorun.com\/es\/producto\/cep-recovery-pro-socks-mujer\/","title":{"rendered":"Recovery Pro Socks mujer"},"content":{"rendered":"<p>Los calcetines de compresi\u00f3n Recovery Pro te ayudan a superar tus l\u00edmites durante los entrenamientos. La <strong>compresi\u00f3n media espec\u00edfica&nbsp;<\/strong>optimiza tu rendimiento y te garantiza una&nbsp;<strong>recuperaci\u00f3n m\u00e1s r\u00e1pida.<\/strong>&nbsp;As\u00ed podr\u00e1s disfrutar tranquilamente de una tarde de compras o de una noche de fiesta incluso despu\u00e9s del entrenamiento. La innovadora combinaci\u00f3n de materiales proporciona una excelente sensaci\u00f3n de comodidad y un ajuste perfecto, que se nota incluso en tu tiempo libre, cuando no est\u00e1s entrenando.<\/p>\n<h3>Compresi\u00f3n espec\u00edfica para una mejor circulaci\u00f3n<\/h3>\n<p>Los calcetines de compresi\u00f3n Recovery Pro para mujer ejercen una presi\u00f3n espec\u00edfica, gracias a su corte ajustado con compresi\u00f3n suave que estimula el transporte de ox\u00edgeno y la circulaci\u00f3n. Tu&nbsp;<strong>musculatura recibe un aporte \u00f3ptimo de nutrientes<\/strong>&nbsp;y aguantas m\u00e1s tiempo durante los retos deportivos y en el d\u00eda a d\u00eda. Los calcetines de compresi\u00f3n Recovery Pro son adem\u00e1s los compa\u00f1eros ideales para viajar, ya que mantienen tus piernas frescas y ligeras incluso en vuelos de larga distancia.<\/p>\n<h3>Materiales innovadores para mayor comodidad<\/h3>\n<p>La mezcla de poliamida y un alto contenido de elastano mantiene los pies frescos y c\u00f3modos incluso durante largas jornadas y entrenamientos intensos. Los calcetines envuelven&nbsp;<strong>tus pies y piernas como una segunda piel.<\/strong>&nbsp;\u00a1Adi\u00f3s a las ampollas y a los puntos de presi\u00f3n!<\/p>\n<h3>Recuperaci\u00f3n f\u00e1cil: con los calcetines de compresi\u00f3n Recovery Pro para mujer<\/h3>\n<p>Despu\u00e9s de un entrenamiento intenso, necesitas un descanso. La compresi\u00f3n de medi reduce los tiempos de recuperaci\u00f3n gracias a un mejor aporte de nutrientes y&nbsp;<strong>favorece el proceso de recuperaci\u00f3n ya durante la actividad deportiva.<\/strong>&nbsp;\u00a1Tu pr\u00f3ximo entrenamiento est\u00e1 a la vuelta de la esquina!<\/p>\n<p>Camina como en las nubes con los calcetines de compresi\u00f3n Recovery Pro para mujer: con los pies ultraligeros y las piernas frescas.<\/p>\n<h3>Caracter\u00edsticas del producto:<\/h3>\n<ul class=\"selling-points\">\n<li>Recup\u00e9rate m\u00e1s r\u00e1pido tras esfuerzos intensos, gracias a una mayor eliminaci\u00f3n de toxinas.<\/li>\n<li>Disfruta de una gran comodidad gracias a su ajuste anat\u00f3mico y a la combinaci\u00f3n de materiales de alta calidad.<\/li>\n<li>La suave compresi\u00f3n mejora tu circulaci\u00f3n, proporcion\u00e1ndote unas piernas siempre frescas.<\/li>\n<\/ul>\n<p><strong>Material:<\/strong> 63 % poliamida, 37 % elastano<\/p>\n","protected":false},"excerpt":{"rendered":"<p>Los calcetines de compresi\u00f3n Recovery Pro te ayudan a superar tus l\u00edmites durante los entrenamientos. La compresi\u00f3n media espec\u00edfica&nbsp;optimiza tu rendimiento y te garantiza una&nbsp;recuperaci\u00f3n m\u00e1s r\u00e1pida.&nbsp;As\u00ed podr\u00e1s disfrutar tranquilamente de una tarde de compras o de una noche de fiesta incluso despu\u00e9s del entrenamiento. La innovadora combinaci\u00f3n de materiales proporciona una excelente sensaci\u00f3n de &hellip; <a href=\"https:\/\/www.miomiorun.com\/es\/producto\/cep-recovery-pro-socks-mujer\/\">Continued<\/a><\/p>\n","protected":false},"featured_media":232248,"template":"","meta":{"_acf_changed":false,"inline_featured_image":false},"product_brand":[],"product_cat":[24400,24401,24402],"product_tag":[23468,23666],"class_list":{"0":"post-277386","1":"product","2":"type-product","3":"status-publish","4":"has-post-thumbnail","6":"product_cat-calcetines","7":"product_cat-ropa-de-mujer","8":"product_cat-mujer","9":"product_tag-cep-es","10":"product_tag-cep-mujer","11":"pa_attivita-caminar","12":"pa_attivita-lifestyle-es","13":"pa_circonferenza-polpaccio-32-38-es","14":"pa_circonferenza-polpaccio-39-44-es","15":"pa_marca-cep-es","16":"pa_sesso-mujer","18":"first","19":"instock","20":"sale","21":"taxable","22":"shipping-taxable","23":"purchasable","24":"product-type-variable","25":"wvs-archive-product-wrapper"},"acf":[],"yoast_head":"<!-- This site is optimized with the Yoast SEO plugin v26.8 - https:\/\/yoast.com\/product\/yoast-seo-wordpress\/ -->\n<title>Cep Recovery Pro Socks mujer - Calcetines para correr - MioMioRun<\/title>\n<meta name=\"description\" content=\"Los calcetines de compresi\u00f3n Recovery Pro te ayudan a superar tus l\u00edmites durante los entrenamientos. Te permiten mejorar tu rendimiento.\" \/>\n<meta name=\"robots\" content=\"index, follow, max-snippet:-1, max-image-preview:large, max-video-preview:-1\" \/>\n<link rel=\"canonical\" href=\"https:\/\/www.miomiorun.com\/es\/producto\/cep-recovery-pro-socks-mujer\/\" \/>\n<meta property=\"og:locale\" content=\"es_ES\" \/>\n<meta property=\"og:type\" content=\"article\" \/>\n<meta property=\"og:title\" content=\"Cep Recovery Pro Socks mujer - Calcetines para correr - MioMioRun\" \/>\n<meta property=\"og:description\" content=\"Los calcetines de compresi\u00f3n Recovery Pro te ayudan a superar tus l\u00edmites durante los entrenamientos. Te permiten mejorar tu rendimiento.\" \/>\n<meta property=\"og:url\" content=\"https:\/\/www.miomiorun.com\/es\/producto\/cep-recovery-pro-socks-mujer\/\" \/>\n<meta property=\"og:site_name\" content=\"MioMioRun\" \/>\n<meta property=\"article:publisher\" content=\"https:\/\/www.facebook.com\/miomiorun\/\" \/>\n<meta property=\"article:modified_time\" content=\"2026-04-30T09:27:30+00:00\" \/>\n<meta property=\"og:image\" content=\"https:\/\/www.miomiorun.com\/app\/uploads\/2021\/05\/cep-socks-for-recovery-pro-WP405T.jpg\" \/>\n\t<meta property=\"og:image:width\" content=\"600\" \/>\n\t<meta property=\"og:image:height\" content=\"600\" \/>\n\t<meta property=\"og:image:type\" content=\"image\/jpeg\" \/>\n<meta name=\"twitter:card\" content=\"summary_large_image\" \/>\n<meta name=\"twitter:label1\" content=\"Est. reading time\" \/>\n\t<meta name=\"twitter:data1\" content=\"2 minutes\" \/>\n<script type=\"application\/ld+json\" class=\"yoast-schema-graph\">{\"@context\":\"https:\/\/schema.org\",\"@graph\":[{\"@type\":\"WebPage\",\"@id\":\"https:\/\/www.miomiorun.com\/es\/producto\/cep-recovery-pro-socks-mujer\/\",\"url\":\"https:\/\/www.miomiorun.com\/es\/producto\/cep-recovery-pro-socks-mujer\/\",\"name\":\"Cep Recovery Pro Socks mujer - Calcetines para correr - MioMioRun\",\"isPartOf\":{\"@id\":\"https:\/\/www.miomiorun.com\/es\/#website\"},\"primaryImageOfPage\":{\"@id\":\"https:\/\/www.miomiorun.com\/es\/producto\/cep-recovery-pro-socks-mujer\/#primaryimage\"},\"image\":{\"@id\":\"https:\/\/www.miomiorun.com\/es\/producto\/cep-recovery-pro-socks-mujer\/#primaryimage\"},\"thumbnailUrl\":\"https:\/\/www.miomiorun.com\/app\/uploads\/2021\/05\/cep-socks-for-recovery-pro-WP405T.jpg\",\"datePublished\":\"2021-05-25T10:21:32+00:00\",\"dateModified\":\"2026-04-30T09:27:30+00:00\",\"description\":\"Los calcetines de compresi\u00f3n Recovery Pro te ayudan a superar tus l\u00edmites durante los entrenamientos. Te permiten mejorar tu rendimiento.\",\"breadcrumb\":{\"@id\":\"https:\/\/www.miomiorun.com\/es\/producto\/cep-recovery-pro-socks-mujer\/#breadcrumb\"},\"inLanguage\":\"es-ES\",\"potentialAction\":[{\"@type\":\"ReadAction\",\"target\":[\"https:\/\/www.miomiorun.com\/es\/producto\/cep-recovery-pro-socks-mujer\/\"]}]},{\"@type\":\"ImageObject\",\"inLanguage\":\"es-ES\",\"@id\":\"https:\/\/www.miomiorun.com\/es\/producto\/cep-recovery-pro-socks-mujer\/#primaryimage\",\"url\":\"https:\/\/www.miomiorun.com\/app\/uploads\/2021\/05\/cep-socks-for-recovery-pro-WP405T.jpg\",\"contentUrl\":\"https:\/\/www.miomiorun.com\/app\/uploads\/2021\/05\/cep-socks-for-recovery-pro-WP405T.jpg\",\"width\":600,\"height\":600,\"caption\":\"cep-socks-for-recovery-pro-WP405T\"},{\"@type\":\"BreadcrumbList\",\"@id\":\"https:\/\/www.miomiorun.com\/es\/producto\/cep-recovery-pro-socks-mujer\/#breadcrumb\",\"itemListElement\":[{\"@type\":\"ListItem\",\"position\":1,\"name\":\"Home\",\"item\":\"https:\/\/www.miomiorun.com\/es\/\"},{\"@type\":\"ListItem\",\"position\":2,\"name\":\"Shop\",\"item\":\"https:\/\/www.miomiorun.com\/shop\/\"},{\"@type\":\"ListItem\",\"position\":3,\"name\":\"Recovery Pro Socks mujer\"}]},{\"@type\":\"WebSite\",\"@id\":\"https:\/\/www.miomiorun.com\/es\/#website\",\"url\":\"https:\/\/www.miomiorun.com\/es\/\",\"name\":\"MioMioRun\",\"description\":\"Tienda 100% running y trail\",\"publisher\":{\"@id\":\"https:\/\/www.miomiorun.com\/es\/#organization\"},\"potentialAction\":[{\"@type\":\"SearchAction\",\"target\":{\"@type\":\"EntryPoint\",\"urlTemplate\":\"https:\/\/www.miomiorun.com\/es\/?s={search_term_string}\"},\"query-input\":{\"@type\":\"PropertyValueSpecification\",\"valueRequired\":true,\"valueName\":\"search_term_string\"}}],\"inLanguage\":\"es-ES\"},{\"@type\":\"Organization\",\"@id\":\"https:\/\/www.miomiorun.com\/es\/#organization\",\"name\":\"MioMio Run\",\"url\":\"https:\/\/www.miomiorun.com\/es\/\",\"logo\":{\"@type\":\"ImageObject\",\"inLanguage\":\"es-ES\",\"@id\":\"https:\/\/www.miomiorun.com\/es\/#\/schema\/logo\/image\/\",\"url\":\"https:\/\/www.miomiorun.com\/app\/uploads\/2019\/12\/logomio.png\",\"contentUrl\":\"https:\/\/www.miomiorun.com\/app\/uploads\/2019\/12\/logomio.png\",\"width\":115,\"height\":82,\"caption\":\"MioMio Run\"},\"image\":{\"@id\":\"https:\/\/www.miomiorun.com\/es\/#\/schema\/logo\/image\/\"},\"sameAs\":[\"https:\/\/www.facebook.com\/miomiorun\/\",\"https:\/\/www.instagram.com\/miomiorun\/\"]}]}<\/script>\n<!-- \/ Yoast SEO plugin. -->","yoast_head_json":{"title":"Cep Recovery Pro Socks mujer - Calcetines para correr - MioMioRun","description":"Los calcetines de compresi\u00f3n Recovery Pro te ayudan a superar tus l\u00edmites durante los entrenamientos. Te permiten mejorar tu rendimiento.","robots":{"index":"index","follow":"follow","max-snippet":"max-snippet:-1","max-image-preview":"max-image-preview:large","max-video-preview":"max-video-preview:-1"},"canonical":"https:\/\/www.miomiorun.com\/es\/producto\/cep-recovery-pro-socks-mujer\/","og_locale":"es_ES","og_type":"article","og_title":"Cep Recovery Pro Socks mujer - Calcetines para correr - MioMioRun","og_description":"Los calcetines de compresi\u00f3n Recovery Pro te ayudan a superar tus l\u00edmites durante los entrenamientos. Te permiten mejorar tu rendimiento.","og_url":"https:\/\/www.miomiorun.com\/es\/producto\/cep-recovery-pro-socks-mujer\/","og_site_name":"MioMioRun","article_publisher":"https:\/\/www.facebook.com\/miomiorun\/","article_modified_time":"2026-04-30T09:27:30+00:00","og_image":[{"width":600,"height":600,"url":"https:\/\/www.miomiorun.com\/app\/uploads\/2021\/05\/cep-socks-for-recovery-pro-WP405T.jpg","type":"image\/jpeg"}],"twitter_card":"summary_large_image","twitter_misc":{"Est. reading time":"2 minutes"},"schema":{"@context":"https:\/\/schema.org","@graph":[{"@type":"WebPage","@id":"https:\/\/www.miomiorun.com\/es\/producto\/cep-recovery-pro-socks-mujer\/","url":"https:\/\/www.miomiorun.com\/es\/producto\/cep-recovery-pro-socks-mujer\/","name":"Cep Recovery Pro Socks mujer - Calcetines para correr - MioMioRun","isPartOf":{"@id":"https:\/\/www.miomiorun.com\/es\/#website"},"primaryImageOfPage":{"@id":"https:\/\/www.miomiorun.com\/es\/producto\/cep-recovery-pro-socks-mujer\/#primaryimage"},"image":{"@id":"https:\/\/www.miomiorun.com\/es\/producto\/cep-recovery-pro-socks-mujer\/#primaryimage"},"thumbnailUrl":"https:\/\/www.miomiorun.com\/app\/uploads\/2021\/05\/cep-socks-for-recovery-pro-WP405T.jpg","datePublished":"2021-05-25T10:21:32+00:00","dateModified":"2026-04-30T09:27:30+00:00","description":"Los calcetines de compresi\u00f3n Recovery Pro te ayudan a superar tus l\u00edmites durante los entrenamientos. Te permiten mejorar tu rendimiento.","breadcrumb":{"@id":"https:\/\/www.miomiorun.com\/es\/producto\/cep-recovery-pro-socks-mujer\/#breadcrumb"},"inLanguage":"es-ES","potentialAction":[{"@type":"ReadAction","target":["https:\/\/www.miomiorun.com\/es\/producto\/cep-recovery-pro-socks-mujer\/"]}]},{"@type":"ImageObject","inLanguage":"es-ES","@id":"https:\/\/www.miomiorun.com\/es\/producto\/cep-recovery-pro-socks-mujer\/#primaryimage","url":"https:\/\/www.miomiorun.com\/app\/uploads\/2021\/05\/cep-socks-for-recovery-pro-WP405T.jpg","contentUrl":"https:\/\/www.miomiorun.com\/app\/uploads\/2021\/05\/cep-socks-for-recovery-pro-WP405T.jpg","width":600,"height":600,"caption":"cep-socks-for-recovery-pro-WP405T"},{"@type":"BreadcrumbList","@id":"https:\/\/www.miomiorun.com\/es\/producto\/cep-recovery-pro-socks-mujer\/#breadcrumb","itemListElement":[{"@type":"ListItem","position":1,"name":"Home","item":"https:\/\/www.miomiorun.com\/es\/"},{"@type":"ListItem","position":2,"name":"Shop","item":"https:\/\/www.miomiorun.com\/shop\/"},{"@type":"ListItem","position":3,"name":"Recovery Pro Socks mujer"}]},{"@type":"WebSite","@id":"https:\/\/www.miomiorun.com\/es\/#website","url":"https:\/\/www.miomiorun.com\/es\/","name":"MioMioRun","description":"Tienda 100% running y trail","publisher":{"@id":"https:\/\/www.miomiorun.com\/es\/#organization"},"potentialAction":[{"@type":"SearchAction","target":{"@type":"EntryPoint","urlTemplate":"https:\/\/www.miomiorun.com\/es\/?s={search_term_string}"},"query-input":{"@type":"PropertyValueSpecification","valueRequired":true,"valueName":"search_term_string"}}],"inLanguage":"es-ES"},{"@type":"Organization","@id":"https:\/\/www.miomiorun.com\/es\/#organization","name":"MioMio Run","url":"https:\/\/www.miomiorun.com\/es\/","logo":{"@type":"ImageObject","inLanguage":"es-ES","@id":"https:\/\/www.miomiorun.com\/es\/#\/schema\/logo\/image\/","url":"https:\/\/www.miomiorun.com\/app\/uploads\/2019\/12\/logomio.png","contentUrl":"https:\/\/www.miomiorun.com\/app\/uploads\/2019\/12\/logomio.png","width":115,"height":82,"caption":"MioMio Run"},"image":{"@id":"https:\/\/www.miomiorun.com\/es\/#\/schema\/logo\/image\/"},"sameAs":["https:\/\/www.facebook.com\/miomiorun\/","https:\/\/www.instagram.com\/miomiorun\/"]}]}},"_links":{"self":[{"href":"https:\/\/www.miomiorun.com\/es\/wp-json\/wp\/v2\/product\/277386","targetHints":{"allow":["GET"]}}],"collection":[{"href":"https:\/\/www.miomiorun.com\/es\/wp-json\/wp\/v2\/product"}],"about":[{"href":"https:\/\/www.miomiorun.com\/es\/wp-json\/wp\/v2\/types\/product"}],"wp:featuredmedia":[{"embeddable":true,"href":"https:\/\/www.miomiorun.com\/es\/wp-json\/wp\/v2\/media\/232248"}],"wp:attachment":[{"href":"https:\/\/www.miomiorun.com\/es\/wp-json\/wp\/v2\/media?parent=277386"}],"wp:term":[{"taxonomy":"product_brand","embeddable":true,"href":"https:\/\/www.miomiorun.com\/es\/wp-json\/wp\/v2\/product_brand?post=277386"},{"taxonomy":"product_cat","embeddable":true,"href":"https:\/\/www.miomiorun.com\/es\/wp-json\/wp\/v2\/product_cat?post=277386"},{"taxonomy":"product_tag","embeddable":true,"href":"https:\/\/www.miomiorun.com\/es\/wp-json\/wp\/v2\/product_tag?post=277386"}],"curies":[{"name":"wp","href":"https:\/\/api.w.org\/{rel}","templated":true}]}}