{"id":277348,"date":"2021-05-26T11:21:47","date_gmt":"2021-05-26T09:21:47","guid":{"rendered":"https:\/\/miomiorun.com\/prodotto\/cep-run-socks-ultralight-uomo\/"},"modified":"2025-11-18T18:47:45","modified_gmt":"2025-11-18T17:47:45","slug":"cep-run-socks-ultralight-uomo","status":"publish","type":"product","link":"https:\/\/www.miomiorun.com\/es\/producto\/cep-run-socks-ultralight-uomo\/","title":{"rendered":"Run Socks Ultralight uomo"},"content":{"rendered":"<p>Alta performance e leggerezza: con gli Ultralight Socks raggiungi i tuoi traguardi in solo due passi. Da una parte approfitti della\u00a0<strong>compressione che aumenta la performance,<\/strong>\u00a0mentre dall\u2019altra ti godi la sensazione del\u00a0<strong>materiale ultra leggero ed estremamente traspirante.<\/strong>\u00a0Una vestibilit\u00e0 perfetta con punta del piede asimmetrica completa il pacchetto.<\/p>\n<h3>Pi\u00f9 energia e forza grazie alla riduzione delle vibrazioni muscolari<\/h3>\n<p>La differenza si fa sentire gi\u00e0 ai primi passi: gli Ultralight Socks da uomo riducono le vibrazioni muscolari grazie alla compressione. Potrai godere di un aumento di forza e uno spreco minore di energia. Un altro effetto piacevole dei calzini compressivi ultra leggeri \u00e8 la sensazione migliorata durante corse di qualunque distanza.<\/p>\n<h3>Circolazione migliorata per pi\u00f9 performance e gambe leggere<\/h3>\n<p>La medi compression innovativa procura una circolazione pi\u00f9 efficace della muscolatura. In concreto: i nutrienti raggiungono la muscolatura pi\u00f9 in fretta e\u00a0<strong>il tuo fisico elimina le tossine pi\u00f9 rapidamente.<\/strong>\u00a0Le tue gambe saranno percettibilmente pi\u00f9 leggere con gli Ultralight Socks e la tua performance raggiunger\u00e0 livelli pi\u00f9 alti.<\/p>\n<h3>Scopri il comfort perfetto e la vestibilit\u00e0 ottimizzata<\/h3>\n<p>Gli Ultralight Socks sono composti da un materiale ultra sottile con imbottitura minima, diventando cos\u00ec il collegamento ideale fra i tuoi piedi e scarpe da corsa aderenti.\u00a0<strong>La comparsa di vesciche viene ridotta.<\/strong>\u00a0Le fibre di carbonio integrate assicurano un\u2019alta stabilit\u00e0 del tessuto. I calzini compressivi da uomo convincono con la loro traspirabilit\u00e0 anche quando le temperature salgono.<\/p>\n<p>Scopri il pieno potenziale della tua performance senza compromessi con l\u2019innovazione degli Ultralight Socks da uomo!<\/p>\n<h3>Caratteristiche del prodotto:<\/h3>\n<ul class=\"selling-points\">\n<li>L\u2019effetto compressivo degli Ultralight Socks riduce le vibrazioni muscolari, per pi\u00f9 forza ed energia!<\/li>\n<li>La circolazione aumentata migliora l\u2019apporto di nutrienti ai muscoli. Il risultato: effetto Feel-Good e pi\u00f9 performance!<\/li>\n<li>Il tessuto hi-tech misto e la vestibilit\u00e0 aderente assicurano una calzata perfetta e riducono la comparsa di vesciche.<\/li>\n<\/ul>\n<p><strong>Materiali:<\/strong>60 % poliammide, 25 % elastan, 15 % polipropilene<\/p>\n","protected":false},"excerpt":{"rendered":"<p>Alta performance e leggerezza: con gli Ultralight Socks raggiungi i tuoi traguardi in solo due passi. Da una parte approfitti della\u00a0compressione che aumenta la performance,\u00a0mentre dall\u2019altra ti godi la sensazione del\u00a0materiale ultra leggero ed estremamente traspirante.\u00a0Una vestibilit\u00e0 perfetta con punta del piede asimmetrica completa il pacchetto. Pi\u00f9 energia e forza grazie alla riduzione delle vibrazioni &hellip; <a href=\"https:\/\/www.miomiorun.com\/es\/producto\/cep-run-socks-ultralight-uomo\/\">Continued<\/a><\/p>\n","protected":false},"featured_media":232254,"template":"","meta":{"_acf_changed":false,"inline_featured_image":false},"product_brand":[],"product_cat":[24462,24463,24464],"product_tag":[23468,23665],"class_list":{"0":"post-277348","1":"product","2":"type-product","3":"status-publish","4":"has-post-thumbnail","6":"product_cat-calcetines-es-2","7":"product_cat-ropa-de-hombre-es","8":"product_cat-hombre","9":"product_tag-cep-es","10":"product_tag-cep-hombre","11":"pa_attivita-running-es","12":"pa_attivita-trail-es","13":"pa_circonferenza-polpaccio-39-44-es","14":"pa_circonferenza-polpaccio-45-51-es-2","15":"pa_colore-run-socks-ultralight-lave-red-es","16":"pa_colore-run-socks-ultralight-m-black-greey-es","17":"pa_marca-cep-es","18":"pa_sesso-hombre","20":"first","21":"instock","22":"sale","23":"taxable","24":"shipping-taxable","25":"purchasable","26":"product-type-variable","27":"wvs-archive-product-wrapper"},"acf":[],"yoast_head":"<!-- This site is optimized with the Yoast SEO plugin v26.8 - https:\/\/yoast.com\/product\/yoast-seo-wordpress\/ -->\n<title>Cep Run Socks Ultralight uomo - Calze Running uomo - MioMioRun .com<\/title>\n<meta name=\"description\" content=\"Alta performance e leggerezza: con gli Ultralight Socks raggiungi i tuoi traguardi in solo due passi.Una vestibilit\u00e0 perfetta.\" \/>\n<meta name=\"robots\" content=\"index, follow, max-snippet:-1, max-image-preview:large, max-video-preview:-1\" \/>\n<link rel=\"canonical\" href=\"https:\/\/www.miomiorun.com\/es\/producto\/cep-run-socks-ultralight-uomo\/\" \/>\n<meta property=\"og:locale\" content=\"es_ES\" \/>\n<meta property=\"og:type\" content=\"article\" \/>\n<meta property=\"og:title\" content=\"Cep Run Socks Ultralight uomo - Calze Running uomo - MioMioRun .com\" \/>\n<meta property=\"og:description\" content=\"Alta performance e leggerezza: con gli Ultralight Socks raggiungi i tuoi traguardi in solo due passi.Una vestibilit\u00e0 perfetta.\" \/>\n<meta property=\"og:url\" content=\"https:\/\/www.miomiorun.com\/es\/producto\/cep-run-socks-ultralight-uomo\/\" \/>\n<meta property=\"og:site_name\" content=\"MioMioRun\" \/>\n<meta property=\"article:publisher\" content=\"https:\/\/www.facebook.com\/miomiorun\/\" \/>\n<meta property=\"article:modified_time\" content=\"2025-11-18T17:47:45+00:00\" \/>\n<meta property=\"og:image\" content=\"https:\/\/www.miomiorun.com\/app\/uploads\/2021\/05\/cep-Run-socks-ultralight-WP50KY.jpg\" \/>\n\t<meta property=\"og:image:width\" content=\"600\" \/>\n\t<meta property=\"og:image:height\" content=\"600\" \/>\n\t<meta property=\"og:image:type\" content=\"image\/jpeg\" \/>\n<meta name=\"twitter:card\" content=\"summary_large_image\" \/>\n<meta name=\"twitter:label1\" content=\"Est. reading time\" \/>\n\t<meta name=\"twitter:data1\" content=\"2 minutes\" \/>\n<script type=\"application\/ld+json\" class=\"yoast-schema-graph\">{\"@context\":\"https:\/\/schema.org\",\"@graph\":[{\"@type\":\"WebPage\",\"@id\":\"https:\/\/www.miomiorun.com\/es\/producto\/cep-run-socks-ultralight-uomo\/\",\"url\":\"https:\/\/www.miomiorun.com\/es\/producto\/cep-run-socks-ultralight-uomo\/\",\"name\":\"Cep Run Socks Ultralight uomo - Calze Running uomo - MioMioRun .com\",\"isPartOf\":{\"@id\":\"https:\/\/www.miomiorun.com\/es\/#website\"},\"primaryImageOfPage\":{\"@id\":\"https:\/\/www.miomiorun.com\/es\/producto\/cep-run-socks-ultralight-uomo\/#primaryimage\"},\"image\":{\"@id\":\"https:\/\/www.miomiorun.com\/es\/producto\/cep-run-socks-ultralight-uomo\/#primaryimage\"},\"thumbnailUrl\":\"https:\/\/www.miomiorun.com\/app\/uploads\/2021\/05\/cep-Run-socks-ultralight-WP50KY.jpg\",\"datePublished\":\"2021-05-26T09:21:47+00:00\",\"dateModified\":\"2025-11-18T17:47:45+00:00\",\"description\":\"Alta performance e leggerezza: con gli Ultralight Socks raggiungi i tuoi traguardi in solo due passi.Una vestibilit\u00e0 perfetta.\",\"breadcrumb\":{\"@id\":\"https:\/\/www.miomiorun.com\/es\/producto\/cep-run-socks-ultralight-uomo\/#breadcrumb\"},\"inLanguage\":\"es-ES\",\"potentialAction\":[{\"@type\":\"ReadAction\",\"target\":[\"https:\/\/www.miomiorun.com\/es\/producto\/cep-run-socks-ultralight-uomo\/\"]}]},{\"@type\":\"ImageObject\",\"inLanguage\":\"es-ES\",\"@id\":\"https:\/\/www.miomiorun.com\/es\/producto\/cep-run-socks-ultralight-uomo\/#primaryimage\",\"url\":\"https:\/\/www.miomiorun.com\/app\/uploads\/2021\/05\/cep-Run-socks-ultralight-WP50KY.jpg\",\"contentUrl\":\"https:\/\/www.miomiorun.com\/app\/uploads\/2021\/05\/cep-Run-socks-ultralight-WP50KY.jpg\",\"width\":600,\"height\":600,\"caption\":\"cep-Run-socks-ultralight-WP50KY\"},{\"@type\":\"BreadcrumbList\",\"@id\":\"https:\/\/www.miomiorun.com\/es\/producto\/cep-run-socks-ultralight-uomo\/#breadcrumb\",\"itemListElement\":[{\"@type\":\"ListItem\",\"position\":1,\"name\":\"Home\",\"item\":\"https:\/\/www.miomiorun.com\/es\/\"},{\"@type\":\"ListItem\",\"position\":2,\"name\":\"Shop\",\"item\":\"https:\/\/www.miomiorun.com\/shop\/\"},{\"@type\":\"ListItem\",\"position\":3,\"name\":\"Run Socks Ultralight uomo\"}]},{\"@type\":\"WebSite\",\"@id\":\"https:\/\/www.miomiorun.com\/es\/#website\",\"url\":\"https:\/\/www.miomiorun.com\/es\/\",\"name\":\"MioMioRun\",\"description\":\"Tienda 100% running y trail\",\"publisher\":{\"@id\":\"https:\/\/www.miomiorun.com\/es\/#organization\"},\"potentialAction\":[{\"@type\":\"SearchAction\",\"target\":{\"@type\":\"EntryPoint\",\"urlTemplate\":\"https:\/\/www.miomiorun.com\/es\/?s={search_term_string}\"},\"query-input\":{\"@type\":\"PropertyValueSpecification\",\"valueRequired\":true,\"valueName\":\"search_term_string\"}}],\"inLanguage\":\"es-ES\"},{\"@type\":\"Organization\",\"@id\":\"https:\/\/www.miomiorun.com\/es\/#organization\",\"name\":\"MioMio Run\",\"url\":\"https:\/\/www.miomiorun.com\/es\/\",\"logo\":{\"@type\":\"ImageObject\",\"inLanguage\":\"es-ES\",\"@id\":\"https:\/\/www.miomiorun.com\/es\/#\/schema\/logo\/image\/\",\"url\":\"https:\/\/www.miomiorun.com\/app\/uploads\/2019\/12\/logomio.png\",\"contentUrl\":\"https:\/\/www.miomiorun.com\/app\/uploads\/2019\/12\/logomio.png\",\"width\":115,\"height\":82,\"caption\":\"MioMio Run\"},\"image\":{\"@id\":\"https:\/\/www.miomiorun.com\/es\/#\/schema\/logo\/image\/\"},\"sameAs\":[\"https:\/\/www.facebook.com\/miomiorun\/\",\"https:\/\/www.instagram.com\/miomiorun\/\"]}]}<\/script>\n<!-- \/ Yoast SEO plugin. -->","yoast_head_json":{"title":"Cep Run Socks Ultralight uomo - Calze Running uomo - MioMioRun .com","description":"Alta performance e leggerezza: con gli Ultralight Socks raggiungi i tuoi traguardi in solo due passi.Una vestibilit\u00e0 perfetta.","robots":{"index":"index","follow":"follow","max-snippet":"max-snippet:-1","max-image-preview":"max-image-preview:large","max-video-preview":"max-video-preview:-1"},"canonical":"https:\/\/www.miomiorun.com\/es\/producto\/cep-run-socks-ultralight-uomo\/","og_locale":"es_ES","og_type":"article","og_title":"Cep Run Socks Ultralight uomo - Calze Running uomo - MioMioRun .com","og_description":"Alta performance e leggerezza: con gli Ultralight Socks raggiungi i tuoi traguardi in solo due passi.Una vestibilit\u00e0 perfetta.","og_url":"https:\/\/www.miomiorun.com\/es\/producto\/cep-run-socks-ultralight-uomo\/","og_site_name":"MioMioRun","article_publisher":"https:\/\/www.facebook.com\/miomiorun\/","article_modified_time":"2025-11-18T17:47:45+00:00","og_image":[{"width":600,"height":600,"url":"https:\/\/www.miomiorun.com\/app\/uploads\/2021\/05\/cep-Run-socks-ultralight-WP50KY.jpg","type":"image\/jpeg"}],"twitter_card":"summary_large_image","twitter_misc":{"Est. reading time":"2 minutes"},"schema":{"@context":"https:\/\/schema.org","@graph":[{"@type":"WebPage","@id":"https:\/\/www.miomiorun.com\/es\/producto\/cep-run-socks-ultralight-uomo\/","url":"https:\/\/www.miomiorun.com\/es\/producto\/cep-run-socks-ultralight-uomo\/","name":"Cep Run Socks Ultralight uomo - Calze Running uomo - MioMioRun .com","isPartOf":{"@id":"https:\/\/www.miomiorun.com\/es\/#website"},"primaryImageOfPage":{"@id":"https:\/\/www.miomiorun.com\/es\/producto\/cep-run-socks-ultralight-uomo\/#primaryimage"},"image":{"@id":"https:\/\/www.miomiorun.com\/es\/producto\/cep-run-socks-ultralight-uomo\/#primaryimage"},"thumbnailUrl":"https:\/\/www.miomiorun.com\/app\/uploads\/2021\/05\/cep-Run-socks-ultralight-WP50KY.jpg","datePublished":"2021-05-26T09:21:47+00:00","dateModified":"2025-11-18T17:47:45+00:00","description":"Alta performance e leggerezza: con gli Ultralight Socks raggiungi i tuoi traguardi in solo due passi.Una vestibilit\u00e0 perfetta.","breadcrumb":{"@id":"https:\/\/www.miomiorun.com\/es\/producto\/cep-run-socks-ultralight-uomo\/#breadcrumb"},"inLanguage":"es-ES","potentialAction":[{"@type":"ReadAction","target":["https:\/\/www.miomiorun.com\/es\/producto\/cep-run-socks-ultralight-uomo\/"]}]},{"@type":"ImageObject","inLanguage":"es-ES","@id":"https:\/\/www.miomiorun.com\/es\/producto\/cep-run-socks-ultralight-uomo\/#primaryimage","url":"https:\/\/www.miomiorun.com\/app\/uploads\/2021\/05\/cep-Run-socks-ultralight-WP50KY.jpg","contentUrl":"https:\/\/www.miomiorun.com\/app\/uploads\/2021\/05\/cep-Run-socks-ultralight-WP50KY.jpg","width":600,"height":600,"caption":"cep-Run-socks-ultralight-WP50KY"},{"@type":"BreadcrumbList","@id":"https:\/\/www.miomiorun.com\/es\/producto\/cep-run-socks-ultralight-uomo\/#breadcrumb","itemListElement":[{"@type":"ListItem","position":1,"name":"Home","item":"https:\/\/www.miomiorun.com\/es\/"},{"@type":"ListItem","position":2,"name":"Shop","item":"https:\/\/www.miomiorun.com\/shop\/"},{"@type":"ListItem","position":3,"name":"Run Socks Ultralight uomo"}]},{"@type":"WebSite","@id":"https:\/\/www.miomiorun.com\/es\/#website","url":"https:\/\/www.miomiorun.com\/es\/","name":"MioMioRun","description":"Tienda 100% running y trail","publisher":{"@id":"https:\/\/www.miomiorun.com\/es\/#organization"},"potentialAction":[{"@type":"SearchAction","target":{"@type":"EntryPoint","urlTemplate":"https:\/\/www.miomiorun.com\/es\/?s={search_term_string}"},"query-input":{"@type":"PropertyValueSpecification","valueRequired":true,"valueName":"search_term_string"}}],"inLanguage":"es-ES"},{"@type":"Organization","@id":"https:\/\/www.miomiorun.com\/es\/#organization","name":"MioMio Run","url":"https:\/\/www.miomiorun.com\/es\/","logo":{"@type":"ImageObject","inLanguage":"es-ES","@id":"https:\/\/www.miomiorun.com\/es\/#\/schema\/logo\/image\/","url":"https:\/\/www.miomiorun.com\/app\/uploads\/2019\/12\/logomio.png","contentUrl":"https:\/\/www.miomiorun.com\/app\/uploads\/2019\/12\/logomio.png","width":115,"height":82,"caption":"MioMio Run"},"image":{"@id":"https:\/\/www.miomiorun.com\/es\/#\/schema\/logo\/image\/"},"sameAs":["https:\/\/www.facebook.com\/miomiorun\/","https:\/\/www.instagram.com\/miomiorun\/"]}]}},"_links":{"self":[{"href":"https:\/\/www.miomiorun.com\/es\/wp-json\/wp\/v2\/product\/277348","targetHints":{"allow":["GET"]}}],"collection":[{"href":"https:\/\/www.miomiorun.com\/es\/wp-json\/wp\/v2\/product"}],"about":[{"href":"https:\/\/www.miomiorun.com\/es\/wp-json\/wp\/v2\/types\/product"}],"wp:featuredmedia":[{"embeddable":true,"href":"https:\/\/www.miomiorun.com\/es\/wp-json\/wp\/v2\/media\/232254"}],"wp:attachment":[{"href":"https:\/\/www.miomiorun.com\/es\/wp-json\/wp\/v2\/media?parent=277348"}],"wp:term":[{"taxonomy":"product_brand","embeddable":true,"href":"https:\/\/www.miomiorun.com\/es\/wp-json\/wp\/v2\/product_brand?post=277348"},{"taxonomy":"product_cat","embeddable":true,"href":"https:\/\/www.miomiorun.com\/es\/wp-json\/wp\/v2\/product_cat?post=277348"},{"taxonomy":"product_tag","embeddable":true,"href":"https:\/\/www.miomiorun.com\/es\/wp-json\/wp\/v2\/product_tag?post=277348"}],"curies":[{"name":"wp","href":"https:\/\/api.w.org\/{rel}","templated":true}]}}