{"id":277316,"date":"2021-05-27T09:58:31","date_gmt":"2021-05-27T07:58:31","guid":{"rendered":"https:\/\/miomiorun.com\/prodotto\/cep-sleeves-ultralight-pro-uomo\/"},"modified":"2026-04-30T11:32:00","modified_gmt":"2026-04-30T09:32:00","slug":"cep-sleeves-ultralight-pro-hombre","status":"publish","type":"product","link":"https:\/\/www.miomiorun.com\/es\/producto\/cep-sleeves-ultralight-pro-hombre\/","title":{"rendered":"Sleeves Ultralight Pro hombre"},"content":{"rendered":"<p>Las perneras perfectas para el trail running: las Ultralight Pro Compression Sleeves para hombre cuentan con un <strong>estampado de carbono de alta calidad<\/strong> que protege tus tibias del contacto con los matorrales. En combinaci\u00f3n con las fibras de carbono adicionales, aumenta la durabilidad de este material extremadamente fino y ligero. Ponte las perneras cuando haga calor y&nbsp;<strong>saca todo tu rendimiento.<\/strong>&nbsp;Las Sleeves completan tu&nbsp;<strong>look para el trail running&nbsp;<\/strong>&nbsp;de forma funcional y con estilo.<\/p>\n<h3>Pro Sleeves para hombre con Carbon Print para trail running<\/h3>\n<p>Las carreras por senderos estrechos y terrenos con vegetaci\u00f3n densa desgastan el material, pero la capa de carbono protege tus tibias y las perneras del contacto con los matorrales. El material fino, ligero y transpirable ofrece una sujeci\u00f3n maravillosa durante tus carreras en verano.<\/p>\n<h3>Polainas de verano para ligereza, bienestar y fuerza<\/h3>\n<p>Las Sleeves no se deslizan gracias a la<strong>&nbsp;mezcla ultraligera de materiales<\/strong> y son agradables al tacto. Las Sleeves <strong>reducen las vibraciones musculares<\/strong>, activan la musculatura de tus pantorrillas y mejoran tu rendimiento.<\/p>\n<h3>Mejor aporte de nutrientes para m\u00e1s fuerza con efecto Feel-Good<\/h3>\n<p>Gracias al uso de a\u00fan&nbsp;<strong>m\u00e1s medios de compresi\u00f3n<\/strong>&nbsp;tus piernas se benefician de un&nbsp;<strong>aporte optimizado de nutrientes<\/strong> durante el verano. El ox\u00edgeno llega a las c\u00e9lulas m\u00e1s r\u00e1pidamente, tus piernas disfrutan de m\u00e1s frescura y m\u00e1s energ\u00eda. La suave presi\u00f3n sobre la musculatura proporciona una estabilizaci\u00f3n profunda. Las mangas Ultralight Pro para hombre son ideales para los aficionados al trail running, el atletismo y los deportes de resistencia durante los entrenamientos o las competiciones en verano.<\/p>\n<h3>Caracter\u00edsticas del producto:<\/h3>\n<ul class=\"selling-points\">\n<li>Las mangas de compresi\u00f3n Ultralight Pro para hombre reducen las vibraciones musculares que restan energ\u00eda. \u00a1Tu carrera se beneficia de unas piernas llenas de fuerza!<\/li>\n<li>La compresi\u00f3n media estimula la musculatura de tus pantorrillas en profundidad con una presi\u00f3n espec\u00edfica, proporcionando la estabilidad necesaria.<\/li>\n<li>El aporte optimizado de nutrientes proporciona unas piernas agradablemente ligeras con un efecto Feel-Good<\/li>\n<\/ul>\n<p><strong>Materiales:<\/strong> 77 % poliamida, 23 % elastano<\/p>\n","protected":false},"excerpt":{"rendered":"<p>Las perneras perfectas para el trail running: las Ultralight Pro Compression Sleeves para hombre cuentan con un estampado de carbono de alta calidad que protege tus tibias del contacto con los matorrales. En combinaci\u00f3n con las fibras de carbono adicionales, aumenta la durabilidad de este material extremadamente fino y ligero. Ponte las perneras cuando haga &hellip; <a href=\"https:\/\/www.miomiorun.com\/es\/producto\/cep-sleeves-ultralight-pro-hombre\/\">Continued<\/a><\/p>\n","protected":false},"featured_media":232262,"template":"","meta":{"_acf_changed":false,"inline_featured_image":false},"product_brand":[],"product_cat":[24462,24463,24464],"product_tag":[23468,23665],"class_list":{"0":"post-277316","1":"product","2":"type-product","3":"status-publish","4":"has-post-thumbnail","6":"product_cat-calcetines-es-2","7":"product_cat-ropa-de-hombre-es","8":"product_cat-hombre","9":"product_tag-cep-es","10":"product_tag-cep-hombre","11":"pa_attivita-running-es","12":"pa_attivita-trail-es","13":"pa_circonferenza-polpaccio-39-44-es","14":"pa_circonferenza-polpaccio-45-51-es-2","15":"pa_colore-sleeves-ultalight-pro-m-black-es-2","16":"pa_colore-sleeves-ultralight-pro-m-blue-es","17":"pa_marca-cep-es","18":"pa_sesso-hombre","20":"first","21":"instock","22":"sale","23":"taxable","24":"shipping-taxable","25":"purchasable","26":"product-type-variable","27":"wvs-archive-product-wrapper"},"acf":[],"yoast_head":"<!-- This site is optimized with the Yoast SEO plugin v26.8 - https:\/\/yoast.com\/product\/yoast-seo-wordpress\/ -->\n<title>Cep Sleeves Ultralight Pro hombre - Calcetines de running para hombre - MioMioRun .com<\/title>\n<meta name=\"description\" content=\"Las perneras perfectas para el trail running: las Ultralight Pro Compression Sleeves para hombre cuentan con un estampado de carbono de alta calidad.\" \/>\n<meta name=\"robots\" content=\"index, follow, max-snippet:-1, max-image-preview:large, max-video-preview:-1\" \/>\n<link rel=\"canonical\" href=\"https:\/\/www.miomiorun.com\/es\/producto\/cep-sleeves-ultralight-pro-hombre\/\" \/>\n<meta property=\"og:locale\" content=\"es_ES\" \/>\n<meta property=\"og:type\" content=\"article\" \/>\n<meta property=\"og:title\" content=\"Cep Sleeves Ultralight Pro hombre - Calcetines de running para hombre - MioMioRun .com\" \/>\n<meta property=\"og:description\" content=\"Las perneras perfectas para el trail running: las Ultralight Pro Compression Sleeves para hombre cuentan con un estampado de carbono de alta calidad.\" \/>\n<meta property=\"og:url\" content=\"https:\/\/www.miomiorun.com\/es\/producto\/cep-sleeves-ultralight-pro-hombre\/\" \/>\n<meta property=\"og:site_name\" content=\"MioMioRun\" \/>\n<meta property=\"article:publisher\" content=\"https:\/\/www.facebook.com\/miomiorun\/\" \/>\n<meta property=\"article:modified_time\" content=\"2026-04-30T09:32:00+00:00\" \/>\n<meta property=\"og:image\" content=\"https:\/\/www.miomiorun.com\/app\/uploads\/2021\/05\/cep-Sleeves-ultalight-Pro-WS50IQ.jpg\" \/>\n\t<meta property=\"og:image:width\" content=\"600\" \/>\n\t<meta property=\"og:image:height\" content=\"600\" \/>\n\t<meta property=\"og:image:type\" content=\"image\/jpeg\" \/>\n<meta name=\"twitter:card\" content=\"summary_large_image\" \/>\n<meta name=\"twitter:label1\" content=\"Est. reading time\" \/>\n\t<meta name=\"twitter:data1\" content=\"2 minutes\" \/>\n<script type=\"application\/ld+json\" class=\"yoast-schema-graph\">{\"@context\":\"https:\/\/schema.org\",\"@graph\":[{\"@type\":\"WebPage\",\"@id\":\"https:\/\/www.miomiorun.com\/es\/producto\/cep-sleeves-ultralight-pro-hombre\/\",\"url\":\"https:\/\/www.miomiorun.com\/es\/producto\/cep-sleeves-ultralight-pro-hombre\/\",\"name\":\"Cep Sleeves Ultralight Pro hombre - Calcetines de running para hombre - MioMioRun .com\",\"isPartOf\":{\"@id\":\"https:\/\/www.miomiorun.com\/es\/#website\"},\"primaryImageOfPage\":{\"@id\":\"https:\/\/www.miomiorun.com\/es\/producto\/cep-sleeves-ultralight-pro-hombre\/#primaryimage\"},\"image\":{\"@id\":\"https:\/\/www.miomiorun.com\/es\/producto\/cep-sleeves-ultralight-pro-hombre\/#primaryimage\"},\"thumbnailUrl\":\"https:\/\/www.miomiorun.com\/app\/uploads\/2021\/05\/cep-Sleeves-ultalight-Pro-WS50IQ.jpg\",\"datePublished\":\"2021-05-27T07:58:31+00:00\",\"dateModified\":\"2026-04-30T09:32:00+00:00\",\"description\":\"Las perneras perfectas para el trail running: las Ultralight Pro Compression Sleeves para hombre cuentan con un estampado de carbono de alta calidad.\",\"breadcrumb\":{\"@id\":\"https:\/\/www.miomiorun.com\/es\/producto\/cep-sleeves-ultralight-pro-hombre\/#breadcrumb\"},\"inLanguage\":\"es-ES\",\"potentialAction\":[{\"@type\":\"ReadAction\",\"target\":[\"https:\/\/www.miomiorun.com\/es\/producto\/cep-sleeves-ultralight-pro-hombre\/\"]}]},{\"@type\":\"ImageObject\",\"inLanguage\":\"es-ES\",\"@id\":\"https:\/\/www.miomiorun.com\/es\/producto\/cep-sleeves-ultralight-pro-hombre\/#primaryimage\",\"url\":\"https:\/\/www.miomiorun.com\/app\/uploads\/2021\/05\/cep-Sleeves-ultalight-Pro-WS50IQ.jpg\",\"contentUrl\":\"https:\/\/www.miomiorun.com\/app\/uploads\/2021\/05\/cep-Sleeves-ultalight-Pro-WS50IQ.jpg\",\"width\":600,\"height\":600,\"caption\":\"cep-Sleeves-ultalight-Pro-WS50IQ\"},{\"@type\":\"BreadcrumbList\",\"@id\":\"https:\/\/www.miomiorun.com\/es\/producto\/cep-sleeves-ultralight-pro-hombre\/#breadcrumb\",\"itemListElement\":[{\"@type\":\"ListItem\",\"position\":1,\"name\":\"Home\",\"item\":\"https:\/\/www.miomiorun.com\/es\/\"},{\"@type\":\"ListItem\",\"position\":2,\"name\":\"Shop\",\"item\":\"https:\/\/www.miomiorun.com\/shop\/\"},{\"@type\":\"ListItem\",\"position\":3,\"name\":\"Sleeves Ultralight Pro hombre\"}]},{\"@type\":\"WebSite\",\"@id\":\"https:\/\/www.miomiorun.com\/es\/#website\",\"url\":\"https:\/\/www.miomiorun.com\/es\/\",\"name\":\"MioMioRun\",\"description\":\"Tienda 100% running y trail\",\"publisher\":{\"@id\":\"https:\/\/www.miomiorun.com\/es\/#organization\"},\"potentialAction\":[{\"@type\":\"SearchAction\",\"target\":{\"@type\":\"EntryPoint\",\"urlTemplate\":\"https:\/\/www.miomiorun.com\/es\/?s={search_term_string}\"},\"query-input\":{\"@type\":\"PropertyValueSpecification\",\"valueRequired\":true,\"valueName\":\"search_term_string\"}}],\"inLanguage\":\"es-ES\"},{\"@type\":\"Organization\",\"@id\":\"https:\/\/www.miomiorun.com\/es\/#organization\",\"name\":\"MioMio Run\",\"url\":\"https:\/\/www.miomiorun.com\/es\/\",\"logo\":{\"@type\":\"ImageObject\",\"inLanguage\":\"es-ES\",\"@id\":\"https:\/\/www.miomiorun.com\/es\/#\/schema\/logo\/image\/\",\"url\":\"https:\/\/www.miomiorun.com\/app\/uploads\/2019\/12\/logomio.png\",\"contentUrl\":\"https:\/\/www.miomiorun.com\/app\/uploads\/2019\/12\/logomio.png\",\"width\":115,\"height\":82,\"caption\":\"MioMio Run\"},\"image\":{\"@id\":\"https:\/\/www.miomiorun.com\/es\/#\/schema\/logo\/image\/\"},\"sameAs\":[\"https:\/\/www.facebook.com\/miomiorun\/\",\"https:\/\/www.instagram.com\/miomiorun\/\"]}]}<\/script>\n<!-- \/ Yoast SEO plugin. -->","yoast_head_json":{"title":"Cep Sleeves Ultralight Pro hombre - Calcetines de running para hombre - MioMioRun .com","description":"Las perneras perfectas para el trail running: las Ultralight Pro Compression Sleeves para hombre cuentan con un estampado de carbono de alta calidad.","robots":{"index":"index","follow":"follow","max-snippet":"max-snippet:-1","max-image-preview":"max-image-preview:large","max-video-preview":"max-video-preview:-1"},"canonical":"https:\/\/www.miomiorun.com\/es\/producto\/cep-sleeves-ultralight-pro-hombre\/","og_locale":"es_ES","og_type":"article","og_title":"Cep Sleeves Ultralight Pro hombre - Calcetines de running para hombre - MioMioRun .com","og_description":"Las perneras perfectas para el trail running: las Ultralight Pro Compression Sleeves para hombre cuentan con un estampado de carbono de alta calidad.","og_url":"https:\/\/www.miomiorun.com\/es\/producto\/cep-sleeves-ultralight-pro-hombre\/","og_site_name":"MioMioRun","article_publisher":"https:\/\/www.facebook.com\/miomiorun\/","article_modified_time":"2026-04-30T09:32:00+00:00","og_image":[{"width":600,"height":600,"url":"https:\/\/www.miomiorun.com\/app\/uploads\/2021\/05\/cep-Sleeves-ultalight-Pro-WS50IQ.jpg","type":"image\/jpeg"}],"twitter_card":"summary_large_image","twitter_misc":{"Est. reading time":"2 minutes"},"schema":{"@context":"https:\/\/schema.org","@graph":[{"@type":"WebPage","@id":"https:\/\/www.miomiorun.com\/es\/producto\/cep-sleeves-ultralight-pro-hombre\/","url":"https:\/\/www.miomiorun.com\/es\/producto\/cep-sleeves-ultralight-pro-hombre\/","name":"Cep Sleeves Ultralight Pro hombre - Calcetines de running para hombre - MioMioRun .com","isPartOf":{"@id":"https:\/\/www.miomiorun.com\/es\/#website"},"primaryImageOfPage":{"@id":"https:\/\/www.miomiorun.com\/es\/producto\/cep-sleeves-ultralight-pro-hombre\/#primaryimage"},"image":{"@id":"https:\/\/www.miomiorun.com\/es\/producto\/cep-sleeves-ultralight-pro-hombre\/#primaryimage"},"thumbnailUrl":"https:\/\/www.miomiorun.com\/app\/uploads\/2021\/05\/cep-Sleeves-ultalight-Pro-WS50IQ.jpg","datePublished":"2021-05-27T07:58:31+00:00","dateModified":"2026-04-30T09:32:00+00:00","description":"Las perneras perfectas para el trail running: las Ultralight Pro Compression Sleeves para hombre cuentan con un estampado de carbono de alta calidad.","breadcrumb":{"@id":"https:\/\/www.miomiorun.com\/es\/producto\/cep-sleeves-ultralight-pro-hombre\/#breadcrumb"},"inLanguage":"es-ES","potentialAction":[{"@type":"ReadAction","target":["https:\/\/www.miomiorun.com\/es\/producto\/cep-sleeves-ultralight-pro-hombre\/"]}]},{"@type":"ImageObject","inLanguage":"es-ES","@id":"https:\/\/www.miomiorun.com\/es\/producto\/cep-sleeves-ultralight-pro-hombre\/#primaryimage","url":"https:\/\/www.miomiorun.com\/app\/uploads\/2021\/05\/cep-Sleeves-ultalight-Pro-WS50IQ.jpg","contentUrl":"https:\/\/www.miomiorun.com\/app\/uploads\/2021\/05\/cep-Sleeves-ultalight-Pro-WS50IQ.jpg","width":600,"height":600,"caption":"cep-Sleeves-ultalight-Pro-WS50IQ"},{"@type":"BreadcrumbList","@id":"https:\/\/www.miomiorun.com\/es\/producto\/cep-sleeves-ultralight-pro-hombre\/#breadcrumb","itemListElement":[{"@type":"ListItem","position":1,"name":"Home","item":"https:\/\/www.miomiorun.com\/es\/"},{"@type":"ListItem","position":2,"name":"Shop","item":"https:\/\/www.miomiorun.com\/shop\/"},{"@type":"ListItem","position":3,"name":"Sleeves Ultralight Pro hombre"}]},{"@type":"WebSite","@id":"https:\/\/www.miomiorun.com\/es\/#website","url":"https:\/\/www.miomiorun.com\/es\/","name":"MioMioRun","description":"Tienda 100% running y trail","publisher":{"@id":"https:\/\/www.miomiorun.com\/es\/#organization"},"potentialAction":[{"@type":"SearchAction","target":{"@type":"EntryPoint","urlTemplate":"https:\/\/www.miomiorun.com\/es\/?s={search_term_string}"},"query-input":{"@type":"PropertyValueSpecification","valueRequired":true,"valueName":"search_term_string"}}],"inLanguage":"es-ES"},{"@type":"Organization","@id":"https:\/\/www.miomiorun.com\/es\/#organization","name":"MioMio Run","url":"https:\/\/www.miomiorun.com\/es\/","logo":{"@type":"ImageObject","inLanguage":"es-ES","@id":"https:\/\/www.miomiorun.com\/es\/#\/schema\/logo\/image\/","url":"https:\/\/www.miomiorun.com\/app\/uploads\/2019\/12\/logomio.png","contentUrl":"https:\/\/www.miomiorun.com\/app\/uploads\/2019\/12\/logomio.png","width":115,"height":82,"caption":"MioMio Run"},"image":{"@id":"https:\/\/www.miomiorun.com\/es\/#\/schema\/logo\/image\/"},"sameAs":["https:\/\/www.facebook.com\/miomiorun\/","https:\/\/www.instagram.com\/miomiorun\/"]}]}},"_links":{"self":[{"href":"https:\/\/www.miomiorun.com\/es\/wp-json\/wp\/v2\/product\/277316","targetHints":{"allow":["GET"]}}],"collection":[{"href":"https:\/\/www.miomiorun.com\/es\/wp-json\/wp\/v2\/product"}],"about":[{"href":"https:\/\/www.miomiorun.com\/es\/wp-json\/wp\/v2\/types\/product"}],"wp:featuredmedia":[{"embeddable":true,"href":"https:\/\/www.miomiorun.com\/es\/wp-json\/wp\/v2\/media\/232262"}],"wp:attachment":[{"href":"https:\/\/www.miomiorun.com\/es\/wp-json\/wp\/v2\/media?parent=277316"}],"wp:term":[{"taxonomy":"product_brand","embeddable":true,"href":"https:\/\/www.miomiorun.com\/es\/wp-json\/wp\/v2\/product_brand?post=277316"},{"taxonomy":"product_cat","embeddable":true,"href":"https:\/\/www.miomiorun.com\/es\/wp-json\/wp\/v2\/product_cat?post=277316"},{"taxonomy":"product_tag","embeddable":true,"href":"https:\/\/www.miomiorun.com\/es\/wp-json\/wp\/v2\/product_tag?post=277316"}],"curies":[{"name":"wp","href":"https:\/\/api.w.org\/{rel}","templated":true}]}}