{"id":277307,"date":"2021-06-03T11:00:45","date_gmt":"2021-06-03T09:00:45","guid":{"rendered":"https:\/\/miomiorun.com\/prodotto\/garmin-forerunner-55\/"},"modified":"2026-04-30T11:43:45","modified_gmt":"2026-04-30T09:43:45","slug":"garmin-forerunner-55","status":"publish","type":"product","link":"https:\/\/www.miomiorun.com\/es\/producto\/garmin-forerunner-55\/","title":{"rendered":"Forerunner 55"},"content":{"rendered":"<p><div class=\"vc-row container\"><div class=\"vc-column\"><div class=\"vc-column-text\"><\/p>\n<h2>S\u00cdNTETE COMO UN CORREDOR<\/h2>\n<p>Este reloj inteligente con GPS, muy f\u00e1cil de usar, permite a personas de todos los niveles de habilidad controlar sus estad\u00edsticas y perseguir sus objetivos de fitness.<\/div> <\/div><\/div><div class=\"vc-row container\"><div class=\"vc-column\"><\/div><\/div><div class=\"vc-row container\"><div class=\"vc-column\"><div class=\"vc-column-text\"><\/p>\n<div class=\"app__feature__card\" data-translate=\"\">\n<p><img decoding=\"async\" class=\"app__feature__card__image\" src=\"https:\/\/static.garmincdn.com\/gdc\/Product_Pages\/ICONS\/GPS_tracking.svg\" alt=\"\" \/><\/p>\n<h3 class=\"app__feature__card__title light left\" data-v-5b9e0d04=\"\" data-test=\"gc__heading\"><\/h3>\n<p class=\"app__feature__card__description\">Gracias al GPS integrado, mientras corres o caminas, puedes controlar el tiempo, la distancia, el ritmo y la velocidad.<\/p>\n<\/div>\n<p><\/div><\/div><div class=\"vc-column\"><div class=\"vc-column-text\"><\/p>\n<div class=\"app__feature__card\" data-translate=\"\">\n<p><img decoding=\"async\" class=\"app__feature__card__image\" src=\"https:\/\/static.garmincdn.com\/gdc\/Product_Pages\/ICONS\/Health_And_Fitness_Tracking.svg\" alt=\"\" \/><\/p>\n<h3 class=\"app__feature__card__title light left\" data-v-5b9e0d04=\"\" data-test=\"gc__heading\"><\/h3>\n<p class=\"app__feature__card__description\">La lectura de la frecuencia card\u00edaca en la mu\u00f1eca y otras funciones te permiten controlar tu estado de salud y bienestar general.<\/p>\n<\/div>\n<p><\/div><\/div><div class=\"vc-column\"><div class=\"vc-column-text\"><\/p>\n<div class=\"app__feature__card\" data-translate=\"\">\n<p><img decoding=\"async\" class=\"app__feature__card__image\" src=\"https:\/\/static.garmincdn.com\/gdc\/Product_Pages\/ICONS\/TRAINING-GUIDANCE.svg\" alt=\"\" \/><\/p>\n<h3 class=\"app__feature__card__title light left\" data-v-5b9e0d04=\"\" data-test=\"gc__heading\"><\/h3>\n<p class=\"app__feature__card__description\">Entrena sin dudas. Este reloj inteligente te recomienda carreras a tu medida.<\/p>\n<\/div>\n<p><\/div><\/div><div class=\"vc-column\"><div class=\"vc-column-text\"><\/p>\n<div class=\"app__feature__card\" data-translate=\"\">\n<p><img decoding=\"async\" class=\"app__feature__card__image\" src=\"https:\/\/static.garmincdn.com\/gdc\/Product_Pages\/ICONS\/recovery.svg\" alt=\"\" \/><\/p>\n<h3 class=\"app__feature__card__title light left\" data-v-5b9e0d04=\"\" data-test=\"gc__heading\"><\/h3>\n<p class=\"app__feature__card__description\">Las funciones para correr que te ayudan a sacar todo tu potencial son de gama alta, pero el precio no lo es.<\/p>\n<\/div>\n<p><\/div><\/div><div class=\"vc-column\"> <div class=\"vc-column-text\"><\/p>\n<div class=\"app__feature__card\" data-translate=\"\">\n<p><img decoding=\"async\" class=\"app__feature__card__image\" src=\"https:\/\/static.garmincdn.com\/gdc\/Product_Pages\/ICONS\/Advanced-Wellness.svg\" alt=\"\" \/><\/p>\n<h3 class=\"app__feature__card__title light left\" data-v-5b9e0d04=\"\" data-test=\"gc__heading\"><\/h3>\n<p class=\"app__feature__card__description\">Controla mucho m\u00e1s que el running gracias a una serie de perfiles de actividad integrados.<\/p>\n<\/div>\n<p><\/div><\/div><div class=\"vc-column\"> <div class=\"vc-column-text\"><\/p>\n<div class=\"app__feature__card\" data-translate=\"\">\n<p><img decoding=\"async\" class=\"app__feature__card__image\" src=\"https:\/\/static.garmincdn.com\/gdc\/Product_Pages\/ICONS\/Battery_Life.svg\" alt=\"\" \/><\/p>\n<h3 class=\"app__feature__card__title light left\" data-v-5b9e0d04=\"\" data-test=\"gc__heading\"><\/h3>\n<p class=\"app__feature__card__description\">Hasta 2 semanas de duraci\u00f3n de la bater\u00eda, porque reducir las recargas siempre es una gran ventaja.<\/p>\n<\/div>\n<p><\/div><\/div><\/div> <div class=\"vc-row container\"><div class=\"vc-column\"><div style=\"height:32px\" class=\"vc-empty-space\"><\/div><\/div><\/div><div class=\"vc-row container\"><div class=\"vc-column\"><div class=\"vc-column-text\"><\/p>\n<h3>DISE\u00d1O Y FUNCIONALIDAD<\/h3>\n<p>Ligero y c\u00f3modo, este reloj inteligente es perfecto para correr y para el d\u00eda a d\u00eda.<\/p>\n<p><\/div><\/div><div class=\"vc-column\"><div class=\"vc-column-text\"><\/p>\n<h3>MATERIALES DEPORTIVOS<\/h3>\n<p>Ya sea corriendo una carrera de 5 km o sudando durante una sesi\u00f3n de HIIT, disfruta de la m\u00e1xima comodidad gracias a esta correa deportiva de silicona.<\/p>\n<p><\/div><\/div><div class=\"vc-column\"><div class=\"vc-column-text\"><\/p>\n<h3>GPS integrado<\/h3>\n<p>Activa la recepci\u00f3n GPS mientras corres y obt\u00e9n estad\u00edsticas precisas, como distancia, ritmo y AutoLap.<\/p>\n<p><\/div> <\/div><div class=\"vc-column\"><div class=\"vc-column-text\"><\/p>\n<h3>FRECUENCIA CARD\u00cdACA EN LA MU\u00d1ECA<\/h3>\n<p>Si tu frecuencia card\u00edaca se mantiene alta mientras est\u00e1s en reposo, recibir\u00e1s los datos de frecuencia card\u00edaca junto con las alertas. Tambi\u00e9n se mide la velocidad del ritmo card\u00edaco durante las actividades.<\/p>\n<p><\/div><\/div><div class=\"vc-column\"><div class=\"vc-column-text\"><\/p>\n<h3>GARMIN COACH<\/h3>\n<p>Estos entrenamientos est\u00e1n dirigidos por entrenadores expertos y se adaptan a tus resultados. Tendr\u00e1s los entrenamientos sincronizados directamente en el reloj.<\/p>\n<p><\/div> <\/div><div class=\"vc-column\"><div class=\"vc-column-text\"><\/p>\n<h3>ENTRENAMIENTOS DIARIOS RECOMENDADOS<\/h3>\n<p>Para ofrecerte planes de entrenamiento personalizados, las recomendaciones diarias para correr var\u00edan en intensidad seg\u00fan tus datos de historial de entrenamientos, tu nivel de forma f\u00edsica y tu tiempo de recuperaci\u00f3n.<\/p>\n<p><\/div><\/div><\/div><div class=\"vc-row container\"><div class=\"vc-column\"><div style=\"height:32px\" class=\"vc-empty-space\"><\/div><\/div><\/div><div class=\"vc-row container\"><div class=\"vc-column\"><div class=\"vc-column-text\"><\/p>\n<h3>TECNOLOG\u00cdA PACEPRO\u2122<\/h3>\n<p>Para ayudarte a planificar una estrategia para el d\u00eda de la carrera, esta funci\u00f3n ofrece indicaciones de ritmo, basadas en el GPS, para el recorrido o la distancia seleccionados en la aplicaci\u00f3n Garmin Connect\u2122. De este modo, puedes ajustar tu esfuerzo en funci\u00f3n de la distancia que te queda por recorrer.<\/p>\n<p><\/div><\/div><div class=\"vc-column\"><div class=\"vc-column-text\"><\/p>\n<h3>HORA DE FINALIZACI\u00d3N<\/h3>\n<p>\u00bfTe gustar\u00eda recibir una indicaci\u00f3n para alcanzar tu objetivo m\u00e1s f\u00e1cilmente? Selecciona una distancia para la carrera y ver\u00e1s una pantalla de datos que muestra la hora de finalizaci\u00f3n estimada.<\/p>\n<p><\/div><\/div><div class=\"vc-column\"><div class=\"vc-column-text\"><\/p>\n<h3>Carrera en pista<\/h3>\n<p>Cuando empieces a entrenar en pista para aumentar la velocidad, utiliza la actividad integrada de carrera en pista para registrar con precisi\u00f3n las distancias de las vueltas y visualizarlas en metros.<\/p>\n<p><\/div><\/div><div class=\"vc-column\"><div class=\"vc-column-text\"><\/p>\n<h3>AVISOS DE CADENCIA<\/h3>\n<p>\u00bfQuieres mejorar tu ritmo de carrera? Utiliza los avisos de cadencia para saber cu\u00e1ndo has superado el rango de cadencia objetivo.<\/p>\n<p><\/div> <\/div><div class=\"vc-column\"><div class=\"vc-column-text\"><\/p>\n<h3>LA ALERTA DE RECUPERACI\u00d3N<\/h3>\n<p>Es fundamental darle al cuerpo tiempo para recuperarse entre una sesi\u00f3n de entrenamiento y otra. Despu\u00e9s de cada entrenamiento, la funci\u00f3n de tiempo de recuperaci\u00f3n integrada te indica cu\u00e1nto descanso necesitas antes de iniciar una nueva sesi\u00f3n de entrenamiento.<\/p>\n<p><\/div><\/div><\/div><div class=\"vc-row container\"><div class=\"vc-column\"><div style=\"height:32px\" class=\"vc-empty-space\"><\/div><\/div><\/div><div class=\"vc-row container\"><div class=\"vc-column\"><div class=\"vc-column-text\"><\/p>\n<h3>PREVISIONES DE CARRERA<\/h3>\n<p>Esta herramienta especializada tiene en cuenta tu nivel de forma f\u00edsica y el historial de entrenamientos para ayudarte a progresar hacia tu objetivo de carrera y a controlar el impacto del entrenamiento en la hora de finalizaci\u00f3n prevista.<\/p>\n<p><\/div><\/div><div class=\"vc-column\"><div class=\"vc-column-text\"><\/p>\n<h3>PERFILES DEPORTIVOS PRECARGADOS<\/h3>\n<p>Cambia tu rutina de entrenamiento eligiendo perfiles de actividad para correr en pista o virtualmente, nadar en piscina, pilates, HIIT e incluso ejercicios de respiraci\u00f3n.<\/p>\n<p><\/div><\/div><div class=\"vc-column\"><div class=\"vc-column-text\"><\/p>\n<h3>DURACI\u00d3N DE LA BATER\u00cdA<\/h3>\n<p>Escucha tu contenido favorito mientras corres gracias a una bater\u00eda que dura hasta 2 semanas en modo reloj inteligente y hasta 20 horas en modo GPS.<\/p>\n<p><\/div><\/div><div class=\"vc-column\"><div class=\"vc-column-text\"><\/p>\n<h3>DATOS DE ENTRENAMIENTO<\/h3>\n<p>A lo largo del d\u00eda, el Forerunner 55 registra los pasos, los minutos de intensidad y mucho m\u00e1s.<\/p>\n<p><\/div><\/div><div class=\"vc-column\"><div class=\"vc-column-text\"><\/p>\n<h3>Detecci\u00f3n del estr\u00e9s<\/h3>\n<p>Descubre si el d\u00eda de hoy es tranquilo, equilibrado o estresante. Los recordatorios de relajaci\u00f3n te invitar\u00e1n adem\u00e1s a realizar breves ejercicios de respiraci\u00f3n.<\/p>\n<p><\/div><\/div><\/div><div class=\"vc-row container\"><div class=\"vc-column\"> <div style=\"height:32px\" class=\"vc-empty-space\"><\/div><\/div><\/div><div class=\"vc-row container\"><div class=\"vc-column\"><div class=\"vc-column-text\"><\/p>\n<h3>MONITORIZACI\u00d3N DE LA ENERG\u00cdA BODY BATTERY\u2122<\/h3>\n<p>Mide los niveles de energ\u00eda de tu cuerpo para saber cu\u00e1ndo es el mejor momento para entrenar y descansar.<\/p>\n<p><\/div><\/div><div class=\"vc-column\"><div class=\"vc-column-text\"><\/p>\n<h3>MINUTOS DE INTENSIDAD<\/h3>\n<p>Descubre en qu\u00e9 momentos del d\u00eda has registrado minutos de intensidad tras realizar actividad f\u00edsica moderada y en\u00e9rgica.<\/p>\n<p><\/div> <\/div><div class=\"vc-column\"><div class=\"vc-column-text\"><\/p>\n<h3>EDAD F\u00cdSICA<\/h3>\n<p>Esta funci\u00f3n utiliza la edad cronol\u00f3gica, la frecuencia card\u00edaca en reposo y otros factores para estimar si tu cuerpo es m\u00e1s o menos joven que tu edad cronol\u00f3gica. Al fin y al cabo, la edad es solo un n\u00famero.<\/p>\n<p><\/div><\/div><div class=\"vc-column\"><div class=\"vc-column-text\"><\/p>\n<h3>MONITORIZACI\u00d3N DE LA RESPIRACI\u00d3N<\/h3>\n<p>Descubre c\u00f3mo respiras a lo largo del d\u00eda, mientras duermes y durante los ejercicios de respiraci\u00f3n.<\/p>\n<p><\/div><\/div><div class=\"vc-column\"><div class=\"vc-column-text\"><\/p>\n<h3>SEGUIMIENTO DEL CICLO MENSTRUAL<\/h3>\n<p>Utiliza la aplicaci\u00f3n Garmin Connect para realizar un seguimiento de tu ciclo menstrual o de tu embarazo. Registra los s\u00edntomas, recibe sugerencias sobre ejercicio y alimentaci\u00f3n, y mucho m\u00e1s.<\/p>\n<p><\/div><\/div><\/div><div class=\"vc-row container\"><div class=\"vc-column\"><div style=\"height:32px\" class=\"vc-empty-space\"><\/div><\/div><\/div><div class=\"vc-row container\"><div class=\"vc-column\"><div class=\"vc-column-text\"><\/p>\n<h3>Notificaciones inteligentes<\/h3>\n<p>Recibe correos electr\u00f3nicos, mensajes y alertas directamente en tu reloj cuando est\u00e9 emparejado con un smartphone compatible.<\/p>\n<p><\/div><\/div><div class=\"vc-column\"><div class=\"vc-column-text\"><\/p>\n<h3>Funciones de seguridad y detecci\u00f3n<\/h3>\n<p>Si no te encuentras en un lugar seguro o si el reloj detecta que se ha producido un accidente, las funciones de asistencia y detecci\u00f3n de accidentes env\u00edan tu ubicaci\u00f3n a tus contactos de emergencia.<\/p>\n<p><\/div><\/div><div class=\"vc-column\"><div class=\"vc-column-text\"><\/p>\n<h3>CONNECT IQ\u2122 STORE<\/h3>\n<p>Descarga esferas de reloj personalizadas, a\u00f1ade campos de datos y descarga aplicaciones desde la tienda Connect IQ.<\/p>\n<p><\/div><\/div><div class=\"vc-column\"><div class=\"vc-column-text\"><\/p>\n<h3>CONTROLES DE M\u00daSICA<\/h3>\n<p>Controla f\u00e1cilmente la m\u00fasica que se reproduce en tu smartphone, para que puedas saltar canciones sin perder el ritmo.<\/p>\n<p><\/div><\/div><div class=\"vc-column\"><div class=\"vc-column-text\"><\/p>\n<h3>SINCRONIZACI\u00d3N CON GARMIN CONNECT<\/h3>\n<p>Sube tus actividades a la aplicaci\u00f3n Garmin Connect para interactuar con una comunidad online siempre activa a la que puedes conectarte en cualquier momento y competir, e incluso compartir tus resultados a trav\u00e9s de las redes sociales.<\/p>\n<p><\/div><\/div><\/div><\/p>\n","protected":false},"excerpt":{"rendered":"<ul>\n<li>Reloj deportivo con GPS pr\u00e1ctico, funcional y ligero<\/li>\n<li>20 horas de autonom\u00eda de la bater\u00eda en modo GPS<\/li>\n<li>Perfiles de actividad para correr, ciclismo, nataci\u00f3n y mucho m\u00e1s<\/li>\n<\/ul>\n","protected":false},"featured_media":232302,"template":"","meta":{"_acf_changed":false,"inline_featured_image":false},"product_brand":[],"product_cat":[22536,24215,24220,24212],"product_tag":[23481],"class_list":{"0":"post-277307","1":"product","2":"type-product","3":"status-publish","4":"has-post-thumbnail","6":"product_cat-garmin-es","7":"product_cat-natacion","8":"product_cat-relojes","9":"product_cat-running-es","10":"product_tag-garmin-es","11":"pa_colore-forerunner-55-aqua-es-2","12":"pa_colore-forerunner-55-black-es","13":"pa_colore-forerunner-55-whitestone-es","14":"pa_marca-garmin-es","15":"pa_sesso-hombre","16":"pa_sesso-mujer","18":"first","19":"instock","20":"sale","21":"taxable","22":"shipping-taxable","23":"purchasable","24":"product-type-variable","25":"wvs-archive-product-wrapper"},"acf":[],"yoast_head":"<!-- This site is optimized with the Yoast SEO plugin v26.8 - https:\/\/yoast.com\/product\/yoast-seo-wordpress\/ -->\n<title>Garmin Forerunner 55 - Venta de dispositivos Garmin - MioMioRun.com<\/title>\n<meta name=\"description\" content=\"Este reloj inteligente con GPS permite a personas de todos los niveles de condici\u00f3n f\u00edsica llevar un seguimiento de sus estad\u00edsticas y perseguir sus objetivos de fitness.\" \/>\n<meta name=\"robots\" content=\"index, follow, max-snippet:-1, max-image-preview:large, max-video-preview:-1\" \/>\n<link rel=\"canonical\" href=\"https:\/\/www.miomiorun.com\/es\/producto\/garmin-forerunner-55\/\" \/>\n<meta property=\"og:locale\" content=\"es_ES\" \/>\n<meta property=\"og:type\" content=\"article\" \/>\n<meta property=\"og:title\" content=\"Garmin Forerunner 55 - Venta de dispositivos Garmin - MioMioRun.com\" \/>\n<meta property=\"og:description\" content=\"Este reloj inteligente con GPS permite a personas de todos los niveles de condici\u00f3n f\u00edsica llevar un seguimiento de sus estad\u00edsticas y perseguir sus objetivos de fitness.\" \/>\n<meta property=\"og:url\" content=\"https:\/\/www.miomiorun.com\/es\/producto\/garmin-forerunner-55\/\" \/>\n<meta property=\"og:site_name\" content=\"MioMioRun\" \/>\n<meta property=\"article:publisher\" content=\"https:\/\/www.facebook.com\/miomiorun\/\" \/>\n<meta property=\"article:modified_time\" content=\"2026-04-30T09:43:45+00:00\" \/>\n<meta property=\"og:image\" content=\"https:\/\/www.miomiorun.com\/app\/uploads\/2021\/06\/garmin-forerunner-45-010-02562-10.jpg\" \/>\n\t<meta property=\"og:image:width\" content=\"600\" \/>\n\t<meta property=\"og:image:height\" content=\"600\" \/>\n\t<meta property=\"og:image:type\" content=\"image\/jpeg\" \/>\n<meta name=\"twitter:card\" content=\"summary_large_image\" \/>\n<meta name=\"twitter:label1\" content=\"Est. reading time\" \/>\n\t<meta name=\"twitter:data1\" content=\"7 minutes\" \/>\n<script type=\"application\/ld+json\" class=\"yoast-schema-graph\">{\"@context\":\"https:\/\/schema.org\",\"@graph\":[{\"@type\":\"WebPage\",\"@id\":\"https:\/\/www.miomiorun.com\/es\/producto\/garmin-forerunner-55\/\",\"url\":\"https:\/\/www.miomiorun.com\/es\/producto\/garmin-forerunner-55\/\",\"name\":\"Garmin Forerunner 55 - Venta de dispositivos Garmin - MioMioRun.com\",\"isPartOf\":{\"@id\":\"https:\/\/www.miomiorun.com\/es\/#website\"},\"primaryImageOfPage\":{\"@id\":\"https:\/\/www.miomiorun.com\/es\/producto\/garmin-forerunner-55\/#primaryimage\"},\"image\":{\"@id\":\"https:\/\/www.miomiorun.com\/es\/producto\/garmin-forerunner-55\/#primaryimage\"},\"thumbnailUrl\":\"https:\/\/www.miomiorun.com\/app\/uploads\/2021\/06\/garmin-forerunner-45-010-02562-10.jpg\",\"datePublished\":\"2021-06-03T09:00:45+00:00\",\"dateModified\":\"2026-04-30T09:43:45+00:00\",\"description\":\"Este reloj inteligente con GPS permite a personas de todos los niveles de condici\u00f3n f\u00edsica llevar un seguimiento de sus estad\u00edsticas y perseguir sus objetivos de fitness.\",\"breadcrumb\":{\"@id\":\"https:\/\/www.miomiorun.com\/es\/producto\/garmin-forerunner-55\/#breadcrumb\"},\"inLanguage\":\"es-ES\",\"potentialAction\":[{\"@type\":\"ReadAction\",\"target\":[\"https:\/\/www.miomiorun.com\/es\/producto\/garmin-forerunner-55\/\"]}]},{\"@type\":\"ImageObject\",\"inLanguage\":\"es-ES\",\"@id\":\"https:\/\/www.miomiorun.com\/es\/producto\/garmin-forerunner-55\/#primaryimage\",\"url\":\"https:\/\/www.miomiorun.com\/app\/uploads\/2021\/06\/garmin-forerunner-45-010-02562-10.jpg\",\"contentUrl\":\"https:\/\/www.miomiorun.com\/app\/uploads\/2021\/06\/garmin-forerunner-45-010-02562-10.jpg\",\"width\":600,\"height\":600,\"caption\":\"garmin forerunner 55\"},{\"@type\":\"BreadcrumbList\",\"@id\":\"https:\/\/www.miomiorun.com\/es\/producto\/garmin-forerunner-55\/#breadcrumb\",\"itemListElement\":[{\"@type\":\"ListItem\",\"position\":1,\"name\":\"Home\",\"item\":\"https:\/\/www.miomiorun.com\/es\/\"},{\"@type\":\"ListItem\",\"position\":2,\"name\":\"Shop\",\"item\":\"https:\/\/www.miomiorun.com\/shop\/\"},{\"@type\":\"ListItem\",\"position\":3,\"name\":\"Forerunner 55\"}]},{\"@type\":\"WebSite\",\"@id\":\"https:\/\/www.miomiorun.com\/es\/#website\",\"url\":\"https:\/\/www.miomiorun.com\/es\/\",\"name\":\"MioMioRun\",\"description\":\"Tienda 100% running y trail\",\"publisher\":{\"@id\":\"https:\/\/www.miomiorun.com\/es\/#organization\"},\"potentialAction\":[{\"@type\":\"SearchAction\",\"target\":{\"@type\":\"EntryPoint\",\"urlTemplate\":\"https:\/\/www.miomiorun.com\/es\/?s={search_term_string}\"},\"query-input\":{\"@type\":\"PropertyValueSpecification\",\"valueRequired\":true,\"valueName\":\"search_term_string\"}}],\"inLanguage\":\"es-ES\"},{\"@type\":\"Organization\",\"@id\":\"https:\/\/www.miomiorun.com\/es\/#organization\",\"name\":\"MioMio Run\",\"url\":\"https:\/\/www.miomiorun.com\/es\/\",\"logo\":{\"@type\":\"ImageObject\",\"inLanguage\":\"es-ES\",\"@id\":\"https:\/\/www.miomiorun.com\/es\/#\/schema\/logo\/image\/\",\"url\":\"https:\/\/www.miomiorun.com\/app\/uploads\/2019\/12\/logomio.png\",\"contentUrl\":\"https:\/\/www.miomiorun.com\/app\/uploads\/2019\/12\/logomio.png\",\"width\":115,\"height\":82,\"caption\":\"MioMio Run\"},\"image\":{\"@id\":\"https:\/\/www.miomiorun.com\/es\/#\/schema\/logo\/image\/\"},\"sameAs\":[\"https:\/\/www.facebook.com\/miomiorun\/\",\"https:\/\/www.instagram.com\/miomiorun\/\"]}]}<\/script>\n<!-- \/ Yoast SEO plugin. -->","yoast_head_json":{"title":"Garmin Forerunner 55 - Venta de dispositivos Garmin - MioMioRun.com","description":"Este reloj inteligente con GPS permite a personas de todos los niveles de condici\u00f3n f\u00edsica llevar un seguimiento de sus estad\u00edsticas y perseguir sus objetivos de fitness.","robots":{"index":"index","follow":"follow","max-snippet":"max-snippet:-1","max-image-preview":"max-image-preview:large","max-video-preview":"max-video-preview:-1"},"canonical":"https:\/\/www.miomiorun.com\/es\/producto\/garmin-forerunner-55\/","og_locale":"es_ES","og_type":"article","og_title":"Garmin Forerunner 55 - Venta de dispositivos Garmin - MioMioRun.com","og_description":"Este reloj inteligente con GPS permite a personas de todos los niveles de condici\u00f3n f\u00edsica llevar un seguimiento de sus estad\u00edsticas y perseguir sus objetivos de fitness.","og_url":"https:\/\/www.miomiorun.com\/es\/producto\/garmin-forerunner-55\/","og_site_name":"MioMioRun","article_publisher":"https:\/\/www.facebook.com\/miomiorun\/","article_modified_time":"2026-04-30T09:43:45+00:00","og_image":[{"width":600,"height":600,"url":"https:\/\/www.miomiorun.com\/app\/uploads\/2021\/06\/garmin-forerunner-45-010-02562-10.jpg","type":"image\/jpeg"}],"twitter_card":"summary_large_image","twitter_misc":{"Est. reading time":"7 minutes"},"schema":{"@context":"https:\/\/schema.org","@graph":[{"@type":"WebPage","@id":"https:\/\/www.miomiorun.com\/es\/producto\/garmin-forerunner-55\/","url":"https:\/\/www.miomiorun.com\/es\/producto\/garmin-forerunner-55\/","name":"Garmin Forerunner 55 - Venta de dispositivos Garmin - MioMioRun.com","isPartOf":{"@id":"https:\/\/www.miomiorun.com\/es\/#website"},"primaryImageOfPage":{"@id":"https:\/\/www.miomiorun.com\/es\/producto\/garmin-forerunner-55\/#primaryimage"},"image":{"@id":"https:\/\/www.miomiorun.com\/es\/producto\/garmin-forerunner-55\/#primaryimage"},"thumbnailUrl":"https:\/\/www.miomiorun.com\/app\/uploads\/2021\/06\/garmin-forerunner-45-010-02562-10.jpg","datePublished":"2021-06-03T09:00:45+00:00","dateModified":"2026-04-30T09:43:45+00:00","description":"Este reloj inteligente con GPS permite a personas de todos los niveles de condici\u00f3n f\u00edsica llevar un seguimiento de sus estad\u00edsticas y perseguir sus objetivos de fitness.","breadcrumb":{"@id":"https:\/\/www.miomiorun.com\/es\/producto\/garmin-forerunner-55\/#breadcrumb"},"inLanguage":"es-ES","potentialAction":[{"@type":"ReadAction","target":["https:\/\/www.miomiorun.com\/es\/producto\/garmin-forerunner-55\/"]}]},{"@type":"ImageObject","inLanguage":"es-ES","@id":"https:\/\/www.miomiorun.com\/es\/producto\/garmin-forerunner-55\/#primaryimage","url":"https:\/\/www.miomiorun.com\/app\/uploads\/2021\/06\/garmin-forerunner-45-010-02562-10.jpg","contentUrl":"https:\/\/www.miomiorun.com\/app\/uploads\/2021\/06\/garmin-forerunner-45-010-02562-10.jpg","width":600,"height":600,"caption":"garmin forerunner 55"},{"@type":"BreadcrumbList","@id":"https:\/\/www.miomiorun.com\/es\/producto\/garmin-forerunner-55\/#breadcrumb","itemListElement":[{"@type":"ListItem","position":1,"name":"Home","item":"https:\/\/www.miomiorun.com\/es\/"},{"@type":"ListItem","position":2,"name":"Shop","item":"https:\/\/www.miomiorun.com\/shop\/"},{"@type":"ListItem","position":3,"name":"Forerunner 55"}]},{"@type":"WebSite","@id":"https:\/\/www.miomiorun.com\/es\/#website","url":"https:\/\/www.miomiorun.com\/es\/","name":"MioMioRun","description":"Tienda 100% running y trail","publisher":{"@id":"https:\/\/www.miomiorun.com\/es\/#organization"},"potentialAction":[{"@type":"SearchAction","target":{"@type":"EntryPoint","urlTemplate":"https:\/\/www.miomiorun.com\/es\/?s={search_term_string}"},"query-input":{"@type":"PropertyValueSpecification","valueRequired":true,"valueName":"search_term_string"}}],"inLanguage":"es-ES"},{"@type":"Organization","@id":"https:\/\/www.miomiorun.com\/es\/#organization","name":"MioMio Run","url":"https:\/\/www.miomiorun.com\/es\/","logo":{"@type":"ImageObject","inLanguage":"es-ES","@id":"https:\/\/www.miomiorun.com\/es\/#\/schema\/logo\/image\/","url":"https:\/\/www.miomiorun.com\/app\/uploads\/2019\/12\/logomio.png","contentUrl":"https:\/\/www.miomiorun.com\/app\/uploads\/2019\/12\/logomio.png","width":115,"height":82,"caption":"MioMio Run"},"image":{"@id":"https:\/\/www.miomiorun.com\/es\/#\/schema\/logo\/image\/"},"sameAs":["https:\/\/www.facebook.com\/miomiorun\/","https:\/\/www.instagram.com\/miomiorun\/"]}]}},"_links":{"self":[{"href":"https:\/\/www.miomiorun.com\/es\/wp-json\/wp\/v2\/product\/277307","targetHints":{"allow":["GET"]}}],"collection":[{"href":"https:\/\/www.miomiorun.com\/es\/wp-json\/wp\/v2\/product"}],"about":[{"href":"https:\/\/www.miomiorun.com\/es\/wp-json\/wp\/v2\/types\/product"}],"wp:featuredmedia":[{"embeddable":true,"href":"https:\/\/www.miomiorun.com\/es\/wp-json\/wp\/v2\/media\/232302"}],"wp:attachment":[{"href":"https:\/\/www.miomiorun.com\/es\/wp-json\/wp\/v2\/media?parent=277307"}],"wp:term":[{"taxonomy":"product_brand","embeddable":true,"href":"https:\/\/www.miomiorun.com\/es\/wp-json\/wp\/v2\/product_brand?post=277307"},{"taxonomy":"product_cat","embeddable":true,"href":"https:\/\/www.miomiorun.com\/es\/wp-json\/wp\/v2\/product_cat?post=277307"},{"taxonomy":"product_tag","embeddable":true,"href":"https:\/\/www.miomiorun.com\/es\/wp-json\/wp\/v2\/product_tag?post=277307"}],"curies":[{"name":"wp","href":"https:\/\/api.w.org\/{rel}","templated":true}]}}