{"id":277301,"date":"2021-06-01T19:19:36","date_gmt":"2021-06-01T17:19:36","guid":{"rendered":"https:\/\/miomiorun.com\/prodotto\/compressport-trail-postural-ss-top-donna\/"},"modified":"2026-04-30T11:33:07","modified_gmt":"2026-04-30T09:33:07","slug":"compressport-trail-postural-ss-top-mujer","status":"publish","type":"product","link":"https:\/\/www.miomiorun.com\/es\/producto\/compressport-trail-postural-ss-top-mujer\/","title":{"rendered":"Trail Postural SS Top mujer"},"content":{"rendered":"<p>La nueva <strong>Trail Postural SS Top<\/strong> para mujer est\u00e1 dise\u00f1ada para el rendimiento.<\/p>\n<p>El <strong>Ergo Fit<\/strong> est\u00e1 dise\u00f1ado para adaptarse como una segunda piel, con la tecnolog\u00eda <strong>Spin Control<\/strong> que ayuda a mantener los hombros rectos y el torso bien erguido. Su suave tejido de <strong>microfibra<\/strong> sin costuras garantiza la ausencia de irritaciones en todas las zonas sensibles, evacuando r\u00e1pidamente el sudor.<\/p>\n<p>La <strong>termorregulaci\u00f3n<\/strong> optimizada y la <strong>protecci\u00f3n t\u00e9rmica<\/strong> mantienen el calor cuando hace fr\u00edo y la frescura cuando hace calor. El cuello m\u00e1s alto aumenta la comodidad y la protecci\u00f3n si el tiempo empeora de repente, mientras que una cremallera en toda la longitud se puede abrir para una mayor ventilaci\u00f3n.<\/p>\n<p>El dise\u00f1o redise\u00f1ado de la manga libera la zona del hombro, permitiendo movimientos de amplio alcance. Gracias al <strong>Freebelt<\/strong> envolvente de 4 compartimentos, podr\u00e1s llevar f\u00e1cilmente lo imprescindible para correr.<\/p>\n<p>Su tejido el\u00e1stico permite una capacidad modulable y el acceso es muy f\u00e1cil gracias a las leng\u00fcetas f\u00e1ciles de agarrar: \u00a1ya no tendr\u00e1s que rebuscar durante horas para encontrar los geles energ\u00e9ticos! El cintur\u00f3n sujeta los objetos que contiene evitando que reboten, tal y como confirman nuestros profesionales, e impide que la camiseta se suba mientras corres. El tejido est\u00e1 fabricado con fibras te\u00f1idas, lo que se traduce en una mayor durabilidad y menor transparencia.<\/p>\n<section class=\"product-additional-info pt-4 pb-4\">\n<div class=\"d-flex mt-5 pt-4 pb-md-4 pb-3 text-center box-additional-info align-items-center flex-wrap\">\n<div class=\"col-lg-3 col-md-6 col-12 data-sheet\">\n<h2>Peso neto del producto<\/h2>\n<p>107,00 g<\/p>\n<\/div>\n<div class=\"data-sheet col-lg-3 col-md-6 col-12 feature_1 \">\n<h2>Composici\u00f3n<\/h2>\n<p>92 % PA, 8 % EA<\/p>\n<\/div>\n<div class=\"col-lg-3 col-md-6 col-12 data-sheet\">\n<h2>Instrucciones de lavado y cuidado<\/h2>\n<p><img decoding=\"async\" class=\"img-fluid\" src=\"https:\/\/www.compressport.com\/img\/cms\/icons\/picto_wash.png\"><\/p>\n<\/div>\n<\/div>\n<\/section>\n<div><\/div>\n<h2>Tecnolog\u00edas<\/h2>\n<div>\n<div id=\"techno_255\" class=\"col-lg-4 col-12 collapse show\" data-parent=\"#feat_table_10\" data-bck-image=\"https:\/\/www.compressport.com\/it\/img\/feature_values\/2_255.png\">\n<h3>Ergo-fit<\/h3>\n<p>Ajuste perfecto, m\u00e1xima eficiencia y comodidad (sin rozaduras).<\/p>\n<div id=\"techno_266\" class=\"col-lg-4 col-12 collapse show\" data-parent=\"#feat_table_10\" data-bck-image=\"https:\/\/www.compressport.com\/it\/img\/feature_values\/2_266.png\">\n<h3>Hemless<\/h3>\n<p>Sin costuras ni el\u00e1sticos, no comprimen la pantorrilla (sin efecto torniquete) y alivian la presi\u00f3n sobre el tobillo.<\/p>\n<div id=\"techno_295\" class=\"col-lg-4 col-12 collapse show\" data-parent=\"#feat_table_10\" data-bck-image=\"https:\/\/www.compressport.com\/it\/img\/feature_values\/2_295.png\">\n<h3>Spin control<\/h3>\n<p>Esta ligera zona de compresi\u00f3n est\u00e1 integrada directamente en el tejido para garantizar la correcta postura del cuerpo durante el esfuerzo prolongado y mantener los hombros alineados. Esto aumentar\u00e1 la capacidad respiratoria y mejorar\u00e1 la oxigenaci\u00f3n durante y despu\u00e9s del esfuerzo, facilitando la recuperaci\u00f3n.<\/p>\n<div id=\"techno_309\" class=\"col-lg-4 col-12 collapse show\" data-parent=\"#feat_table_10\" data-bck-image=\"\">\n<h3>Ultralight<\/h3>\n<p>No retiene el agua y se mantiene ligero en cualquier condici\u00f3n.<\/p>\n<div id=\"techno_322\" class=\"col-lg-4 col-12 collapse show\" data-parent=\"#feat_table_10\" data-bck-image=\"https:\/\/www.compressport.com\/it\/img\/feature_values\/2_322.png\">\n<h3>cremallera con bloqueo autom\u00e1tico<\/h3>\n<p>La protecci\u00f3n de la cremallera evita cualquier irritaci\u00f3n. El sistema de bloqueo autom\u00e1tico de la cremallera no se mueve durante la carrera y permanece perfectamente fijado.<\/p>\n<\/div>\n<\/div>\n<\/div>\n<\/div>\n<\/div>\n<\/div>\n<div><\/div>\n","protected":false},"excerpt":{"rendered":"<p>La nueva Trail Postural SS Top para mujer est\u00e1 dise\u00f1ada para el rendimiento. El Ergo Fit est\u00e1 dise\u00f1ado para adaptarse como una segunda piel, con la tecnolog\u00eda Spin Control que ayuda a mantener los hombros rectos y el torso bien erguido. Su suave tejido de microfibra sin costuras garantiza la ausencia de irritaciones en todas &hellip; <a href=\"https:\/\/www.miomiorun.com\/es\/producto\/compressport-trail-postural-ss-top-mujer\/\">Continued<\/a><\/p>\n","protected":false},"featured_media":232314,"template":"","meta":{"_acf_changed":false,"inline_featured_image":false},"product_brand":[],"product_cat":[24416,24420],"product_tag":[23471,23658],"class_list":{"0":"post-277301","1":"product","2":"type-product","3":"status-publish","4":"has-post-thumbnail","6":"product_cat-camiseta-es","7":"product_cat-ropa-de-mujer-es","8":"product_tag-compressport-es","9":"product_tag-compressport-mujer","10":"pa_attivita-trail-es","11":"pa_marca-compressport-es","12":"pa_sesso-mujer","13":"pa_size-extra-small-es","15":"first","16":"instock","17":"sale","18":"taxable","19":"shipping-taxable","20":"purchasable","21":"product-type-variable","22":"wvs-archive-product-wrapper"},"acf":[],"yoast_head":"<!-- This site is optimized with the Yoast SEO plugin v26.8 - https:\/\/yoast.com\/product\/yoast-seo-wordpress\/ -->\n<title>Compressport Trail Postural SS Top mujer - correr - MioMioRun.com<\/title>\n<meta name=\"description\" content=\"La nueva camiseta Trail Postural SS para mujer est\u00e1 dise\u00f1ada para el rendimiento. El sistema Ergo Fit est\u00e1 pensado para ajustarse como una segunda piel.\" \/>\n<meta name=\"robots\" content=\"index, follow, max-snippet:-1, max-image-preview:large, max-video-preview:-1\" \/>\n<link rel=\"canonical\" href=\"https:\/\/www.miomiorun.com\/es\/producto\/compressport-trail-postural-ss-top-mujer\/\" \/>\n<meta property=\"og:locale\" content=\"es_ES\" \/>\n<meta property=\"og:type\" content=\"article\" \/>\n<meta property=\"og:title\" content=\"Compressport Trail Postural SS Top mujer - correr - MioMioRun.com\" \/>\n<meta property=\"og:description\" content=\"La nueva camiseta Trail Postural SS para mujer est\u00e1 dise\u00f1ada para el rendimiento. El sistema Ergo Fit est\u00e1 pensado para ajustarse como una segunda piel.\" \/>\n<meta property=\"og:url\" content=\"https:\/\/www.miomiorun.com\/es\/producto\/compressport-trail-postural-ss-top-mujer\/\" \/>\n<meta property=\"og:site_name\" content=\"MioMioRun\" \/>\n<meta property=\"article:publisher\" content=\"https:\/\/www.facebook.com\/miomiorun\/\" \/>\n<meta property=\"article:modified_time\" content=\"2026-04-30T09:33:07+00:00\" \/>\n<meta property=\"og:image\" content=\"https:\/\/www.miomiorun.com\/app\/uploads\/2021\/06\/compressport-Trail-Postural-SS-Top-AW00089B-Garos.jpg\" \/>\n\t<meta property=\"og:image:width\" content=\"600\" \/>\n\t<meta property=\"og:image:height\" content=\"600\" \/>\n\t<meta property=\"og:image:type\" content=\"image\/jpeg\" \/>\n<meta name=\"twitter:card\" content=\"summary_large_image\" \/>\n<meta name=\"twitter:label1\" content=\"Est. reading time\" \/>\n\t<meta name=\"twitter:data1\" content=\"2 minutes\" \/>\n<script type=\"application\/ld+json\" class=\"yoast-schema-graph\">{\"@context\":\"https:\/\/schema.org\",\"@graph\":[{\"@type\":\"WebPage\",\"@id\":\"https:\/\/www.miomiorun.com\/es\/producto\/compressport-trail-postural-ss-top-mujer\/\",\"url\":\"https:\/\/www.miomiorun.com\/es\/producto\/compressport-trail-postural-ss-top-mujer\/\",\"name\":\"Compressport Trail Postural SS Top mujer - correr - MioMioRun.com\",\"isPartOf\":{\"@id\":\"https:\/\/www.miomiorun.com\/es\/#website\"},\"primaryImageOfPage\":{\"@id\":\"https:\/\/www.miomiorun.com\/es\/producto\/compressport-trail-postural-ss-top-mujer\/#primaryimage\"},\"image\":{\"@id\":\"https:\/\/www.miomiorun.com\/es\/producto\/compressport-trail-postural-ss-top-mujer\/#primaryimage\"},\"thumbnailUrl\":\"https:\/\/www.miomiorun.com\/app\/uploads\/2021\/06\/compressport-Trail-Postural-SS-Top-AW00089B-Garos.jpg\",\"datePublished\":\"2021-06-01T17:19:36+00:00\",\"dateModified\":\"2026-04-30T09:33:07+00:00\",\"description\":\"La nueva camiseta Trail Postural SS para mujer est\u00e1 dise\u00f1ada para el rendimiento. El sistema Ergo Fit est\u00e1 pensado para ajustarse como una segunda piel.\",\"breadcrumb\":{\"@id\":\"https:\/\/www.miomiorun.com\/es\/producto\/compressport-trail-postural-ss-top-mujer\/#breadcrumb\"},\"inLanguage\":\"es-ES\",\"potentialAction\":[{\"@type\":\"ReadAction\",\"target\":[\"https:\/\/www.miomiorun.com\/es\/producto\/compressport-trail-postural-ss-top-mujer\/\"]}]},{\"@type\":\"ImageObject\",\"inLanguage\":\"es-ES\",\"@id\":\"https:\/\/www.miomiorun.com\/es\/producto\/compressport-trail-postural-ss-top-mujer\/#primaryimage\",\"url\":\"https:\/\/www.miomiorun.com\/app\/uploads\/2021\/06\/compressport-Trail-Postural-SS-Top-AW00089B-Garos.jpg\",\"contentUrl\":\"https:\/\/www.miomiorun.com\/app\/uploads\/2021\/06\/compressport-Trail-Postural-SS-Top-AW00089B-Garos.jpg\",\"width\":600,\"height\":600,\"caption\":\"compressport trail postural ss top\"},{\"@type\":\"BreadcrumbList\",\"@id\":\"https:\/\/www.miomiorun.com\/es\/producto\/compressport-trail-postural-ss-top-mujer\/#breadcrumb\",\"itemListElement\":[{\"@type\":\"ListItem\",\"position\":1,\"name\":\"Home\",\"item\":\"https:\/\/www.miomiorun.com\/es\/\"},{\"@type\":\"ListItem\",\"position\":2,\"name\":\"Shop\",\"item\":\"https:\/\/www.miomiorun.com\/shop\/\"},{\"@type\":\"ListItem\",\"position\":3,\"name\":\"Trail Postural SS Top mujer\"}]},{\"@type\":\"WebSite\",\"@id\":\"https:\/\/www.miomiorun.com\/es\/#website\",\"url\":\"https:\/\/www.miomiorun.com\/es\/\",\"name\":\"MioMioRun\",\"description\":\"Tienda 100% running y trail\",\"publisher\":{\"@id\":\"https:\/\/www.miomiorun.com\/es\/#organization\"},\"potentialAction\":[{\"@type\":\"SearchAction\",\"target\":{\"@type\":\"EntryPoint\",\"urlTemplate\":\"https:\/\/www.miomiorun.com\/es\/?s={search_term_string}\"},\"query-input\":{\"@type\":\"PropertyValueSpecification\",\"valueRequired\":true,\"valueName\":\"search_term_string\"}}],\"inLanguage\":\"es-ES\"},{\"@type\":\"Organization\",\"@id\":\"https:\/\/www.miomiorun.com\/es\/#organization\",\"name\":\"MioMio Run\",\"url\":\"https:\/\/www.miomiorun.com\/es\/\",\"logo\":{\"@type\":\"ImageObject\",\"inLanguage\":\"es-ES\",\"@id\":\"https:\/\/www.miomiorun.com\/es\/#\/schema\/logo\/image\/\",\"url\":\"https:\/\/www.miomiorun.com\/app\/uploads\/2019\/12\/logomio.png\",\"contentUrl\":\"https:\/\/www.miomiorun.com\/app\/uploads\/2019\/12\/logomio.png\",\"width\":115,\"height\":82,\"caption\":\"MioMio Run\"},\"image\":{\"@id\":\"https:\/\/www.miomiorun.com\/es\/#\/schema\/logo\/image\/\"},\"sameAs\":[\"https:\/\/www.facebook.com\/miomiorun\/\",\"https:\/\/www.instagram.com\/miomiorun\/\"]}]}<\/script>\n<!-- \/ Yoast SEO plugin. -->","yoast_head_json":{"title":"Compressport Trail Postural SS Top mujer - correr - MioMioRun.com","description":"La nueva camiseta Trail Postural SS para mujer est\u00e1 dise\u00f1ada para el rendimiento. El sistema Ergo Fit est\u00e1 pensado para ajustarse como una segunda piel.","robots":{"index":"index","follow":"follow","max-snippet":"max-snippet:-1","max-image-preview":"max-image-preview:large","max-video-preview":"max-video-preview:-1"},"canonical":"https:\/\/www.miomiorun.com\/es\/producto\/compressport-trail-postural-ss-top-mujer\/","og_locale":"es_ES","og_type":"article","og_title":"Compressport Trail Postural SS Top mujer - correr - MioMioRun.com","og_description":"La nueva camiseta Trail Postural SS para mujer est\u00e1 dise\u00f1ada para el rendimiento. El sistema Ergo Fit est\u00e1 pensado para ajustarse como una segunda piel.","og_url":"https:\/\/www.miomiorun.com\/es\/producto\/compressport-trail-postural-ss-top-mujer\/","og_site_name":"MioMioRun","article_publisher":"https:\/\/www.facebook.com\/miomiorun\/","article_modified_time":"2026-04-30T09:33:07+00:00","og_image":[{"width":600,"height":600,"url":"https:\/\/www.miomiorun.com\/app\/uploads\/2021\/06\/compressport-Trail-Postural-SS-Top-AW00089B-Garos.jpg","type":"image\/jpeg"}],"twitter_card":"summary_large_image","twitter_misc":{"Est. reading time":"2 minutes"},"schema":{"@context":"https:\/\/schema.org","@graph":[{"@type":"WebPage","@id":"https:\/\/www.miomiorun.com\/es\/producto\/compressport-trail-postural-ss-top-mujer\/","url":"https:\/\/www.miomiorun.com\/es\/producto\/compressport-trail-postural-ss-top-mujer\/","name":"Compressport Trail Postural SS Top mujer - correr - MioMioRun.com","isPartOf":{"@id":"https:\/\/www.miomiorun.com\/es\/#website"},"primaryImageOfPage":{"@id":"https:\/\/www.miomiorun.com\/es\/producto\/compressport-trail-postural-ss-top-mujer\/#primaryimage"},"image":{"@id":"https:\/\/www.miomiorun.com\/es\/producto\/compressport-trail-postural-ss-top-mujer\/#primaryimage"},"thumbnailUrl":"https:\/\/www.miomiorun.com\/app\/uploads\/2021\/06\/compressport-Trail-Postural-SS-Top-AW00089B-Garos.jpg","datePublished":"2021-06-01T17:19:36+00:00","dateModified":"2026-04-30T09:33:07+00:00","description":"La nueva camiseta Trail Postural SS para mujer est\u00e1 dise\u00f1ada para el rendimiento. El sistema Ergo Fit est\u00e1 pensado para ajustarse como una segunda piel.","breadcrumb":{"@id":"https:\/\/www.miomiorun.com\/es\/producto\/compressport-trail-postural-ss-top-mujer\/#breadcrumb"},"inLanguage":"es-ES","potentialAction":[{"@type":"ReadAction","target":["https:\/\/www.miomiorun.com\/es\/producto\/compressport-trail-postural-ss-top-mujer\/"]}]},{"@type":"ImageObject","inLanguage":"es-ES","@id":"https:\/\/www.miomiorun.com\/es\/producto\/compressport-trail-postural-ss-top-mujer\/#primaryimage","url":"https:\/\/www.miomiorun.com\/app\/uploads\/2021\/06\/compressport-Trail-Postural-SS-Top-AW00089B-Garos.jpg","contentUrl":"https:\/\/www.miomiorun.com\/app\/uploads\/2021\/06\/compressport-Trail-Postural-SS-Top-AW00089B-Garos.jpg","width":600,"height":600,"caption":"compressport trail postural ss top"},{"@type":"BreadcrumbList","@id":"https:\/\/www.miomiorun.com\/es\/producto\/compressport-trail-postural-ss-top-mujer\/#breadcrumb","itemListElement":[{"@type":"ListItem","position":1,"name":"Home","item":"https:\/\/www.miomiorun.com\/es\/"},{"@type":"ListItem","position":2,"name":"Shop","item":"https:\/\/www.miomiorun.com\/shop\/"},{"@type":"ListItem","position":3,"name":"Trail Postural SS Top mujer"}]},{"@type":"WebSite","@id":"https:\/\/www.miomiorun.com\/es\/#website","url":"https:\/\/www.miomiorun.com\/es\/","name":"MioMioRun","description":"Tienda 100% running y trail","publisher":{"@id":"https:\/\/www.miomiorun.com\/es\/#organization"},"potentialAction":[{"@type":"SearchAction","target":{"@type":"EntryPoint","urlTemplate":"https:\/\/www.miomiorun.com\/es\/?s={search_term_string}"},"query-input":{"@type":"PropertyValueSpecification","valueRequired":true,"valueName":"search_term_string"}}],"inLanguage":"es-ES"},{"@type":"Organization","@id":"https:\/\/www.miomiorun.com\/es\/#organization","name":"MioMio Run","url":"https:\/\/www.miomiorun.com\/es\/","logo":{"@type":"ImageObject","inLanguage":"es-ES","@id":"https:\/\/www.miomiorun.com\/es\/#\/schema\/logo\/image\/","url":"https:\/\/www.miomiorun.com\/app\/uploads\/2019\/12\/logomio.png","contentUrl":"https:\/\/www.miomiorun.com\/app\/uploads\/2019\/12\/logomio.png","width":115,"height":82,"caption":"MioMio Run"},"image":{"@id":"https:\/\/www.miomiorun.com\/es\/#\/schema\/logo\/image\/"},"sameAs":["https:\/\/www.facebook.com\/miomiorun\/","https:\/\/www.instagram.com\/miomiorun\/"]}]}},"_links":{"self":[{"href":"https:\/\/www.miomiorun.com\/es\/wp-json\/wp\/v2\/product\/277301","targetHints":{"allow":["GET"]}}],"collection":[{"href":"https:\/\/www.miomiorun.com\/es\/wp-json\/wp\/v2\/product"}],"about":[{"href":"https:\/\/www.miomiorun.com\/es\/wp-json\/wp\/v2\/types\/product"}],"wp:featuredmedia":[{"embeddable":true,"href":"https:\/\/www.miomiorun.com\/es\/wp-json\/wp\/v2\/media\/232314"}],"wp:attachment":[{"href":"https:\/\/www.miomiorun.com\/es\/wp-json\/wp\/v2\/media?parent=277301"}],"wp:term":[{"taxonomy":"product_brand","embeddable":true,"href":"https:\/\/www.miomiorun.com\/es\/wp-json\/wp\/v2\/product_brand?post=277301"},{"taxonomy":"product_cat","embeddable":true,"href":"https:\/\/www.miomiorun.com\/es\/wp-json\/wp\/v2\/product_cat?post=277301"},{"taxonomy":"product_tag","embeddable":true,"href":"https:\/\/www.miomiorun.com\/es\/wp-json\/wp\/v2\/product_tag?post=277301"}],"curies":[{"name":"wp","href":"https:\/\/api.w.org\/{rel}","templated":true}]}}