{"id":277296,"date":"2021-06-04T12:21:11","date_gmt":"2021-06-04T10:21:11","guid":{"rendered":"https:\/\/miomiorun.com\/prodotto\/compressport-trail-under-control-short-donna\/"},"modified":"2026-04-30T11:44:37","modified_gmt":"2026-04-30T09:44:37","slug":"compressport-trail-under-control-short-mujer","status":"publish","type":"product","link":"https:\/\/www.miomiorun.com\/es\/producto\/compressport-trail-under-control-short-mujer\/","title":{"rendered":"Trail Under Control Short mujer"},"content":{"rendered":"<p>No solo los triatletas necesitan prendas deportivas multifuncionales. <strong>Los pantalones cortos de compresi\u00f3n para trail running Under Control<\/strong> para hombre se han dise\u00f1ado espec\u00edficamente para los <strong>corredores de trail<\/strong>, con el fin de ofrecer una comodidad y una practicidad \u00f3ptimas en una prenda ligera y de alto rendimiento.<\/p>\n<p>Los paneles de compresi\u00f3n espec\u00edficos proporcionan la m\u00e1xima sujeci\u00f3n a los muslos, absorbiendo hasta un 30 % de las vibraciones musculares. Un mayor flujo sangu\u00edneo oxigena los m\u00fasculos m\u00e1s r\u00e1pidamente para mejorar el rendimiento y retrasar la fatiga. Las bandas de ventilaci\u00f3n integradas directamente en la microfibra garantizan una ventilaci\u00f3n de 360\u00b0 y evacuan r\u00e1pidamente el sudor y la humedad para una carrera c\u00f3moda y sin rozaduras.<\/p>\n<p>Los agarres de silicona en la parte exterior de los muslos evitan que las manos resbalen cuando buscas potencia adicional en los tramos de subida empinada. Un corte ergon\u00f3mico en la cintura para una mayor sujeci\u00f3n del torso en terrenos irregulares se completa con un bolsillo trasero de malla para comida y peque\u00f1os objetos personales. Una soluci\u00f3n perfecta para recorridos cortos en los que no es necesaria una mochila llena.<\/p>\n<p>&nbsp;<\/p>\n<div id=\"materials\" class=\"data item content\" role=\"tabpanel\" data-role=\"content\" aria-labelledby=\"tab-label-materials\" aria-hidden=\"false\">\n<div class=\"product-materials-content\">\n<div class=\"texture-content primary-texture\">\n<section class=\"product-additional-info pt-4 pb-4\">\n<div class=\"d-flex mt-5 pt-4 pb-md-4 pb-3 text-center box-additional-info align-items-center flex-wrap\">\n<div class=\"col-lg-3 col-md-6 col-12 data-sheet\">\n<h2>Peso neto del producto<\/h2>\n<p>81,00 g<\/p>\n<h2>Composici\u00f3n<\/h2>\n<p>62 % poliamida multifilamento; 31 % PA; 7 % EA<\/p>\n<h2>Instrucciones de lavado y cuidado<\/h2>\n<p><img decoding=\"async\" src=\"https:\/\/www.compressport.com\/img\/cms\/icons\/picto_wash.png\"><\/p>\n<p>&nbsp;<\/p>\n<div class=\"col-lg-3 col-md-6 col-12 data-sheet data-sheet-developed\"><img decoding=\"async\" class=\"img-fluid\" src=\"https:\/\/www.compressport.com\/img\/cms\/icons\/developed_swiss.png\"><\/div>\n<\/div>\n<\/div>\n<\/section>\n<\/div>\n<\/div>\n<\/div>\n","protected":false},"excerpt":{"rendered":"<p>No solo los triatletas necesitan prendas deportivas multifuncionales. Los pantalones cortos de compresi\u00f3n para trail running Under Control para hombre se han dise\u00f1ado espec\u00edficamente para los corredores de trail, con el fin de ofrecer una comodidad y una practicidad \u00f3ptimas en una prenda ligera y de alto rendimiento. Los paneles de compresi\u00f3n espec\u00edficos proporcionan la &hellip; <a href=\"https:\/\/www.miomiorun.com\/es\/producto\/compressport-trail-under-control-short-mujer\/\">Continued<\/a><\/p>\n","protected":false},"featured_media":232334,"template":"","meta":{"_acf_changed":false,"inline_featured_image":false},"product_brand":[],"product_cat":[24423,24420],"product_tag":[23471,23658],"class_list":{"0":"post-277296","1":"product","2":"type-product","3":"status-publish","4":"has-post-thumbnail","6":"product_cat-pantalones-cortos-es","7":"product_cat-ropa-de-mujer-es","8":"product_tag-compressport-es","9":"product_tag-compressport-mujer","10":"pa_attivita-trail-es","11":"pa_circonferenza-coscia-49-54-es","12":"pa_marca-compressport-es","13":"pa_sesso-mujer","15":"first","16":"instock","17":"sale","18":"taxable","19":"shipping-taxable","20":"purchasable","21":"product-type-variable","22":"wvs-archive-product-wrapper"},"acf":[],"yoast_head":"<!-- This site is optimized with the Yoast SEO plugin v26.8 - https:\/\/yoast.com\/product\/yoast-seo-wordpress\/ -->\n<title>Compressport Trail Under Control Short mujer - MioMioRun<\/title>\n<meta name=\"description\" content=\"No solo los triatletas necesitan prendas deportivas multifuncionales. Los paneles de compresi\u00f3n espec\u00edficos proporcionan sujeci\u00f3n a los muslos.\" \/>\n<meta name=\"robots\" content=\"index, follow, max-snippet:-1, max-image-preview:large, max-video-preview:-1\" \/>\n<link rel=\"canonical\" href=\"https:\/\/www.miomiorun.com\/es\/producto\/compressport-trail-under-control-short-mujer\/\" \/>\n<meta property=\"og:locale\" content=\"es_ES\" \/>\n<meta property=\"og:type\" content=\"article\" \/>\n<meta property=\"og:title\" content=\"Compressport Trail Under Control Short mujer - MioMioRun\" \/>\n<meta property=\"og:description\" content=\"No solo los triatletas necesitan prendas deportivas multifuncionales. Los paneles de compresi\u00f3n espec\u00edficos proporcionan sujeci\u00f3n a los muslos.\" \/>\n<meta property=\"og:url\" content=\"https:\/\/www.miomiorun.com\/es\/producto\/compressport-trail-under-control-short-mujer\/\" \/>\n<meta property=\"og:site_name\" content=\"MioMioRun\" \/>\n<meta property=\"article:publisher\" content=\"https:\/\/www.facebook.com\/miomiorun\/\" \/>\n<meta property=\"article:modified_time\" content=\"2026-04-30T09:44:37+00:00\" \/>\n<meta property=\"og:image\" content=\"https:\/\/www.miomiorun.com\/app\/uploads\/2021\/06\/compressport-trail-Under-Control-AW00003B-Black.jpg\" \/>\n\t<meta property=\"og:image:width\" content=\"600\" \/>\n\t<meta property=\"og:image:height\" content=\"600\" \/>\n\t<meta property=\"og:image:type\" content=\"image\/jpeg\" \/>\n<meta name=\"twitter:card\" content=\"summary_large_image\" \/>\n<meta name=\"twitter:label1\" content=\"Est. reading time\" \/>\n\t<meta name=\"twitter:data1\" content=\"1 minute\" \/>\n<script type=\"application\/ld+json\" class=\"yoast-schema-graph\">{\"@context\":\"https:\/\/schema.org\",\"@graph\":[{\"@type\":\"WebPage\",\"@id\":\"https:\/\/www.miomiorun.com\/es\/producto\/compressport-trail-under-control-short-mujer\/\",\"url\":\"https:\/\/www.miomiorun.com\/es\/producto\/compressport-trail-under-control-short-mujer\/\",\"name\":\"Compressport Trail Under Control Short mujer - MioMioRun\",\"isPartOf\":{\"@id\":\"https:\/\/www.miomiorun.com\/es\/#website\"},\"primaryImageOfPage\":{\"@id\":\"https:\/\/www.miomiorun.com\/es\/producto\/compressport-trail-under-control-short-mujer\/#primaryimage\"},\"image\":{\"@id\":\"https:\/\/www.miomiorun.com\/es\/producto\/compressport-trail-under-control-short-mujer\/#primaryimage\"},\"thumbnailUrl\":\"https:\/\/www.miomiorun.com\/app\/uploads\/2021\/06\/compressport-trail-Under-Control-AW00003B-Black.jpg\",\"datePublished\":\"2021-06-04T10:21:11+00:00\",\"dateModified\":\"2026-04-30T09:44:37+00:00\",\"description\":\"No solo los triatletas necesitan prendas deportivas multifuncionales. Los paneles de compresi\u00f3n espec\u00edficos proporcionan sujeci\u00f3n a los muslos.\",\"breadcrumb\":{\"@id\":\"https:\/\/www.miomiorun.com\/es\/producto\/compressport-trail-under-control-short-mujer\/#breadcrumb\"},\"inLanguage\":\"es-ES\",\"potentialAction\":[{\"@type\":\"ReadAction\",\"target\":[\"https:\/\/www.miomiorun.com\/es\/producto\/compressport-trail-under-control-short-mujer\/\"]}]},{\"@type\":\"ImageObject\",\"inLanguage\":\"es-ES\",\"@id\":\"https:\/\/www.miomiorun.com\/es\/producto\/compressport-trail-under-control-short-mujer\/#primaryimage\",\"url\":\"https:\/\/www.miomiorun.com\/app\/uploads\/2021\/06\/compressport-trail-Under-Control-AW00003B-Black.jpg\",\"contentUrl\":\"https:\/\/www.miomiorun.com\/app\/uploads\/2021\/06\/compressport-trail-Under-Control-AW00003B-Black.jpg\",\"width\":600,\"height\":600,\"caption\":\"compressport trail under control short\"},{\"@type\":\"BreadcrumbList\",\"@id\":\"https:\/\/www.miomiorun.com\/es\/producto\/compressport-trail-under-control-short-mujer\/#breadcrumb\",\"itemListElement\":[{\"@type\":\"ListItem\",\"position\":1,\"name\":\"Home\",\"item\":\"https:\/\/www.miomiorun.com\/es\/\"},{\"@type\":\"ListItem\",\"position\":2,\"name\":\"Shop\",\"item\":\"https:\/\/www.miomiorun.com\/shop\/\"},{\"@type\":\"ListItem\",\"position\":3,\"name\":\"Trail Under Control Short mujer\"}]},{\"@type\":\"WebSite\",\"@id\":\"https:\/\/www.miomiorun.com\/es\/#website\",\"url\":\"https:\/\/www.miomiorun.com\/es\/\",\"name\":\"MioMioRun\",\"description\":\"Tienda 100% running y trail\",\"publisher\":{\"@id\":\"https:\/\/www.miomiorun.com\/es\/#organization\"},\"potentialAction\":[{\"@type\":\"SearchAction\",\"target\":{\"@type\":\"EntryPoint\",\"urlTemplate\":\"https:\/\/www.miomiorun.com\/es\/?s={search_term_string}\"},\"query-input\":{\"@type\":\"PropertyValueSpecification\",\"valueRequired\":true,\"valueName\":\"search_term_string\"}}],\"inLanguage\":\"es-ES\"},{\"@type\":\"Organization\",\"@id\":\"https:\/\/www.miomiorun.com\/es\/#organization\",\"name\":\"MioMio Run\",\"url\":\"https:\/\/www.miomiorun.com\/es\/\",\"logo\":{\"@type\":\"ImageObject\",\"inLanguage\":\"es-ES\",\"@id\":\"https:\/\/www.miomiorun.com\/es\/#\/schema\/logo\/image\/\",\"url\":\"https:\/\/www.miomiorun.com\/app\/uploads\/2019\/12\/logomio.png\",\"contentUrl\":\"https:\/\/www.miomiorun.com\/app\/uploads\/2019\/12\/logomio.png\",\"width\":115,\"height\":82,\"caption\":\"MioMio Run\"},\"image\":{\"@id\":\"https:\/\/www.miomiorun.com\/es\/#\/schema\/logo\/image\/\"},\"sameAs\":[\"https:\/\/www.facebook.com\/miomiorun\/\",\"https:\/\/www.instagram.com\/miomiorun\/\"]}]}<\/script>\n<!-- \/ Yoast SEO plugin. -->","yoast_head_json":{"title":"Compressport Trail Under Control Short mujer - MioMioRun","description":"No solo los triatletas necesitan prendas deportivas multifuncionales. Los paneles de compresi\u00f3n espec\u00edficos proporcionan sujeci\u00f3n a los muslos.","robots":{"index":"index","follow":"follow","max-snippet":"max-snippet:-1","max-image-preview":"max-image-preview:large","max-video-preview":"max-video-preview:-1"},"canonical":"https:\/\/www.miomiorun.com\/es\/producto\/compressport-trail-under-control-short-mujer\/","og_locale":"es_ES","og_type":"article","og_title":"Compressport Trail Under Control Short mujer - MioMioRun","og_description":"No solo los triatletas necesitan prendas deportivas multifuncionales. Los paneles de compresi\u00f3n espec\u00edficos proporcionan sujeci\u00f3n a los muslos.","og_url":"https:\/\/www.miomiorun.com\/es\/producto\/compressport-trail-under-control-short-mujer\/","og_site_name":"MioMioRun","article_publisher":"https:\/\/www.facebook.com\/miomiorun\/","article_modified_time":"2026-04-30T09:44:37+00:00","og_image":[{"width":600,"height":600,"url":"https:\/\/www.miomiorun.com\/app\/uploads\/2021\/06\/compressport-trail-Under-Control-AW00003B-Black.jpg","type":"image\/jpeg"}],"twitter_card":"summary_large_image","twitter_misc":{"Est. reading time":"1 minute"},"schema":{"@context":"https:\/\/schema.org","@graph":[{"@type":"WebPage","@id":"https:\/\/www.miomiorun.com\/es\/producto\/compressport-trail-under-control-short-mujer\/","url":"https:\/\/www.miomiorun.com\/es\/producto\/compressport-trail-under-control-short-mujer\/","name":"Compressport Trail Under Control Short mujer - MioMioRun","isPartOf":{"@id":"https:\/\/www.miomiorun.com\/es\/#website"},"primaryImageOfPage":{"@id":"https:\/\/www.miomiorun.com\/es\/producto\/compressport-trail-under-control-short-mujer\/#primaryimage"},"image":{"@id":"https:\/\/www.miomiorun.com\/es\/producto\/compressport-trail-under-control-short-mujer\/#primaryimage"},"thumbnailUrl":"https:\/\/www.miomiorun.com\/app\/uploads\/2021\/06\/compressport-trail-Under-Control-AW00003B-Black.jpg","datePublished":"2021-06-04T10:21:11+00:00","dateModified":"2026-04-30T09:44:37+00:00","description":"No solo los triatletas necesitan prendas deportivas multifuncionales. Los paneles de compresi\u00f3n espec\u00edficos proporcionan sujeci\u00f3n a los muslos.","breadcrumb":{"@id":"https:\/\/www.miomiorun.com\/es\/producto\/compressport-trail-under-control-short-mujer\/#breadcrumb"},"inLanguage":"es-ES","potentialAction":[{"@type":"ReadAction","target":["https:\/\/www.miomiorun.com\/es\/producto\/compressport-trail-under-control-short-mujer\/"]}]},{"@type":"ImageObject","inLanguage":"es-ES","@id":"https:\/\/www.miomiorun.com\/es\/producto\/compressport-trail-under-control-short-mujer\/#primaryimage","url":"https:\/\/www.miomiorun.com\/app\/uploads\/2021\/06\/compressport-trail-Under-Control-AW00003B-Black.jpg","contentUrl":"https:\/\/www.miomiorun.com\/app\/uploads\/2021\/06\/compressport-trail-Under-Control-AW00003B-Black.jpg","width":600,"height":600,"caption":"compressport trail under control short"},{"@type":"BreadcrumbList","@id":"https:\/\/www.miomiorun.com\/es\/producto\/compressport-trail-under-control-short-mujer\/#breadcrumb","itemListElement":[{"@type":"ListItem","position":1,"name":"Home","item":"https:\/\/www.miomiorun.com\/es\/"},{"@type":"ListItem","position":2,"name":"Shop","item":"https:\/\/www.miomiorun.com\/shop\/"},{"@type":"ListItem","position":3,"name":"Trail Under Control Short mujer"}]},{"@type":"WebSite","@id":"https:\/\/www.miomiorun.com\/es\/#website","url":"https:\/\/www.miomiorun.com\/es\/","name":"MioMioRun","description":"Tienda 100% running y trail","publisher":{"@id":"https:\/\/www.miomiorun.com\/es\/#organization"},"potentialAction":[{"@type":"SearchAction","target":{"@type":"EntryPoint","urlTemplate":"https:\/\/www.miomiorun.com\/es\/?s={search_term_string}"},"query-input":{"@type":"PropertyValueSpecification","valueRequired":true,"valueName":"search_term_string"}}],"inLanguage":"es-ES"},{"@type":"Organization","@id":"https:\/\/www.miomiorun.com\/es\/#organization","name":"MioMio Run","url":"https:\/\/www.miomiorun.com\/es\/","logo":{"@type":"ImageObject","inLanguage":"es-ES","@id":"https:\/\/www.miomiorun.com\/es\/#\/schema\/logo\/image\/","url":"https:\/\/www.miomiorun.com\/app\/uploads\/2019\/12\/logomio.png","contentUrl":"https:\/\/www.miomiorun.com\/app\/uploads\/2019\/12\/logomio.png","width":115,"height":82,"caption":"MioMio Run"},"image":{"@id":"https:\/\/www.miomiorun.com\/es\/#\/schema\/logo\/image\/"},"sameAs":["https:\/\/www.facebook.com\/miomiorun\/","https:\/\/www.instagram.com\/miomiorun\/"]}]}},"_links":{"self":[{"href":"https:\/\/www.miomiorun.com\/es\/wp-json\/wp\/v2\/product\/277296","targetHints":{"allow":["GET"]}}],"collection":[{"href":"https:\/\/www.miomiorun.com\/es\/wp-json\/wp\/v2\/product"}],"about":[{"href":"https:\/\/www.miomiorun.com\/es\/wp-json\/wp\/v2\/types\/product"}],"wp:featuredmedia":[{"embeddable":true,"href":"https:\/\/www.miomiorun.com\/es\/wp-json\/wp\/v2\/media\/232334"}],"wp:attachment":[{"href":"https:\/\/www.miomiorun.com\/es\/wp-json\/wp\/v2\/media?parent=277296"}],"wp:term":[{"taxonomy":"product_brand","embeddable":true,"href":"https:\/\/www.miomiorun.com\/es\/wp-json\/wp\/v2\/product_brand?post=277296"},{"taxonomy":"product_cat","embeddable":true,"href":"https:\/\/www.miomiorun.com\/es\/wp-json\/wp\/v2\/product_cat?post=277296"},{"taxonomy":"product_tag","embeddable":true,"href":"https:\/\/www.miomiorun.com\/es\/wp-json\/wp\/v2\/product_tag?post=277296"}],"curies":[{"name":"wp","href":"https:\/\/api.w.org\/{rel}","templated":true}]}}