{"id":277269,"date":"2021-03-03T19:13:56","date_gmt":"2021-03-03T18:13:56","guid":{"rendered":"https:\/\/miomiorun.com\/prodotto\/garmin-cinturini-in-nylon-ultrafit-26-mm\/"},"modified":"2026-04-23T12:23:34","modified_gmt":"2026-04-23T10:23:34","slug":"correas-de-nailon-ultrafit-26-mm","status":"publish","type":"product","link":"https:\/\/www.miomiorun.com\/es\/producto\/correas-de-nailon-ultrafit-26-mm\/","title":{"rendered":"Correas de nailon UltraFit (26 mm)"},"content":{"rendered":"<div class=\"vc-row container\"><div class=\"vc-column\"><div class=\"vc-column-text\">Cambia y renueva la forma de sujetar tu reloj a la mu\u00f1eca con esta correa ultraligera de 26 mm. La correa UltraFit de nailon es f\u00e1cilmente ajustable, se inserta en los pasadores y se fija mediante velcro. Ofrece una comodidad inigualable, perfecta para un uso prolongado y de alto rendimiento. UltraFit es a\u00fan m\u00e1s resistente gracias a la elasticidad del nailon de doble capa antimicrobiano, dise\u00f1ado para evacuar la humedad.<\/div><\/div><\/div>\n","protected":false},"excerpt":{"rendered":"","protected":false},"featured_media":231400,"template":"","meta":{"_acf_changed":false,"inline_featured_image":false},"product_brand":[],"product_cat":[24208,22536],"product_tag":[23481],"class_list":{"0":"post-277269","1":"product","2":"type-product","3":"status-publish","4":"has-post-thumbnail","6":"product_cat-accesorios-es","7":"product_cat-garmin-es","8":"product_tag-garmin-es","9":"pa_colore-cinturino-in-nylon-ultrafit-26-mm-black-es","10":"pa_colore-cinturino-nylon-26mm-grigio-es","11":"pa_colore-cinturino-nylon-ultrafit-26-flame-red-es","12":"pa_colore-cinturino-nylon-ultrafit-26-granite-blue-es","13":"pa_colore-cinturino-nylon-ultrafit-26mm-es","14":"pa_colore-cinturino-ultrafit-2-26-mm-gray-es","15":"pa_colore-ultrafit-nylon-26-mm-amp-yellow-es","16":"pa_marca-garmin-es","17":"pa_sesso-hombre","18":"pa_sesso-mujer","20":"first","21":"instock","22":"sale","23":"taxable","24":"shipping-taxable","25":"purchasable","26":"product-type-variable","27":"wvs-archive-product-wrapper"},"acf":[],"yoast_head":"<!-- This site is optimized with the Yoast SEO plugin v26.8 - https:\/\/yoast.com\/product\/yoast-seo-wordpress\/ -->\n<title>Garmin Correas de nailon UltraFit (26 mm) - MioMioRun<\/title>\n<meta name=\"description\" content=\"Correa de nailon f\u00e1cilmente ajustable, se inserta en los pasadores y se fija con velcro. Ofrece una comodidad inigualable\" \/>\n<meta name=\"robots\" content=\"index, follow, max-snippet:-1, max-image-preview:large, max-video-preview:-1\" \/>\n<link rel=\"canonical\" href=\"https:\/\/www.miomiorun.com\/es\/producto\/correas-de-nailon-ultrafit-26-mm\/\" \/>\n<meta property=\"og:locale\" content=\"es_ES\" \/>\n<meta property=\"og:type\" content=\"article\" \/>\n<meta property=\"og:title\" content=\"Garmin Correas de nailon UltraFit (26 mm) - MioMioRun\" \/>\n<meta property=\"og:description\" content=\"Correa de nailon f\u00e1cilmente ajustable, se inserta en los pasadores y se fija con velcro. Ofrece una comodidad inigualable\" \/>\n<meta property=\"og:url\" content=\"https:\/\/www.miomiorun.com\/es\/producto\/correas-de-nailon-ultrafit-26-mm\/\" \/>\n<meta property=\"og:site_name\" content=\"MioMioRun\" \/>\n<meta property=\"article:publisher\" content=\"https:\/\/www.facebook.com\/miomiorun\/\" \/>\n<meta property=\"article:modified_time\" content=\"2026-04-23T10:23:34+00:00\" \/>\n<meta property=\"og:image\" content=\"https:\/\/www.miomiorun.com\/app\/uploads\/2021\/03\/garmin-cinturino-nylon-010-13075-01.jpg\" \/>\n\t<meta property=\"og:image:width\" content=\"600\" \/>\n\t<meta property=\"og:image:height\" content=\"600\" \/>\n\t<meta property=\"og:image:type\" content=\"image\/jpeg\" \/>\n<meta name=\"twitter:card\" content=\"summary_large_image\" \/>\n<script type=\"application\/ld+json\" class=\"yoast-schema-graph\">{\"@context\":\"https:\/\/schema.org\",\"@graph\":[{\"@type\":\"WebPage\",\"@id\":\"https:\/\/www.miomiorun.com\/es\/producto\/correas-de-nailon-ultrafit-26-mm\/\",\"url\":\"https:\/\/www.miomiorun.com\/es\/producto\/correas-de-nailon-ultrafit-26-mm\/\",\"name\":\"Garmin Correas de nailon UltraFit (26 mm) - MioMioRun\",\"isPartOf\":{\"@id\":\"https:\/\/www.miomiorun.com\/es\/#website\"},\"primaryImageOfPage\":{\"@id\":\"https:\/\/www.miomiorun.com\/es\/producto\/correas-de-nailon-ultrafit-26-mm\/#primaryimage\"},\"image\":{\"@id\":\"https:\/\/www.miomiorun.com\/es\/producto\/correas-de-nailon-ultrafit-26-mm\/#primaryimage\"},\"thumbnailUrl\":\"https:\/\/www.miomiorun.com\/app\/uploads\/2021\/03\/garmin-cinturino-nylon-010-13075-01.jpg\",\"datePublished\":\"2021-03-03T18:13:56+00:00\",\"dateModified\":\"2026-04-23T10:23:34+00:00\",\"description\":\"Correa de nailon f\u00e1cilmente ajustable, se inserta en los pasadores y se fija con velcro. Ofrece una comodidad inigualable\",\"breadcrumb\":{\"@id\":\"https:\/\/www.miomiorun.com\/es\/producto\/correas-de-nailon-ultrafit-26-mm\/#breadcrumb\"},\"inLanguage\":\"es-ES\",\"potentialAction\":[{\"@type\":\"ReadAction\",\"target\":[\"https:\/\/www.miomiorun.com\/es\/producto\/correas-de-nailon-ultrafit-26-mm\/\"]}]},{\"@type\":\"ImageObject\",\"inLanguage\":\"es-ES\",\"@id\":\"https:\/\/www.miomiorun.com\/es\/producto\/correas-de-nailon-ultrafit-26-mm\/#primaryimage\",\"url\":\"https:\/\/www.miomiorun.com\/app\/uploads\/2021\/03\/garmin-cinturino-nylon-010-13075-01.jpg\",\"contentUrl\":\"https:\/\/www.miomiorun.com\/app\/uploads\/2021\/03\/garmin-cinturino-nylon-010-13075-01.jpg\",\"width\":600,\"height\":600,\"caption\":\"garmin cinturino nylon ultrafit\"},{\"@type\":\"BreadcrumbList\",\"@id\":\"https:\/\/www.miomiorun.com\/es\/producto\/correas-de-nailon-ultrafit-26-mm\/#breadcrumb\",\"itemListElement\":[{\"@type\":\"ListItem\",\"position\":1,\"name\":\"Home\",\"item\":\"https:\/\/www.miomiorun.com\/es\/\"},{\"@type\":\"ListItem\",\"position\":2,\"name\":\"Shop\",\"item\":\"https:\/\/www.miomiorun.com\/shop\/\"},{\"@type\":\"ListItem\",\"position\":3,\"name\":\"Correas de nailon UltraFit (26 mm)\"}]},{\"@type\":\"WebSite\",\"@id\":\"https:\/\/www.miomiorun.com\/es\/#website\",\"url\":\"https:\/\/www.miomiorun.com\/es\/\",\"name\":\"MioMioRun\",\"description\":\"Tienda 100% running y trail\",\"publisher\":{\"@id\":\"https:\/\/www.miomiorun.com\/es\/#organization\"},\"potentialAction\":[{\"@type\":\"SearchAction\",\"target\":{\"@type\":\"EntryPoint\",\"urlTemplate\":\"https:\/\/www.miomiorun.com\/es\/?s={search_term_string}\"},\"query-input\":{\"@type\":\"PropertyValueSpecification\",\"valueRequired\":true,\"valueName\":\"search_term_string\"}}],\"inLanguage\":\"es-ES\"},{\"@type\":\"Organization\",\"@id\":\"https:\/\/www.miomiorun.com\/es\/#organization\",\"name\":\"MioMio Run\",\"url\":\"https:\/\/www.miomiorun.com\/es\/\",\"logo\":{\"@type\":\"ImageObject\",\"inLanguage\":\"es-ES\",\"@id\":\"https:\/\/www.miomiorun.com\/es\/#\/schema\/logo\/image\/\",\"url\":\"https:\/\/www.miomiorun.com\/app\/uploads\/2019\/12\/logomio.png\",\"contentUrl\":\"https:\/\/www.miomiorun.com\/app\/uploads\/2019\/12\/logomio.png\",\"width\":115,\"height\":82,\"caption\":\"MioMio Run\"},\"image\":{\"@id\":\"https:\/\/www.miomiorun.com\/es\/#\/schema\/logo\/image\/\"},\"sameAs\":[\"https:\/\/www.facebook.com\/miomiorun\/\",\"https:\/\/www.instagram.com\/miomiorun\/\"]}]}<\/script>\n<!-- \/ Yoast SEO plugin. -->","yoast_head_json":{"title":"Garmin Correas de nailon UltraFit (26 mm) - MioMioRun","description":"Correa de nailon f\u00e1cilmente ajustable, se inserta en los pasadores y se fija con velcro. Ofrece una comodidad inigualable","robots":{"index":"index","follow":"follow","max-snippet":"max-snippet:-1","max-image-preview":"max-image-preview:large","max-video-preview":"max-video-preview:-1"},"canonical":"https:\/\/www.miomiorun.com\/es\/producto\/correas-de-nailon-ultrafit-26-mm\/","og_locale":"es_ES","og_type":"article","og_title":"Garmin Correas de nailon UltraFit (26 mm) - MioMioRun","og_description":"Correa de nailon f\u00e1cilmente ajustable, se inserta en los pasadores y se fija con velcro. Ofrece una comodidad inigualable","og_url":"https:\/\/www.miomiorun.com\/es\/producto\/correas-de-nailon-ultrafit-26-mm\/","og_site_name":"MioMioRun","article_publisher":"https:\/\/www.facebook.com\/miomiorun\/","article_modified_time":"2026-04-23T10:23:34+00:00","og_image":[{"width":600,"height":600,"url":"https:\/\/www.miomiorun.com\/app\/uploads\/2021\/03\/garmin-cinturino-nylon-010-13075-01.jpg","type":"image\/jpeg"}],"twitter_card":"summary_large_image","schema":{"@context":"https:\/\/schema.org","@graph":[{"@type":"WebPage","@id":"https:\/\/www.miomiorun.com\/es\/producto\/correas-de-nailon-ultrafit-26-mm\/","url":"https:\/\/www.miomiorun.com\/es\/producto\/correas-de-nailon-ultrafit-26-mm\/","name":"Garmin Correas de nailon UltraFit (26 mm) - MioMioRun","isPartOf":{"@id":"https:\/\/www.miomiorun.com\/es\/#website"},"primaryImageOfPage":{"@id":"https:\/\/www.miomiorun.com\/es\/producto\/correas-de-nailon-ultrafit-26-mm\/#primaryimage"},"image":{"@id":"https:\/\/www.miomiorun.com\/es\/producto\/correas-de-nailon-ultrafit-26-mm\/#primaryimage"},"thumbnailUrl":"https:\/\/www.miomiorun.com\/app\/uploads\/2021\/03\/garmin-cinturino-nylon-010-13075-01.jpg","datePublished":"2021-03-03T18:13:56+00:00","dateModified":"2026-04-23T10:23:34+00:00","description":"Correa de nailon f\u00e1cilmente ajustable, se inserta en los pasadores y se fija con velcro. Ofrece una comodidad inigualable","breadcrumb":{"@id":"https:\/\/www.miomiorun.com\/es\/producto\/correas-de-nailon-ultrafit-26-mm\/#breadcrumb"},"inLanguage":"es-ES","potentialAction":[{"@type":"ReadAction","target":["https:\/\/www.miomiorun.com\/es\/producto\/correas-de-nailon-ultrafit-26-mm\/"]}]},{"@type":"ImageObject","inLanguage":"es-ES","@id":"https:\/\/www.miomiorun.com\/es\/producto\/correas-de-nailon-ultrafit-26-mm\/#primaryimage","url":"https:\/\/www.miomiorun.com\/app\/uploads\/2021\/03\/garmin-cinturino-nylon-010-13075-01.jpg","contentUrl":"https:\/\/www.miomiorun.com\/app\/uploads\/2021\/03\/garmin-cinturino-nylon-010-13075-01.jpg","width":600,"height":600,"caption":"garmin cinturino nylon ultrafit"},{"@type":"BreadcrumbList","@id":"https:\/\/www.miomiorun.com\/es\/producto\/correas-de-nailon-ultrafit-26-mm\/#breadcrumb","itemListElement":[{"@type":"ListItem","position":1,"name":"Home","item":"https:\/\/www.miomiorun.com\/es\/"},{"@type":"ListItem","position":2,"name":"Shop","item":"https:\/\/www.miomiorun.com\/shop\/"},{"@type":"ListItem","position":3,"name":"Correas de nailon UltraFit (26 mm)"}]},{"@type":"WebSite","@id":"https:\/\/www.miomiorun.com\/es\/#website","url":"https:\/\/www.miomiorun.com\/es\/","name":"MioMioRun","description":"Tienda 100% running y trail","publisher":{"@id":"https:\/\/www.miomiorun.com\/es\/#organization"},"potentialAction":[{"@type":"SearchAction","target":{"@type":"EntryPoint","urlTemplate":"https:\/\/www.miomiorun.com\/es\/?s={search_term_string}"},"query-input":{"@type":"PropertyValueSpecification","valueRequired":true,"valueName":"search_term_string"}}],"inLanguage":"es-ES"},{"@type":"Organization","@id":"https:\/\/www.miomiorun.com\/es\/#organization","name":"MioMio Run","url":"https:\/\/www.miomiorun.com\/es\/","logo":{"@type":"ImageObject","inLanguage":"es-ES","@id":"https:\/\/www.miomiorun.com\/es\/#\/schema\/logo\/image\/","url":"https:\/\/www.miomiorun.com\/app\/uploads\/2019\/12\/logomio.png","contentUrl":"https:\/\/www.miomiorun.com\/app\/uploads\/2019\/12\/logomio.png","width":115,"height":82,"caption":"MioMio Run"},"image":{"@id":"https:\/\/www.miomiorun.com\/es\/#\/schema\/logo\/image\/"},"sameAs":["https:\/\/www.facebook.com\/miomiorun\/","https:\/\/www.instagram.com\/miomiorun\/"]}]}},"_links":{"self":[{"href":"https:\/\/www.miomiorun.com\/es\/wp-json\/wp\/v2\/product\/277269","targetHints":{"allow":["GET"]}}],"collection":[{"href":"https:\/\/www.miomiorun.com\/es\/wp-json\/wp\/v2\/product"}],"about":[{"href":"https:\/\/www.miomiorun.com\/es\/wp-json\/wp\/v2\/types\/product"}],"wp:featuredmedia":[{"embeddable":true,"href":"https:\/\/www.miomiorun.com\/es\/wp-json\/wp\/v2\/media\/231400"}],"wp:attachment":[{"href":"https:\/\/www.miomiorun.com\/es\/wp-json\/wp\/v2\/media?parent=277269"}],"wp:term":[{"taxonomy":"product_brand","embeddable":true,"href":"https:\/\/www.miomiorun.com\/es\/wp-json\/wp\/v2\/product_brand?post=277269"},{"taxonomy":"product_cat","embeddable":true,"href":"https:\/\/www.miomiorun.com\/es\/wp-json\/wp\/v2\/product_cat?post=277269"},{"taxonomy":"product_tag","embeddable":true,"href":"https:\/\/www.miomiorun.com\/es\/wp-json\/wp\/v2\/product_tag?post=277269"}],"curies":[{"name":"wp","href":"https:\/\/api.w.org\/{rel}","templated":true}]}}