{"id":277070,"date":"2021-04-15T12:16:59","date_gmt":"2021-04-15T10:16:59","guid":{"rendered":"https:\/\/miomiorun.com\/prodotto\/crazy-idea-skort-voltage-donna\/"},"modified":"2026-04-30T10:16:01","modified_gmt":"2026-04-30T08:16:01","slug":"crazy-idea-skort-voltage-mujer","status":"publish","type":"product","link":"https:\/\/www.miomiorun.com\/es\/producto\/crazy-idea-skort-voltage-mujer\/","title":{"rendered":"Skort Voltage mujer"},"content":{"rendered":"<p>La falda-pantal\u00f3n de running es la prenda m\u00e1s emblem\u00e1tica de la colecci\u00f3n, un aut\u00e9ntico \u00abimprescindible\u00bb para las atletas que se enfrentan a carreras de monta\u00f1a o a largos recorridos de trail. El pantal\u00f3n interior de media pierna, con un ligero efecto de sujeci\u00f3n, est\u00e1 confeccionado en tejido italiano Revolutional Slim, cuyo efecto de micromasaje mejora notablemente la eliminaci\u00f3n del \u00e1cido l\u00e1ctico. La falda est\u00e1 confeccionada en tejido Light Stretch Layer ultraligero con microcortes l\u00e1ser para una ventilaci\u00f3n diferenciada. Cintura el\u00e1stica con fald\u00f3n de m\u00faltiples bolsillos y dobladillo pegado.<\/p>\n<p>Caracter\u00edsticas:<\/p>\n<p>-Pantal\u00f3n corto interior Revolutional Slim<br \/>\n-Mejora la microcirculaci\u00f3n y favorece la eliminaci\u00f3n del \u00e1cido l\u00e1ctico<br \/>\n-Zonas de ventilaci\u00f3n diferenciada con corte l\u00e1ser<br \/>\n-3 bolsillos en la cintura, 1 de ellos con cremallera<\/p>\n","protected":false},"excerpt":{"rendered":"<p><span style=\"font-weight: 400\">Pantal\u00f3n corto ajustado con una falda superpuesta de tejido muy ligero, el\u00e1stico y con tratamiento DWR. La cintura cuenta con numerosos bolsillos: dos para geles y uno con cremallera; modelo con inserciones de colores.<\/span><\/p>\n","protected":false},"featured_media":236756,"template":"","meta":{"_acf_changed":false,"inline_featured_image":false},"product_brand":[],"product_cat":[24395,24401,24402],"product_tag":[23488,23646],"class_list":{"0":"post-277070","1":"product","2":"type-product","3":"status-publish","4":"has-post-thumbnail","6":"product_cat-pantalones-cortos","7":"product_cat-ropa-de-mujer","8":"product_cat-mujer","9":"product_tag-crazy-idea-es","10":"product_tag-crazy-idea-mujer","11":"pa_attivita-trail-es","12":"pa_colore-skort-voltage-w-dardik-es","13":"pa_colore-skort-voltage-w-flames-es","14":"pa_colore-skort-voltage-w-i-love-running-es","15":"pa_colore-skort-voltage-w-mountain-flower-es","16":"pa_colore-skort-voltage-w-print-light-jeans-es","17":"pa_marca-crazy-idea-es","18":"pa_sesso-mujer","19":"pa_size-extra-small-es","20":"pa_size-small-es","21":"pa_size-medium-es","23":"first","24":"instock","25":"sale","26":"taxable","27":"shipping-taxable","28":"purchasable","29":"product-type-variable","30":"wvs-archive-product-wrapper"},"acf":[],"yoast_head":"<!-- This site is optimized with the Yoast SEO plugin v26.8 - https:\/\/yoast.com\/product\/yoast-seo-wordpress\/ -->\n<title>Crazy Idea Skort Voltage mujer - Pantalones cortos para mujer - MioMioRun<\/title>\n<meta name=\"description\" content=\"La falda-pantal\u00f3n de running es la prenda m\u00e1s emblem\u00e1tica de la colecci\u00f3n, un aut\u00e9ntico \u00abimprescindible\u00bb para las atletas que participan en carreras de monta\u00f1a.\" \/>\n<meta name=\"robots\" content=\"index, follow, max-snippet:-1, max-image-preview:large, max-video-preview:-1\" \/>\n<link rel=\"canonical\" href=\"https:\/\/www.miomiorun.com\/es\/producto\/crazy-idea-skort-voltage-mujer\/\" \/>\n<meta property=\"og:locale\" content=\"es_ES\" \/>\n<meta property=\"og:type\" content=\"article\" \/>\n<meta property=\"og:title\" content=\"Crazy Idea Skort Voltage mujer - Pantalones cortos para mujer - MioMioRun\" \/>\n<meta property=\"og:description\" content=\"La falda-pantal\u00f3n de running es la prenda m\u00e1s emblem\u00e1tica de la colecci\u00f3n, un aut\u00e9ntico \u00abimprescindible\u00bb para las atletas que participan en carreras de monta\u00f1a.\" \/>\n<meta property=\"og:url\" content=\"https:\/\/www.miomiorun.com\/es\/producto\/crazy-idea-skort-voltage-mujer\/\" \/>\n<meta property=\"og:site_name\" content=\"MioMioRun\" \/>\n<meta property=\"article:publisher\" content=\"https:\/\/www.facebook.com\/miomiorun\/\" \/>\n<meta property=\"article:modified_time\" content=\"2026-04-30T08:16:01+00:00\" \/>\n<meta property=\"og:image\" content=\"https:\/\/www.miomiorun.com\/app\/uploads\/2022\/05\/crazy-idea-skort-voltage-W-fastlight-S22045015D-00X125.jpg\" \/>\n\t<meta property=\"og:image:width\" content=\"600\" \/>\n\t<meta property=\"og:image:height\" content=\"600\" \/>\n\t<meta property=\"og:image:type\" content=\"image\/jpeg\" \/>\n<meta name=\"twitter:card\" content=\"summary_large_image\" \/>\n<meta name=\"twitter:label1\" content=\"Est. reading time\" \/>\n\t<meta name=\"twitter:data1\" content=\"1 minute\" \/>\n<script type=\"application\/ld+json\" class=\"yoast-schema-graph\">{\"@context\":\"https:\/\/schema.org\",\"@graph\":[{\"@type\":\"WebPage\",\"@id\":\"https:\/\/www.miomiorun.com\/es\/producto\/crazy-idea-skort-voltage-mujer\/\",\"url\":\"https:\/\/www.miomiorun.com\/es\/producto\/crazy-idea-skort-voltage-mujer\/\",\"name\":\"Crazy Idea Skort Voltage mujer - Pantalones cortos para mujer - MioMioRun\",\"isPartOf\":{\"@id\":\"https:\/\/www.miomiorun.com\/es\/#website\"},\"primaryImageOfPage\":{\"@id\":\"https:\/\/www.miomiorun.com\/es\/producto\/crazy-idea-skort-voltage-mujer\/#primaryimage\"},\"image\":{\"@id\":\"https:\/\/www.miomiorun.com\/es\/producto\/crazy-idea-skort-voltage-mujer\/#primaryimage\"},\"thumbnailUrl\":\"https:\/\/www.miomiorun.com\/app\/uploads\/2022\/05\/crazy-idea-skort-voltage-W-fastlight-S22045015D-00X125.jpg\",\"datePublished\":\"2021-04-15T10:16:59+00:00\",\"dateModified\":\"2026-04-30T08:16:01+00:00\",\"description\":\"La falda-pantal\u00f3n de running es la prenda m\u00e1s emblem\u00e1tica de la colecci\u00f3n, un aut\u00e9ntico \u00abimprescindible\u00bb para las atletas que participan en carreras de monta\u00f1a.\",\"breadcrumb\":{\"@id\":\"https:\/\/www.miomiorun.com\/es\/producto\/crazy-idea-skort-voltage-mujer\/#breadcrumb\"},\"inLanguage\":\"es-ES\",\"potentialAction\":[{\"@type\":\"ReadAction\",\"target\":[\"https:\/\/www.miomiorun.com\/es\/producto\/crazy-idea-skort-voltage-mujer\/\"]}]},{\"@type\":\"ImageObject\",\"inLanguage\":\"es-ES\",\"@id\":\"https:\/\/www.miomiorun.com\/es\/producto\/crazy-idea-skort-voltage-mujer\/#primaryimage\",\"url\":\"https:\/\/www.miomiorun.com\/app\/uploads\/2022\/05\/crazy-idea-skort-voltage-W-fastlight-S22045015D-00X125.jpg\",\"contentUrl\":\"https:\/\/www.miomiorun.com\/app\/uploads\/2022\/05\/crazy-idea-skort-voltage-W-fastlight-S22045015D-00X125.jpg\",\"width\":600,\"height\":600,\"caption\":\"crazy-idea-skort-voltage-W-fast&light-S22045015D-00X125\"},{\"@type\":\"BreadcrumbList\",\"@id\":\"https:\/\/www.miomiorun.com\/es\/producto\/crazy-idea-skort-voltage-mujer\/#breadcrumb\",\"itemListElement\":[{\"@type\":\"ListItem\",\"position\":1,\"name\":\"Home\",\"item\":\"https:\/\/www.miomiorun.com\/es\/\"},{\"@type\":\"ListItem\",\"position\":2,\"name\":\"Shop\",\"item\":\"https:\/\/www.miomiorun.com\/shop\/\"},{\"@type\":\"ListItem\",\"position\":3,\"name\":\"Skort Voltage mujer\"}]},{\"@type\":\"WebSite\",\"@id\":\"https:\/\/www.miomiorun.com\/es\/#website\",\"url\":\"https:\/\/www.miomiorun.com\/es\/\",\"name\":\"MioMioRun\",\"description\":\"Tienda 100% running y trail\",\"publisher\":{\"@id\":\"https:\/\/www.miomiorun.com\/es\/#organization\"},\"potentialAction\":[{\"@type\":\"SearchAction\",\"target\":{\"@type\":\"EntryPoint\",\"urlTemplate\":\"https:\/\/www.miomiorun.com\/es\/?s={search_term_string}\"},\"query-input\":{\"@type\":\"PropertyValueSpecification\",\"valueRequired\":true,\"valueName\":\"search_term_string\"}}],\"inLanguage\":\"es-ES\"},{\"@type\":\"Organization\",\"@id\":\"https:\/\/www.miomiorun.com\/es\/#organization\",\"name\":\"MioMio Run\",\"url\":\"https:\/\/www.miomiorun.com\/es\/\",\"logo\":{\"@type\":\"ImageObject\",\"inLanguage\":\"es-ES\",\"@id\":\"https:\/\/www.miomiorun.com\/es\/#\/schema\/logo\/image\/\",\"url\":\"https:\/\/www.miomiorun.com\/app\/uploads\/2019\/12\/logomio.png\",\"contentUrl\":\"https:\/\/www.miomiorun.com\/app\/uploads\/2019\/12\/logomio.png\",\"width\":115,\"height\":82,\"caption\":\"MioMio Run\"},\"image\":{\"@id\":\"https:\/\/www.miomiorun.com\/es\/#\/schema\/logo\/image\/\"},\"sameAs\":[\"https:\/\/www.facebook.com\/miomiorun\/\",\"https:\/\/www.instagram.com\/miomiorun\/\"]}]}<\/script>\n<!-- \/ Yoast SEO plugin. -->","yoast_head_json":{"title":"Crazy Idea Skort Voltage mujer - Pantalones cortos para mujer - MioMioRun","description":"La falda-pantal\u00f3n de running es la prenda m\u00e1s emblem\u00e1tica de la colecci\u00f3n, un aut\u00e9ntico \u00abimprescindible\u00bb para las atletas que participan en carreras de monta\u00f1a.","robots":{"index":"index","follow":"follow","max-snippet":"max-snippet:-1","max-image-preview":"max-image-preview:large","max-video-preview":"max-video-preview:-1"},"canonical":"https:\/\/www.miomiorun.com\/es\/producto\/crazy-idea-skort-voltage-mujer\/","og_locale":"es_ES","og_type":"article","og_title":"Crazy Idea Skort Voltage mujer - Pantalones cortos para mujer - MioMioRun","og_description":"La falda-pantal\u00f3n de running es la prenda m\u00e1s emblem\u00e1tica de la colecci\u00f3n, un aut\u00e9ntico \u00abimprescindible\u00bb para las atletas que participan en carreras de monta\u00f1a.","og_url":"https:\/\/www.miomiorun.com\/es\/producto\/crazy-idea-skort-voltage-mujer\/","og_site_name":"MioMioRun","article_publisher":"https:\/\/www.facebook.com\/miomiorun\/","article_modified_time":"2026-04-30T08:16:01+00:00","og_image":[{"width":600,"height":600,"url":"https:\/\/www.miomiorun.com\/app\/uploads\/2022\/05\/crazy-idea-skort-voltage-W-fastlight-S22045015D-00X125.jpg","type":"image\/jpeg"}],"twitter_card":"summary_large_image","twitter_misc":{"Est. reading time":"1 minute"},"schema":{"@context":"https:\/\/schema.org","@graph":[{"@type":"WebPage","@id":"https:\/\/www.miomiorun.com\/es\/producto\/crazy-idea-skort-voltage-mujer\/","url":"https:\/\/www.miomiorun.com\/es\/producto\/crazy-idea-skort-voltage-mujer\/","name":"Crazy Idea Skort Voltage mujer - Pantalones cortos para mujer - MioMioRun","isPartOf":{"@id":"https:\/\/www.miomiorun.com\/es\/#website"},"primaryImageOfPage":{"@id":"https:\/\/www.miomiorun.com\/es\/producto\/crazy-idea-skort-voltage-mujer\/#primaryimage"},"image":{"@id":"https:\/\/www.miomiorun.com\/es\/producto\/crazy-idea-skort-voltage-mujer\/#primaryimage"},"thumbnailUrl":"https:\/\/www.miomiorun.com\/app\/uploads\/2022\/05\/crazy-idea-skort-voltage-W-fastlight-S22045015D-00X125.jpg","datePublished":"2021-04-15T10:16:59+00:00","dateModified":"2026-04-30T08:16:01+00:00","description":"La falda-pantal\u00f3n de running es la prenda m\u00e1s emblem\u00e1tica de la colecci\u00f3n, un aut\u00e9ntico \u00abimprescindible\u00bb para las atletas que participan en carreras de monta\u00f1a.","breadcrumb":{"@id":"https:\/\/www.miomiorun.com\/es\/producto\/crazy-idea-skort-voltage-mujer\/#breadcrumb"},"inLanguage":"es-ES","potentialAction":[{"@type":"ReadAction","target":["https:\/\/www.miomiorun.com\/es\/producto\/crazy-idea-skort-voltage-mujer\/"]}]},{"@type":"ImageObject","inLanguage":"es-ES","@id":"https:\/\/www.miomiorun.com\/es\/producto\/crazy-idea-skort-voltage-mujer\/#primaryimage","url":"https:\/\/www.miomiorun.com\/app\/uploads\/2022\/05\/crazy-idea-skort-voltage-W-fastlight-S22045015D-00X125.jpg","contentUrl":"https:\/\/www.miomiorun.com\/app\/uploads\/2022\/05\/crazy-idea-skort-voltage-W-fastlight-S22045015D-00X125.jpg","width":600,"height":600,"caption":"crazy-idea-skort-voltage-W-fast&light-S22045015D-00X125"},{"@type":"BreadcrumbList","@id":"https:\/\/www.miomiorun.com\/es\/producto\/crazy-idea-skort-voltage-mujer\/#breadcrumb","itemListElement":[{"@type":"ListItem","position":1,"name":"Home","item":"https:\/\/www.miomiorun.com\/es\/"},{"@type":"ListItem","position":2,"name":"Shop","item":"https:\/\/www.miomiorun.com\/shop\/"},{"@type":"ListItem","position":3,"name":"Skort Voltage mujer"}]},{"@type":"WebSite","@id":"https:\/\/www.miomiorun.com\/es\/#website","url":"https:\/\/www.miomiorun.com\/es\/","name":"MioMioRun","description":"Tienda 100% running y trail","publisher":{"@id":"https:\/\/www.miomiorun.com\/es\/#organization"},"potentialAction":[{"@type":"SearchAction","target":{"@type":"EntryPoint","urlTemplate":"https:\/\/www.miomiorun.com\/es\/?s={search_term_string}"},"query-input":{"@type":"PropertyValueSpecification","valueRequired":true,"valueName":"search_term_string"}}],"inLanguage":"es-ES"},{"@type":"Organization","@id":"https:\/\/www.miomiorun.com\/es\/#organization","name":"MioMio Run","url":"https:\/\/www.miomiorun.com\/es\/","logo":{"@type":"ImageObject","inLanguage":"es-ES","@id":"https:\/\/www.miomiorun.com\/es\/#\/schema\/logo\/image\/","url":"https:\/\/www.miomiorun.com\/app\/uploads\/2019\/12\/logomio.png","contentUrl":"https:\/\/www.miomiorun.com\/app\/uploads\/2019\/12\/logomio.png","width":115,"height":82,"caption":"MioMio Run"},"image":{"@id":"https:\/\/www.miomiorun.com\/es\/#\/schema\/logo\/image\/"},"sameAs":["https:\/\/www.facebook.com\/miomiorun\/","https:\/\/www.instagram.com\/miomiorun\/"]}]}},"_links":{"self":[{"href":"https:\/\/www.miomiorun.com\/es\/wp-json\/wp\/v2\/product\/277070","targetHints":{"allow":["GET"]}}],"collection":[{"href":"https:\/\/www.miomiorun.com\/es\/wp-json\/wp\/v2\/product"}],"about":[{"href":"https:\/\/www.miomiorun.com\/es\/wp-json\/wp\/v2\/types\/product"}],"wp:featuredmedia":[{"embeddable":true,"href":"https:\/\/www.miomiorun.com\/es\/wp-json\/wp\/v2\/media\/236756"}],"wp:attachment":[{"href":"https:\/\/www.miomiorun.com\/es\/wp-json\/wp\/v2\/media?parent=277070"}],"wp:term":[{"taxonomy":"product_brand","embeddable":true,"href":"https:\/\/www.miomiorun.com\/es\/wp-json\/wp\/v2\/product_brand?post=277070"},{"taxonomy":"product_cat","embeddable":true,"href":"https:\/\/www.miomiorun.com\/es\/wp-json\/wp\/v2\/product_cat?post=277070"},{"taxonomy":"product_tag","embeddable":true,"href":"https:\/\/www.miomiorun.com\/es\/wp-json\/wp\/v2\/product_tag?post=277070"}],"curies":[{"name":"wp","href":"https:\/\/api.w.org\/{rel}","templated":true}]}}