{"id":277064,"date":"2021-04-15T12:25:52","date_gmt":"2021-04-15T10:25:52","guid":{"rendered":"https:\/\/miomiorun.com\/prodotto\/crazy-idea-jkt-shark-donna\/"},"modified":"2026-04-30T10:17:23","modified_gmt":"2026-04-30T08:17:23","slug":"crazy-idea-jkt-shark-mujer","status":"publish","type":"product","link":"https:\/\/www.miomiorun.com\/es\/producto\/crazy-idea-jkt-shark-mujer\/","title":{"rendered":"Jkt Shark mujer"},"content":{"rendered":"<p>\u00a1La chaqueta definitiva en versi\u00f3n femenina, tanto en colores como en corte! No tiene nada que envidiar a ninguna otra prenda del mercado, ya que se ha creado con un \u00fanico objetivo: facilitar la vida a quienes se ven atrapados bajo un aguacero mientras corren por la monta\u00f1a. El tejido es de nylon Dermizax ligero, impermeable (2,75 g\/m\u00b2), con una columna de agua de 20 000 mm, transpirable y compactable. Todas las costuras est\u00e1n selladas y el\u00e1sticas, la capucha es ajustable con una banda de microfibra que absorbe el sudor y una visera r\u00edgida, y cuenta con dos bolsillos en la espalda con solapa de seguridad, ideales para guardar guantes, gorra o barritas y geles para usar durante la carrera. Adem\u00e1s, cuenta con el sistema Shark ideado por Crazy, con aberturas de ventilaci\u00f3n bajo las axilas que evitan la formaci\u00f3n de condensaci\u00f3n en el interior. La \u00fanica chaqueta que te mantiene seco tanto por ser impermeable como por ser realmente transpirable.<\/p>\n<p>Caracter\u00edsticas:<\/p>\n<p>-2 bolsillos traseros con cierre Fast Lock<br \/>\n-Capucha ajustable<br \/>\n-Costuras selladas t\u00e9rmicamente<br \/>\n-Impermeable 20 000 mm<br \/>\n-Cumple con la normativa ITRA<br \/>\n-Innovador sistema de ventilaci\u00f3n Crazy SHARK<\/p>\n","protected":false},"excerpt":{"rendered":"<p>\u00a1La chaqueta definitiva en versi\u00f3n femenina, tanto en colores como en corte! No tiene nada que envidiar a ninguna otra prenda del mercado, ya que se ha creado con un \u00fanico objetivo: facilitar la vida a quienes se ven atrapados bajo un aguacero mientras corren por la monta\u00f1a. El tejido es de nylon Dermizax ligero, &hellip; <a href=\"https:\/\/www.miomiorun.com\/es\/producto\/crazy-idea-jkt-shark-mujer\/\">Continued<\/a><\/p>\n","protected":false},"featured_media":231672,"template":"","meta":{"_acf_changed":false,"inline_featured_image":false},"product_brand":[],"product_cat":[24398,24401],"product_tag":[23488,23646],"class_list":{"0":"post-277064","1":"product","2":"type-product","3":"status-publish","4":"has-post-thumbnail","6":"product_cat-chaquetas","7":"product_cat-ropa-de-mujer","8":"product_tag-crazy-idea-es","9":"product_tag-crazy-idea-mujer","10":"pa_attivita-outdoor-es","11":"pa_attivita-trail-es","12":"pa_colore-jkt-shark-w-allium-flower-es","13":"pa_colore-jkt-shark-w-black","14":"pa_colore-jkt-shark-w-chewing-gum-es","15":"pa_colore-jkt-shark-w-fastlight-es","16":"pa_colore-jkt-shark-w-mandala-2-es","17":"pa_colore-jkt-shark-w-mandala-3-es","18":"pa_colore-jkt-shark-w-pop-es","19":"pa_marca-crazy-idea-es","20":"pa_sesso-mujer","21":"pa_size-extra-small-es","22":"pa_size-small-es","23":"pa_size-medium-es","24":"pa_size-large-es","26":"first","27":"instock","28":"sale","29":"taxable","30":"shipping-taxable","31":"purchasable","32":"product-type-variable","33":"wvs-archive-product-wrapper"},"acf":[],"yoast_head":"<!-- This site is optimized with the Yoast SEO plugin v26.8 - https:\/\/yoast.com\/product\/yoast-seo-wordpress\/ -->\n<title>Crazy Idea Jkt Shark mujer - Chaqueta de invierno - MioMioRun.com<\/title>\n<meta name=\"description\" content=\"\u00a1La chaqueta definitiva en versi\u00f3n femenina, tanto en colores como en corte! No tiene nada que envidiar a ninguna otra prenda del mercado.\" \/>\n<meta name=\"robots\" content=\"index, follow, max-snippet:-1, max-image-preview:large, max-video-preview:-1\" \/>\n<link rel=\"canonical\" href=\"https:\/\/www.miomiorun.com\/es\/producto\/crazy-idea-jkt-shark-mujer\/\" \/>\n<meta property=\"og:locale\" content=\"es_ES\" \/>\n<meta property=\"og:type\" content=\"article\" \/>\n<meta property=\"og:title\" content=\"Crazy Idea Jkt Shark mujer - Chaqueta de invierno - MioMioRun.com\" \/>\n<meta property=\"og:description\" content=\"\u00a1La chaqueta definitiva en versi\u00f3n femenina, tanto en colores como en corte! No tiene nada que envidiar a ninguna otra prenda del mercado.\" \/>\n<meta property=\"og:url\" content=\"https:\/\/www.miomiorun.com\/es\/producto\/crazy-idea-jkt-shark-mujer\/\" \/>\n<meta property=\"og:site_name\" content=\"MioMioRun\" \/>\n<meta property=\"article:publisher\" content=\"https:\/\/www.facebook.com\/miomiorun\/\" \/>\n<meta property=\"article:modified_time\" content=\"2026-04-30T08:17:23+00:00\" \/>\n<meta property=\"og:image\" content=\"https:\/\/www.miomiorun.com\/app\/uploads\/2021\/04\/crazy-idea-JKT-Shark-W-S21055101D-00X096.jpg\" \/>\n\t<meta property=\"og:image:width\" content=\"600\" \/>\n\t<meta property=\"og:image:height\" content=\"600\" \/>\n\t<meta property=\"og:image:type\" content=\"image\/jpeg\" \/>\n<meta name=\"twitter:card\" content=\"summary_large_image\" \/>\n<meta name=\"twitter:label1\" content=\"Est. reading time\" \/>\n\t<meta name=\"twitter:data1\" content=\"1 minute\" \/>\n<script type=\"application\/ld+json\" class=\"yoast-schema-graph\">{\"@context\":\"https:\/\/schema.org\",\"@graph\":[{\"@type\":\"WebPage\",\"@id\":\"https:\/\/www.miomiorun.com\/es\/producto\/crazy-idea-jkt-shark-mujer\/\",\"url\":\"https:\/\/www.miomiorun.com\/es\/producto\/crazy-idea-jkt-shark-mujer\/\",\"name\":\"Crazy Idea Jkt Shark mujer - Chaqueta de invierno - MioMioRun.com\",\"isPartOf\":{\"@id\":\"https:\/\/www.miomiorun.com\/es\/#website\"},\"primaryImageOfPage\":{\"@id\":\"https:\/\/www.miomiorun.com\/es\/producto\/crazy-idea-jkt-shark-mujer\/#primaryimage\"},\"image\":{\"@id\":\"https:\/\/www.miomiorun.com\/es\/producto\/crazy-idea-jkt-shark-mujer\/#primaryimage\"},\"thumbnailUrl\":\"https:\/\/www.miomiorun.com\/app\/uploads\/2021\/04\/crazy-idea-JKT-Shark-W-S21055101D-00X096.jpg\",\"datePublished\":\"2021-04-15T10:25:52+00:00\",\"dateModified\":\"2026-04-30T08:17:23+00:00\",\"description\":\"\u00a1La chaqueta definitiva en versi\u00f3n femenina, tanto en colores como en corte! No tiene nada que envidiar a ninguna otra prenda del mercado.\",\"breadcrumb\":{\"@id\":\"https:\/\/www.miomiorun.com\/es\/producto\/crazy-idea-jkt-shark-mujer\/#breadcrumb\"},\"inLanguage\":\"es-ES\",\"potentialAction\":[{\"@type\":\"ReadAction\",\"target\":[\"https:\/\/www.miomiorun.com\/es\/producto\/crazy-idea-jkt-shark-mujer\/\"]}]},{\"@type\":\"ImageObject\",\"inLanguage\":\"es-ES\",\"@id\":\"https:\/\/www.miomiorun.com\/es\/producto\/crazy-idea-jkt-shark-mujer\/#primaryimage\",\"url\":\"https:\/\/www.miomiorun.com\/app\/uploads\/2021\/04\/crazy-idea-JKT-Shark-W-S21055101D-00X096.jpg\",\"contentUrl\":\"https:\/\/www.miomiorun.com\/app\/uploads\/2021\/04\/crazy-idea-JKT-Shark-W-S21055101D-00X096.jpg\",\"width\":600,\"height\":600,\"caption\":\"crazy idea jkt shark donna\"},{\"@type\":\"BreadcrumbList\",\"@id\":\"https:\/\/www.miomiorun.com\/es\/producto\/crazy-idea-jkt-shark-mujer\/#breadcrumb\",\"itemListElement\":[{\"@type\":\"ListItem\",\"position\":1,\"name\":\"Home\",\"item\":\"https:\/\/www.miomiorun.com\/es\/\"},{\"@type\":\"ListItem\",\"position\":2,\"name\":\"Shop\",\"item\":\"https:\/\/www.miomiorun.com\/shop\/\"},{\"@type\":\"ListItem\",\"position\":3,\"name\":\"Jkt Shark mujer\"}]},{\"@type\":\"WebSite\",\"@id\":\"https:\/\/www.miomiorun.com\/es\/#website\",\"url\":\"https:\/\/www.miomiorun.com\/es\/\",\"name\":\"MioMioRun\",\"description\":\"Tienda 100% running y trail\",\"publisher\":{\"@id\":\"https:\/\/www.miomiorun.com\/es\/#organization\"},\"potentialAction\":[{\"@type\":\"SearchAction\",\"target\":{\"@type\":\"EntryPoint\",\"urlTemplate\":\"https:\/\/www.miomiorun.com\/es\/?s={search_term_string}\"},\"query-input\":{\"@type\":\"PropertyValueSpecification\",\"valueRequired\":true,\"valueName\":\"search_term_string\"}}],\"inLanguage\":\"es-ES\"},{\"@type\":\"Organization\",\"@id\":\"https:\/\/www.miomiorun.com\/es\/#organization\",\"name\":\"MioMio Run\",\"url\":\"https:\/\/www.miomiorun.com\/es\/\",\"logo\":{\"@type\":\"ImageObject\",\"inLanguage\":\"es-ES\",\"@id\":\"https:\/\/www.miomiorun.com\/es\/#\/schema\/logo\/image\/\",\"url\":\"https:\/\/www.miomiorun.com\/app\/uploads\/2019\/12\/logomio.png\",\"contentUrl\":\"https:\/\/www.miomiorun.com\/app\/uploads\/2019\/12\/logomio.png\",\"width\":115,\"height\":82,\"caption\":\"MioMio Run\"},\"image\":{\"@id\":\"https:\/\/www.miomiorun.com\/es\/#\/schema\/logo\/image\/\"},\"sameAs\":[\"https:\/\/www.facebook.com\/miomiorun\/\",\"https:\/\/www.instagram.com\/miomiorun\/\"]}]}<\/script>\n<!-- \/ Yoast SEO plugin. -->","yoast_head_json":{"title":"Crazy Idea Jkt Shark mujer - Chaqueta de invierno - MioMioRun.com","description":"\u00a1La chaqueta definitiva en versi\u00f3n femenina, tanto en colores como en corte! No tiene nada que envidiar a ninguna otra prenda del mercado.","robots":{"index":"index","follow":"follow","max-snippet":"max-snippet:-1","max-image-preview":"max-image-preview:large","max-video-preview":"max-video-preview:-1"},"canonical":"https:\/\/www.miomiorun.com\/es\/producto\/crazy-idea-jkt-shark-mujer\/","og_locale":"es_ES","og_type":"article","og_title":"Crazy Idea Jkt Shark mujer - Chaqueta de invierno - MioMioRun.com","og_description":"\u00a1La chaqueta definitiva en versi\u00f3n femenina, tanto en colores como en corte! No tiene nada que envidiar a ninguna otra prenda del mercado.","og_url":"https:\/\/www.miomiorun.com\/es\/producto\/crazy-idea-jkt-shark-mujer\/","og_site_name":"MioMioRun","article_publisher":"https:\/\/www.facebook.com\/miomiorun\/","article_modified_time":"2026-04-30T08:17:23+00:00","og_image":[{"width":600,"height":600,"url":"https:\/\/www.miomiorun.com\/app\/uploads\/2021\/04\/crazy-idea-JKT-Shark-W-S21055101D-00X096.jpg","type":"image\/jpeg"}],"twitter_card":"summary_large_image","twitter_misc":{"Est. reading time":"1 minute"},"schema":{"@context":"https:\/\/schema.org","@graph":[{"@type":"WebPage","@id":"https:\/\/www.miomiorun.com\/es\/producto\/crazy-idea-jkt-shark-mujer\/","url":"https:\/\/www.miomiorun.com\/es\/producto\/crazy-idea-jkt-shark-mujer\/","name":"Crazy Idea Jkt Shark mujer - Chaqueta de invierno - MioMioRun.com","isPartOf":{"@id":"https:\/\/www.miomiorun.com\/es\/#website"},"primaryImageOfPage":{"@id":"https:\/\/www.miomiorun.com\/es\/producto\/crazy-idea-jkt-shark-mujer\/#primaryimage"},"image":{"@id":"https:\/\/www.miomiorun.com\/es\/producto\/crazy-idea-jkt-shark-mujer\/#primaryimage"},"thumbnailUrl":"https:\/\/www.miomiorun.com\/app\/uploads\/2021\/04\/crazy-idea-JKT-Shark-W-S21055101D-00X096.jpg","datePublished":"2021-04-15T10:25:52+00:00","dateModified":"2026-04-30T08:17:23+00:00","description":"\u00a1La chaqueta definitiva en versi\u00f3n femenina, tanto en colores como en corte! No tiene nada que envidiar a ninguna otra prenda del mercado.","breadcrumb":{"@id":"https:\/\/www.miomiorun.com\/es\/producto\/crazy-idea-jkt-shark-mujer\/#breadcrumb"},"inLanguage":"es-ES","potentialAction":[{"@type":"ReadAction","target":["https:\/\/www.miomiorun.com\/es\/producto\/crazy-idea-jkt-shark-mujer\/"]}]},{"@type":"ImageObject","inLanguage":"es-ES","@id":"https:\/\/www.miomiorun.com\/es\/producto\/crazy-idea-jkt-shark-mujer\/#primaryimage","url":"https:\/\/www.miomiorun.com\/app\/uploads\/2021\/04\/crazy-idea-JKT-Shark-W-S21055101D-00X096.jpg","contentUrl":"https:\/\/www.miomiorun.com\/app\/uploads\/2021\/04\/crazy-idea-JKT-Shark-W-S21055101D-00X096.jpg","width":600,"height":600,"caption":"crazy idea jkt shark donna"},{"@type":"BreadcrumbList","@id":"https:\/\/www.miomiorun.com\/es\/producto\/crazy-idea-jkt-shark-mujer\/#breadcrumb","itemListElement":[{"@type":"ListItem","position":1,"name":"Home","item":"https:\/\/www.miomiorun.com\/es\/"},{"@type":"ListItem","position":2,"name":"Shop","item":"https:\/\/www.miomiorun.com\/shop\/"},{"@type":"ListItem","position":3,"name":"Jkt Shark mujer"}]},{"@type":"WebSite","@id":"https:\/\/www.miomiorun.com\/es\/#website","url":"https:\/\/www.miomiorun.com\/es\/","name":"MioMioRun","description":"Tienda 100% running y trail","publisher":{"@id":"https:\/\/www.miomiorun.com\/es\/#organization"},"potentialAction":[{"@type":"SearchAction","target":{"@type":"EntryPoint","urlTemplate":"https:\/\/www.miomiorun.com\/es\/?s={search_term_string}"},"query-input":{"@type":"PropertyValueSpecification","valueRequired":true,"valueName":"search_term_string"}}],"inLanguage":"es-ES"},{"@type":"Organization","@id":"https:\/\/www.miomiorun.com\/es\/#organization","name":"MioMio Run","url":"https:\/\/www.miomiorun.com\/es\/","logo":{"@type":"ImageObject","inLanguage":"es-ES","@id":"https:\/\/www.miomiorun.com\/es\/#\/schema\/logo\/image\/","url":"https:\/\/www.miomiorun.com\/app\/uploads\/2019\/12\/logomio.png","contentUrl":"https:\/\/www.miomiorun.com\/app\/uploads\/2019\/12\/logomio.png","width":115,"height":82,"caption":"MioMio Run"},"image":{"@id":"https:\/\/www.miomiorun.com\/es\/#\/schema\/logo\/image\/"},"sameAs":["https:\/\/www.facebook.com\/miomiorun\/","https:\/\/www.instagram.com\/miomiorun\/"]}]}},"_links":{"self":[{"href":"https:\/\/www.miomiorun.com\/es\/wp-json\/wp\/v2\/product\/277064","targetHints":{"allow":["GET"]}}],"collection":[{"href":"https:\/\/www.miomiorun.com\/es\/wp-json\/wp\/v2\/product"}],"about":[{"href":"https:\/\/www.miomiorun.com\/es\/wp-json\/wp\/v2\/types\/product"}],"wp:featuredmedia":[{"embeddable":true,"href":"https:\/\/www.miomiorun.com\/es\/wp-json\/wp\/v2\/media\/231672"}],"wp:attachment":[{"href":"https:\/\/www.miomiorun.com\/es\/wp-json\/wp\/v2\/media?parent=277064"}],"wp:term":[{"taxonomy":"product_brand","embeddable":true,"href":"https:\/\/www.miomiorun.com\/es\/wp-json\/wp\/v2\/product_brand?post=277064"},{"taxonomy":"product_cat","embeddable":true,"href":"https:\/\/www.miomiorun.com\/es\/wp-json\/wp\/v2\/product_cat?post=277064"},{"taxonomy":"product_tag","embeddable":true,"href":"https:\/\/www.miomiorun.com\/es\/wp-json\/wp\/v2\/product_tag?post=277064"}],"curies":[{"name":"wp","href":"https:\/\/api.w.org\/{rel}","templated":true}]}}