{"id":277040,"date":"2021-04-16T16:43:04","date_gmt":"2021-04-16T14:43:04","guid":{"rendered":"https:\/\/miomiorun.com\/prodotto\/crazy-idea-short-lightning-donna\/"},"modified":"2026-04-30T10:21:07","modified_gmt":"2026-04-30T08:21:07","slug":"crazy-idea-short-lightning-mujer","status":"publish","type":"product","link":"https:\/\/www.miomiorun.com\/es\/producto\/crazy-idea-short-lightning-mujer\/","title":{"rendered":"Short lightning mujer"},"content":{"rendered":"<div class=\"single-product-description\">\n<p>Pantal\u00f3n corto minimalista para correr con calzoncillo interior sin costuras y con bordes sin rematar, dise\u00f1ado pensando en carreras de monta\u00f1a cortas, r\u00e1pidas y din\u00e1micas o en carreras verticales, donde la ligereza y la libertad de movimientos son fundamentales. El tejido utilizado es el Light Stretch, un material ultraligero, biel\u00e1stico y de secado r\u00e1pido con tratamiento de grafeno. El innovador sistema de corte l\u00e1ser aplicado en zonas espec\u00edficas favorece la ventilaci\u00f3n. Cintura el\u00e1stica alta con bolsillos para geles y otros objetos peque\u00f1os, corte l\u00e1ser y pegado en la parte inferior de la pierna.<\/p>\n<p><strong>Caracter\u00edsticas:<\/strong><\/p>\n<ul>\n<li>Un v\u00eddeo corto y minimalista de VK<\/li>\n<li>Banda alta con bolsillos<\/li>\n<li>\u00c1reas diferenciadas mediante corte por l\u00e1ser<\/li>\n<li>Braguitas interiores con corte sin rematar<\/li>\n<li>Tejido el\u00e1stico con tratamiento de grafeno<\/li>\n<\/ul>\n<\/div>\n","protected":false},"excerpt":{"rendered":"<p>Pantal\u00f3n corto minimalista para correr con calzoncillo interior sin costuras y con bordes sin rematar, dise\u00f1ado pensando en carreras de monta\u00f1a cortas, r\u00e1pidas y din\u00e1micas o en carreras verticales, donde la ligereza y la libertad de movimientos son fundamentales. El tejido utilizado es el Light Stretch, un material ultraligero, biel\u00e1stico y de secado r\u00e1pido con &hellip; <a href=\"https:\/\/www.miomiorun.com\/es\/producto\/crazy-idea-short-lightning-mujer\/\">Continued<\/a><\/p>\n","protected":false},"featured_media":236754,"template":"","meta":{"_acf_changed":false,"inline_featured_image":false},"product_brand":[],"product_cat":[24395,24401,24402],"product_tag":[23488,23646],"class_list":{"0":"post-277040","1":"product","2":"type-product","3":"status-publish","4":"has-post-thumbnail","6":"product_cat-pantalones-cortos","7":"product_cat-ropa-de-mujer","8":"product_cat-mujer","9":"product_tag-crazy-idea-es","10":"product_tag-crazy-idea-mujer","11":"pa_attivita-trail-es","12":"pa_colore-short-lightning-w-black-zebra-es-2","13":"pa_colore-short-lightning-w-black-zebra-es","14":"pa_colore-short-lightning-w-i-love-running-es","15":"pa_colore-short-lightning-w-mandala-es-2","16":"pa_colore-short-lightning-w-mandala-es","17":"pa_colore-short-lightning-w-mandala-2-es","18":"pa_colore-short-lightning-w-mountain-flower-es","19":"pa_colore-short-lightning-w-print-light-jeans-es","20":"pa_colore-short-lightning-w-tempest-es","21":"pa_colore-shorts-lightning-w-turchese-es","22":"pa_marca-crazy-idea-es","23":"pa_sesso-mujer","24":"pa_size-extra-small-es","25":"pa_size-small-es","26":"pa_size-medium-es","27":"pa_size-large-es","29":"first","30":"instock","31":"sale","32":"taxable","33":"shipping-taxable","34":"purchasable","35":"product-type-variable","36":"wvs-archive-product-wrapper"},"acf":[],"yoast_head":"<!-- This site is optimized with the Yoast SEO plugin v26.8 - https:\/\/yoast.com\/product\/yoast-seo-wordpress\/ -->\n<title>Crazy Idea Short lightning mujer - Pantalones cortos para mujer - MioMioRun<\/title>\n<meta name=\"description\" content=\"Pantalones cortos minimalistas con calzoncillo interior sin costuras y con bordes sin rematar, dise\u00f1ados pensando en carreras de monta\u00f1a cortas, r\u00e1pidas y din\u00e1micas.\" \/>\n<meta name=\"robots\" content=\"index, follow, max-snippet:-1, max-image-preview:large, max-video-preview:-1\" \/>\n<link rel=\"canonical\" href=\"https:\/\/www.miomiorun.com\/es\/producto\/crazy-idea-short-lightning-mujer\/\" \/>\n<meta property=\"og:locale\" content=\"es_ES\" \/>\n<meta property=\"og:type\" content=\"article\" \/>\n<meta property=\"og:title\" content=\"Crazy Idea Short lightning mujer - Pantalones cortos para mujer - MioMioRun\" \/>\n<meta property=\"og:description\" content=\"Pantalones cortos minimalistas con calzoncillo interior sin costuras y con bordes sin rematar, dise\u00f1ados pensando en carreras de monta\u00f1a cortas, r\u00e1pidas y din\u00e1micas.\" \/>\n<meta property=\"og:url\" content=\"https:\/\/www.miomiorun.com\/es\/producto\/crazy-idea-short-lightning-mujer\/\" \/>\n<meta property=\"og:site_name\" content=\"MioMioRun\" \/>\n<meta property=\"article:publisher\" content=\"https:\/\/www.facebook.com\/miomiorun\/\" \/>\n<meta property=\"article:modified_time\" content=\"2026-04-30T08:21:07+00:00\" \/>\n<meta property=\"og:image\" content=\"https:\/\/www.miomiorun.com\/app\/uploads\/2022\/05\/crazy-idea-short-lightning-W-print-light-jeans-S22015197D-00X015.jpg\" \/>\n\t<meta property=\"og:image:width\" content=\"600\" \/>\n\t<meta property=\"og:image:height\" content=\"600\" \/>\n\t<meta property=\"og:image:type\" content=\"image\/jpeg\" \/>\n<meta name=\"twitter:card\" content=\"summary_large_image\" \/>\n<meta name=\"twitter:label1\" content=\"Est. reading time\" \/>\n\t<meta name=\"twitter:data1\" content=\"1 minute\" \/>\n<script type=\"application\/ld+json\" class=\"yoast-schema-graph\">{\"@context\":\"https:\/\/schema.org\",\"@graph\":[{\"@type\":\"WebPage\",\"@id\":\"https:\/\/www.miomiorun.com\/es\/producto\/crazy-idea-short-lightning-mujer\/\",\"url\":\"https:\/\/www.miomiorun.com\/es\/producto\/crazy-idea-short-lightning-mujer\/\",\"name\":\"Crazy Idea Short lightning mujer - Pantalones cortos para mujer - MioMioRun\",\"isPartOf\":{\"@id\":\"https:\/\/www.miomiorun.com\/es\/#website\"},\"primaryImageOfPage\":{\"@id\":\"https:\/\/www.miomiorun.com\/es\/producto\/crazy-idea-short-lightning-mujer\/#primaryimage\"},\"image\":{\"@id\":\"https:\/\/www.miomiorun.com\/es\/producto\/crazy-idea-short-lightning-mujer\/#primaryimage\"},\"thumbnailUrl\":\"https:\/\/www.miomiorun.com\/app\/uploads\/2022\/05\/crazy-idea-short-lightning-W-print-light-jeans-S22015197D-00X015.jpg\",\"datePublished\":\"2021-04-16T14:43:04+00:00\",\"dateModified\":\"2026-04-30T08:21:07+00:00\",\"description\":\"Pantalones cortos minimalistas con calzoncillo interior sin costuras y con bordes sin rematar, dise\u00f1ados pensando en carreras de monta\u00f1a cortas, r\u00e1pidas y din\u00e1micas.\",\"breadcrumb\":{\"@id\":\"https:\/\/www.miomiorun.com\/es\/producto\/crazy-idea-short-lightning-mujer\/#breadcrumb\"},\"inLanguage\":\"es-ES\",\"potentialAction\":[{\"@type\":\"ReadAction\",\"target\":[\"https:\/\/www.miomiorun.com\/es\/producto\/crazy-idea-short-lightning-mujer\/\"]}]},{\"@type\":\"ImageObject\",\"inLanguage\":\"es-ES\",\"@id\":\"https:\/\/www.miomiorun.com\/es\/producto\/crazy-idea-short-lightning-mujer\/#primaryimage\",\"url\":\"https:\/\/www.miomiorun.com\/app\/uploads\/2022\/05\/crazy-idea-short-lightning-W-print-light-jeans-S22015197D-00X015.jpg\",\"contentUrl\":\"https:\/\/www.miomiorun.com\/app\/uploads\/2022\/05\/crazy-idea-short-lightning-W-print-light-jeans-S22015197D-00X015.jpg\",\"width\":600,\"height\":600,\"caption\":\"crazy-idea-short-lightning-W-print-light-jeans-S22015197D-00X015\"},{\"@type\":\"BreadcrumbList\",\"@id\":\"https:\/\/www.miomiorun.com\/es\/producto\/crazy-idea-short-lightning-mujer\/#breadcrumb\",\"itemListElement\":[{\"@type\":\"ListItem\",\"position\":1,\"name\":\"Home\",\"item\":\"https:\/\/www.miomiorun.com\/es\/\"},{\"@type\":\"ListItem\",\"position\":2,\"name\":\"Shop\",\"item\":\"https:\/\/www.miomiorun.com\/shop\/\"},{\"@type\":\"ListItem\",\"position\":3,\"name\":\"Short lightning mujer\"}]},{\"@type\":\"WebSite\",\"@id\":\"https:\/\/www.miomiorun.com\/es\/#website\",\"url\":\"https:\/\/www.miomiorun.com\/es\/\",\"name\":\"MioMioRun\",\"description\":\"Tienda 100% running y trail\",\"publisher\":{\"@id\":\"https:\/\/www.miomiorun.com\/es\/#organization\"},\"potentialAction\":[{\"@type\":\"SearchAction\",\"target\":{\"@type\":\"EntryPoint\",\"urlTemplate\":\"https:\/\/www.miomiorun.com\/es\/?s={search_term_string}\"},\"query-input\":{\"@type\":\"PropertyValueSpecification\",\"valueRequired\":true,\"valueName\":\"search_term_string\"}}],\"inLanguage\":\"es-ES\"},{\"@type\":\"Organization\",\"@id\":\"https:\/\/www.miomiorun.com\/es\/#organization\",\"name\":\"MioMio Run\",\"url\":\"https:\/\/www.miomiorun.com\/es\/\",\"logo\":{\"@type\":\"ImageObject\",\"inLanguage\":\"es-ES\",\"@id\":\"https:\/\/www.miomiorun.com\/es\/#\/schema\/logo\/image\/\",\"url\":\"https:\/\/www.miomiorun.com\/app\/uploads\/2019\/12\/logomio.png\",\"contentUrl\":\"https:\/\/www.miomiorun.com\/app\/uploads\/2019\/12\/logomio.png\",\"width\":115,\"height\":82,\"caption\":\"MioMio Run\"},\"image\":{\"@id\":\"https:\/\/www.miomiorun.com\/es\/#\/schema\/logo\/image\/\"},\"sameAs\":[\"https:\/\/www.facebook.com\/miomiorun\/\",\"https:\/\/www.instagram.com\/miomiorun\/\"]}]}<\/script>\n<!-- \/ Yoast SEO plugin. -->","yoast_head_json":{"title":"Crazy Idea Short lightning mujer - Pantalones cortos para mujer - MioMioRun","description":"Pantalones cortos minimalistas con calzoncillo interior sin costuras y con bordes sin rematar, dise\u00f1ados pensando en carreras de monta\u00f1a cortas, r\u00e1pidas y din\u00e1micas.","robots":{"index":"index","follow":"follow","max-snippet":"max-snippet:-1","max-image-preview":"max-image-preview:large","max-video-preview":"max-video-preview:-1"},"canonical":"https:\/\/www.miomiorun.com\/es\/producto\/crazy-idea-short-lightning-mujer\/","og_locale":"es_ES","og_type":"article","og_title":"Crazy Idea Short lightning mujer - Pantalones cortos para mujer - MioMioRun","og_description":"Pantalones cortos minimalistas con calzoncillo interior sin costuras y con bordes sin rematar, dise\u00f1ados pensando en carreras de monta\u00f1a cortas, r\u00e1pidas y din\u00e1micas.","og_url":"https:\/\/www.miomiorun.com\/es\/producto\/crazy-idea-short-lightning-mujer\/","og_site_name":"MioMioRun","article_publisher":"https:\/\/www.facebook.com\/miomiorun\/","article_modified_time":"2026-04-30T08:21:07+00:00","og_image":[{"width":600,"height":600,"url":"https:\/\/www.miomiorun.com\/app\/uploads\/2022\/05\/crazy-idea-short-lightning-W-print-light-jeans-S22015197D-00X015.jpg","type":"image\/jpeg"}],"twitter_card":"summary_large_image","twitter_misc":{"Est. reading time":"1 minute"},"schema":{"@context":"https:\/\/schema.org","@graph":[{"@type":"WebPage","@id":"https:\/\/www.miomiorun.com\/es\/producto\/crazy-idea-short-lightning-mujer\/","url":"https:\/\/www.miomiorun.com\/es\/producto\/crazy-idea-short-lightning-mujer\/","name":"Crazy Idea Short lightning mujer - Pantalones cortos para mujer - MioMioRun","isPartOf":{"@id":"https:\/\/www.miomiorun.com\/es\/#website"},"primaryImageOfPage":{"@id":"https:\/\/www.miomiorun.com\/es\/producto\/crazy-idea-short-lightning-mujer\/#primaryimage"},"image":{"@id":"https:\/\/www.miomiorun.com\/es\/producto\/crazy-idea-short-lightning-mujer\/#primaryimage"},"thumbnailUrl":"https:\/\/www.miomiorun.com\/app\/uploads\/2022\/05\/crazy-idea-short-lightning-W-print-light-jeans-S22015197D-00X015.jpg","datePublished":"2021-04-16T14:43:04+00:00","dateModified":"2026-04-30T08:21:07+00:00","description":"Pantalones cortos minimalistas con calzoncillo interior sin costuras y con bordes sin rematar, dise\u00f1ados pensando en carreras de monta\u00f1a cortas, r\u00e1pidas y din\u00e1micas.","breadcrumb":{"@id":"https:\/\/www.miomiorun.com\/es\/producto\/crazy-idea-short-lightning-mujer\/#breadcrumb"},"inLanguage":"es-ES","potentialAction":[{"@type":"ReadAction","target":["https:\/\/www.miomiorun.com\/es\/producto\/crazy-idea-short-lightning-mujer\/"]}]},{"@type":"ImageObject","inLanguage":"es-ES","@id":"https:\/\/www.miomiorun.com\/es\/producto\/crazy-idea-short-lightning-mujer\/#primaryimage","url":"https:\/\/www.miomiorun.com\/app\/uploads\/2022\/05\/crazy-idea-short-lightning-W-print-light-jeans-S22015197D-00X015.jpg","contentUrl":"https:\/\/www.miomiorun.com\/app\/uploads\/2022\/05\/crazy-idea-short-lightning-W-print-light-jeans-S22015197D-00X015.jpg","width":600,"height":600,"caption":"crazy-idea-short-lightning-W-print-light-jeans-S22015197D-00X015"},{"@type":"BreadcrumbList","@id":"https:\/\/www.miomiorun.com\/es\/producto\/crazy-idea-short-lightning-mujer\/#breadcrumb","itemListElement":[{"@type":"ListItem","position":1,"name":"Home","item":"https:\/\/www.miomiorun.com\/es\/"},{"@type":"ListItem","position":2,"name":"Shop","item":"https:\/\/www.miomiorun.com\/shop\/"},{"@type":"ListItem","position":3,"name":"Short lightning mujer"}]},{"@type":"WebSite","@id":"https:\/\/www.miomiorun.com\/es\/#website","url":"https:\/\/www.miomiorun.com\/es\/","name":"MioMioRun","description":"Tienda 100% running y trail","publisher":{"@id":"https:\/\/www.miomiorun.com\/es\/#organization"},"potentialAction":[{"@type":"SearchAction","target":{"@type":"EntryPoint","urlTemplate":"https:\/\/www.miomiorun.com\/es\/?s={search_term_string}"},"query-input":{"@type":"PropertyValueSpecification","valueRequired":true,"valueName":"search_term_string"}}],"inLanguage":"es-ES"},{"@type":"Organization","@id":"https:\/\/www.miomiorun.com\/es\/#organization","name":"MioMio Run","url":"https:\/\/www.miomiorun.com\/es\/","logo":{"@type":"ImageObject","inLanguage":"es-ES","@id":"https:\/\/www.miomiorun.com\/es\/#\/schema\/logo\/image\/","url":"https:\/\/www.miomiorun.com\/app\/uploads\/2019\/12\/logomio.png","contentUrl":"https:\/\/www.miomiorun.com\/app\/uploads\/2019\/12\/logomio.png","width":115,"height":82,"caption":"MioMio Run"},"image":{"@id":"https:\/\/www.miomiorun.com\/es\/#\/schema\/logo\/image\/"},"sameAs":["https:\/\/www.facebook.com\/miomiorun\/","https:\/\/www.instagram.com\/miomiorun\/"]}]}},"_links":{"self":[{"href":"https:\/\/www.miomiorun.com\/es\/wp-json\/wp\/v2\/product\/277040","targetHints":{"allow":["GET"]}}],"collection":[{"href":"https:\/\/www.miomiorun.com\/es\/wp-json\/wp\/v2\/product"}],"about":[{"href":"https:\/\/www.miomiorun.com\/es\/wp-json\/wp\/v2\/types\/product"}],"wp:featuredmedia":[{"embeddable":true,"href":"https:\/\/www.miomiorun.com\/es\/wp-json\/wp\/v2\/media\/236754"}],"wp:attachment":[{"href":"https:\/\/www.miomiorun.com\/es\/wp-json\/wp\/v2\/media?parent=277040"}],"wp:term":[{"taxonomy":"product_brand","embeddable":true,"href":"https:\/\/www.miomiorun.com\/es\/wp-json\/wp\/v2\/product_brand?post=277040"},{"taxonomy":"product_cat","embeddable":true,"href":"https:\/\/www.miomiorun.com\/es\/wp-json\/wp\/v2\/product_cat?post=277040"},{"taxonomy":"product_tag","embeddable":true,"href":"https:\/\/www.miomiorun.com\/es\/wp-json\/wp\/v2\/product_tag?post=277040"}],"curies":[{"name":"wp","href":"https:\/\/api.w.org\/{rel}","templated":true}]}}