{"id":277013,"date":"2021-04-16T16:21:46","date_gmt":"2021-04-16T14:21:46","guid":{"rendered":"https:\/\/miomiorun.com\/prodotto\/crazy-idea-pant-mid-pressure-donna\/"},"modified":"2026-04-30T10:18:41","modified_gmt":"2026-04-30T08:18:41","slug":"crazy-idea-pant-mid-pressure-mujer","status":"publish","type":"product","link":"https:\/\/www.miomiorun.com\/es\/producto\/crazy-idea-pant-mid-pressure-mujer\/","title":{"rendered":"Pant Mid Pressure mujer"},"content":{"rendered":"<p class=\"\" data-start=\"156\" data-end=\"360\">Prep\u00e1rate para afrontar tus entrenamientos m\u00e1s largos, las estaciones intermedias y las carreras en altitud con nuestros pantalones t\u00e9cnicos de tres cuartos, dise\u00f1ados para quienes buscan lo mejor en comodidad, prestaciones t\u00e9cnicas y funcionalidad.<\/p>\n<p class=\"\" data-start=\"362\" data-end=\"665\">Confeccionada con tejidos selectos de alta gama, esta prenda incorpora <strong data-start=\"435\" data-end=\"456\">Revolutional Slim<\/strong>, un innovador tejido italiano que favorece la eliminaci\u00f3n del \u00e1cido l\u00e1ctico y mejora la microcirculaci\u00f3n muscular, lo que te ayuda a mantener un rendimiento constante incluso durante los esfuerzos m\u00e1s prolongados.<\/p>\n<p class=\"\" data-start=\"667\" data-end=\"972\">Su dise\u00f1o inteligente incorpora la tecnolog\u00eda <strong data-start=\"712\" data-end=\"737\">Laser Cut Microforato<\/strong>, colocada estrat\u00e9gicamente para optimizar la ventilaci\u00f3n en las zonas de mayor calor, lo que mantiene el cuerpo seco y fresco. El bajo de la pierna, con <strong data-start=\"893\" data-end=\"917\">borde sin rematar<\/strong>, garantiza un ajuste perfecto y evita cualquier roce.<\/p>\n<p class=\"\" data-start=\"974\" data-end=\"1097\">Perfectos para quienes les gusta tenerlo todo a mano, estos pantalones de tres cuartos cuentan con una <strong data-start=\"1063\" data-end=\"1092\">cintura ergon\u00f3mica<\/strong> con:<\/p>\n<ul data-start=\"1098\" data-end=\"1280\">\n<li class=\"\" data-start=\"1098\" data-end=\"1156\">\n<p class=\"\" data-start=\"1100\" data-end=\"1156\"><strong data-start=\"1100\" data-end=\"1134\">Amplio bolsillo trasero con cremallera<\/strong> para objetos de valor<\/p>\n<\/li>\n<li class=\"\" data-start=\"1157\" data-end=\"1213\">\n<p class=\"\" data-start=\"1159\" data-end=\"1213\"><strong data-start=\"1159\" data-end=\"1185\">Bolso de malla espacioso<\/strong> para gel o peque\u00f1os accesorios<\/p>\n<\/li>\n<li class=\"\" data-start=\"1214\" data-end=\"1280\">\n<p class=\"\" data-start=\"1216\" data-end=\"1280\"><strong data-start=\"1216\" data-end=\"1258\">Dos pr\u00e1cticos bolsillos laterales Easy Pocket<\/strong> para un acceso r\u00e1pido<\/p>\n<\/li>\n<\/ul>\n<p class=\"\" data-start=\"1282\" data-end=\"1400\">Adem\u00e1s, los <strong data-start=\"1292\" data-end=\"1313\">logotipos reflectantes<\/strong> garantizan una mayor visibilidad al salir por la noche o en condiciones de poca luz.<\/p>\n<p class=\"\" data-start=\"1625\" data-end=\"1665\">\n","protected":false},"excerpt":{"rendered":"<ul>\n<li>Tejido Revolutional Slim: rendimiento y sujeci\u00f3n muscular<\/li>\n<li>Microperforado con corte l\u00e1ser para una ventilaci\u00f3n espec\u00edfica<\/li>\n<li>Cintura con bolsillos multifuncionales<\/li>\n<li>Borde sin rematar en la parte inferior de la pierna<\/li>\n<li>Logotipos reflectantes para mayor seguridad<\/li>\n<\/ul>\n","protected":false},"featured_media":247007,"template":"","meta":{"_acf_changed":false,"inline_featured_image":false},"product_brand":[],"product_cat":[24395,24401],"product_tag":[23488,23646],"class_list":{"0":"post-277013","1":"product","2":"type-product","3":"status-publish","4":"has-post-thumbnail","6":"product_cat-pantalones-cortos","7":"product_cat-ropa-de-mujer","8":"product_tag-crazy-idea-es","9":"product_tag-crazy-idea-mujer","10":"pa_attivita-outdoor-es","11":"pa_attivita-trail-es","12":"pa_colore-mid-short-pressure-w-black-zebra-es","13":"pa_colore-mid-short-pressure-w-mandala-es","14":"pa_colore-pant-mid-pressure-fastlight-es","15":"pa_colore-pant-mid-pressure-w-black-zebra-es","16":"pa_colore-pant-mid-pressure-w-i-love-running-es","17":"pa_colore-pant-mid-pressure-w-mountain-flower-es","18":"pa_marca-crazy-idea-es","19":"pa_sesso-mujer","20":"pa_size-extra-small-es","21":"pa_size-small-es","22":"pa_size-medium-es","23":"pa_size-large-es","24":"pa_size-extra-large-es","26":"first","27":"instock","28":"sale","29":"taxable","30":"shipping-taxable","31":"purchasable","32":"product-type-variable","33":"wvs-archive-product-wrapper"},"acf":[],"yoast_head":"<!-- This site is optimized with the Yoast SEO plugin v26.8 - https:\/\/yoast.com\/product\/yoast-seo-wordpress\/ -->\n<title>Crazy Idea Pant Mid Pressure mujer - Pantalones cortos para mujer - MioMioRun<\/title>\n<meta name=\"description\" content=\"Descubre los pantalones de running de 3\/4 perfectos para largas distancias y entretiempo. Tejido Revolutional Slim, tecnolog\u00eda Laser Cut y bolsillos multifuncionales.\" \/>\n<meta name=\"robots\" content=\"index, follow, max-snippet:-1, max-image-preview:large, max-video-preview:-1\" \/>\n<link rel=\"canonical\" href=\"https:\/\/www.miomiorun.com\/es\/producto\/crazy-idea-pant-mid-pressure-mujer\/\" \/>\n<meta property=\"og:locale\" content=\"es_ES\" \/>\n<meta property=\"og:type\" content=\"article\" \/>\n<meta property=\"og:title\" content=\"Crazy Idea Pant Mid Pressure mujer - Pantalones cortos para mujer - MioMioRun\" \/>\n<meta property=\"og:description\" content=\"Descubre los pantalones de running de 3\/4 perfectos para largas distancias y entretiempo. Tejido Revolutional Slim, tecnolog\u00eda Laser Cut y bolsillos multifuncionales.\" \/>\n<meta property=\"og:url\" content=\"https:\/\/www.miomiorun.com\/es\/producto\/crazy-idea-pant-mid-pressure-mujer\/\" \/>\n<meta property=\"og:site_name\" content=\"MioMioRun\" \/>\n<meta property=\"article:publisher\" content=\"https:\/\/www.facebook.com\/miomiorun\/\" \/>\n<meta property=\"article:modified_time\" content=\"2026-04-30T08:18:41+00:00\" \/>\n<meta property=\"og:image\" content=\"https:\/\/www.miomiorun.com\/app\/uploads\/2024\/05\/crazy-Pant-mid-pressure-W-i-love-running-S24015199D-00X193.webp\" \/>\n\t<meta property=\"og:image:width\" content=\"600\" \/>\n\t<meta property=\"og:image:height\" content=\"600\" \/>\n\t<meta property=\"og:image:type\" content=\"image\/webp\" \/>\n<meta name=\"twitter:card\" content=\"summary_large_image\" \/>\n<meta name=\"twitter:label1\" content=\"Est. reading time\" \/>\n\t<meta name=\"twitter:data1\" content=\"1 minute\" \/>\n<script type=\"application\/ld+json\" class=\"yoast-schema-graph\">{\"@context\":\"https:\/\/schema.org\",\"@graph\":[{\"@type\":\"WebPage\",\"@id\":\"https:\/\/www.miomiorun.com\/es\/producto\/crazy-idea-pant-mid-pressure-mujer\/\",\"url\":\"https:\/\/www.miomiorun.com\/es\/producto\/crazy-idea-pant-mid-pressure-mujer\/\",\"name\":\"Crazy Idea Pant Mid Pressure mujer - Pantalones cortos para mujer - MioMioRun\",\"isPartOf\":{\"@id\":\"https:\/\/www.miomiorun.com\/es\/#website\"},\"primaryImageOfPage\":{\"@id\":\"https:\/\/www.miomiorun.com\/es\/producto\/crazy-idea-pant-mid-pressure-mujer\/#primaryimage\"},\"image\":{\"@id\":\"https:\/\/www.miomiorun.com\/es\/producto\/crazy-idea-pant-mid-pressure-mujer\/#primaryimage\"},\"thumbnailUrl\":\"https:\/\/www.miomiorun.com\/app\/uploads\/2024\/05\/crazy-Pant-mid-pressure-W-i-love-running-S24015199D-00X193.webp\",\"datePublished\":\"2021-04-16T14:21:46+00:00\",\"dateModified\":\"2026-04-30T08:18:41+00:00\",\"description\":\"Descubre los pantalones de running de 3\/4 perfectos para largas distancias y entretiempo. Tejido Revolutional Slim, tecnolog\u00eda Laser Cut y bolsillos multifuncionales.\",\"breadcrumb\":{\"@id\":\"https:\/\/www.miomiorun.com\/es\/producto\/crazy-idea-pant-mid-pressure-mujer\/#breadcrumb\"},\"inLanguage\":\"es-ES\",\"potentialAction\":[{\"@type\":\"ReadAction\",\"target\":[\"https:\/\/www.miomiorun.com\/es\/producto\/crazy-idea-pant-mid-pressure-mujer\/\"]}]},{\"@type\":\"ImageObject\",\"inLanguage\":\"es-ES\",\"@id\":\"https:\/\/www.miomiorun.com\/es\/producto\/crazy-idea-pant-mid-pressure-mujer\/#primaryimage\",\"url\":\"https:\/\/www.miomiorun.com\/app\/uploads\/2024\/05\/crazy-Pant-mid-pressure-W-i-love-running-S24015199D-00X193.webp\",\"contentUrl\":\"https:\/\/www.miomiorun.com\/app\/uploads\/2024\/05\/crazy-Pant-mid-pressure-W-i-love-running-S24015199D-00X193.webp\",\"width\":600,\"height\":600,\"caption\":\"crazy Pant mid pressure W i love running S24015199D-00X193\"},{\"@type\":\"BreadcrumbList\",\"@id\":\"https:\/\/www.miomiorun.com\/es\/producto\/crazy-idea-pant-mid-pressure-mujer\/#breadcrumb\",\"itemListElement\":[{\"@type\":\"ListItem\",\"position\":1,\"name\":\"Home\",\"item\":\"https:\/\/www.miomiorun.com\/es\/\"},{\"@type\":\"ListItem\",\"position\":2,\"name\":\"Shop\",\"item\":\"https:\/\/www.miomiorun.com\/shop\/\"},{\"@type\":\"ListItem\",\"position\":3,\"name\":\"Pant Mid Pressure mujer\"}]},{\"@type\":\"WebSite\",\"@id\":\"https:\/\/www.miomiorun.com\/es\/#website\",\"url\":\"https:\/\/www.miomiorun.com\/es\/\",\"name\":\"MioMioRun\",\"description\":\"Tienda 100% running y trail\",\"publisher\":{\"@id\":\"https:\/\/www.miomiorun.com\/es\/#organization\"},\"potentialAction\":[{\"@type\":\"SearchAction\",\"target\":{\"@type\":\"EntryPoint\",\"urlTemplate\":\"https:\/\/www.miomiorun.com\/es\/?s={search_term_string}\"},\"query-input\":{\"@type\":\"PropertyValueSpecification\",\"valueRequired\":true,\"valueName\":\"search_term_string\"}}],\"inLanguage\":\"es-ES\"},{\"@type\":\"Organization\",\"@id\":\"https:\/\/www.miomiorun.com\/es\/#organization\",\"name\":\"MioMio Run\",\"url\":\"https:\/\/www.miomiorun.com\/es\/\",\"logo\":{\"@type\":\"ImageObject\",\"inLanguage\":\"es-ES\",\"@id\":\"https:\/\/www.miomiorun.com\/es\/#\/schema\/logo\/image\/\",\"url\":\"https:\/\/www.miomiorun.com\/app\/uploads\/2019\/12\/logomio.png\",\"contentUrl\":\"https:\/\/www.miomiorun.com\/app\/uploads\/2019\/12\/logomio.png\",\"width\":115,\"height\":82,\"caption\":\"MioMio Run\"},\"image\":{\"@id\":\"https:\/\/www.miomiorun.com\/es\/#\/schema\/logo\/image\/\"},\"sameAs\":[\"https:\/\/www.facebook.com\/miomiorun\/\",\"https:\/\/www.instagram.com\/miomiorun\/\"]}]}<\/script>\n<!-- \/ Yoast SEO plugin. -->","yoast_head_json":{"title":"Crazy Idea Pant Mid Pressure mujer - Pantalones cortos para mujer - MioMioRun","description":"Descubre los pantalones de running de 3\/4 perfectos para largas distancias y entretiempo. Tejido Revolutional Slim, tecnolog\u00eda Laser Cut y bolsillos multifuncionales.","robots":{"index":"index","follow":"follow","max-snippet":"max-snippet:-1","max-image-preview":"max-image-preview:large","max-video-preview":"max-video-preview:-1"},"canonical":"https:\/\/www.miomiorun.com\/es\/producto\/crazy-idea-pant-mid-pressure-mujer\/","og_locale":"es_ES","og_type":"article","og_title":"Crazy Idea Pant Mid Pressure mujer - Pantalones cortos para mujer - MioMioRun","og_description":"Descubre los pantalones de running de 3\/4 perfectos para largas distancias y entretiempo. Tejido Revolutional Slim, tecnolog\u00eda Laser Cut y bolsillos multifuncionales.","og_url":"https:\/\/www.miomiorun.com\/es\/producto\/crazy-idea-pant-mid-pressure-mujer\/","og_site_name":"MioMioRun","article_publisher":"https:\/\/www.facebook.com\/miomiorun\/","article_modified_time":"2026-04-30T08:18:41+00:00","og_image":[{"width":600,"height":600,"url":"https:\/\/www.miomiorun.com\/app\/uploads\/2024\/05\/crazy-Pant-mid-pressure-W-i-love-running-S24015199D-00X193.webp","type":"image\/webp"}],"twitter_card":"summary_large_image","twitter_misc":{"Est. reading time":"1 minute"},"schema":{"@context":"https:\/\/schema.org","@graph":[{"@type":"WebPage","@id":"https:\/\/www.miomiorun.com\/es\/producto\/crazy-idea-pant-mid-pressure-mujer\/","url":"https:\/\/www.miomiorun.com\/es\/producto\/crazy-idea-pant-mid-pressure-mujer\/","name":"Crazy Idea Pant Mid Pressure mujer - Pantalones cortos para mujer - MioMioRun","isPartOf":{"@id":"https:\/\/www.miomiorun.com\/es\/#website"},"primaryImageOfPage":{"@id":"https:\/\/www.miomiorun.com\/es\/producto\/crazy-idea-pant-mid-pressure-mujer\/#primaryimage"},"image":{"@id":"https:\/\/www.miomiorun.com\/es\/producto\/crazy-idea-pant-mid-pressure-mujer\/#primaryimage"},"thumbnailUrl":"https:\/\/www.miomiorun.com\/app\/uploads\/2024\/05\/crazy-Pant-mid-pressure-W-i-love-running-S24015199D-00X193.webp","datePublished":"2021-04-16T14:21:46+00:00","dateModified":"2026-04-30T08:18:41+00:00","description":"Descubre los pantalones de running de 3\/4 perfectos para largas distancias y entretiempo. Tejido Revolutional Slim, tecnolog\u00eda Laser Cut y bolsillos multifuncionales.","breadcrumb":{"@id":"https:\/\/www.miomiorun.com\/es\/producto\/crazy-idea-pant-mid-pressure-mujer\/#breadcrumb"},"inLanguage":"es-ES","potentialAction":[{"@type":"ReadAction","target":["https:\/\/www.miomiorun.com\/es\/producto\/crazy-idea-pant-mid-pressure-mujer\/"]}]},{"@type":"ImageObject","inLanguage":"es-ES","@id":"https:\/\/www.miomiorun.com\/es\/producto\/crazy-idea-pant-mid-pressure-mujer\/#primaryimage","url":"https:\/\/www.miomiorun.com\/app\/uploads\/2024\/05\/crazy-Pant-mid-pressure-W-i-love-running-S24015199D-00X193.webp","contentUrl":"https:\/\/www.miomiorun.com\/app\/uploads\/2024\/05\/crazy-Pant-mid-pressure-W-i-love-running-S24015199D-00X193.webp","width":600,"height":600,"caption":"crazy Pant mid pressure W i love running S24015199D-00X193"},{"@type":"BreadcrumbList","@id":"https:\/\/www.miomiorun.com\/es\/producto\/crazy-idea-pant-mid-pressure-mujer\/#breadcrumb","itemListElement":[{"@type":"ListItem","position":1,"name":"Home","item":"https:\/\/www.miomiorun.com\/es\/"},{"@type":"ListItem","position":2,"name":"Shop","item":"https:\/\/www.miomiorun.com\/shop\/"},{"@type":"ListItem","position":3,"name":"Pant Mid Pressure mujer"}]},{"@type":"WebSite","@id":"https:\/\/www.miomiorun.com\/es\/#website","url":"https:\/\/www.miomiorun.com\/es\/","name":"MioMioRun","description":"Tienda 100% running y trail","publisher":{"@id":"https:\/\/www.miomiorun.com\/es\/#organization"},"potentialAction":[{"@type":"SearchAction","target":{"@type":"EntryPoint","urlTemplate":"https:\/\/www.miomiorun.com\/es\/?s={search_term_string}"},"query-input":{"@type":"PropertyValueSpecification","valueRequired":true,"valueName":"search_term_string"}}],"inLanguage":"es-ES"},{"@type":"Organization","@id":"https:\/\/www.miomiorun.com\/es\/#organization","name":"MioMio Run","url":"https:\/\/www.miomiorun.com\/es\/","logo":{"@type":"ImageObject","inLanguage":"es-ES","@id":"https:\/\/www.miomiorun.com\/es\/#\/schema\/logo\/image\/","url":"https:\/\/www.miomiorun.com\/app\/uploads\/2019\/12\/logomio.png","contentUrl":"https:\/\/www.miomiorun.com\/app\/uploads\/2019\/12\/logomio.png","width":115,"height":82,"caption":"MioMio Run"},"image":{"@id":"https:\/\/www.miomiorun.com\/es\/#\/schema\/logo\/image\/"},"sameAs":["https:\/\/www.facebook.com\/miomiorun\/","https:\/\/www.instagram.com\/miomiorun\/"]}]}},"_links":{"self":[{"href":"https:\/\/www.miomiorun.com\/es\/wp-json\/wp\/v2\/product\/277013","targetHints":{"allow":["GET"]}}],"collection":[{"href":"https:\/\/www.miomiorun.com\/es\/wp-json\/wp\/v2\/product"}],"about":[{"href":"https:\/\/www.miomiorun.com\/es\/wp-json\/wp\/v2\/types\/product"}],"wp:featuredmedia":[{"embeddable":true,"href":"https:\/\/www.miomiorun.com\/es\/wp-json\/wp\/v2\/media\/247007"}],"wp:attachment":[{"href":"https:\/\/www.miomiorun.com\/es\/wp-json\/wp\/v2\/media?parent=277013"}],"wp:term":[{"taxonomy":"product_brand","embeddable":true,"href":"https:\/\/www.miomiorun.com\/es\/wp-json\/wp\/v2\/product_brand?post=277013"},{"taxonomy":"product_cat","embeddable":true,"href":"https:\/\/www.miomiorun.com\/es\/wp-json\/wp\/v2\/product_cat?post=277013"},{"taxonomy":"product_tag","embeddable":true,"href":"https:\/\/www.miomiorun.com\/es\/wp-json\/wp\/v2\/product_tag?post=277013"}],"curies":[{"name":"wp","href":"https:\/\/api.w.org\/{rel}","templated":true}]}}