{"id":276943,"date":"2021-04-16T17:14:34","date_gmt":"2021-04-16T15:14:34","guid":{"rendered":"https:\/\/miomiorun.com\/prodotto\/crazy-idea-t-shirt-voltage-donna\/"},"modified":"2026-05-08T20:53:33","modified_gmt":"2026-05-08T18:53:33","slug":"crazy-idea-t-shirt-voltage-mujer","status":"publish","type":"product","link":"https:\/\/www.miomiorun.com\/es\/producto\/crazy-idea-t-shirt-voltage-mujer\/","title":{"rendered":"T-Shirt Voltage mujer"},"content":{"rendered":"<div class=\"single-product-description\">\n<div class=\"single-product-description\">\n<p>La camiseta Lightning re\u00fane todo nuestro saber hacer en el dise\u00f1o de patrones y nuestra experiencia en tecnolog\u00eda de impresi\u00f3n digital. Hemos dise\u00f1ado una prenda innovadora: al desestructurar el patr\u00f3n, hemos creado un body mapping con perforaciones l\u00e1ser que se adaptan a las necesidades de las diferentes zonas de ventilaci\u00f3n. El dise\u00f1o gr\u00e1fico se ha personalizado sobre las perforaciones l\u00e1ser, creando un efecto in\u00e9dito. Fabricada en microfibra ligera con tratamiento HEIQ antiolor y de secado r\u00e1pido. La parte inferior y el extremo de las mangas est\u00e1n cortados con l\u00e1ser y pegados.<\/p>\n<p><strong>Caracter\u00edsticas:<\/strong><\/p>\n<ul>\n<li>Tejido de microfibra de secado r\u00e1pido<\/li>\n<li>Mapeo corporal con perforaciones l\u00e1ser diferenciadas<\/li>\n<li>Costuras planas en contraste de color<\/li>\n<\/ul>\n<\/div>\n<\/div>\n","protected":false},"excerpt":{"rendered":"<p>La camiseta Lightning re\u00fane todo nuestro saber hacer en el dise\u00f1o de patrones y nuestra experiencia en tecnolog\u00eda de impresi\u00f3n digital. Hemos dise\u00f1ado una prenda innovadora: al desestructurar el patr\u00f3n, hemos creado un body mapping con perforaciones l\u00e1ser que se adaptan a las necesidades de las diferentes zonas de ventilaci\u00f3n. El dise\u00f1o gr\u00e1fico se ha &hellip; <a href=\"https:\/\/www.miomiorun.com\/es\/producto\/crazy-idea-t-shirt-voltage-mujer\/\">Continued<\/a><\/p>\n","protected":false},"featured_media":236170,"template":"","meta":{"_acf_changed":false,"inline_featured_image":false},"product_brand":[],"product_cat":[24416,24420],"product_tag":[23488,23646],"class_list":{"0":"post-276943","1":"product","2":"type-product","3":"status-publish","4":"has-post-thumbnail","6":"product_cat-camiseta-es","7":"product_cat-ropa-de-mujer-es","8":"product_tag-crazy-idea-es","9":"product_tag-crazy-idea-mujer","10":"pa_attivita-outdoor-es","11":"pa_attivita-trail-es","12":"pa_colore-shirt-voltage-w-black-zebra-es","13":"pa_colore-shirt-voltage-w-mandala-es","14":"pa_colore-t-shirt-voltage-w-allium-flower-es","15":"pa_colore-t-shirt-voltage-w-black-zebra-es","16":"pa_colore-t-shirt-voltage-w-fastlight-es","17":"pa_colore-t-shirt-voltage-w-mandala-3-es","18":"pa_colore-t-shirt-voltage-w-mandala-2-es","19":"pa_colore-t-shirt-voltage-w-tempest-es","20":"pa_marca-crazy-idea-es","21":"pa_sesso-mujer","22":"pa_size-extra-small-es","23":"pa_size-small-es","24":"pa_size-medium-es","25":"pa_size-large-es","27":"first","28":"instock","29":"sale","30":"taxable","31":"shipping-taxable","32":"purchasable","33":"product-type-variable","34":"wvs-archive-product-wrapper"},"acf":[],"yoast_head":"<!-- This site is optimized with the Yoast SEO plugin v26.8 - https:\/\/yoast.com\/product\/yoast-seo-wordpress\/ -->\n<title>Crazy Idea T-Shirt Voltage mujer - camiseta de running - MioMioRun<\/title>\n<meta name=\"description\" content=\"La camiseta Lightning re\u00fane todo nuestro saber hacer en el dise\u00f1o de patrones y nuestra experiencia en tecnolog\u00eda de impresi\u00f3n digital.\" \/>\n<meta name=\"robots\" content=\"index, follow, max-snippet:-1, max-image-preview:large, max-video-preview:-1\" \/>\n<link rel=\"canonical\" href=\"https:\/\/www.miomiorun.com\/es\/producto\/crazy-idea-t-shirt-voltage-mujer\/\" \/>\n<meta property=\"og:locale\" content=\"es_ES\" \/>\n<meta property=\"og:type\" content=\"article\" \/>\n<meta property=\"og:title\" content=\"Crazy Idea T-Shirt Voltage mujer - camiseta de running - MioMioRun\" \/>\n<meta property=\"og:description\" content=\"La camiseta Lightning re\u00fane todo nuestro saber hacer en el dise\u00f1o de patrones y nuestra experiencia en tecnolog\u00eda de impresi\u00f3n digital.\" \/>\n<meta property=\"og:url\" content=\"https:\/\/www.miomiorun.com\/es\/producto\/crazy-idea-t-shirt-voltage-mujer\/\" \/>\n<meta property=\"og:site_name\" content=\"MioMioRun\" \/>\n<meta property=\"article:publisher\" content=\"https:\/\/www.facebook.com\/miomiorun\/\" \/>\n<meta property=\"article:modified_time\" content=\"2026-05-08T18:53:33+00:00\" \/>\n<meta property=\"og:image\" content=\"https:\/\/www.miomiorun.com\/app\/uploads\/2022\/04\/crazy-idea-t-shirt-voltage-W-mandala-S22095126D-00X096.jpg\" \/>\n\t<meta property=\"og:image:width\" content=\"600\" \/>\n\t<meta property=\"og:image:height\" content=\"600\" \/>\n\t<meta property=\"og:image:type\" content=\"image\/jpeg\" \/>\n<meta name=\"twitter:card\" content=\"summary_large_image\" \/>\n<meta name=\"twitter:label1\" content=\"Est. reading time\" \/>\n\t<meta name=\"twitter:data1\" content=\"1 minute\" \/>\n<script type=\"application\/ld+json\" class=\"yoast-schema-graph\">{\"@context\":\"https:\/\/schema.org\",\"@graph\":[{\"@type\":\"WebPage\",\"@id\":\"https:\/\/www.miomiorun.com\/es\/producto\/crazy-idea-t-shirt-voltage-mujer\/\",\"url\":\"https:\/\/www.miomiorun.com\/es\/producto\/crazy-idea-t-shirt-voltage-mujer\/\",\"name\":\"Crazy Idea T-Shirt Voltage mujer - camiseta de running - MioMioRun\",\"isPartOf\":{\"@id\":\"https:\/\/www.miomiorun.com\/es\/#website\"},\"primaryImageOfPage\":{\"@id\":\"https:\/\/www.miomiorun.com\/es\/producto\/crazy-idea-t-shirt-voltage-mujer\/#primaryimage\"},\"image\":{\"@id\":\"https:\/\/www.miomiorun.com\/es\/producto\/crazy-idea-t-shirt-voltage-mujer\/#primaryimage\"},\"thumbnailUrl\":\"https:\/\/www.miomiorun.com\/app\/uploads\/2022\/04\/crazy-idea-t-shirt-voltage-W-mandala-S22095126D-00X096.jpg\",\"datePublished\":\"2021-04-16T15:14:34+00:00\",\"dateModified\":\"2026-05-08T18:53:33+00:00\",\"description\":\"La camiseta Lightning re\u00fane todo nuestro saber hacer en el dise\u00f1o de patrones y nuestra experiencia en tecnolog\u00eda de impresi\u00f3n digital.\",\"breadcrumb\":{\"@id\":\"https:\/\/www.miomiorun.com\/es\/producto\/crazy-idea-t-shirt-voltage-mujer\/#breadcrumb\"},\"inLanguage\":\"es-ES\",\"potentialAction\":[{\"@type\":\"ReadAction\",\"target\":[\"https:\/\/www.miomiorun.com\/es\/producto\/crazy-idea-t-shirt-voltage-mujer\/\"]}]},{\"@type\":\"ImageObject\",\"inLanguage\":\"es-ES\",\"@id\":\"https:\/\/www.miomiorun.com\/es\/producto\/crazy-idea-t-shirt-voltage-mujer\/#primaryimage\",\"url\":\"https:\/\/www.miomiorun.com\/app\/uploads\/2022\/04\/crazy-idea-t-shirt-voltage-W-mandala-S22095126D-00X096.jpg\",\"contentUrl\":\"https:\/\/www.miomiorun.com\/app\/uploads\/2022\/04\/crazy-idea-t-shirt-voltage-W-mandala-S22095126D-00X096.jpg\",\"width\":600,\"height\":600,\"caption\":\"crazy-idea-t-shirt-voltage-W-mandala-S22095126D-00X096\"},{\"@type\":\"BreadcrumbList\",\"@id\":\"https:\/\/www.miomiorun.com\/es\/producto\/crazy-idea-t-shirt-voltage-mujer\/#breadcrumb\",\"itemListElement\":[{\"@type\":\"ListItem\",\"position\":1,\"name\":\"Home\",\"item\":\"https:\/\/www.miomiorun.com\/es\/\"},{\"@type\":\"ListItem\",\"position\":2,\"name\":\"Shop\",\"item\":\"https:\/\/www.miomiorun.com\/shop\/\"},{\"@type\":\"ListItem\",\"position\":3,\"name\":\"T-Shirt Voltage mujer\"}]},{\"@type\":\"WebSite\",\"@id\":\"https:\/\/www.miomiorun.com\/es\/#website\",\"url\":\"https:\/\/www.miomiorun.com\/es\/\",\"name\":\"MioMioRun\",\"description\":\"Tienda 100% running y trail\",\"publisher\":{\"@id\":\"https:\/\/www.miomiorun.com\/es\/#organization\"},\"potentialAction\":[{\"@type\":\"SearchAction\",\"target\":{\"@type\":\"EntryPoint\",\"urlTemplate\":\"https:\/\/www.miomiorun.com\/es\/?s={search_term_string}\"},\"query-input\":{\"@type\":\"PropertyValueSpecification\",\"valueRequired\":true,\"valueName\":\"search_term_string\"}}],\"inLanguage\":\"es-ES\"},{\"@type\":\"Organization\",\"@id\":\"https:\/\/www.miomiorun.com\/es\/#organization\",\"name\":\"MioMio Run\",\"url\":\"https:\/\/www.miomiorun.com\/es\/\",\"logo\":{\"@type\":\"ImageObject\",\"inLanguage\":\"es-ES\",\"@id\":\"https:\/\/www.miomiorun.com\/es\/#\/schema\/logo\/image\/\",\"url\":\"https:\/\/www.miomiorun.com\/app\/uploads\/2019\/12\/logomio.png\",\"contentUrl\":\"https:\/\/www.miomiorun.com\/app\/uploads\/2019\/12\/logomio.png\",\"width\":115,\"height\":82,\"caption\":\"MioMio Run\"},\"image\":{\"@id\":\"https:\/\/www.miomiorun.com\/es\/#\/schema\/logo\/image\/\"},\"sameAs\":[\"https:\/\/www.facebook.com\/miomiorun\/\",\"https:\/\/www.instagram.com\/miomiorun\/\"]}]}<\/script>\n<!-- \/ Yoast SEO plugin. -->","yoast_head_json":{"title":"Crazy Idea T-Shirt Voltage mujer - camiseta de running - MioMioRun","description":"La camiseta Lightning re\u00fane todo nuestro saber hacer en el dise\u00f1o de patrones y nuestra experiencia en tecnolog\u00eda de impresi\u00f3n digital.","robots":{"index":"index","follow":"follow","max-snippet":"max-snippet:-1","max-image-preview":"max-image-preview:large","max-video-preview":"max-video-preview:-1"},"canonical":"https:\/\/www.miomiorun.com\/es\/producto\/crazy-idea-t-shirt-voltage-mujer\/","og_locale":"es_ES","og_type":"article","og_title":"Crazy Idea T-Shirt Voltage mujer - camiseta de running - MioMioRun","og_description":"La camiseta Lightning re\u00fane todo nuestro saber hacer en el dise\u00f1o de patrones y nuestra experiencia en tecnolog\u00eda de impresi\u00f3n digital.","og_url":"https:\/\/www.miomiorun.com\/es\/producto\/crazy-idea-t-shirt-voltage-mujer\/","og_site_name":"MioMioRun","article_publisher":"https:\/\/www.facebook.com\/miomiorun\/","article_modified_time":"2026-05-08T18:53:33+00:00","og_image":[{"width":600,"height":600,"url":"https:\/\/www.miomiorun.com\/app\/uploads\/2022\/04\/crazy-idea-t-shirt-voltage-W-mandala-S22095126D-00X096.jpg","type":"image\/jpeg"}],"twitter_card":"summary_large_image","twitter_misc":{"Est. reading time":"1 minute"},"schema":{"@context":"https:\/\/schema.org","@graph":[{"@type":"WebPage","@id":"https:\/\/www.miomiorun.com\/es\/producto\/crazy-idea-t-shirt-voltage-mujer\/","url":"https:\/\/www.miomiorun.com\/es\/producto\/crazy-idea-t-shirt-voltage-mujer\/","name":"Crazy Idea T-Shirt Voltage mujer - camiseta de running - MioMioRun","isPartOf":{"@id":"https:\/\/www.miomiorun.com\/es\/#website"},"primaryImageOfPage":{"@id":"https:\/\/www.miomiorun.com\/es\/producto\/crazy-idea-t-shirt-voltage-mujer\/#primaryimage"},"image":{"@id":"https:\/\/www.miomiorun.com\/es\/producto\/crazy-idea-t-shirt-voltage-mujer\/#primaryimage"},"thumbnailUrl":"https:\/\/www.miomiorun.com\/app\/uploads\/2022\/04\/crazy-idea-t-shirt-voltage-W-mandala-S22095126D-00X096.jpg","datePublished":"2021-04-16T15:14:34+00:00","dateModified":"2026-05-08T18:53:33+00:00","description":"La camiseta Lightning re\u00fane todo nuestro saber hacer en el dise\u00f1o de patrones y nuestra experiencia en tecnolog\u00eda de impresi\u00f3n digital.","breadcrumb":{"@id":"https:\/\/www.miomiorun.com\/es\/producto\/crazy-idea-t-shirt-voltage-mujer\/#breadcrumb"},"inLanguage":"es-ES","potentialAction":[{"@type":"ReadAction","target":["https:\/\/www.miomiorun.com\/es\/producto\/crazy-idea-t-shirt-voltage-mujer\/"]}]},{"@type":"ImageObject","inLanguage":"es-ES","@id":"https:\/\/www.miomiorun.com\/es\/producto\/crazy-idea-t-shirt-voltage-mujer\/#primaryimage","url":"https:\/\/www.miomiorun.com\/app\/uploads\/2022\/04\/crazy-idea-t-shirt-voltage-W-mandala-S22095126D-00X096.jpg","contentUrl":"https:\/\/www.miomiorun.com\/app\/uploads\/2022\/04\/crazy-idea-t-shirt-voltage-W-mandala-S22095126D-00X096.jpg","width":600,"height":600,"caption":"crazy-idea-t-shirt-voltage-W-mandala-S22095126D-00X096"},{"@type":"BreadcrumbList","@id":"https:\/\/www.miomiorun.com\/es\/producto\/crazy-idea-t-shirt-voltage-mujer\/#breadcrumb","itemListElement":[{"@type":"ListItem","position":1,"name":"Home","item":"https:\/\/www.miomiorun.com\/es\/"},{"@type":"ListItem","position":2,"name":"Shop","item":"https:\/\/www.miomiorun.com\/shop\/"},{"@type":"ListItem","position":3,"name":"T-Shirt Voltage mujer"}]},{"@type":"WebSite","@id":"https:\/\/www.miomiorun.com\/es\/#website","url":"https:\/\/www.miomiorun.com\/es\/","name":"MioMioRun","description":"Tienda 100% running y trail","publisher":{"@id":"https:\/\/www.miomiorun.com\/es\/#organization"},"potentialAction":[{"@type":"SearchAction","target":{"@type":"EntryPoint","urlTemplate":"https:\/\/www.miomiorun.com\/es\/?s={search_term_string}"},"query-input":{"@type":"PropertyValueSpecification","valueRequired":true,"valueName":"search_term_string"}}],"inLanguage":"es-ES"},{"@type":"Organization","@id":"https:\/\/www.miomiorun.com\/es\/#organization","name":"MioMio Run","url":"https:\/\/www.miomiorun.com\/es\/","logo":{"@type":"ImageObject","inLanguage":"es-ES","@id":"https:\/\/www.miomiorun.com\/es\/#\/schema\/logo\/image\/","url":"https:\/\/www.miomiorun.com\/app\/uploads\/2019\/12\/logomio.png","contentUrl":"https:\/\/www.miomiorun.com\/app\/uploads\/2019\/12\/logomio.png","width":115,"height":82,"caption":"MioMio Run"},"image":{"@id":"https:\/\/www.miomiorun.com\/es\/#\/schema\/logo\/image\/"},"sameAs":["https:\/\/www.facebook.com\/miomiorun\/","https:\/\/www.instagram.com\/miomiorun\/"]}]}},"_links":{"self":[{"href":"https:\/\/www.miomiorun.com\/es\/wp-json\/wp\/v2\/product\/276943","targetHints":{"allow":["GET"]}}],"collection":[{"href":"https:\/\/www.miomiorun.com\/es\/wp-json\/wp\/v2\/product"}],"about":[{"href":"https:\/\/www.miomiorun.com\/es\/wp-json\/wp\/v2\/types\/product"}],"wp:featuredmedia":[{"embeddable":true,"href":"https:\/\/www.miomiorun.com\/es\/wp-json\/wp\/v2\/media\/236170"}],"wp:attachment":[{"href":"https:\/\/www.miomiorun.com\/es\/wp-json\/wp\/v2\/media?parent=276943"}],"wp:term":[{"taxonomy":"product_brand","embeddable":true,"href":"https:\/\/www.miomiorun.com\/es\/wp-json\/wp\/v2\/product_brand?post=276943"},{"taxonomy":"product_cat","embeddable":true,"href":"https:\/\/www.miomiorun.com\/es\/wp-json\/wp\/v2\/product_cat?post=276943"},{"taxonomy":"product_tag","embeddable":true,"href":"https:\/\/www.miomiorun.com\/es\/wp-json\/wp\/v2\/product_tag?post=276943"}],"curies":[{"name":"wp","href":"https:\/\/api.w.org\/{rel}","templated":true}]}}