{"id":276877,"date":"2021-04-17T17:42:52","date_gmt":"2021-04-17T15:42:52","guid":{"rendered":"https:\/\/miomiorun.com\/prodotto\/la-sportiva-vert-tank-m-uomo\/"},"modified":"2026-04-30T10:23:53","modified_gmt":"2026-04-30T08:23:53","slug":"la-sportiva-vert-tank-m-hombre","status":"publish","type":"product","link":"https:\/\/www.miomiorun.com\/es\/producto\/la-sportiva-vert-tank-m-hombre\/","title":{"rendered":"Vert Tank M hombre"},"content":{"rendered":"<p>Vert Tank es una camiseta sin mangas ligera y de secado r\u00e1pido, ideal para las intensas sesiones de entrenamiento de verano. El tratamiento antiolor y antibacteriano Polygiene\u00ae y el tejido de malla hacen que esta prenda sea especialmente transpirable.<\/p>\n<p><img decoding=\"async\" src=\"https:\/\/www.lasportiva.com\/media\/techinfo_icons\/elasticita.png\" alt=\"La Sportiva\" \/><\/p>\n<p><strong>Elasticidad:<\/strong><br \/>\nPrendas c\u00f3modas y adaptables que garantizan la m\u00e1xima libertad de movimiento.<\/p>\n<div class=\"data item content\" role=\"tabpanel\" aria-labelledby=\"tab-label-techinfo\" data-role=\"content\" aria-hidden=\"false\">\n<div class=\"techinfo-container\">\n<div class=\"techinfo-icons\">\n<div class=\"techinfo-icon\"><a> <img decoding=\"async\" src=\"https:\/\/www.lasportiva.com\/media\/techinfo_icons\/L1.png\" alt=\"La Sportiva\" \/><\/a><\/div>\n<div class=\"techinfo-icon\"><a><strong>L1 &#8211; CAPA BASE<\/strong><br \/>\nCapa que est\u00e1 en contacto directo con la piel. Favorece la evacuaci\u00f3n del sudor para proporcionar una mayor comodidad t\u00e9rmica durante la actividad f\u00edsica. <\/a><\/div>\n<div class=\"techinfo-icon\"><img decoding=\"async\" src=\"https:\/\/www.lasportiva.com\/media\/techinfo_icons\/slim-fit.png\" alt=\"La Sportiva\" \/><\/div>\n<div><strong>Slim fit:<\/strong><br \/>\nCorte muy ajustado para un rendimiento m\u00e1ximo en competici\u00f3n<\/div>\n<div class=\"techinfo-icon\"><a> <img decoding=\"async\" src=\"https:\/\/www.lasportiva.com\/media\/techinfo_icons\/leggerezza.png\" alt=\"La Sportiva\" \/><\/a><\/div>\n<div><strong>Ligereza: <\/strong>Productos que mantienen el peso al m\u00ednimo<\/div>\n<div class=\"techinfo-icon\"><a> <img loading=\"lazy\" decoding=\"async\" class=\"\" src=\"https:\/\/www.lasportiva.com\/media\/techinfo_icons\/traspirabilita.png\" alt=\"La Sportiva\" width=\"76\" height=\"76\" \/><\/a><\/div>\n<div><strong>Transpirabilidad: <\/strong>Productos altamente transpirables para un confort clim\u00e1tico \u00f3ptimo.<\/div>\n<div><img loading=\"lazy\" decoding=\"async\" class=\"\" src=\"https:\/\/www.lasportiva.com\/media\/techinfo_icons\/polygiene.png\" alt=\"La Sportiva\" width=\"76\" height=\"76\" \/><\/div>\n<div>La tecnolog\u00eda antibacteriana y antiolor Polygiene\u00ae es un tratamiento duradero, eficaz y sostenible que utiliza sales de plata para impedir la formaci\u00f3n de las bacterias que causan los malos olores. \u00bfEl resultado?\u00a0<strong>Las prendas se pueden llevar puestas durante m\u00e1s tiempo sin necesidad de lavarlas.<\/strong><\/div>\n<\/div>\n<div class=\"techinfo-description\"><b>Material:<\/b>Principal: (KSL-03) 50 % poli\u00e9ster, 50 % poli\u00e9ster reciclado<br \/>\n<b>Peso:<\/b>85 g (L)<\/div>\n<\/div>\n<\/div>\n","protected":false},"excerpt":{"rendered":"<p>Vert Tank es una camiseta sin mangas ligera y de secado r\u00e1pido, ideal para las intensas sesiones de entrenamiento de verano. El tratamiento antiolor y antibacteriano Polygiene\u00ae y el tejido de malla hacen que esta prenda sea especialmente transpirable. Elasticidad: Prendas c\u00f3modas y adaptables que garantizan la m\u00e1xima libertad de movimiento. L1 &#8211; CAPA BASE &hellip; <a href=\"https:\/\/www.miomiorun.com\/es\/producto\/la-sportiva-vert-tank-m-hombre\/\">Continued<\/a><\/p>\n","protected":false},"featured_media":231736,"template":"","meta":{"_acf_changed":false,"inline_featured_image":false},"product_brand":[],"product_cat":[24461,24463,24464],"product_tag":[23598,23600],"class_list":{"0":"post-276877","1":"product","2":"type-product","3":"status-publish","4":"has-post-thumbnail","6":"product_cat-chalecos-es-2","7":"product_cat-ropa-de-hombre-es","8":"product_cat-hombre","9":"product_tag-la-sportiva-es","10":"product_tag-la-sportiva-hombre","11":"pa_attivita-trail-es","12":"pa_colore-vert-tank-m-topaz-space-blue-es","13":"pa_colore-vert-tank-m-yellow-carbon-es","14":"pa_marca-la-sportiva-es","15":"pa_sesso-hombre","16":"pa_size-medium-es","17":"pa_size-large-es","18":"pa_size-extra-large-es","20":"first","21":"instock","22":"sale","23":"taxable","24":"shipping-taxable","25":"purchasable","26":"product-type-variable","27":"wvs-archive-product-wrapper"},"acf":[],"yoast_head":"<!-- This site is optimized with the Yoast SEO plugin v26.8 - https:\/\/yoast.com\/product\/yoast-seo-wordpress\/ -->\n<title>La Sportiva Vert Tank M hombre -camiseta sin mangas para correr - MioMioRun<\/title>\n<meta name=\"description\" content=\"Vert Tank es una camiseta sin mangas ligera y de secado r\u00e1pido, ideal para las intensas sesiones de entrenamiento de verano.\" \/>\n<meta name=\"robots\" content=\"index, follow, max-snippet:-1, max-image-preview:large, max-video-preview:-1\" \/>\n<link rel=\"canonical\" href=\"https:\/\/www.miomiorun.com\/es\/producto\/la-sportiva-vert-tank-m-hombre\/\" \/>\n<meta property=\"og:locale\" content=\"es_ES\" \/>\n<meta property=\"og:type\" content=\"article\" \/>\n<meta property=\"og:title\" content=\"La Sportiva Vert Tank M hombre -camiseta sin mangas para correr - MioMioRun\" \/>\n<meta property=\"og:description\" content=\"Vert Tank es una camiseta sin mangas ligera y de secado r\u00e1pido, ideal para las intensas sesiones de entrenamiento de verano.\" \/>\n<meta property=\"og:url\" content=\"https:\/\/www.miomiorun.com\/es\/producto\/la-sportiva-vert-tank-m-hombre\/\" \/>\n<meta property=\"og:site_name\" content=\"MioMioRun\" \/>\n<meta property=\"article:publisher\" content=\"https:\/\/www.facebook.com\/miomiorun\/\" \/>\n<meta property=\"article:modified_time\" content=\"2026-04-30T08:23:53+00:00\" \/>\n<meta property=\"og:image\" content=\"https:\/\/www.miomiorun.com\/app\/uploads\/2021\/04\/la-sportiva-Vert-Tank-M-P09100900.jpg\" \/>\n\t<meta property=\"og:image:width\" content=\"600\" \/>\n\t<meta property=\"og:image:height\" content=\"600\" \/>\n\t<meta property=\"og:image:type\" content=\"image\/jpeg\" \/>\n<meta name=\"twitter:card\" content=\"summary_large_image\" \/>\n<meta name=\"twitter:label1\" content=\"Est. reading time\" \/>\n\t<meta name=\"twitter:data1\" content=\"1 minute\" \/>\n<script type=\"application\/ld+json\" class=\"yoast-schema-graph\">{\"@context\":\"https:\/\/schema.org\",\"@graph\":[{\"@type\":\"WebPage\",\"@id\":\"https:\/\/www.miomiorun.com\/es\/producto\/la-sportiva-vert-tank-m-hombre\/\",\"url\":\"https:\/\/www.miomiorun.com\/es\/producto\/la-sportiva-vert-tank-m-hombre\/\",\"name\":\"La Sportiva Vert Tank M hombre -camiseta sin mangas para correr - MioMioRun\",\"isPartOf\":{\"@id\":\"https:\/\/www.miomiorun.com\/es\/#website\"},\"primaryImageOfPage\":{\"@id\":\"https:\/\/www.miomiorun.com\/es\/producto\/la-sportiva-vert-tank-m-hombre\/#primaryimage\"},\"image\":{\"@id\":\"https:\/\/www.miomiorun.com\/es\/producto\/la-sportiva-vert-tank-m-hombre\/#primaryimage\"},\"thumbnailUrl\":\"https:\/\/www.miomiorun.com\/app\/uploads\/2021\/04\/la-sportiva-Vert-Tank-M-P09100900.jpg\",\"datePublished\":\"2021-04-17T15:42:52+00:00\",\"dateModified\":\"2026-04-30T08:23:53+00:00\",\"description\":\"Vert Tank es una camiseta sin mangas ligera y de secado r\u00e1pido, ideal para las intensas sesiones de entrenamiento de verano.\",\"breadcrumb\":{\"@id\":\"https:\/\/www.miomiorun.com\/es\/producto\/la-sportiva-vert-tank-m-hombre\/#breadcrumb\"},\"inLanguage\":\"es-ES\",\"potentialAction\":[{\"@type\":\"ReadAction\",\"target\":[\"https:\/\/www.miomiorun.com\/es\/producto\/la-sportiva-vert-tank-m-hombre\/\"]}]},{\"@type\":\"ImageObject\",\"inLanguage\":\"es-ES\",\"@id\":\"https:\/\/www.miomiorun.com\/es\/producto\/la-sportiva-vert-tank-m-hombre\/#primaryimage\",\"url\":\"https:\/\/www.miomiorun.com\/app\/uploads\/2021\/04\/la-sportiva-Vert-Tank-M-P09100900.jpg\",\"contentUrl\":\"https:\/\/www.miomiorun.com\/app\/uploads\/2021\/04\/la-sportiva-Vert-Tank-M-P09100900.jpg\",\"width\":600,\"height\":600,\"caption\":\"la sportiva vert tank m\"},{\"@type\":\"BreadcrumbList\",\"@id\":\"https:\/\/www.miomiorun.com\/es\/producto\/la-sportiva-vert-tank-m-hombre\/#breadcrumb\",\"itemListElement\":[{\"@type\":\"ListItem\",\"position\":1,\"name\":\"Home\",\"item\":\"https:\/\/www.miomiorun.com\/es\/\"},{\"@type\":\"ListItem\",\"position\":2,\"name\":\"Shop\",\"item\":\"https:\/\/www.miomiorun.com\/shop\/\"},{\"@type\":\"ListItem\",\"position\":3,\"name\":\"Vert Tank M hombre\"}]},{\"@type\":\"WebSite\",\"@id\":\"https:\/\/www.miomiorun.com\/es\/#website\",\"url\":\"https:\/\/www.miomiorun.com\/es\/\",\"name\":\"MioMioRun\",\"description\":\"Tienda 100% running y trail\",\"publisher\":{\"@id\":\"https:\/\/www.miomiorun.com\/es\/#organization\"},\"potentialAction\":[{\"@type\":\"SearchAction\",\"target\":{\"@type\":\"EntryPoint\",\"urlTemplate\":\"https:\/\/www.miomiorun.com\/es\/?s={search_term_string}\"},\"query-input\":{\"@type\":\"PropertyValueSpecification\",\"valueRequired\":true,\"valueName\":\"search_term_string\"}}],\"inLanguage\":\"es-ES\"},{\"@type\":\"Organization\",\"@id\":\"https:\/\/www.miomiorun.com\/es\/#organization\",\"name\":\"MioMio Run\",\"url\":\"https:\/\/www.miomiorun.com\/es\/\",\"logo\":{\"@type\":\"ImageObject\",\"inLanguage\":\"es-ES\",\"@id\":\"https:\/\/www.miomiorun.com\/es\/#\/schema\/logo\/image\/\",\"url\":\"https:\/\/www.miomiorun.com\/app\/uploads\/2019\/12\/logomio.png\",\"contentUrl\":\"https:\/\/www.miomiorun.com\/app\/uploads\/2019\/12\/logomio.png\",\"width\":115,\"height\":82,\"caption\":\"MioMio Run\"},\"image\":{\"@id\":\"https:\/\/www.miomiorun.com\/es\/#\/schema\/logo\/image\/\"},\"sameAs\":[\"https:\/\/www.facebook.com\/miomiorun\/\",\"https:\/\/www.instagram.com\/miomiorun\/\"]}]}<\/script>\n<!-- \/ Yoast SEO plugin. -->","yoast_head_json":{"title":"La Sportiva Vert Tank M hombre -camiseta sin mangas para correr - MioMioRun","description":"Vert Tank es una camiseta sin mangas ligera y de secado r\u00e1pido, ideal para las intensas sesiones de entrenamiento de verano.","robots":{"index":"index","follow":"follow","max-snippet":"max-snippet:-1","max-image-preview":"max-image-preview:large","max-video-preview":"max-video-preview:-1"},"canonical":"https:\/\/www.miomiorun.com\/es\/producto\/la-sportiva-vert-tank-m-hombre\/","og_locale":"es_ES","og_type":"article","og_title":"La Sportiva Vert Tank M hombre -camiseta sin mangas para correr - MioMioRun","og_description":"Vert Tank es una camiseta sin mangas ligera y de secado r\u00e1pido, ideal para las intensas sesiones de entrenamiento de verano.","og_url":"https:\/\/www.miomiorun.com\/es\/producto\/la-sportiva-vert-tank-m-hombre\/","og_site_name":"MioMioRun","article_publisher":"https:\/\/www.facebook.com\/miomiorun\/","article_modified_time":"2026-04-30T08:23:53+00:00","og_image":[{"width":600,"height":600,"url":"https:\/\/www.miomiorun.com\/app\/uploads\/2021\/04\/la-sportiva-Vert-Tank-M-P09100900.jpg","type":"image\/jpeg"}],"twitter_card":"summary_large_image","twitter_misc":{"Est. reading time":"1 minute"},"schema":{"@context":"https:\/\/schema.org","@graph":[{"@type":"WebPage","@id":"https:\/\/www.miomiorun.com\/es\/producto\/la-sportiva-vert-tank-m-hombre\/","url":"https:\/\/www.miomiorun.com\/es\/producto\/la-sportiva-vert-tank-m-hombre\/","name":"La Sportiva Vert Tank M hombre -camiseta sin mangas para correr - MioMioRun","isPartOf":{"@id":"https:\/\/www.miomiorun.com\/es\/#website"},"primaryImageOfPage":{"@id":"https:\/\/www.miomiorun.com\/es\/producto\/la-sportiva-vert-tank-m-hombre\/#primaryimage"},"image":{"@id":"https:\/\/www.miomiorun.com\/es\/producto\/la-sportiva-vert-tank-m-hombre\/#primaryimage"},"thumbnailUrl":"https:\/\/www.miomiorun.com\/app\/uploads\/2021\/04\/la-sportiva-Vert-Tank-M-P09100900.jpg","datePublished":"2021-04-17T15:42:52+00:00","dateModified":"2026-04-30T08:23:53+00:00","description":"Vert Tank es una camiseta sin mangas ligera y de secado r\u00e1pido, ideal para las intensas sesiones de entrenamiento de verano.","breadcrumb":{"@id":"https:\/\/www.miomiorun.com\/es\/producto\/la-sportiva-vert-tank-m-hombre\/#breadcrumb"},"inLanguage":"es-ES","potentialAction":[{"@type":"ReadAction","target":["https:\/\/www.miomiorun.com\/es\/producto\/la-sportiva-vert-tank-m-hombre\/"]}]},{"@type":"ImageObject","inLanguage":"es-ES","@id":"https:\/\/www.miomiorun.com\/es\/producto\/la-sportiva-vert-tank-m-hombre\/#primaryimage","url":"https:\/\/www.miomiorun.com\/app\/uploads\/2021\/04\/la-sportiva-Vert-Tank-M-P09100900.jpg","contentUrl":"https:\/\/www.miomiorun.com\/app\/uploads\/2021\/04\/la-sportiva-Vert-Tank-M-P09100900.jpg","width":600,"height":600,"caption":"la sportiva vert tank m"},{"@type":"BreadcrumbList","@id":"https:\/\/www.miomiorun.com\/es\/producto\/la-sportiva-vert-tank-m-hombre\/#breadcrumb","itemListElement":[{"@type":"ListItem","position":1,"name":"Home","item":"https:\/\/www.miomiorun.com\/es\/"},{"@type":"ListItem","position":2,"name":"Shop","item":"https:\/\/www.miomiorun.com\/shop\/"},{"@type":"ListItem","position":3,"name":"Vert Tank M hombre"}]},{"@type":"WebSite","@id":"https:\/\/www.miomiorun.com\/es\/#website","url":"https:\/\/www.miomiorun.com\/es\/","name":"MioMioRun","description":"Tienda 100% running y trail","publisher":{"@id":"https:\/\/www.miomiorun.com\/es\/#organization"},"potentialAction":[{"@type":"SearchAction","target":{"@type":"EntryPoint","urlTemplate":"https:\/\/www.miomiorun.com\/es\/?s={search_term_string}"},"query-input":{"@type":"PropertyValueSpecification","valueRequired":true,"valueName":"search_term_string"}}],"inLanguage":"es-ES"},{"@type":"Organization","@id":"https:\/\/www.miomiorun.com\/es\/#organization","name":"MioMio Run","url":"https:\/\/www.miomiorun.com\/es\/","logo":{"@type":"ImageObject","inLanguage":"es-ES","@id":"https:\/\/www.miomiorun.com\/es\/#\/schema\/logo\/image\/","url":"https:\/\/www.miomiorun.com\/app\/uploads\/2019\/12\/logomio.png","contentUrl":"https:\/\/www.miomiorun.com\/app\/uploads\/2019\/12\/logomio.png","width":115,"height":82,"caption":"MioMio Run"},"image":{"@id":"https:\/\/www.miomiorun.com\/es\/#\/schema\/logo\/image\/"},"sameAs":["https:\/\/www.facebook.com\/miomiorun\/","https:\/\/www.instagram.com\/miomiorun\/"]}]}},"_links":{"self":[{"href":"https:\/\/www.miomiorun.com\/es\/wp-json\/wp\/v2\/product\/276877","targetHints":{"allow":["GET"]}}],"collection":[{"href":"https:\/\/www.miomiorun.com\/es\/wp-json\/wp\/v2\/product"}],"about":[{"href":"https:\/\/www.miomiorun.com\/es\/wp-json\/wp\/v2\/types\/product"}],"wp:featuredmedia":[{"embeddable":true,"href":"https:\/\/www.miomiorun.com\/es\/wp-json\/wp\/v2\/media\/231736"}],"wp:attachment":[{"href":"https:\/\/www.miomiorun.com\/es\/wp-json\/wp\/v2\/media?parent=276877"}],"wp:term":[{"taxonomy":"product_brand","embeddable":true,"href":"https:\/\/www.miomiorun.com\/es\/wp-json\/wp\/v2\/product_brand?post=276877"},{"taxonomy":"product_cat","embeddable":true,"href":"https:\/\/www.miomiorun.com\/es\/wp-json\/wp\/v2\/product_cat?post=276877"},{"taxonomy":"product_tag","embeddable":true,"href":"https:\/\/www.miomiorun.com\/es\/wp-json\/wp\/v2\/product_tag?post=276877"}],"curies":[{"name":"wp","href":"https:\/\/api.w.org\/{rel}","templated":true}]}}