{"id":276853,"date":"2021-04-17T18:00:20","date_gmt":"2021-04-17T16:00:20","guid":{"rendered":"https:\/\/miomiorun.com\/prodotto\/freccia-short-uomo\/"},"modified":"2026-04-30T10:24:49","modified_gmt":"2026-04-30T08:24:49","slug":"freccia-short-hombre","status":"publish","type":"product","link":"https:\/\/www.miomiorun.com\/es\/producto\/freccia-short-hombre\/","title":{"rendered":"Freccia Short hombre"},"content":{"rendered":"<p>Los pantalones cortos de trail running <strong>Freccia Short<\/strong>, dise\u00f1ados para el mundo de la competici\u00f3n, son una prenda ligera y transpirable en su versi\u00f3n para hombre. El dise\u00f1o minimalista de la cintura busca reducir al m\u00e1ximo el peso, mientras que los detalles reflectantes garantizan la visibilidad incluso en condiciones de poca luz.<\/p>\n<p>El tejido ligero y el\u00e1stico permite una m\u00e1xima libertad de movimiento, y la incorporaci\u00f3n de dos bolsillos laterales de malla permite distribuir adecuadamente el peso de los geles y los objetos peque\u00f1os.<\/p>\n<h2>Tecnolog\u00edas<\/h2>\n<p><img decoding=\"async\" src=\"https:\/\/www.lasportiva.com\/media\/techinfo_icons\/elasticita.png\" alt=\"La Sportiva\" \/><\/p>\n<p><strong>Elasticidad:<\/strong><br \/>\nPrendas c\u00f3modas y adaptables que garantizan la m\u00e1xima libertad de movimiento.<\/p>\n<div class=\"data item content\" role=\"tabpanel\" aria-labelledby=\"tab-label-techinfo\" data-role=\"content\" aria-hidden=\"false\">\n<div class=\"techinfo-container\">\n<div class=\"techinfo-icons\">\n<div class=\"techinfo-icon\"><\/div>\n<div class=\"techinfo-icon\"><a><img decoding=\"async\" src=\"https:\/\/www.lasportiva.com\/media\/techinfo_icons\/leggerezza.png\" alt=\"La Sportiva\" \/><\/a><\/div>\n<div><strong>Ligereza: <\/strong>Productos que mantienen el peso al m\u00ednimo<\/div>\n<div class=\"techinfo-icon\"><\/div>\n<div class=\"techinfo-icon\"><a><img decoding=\"async\" src=\"https:\/\/www.lasportiva.com\/media\/techinfo_icons\/L2.png\" alt=\"La Sportiva\" \/><\/a><\/div>\n<div><strong>L2 &#8211; CAPA INTERMEDIA Y CAPA T\u00c9RMICA : <\/strong>Proporciona un mayor aislamiento t\u00e9rmico y favorece la evacuaci\u00f3n del sudor gracias a su elevada transpirabilidad.<\/div>\n<div class=\"techinfo-icon\"><\/div>\n<div class=\"techinfo-icon\"><a><img decoding=\"async\" src=\"https:\/\/www.lasportiva.com\/media\/techinfo_icons\/traspirabilita.png\" alt=\"La Sportiva\" \/><\/a><\/div>\n<div><strong>Transpirabilidad: <\/strong>Productos altamente transpirables para un confort clim\u00e1tico \u00f3ptimo.<\/div>\n<div class=\"techinfo-icon\"><\/div>\n<div class=\"techinfo-icon\"><a><img decoding=\"async\" src=\"https:\/\/www.lasportiva.com\/media\/techinfo_icons\/regular-fit.png\" alt=\"La Sportiva\" \/><\/a><\/div>\n<div><strong>Corte regular: <\/strong>Corte t\u00e9cnico y c\u00f3modo.<\/div>\n<\/div>\n<div><\/div>\n<div><\/div>\n<div class=\"techinfo-description\"><b>Materiales:<\/b> Principal: (MSH28) 75 % PL reciclado &#8211; 25 % PL<br \/>\n<b>Peso:<\/b> 110 g (M)<\/div>\n<\/div>\n<\/div>\n","protected":false},"excerpt":{"rendered":"<ul>\n<li>Pantalones cortos de competici\u00f3n<\/li>\n<li>S\u00faper ligeras y c\u00f3modas para recorrer largas distancias<\/li>\n<\/ul>\n","protected":false},"featured_media":231742,"template":"","meta":{"_acf_changed":false,"inline_featured_image":false},"product_brand":[],"product_cat":[24457,24463,24464],"product_tag":[23598,23600],"class_list":{"0":"post-276853","1":"product","2":"type-product","3":"status-publish","4":"has-post-thumbnail","6":"product_cat-pantalones-cortos-es-2","7":"product_cat-ropa-de-hombre-es","8":"product_cat-hombre","9":"product_tag-la-sportiva-es","10":"product_tag-la-sportiva-hombre","11":"pa_attivita-trail-es","12":"pa_colore-freccia-short-black-yellow-es","13":"pa_marca-la-sportiva-es","14":"pa_sesso-hombre","15":"pa_size-small-es","17":"first","18":"instock","19":"sale","20":"taxable","21":"shipping-taxable","22":"purchasable","23":"product-type-variable","24":"wvs-archive-product-wrapper"},"acf":[],"yoast_head":"<!-- This site is optimized with the Yoast SEO plugin v26.8 - https:\/\/yoast.com\/product\/yoast-seo-wordpress\/ -->\n<title>La Sportiva Freccia Short hombre - Pantalones cortos para hombre - MioMioRun<\/title>\n<meta name=\"description\" content=\"Los pantalones cortos de trail running Freccia Short, dise\u00f1ados para el mundo de la competici\u00f3n, son una prenda ligera y transpirable. Confeccionados con un tejido ligero.\" \/>\n<meta name=\"robots\" content=\"index, follow, max-snippet:-1, max-image-preview:large, max-video-preview:-1\" \/>\n<link rel=\"canonical\" href=\"https:\/\/www.miomiorun.com\/es\/producto\/freccia-short-hombre\/\" \/>\n<meta property=\"og:locale\" content=\"es_ES\" \/>\n<meta property=\"og:type\" content=\"article\" \/>\n<meta property=\"og:title\" content=\"La Sportiva Freccia Short hombre - Pantalones cortos para hombre - MioMioRun\" \/>\n<meta property=\"og:description\" content=\"Los pantalones cortos de trail running Freccia Short, dise\u00f1ados para el mundo de la competici\u00f3n, son una prenda ligera y transpirable. Confeccionados con un tejido ligero.\" \/>\n<meta property=\"og:url\" content=\"https:\/\/www.miomiorun.com\/es\/producto\/freccia-short-hombre\/\" \/>\n<meta property=\"og:site_name\" content=\"MioMioRun\" \/>\n<meta property=\"article:publisher\" content=\"https:\/\/www.facebook.com\/miomiorun\/\" \/>\n<meta property=\"article:modified_time\" content=\"2026-04-30T08:24:49+00:00\" \/>\n<meta property=\"og:image\" content=\"https:\/\/www.miomiorun.com\/app\/uploads\/2021\/04\/la-sportiva-Freccia-Short-M-P26999907-retro.jpg\" \/>\n\t<meta property=\"og:image:width\" content=\"600\" \/>\n\t<meta property=\"og:image:height\" content=\"600\" \/>\n\t<meta property=\"og:image:type\" content=\"image\/jpeg\" \/>\n<meta name=\"twitter:card\" content=\"summary_large_image\" \/>\n<meta name=\"twitter:label1\" content=\"Est. reading time\" \/>\n\t<meta name=\"twitter:data1\" content=\"1 minute\" \/>\n<script type=\"application\/ld+json\" class=\"yoast-schema-graph\">{\"@context\":\"https:\/\/schema.org\",\"@graph\":[{\"@type\":\"WebPage\",\"@id\":\"https:\/\/www.miomiorun.com\/es\/producto\/freccia-short-hombre\/\",\"url\":\"https:\/\/www.miomiorun.com\/es\/producto\/freccia-short-hombre\/\",\"name\":\"La Sportiva Freccia Short hombre - Pantalones cortos para hombre - MioMioRun\",\"isPartOf\":{\"@id\":\"https:\/\/www.miomiorun.com\/es\/#website\"},\"primaryImageOfPage\":{\"@id\":\"https:\/\/www.miomiorun.com\/es\/producto\/freccia-short-hombre\/#primaryimage\"},\"image\":{\"@id\":\"https:\/\/www.miomiorun.com\/es\/producto\/freccia-short-hombre\/#primaryimage\"},\"thumbnailUrl\":\"https:\/\/www.miomiorun.com\/app\/uploads\/2021\/04\/la-sportiva-Freccia-Short-M-P26999907-retro.jpg\",\"datePublished\":\"2021-04-17T16:00:20+00:00\",\"dateModified\":\"2026-04-30T08:24:49+00:00\",\"description\":\"Los pantalones cortos de trail running Freccia Short, dise\u00f1ados para el mundo de la competici\u00f3n, son una prenda ligera y transpirable. Confeccionados con un tejido ligero.\",\"breadcrumb\":{\"@id\":\"https:\/\/www.miomiorun.com\/es\/producto\/freccia-short-hombre\/#breadcrumb\"},\"inLanguage\":\"es-ES\",\"potentialAction\":[{\"@type\":\"ReadAction\",\"target\":[\"https:\/\/www.miomiorun.com\/es\/producto\/freccia-short-hombre\/\"]}]},{\"@type\":\"ImageObject\",\"inLanguage\":\"es-ES\",\"@id\":\"https:\/\/www.miomiorun.com\/es\/producto\/freccia-short-hombre\/#primaryimage\",\"url\":\"https:\/\/www.miomiorun.com\/app\/uploads\/2021\/04\/la-sportiva-Freccia-Short-M-P26999907-retro.jpg\",\"contentUrl\":\"https:\/\/www.miomiorun.com\/app\/uploads\/2021\/04\/la-sportiva-Freccia-Short-M-P26999907-retro.jpg\",\"width\":600,\"height\":600,\"caption\":\"la sportiva freccia short m\"},{\"@type\":\"BreadcrumbList\",\"@id\":\"https:\/\/www.miomiorun.com\/es\/producto\/freccia-short-hombre\/#breadcrumb\",\"itemListElement\":[{\"@type\":\"ListItem\",\"position\":1,\"name\":\"Home\",\"item\":\"https:\/\/www.miomiorun.com\/es\/\"},{\"@type\":\"ListItem\",\"position\":2,\"name\":\"Shop\",\"item\":\"https:\/\/www.miomiorun.com\/shop\/\"},{\"@type\":\"ListItem\",\"position\":3,\"name\":\"Freccia Short hombre\"}]},{\"@type\":\"WebSite\",\"@id\":\"https:\/\/www.miomiorun.com\/es\/#website\",\"url\":\"https:\/\/www.miomiorun.com\/es\/\",\"name\":\"MioMioRun\",\"description\":\"Tienda 100% running y trail\",\"publisher\":{\"@id\":\"https:\/\/www.miomiorun.com\/es\/#organization\"},\"potentialAction\":[{\"@type\":\"SearchAction\",\"target\":{\"@type\":\"EntryPoint\",\"urlTemplate\":\"https:\/\/www.miomiorun.com\/es\/?s={search_term_string}\"},\"query-input\":{\"@type\":\"PropertyValueSpecification\",\"valueRequired\":true,\"valueName\":\"search_term_string\"}}],\"inLanguage\":\"es-ES\"},{\"@type\":\"Organization\",\"@id\":\"https:\/\/www.miomiorun.com\/es\/#organization\",\"name\":\"MioMio Run\",\"url\":\"https:\/\/www.miomiorun.com\/es\/\",\"logo\":{\"@type\":\"ImageObject\",\"inLanguage\":\"es-ES\",\"@id\":\"https:\/\/www.miomiorun.com\/es\/#\/schema\/logo\/image\/\",\"url\":\"https:\/\/www.miomiorun.com\/app\/uploads\/2019\/12\/logomio.png\",\"contentUrl\":\"https:\/\/www.miomiorun.com\/app\/uploads\/2019\/12\/logomio.png\",\"width\":115,\"height\":82,\"caption\":\"MioMio Run\"},\"image\":{\"@id\":\"https:\/\/www.miomiorun.com\/es\/#\/schema\/logo\/image\/\"},\"sameAs\":[\"https:\/\/www.facebook.com\/miomiorun\/\",\"https:\/\/www.instagram.com\/miomiorun\/\"]}]}<\/script>\n<!-- \/ Yoast SEO plugin. -->","yoast_head_json":{"title":"La Sportiva Freccia Short hombre - Pantalones cortos para hombre - MioMioRun","description":"Los pantalones cortos de trail running Freccia Short, dise\u00f1ados para el mundo de la competici\u00f3n, son una prenda ligera y transpirable. Confeccionados con un tejido ligero.","robots":{"index":"index","follow":"follow","max-snippet":"max-snippet:-1","max-image-preview":"max-image-preview:large","max-video-preview":"max-video-preview:-1"},"canonical":"https:\/\/www.miomiorun.com\/es\/producto\/freccia-short-hombre\/","og_locale":"es_ES","og_type":"article","og_title":"La Sportiva Freccia Short hombre - Pantalones cortos para hombre - MioMioRun","og_description":"Los pantalones cortos de trail running Freccia Short, dise\u00f1ados para el mundo de la competici\u00f3n, son una prenda ligera y transpirable. Confeccionados con un tejido ligero.","og_url":"https:\/\/www.miomiorun.com\/es\/producto\/freccia-short-hombre\/","og_site_name":"MioMioRun","article_publisher":"https:\/\/www.facebook.com\/miomiorun\/","article_modified_time":"2026-04-30T08:24:49+00:00","og_image":[{"width":600,"height":600,"url":"https:\/\/www.miomiorun.com\/app\/uploads\/2021\/04\/la-sportiva-Freccia-Short-M-P26999907-retro.jpg","type":"image\/jpeg"}],"twitter_card":"summary_large_image","twitter_misc":{"Est. reading time":"1 minute"},"schema":{"@context":"https:\/\/schema.org","@graph":[{"@type":"WebPage","@id":"https:\/\/www.miomiorun.com\/es\/producto\/freccia-short-hombre\/","url":"https:\/\/www.miomiorun.com\/es\/producto\/freccia-short-hombre\/","name":"La Sportiva Freccia Short hombre - Pantalones cortos para hombre - MioMioRun","isPartOf":{"@id":"https:\/\/www.miomiorun.com\/es\/#website"},"primaryImageOfPage":{"@id":"https:\/\/www.miomiorun.com\/es\/producto\/freccia-short-hombre\/#primaryimage"},"image":{"@id":"https:\/\/www.miomiorun.com\/es\/producto\/freccia-short-hombre\/#primaryimage"},"thumbnailUrl":"https:\/\/www.miomiorun.com\/app\/uploads\/2021\/04\/la-sportiva-Freccia-Short-M-P26999907-retro.jpg","datePublished":"2021-04-17T16:00:20+00:00","dateModified":"2026-04-30T08:24:49+00:00","description":"Los pantalones cortos de trail running Freccia Short, dise\u00f1ados para el mundo de la competici\u00f3n, son una prenda ligera y transpirable. Confeccionados con un tejido ligero.","breadcrumb":{"@id":"https:\/\/www.miomiorun.com\/es\/producto\/freccia-short-hombre\/#breadcrumb"},"inLanguage":"es-ES","potentialAction":[{"@type":"ReadAction","target":["https:\/\/www.miomiorun.com\/es\/producto\/freccia-short-hombre\/"]}]},{"@type":"ImageObject","inLanguage":"es-ES","@id":"https:\/\/www.miomiorun.com\/es\/producto\/freccia-short-hombre\/#primaryimage","url":"https:\/\/www.miomiorun.com\/app\/uploads\/2021\/04\/la-sportiva-Freccia-Short-M-P26999907-retro.jpg","contentUrl":"https:\/\/www.miomiorun.com\/app\/uploads\/2021\/04\/la-sportiva-Freccia-Short-M-P26999907-retro.jpg","width":600,"height":600,"caption":"la sportiva freccia short m"},{"@type":"BreadcrumbList","@id":"https:\/\/www.miomiorun.com\/es\/producto\/freccia-short-hombre\/#breadcrumb","itemListElement":[{"@type":"ListItem","position":1,"name":"Home","item":"https:\/\/www.miomiorun.com\/es\/"},{"@type":"ListItem","position":2,"name":"Shop","item":"https:\/\/www.miomiorun.com\/shop\/"},{"@type":"ListItem","position":3,"name":"Freccia Short hombre"}]},{"@type":"WebSite","@id":"https:\/\/www.miomiorun.com\/es\/#website","url":"https:\/\/www.miomiorun.com\/es\/","name":"MioMioRun","description":"Tienda 100% running y trail","publisher":{"@id":"https:\/\/www.miomiorun.com\/es\/#organization"},"potentialAction":[{"@type":"SearchAction","target":{"@type":"EntryPoint","urlTemplate":"https:\/\/www.miomiorun.com\/es\/?s={search_term_string}"},"query-input":{"@type":"PropertyValueSpecification","valueRequired":true,"valueName":"search_term_string"}}],"inLanguage":"es-ES"},{"@type":"Organization","@id":"https:\/\/www.miomiorun.com\/es\/#organization","name":"MioMio Run","url":"https:\/\/www.miomiorun.com\/es\/","logo":{"@type":"ImageObject","inLanguage":"es-ES","@id":"https:\/\/www.miomiorun.com\/es\/#\/schema\/logo\/image\/","url":"https:\/\/www.miomiorun.com\/app\/uploads\/2019\/12\/logomio.png","contentUrl":"https:\/\/www.miomiorun.com\/app\/uploads\/2019\/12\/logomio.png","width":115,"height":82,"caption":"MioMio Run"},"image":{"@id":"https:\/\/www.miomiorun.com\/es\/#\/schema\/logo\/image\/"},"sameAs":["https:\/\/www.facebook.com\/miomiorun\/","https:\/\/www.instagram.com\/miomiorun\/"]}]}},"_links":{"self":[{"href":"https:\/\/www.miomiorun.com\/es\/wp-json\/wp\/v2\/product\/276853","targetHints":{"allow":["GET"]}}],"collection":[{"href":"https:\/\/www.miomiorun.com\/es\/wp-json\/wp\/v2\/product"}],"about":[{"href":"https:\/\/www.miomiorun.com\/es\/wp-json\/wp\/v2\/types\/product"}],"wp:featuredmedia":[{"embeddable":true,"href":"https:\/\/www.miomiorun.com\/es\/wp-json\/wp\/v2\/media\/231742"}],"wp:attachment":[{"href":"https:\/\/www.miomiorun.com\/es\/wp-json\/wp\/v2\/media?parent=276853"}],"wp:term":[{"taxonomy":"product_brand","embeddable":true,"href":"https:\/\/www.miomiorun.com\/es\/wp-json\/wp\/v2\/product_brand?post=276853"},{"taxonomy":"product_cat","embeddable":true,"href":"https:\/\/www.miomiorun.com\/es\/wp-json\/wp\/v2\/product_cat?post=276853"},{"taxonomy":"product_tag","embeddable":true,"href":"https:\/\/www.miomiorun.com\/es\/wp-json\/wp\/v2\/product_tag?post=276853"}],"curies":[{"name":"wp","href":"https:\/\/api.w.org\/{rel}","templated":true}]}}