{"id":276803,"date":"2021-04-20T18:38:55","date_gmt":"2021-04-20T16:38:55","guid":{"rendered":"https:\/\/miomiorun.com\/prodotto\/lurbel-shade\/"},"modified":"2026-04-30T10:27:15","modified_gmt":"2026-04-30T08:27:15","slug":"lurbel-shade","status":"publish","type":"product","link":"https:\/\/www.miomiorun.com\/es\/producto\/lurbel-shade\/","title":{"rendered":"Lurbel Shade"},"content":{"rendered":"<p>Visera unisex transpirable compuesta por una cinta transpirable y una visera microperforada que protege del sol y deja pasar la luz a trav\u00e9s de sus microespacios.\u00a0F\u00e1cil de doblar y guardar.<br \/>\nEn la pr\u00e1ctica deportiva, se adaptan f\u00e1cilmente, absorben el sudor y mantienen una temperatura estable.<\/p>\n<p>Recomendado: carrera \/ trail running \/ ciclismo \/ triatl\u00f3n \/ senderismo \/ escalada<\/p>\n<p><strong>COMPOSICI\u00d3N: <\/strong>86 % Cool-tech, 14 % Lycra &#8211; VISERA: Poli\u00e9ster 3D<\/p>\n<p>PESO: 19 g.<\/p>\n<p><img loading=\"lazy\" decoding=\"async\" class=\"\" src=\"https:\/\/www.lurbel.es\/images\/tecnologias2\/logos\/performance-logo.png\" alt=\"Prestazione\" width=\"157\" height=\"64\" \/><\/p>\n<div class=\"col-md-12\">Lurbel cuenta con los m\u00e1s altos est\u00e1ndares de calidad, por lo que la gama Performance de Lurbel se ha dise\u00f1ado con caracter\u00edsticas de alto rendimiento.\u00a0Con esta excelencia, se sientan las bases para ofrecer lo mejor de la tecnolog\u00eda textil en todas las prendas.\u00a0Si te exiges lo mejor de ti mismo, nosotros no podemos quedarnos atr\u00e1s.<\/div>\n<div class=\"col-md-12\">\n<p>El objetivo de esta tecnolog\u00eda es: permitir que el deportista rinda al m\u00e1ximo, garantizando toda la comodidad y la m\u00e1xima libertad de movimiento<\/p>\n<ul>\n<li style=\"list-style-type: none\">\n<ul>\n<li>M\u00e1xima evacuaci\u00f3n de la humedad en todos los rangos de temperatura<\/li>\n<li>Ajuste superior con zonas anat\u00f3micas<\/li>\n<li>Propiedades antibacterianas en todas las prendas<\/li>\n<li>Suavidad y comodidad gracias a la ausencia de costuras<\/li>\n<\/ul>\n<\/li>\n<\/ul>\n<p><img loading=\"lazy\" decoding=\"async\" class=\"\" src=\"https:\/\/www.lurbel.es\/images\/tecnologias2\/logos\/Logo_Silver_Base_Layer.png\" alt=\"Base argento\" width=\"130\" height=\"99\" \/><\/p>\n<div class=\"col-md-12\">La base de nuestras prendas est\u00e1 reforzada por esta rejilla, fabricada con hilo de plata ionizada de gran poder antibacteriano.<br \/>\nPor definici\u00f3n, la mayor\u00eda de las personas que practican deporte sudan.\u00a0Y muchas bacterias proliferan gracias al calor y la humedad del cuerpo, produciendo olores desagradables.<\/div>\n<div class=\"col-md-12\">A pesar de los lavados, el olor permanece en las fibras y, con el paso del tiempo, es habitual tener la sensaci\u00f3n de oler mal incluso cuando llevamos ropa deportiva reci\u00e9n lavada.<br \/>\nLa funci\u00f3n de esta capa es actuar como estructura central de todas las prendas, dot\u00e1ndolas de un efecto antibacteriano.<\/div>\n<\/div>\n<div><\/div>\n<div>\n<div class=\"main-tabs main\">\n<div class=\"mt-panes\">\n<div id=\"mt-pane4\" class=\"mt-pane col-xs-12\">\n<ul class=\"prop col-xs-12 nopadding\">\n<li class=\"prop col-xs-12 col-md-3\"><img decoding=\"async\" title=\"ADATTABILIT\u00c0\" src=\"https:\/\/www.lurbel.es\/images\/propiedades\/adaptabilidad.png\" alt=\"ADATTABILIT\u00c0\" \/><br \/>\n<h4>CAPACIDAD DE ADAPTACI\u00d3N<\/h4>\n<p>Se adapta a la superficie del cuerpo.<\/li>\n<li class=\"prop col-xs-12 col-md-3\"><img decoding=\"async\" title=\"ALTE PRESTAZIONI\" src=\"https:\/\/www.lurbel.es\/images\/propiedades\/alto-rendimiento.png\" alt=\"ALTE PRESTAZIONI\" \/><br \/>\n<h4>ALTO RENDIMIENTO<\/h4>\n<p>Dise\u00f1ado para situaciones extremas.<\/li>\n<li class=\"prop col-xs-12 col-md-3\"><img decoding=\"async\" title=\"ANTI RUGHE\" src=\"https:\/\/www.lurbel.es\/images\/propiedades\/antiarrugas.png\" alt=\"ANTI RUGHE\" \/><br \/>\n<h4>ANTIRRUGAS<\/h4>\n<p>Tejido especial que evita que se formen arrugas al doblarlo.<\/li>\n<li class=\"prop col-xs-12 col-md-3\"><img decoding=\"async\" title=\"ANTIBATTERI\" src=\"https:\/\/www.lurbel.es\/images\/propiedades\/antibacterias.png\" alt=\"ANTIBATTERI\" \/><br \/>\n<h4>ANTIBACTERIANO<\/h4>\n<p>Impide la entrada o la proliferaci\u00f3n de microbios.<\/li>\n<li class=\"prop col-xs-12 col-md-3\"><img decoding=\"async\" title=\"ERGONOMICO\" src=\"https:\/\/www.lurbel.es\/images\/propiedades\/ergonomico.png\" alt=\"ERGONOMICO\" \/><br \/>\n<h4>ERGON\u00d3MICO<\/h4>\n<p>Pieza con estructura ergon\u00f3mica diferenciada para el pie derecho y el izquierdo.<\/li>\n<li class=\"prop col-xs-12 col-md-3\"><img decoding=\"async\" title=\"PESO LEGGERO\" src=\"https:\/\/www.lurbel.es\/images\/propiedades\/peso-ligero.png\" alt=\"PESO LEGGERO\" \/><br \/>\n<h4>PESO LIGERO<\/h4>\n<p>Prendas ligeras.<\/li>\n<li class=\"prop col-xs-12 col-md-3\"><img decoding=\"async\" title=\"Tessuto bidirezionale\" src=\"https:\/\/www.lurbel.es\/images\/propiedades\/tejido%20bidireccional_2-01.png\" alt=\"Tessuto bidirezionale\" \/><br \/>\n<h4>TEJIDO BIDIRECCIONAL<\/h4>\n<p>Estructura de tejido bidireccional, libertad de movimiento.<\/li>\n<li class=\"prop col-xs-12 col-md-3\"><img decoding=\"async\" title=\"Traspirante\" src=\"https:\/\/www.lurbel.es\/images\/propiedades\/transpirable.png\" alt=\"Traspirante\" \/><br \/>\n<h4>TRANSPIRABLE<\/h4>\n<p>El tejido se abre en zonas espec\u00edficas para mejorar la ventilaci\u00f3n de la piel.<\/li>\n<li class=\"prop col-xs-12 col-md-3\"><img decoding=\"async\" title=\"Protezione UV UPF 50+\" src=\"https:\/\/www.lurbel.es\/images\/propiedades\/UPF+50_41X43-01-01.png\" alt=\"Protezione UV UPF 50+\" \/>PROTECCI\u00d3N UV UPF 50+Protege tu piel del sol.<\/li>\n<\/ul>\n<\/div>\n<\/div>\n<\/div>\n<div class=\"prod-listado container\">\n<\/div>\n<\/div>\n","protected":false},"excerpt":{"rendered":"<p>Visera unisex transpirable compuesta por una cinta transpirable y una visera microperforada que protege del sol y deja pasar la luz a trav\u00e9s de sus microespacios.\u00a0F\u00e1cil de doblar y guardar. En la pr\u00e1ctica deportiva, se adaptan f\u00e1cilmente, absorben el sudor y mantienen una temperatura estable. Recomendado: carrera \/ trail running \/ ciclismo \/ triatl\u00f3n \/ &hellip; <a href=\"https:\/\/www.miomiorun.com\/es\/producto\/lurbel-shade\/\">Continued<\/a><\/p>\n","protected":false},"featured_media":231858,"template":"","meta":{"_acf_changed":false,"inline_featured_image":false},"product_brand":[],"product_cat":[24205,24221,24222],"product_tag":[23551],"class_list":{"0":"post-276803","1":"product","2":"type-product","3":"status-publish","4":"has-post-thumbnail","6":"product_cat-accesorios","7":"product_cat-calefaccion","8":"product_cat-sombreros-gorras","9":"product_tag-lurbel-es","10":"pa_attivita-caminar","11":"pa_attivita-outdoor-es","12":"pa_attivita-running-es","13":"pa_attivita-trail-es","14":"pa_colore-shade-black-fuchsia-es","15":"pa_colore-shade-black-red-es","16":"pa_colore-shade-black-white-es","17":"pa_marca-lurbel-es","18":"pa_sesso-hombre","19":"pa_sesso-mujer","21":"first","22":"instock","23":"sale","24":"taxable","25":"shipping-taxable","26":"purchasable","27":"product-type-variable","28":"wvs-archive-product-wrapper"},"acf":[],"yoast_head":"<!-- This site is optimized with the Yoast SEO plugin v26.8 - https:\/\/yoast.com\/product\/yoast-seo-wordpress\/ -->\n<title>Lurbel Shade - gorrita de running - MioMioRun.com<\/title>\n<meta name=\"description\" content=\"Visera unisex transpirable compuesta por una cinta transpirable y una visera microperforada que protege del sol y deja pasar la luz.\" \/>\n<meta name=\"robots\" content=\"index, follow, max-snippet:-1, max-image-preview:large, max-video-preview:-1\" \/>\n<link rel=\"canonical\" href=\"https:\/\/www.miomiorun.com\/es\/producto\/lurbel-shade\/\" \/>\n<meta property=\"og:locale\" content=\"es_ES\" \/>\n<meta property=\"og:type\" content=\"article\" \/>\n<meta property=\"og:title\" content=\"Lurbel Shade - gorrita de running - MioMioRun.com\" \/>\n<meta property=\"og:description\" content=\"Visera unisex transpirable compuesta por una cinta transpirable y una visera microperforada que protege del sol y deja pasar la luz.\" \/>\n<meta property=\"og:url\" content=\"https:\/\/www.miomiorun.com\/es\/producto\/lurbel-shade\/\" \/>\n<meta property=\"og:site_name\" content=\"MioMioRun\" \/>\n<meta property=\"article:publisher\" content=\"https:\/\/www.facebook.com\/miomiorun\/\" \/>\n<meta property=\"article:modified_time\" content=\"2026-04-30T08:27:15+00:00\" \/>\n<meta property=\"og:image\" content=\"https:\/\/www.miomiorun.com\/app\/uploads\/2021\/04\/lurbel-shade-00A7.752U.0001.jpg\" \/>\n\t<meta property=\"og:image:width\" content=\"600\" \/>\n\t<meta property=\"og:image:height\" content=\"600\" \/>\n\t<meta property=\"og:image:type\" content=\"image\/jpeg\" \/>\n<meta name=\"twitter:card\" content=\"summary_large_image\" \/>\n<meta name=\"twitter:label1\" content=\"Est. reading time\" \/>\n\t<meta name=\"twitter:data1\" content=\"2 minutes\" \/>\n<script type=\"application\/ld+json\" class=\"yoast-schema-graph\">{\"@context\":\"https:\/\/schema.org\",\"@graph\":[{\"@type\":\"WebPage\",\"@id\":\"https:\/\/www.miomiorun.com\/es\/producto\/lurbel-shade\/\",\"url\":\"https:\/\/www.miomiorun.com\/es\/producto\/lurbel-shade\/\",\"name\":\"Lurbel Shade - gorrita de running - MioMioRun.com\",\"isPartOf\":{\"@id\":\"https:\/\/www.miomiorun.com\/es\/#website\"},\"primaryImageOfPage\":{\"@id\":\"https:\/\/www.miomiorun.com\/es\/producto\/lurbel-shade\/#primaryimage\"},\"image\":{\"@id\":\"https:\/\/www.miomiorun.com\/es\/producto\/lurbel-shade\/#primaryimage\"},\"thumbnailUrl\":\"https:\/\/www.miomiorun.com\/app\/uploads\/2021\/04\/lurbel-shade-00A7.752U.0001.jpg\",\"datePublished\":\"2021-04-20T16:38:55+00:00\",\"dateModified\":\"2026-04-30T08:27:15+00:00\",\"description\":\"Visera unisex transpirable compuesta por una cinta transpirable y una visera microperforada que protege del sol y deja pasar la luz.\",\"breadcrumb\":{\"@id\":\"https:\/\/www.miomiorun.com\/es\/producto\/lurbel-shade\/#breadcrumb\"},\"inLanguage\":\"es-ES\",\"potentialAction\":[{\"@type\":\"ReadAction\",\"target\":[\"https:\/\/www.miomiorun.com\/es\/producto\/lurbel-shade\/\"]}]},{\"@type\":\"ImageObject\",\"inLanguage\":\"es-ES\",\"@id\":\"https:\/\/www.miomiorun.com\/es\/producto\/lurbel-shade\/#primaryimage\",\"url\":\"https:\/\/www.miomiorun.com\/app\/uploads\/2021\/04\/lurbel-shade-00A7.752U.0001.jpg\",\"contentUrl\":\"https:\/\/www.miomiorun.com\/app\/uploads\/2021\/04\/lurbel-shade-00A7.752U.0001.jpg\",\"width\":600,\"height\":600,\"caption\":\"lurbel shade profilo\"},{\"@type\":\"BreadcrumbList\",\"@id\":\"https:\/\/www.miomiorun.com\/es\/producto\/lurbel-shade\/#breadcrumb\",\"itemListElement\":[{\"@type\":\"ListItem\",\"position\":1,\"name\":\"Home\",\"item\":\"https:\/\/www.miomiorun.com\/es\/\"},{\"@type\":\"ListItem\",\"position\":2,\"name\":\"Shop\",\"item\":\"https:\/\/www.miomiorun.com\/shop\/\"},{\"@type\":\"ListItem\",\"position\":3,\"name\":\"Lurbel Shade\"}]},{\"@type\":\"WebSite\",\"@id\":\"https:\/\/www.miomiorun.com\/es\/#website\",\"url\":\"https:\/\/www.miomiorun.com\/es\/\",\"name\":\"MioMioRun\",\"description\":\"Tienda 100% running y trail\",\"publisher\":{\"@id\":\"https:\/\/www.miomiorun.com\/es\/#organization\"},\"potentialAction\":[{\"@type\":\"SearchAction\",\"target\":{\"@type\":\"EntryPoint\",\"urlTemplate\":\"https:\/\/www.miomiorun.com\/es\/?s={search_term_string}\"},\"query-input\":{\"@type\":\"PropertyValueSpecification\",\"valueRequired\":true,\"valueName\":\"search_term_string\"}}],\"inLanguage\":\"es-ES\"},{\"@type\":\"Organization\",\"@id\":\"https:\/\/www.miomiorun.com\/es\/#organization\",\"name\":\"MioMio Run\",\"url\":\"https:\/\/www.miomiorun.com\/es\/\",\"logo\":{\"@type\":\"ImageObject\",\"inLanguage\":\"es-ES\",\"@id\":\"https:\/\/www.miomiorun.com\/es\/#\/schema\/logo\/image\/\",\"url\":\"https:\/\/www.miomiorun.com\/app\/uploads\/2019\/12\/logomio.png\",\"contentUrl\":\"https:\/\/www.miomiorun.com\/app\/uploads\/2019\/12\/logomio.png\",\"width\":115,\"height\":82,\"caption\":\"MioMio Run\"},\"image\":{\"@id\":\"https:\/\/www.miomiorun.com\/es\/#\/schema\/logo\/image\/\"},\"sameAs\":[\"https:\/\/www.facebook.com\/miomiorun\/\",\"https:\/\/www.instagram.com\/miomiorun\/\"]}]}<\/script>\n<!-- \/ Yoast SEO plugin. -->","yoast_head_json":{"title":"Lurbel Shade - gorrita de running - MioMioRun.com","description":"Visera unisex transpirable compuesta por una cinta transpirable y una visera microperforada que protege del sol y deja pasar la luz.","robots":{"index":"index","follow":"follow","max-snippet":"max-snippet:-1","max-image-preview":"max-image-preview:large","max-video-preview":"max-video-preview:-1"},"canonical":"https:\/\/www.miomiorun.com\/es\/producto\/lurbel-shade\/","og_locale":"es_ES","og_type":"article","og_title":"Lurbel Shade - gorrita de running - MioMioRun.com","og_description":"Visera unisex transpirable compuesta por una cinta transpirable y una visera microperforada que protege del sol y deja pasar la luz.","og_url":"https:\/\/www.miomiorun.com\/es\/producto\/lurbel-shade\/","og_site_name":"MioMioRun","article_publisher":"https:\/\/www.facebook.com\/miomiorun\/","article_modified_time":"2026-04-30T08:27:15+00:00","og_image":[{"width":600,"height":600,"url":"https:\/\/www.miomiorun.com\/app\/uploads\/2021\/04\/lurbel-shade-00A7.752U.0001.jpg","type":"image\/jpeg"}],"twitter_card":"summary_large_image","twitter_misc":{"Est. reading time":"2 minutes"},"schema":{"@context":"https:\/\/schema.org","@graph":[{"@type":"WebPage","@id":"https:\/\/www.miomiorun.com\/es\/producto\/lurbel-shade\/","url":"https:\/\/www.miomiorun.com\/es\/producto\/lurbel-shade\/","name":"Lurbel Shade - gorrita de running - MioMioRun.com","isPartOf":{"@id":"https:\/\/www.miomiorun.com\/es\/#website"},"primaryImageOfPage":{"@id":"https:\/\/www.miomiorun.com\/es\/producto\/lurbel-shade\/#primaryimage"},"image":{"@id":"https:\/\/www.miomiorun.com\/es\/producto\/lurbel-shade\/#primaryimage"},"thumbnailUrl":"https:\/\/www.miomiorun.com\/app\/uploads\/2021\/04\/lurbel-shade-00A7.752U.0001.jpg","datePublished":"2021-04-20T16:38:55+00:00","dateModified":"2026-04-30T08:27:15+00:00","description":"Visera unisex transpirable compuesta por una cinta transpirable y una visera microperforada que protege del sol y deja pasar la luz.","breadcrumb":{"@id":"https:\/\/www.miomiorun.com\/es\/producto\/lurbel-shade\/#breadcrumb"},"inLanguage":"es-ES","potentialAction":[{"@type":"ReadAction","target":["https:\/\/www.miomiorun.com\/es\/producto\/lurbel-shade\/"]}]},{"@type":"ImageObject","inLanguage":"es-ES","@id":"https:\/\/www.miomiorun.com\/es\/producto\/lurbel-shade\/#primaryimage","url":"https:\/\/www.miomiorun.com\/app\/uploads\/2021\/04\/lurbel-shade-00A7.752U.0001.jpg","contentUrl":"https:\/\/www.miomiorun.com\/app\/uploads\/2021\/04\/lurbel-shade-00A7.752U.0001.jpg","width":600,"height":600,"caption":"lurbel shade profilo"},{"@type":"BreadcrumbList","@id":"https:\/\/www.miomiorun.com\/es\/producto\/lurbel-shade\/#breadcrumb","itemListElement":[{"@type":"ListItem","position":1,"name":"Home","item":"https:\/\/www.miomiorun.com\/es\/"},{"@type":"ListItem","position":2,"name":"Shop","item":"https:\/\/www.miomiorun.com\/shop\/"},{"@type":"ListItem","position":3,"name":"Lurbel Shade"}]},{"@type":"WebSite","@id":"https:\/\/www.miomiorun.com\/es\/#website","url":"https:\/\/www.miomiorun.com\/es\/","name":"MioMioRun","description":"Tienda 100% running y trail","publisher":{"@id":"https:\/\/www.miomiorun.com\/es\/#organization"},"potentialAction":[{"@type":"SearchAction","target":{"@type":"EntryPoint","urlTemplate":"https:\/\/www.miomiorun.com\/es\/?s={search_term_string}"},"query-input":{"@type":"PropertyValueSpecification","valueRequired":true,"valueName":"search_term_string"}}],"inLanguage":"es-ES"},{"@type":"Organization","@id":"https:\/\/www.miomiorun.com\/es\/#organization","name":"MioMio Run","url":"https:\/\/www.miomiorun.com\/es\/","logo":{"@type":"ImageObject","inLanguage":"es-ES","@id":"https:\/\/www.miomiorun.com\/es\/#\/schema\/logo\/image\/","url":"https:\/\/www.miomiorun.com\/app\/uploads\/2019\/12\/logomio.png","contentUrl":"https:\/\/www.miomiorun.com\/app\/uploads\/2019\/12\/logomio.png","width":115,"height":82,"caption":"MioMio Run"},"image":{"@id":"https:\/\/www.miomiorun.com\/es\/#\/schema\/logo\/image\/"},"sameAs":["https:\/\/www.facebook.com\/miomiorun\/","https:\/\/www.instagram.com\/miomiorun\/"]}]}},"_links":{"self":[{"href":"https:\/\/www.miomiorun.com\/es\/wp-json\/wp\/v2\/product\/276803","targetHints":{"allow":["GET"]}}],"collection":[{"href":"https:\/\/www.miomiorun.com\/es\/wp-json\/wp\/v2\/product"}],"about":[{"href":"https:\/\/www.miomiorun.com\/es\/wp-json\/wp\/v2\/types\/product"}],"wp:featuredmedia":[{"embeddable":true,"href":"https:\/\/www.miomiorun.com\/es\/wp-json\/wp\/v2\/media\/231858"}],"wp:attachment":[{"href":"https:\/\/www.miomiorun.com\/es\/wp-json\/wp\/v2\/media?parent=276803"}],"wp:term":[{"taxonomy":"product_brand","embeddable":true,"href":"https:\/\/www.miomiorun.com\/es\/wp-json\/wp\/v2\/product_brand?post=276803"},{"taxonomy":"product_cat","embeddable":true,"href":"https:\/\/www.miomiorun.com\/es\/wp-json\/wp\/v2\/product_cat?post=276803"},{"taxonomy":"product_tag","embeddable":true,"href":"https:\/\/www.miomiorun.com\/es\/wp-json\/wp\/v2\/product_tag?post=276803"}],"curies":[{"name":"wp","href":"https:\/\/api.w.org\/{rel}","templated":true}]}}