{"id":276787,"date":"2021-04-22T11:38:37","date_gmt":"2021-04-22T09:38:37","guid":{"rendered":"https:\/\/miomiorun.com\/prodotto\/garmin-venu-2\/"},"modified":"2026-04-30T11:50:21","modified_gmt":"2026-04-30T09:50:21","slug":"garmin-venu-2","status":"publish","type":"product","link":"https:\/\/www.miomiorun.com\/es\/producto\/garmin-venu-2\/","title":{"rendered":"Venu 2"},"content":{"rendered":"<p><div class=\"vc-row container\"><div class=\"vc-column\"><div class=\"vc-column-text\"><\/p>\n<h2>MENTE Y CUERPO CONECTADOS CON GARMIN<\/h2>\n<p>Cuando llevas un estilo de vida saludable, vives mejor. Este reloj inteligente con GPS ofrece funciones avanzadas de seguimiento de la salud y el estado f\u00edsico para ayudarte a comprender mejor los mecanismos de tu cuerpo.<\/p>\n<p><\/div><div style=\"height:32px\" class=\"vc-empty-space\"><\/div><\/div><\/div><div class=\"vc-row container\"> <div class=\"vc-column\"><div class=\"vc-column-text\"><\/p>\n<div class=\"app__feature__card\" data-translate=\"\u00ab\u00bb\">\n<p><img decoding=\"async\" class=\"app__feature__card__image\" src=\"https:\/\/static.garmincdn.com\/gdc\/Product_Pages\/ICONS\/Health_Monitoring.svg\" alt=\"\" \/><\/p>\n<h3 class=\"app__feature__card__title light left\" data-v-5b9e0d04=\"\u00ab\u00bb\" data-test=\"\u00abgc__heading\u00bb\"><\/h3>\n<p class=\"app__feature__card__description\">Controla todas las estad\u00edsticas de salud y descubre m\u00e1s de cerca lo que le sucede a tu cuerpo.<\/p>\n<\/div>\n<p><\/div><\/div><div class=\"vc-column\"> <div class=\"vc-column-text\"><\/p>\n<div class=\"app__feature__card\" data-translate=\"\u00ab\u00bb\">\n<p><img decoding=\"async\" class=\"app__feature__card__image\" src=\"https:\/\/static.garmincdn.com\/gdc\/Product_Pages\/ICONS\/Preloaded_Sports_Apps.svg\" alt=\"\" \/><\/p>\n<h3 class=\"app__feature__card__title light left\" data-v-5b9e0d04=\"\u00ab\u00bb\" data-test=\"\u00abgc__heading\u00bb\"><\/h3>\n<p class=\"app__feature__card__description\">Descubre nuevas formas de hacer ejercicio con m\u00e1s de 25 aplicaciones deportivas preinstaladas.<\/p>\n<\/div>\n<p><\/div><\/div><div class=\"vc-column\"> <div class=\"vc-column-text\"><\/p>\n<div class=\"app__feature__card\" data-translate=\"\u00ab\u00bb\">\n<p><img decoding=\"async\" class=\"app__feature__card__image\" src=\"https:\/\/static.garmincdn.com\/gdc\/Product_Pages\/ICONS\/Animated_Workouts.svg\" alt=\"\" \/><\/p>\n<h3 class=\"app__feature__card__title light left\" data-v-5b9e0d04=\"\u00ab\u00bb\" data-test=\"\u00abgc__heading\u00bb\"><\/h3>\n<p class=\"app__feature__card__description\">\u00bfNecesitas entrenamiento? Sigue los entrenamientos animados directamente en tu mu\u00f1eca.<\/p>\n<\/div>\n<p><\/div><\/div><div class=\"vc-column\"><div class=\"vc-column-text\"><\/p>\n<div class=\"app__feature__card\" data-translate=\"\u00ab\u00bb\">\n<p><img decoding=\"async\" class=\"app__feature__card__image\" src=\"https:\/\/static.garmincdn.com\/gdc\/Product_Pages\/ICONS\/Music.svg\" alt=\"\" \/><\/p>\n<h3 class=\"app__feature__card__title light left\" data-v-5b9e0d04=\"\u00ab\u00bb\" data-test=\"\u00abgc__heading\u00bb\"><\/h3>\n<p class=\"app__feature__card__description\">Guarda la m\u00fasica en el reloj para no tener que llevar el smartphone contigo.<\/p>\n<\/div>\n<p><\/div><\/div><div class=\"vc-column\"> <div class=\"vc-column-text\"><\/p>\n<div class=\"app__feature__card\" data-translate=\"\u00ab\u00bb\">\n<p><img decoding=\"async\" class=\"app__feature__card__image\" src=\"https:\/\/static.garmincdn.com\/gdc\/Product_Pages\/ICONS\/Touchscreen.svg\" alt=\"\" \/><\/p>\n<h3 class=\"app__feature__card__title light left\" data-v-5b9e0d04=\"\u00ab\u00bb\" data-test=\"\u00abgc__heading\u00bb\"><\/h3>\n<p class=\"app__feature__card__description\">No uses el smartphone ni la cartera en caja para pagar. Sencillo y seguro.<\/p>\n<\/div>\n<p><\/div><\/div><div class=\"vc-column\"> <div class=\"vc-column-text\"><\/p>\n<div class=\"app__feature__card\" data-translate=\"\u00ab\u00bb\">\n<p><img decoding=\"async\" class=\"app__feature__card__image\" src=\"https:\/\/static.garmincdn.com\/gdc\/Product_Pages\/ICONS\/Battery_Life.svg\" alt=\"\" \/><\/p>\n<h3 class=\"app__feature__card__title light left\" data-v-5b9e0d04=\"\u00ab\u00bb\" data-test=\"\u00abgc__heading\u00bb\"><\/h3>\n<p class=\"app__feature__card__description\">Pantalla AMOLED brillante y bater\u00eda con hasta 10 d\u00edas de autonom\u00eda.<\/p>\n<\/div>\n<p><\/div><\/div><\/div><div class=\"vc-row container\"><div class=\"vc-column\"> <div style=\"height:32px\" class=\"vc-empty-space\"><\/div><\/div><\/div><div class=\"vc-row container\"><div class=\"vc-column\"><div class=\"vc-column-text\"><\/p>\n<h3>ESTILO ELEGANTE Y MUCHOS COLORES<\/h3>\n<p>La brillante pantalla AMOLED da vida a este reloj, incluso bajo la luz del sol. Prueba el modo \u00abalways on\u00bb para tener siempre a la vista los datos.<\/p>\n<p><\/div><\/div><div class=\"vc-column\"><div class=\"vc-column-text\"><\/p>\n<h3>DISE\u00d1ADO PARA UN ESTILO DE VIDA ACTIVO<\/h3>\n<p>Este reloj inteligente es ideal para llevarlo a diario gracias a su resistente cristal Corning<sup>\u00ae<\/sup> Gorilla<sup>\u00ae<\/sup> Glass 3, a su elegante bisel de acero inoxidable y a su c\u00f3moda correa de silicona.<\/p>\n<p><\/div><\/div><div class=\"vc-column\"><div class=\"vc-column-text\"><\/p>\n<h3>FUNCI\u00d3N HEALTH SNAPSHOT\u2122<\/h3>\n<p>En una sesi\u00f3n de 2 minutos, puedes registrar todas tus estad\u00edsticas clave, como la frecuencia card\u00edaca y sus variaciones, la saturaci\u00f3n de ox\u00edgeno, la respiraci\u00f3n y el estr\u00e9s. A trav\u00e9s de la aplicaci\u00f3n Garmin Connect\u2122 en tu smartphone compatible, puedes generar un informe para compartir.<\/p>\n<p><\/div><\/div><div class=\"vc-column\"><div class=\"vc-column-text\"><\/p>\n<h3>MONITORIZACI\u00d3N DE LA ENERG\u00cdA BODY BATTERY\u2122<\/h3>\n<p>Mide los niveles de energ\u00eda de tu cuerpo para saber cu\u00e1ndo es el mejor momento para entrenar y descansar.<\/p>\n<p><\/div><\/div><div class=\"vc-column\"><div class=\"vc-column-text\"><\/p>\n<h3>Sensor Pulse Ox<\/h3>\n<p>Utiliza el sensor Pulse Ox para controlar la saturaci\u00f3n de ox\u00edgeno en sangre en cualquier momento del d\u00eda o mientras duermes.<\/p>\n<p><\/div> <\/div><div class=\"vc-column\"><div class=\"vc-column-text\"><\/p>\n<h3>Detecci\u00f3n del estr\u00e9s<\/h3>\n<p>Descubre si est\u00e1s teniendo un d\u00eda tranquilo, equilibrado o estresante. Los recordatorios de relajaci\u00f3n te invitan a realizar un breve ejercicio de respiraci\u00f3n cuando el reloj detecta un estado de estr\u00e9s elevado.<\/p>\n<p><\/div><\/div><\/div><div class=\"vc-row container\"><div class=\"vc-column\"><div style=\"height:32px\" class=\"vc-empty-space\"><\/div><\/div><\/div><div class=\"vc-row container\"><div class=\"vc-column\"><div class=\"vc-column-text\"><\/p>\n<h3>SEGUIMIENTO DEL CICLO MENSTRUAL<\/h3>\n<p>Utiliza la aplicaci\u00f3n Garmin Connect para realizar un seguimiento de tu ciclo menstrual o embarazo: registra los s\u00edntomas y recibe sugerencias sobre ejercicio y alimentaci\u00f3n.<\/p>\n<p><\/div><\/div><div class=\"vc-column\"><div class=\"vc-column-text\"><\/p>\n<h3>MEDICI\u00d3N DE LA HIDRATACI\u00d3N<\/h3>\n<p>Registra la cantidad de l\u00edquidos que ingieres durante el d\u00eda para no olvidarte de hidratarte. Tambi\u00e9n puedes establecer un objetivo manual o uno autom\u00e1tico que se adapte a la cantidad de sudor que pierdes durante las actividades.<\/p>\n<p><\/div><\/div><div class=\"vc-column\"> <div class=\"vc-column-text\"><\/p>\n<h3>MONITORIZACI\u00d3N DE LA RESPIRACI\u00d3N<\/h3>\n<p>Descubre tu patr\u00f3n de respiraci\u00f3n durante el d\u00eda, mientras duermes y durante las actividades de respiraci\u00f3n y yoga.<\/p>\n<p><\/div><\/div><div class=\"vc-column\"><div class=\"vc-column-text\"><\/p>\n<h3>PUNTUACI\u00d3N DEL SUE\u00d1O Y MONITORIZACI\u00d3N AVANZADA DEL SUE\u00d1O<\/h3>\n<p>Obt\u00e9n una puntuaci\u00f3n de la calidad de tu sue\u00f1o y muchos consejos sobre c\u00f3mo mejorarlo. Tambi\u00e9n puedes monitorizar las diferentes fases del sue\u00f1o, adem\u00e1s de la frecuencia card\u00edaca, el estr\u00e9s, la saturaci\u00f3n de ox\u00edgeno y la respiraci\u00f3n.<\/div><\/div> <div class=\"vc-column\"><div class=\"vc-column-text\"><\/p>\n<h3>FRECUENCIA CARD\u00cdACA EN LA MU\u00d1ECA<\/h3>\n<p>El reloj mide constantemente tu frecuencia card\u00edaca y te avisa si se mantiene demasiado alta o demasiado baja cuando est\u00e1s en reposo. Adem\u00e1s, tambi\u00e9n permite medir la intensidad de las actividades, ya sea corriendo, montando en bicicleta o incluso nadando.<\/p>\n<p><\/div><\/div><div class=\"vc-column\"><div class=\"vc-column-text\"><\/p>\n<h3>RESPIRAR PARA CONCENTRARSE<\/h3>\n<p>Para relajarte o concentrarte, puedes realizar un ejercicio de respiraci\u00f3n: este reloj inteligente detectar\u00e1 el estr\u00e9s y la respiraci\u00f3n para ayudarte a conocer mejor tu forma de respirar.<\/p>\n<p><\/div><\/div><\/div><div class=\"vc-row container\"><div class=\"vc-column\"><div style=\"height:32px\" class=\"vc-empty-space\"><\/div><\/div><\/div><div class=\"vc-row container\"><div class=\"vc-column\"><div class=\"vc-column-text\"><\/p>\n<h3>EDAD F\u00cdSICA<\/h3>\n<p>Esta funci\u00f3n utiliza la edad, la actividad intensa semanal, la frecuencia card\u00edaca en reposo y el IMC o el porcentaje de grasa corporal<sup>4<\/sup> para estimar si tu cuerpo es m\u00e1s o menos joven en comparaci\u00f3n con tu edad cronol\u00f3gica. Adem\u00e1s, puedes recibir sugerencias para reducir la diferencia entre estos dos valores (edad real y edad f\u00edsica).<\/p>\n<p><\/div><\/div><div class=\"vc-column\"><div class=\"vc-column-text\"><\/p>\n<h3>ENTRENAMIENTOS ANIMADOS EN LA PANTALLA<\/h3>\n<p>Entrenamientos animados de cardio, fuerza, yoga, pilates y HIIT (entrenamiento por intervalos de alta intensidad) f\u00e1ciles de seguir vienen preinstalados en el reloj y puedes descargar otros desde la aplicaci\u00f3n Garmin Connect.<\/p>\n<p><\/div><\/div><div class=\"vc-column\"><div class=\"vc-column-text\"><\/p>\n<h3>PERFILES DEPORTIVOS PREINSTALADOS<\/h3>\n<p>Registra todo tipo de actividades con m\u00e1s de 25 aplicaciones preinstaladas para deportes con GPS y de interior, entre las que se incluyen caminata, carrera, ciclismo, nataci\u00f3n en piscina, cinta de correr, yoga, cardio, pilates y muchas otras.<\/p>\n<p><\/div><\/div><div class=\"vc-column\"><div class=\"vc-column-text\"><\/p>\n<h3>ENTRENAMIENTO AVANZADO DE FUERZA<\/h3>\n<p>Este perfil de actividad muestra tus r\u00e9cords personales y tus progresos directamente en la mu\u00f1eca a trav\u00e9s de una imagen clara que indica qu\u00e9 grupos musculares has entrenado.<\/p>\n<p><\/div> <\/div><div class=\"vc-column\"><div class=\"vc-column-text\"><\/p>\n<h3>ENTRENAMIENTOS HIIT<\/h3>\n<p>Utiliza este nuevo perfil de actividad con diferentes temporizadores para llevar un registro de tus entrenamientos HIIT, incluyendo AMRAP, EMOM, Tabata y personalizados. Configura el n\u00famero de rondas y los intervalos de trabajo\/descanso.<\/p>\n<p><\/div><\/div><div class=\"vc-column\"><div class=\"vc-column-text\"><\/p>\n<h3>CREA ENTRENAMIENTOS<\/h3>\n<p>Elige entre m\u00e1s de 1400 ejercicios para crear entrenamientos personalizados a trav\u00e9s de la aplicaci\u00f3n Garmin Connect en tu smartphone compatible y, a continuaci\u00f3n, desc\u00e1rgalos en el reloj.<\/p>\n<p><\/div><\/div><\/div><div class=\"vc-row container\"><div class=\"vc-column\"><div style=\"height:32px\" class=\"vc-empty-space\"><\/div><\/div><\/div><div class=\"vc-row container\"><div class=\"vc-column\"><div class=\"vc-column-text\"><\/p>\n<h3>GARMIN COACH<\/h3>\n<p>Disfruta de un entrenador de running personal en tu mu\u00f1eca, totalmente gratuito, que te ayuda a prepararte para tu pr\u00f3xima carrera de 5 km, 10 km o media marat\u00f3n.<\/p>\n<p><\/div><\/div><div class=\"vc-column\"><div class=\"vc-column-text\"><\/p>\n<h3>MINUTOS DE INTENSIDAD<\/h3>\n<p>Hemos actualizado la funci\u00f3n de minutos de intensidad para darte una idea m\u00e1s precisa de cu\u00e1ndo los has ganado a lo largo del d\u00eda y durante qu\u00e9 actividad. Tambi\u00e9n puedes verlos como campo de datos durante las actividades cronometradas.<\/p>\n<p><\/div><\/div><div class=\"vc-column\"><div class=\"vc-column-text\"><\/p>\n<h3>Notificaciones inteligentes<\/h3>\n<p>Recibe correos electr\u00f3nicos, mensajes y notificaciones push directamente en el reloj cuando est\u00e9 emparejado con un smartphone compatible. Si adem\u00e1s tienes un smartphone Android\u2122, tambi\u00e9n puedes responder a los mensajes.<\/p>\n<p><\/div> <\/div><div class=\"vc-column\"><div class=\"vc-column-text\"><\/p>\n<h3>M\u00daSICA<\/h3>\n<p>Descarga canciones y listas de reproducci\u00f3n desde tus cuentas de Spotify<sup>\u00ae<\/sup>, Deezer o Amazon Music (puede ser necesaria una suscripci\u00f3n). Utiliza auriculares inal\u00e1mbricos (se venden por separado) para escuchar m\u00fasica sin necesidad del tel\u00e9fono.<\/p>\n<p><\/div><\/div><div class=\"vc-column\"><div class=\"vc-column-text\"><\/p>\n<h3>Funciones de seguridad y detecci\u00f3n<\/h3>\n<p>Cuando el reloj y el smartphone est\u00e1n emparejados, puedes enviar tu ubicaci\u00f3n manualmente a tus contactos en tiempo real o de forma autom\u00e1tica, durante las actividades al aire libre, gracias a la detecci\u00f3n de incidentes integrada.<\/p>\n<p><\/div><\/div><div class=\"vc-column\"><div class=\"vc-column-text\"><\/p>\n<h3>GARMIN PAY\u2122<\/h3>\n<p>Paga de forma segura, f\u00e1cil y r\u00e1pida gracias al sistema de pago sin contacto Garmin Pay, solo en los establecimientos habilitados.<\/p>\n<p><\/div><\/div><\/div><div class=\"vc-row container\"><div class=\"vc-column\"><div style=\"height:32px\" class=\"vc-empty-space\"><\/div><\/div><\/div><div class=\"vc-row container\"><div class=\"vc-column\"><div class=\"vc-column-text\"><\/p>\n<h3>CONNECT IQ\u2122 STORE<\/h3>\n<p>Descarga esferas de reloj personalizadas, a\u00f1ade campos de datos y descarga aplicaciones desde la tienda Connect IQ.<\/p>\n<p><\/div><\/div><div class=\"vc-column\"><div class=\"vc-column-text\"><\/p>\n<h3>SINCRONIZACI\u00d3N CON GARMIN CONNECT<\/h3>\n<p>Consulta la informaci\u00f3n sobre salud y fitness a trav\u00e9s de la app Garmin Connect, una comunidad en l\u00ednea donde las personas pueden conectarse para competir y compartir contenido.<\/p>\n<p><\/div><\/div><div class=\"vc-column\"><div class=\"vc-column-text\"><\/p>\n<h3>AUTONOM\u00cdA DE LA BATER\u00cdA CON CARGA R\u00c1PIDA<\/h3>\n<p>Mant\u00e9n siempre bajo control tu salud gracias a una bater\u00eda que dura hasta 10 d\u00edas en modo reloj inteligente, hasta 19 horas en modo GPS y hasta 7 horas en modo GPS con m\u00fasica. 10 minutos de carga a\u00f1aden hasta 1 d\u00eda de duraci\u00f3n de la bater\u00eda en modo reloj inteligente o 1 hora de actividad GPS con m\u00fasica.<\/p>\n<p><\/div><\/div> <div class=\"vc-column\"><div class=\"vc-column-text\"><\/p>\n<h3>MODO DE AHORRO DE ENERG\u00cdA<\/h3>\n<p>Saca a\u00fan m\u00e1s partido a tu reloj inteligente ajustando las configuraciones que m\u00e1s influyen en la duraci\u00f3n de la bater\u00eda.<\/p>\n<p><\/div><\/div><div class=\"vc-column\"> <div class=\"vc-column-text\"><\/p>\n<h3>CLASIFICACI\u00d3N DE IMPERMEABILIDAD<\/h3>\n<p>Este reloj es resistente al agua hasta 5 ATM, por lo que es perfecto para llevarlo puesto mientras nadas, te duchas o disfrutas de un d\u00eda en el spa.<\/p>\n<p><\/div><\/div><\/div><\/p>\n","protected":false},"excerpt":{"rendered":"<ul>\n<li>Reloj inteligente con GPS y pantalla t\u00e1ctil AMOLED de 1,3&#8243;<\/li>\n<li>M\u00e1s de 25 perfiles de actividad diferentes, tanto al aire libre como en interiores<\/li>\n<li>Monitorizaci\u00f3n de la salud, pagos sin contacto, m\u00fasica y mucho m\u00e1s<\/li>\n<\/ul>\n","protected":false},"featured_media":242815,"template":"","meta":{"_acf_changed":false,"inline_featured_image":false},"product_brand":[],"product_cat":[24210,22536,24215],"product_tag":[23481],"class_list":{"0":"post-276787","1":"product","2":"type-product","3":"status-publish","4":"has-post-thumbnail","6":"product_cat-fitness-es","7":"product_cat-garmin-es","8":"product_cat-natacion","9":"product_tag-garmin-es","10":"pa_colore-venu-2-plus-leather-es","11":"pa_dimensione-45-mm-es","12":"pa_marca-garmin-es","13":"pa_sesso-hombre","14":"pa_sesso-mujer","16":"first","17":"instock","18":"sale","19":"taxable","20":"shipping-taxable","21":"purchasable","22":"product-type-variable","23":"wvs-archive-product-wrapper"},"acf":[],"yoast_head":"<!-- This site is optimized with the Yoast SEO plugin v26.8 - https:\/\/yoast.com\/product\/yoast-seo-wordpress\/ -->\n<title>Garmin Venu 2 - Venta de dispositivos Garmin - MioMioRun.com<\/title>\n<meta name=\"description\" content=\"Reloj inteligente con GPS y funciones avanzadas para el seguimiento de la salud y el estado f\u00edsico, que te ayudar\u00e1 a comprender mejor c\u00f3mo funciona tu cuerpo.\" \/>\n<meta name=\"robots\" content=\"index, follow, max-snippet:-1, max-image-preview:large, max-video-preview:-1\" \/>\n<link rel=\"canonical\" href=\"https:\/\/www.miomiorun.com\/es\/producto\/garmin-venu-2\/\" \/>\n<meta property=\"og:locale\" content=\"es_ES\" \/>\n<meta property=\"og:type\" content=\"article\" \/>\n<meta property=\"og:title\" content=\"Garmin Venu 2 - Venta de dispositivos Garmin - MioMioRun.com\" \/>\n<meta property=\"og:description\" content=\"Reloj inteligente con GPS y funciones avanzadas para el seguimiento de la salud y el estado f\u00edsico, que te ayudar\u00e1 a comprender mejor c\u00f3mo funciona tu cuerpo.\" \/>\n<meta property=\"og:url\" content=\"https:\/\/www.miomiorun.com\/es\/producto\/garmin-venu-2\/\" \/>\n<meta property=\"og:site_name\" content=\"MioMioRun\" \/>\n<meta property=\"article:publisher\" content=\"https:\/\/www.facebook.com\/miomiorun\/\" \/>\n<meta property=\"article:modified_time\" content=\"2026-04-30T09:50:21+00:00\" \/>\n<meta property=\"og:image\" content=\"https:\/\/www.miomiorun.com\/app\/uploads\/2023\/09\/garmin-Venu-2-Plus-leather-010-02430-21.jpg\" \/>\n\t<meta property=\"og:image:width\" content=\"600\" \/>\n\t<meta property=\"og:image:height\" content=\"600\" \/>\n\t<meta property=\"og:image:type\" content=\"image\/jpeg\" \/>\n<meta name=\"twitter:card\" content=\"summary_large_image\" \/>\n<meta name=\"twitter:label1\" content=\"Est. reading time\" \/>\n\t<meta name=\"twitter:data1\" content=\"9 minutes\" \/>\n<script type=\"application\/ld+json\" class=\"yoast-schema-graph\">{\"@context\":\"https:\/\/schema.org\",\"@graph\":[{\"@type\":\"WebPage\",\"@id\":\"https:\/\/www.miomiorun.com\/es\/producto\/garmin-venu-2\/\",\"url\":\"https:\/\/www.miomiorun.com\/es\/producto\/garmin-venu-2\/\",\"name\":\"Garmin Venu 2 - Venta de dispositivos Garmin - MioMioRun.com\",\"isPartOf\":{\"@id\":\"https:\/\/www.miomiorun.com\/es\/#website\"},\"primaryImageOfPage\":{\"@id\":\"https:\/\/www.miomiorun.com\/es\/producto\/garmin-venu-2\/#primaryimage\"},\"image\":{\"@id\":\"https:\/\/www.miomiorun.com\/es\/producto\/garmin-venu-2\/#primaryimage\"},\"thumbnailUrl\":\"https:\/\/www.miomiorun.com\/app\/uploads\/2023\/09\/garmin-Venu-2-Plus-leather-010-02430-21.jpg\",\"datePublished\":\"2021-04-22T09:38:37+00:00\",\"dateModified\":\"2026-04-30T09:50:21+00:00\",\"description\":\"Reloj inteligente con GPS y funciones avanzadas para el seguimiento de la salud y el estado f\u00edsico, que te ayudar\u00e1 a comprender mejor c\u00f3mo funciona tu cuerpo.\",\"breadcrumb\":{\"@id\":\"https:\/\/www.miomiorun.com\/es\/producto\/garmin-venu-2\/#breadcrumb\"},\"inLanguage\":\"es-ES\",\"potentialAction\":[{\"@type\":\"ReadAction\",\"target\":[\"https:\/\/www.miomiorun.com\/es\/producto\/garmin-venu-2\/\"]}]},{\"@type\":\"ImageObject\",\"inLanguage\":\"es-ES\",\"@id\":\"https:\/\/www.miomiorun.com\/es\/producto\/garmin-venu-2\/#primaryimage\",\"url\":\"https:\/\/www.miomiorun.com\/app\/uploads\/2023\/09\/garmin-Venu-2-Plus-leather-010-02430-21.jpg\",\"contentUrl\":\"https:\/\/www.miomiorun.com\/app\/uploads\/2023\/09\/garmin-Venu-2-Plus-leather-010-02430-21.jpg\",\"width\":600,\"height\":600,\"caption\":\"garmin-Venu-2-Plus-leather-010-02430-21\"},{\"@type\":\"BreadcrumbList\",\"@id\":\"https:\/\/www.miomiorun.com\/es\/producto\/garmin-venu-2\/#breadcrumb\",\"itemListElement\":[{\"@type\":\"ListItem\",\"position\":1,\"name\":\"Home\",\"item\":\"https:\/\/www.miomiorun.com\/es\/\"},{\"@type\":\"ListItem\",\"position\":2,\"name\":\"Shop\",\"item\":\"https:\/\/www.miomiorun.com\/shop\/\"},{\"@type\":\"ListItem\",\"position\":3,\"name\":\"Venu 2\"}]},{\"@type\":\"WebSite\",\"@id\":\"https:\/\/www.miomiorun.com\/es\/#website\",\"url\":\"https:\/\/www.miomiorun.com\/es\/\",\"name\":\"MioMioRun\",\"description\":\"Tienda 100% running y trail\",\"publisher\":{\"@id\":\"https:\/\/www.miomiorun.com\/es\/#organization\"},\"potentialAction\":[{\"@type\":\"SearchAction\",\"target\":{\"@type\":\"EntryPoint\",\"urlTemplate\":\"https:\/\/www.miomiorun.com\/es\/?s={search_term_string}\"},\"query-input\":{\"@type\":\"PropertyValueSpecification\",\"valueRequired\":true,\"valueName\":\"search_term_string\"}}],\"inLanguage\":\"es-ES\"},{\"@type\":\"Organization\",\"@id\":\"https:\/\/www.miomiorun.com\/es\/#organization\",\"name\":\"MioMio Run\",\"url\":\"https:\/\/www.miomiorun.com\/es\/\",\"logo\":{\"@type\":\"ImageObject\",\"inLanguage\":\"es-ES\",\"@id\":\"https:\/\/www.miomiorun.com\/es\/#\/schema\/logo\/image\/\",\"url\":\"https:\/\/www.miomiorun.com\/app\/uploads\/2019\/12\/logomio.png\",\"contentUrl\":\"https:\/\/www.miomiorun.com\/app\/uploads\/2019\/12\/logomio.png\",\"width\":115,\"height\":82,\"caption\":\"MioMio Run\"},\"image\":{\"@id\":\"https:\/\/www.miomiorun.com\/es\/#\/schema\/logo\/image\/\"},\"sameAs\":[\"https:\/\/www.facebook.com\/miomiorun\/\",\"https:\/\/www.instagram.com\/miomiorun\/\"]}]}<\/script>\n<!-- \/ Yoast SEO plugin. -->","yoast_head_json":{"title":"Garmin Venu 2 - Venta de dispositivos Garmin - MioMioRun.com","description":"Reloj inteligente con GPS y funciones avanzadas para el seguimiento de la salud y el estado f\u00edsico, que te ayudar\u00e1 a comprender mejor c\u00f3mo funciona tu cuerpo.","robots":{"index":"index","follow":"follow","max-snippet":"max-snippet:-1","max-image-preview":"max-image-preview:large","max-video-preview":"max-video-preview:-1"},"canonical":"https:\/\/www.miomiorun.com\/es\/producto\/garmin-venu-2\/","og_locale":"es_ES","og_type":"article","og_title":"Garmin Venu 2 - Venta de dispositivos Garmin - MioMioRun.com","og_description":"Reloj inteligente con GPS y funciones avanzadas para el seguimiento de la salud y el estado f\u00edsico, que te ayudar\u00e1 a comprender mejor c\u00f3mo funciona tu cuerpo.","og_url":"https:\/\/www.miomiorun.com\/es\/producto\/garmin-venu-2\/","og_site_name":"MioMioRun","article_publisher":"https:\/\/www.facebook.com\/miomiorun\/","article_modified_time":"2026-04-30T09:50:21+00:00","og_image":[{"width":600,"height":600,"url":"https:\/\/www.miomiorun.com\/app\/uploads\/2023\/09\/garmin-Venu-2-Plus-leather-010-02430-21.jpg","type":"image\/jpeg"}],"twitter_card":"summary_large_image","twitter_misc":{"Est. reading time":"9 minutes"},"schema":{"@context":"https:\/\/schema.org","@graph":[{"@type":"WebPage","@id":"https:\/\/www.miomiorun.com\/es\/producto\/garmin-venu-2\/","url":"https:\/\/www.miomiorun.com\/es\/producto\/garmin-venu-2\/","name":"Garmin Venu 2 - Venta de dispositivos Garmin - MioMioRun.com","isPartOf":{"@id":"https:\/\/www.miomiorun.com\/es\/#website"},"primaryImageOfPage":{"@id":"https:\/\/www.miomiorun.com\/es\/producto\/garmin-venu-2\/#primaryimage"},"image":{"@id":"https:\/\/www.miomiorun.com\/es\/producto\/garmin-venu-2\/#primaryimage"},"thumbnailUrl":"https:\/\/www.miomiorun.com\/app\/uploads\/2023\/09\/garmin-Venu-2-Plus-leather-010-02430-21.jpg","datePublished":"2021-04-22T09:38:37+00:00","dateModified":"2026-04-30T09:50:21+00:00","description":"Reloj inteligente con GPS y funciones avanzadas para el seguimiento de la salud y el estado f\u00edsico, que te ayudar\u00e1 a comprender mejor c\u00f3mo funciona tu cuerpo.","breadcrumb":{"@id":"https:\/\/www.miomiorun.com\/es\/producto\/garmin-venu-2\/#breadcrumb"},"inLanguage":"es-ES","potentialAction":[{"@type":"ReadAction","target":["https:\/\/www.miomiorun.com\/es\/producto\/garmin-venu-2\/"]}]},{"@type":"ImageObject","inLanguage":"es-ES","@id":"https:\/\/www.miomiorun.com\/es\/producto\/garmin-venu-2\/#primaryimage","url":"https:\/\/www.miomiorun.com\/app\/uploads\/2023\/09\/garmin-Venu-2-Plus-leather-010-02430-21.jpg","contentUrl":"https:\/\/www.miomiorun.com\/app\/uploads\/2023\/09\/garmin-Venu-2-Plus-leather-010-02430-21.jpg","width":600,"height":600,"caption":"garmin-Venu-2-Plus-leather-010-02430-21"},{"@type":"BreadcrumbList","@id":"https:\/\/www.miomiorun.com\/es\/producto\/garmin-venu-2\/#breadcrumb","itemListElement":[{"@type":"ListItem","position":1,"name":"Home","item":"https:\/\/www.miomiorun.com\/es\/"},{"@type":"ListItem","position":2,"name":"Shop","item":"https:\/\/www.miomiorun.com\/shop\/"},{"@type":"ListItem","position":3,"name":"Venu 2"}]},{"@type":"WebSite","@id":"https:\/\/www.miomiorun.com\/es\/#website","url":"https:\/\/www.miomiorun.com\/es\/","name":"MioMioRun","description":"Tienda 100% running y trail","publisher":{"@id":"https:\/\/www.miomiorun.com\/es\/#organization"},"potentialAction":[{"@type":"SearchAction","target":{"@type":"EntryPoint","urlTemplate":"https:\/\/www.miomiorun.com\/es\/?s={search_term_string}"},"query-input":{"@type":"PropertyValueSpecification","valueRequired":true,"valueName":"search_term_string"}}],"inLanguage":"es-ES"},{"@type":"Organization","@id":"https:\/\/www.miomiorun.com\/es\/#organization","name":"MioMio Run","url":"https:\/\/www.miomiorun.com\/es\/","logo":{"@type":"ImageObject","inLanguage":"es-ES","@id":"https:\/\/www.miomiorun.com\/es\/#\/schema\/logo\/image\/","url":"https:\/\/www.miomiorun.com\/app\/uploads\/2019\/12\/logomio.png","contentUrl":"https:\/\/www.miomiorun.com\/app\/uploads\/2019\/12\/logomio.png","width":115,"height":82,"caption":"MioMio Run"},"image":{"@id":"https:\/\/www.miomiorun.com\/es\/#\/schema\/logo\/image\/"},"sameAs":["https:\/\/www.facebook.com\/miomiorun\/","https:\/\/www.instagram.com\/miomiorun\/"]}]}},"_links":{"self":[{"href":"https:\/\/www.miomiorun.com\/es\/wp-json\/wp\/v2\/product\/276787","targetHints":{"allow":["GET"]}}],"collection":[{"href":"https:\/\/www.miomiorun.com\/es\/wp-json\/wp\/v2\/product"}],"about":[{"href":"https:\/\/www.miomiorun.com\/es\/wp-json\/wp\/v2\/types\/product"}],"wp:featuredmedia":[{"embeddable":true,"href":"https:\/\/www.miomiorun.com\/es\/wp-json\/wp\/v2\/media\/242815"}],"wp:attachment":[{"href":"https:\/\/www.miomiorun.com\/es\/wp-json\/wp\/v2\/media?parent=276787"}],"wp:term":[{"taxonomy":"product_brand","embeddable":true,"href":"https:\/\/www.miomiorun.com\/es\/wp-json\/wp\/v2\/product_brand?post=276787"},{"taxonomy":"product_cat","embeddable":true,"href":"https:\/\/www.miomiorun.com\/es\/wp-json\/wp\/v2\/product_cat?post=276787"},{"taxonomy":"product_tag","embeddable":true,"href":"https:\/\/www.miomiorun.com\/es\/wp-json\/wp\/v2\/product_tag?post=276787"}],"curies":[{"name":"wp","href":"https:\/\/api.w.org\/{rel}","templated":true}]}}