{"id":276773,"date":"2021-04-21T11:07:12","date_gmt":"2021-04-21T09:07:12","guid":{"rendered":"https:\/\/miomiorun.com\/prodotto\/lurbel-samba-skirt-donna\/"},"modified":"2026-04-30T10:29:47","modified_gmt":"2026-04-30T08:29:47","slug":"lurbel-samba-skirt-mujer","status":"publish","type":"product","link":"https:\/\/www.miomiorun.com\/es\/producto\/lurbel-samba-skirt-mujer\/","title":{"rendered":"Samba Skirt mujer"},"content":{"rendered":"<div class=\"gral\">\n<div class=\"col-xs-10\">\n<p>Perfecta para las corredoras habituales, la falda SAMBA es incre\u00edblemente ligera y prioriza la comodidad: cuenta con una falda exterior el\u00e1stica y una malla t\u00e9cnica interior con tecnolog\u00eda iDT Neo, que absorbe la humedad, se seca r\u00e1pidamente y reduce los olores gracias al hilo de bamb\u00fa ionizado y a la malla de plata.<br \/>\nGracias a la adaptabilidad + A de su cintura, mejora el ajuste y la sujeci\u00f3n de la prenda.<br \/>\nEsta malla es muy pr\u00e1ctica, ya que cuenta con 2 bolsillos laterales de malla y un bolsillo central trasero con cremallera de seguridad.<\/p>\n<p>Recomendado: Carreras \/ Trail \/ Actividades al aire libre<\/p>\n<div class=\"comp\">\n<div class=\"col-md-10\">\n<p>COMPOSICI\u00d3N: exterior: 92 % poliamida, 8 % licra; interior: 35 % carb\u00f3n de bamb\u00fa, 35 % Dry Touch, 22 % poliamida Ion, 8 % licra<\/p>\n<\/div>\n<\/div>\n<div class=\"peso\">\n<div class=\"col-md-10\">PESO: 170 g.<\/div>\n<\/div>\n<\/div>\n<\/div>\n<div class=\"col-md-10\">\n<p><img loading=\"lazy\" decoding=\"async\" class=\"\" src=\"https:\/\/www.lurbel.es\/images\/tecnologias2\/logos\/184x54_logoIDTneo.png\" alt=\"iDT Neo\" width=\"170\" height=\"50\" \/><\/p>\n<p>Cuando hablamos de comodidad para el deportista, la gesti\u00f3n de la humedad es fundamental.\u00a0Por eso, la nueva versi\u00f3n de la tecnolog\u00eda iDT combina ahora el hilo de bamb\u00fa carbonizado con un poli\u00e9ster de secci\u00f3n transversal.\u00a0 Gracias a sus cinco canales, su estructura aumenta la cantidad de sudor que se expulsa al exterior y lo seca m\u00e1s r\u00e1pidamente, manteniendo tu cuerpo a una temperatura \u00f3ptima. \u00a1Se acabaron las prendas pesadas y mojadas y la sensaci\u00f3n pegajosa de llevar el sudor sobre la piel!<\/p>\n<p><strong>Propiedades optimizadas:<\/strong><\/p>\n<ul>\n<li>Regulaci\u00f3n t\u00e9rmica personalizada: expulsa m\u00e1s humedad hacia el exterior y la seca m\u00e1s r\u00e1pidamente.<\/li>\n<li>Doble barrera contra los olores: el hilo de bamb\u00fa ionizado y la malla de plata act\u00faan conjuntamente para prevenir la proliferaci\u00f3n de las bacterias que causan el olor.<\/li>\n<li>Termorreguladores: aislamiento t\u00e9rmico<\/li>\n<li>Factor de protecci\u00f3n UPF 50+.<\/li>\n<\/ul>\n<p><strong>Ahora tambi\u00e9n los detalles marcan la diferencia:<\/strong><\/p>\n<ul>\n<li>Tacto m\u00e1s natural y suave: su estructura en zigzag permite doblarlo y estirarlo f\u00e1cilmente gracias a su particular forma de 5 canales (esta propiedad se percibe como una textura m\u00e1s suave y mullida).<\/li>\n<li>Colores m\u00e1s vivos: la mayor superficie del nuevo hilo de poli\u00e9ster permite una mejor absorci\u00f3n de los tintes, lo que realza el color de la prenda.<\/li>\n<li>Efecto de alisado: independientemente de tus movimientos, el tejido iDT neo recupera su estructura sin problemas en cuanto dejas de ejercer presi\u00f3n sobre \u00e9l.<\/li>\n<\/ul>\n<p>Las prendas de alta calidad <strong>Feel Thermo Tech<\/strong> est\u00e1n dise\u00f1adas para su uso en entornos con temperaturas variables. Termorregulaci\u00f3n corporal. Propiedades antibacterianas, inodoras y de alta transpirabilidad. Uso muy espec\u00edfico en el deporte y en diferentes climas.<\/p>\n<div class=\"main-tabs main\">\n<div class=\"mt-panes\">\n<div id=\"mt-pane4\" class=\"mt-pane col-xs-12\">\n<div class=\"main-tabs main\">\n<div class=\"mt-panes\">\n<div id=\"mt-pane4\" class=\"mt-pane col-xs-12\">\n<div class=\"main-tabs main\">\n<div class=\"mt-panes\">\n<div id=\"mt-pane4\" class=\"mt-pane col-xs-12\">\n<div class=\"main-tabs main\">\n<div class=\"mt-panes\">\n<div id=\"mt-pane4\" class=\"mt-pane col-xs-12\"><\/div>\n<\/div>\n<\/div>\n<div class=\"prod-listado container\">\n<div class=\"main-tabs main\">\n<div class=\"mt-panes\">\n<div id=\"mt-pane4\" class=\"mt-pane col-xs-12\">\n<ul class=\"prop col-xs-12 nopadding\">\n<li class=\"prop col-xs-12 col-md-3\"><img decoding=\"async\" title=\"ADATTABILIT\u00c0\" src=\"https:\/\/www.lurbel.es\/images\/propiedades\/adaptabilidad.png\" alt=\"ADATTABILIT\u00c0\" \/><br \/>\n<h4>CAPACIDAD DE ADAPTACI\u00d3N<\/h4>\n<p>Se adapta a la superficie del cuerpo.<\/li>\n<li class=\"prop col-xs-12 col-md-3\"><img decoding=\"async\" title=\"ALTE PRESTAZIONI\" src=\"https:\/\/www.lurbel.es\/images\/propiedades\/alto-rendimiento.png\" alt=\"ALTE PRESTAZIONI\" \/><br \/>\n<h4>ALTO RENDIMIENTO<\/h4>\n<p>Dise\u00f1ado para situaciones extremas.<\/li>\n<li class=\"prop col-xs-12 col-md-3\"><img decoding=\"async\" title=\"ANTI RUGHE\" src=\"https:\/\/www.lurbel.es\/images\/propiedades\/antiarrugas.png\" alt=\"ANTI RUGHE\" \/><br \/>\n<h4>ANTIRRUGAS<\/h4>\n<p>Tejido especial que evita que se formen arrugas al doblarlo.<\/li>\n<li class=\"prop col-xs-12 col-md-3\"><img decoding=\"async\" title=\"ERGONOMICO\" src=\"https:\/\/www.lurbel.es\/images\/propiedades\/ergonomico.png\" alt=\"ERGONOMICO\" \/><br \/>\n<h4>ERGON\u00d3MICO<\/h4>\n<p>Pieza con estructura ergon\u00f3mica diferenciada para el pie derecho y el izquierdo.<\/li>\n<li class=\"prop col-xs-12 col-md-3\"><img decoding=\"async\" title=\"PESO LEGGERO\" src=\"https:\/\/www.lurbel.es\/images\/propiedades\/peso-ligero.png\" alt=\"PESO LEGGERO\" \/><br \/>\n<h4>PESO LIGERO<\/h4>\n<p>Prendas ligeras.<\/li>\n<li class=\"prop col-xs-12 col-md-3\"><img decoding=\"async\" title=\"SENZA PUNTI\" src=\"https:\/\/www.lurbel.es\/images\/propiedades\/sin-costuras.png\" alt=\"SENZA PUNTI\" \/><br \/>\n<h4>SIN PUNTOS<\/h4>\n<p>El cierre punto a punto de la punta evita las rozaduras<\/li>\n<li class=\"prop col-xs-12 col-md-3\"><img decoding=\"async\" title=\"Tessuto bidirezionale\" src=\"https:\/\/www.lurbel.es\/images\/propiedades\/tejido%20bidireccional_2-01.png\" alt=\"Tessuto bidirezionale\" \/><br \/>\n<h4>TEJIDO BIDIRECCIONAL<\/h4>\n<p>Estructura de tejido bidireccional, libertad de movimiento.<\/li>\n<li class=\"prop col-xs-12 col-md-3\"><img decoding=\"async\" title=\"Traspirante\" src=\"https:\/\/www.lurbel.es\/images\/propiedades\/transpirable.png\" alt=\"Traspirante\" \/><br \/>\n<h4>TRANSPIRABLE<\/h4>\n<p>El tejido se abre en zonas espec\u00edficas para mejorar la ventilaci\u00f3n de la piel.<\/li>\n<li class=\"prop col-xs-12 col-md-3\"><img decoding=\"async\" title=\"Protezione UV UPF 50+\" src=\"https:\/\/www.lurbel.es\/images\/propiedades\/UPF+50_41X43-01-01.png\" alt=\"Protezione UV UPF 50+\" \/><br \/>\n<h4>PROTECCI\u00d3N UV UPF 50+<\/h4>\n<p>Protege tu piel del sol.<\/li>\n<\/ul>\n<\/div>\n<\/div>\n<\/div>\n<div class=\"prod-listado container\"><\/div>\n<\/div>\n<\/div>\n<\/div>\n<\/div>\n<div class=\"prod-listado container\">\n<div class=\"prod-listado container\">\n<\/div>\n<\/div>\n<\/div>\n<\/div>\n<\/div>\n<\/div>\n<\/div>\n<\/div>\n<\/div>\n","protected":false},"excerpt":{"rendered":"<p>Perfecta para las corredoras habituales, la falda SAMBA es incre\u00edblemente ligera y prioriza la comodidad: cuenta con una falda exterior el\u00e1stica y una malla t\u00e9cnica interior con tecnolog\u00eda iDT Neo, que absorbe la humedad, se seca r\u00e1pidamente y reduce los olores gracias al hilo de bamb\u00fa ionizado y a la malla de plata. Gracias a &hellip; <a href=\"https:\/\/www.miomiorun.com\/es\/producto\/lurbel-samba-skirt-mujer\/\">Continued<\/a><\/p>\n","protected":false},"featured_media":231862,"template":"","meta":{"_acf_changed":false,"inline_featured_image":false},"product_brand":[],"product_cat":[24395,24401,24402],"product_tag":[23551,23629],"class_list":{"0":"post-276773","1":"product","2":"type-product","3":"status-publish","4":"has-post-thumbnail","6":"product_cat-pantalones-cortos","7":"product_cat-ropa-de-mujer","8":"product_cat-mujer","9":"product_tag-lurbel-es","10":"product_tag-lurbel-mujer","11":"pa_attivita-outdoor-es","12":"pa_attivita-running-es","13":"pa_attivita-trail-es","14":"pa_colore-samba-skirt-w-black-dark-grey-es","15":"pa_marca-lurbel-es","16":"pa_sesso-mujer","17":"pa_size-extra-small-es","18":"pa_size-small-es","20":"first","21":"instock","22":"sale","23":"taxable","24":"shipping-taxable","25":"purchasable","26":"product-type-variable","27":"wvs-archive-product-wrapper"},"acf":[],"yoast_head":"<!-- This site is optimized with the Yoast SEO plugin v26.8 - https:\/\/yoast.com\/product\/yoast-seo-wordpress\/ -->\n<title>Lurbel Samba Skirt mujer - falda corriendo - MioMioRun<\/title>\n<meta name=\"description\" content=\"Ideal para las corredoras habituales, la falda SAMBA es incre\u00edblemente ligera y est\u00e1 dise\u00f1ada para ofrecer la m\u00e1xima comodidad; adem\u00e1s, absorbe la humedad y se seca r\u00e1pidamente.\" \/>\n<meta name=\"robots\" content=\"index, follow, max-snippet:-1, max-image-preview:large, max-video-preview:-1\" \/>\n<link rel=\"canonical\" href=\"https:\/\/www.miomiorun.com\/es\/producto\/lurbel-samba-skirt-mujer\/\" \/>\n<meta property=\"og:locale\" content=\"es_ES\" \/>\n<meta property=\"og:type\" content=\"article\" \/>\n<meta property=\"og:title\" content=\"Lurbel Samba Skirt mujer - falda corriendo - MioMioRun\" \/>\n<meta property=\"og:description\" content=\"Ideal para las corredoras habituales, la falda SAMBA es incre\u00edblemente ligera y est\u00e1 dise\u00f1ada para ofrecer la m\u00e1xima comodidad; adem\u00e1s, absorbe la humedad y se seca r\u00e1pidamente.\" \/>\n<meta property=\"og:url\" content=\"https:\/\/www.miomiorun.com\/es\/producto\/lurbel-samba-skirt-mujer\/\" \/>\n<meta property=\"og:site_name\" content=\"MioMioRun\" \/>\n<meta property=\"article:publisher\" content=\"https:\/\/www.facebook.com\/miomiorun\/\" \/>\n<meta property=\"article:modified_time\" content=\"2026-04-30T08:29:47+00:00\" \/>\n<meta property=\"og:image\" content=\"https:\/\/www.miomiorun.com\/app\/uploads\/2021\/04\/lurbel-Samba-Skirt-W-00A2.814W.0003.jpg\" \/>\n\t<meta property=\"og:image:width\" content=\"600\" \/>\n\t<meta property=\"og:image:height\" content=\"600\" \/>\n\t<meta property=\"og:image:type\" content=\"image\/jpeg\" \/>\n<meta name=\"twitter:card\" content=\"summary_large_image\" \/>\n<meta name=\"twitter:label1\" content=\"Est. reading time\" \/>\n\t<meta name=\"twitter:data1\" content=\"3 minutes\" \/>\n<script type=\"application\/ld+json\" class=\"yoast-schema-graph\">{\"@context\":\"https:\/\/schema.org\",\"@graph\":[{\"@type\":\"WebPage\",\"@id\":\"https:\/\/www.miomiorun.com\/es\/producto\/lurbel-samba-skirt-mujer\/\",\"url\":\"https:\/\/www.miomiorun.com\/es\/producto\/lurbel-samba-skirt-mujer\/\",\"name\":\"Lurbel Samba Skirt mujer - falda corriendo - MioMioRun\",\"isPartOf\":{\"@id\":\"https:\/\/www.miomiorun.com\/es\/#website\"},\"primaryImageOfPage\":{\"@id\":\"https:\/\/www.miomiorun.com\/es\/producto\/lurbel-samba-skirt-mujer\/#primaryimage\"},\"image\":{\"@id\":\"https:\/\/www.miomiorun.com\/es\/producto\/lurbel-samba-skirt-mujer\/#primaryimage\"},\"thumbnailUrl\":\"https:\/\/www.miomiorun.com\/app\/uploads\/2021\/04\/lurbel-Samba-Skirt-W-00A2.814W.0003.jpg\",\"datePublished\":\"2021-04-21T09:07:12+00:00\",\"dateModified\":\"2026-04-30T08:29:47+00:00\",\"description\":\"Ideal para las corredoras habituales, la falda SAMBA es incre\u00edblemente ligera y est\u00e1 dise\u00f1ada para ofrecer la m\u00e1xima comodidad; adem\u00e1s, absorbe la humedad y se seca r\u00e1pidamente.\",\"breadcrumb\":{\"@id\":\"https:\/\/www.miomiorun.com\/es\/producto\/lurbel-samba-skirt-mujer\/#breadcrumb\"},\"inLanguage\":\"es-ES\",\"potentialAction\":[{\"@type\":\"ReadAction\",\"target\":[\"https:\/\/www.miomiorun.com\/es\/producto\/lurbel-samba-skirt-mujer\/\"]}]},{\"@type\":\"ImageObject\",\"inLanguage\":\"es-ES\",\"@id\":\"https:\/\/www.miomiorun.com\/es\/producto\/lurbel-samba-skirt-mujer\/#primaryimage\",\"url\":\"https:\/\/www.miomiorun.com\/app\/uploads\/2021\/04\/lurbel-Samba-Skirt-W-00A2.814W.0003.jpg\",\"contentUrl\":\"https:\/\/www.miomiorun.com\/app\/uploads\/2021\/04\/lurbel-Samba-Skirt-W-00A2.814W.0003.jpg\",\"width\":600,\"height\":600,\"caption\":\"lurbel samba skirt fronte\"},{\"@type\":\"BreadcrumbList\",\"@id\":\"https:\/\/www.miomiorun.com\/es\/producto\/lurbel-samba-skirt-mujer\/#breadcrumb\",\"itemListElement\":[{\"@type\":\"ListItem\",\"position\":1,\"name\":\"Home\",\"item\":\"https:\/\/www.miomiorun.com\/es\/\"},{\"@type\":\"ListItem\",\"position\":2,\"name\":\"Shop\",\"item\":\"https:\/\/www.miomiorun.com\/shop\/\"},{\"@type\":\"ListItem\",\"position\":3,\"name\":\"Samba Skirt mujer\"}]},{\"@type\":\"WebSite\",\"@id\":\"https:\/\/www.miomiorun.com\/es\/#website\",\"url\":\"https:\/\/www.miomiorun.com\/es\/\",\"name\":\"MioMioRun\",\"description\":\"Tienda 100% running y trail\",\"publisher\":{\"@id\":\"https:\/\/www.miomiorun.com\/es\/#organization\"},\"potentialAction\":[{\"@type\":\"SearchAction\",\"target\":{\"@type\":\"EntryPoint\",\"urlTemplate\":\"https:\/\/www.miomiorun.com\/es\/?s={search_term_string}\"},\"query-input\":{\"@type\":\"PropertyValueSpecification\",\"valueRequired\":true,\"valueName\":\"search_term_string\"}}],\"inLanguage\":\"es-ES\"},{\"@type\":\"Organization\",\"@id\":\"https:\/\/www.miomiorun.com\/es\/#organization\",\"name\":\"MioMio Run\",\"url\":\"https:\/\/www.miomiorun.com\/es\/\",\"logo\":{\"@type\":\"ImageObject\",\"inLanguage\":\"es-ES\",\"@id\":\"https:\/\/www.miomiorun.com\/es\/#\/schema\/logo\/image\/\",\"url\":\"https:\/\/www.miomiorun.com\/app\/uploads\/2019\/12\/logomio.png\",\"contentUrl\":\"https:\/\/www.miomiorun.com\/app\/uploads\/2019\/12\/logomio.png\",\"width\":115,\"height\":82,\"caption\":\"MioMio Run\"},\"image\":{\"@id\":\"https:\/\/www.miomiorun.com\/es\/#\/schema\/logo\/image\/\"},\"sameAs\":[\"https:\/\/www.facebook.com\/miomiorun\/\",\"https:\/\/www.instagram.com\/miomiorun\/\"]}]}<\/script>\n<!-- \/ Yoast SEO plugin. -->","yoast_head_json":{"title":"Lurbel Samba Skirt mujer - falda corriendo - MioMioRun","description":"Ideal para las corredoras habituales, la falda SAMBA es incre\u00edblemente ligera y est\u00e1 dise\u00f1ada para ofrecer la m\u00e1xima comodidad; adem\u00e1s, absorbe la humedad y se seca r\u00e1pidamente.","robots":{"index":"index","follow":"follow","max-snippet":"max-snippet:-1","max-image-preview":"max-image-preview:large","max-video-preview":"max-video-preview:-1"},"canonical":"https:\/\/www.miomiorun.com\/es\/producto\/lurbel-samba-skirt-mujer\/","og_locale":"es_ES","og_type":"article","og_title":"Lurbel Samba Skirt mujer - falda corriendo - MioMioRun","og_description":"Ideal para las corredoras habituales, la falda SAMBA es incre\u00edblemente ligera y est\u00e1 dise\u00f1ada para ofrecer la m\u00e1xima comodidad; adem\u00e1s, absorbe la humedad y se seca r\u00e1pidamente.","og_url":"https:\/\/www.miomiorun.com\/es\/producto\/lurbel-samba-skirt-mujer\/","og_site_name":"MioMioRun","article_publisher":"https:\/\/www.facebook.com\/miomiorun\/","article_modified_time":"2026-04-30T08:29:47+00:00","og_image":[{"width":600,"height":600,"url":"https:\/\/www.miomiorun.com\/app\/uploads\/2021\/04\/lurbel-Samba-Skirt-W-00A2.814W.0003.jpg","type":"image\/jpeg"}],"twitter_card":"summary_large_image","twitter_misc":{"Est. reading time":"3 minutes"},"schema":{"@context":"https:\/\/schema.org","@graph":[{"@type":"WebPage","@id":"https:\/\/www.miomiorun.com\/es\/producto\/lurbel-samba-skirt-mujer\/","url":"https:\/\/www.miomiorun.com\/es\/producto\/lurbel-samba-skirt-mujer\/","name":"Lurbel Samba Skirt mujer - falda corriendo - MioMioRun","isPartOf":{"@id":"https:\/\/www.miomiorun.com\/es\/#website"},"primaryImageOfPage":{"@id":"https:\/\/www.miomiorun.com\/es\/producto\/lurbel-samba-skirt-mujer\/#primaryimage"},"image":{"@id":"https:\/\/www.miomiorun.com\/es\/producto\/lurbel-samba-skirt-mujer\/#primaryimage"},"thumbnailUrl":"https:\/\/www.miomiorun.com\/app\/uploads\/2021\/04\/lurbel-Samba-Skirt-W-00A2.814W.0003.jpg","datePublished":"2021-04-21T09:07:12+00:00","dateModified":"2026-04-30T08:29:47+00:00","description":"Ideal para las corredoras habituales, la falda SAMBA es incre\u00edblemente ligera y est\u00e1 dise\u00f1ada para ofrecer la m\u00e1xima comodidad; adem\u00e1s, absorbe la humedad y se seca r\u00e1pidamente.","breadcrumb":{"@id":"https:\/\/www.miomiorun.com\/es\/producto\/lurbel-samba-skirt-mujer\/#breadcrumb"},"inLanguage":"es-ES","potentialAction":[{"@type":"ReadAction","target":["https:\/\/www.miomiorun.com\/es\/producto\/lurbel-samba-skirt-mujer\/"]}]},{"@type":"ImageObject","inLanguage":"es-ES","@id":"https:\/\/www.miomiorun.com\/es\/producto\/lurbel-samba-skirt-mujer\/#primaryimage","url":"https:\/\/www.miomiorun.com\/app\/uploads\/2021\/04\/lurbel-Samba-Skirt-W-00A2.814W.0003.jpg","contentUrl":"https:\/\/www.miomiorun.com\/app\/uploads\/2021\/04\/lurbel-Samba-Skirt-W-00A2.814W.0003.jpg","width":600,"height":600,"caption":"lurbel samba skirt fronte"},{"@type":"BreadcrumbList","@id":"https:\/\/www.miomiorun.com\/es\/producto\/lurbel-samba-skirt-mujer\/#breadcrumb","itemListElement":[{"@type":"ListItem","position":1,"name":"Home","item":"https:\/\/www.miomiorun.com\/es\/"},{"@type":"ListItem","position":2,"name":"Shop","item":"https:\/\/www.miomiorun.com\/shop\/"},{"@type":"ListItem","position":3,"name":"Samba Skirt mujer"}]},{"@type":"WebSite","@id":"https:\/\/www.miomiorun.com\/es\/#website","url":"https:\/\/www.miomiorun.com\/es\/","name":"MioMioRun","description":"Tienda 100% running y trail","publisher":{"@id":"https:\/\/www.miomiorun.com\/es\/#organization"},"potentialAction":[{"@type":"SearchAction","target":{"@type":"EntryPoint","urlTemplate":"https:\/\/www.miomiorun.com\/es\/?s={search_term_string}"},"query-input":{"@type":"PropertyValueSpecification","valueRequired":true,"valueName":"search_term_string"}}],"inLanguage":"es-ES"},{"@type":"Organization","@id":"https:\/\/www.miomiorun.com\/es\/#organization","name":"MioMio Run","url":"https:\/\/www.miomiorun.com\/es\/","logo":{"@type":"ImageObject","inLanguage":"es-ES","@id":"https:\/\/www.miomiorun.com\/es\/#\/schema\/logo\/image\/","url":"https:\/\/www.miomiorun.com\/app\/uploads\/2019\/12\/logomio.png","contentUrl":"https:\/\/www.miomiorun.com\/app\/uploads\/2019\/12\/logomio.png","width":115,"height":82,"caption":"MioMio Run"},"image":{"@id":"https:\/\/www.miomiorun.com\/es\/#\/schema\/logo\/image\/"},"sameAs":["https:\/\/www.facebook.com\/miomiorun\/","https:\/\/www.instagram.com\/miomiorun\/"]}]}},"_links":{"self":[{"href":"https:\/\/www.miomiorun.com\/es\/wp-json\/wp\/v2\/product\/276773","targetHints":{"allow":["GET"]}}],"collection":[{"href":"https:\/\/www.miomiorun.com\/es\/wp-json\/wp\/v2\/product"}],"about":[{"href":"https:\/\/www.miomiorun.com\/es\/wp-json\/wp\/v2\/types\/product"}],"wp:featuredmedia":[{"embeddable":true,"href":"https:\/\/www.miomiorun.com\/es\/wp-json\/wp\/v2\/media\/231862"}],"wp:attachment":[{"href":"https:\/\/www.miomiorun.com\/es\/wp-json\/wp\/v2\/media?parent=276773"}],"wp:term":[{"taxonomy":"product_brand","embeddable":true,"href":"https:\/\/www.miomiorun.com\/es\/wp-json\/wp\/v2\/product_brand?post=276773"},{"taxonomy":"product_cat","embeddable":true,"href":"https:\/\/www.miomiorun.com\/es\/wp-json\/wp\/v2\/product_cat?post=276773"},{"taxonomy":"product_tag","embeddable":true,"href":"https:\/\/www.miomiorun.com\/es\/wp-json\/wp\/v2\/product_tag?post=276773"}],"curies":[{"name":"wp","href":"https:\/\/api.w.org\/{rel}","templated":true}]}}