{"id":276743,"date":"2021-04-23T18:37:18","date_gmt":"2021-04-23T16:37:18","guid":{"rendered":"https:\/\/miomiorun.com\/prodotto\/karhu-ikoni-2020-donna\/"},"modified":"2026-03-17T12:05:28","modified_gmt":"2026-03-17T11:05:28","slug":"karhu-ikoni-2020-mujer","status":"publish","type":"product","link":"https:\/\/www.miomiorun.com\/es\/producto\/karhu-ikoni-2020-mujer\/","title":{"rendered":"Ikoni mujer"},"content":{"rendered":"<div class=\"vc-row container\"><div class=\"vc-column\"><div class=\"vc-column-text\"><\/p>\n<h4>Especificaciones t\u00e9cnicas<\/h4>\n<p>Categor\u00eda: Amortiguaci\u00f3n media<br \/>\nDesnivel: 8 mm<br \/>\nPeso: 252 g<br \/>\nIdeal para: corredores que buscan una zapatilla con buena amortiguaci\u00f3n y una transici\u00f3n fluida, para carreras de media distancia.<br \/>\nPeso del atleta: 65-75 kg<br \/>\nRitmo de carrera: medio-r\u00e1pido (4,30-5,30 min\/km)<br \/>\n<a href=\"https:\/\/miomiorun.com\/es\/guia-especifica\/\">Gu\u00eda de especificaciones t\u00e9cnicas<\/a><\/p>\n<p><\/div> <\/div><div class=\"vc-column\"><div class=\"vc-column-text\">Las Karhu Ikoni 2021 son unas zapatillas de running con amortiguaci\u00f3n moderada, ideales para corredores neutros o con hiperpronaci\u00f3n en fase inicial o intermedia. Estas zapatillas te ofrecen la caracter\u00edstica \u00abrolling ride\u00bb o rodada, con una transici\u00f3n extremadamente equilibrada desde el tal\u00f3n hasta la puntera.<\/p>\n<p>Ikoni Ortix es un aut\u00e9ntico \u00abicono\u00bb de la comodidad. El sistema de cordones anat\u00f3mico ofrece un mejor ajuste general, ya que tiene en cuenta las diferencias de forma y volumen entre el pie izquierdo y el derecho. El dise\u00f1o del sistema de cordones con <strong>M-lock <\/strong>ayuda a proteger la parte central del pie y proporciona sujeci\u00f3n sin limitar el impulso hacia delante. Adem\u00e1s, ofrece un ajuste c\u00f3modo en la parte delantera del pie y proporciona un amplio espacio para que los dedos se extiendan.<\/p>\n<p><strong>Caracter\u00edsticas:<\/strong><\/p>\n<ul>\n<li>Sistema de cordones <strong>anat\u00f3mico<\/strong> para una mayor comodidad.<\/li>\n<li><strong>Eje<\/strong> de media longitud para una puntera flexible.<\/li>\n<li>Entresuela <strong>AeroFoam Nova<\/strong> con amortiguaci\u00f3n.<\/li>\n<li>Empeine de malla <strong>Knit<\/strong> de dise\u00f1o t\u00e9cnico para mayor transpirabilidad y sujeci\u00f3n.<\/li>\n<li><strong>Plantilla <\/strong>de espuma de c\u00e9lula abierta para una sensaci\u00f3n de suavidad.<\/li>\n<\/ul>\n<p>&nbsp;<\/p>\n<p><img loading=\"lazy\" decoding=\"async\" class=\"\" src=\"https:\/\/cdn.shopify.com\/s\/files\/1\/0519\/4570\/1549\/files\/fulcrum_800x.png?v=1612961012\" width=\"205\" height=\"91\" \/><\/p>\n<p>La tecnolog\u00eda <strong>Karhu Fulcrum<\/strong>, adem\u00e1s de ofrecer una mayor estabilidad, produce un \u00abefecto de rodadura\u00bb en nuestro rendimiento, ya que aprovecha la energ\u00eda natural que genera nuestro cuerpo para crear una carrera m\u00e1s fluida.<\/p>\n<p>Esta tecnolog\u00eda ofrece:<\/p>\n<p>&#8211; amortizaci\u00f3n equilibrada<\/p>\n<p>&#8211; mayor apoyo<\/p>\n<p>&#8211; m\u00e1s energ\u00eda<\/div><\/div><\/div>\n","protected":false},"excerpt":{"rendered":"","protected":false},"featured_media":230732,"template":"","meta":{"_acf_changed":false,"inline_featured_image":false},"product_brand":[],"product_cat":[24415,24414,24244],"product_tag":[23475,23641],"class_list":{"0":"post-276743","1":"product","2":"type-product","3":"status-publish","4":"has-post-thumbnail","6":"product_cat-calzado-de-mujer","7":"product_cat-neutre-es-2","8":"product_cat-ofertas-para-mujeres","9":"product_tag-karhu-es","10":"product_tag-karhu-mujer","11":"pa_attivita-caminar","12":"pa_attivita-fitness-es","13":"pa_attivita-running-es","14":"pa_colore-ikoni-2020-w-hivo-jetblack-folkstone-grey-es","15":"pa_marca-karhu-es","16":"pa_sesso-mujer","17":"pa_size-42-es","19":"first","20":"instock","21":"sale","22":"taxable","23":"shipping-taxable","24":"purchasable","25":"product-type-variable","26":"wvs-archive-product-wrapper"},"acf":[],"yoast_head":"<!-- This site is optimized with the Yoast SEO plugin v26.8 - https:\/\/yoast.com\/product\/yoast-seo-wordpress\/ -->\n<title>Karhu Ikoni mujer - zapatillas de running para mujer - MioMioRun<\/title>\n<meta name=\"description\" content=\"Las Karhu Ikoni 2020 son unas zapatillas de running con amortiguaci\u00f3n moderada, ideales para corredores neutros o con hiperpronaci\u00f3n en fase inicial o intermedia.\" \/>\n<meta name=\"robots\" content=\"index, follow, max-snippet:-1, max-image-preview:large, max-video-preview:-1\" \/>\n<link rel=\"canonical\" href=\"https:\/\/www.miomiorun.com\/es\/producto\/karhu-ikoni-2020-mujer\/\" \/>\n<meta property=\"og:locale\" content=\"es_ES\" \/>\n<meta property=\"og:type\" content=\"article\" \/>\n<meta property=\"og:title\" content=\"Karhu Ikoni mujer - zapatillas de running para mujer - MioMioRun\" \/>\n<meta property=\"og:description\" content=\"Las Karhu Ikoni 2020 son unas zapatillas de running con amortiguaci\u00f3n moderada, ideales para corredores neutros o con hiperpronaci\u00f3n en fase inicial o intermedia.\" \/>\n<meta property=\"og:url\" content=\"https:\/\/www.miomiorun.com\/es\/producto\/karhu-ikoni-2020-mujer\/\" \/>\n<meta property=\"og:site_name\" content=\"MioMioRun\" \/>\n<meta property=\"article:publisher\" content=\"https:\/\/www.facebook.com\/miomiorun\/\" \/>\n<meta property=\"article:modified_time\" content=\"2026-03-17T11:05:28+00:00\" \/>\n<meta property=\"og:image\" content=\"https:\/\/www.miomiorun.com\/app\/uploads\/2020\/10\/ikoni-2020-W-HiVo-JetBlack-Folkstone-Grey.jpg\" \/>\n\t<meta property=\"og:image:width\" content=\"600\" \/>\n\t<meta property=\"og:image:height\" content=\"600\" \/>\n\t<meta property=\"og:image:type\" content=\"image\/jpeg\" \/>\n<meta name=\"twitter:card\" content=\"summary_large_image\" \/>\n<meta name=\"twitter:label1\" content=\"Est. reading time\" \/>\n\t<meta name=\"twitter:data1\" content=\"2 minutes\" \/>\n<script type=\"application\/ld+json\" class=\"yoast-schema-graph\">{\"@context\":\"https:\/\/schema.org\",\"@graph\":[{\"@type\":\"WebPage\",\"@id\":\"https:\/\/www.miomiorun.com\/es\/producto\/karhu-ikoni-2020-mujer\/\",\"url\":\"https:\/\/www.miomiorun.com\/es\/producto\/karhu-ikoni-2020-mujer\/\",\"name\":\"Karhu Ikoni mujer - zapatillas de running para mujer - MioMioRun\",\"isPartOf\":{\"@id\":\"https:\/\/www.miomiorun.com\/es\/#website\"},\"primaryImageOfPage\":{\"@id\":\"https:\/\/www.miomiorun.com\/es\/producto\/karhu-ikoni-2020-mujer\/#primaryimage\"},\"image\":{\"@id\":\"https:\/\/www.miomiorun.com\/es\/producto\/karhu-ikoni-2020-mujer\/#primaryimage\"},\"thumbnailUrl\":\"https:\/\/www.miomiorun.com\/app\/uploads\/2020\/10\/ikoni-2020-W-HiVo-JetBlack-Folkstone-Grey.jpg\",\"datePublished\":\"2021-04-23T16:37:18+00:00\",\"dateModified\":\"2026-03-17T11:05:28+00:00\",\"description\":\"Las Karhu Ikoni 2020 son unas zapatillas de running con amortiguaci\u00f3n moderada, ideales para corredores neutros o con hiperpronaci\u00f3n en fase inicial o intermedia.\",\"breadcrumb\":{\"@id\":\"https:\/\/www.miomiorun.com\/es\/producto\/karhu-ikoni-2020-mujer\/#breadcrumb\"},\"inLanguage\":\"es-ES\",\"potentialAction\":[{\"@type\":\"ReadAction\",\"target\":[\"https:\/\/www.miomiorun.com\/es\/producto\/karhu-ikoni-2020-mujer\/\"]}]},{\"@type\":\"ImageObject\",\"inLanguage\":\"es-ES\",\"@id\":\"https:\/\/www.miomiorun.com\/es\/producto\/karhu-ikoni-2020-mujer\/#primaryimage\",\"url\":\"https:\/\/www.miomiorun.com\/app\/uploads\/2020\/10\/ikoni-2020-W-HiVo-JetBlack-Folkstone-Grey.jpg\",\"contentUrl\":\"https:\/\/www.miomiorun.com\/app\/uploads\/2020\/10\/ikoni-2020-W-HiVo-JetBlack-Folkstone-Grey.jpg\",\"width\":600,\"height\":600,\"caption\":\"ikoni-2020-W-HiVo-JetBlack-Folkstone-Grey\"},{\"@type\":\"BreadcrumbList\",\"@id\":\"https:\/\/www.miomiorun.com\/es\/producto\/karhu-ikoni-2020-mujer\/#breadcrumb\",\"itemListElement\":[{\"@type\":\"ListItem\",\"position\":1,\"name\":\"Home\",\"item\":\"https:\/\/www.miomiorun.com\/es\/\"},{\"@type\":\"ListItem\",\"position\":2,\"name\":\"Shop\",\"item\":\"https:\/\/www.miomiorun.com\/shop\/\"},{\"@type\":\"ListItem\",\"position\":3,\"name\":\"Ikoni mujer\"}]},{\"@type\":\"WebSite\",\"@id\":\"https:\/\/www.miomiorun.com\/es\/#website\",\"url\":\"https:\/\/www.miomiorun.com\/es\/\",\"name\":\"MioMioRun\",\"description\":\"Tienda 100% running y trail\",\"publisher\":{\"@id\":\"https:\/\/www.miomiorun.com\/es\/#organization\"},\"potentialAction\":[{\"@type\":\"SearchAction\",\"target\":{\"@type\":\"EntryPoint\",\"urlTemplate\":\"https:\/\/www.miomiorun.com\/es\/?s={search_term_string}\"},\"query-input\":{\"@type\":\"PropertyValueSpecification\",\"valueRequired\":true,\"valueName\":\"search_term_string\"}}],\"inLanguage\":\"es-ES\"},{\"@type\":\"Organization\",\"@id\":\"https:\/\/www.miomiorun.com\/es\/#organization\",\"name\":\"MioMio Run\",\"url\":\"https:\/\/www.miomiorun.com\/es\/\",\"logo\":{\"@type\":\"ImageObject\",\"inLanguage\":\"es-ES\",\"@id\":\"https:\/\/www.miomiorun.com\/es\/#\/schema\/logo\/image\/\",\"url\":\"https:\/\/www.miomiorun.com\/app\/uploads\/2019\/12\/logomio.png\",\"contentUrl\":\"https:\/\/www.miomiorun.com\/app\/uploads\/2019\/12\/logomio.png\",\"width\":115,\"height\":82,\"caption\":\"MioMio Run\"},\"image\":{\"@id\":\"https:\/\/www.miomiorun.com\/es\/#\/schema\/logo\/image\/\"},\"sameAs\":[\"https:\/\/www.facebook.com\/miomiorun\/\",\"https:\/\/www.instagram.com\/miomiorun\/\"]}]}<\/script>\n<!-- \/ Yoast SEO plugin. -->","yoast_head_json":{"title":"Karhu Ikoni mujer - zapatillas de running para mujer - MioMioRun","description":"Las Karhu Ikoni 2020 son unas zapatillas de running con amortiguaci\u00f3n moderada, ideales para corredores neutros o con hiperpronaci\u00f3n en fase inicial o intermedia.","robots":{"index":"index","follow":"follow","max-snippet":"max-snippet:-1","max-image-preview":"max-image-preview:large","max-video-preview":"max-video-preview:-1"},"canonical":"https:\/\/www.miomiorun.com\/es\/producto\/karhu-ikoni-2020-mujer\/","og_locale":"es_ES","og_type":"article","og_title":"Karhu Ikoni mujer - zapatillas de running para mujer - MioMioRun","og_description":"Las Karhu Ikoni 2020 son unas zapatillas de running con amortiguaci\u00f3n moderada, ideales para corredores neutros o con hiperpronaci\u00f3n en fase inicial o intermedia.","og_url":"https:\/\/www.miomiorun.com\/es\/producto\/karhu-ikoni-2020-mujer\/","og_site_name":"MioMioRun","article_publisher":"https:\/\/www.facebook.com\/miomiorun\/","article_modified_time":"2026-03-17T11:05:28+00:00","og_image":[{"width":600,"height":600,"url":"https:\/\/www.miomiorun.com\/app\/uploads\/2020\/10\/ikoni-2020-W-HiVo-JetBlack-Folkstone-Grey.jpg","type":"image\/jpeg"}],"twitter_card":"summary_large_image","twitter_misc":{"Est. reading time":"2 minutes"},"schema":{"@context":"https:\/\/schema.org","@graph":[{"@type":"WebPage","@id":"https:\/\/www.miomiorun.com\/es\/producto\/karhu-ikoni-2020-mujer\/","url":"https:\/\/www.miomiorun.com\/es\/producto\/karhu-ikoni-2020-mujer\/","name":"Karhu Ikoni mujer - zapatillas de running para mujer - MioMioRun","isPartOf":{"@id":"https:\/\/www.miomiorun.com\/es\/#website"},"primaryImageOfPage":{"@id":"https:\/\/www.miomiorun.com\/es\/producto\/karhu-ikoni-2020-mujer\/#primaryimage"},"image":{"@id":"https:\/\/www.miomiorun.com\/es\/producto\/karhu-ikoni-2020-mujer\/#primaryimage"},"thumbnailUrl":"https:\/\/www.miomiorun.com\/app\/uploads\/2020\/10\/ikoni-2020-W-HiVo-JetBlack-Folkstone-Grey.jpg","datePublished":"2021-04-23T16:37:18+00:00","dateModified":"2026-03-17T11:05:28+00:00","description":"Las Karhu Ikoni 2020 son unas zapatillas de running con amortiguaci\u00f3n moderada, ideales para corredores neutros o con hiperpronaci\u00f3n en fase inicial o intermedia.","breadcrumb":{"@id":"https:\/\/www.miomiorun.com\/es\/producto\/karhu-ikoni-2020-mujer\/#breadcrumb"},"inLanguage":"es-ES","potentialAction":[{"@type":"ReadAction","target":["https:\/\/www.miomiorun.com\/es\/producto\/karhu-ikoni-2020-mujer\/"]}]},{"@type":"ImageObject","inLanguage":"es-ES","@id":"https:\/\/www.miomiorun.com\/es\/producto\/karhu-ikoni-2020-mujer\/#primaryimage","url":"https:\/\/www.miomiorun.com\/app\/uploads\/2020\/10\/ikoni-2020-W-HiVo-JetBlack-Folkstone-Grey.jpg","contentUrl":"https:\/\/www.miomiorun.com\/app\/uploads\/2020\/10\/ikoni-2020-W-HiVo-JetBlack-Folkstone-Grey.jpg","width":600,"height":600,"caption":"ikoni-2020-W-HiVo-JetBlack-Folkstone-Grey"},{"@type":"BreadcrumbList","@id":"https:\/\/www.miomiorun.com\/es\/producto\/karhu-ikoni-2020-mujer\/#breadcrumb","itemListElement":[{"@type":"ListItem","position":1,"name":"Home","item":"https:\/\/www.miomiorun.com\/es\/"},{"@type":"ListItem","position":2,"name":"Shop","item":"https:\/\/www.miomiorun.com\/shop\/"},{"@type":"ListItem","position":3,"name":"Ikoni mujer"}]},{"@type":"WebSite","@id":"https:\/\/www.miomiorun.com\/es\/#website","url":"https:\/\/www.miomiorun.com\/es\/","name":"MioMioRun","description":"Tienda 100% running y trail","publisher":{"@id":"https:\/\/www.miomiorun.com\/es\/#organization"},"potentialAction":[{"@type":"SearchAction","target":{"@type":"EntryPoint","urlTemplate":"https:\/\/www.miomiorun.com\/es\/?s={search_term_string}"},"query-input":{"@type":"PropertyValueSpecification","valueRequired":true,"valueName":"search_term_string"}}],"inLanguage":"es-ES"},{"@type":"Organization","@id":"https:\/\/www.miomiorun.com\/es\/#organization","name":"MioMio Run","url":"https:\/\/www.miomiorun.com\/es\/","logo":{"@type":"ImageObject","inLanguage":"es-ES","@id":"https:\/\/www.miomiorun.com\/es\/#\/schema\/logo\/image\/","url":"https:\/\/www.miomiorun.com\/app\/uploads\/2019\/12\/logomio.png","contentUrl":"https:\/\/www.miomiorun.com\/app\/uploads\/2019\/12\/logomio.png","width":115,"height":82,"caption":"MioMio Run"},"image":{"@id":"https:\/\/www.miomiorun.com\/es\/#\/schema\/logo\/image\/"},"sameAs":["https:\/\/www.facebook.com\/miomiorun\/","https:\/\/www.instagram.com\/miomiorun\/"]}]}},"_links":{"self":[{"href":"https:\/\/www.miomiorun.com\/es\/wp-json\/wp\/v2\/product\/276743","targetHints":{"allow":["GET"]}}],"collection":[{"href":"https:\/\/www.miomiorun.com\/es\/wp-json\/wp\/v2\/product"}],"about":[{"href":"https:\/\/www.miomiorun.com\/es\/wp-json\/wp\/v2\/types\/product"}],"wp:featuredmedia":[{"embeddable":true,"href":"https:\/\/www.miomiorun.com\/es\/wp-json\/wp\/v2\/media\/230732"}],"wp:attachment":[{"href":"https:\/\/www.miomiorun.com\/es\/wp-json\/wp\/v2\/media?parent=276743"}],"wp:term":[{"taxonomy":"product_brand","embeddable":true,"href":"https:\/\/www.miomiorun.com\/es\/wp-json\/wp\/v2\/product_brand?post=276743"},{"taxonomy":"product_cat","embeddable":true,"href":"https:\/\/www.miomiorun.com\/es\/wp-json\/wp\/v2\/product_cat?post=276743"},{"taxonomy":"product_tag","embeddable":true,"href":"https:\/\/www.miomiorun.com\/es\/wp-json\/wp\/v2\/product_tag?post=276743"}],"curies":[{"name":"wp","href":"https:\/\/api.w.org\/{rel}","templated":true}]}}