{"id":276626,"date":"2020-12-01T19:27:42","date_gmt":"2020-12-01T18:27:42","guid":{"rendered":"https:\/\/miomiorun.com\/prodotto\/zoot-thermo-beanie\/"},"modified":"2026-04-29T18:36:33","modified_gmt":"2026-04-29T16:36:33","slug":"zoot-thermo-beanie","status":"publish","type":"product","link":"https:\/\/www.miomiorun.com\/es\/producto\/zoot-thermo-beanie\/","title":{"rendered":"Thermo Beanie"},"content":{"rendered":"<div id=\"description\" class=\"tab-pane fade in active\" role=\"tabpanel\">\n<div class=\"product-description\">\n<p>Mantener la cabeza caliente cuando hace fr\u00edo es la clave para un entrenamiento \u00f3ptimo. El gorro Zoot Sports Thermo Beanie cuenta con una parte trasera cepillada que proporciona una calidez \u00f3ptima y una excelente evacuaci\u00f3n de la humedad. Disfruta de tus carreras al aire libre este invierno con el Thermo Beanie.<\/p>\n<p>Tejido:<\/p>\n<p>El tejido de punto circular cepillado en la parte trasera ofrece una calidez \u00f3ptima y una excelente evacuaci\u00f3n de la humedad<br \/>\nInterior de felpa para mayor calidez<\/p>\n<\/div>\n<\/div>\n","protected":false},"excerpt":{"rendered":"<p>Mantener la cabeza caliente cuando hace fr\u00edo es la clave para un entrenamiento \u00f3ptimo. El gorro Zoot Sports Thermo Beanie cuenta con una parte trasera cepillada que proporciona una calidez \u00f3ptima y una excelente evacuaci\u00f3n de la humedad. Disfruta de tus carreras al aire libre este invierno con el Thermo Beanie. Tejido: El tejido de &hellip; <a href=\"https:\/\/www.miomiorun.com\/es\/producto\/zoot-thermo-beanie\/\">Continued<\/a><\/p>\n","protected":false},"featured_media":231128,"template":"","meta":{"_acf_changed":false,"inline_featured_image":false},"product_brand":[],"product_cat":[24205,24221,24222],"product_tag":[23556],"class_list":{"0":"post-276626","1":"product","2":"type-product","3":"status-publish","4":"has-post-thumbnail","6":"product_cat-accesorios","7":"product_cat-calefaccion","8":"product_cat-sombreros-gorras","9":"product_tag-zoot-es","10":"pa_attivita-caminar","11":"pa_attivita-running-es","12":"pa_colore-thermo-beanie-pink-es","13":"pa_marca-zoot-es","14":"pa_sesso-hombre","15":"pa_sesso-mujer","17":"first","18":"instock","19":"sale","20":"taxable","21":"shipping-taxable","22":"purchasable","23":"product-type-variable","24":"wvs-archive-product-wrapper"},"acf":[],"yoast_head":"<!-- This site is optimized with the Yoast SEO plugin v26.8 - https:\/\/yoast.com\/product\/yoast-seo-wordpress\/ -->\n<title>Zoot Thermo Beanie - Gorra de running - MioMioRun.com<\/title>\n<meta name=\"description\" content=\"Llevar un gorro cuando hace fr\u00edo es la clave para un entrenamiento \u00f3ptimo. El gorro Zoot Sports Thermo Beanie tiene la parte trasera cepillada para ofrecer una calidez \u00f3ptima\" \/>\n<meta name=\"robots\" content=\"index, follow, max-snippet:-1, max-image-preview:large, max-video-preview:-1\" \/>\n<link rel=\"canonical\" href=\"https:\/\/www.miomiorun.com\/es\/producto\/zoot-thermo-beanie\/\" \/>\n<meta property=\"og:locale\" content=\"es_ES\" \/>\n<meta property=\"og:type\" content=\"article\" \/>\n<meta property=\"og:title\" content=\"Zoot Thermo Beanie - Gorra de running - MioMioRun.com\" \/>\n<meta property=\"og:description\" content=\"Llevar un gorro cuando hace fr\u00edo es la clave para un entrenamiento \u00f3ptimo. El gorro Zoot Sports Thermo Beanie tiene la parte trasera cepillada para ofrecer una calidez \u00f3ptima\" \/>\n<meta property=\"og:url\" content=\"https:\/\/www.miomiorun.com\/es\/producto\/zoot-thermo-beanie\/\" \/>\n<meta property=\"og:site_name\" content=\"MioMioRun\" \/>\n<meta property=\"article:publisher\" content=\"https:\/\/www.facebook.com\/miomiorun\/\" \/>\n<meta property=\"article:modified_time\" content=\"2026-04-29T16:36:33+00:00\" \/>\n<meta property=\"og:image\" content=\"https:\/\/www.miomiorun.com\/app\/uploads\/2020\/12\/Thermo-beanie-2644718.1.1.jpg\" \/>\n\t<meta property=\"og:image:width\" content=\"600\" \/>\n\t<meta property=\"og:image:height\" content=\"600\" \/>\n\t<meta property=\"og:image:type\" content=\"image\/jpeg\" \/>\n<meta name=\"twitter:card\" content=\"summary_large_image\" \/>\n<script type=\"application\/ld+json\" class=\"yoast-schema-graph\">{\"@context\":\"https:\/\/schema.org\",\"@graph\":[{\"@type\":\"WebPage\",\"@id\":\"https:\/\/www.miomiorun.com\/es\/producto\/zoot-thermo-beanie\/\",\"url\":\"https:\/\/www.miomiorun.com\/es\/producto\/zoot-thermo-beanie\/\",\"name\":\"Zoot Thermo Beanie - Gorra de running - MioMioRun.com\",\"isPartOf\":{\"@id\":\"https:\/\/www.miomiorun.com\/es\/#website\"},\"primaryImageOfPage\":{\"@id\":\"https:\/\/www.miomiorun.com\/es\/producto\/zoot-thermo-beanie\/#primaryimage\"},\"image\":{\"@id\":\"https:\/\/www.miomiorun.com\/es\/producto\/zoot-thermo-beanie\/#primaryimage\"},\"thumbnailUrl\":\"https:\/\/www.miomiorun.com\/app\/uploads\/2020\/12\/Thermo-beanie-2644718.1.1.jpg\",\"datePublished\":\"2020-12-01T18:27:42+00:00\",\"dateModified\":\"2026-04-29T16:36:33+00:00\",\"description\":\"Llevar un gorro cuando hace fr\u00edo es la clave para un entrenamiento \u00f3ptimo. El gorro Zoot Sports Thermo Beanie tiene la parte trasera cepillada para ofrecer una calidez \u00f3ptima\",\"breadcrumb\":{\"@id\":\"https:\/\/www.miomiorun.com\/es\/producto\/zoot-thermo-beanie\/#breadcrumb\"},\"inLanguage\":\"es-ES\",\"potentialAction\":[{\"@type\":\"ReadAction\",\"target\":[\"https:\/\/www.miomiorun.com\/es\/producto\/zoot-thermo-beanie\/\"]}]},{\"@type\":\"ImageObject\",\"inLanguage\":\"es-ES\",\"@id\":\"https:\/\/www.miomiorun.com\/es\/producto\/zoot-thermo-beanie\/#primaryimage\",\"url\":\"https:\/\/www.miomiorun.com\/app\/uploads\/2020\/12\/Thermo-beanie-2644718.1.1.jpg\",\"contentUrl\":\"https:\/\/www.miomiorun.com\/app\/uploads\/2020\/12\/Thermo-beanie-2644718.1.1.jpg\",\"width\":600,\"height\":600,\"caption\":\"thermo beanie cappello\"},{\"@type\":\"BreadcrumbList\",\"@id\":\"https:\/\/www.miomiorun.com\/es\/producto\/zoot-thermo-beanie\/#breadcrumb\",\"itemListElement\":[{\"@type\":\"ListItem\",\"position\":1,\"name\":\"Home\",\"item\":\"https:\/\/www.miomiorun.com\/es\/\"},{\"@type\":\"ListItem\",\"position\":2,\"name\":\"Shop\",\"item\":\"https:\/\/www.miomiorun.com\/shop\/\"},{\"@type\":\"ListItem\",\"position\":3,\"name\":\"Thermo Beanie\"}]},{\"@type\":\"WebSite\",\"@id\":\"https:\/\/www.miomiorun.com\/es\/#website\",\"url\":\"https:\/\/www.miomiorun.com\/es\/\",\"name\":\"MioMioRun\",\"description\":\"Tienda 100% running y trail\",\"publisher\":{\"@id\":\"https:\/\/www.miomiorun.com\/es\/#organization\"},\"potentialAction\":[{\"@type\":\"SearchAction\",\"target\":{\"@type\":\"EntryPoint\",\"urlTemplate\":\"https:\/\/www.miomiorun.com\/es\/?s={search_term_string}\"},\"query-input\":{\"@type\":\"PropertyValueSpecification\",\"valueRequired\":true,\"valueName\":\"search_term_string\"}}],\"inLanguage\":\"es-ES\"},{\"@type\":\"Organization\",\"@id\":\"https:\/\/www.miomiorun.com\/es\/#organization\",\"name\":\"MioMio Run\",\"url\":\"https:\/\/www.miomiorun.com\/es\/\",\"logo\":{\"@type\":\"ImageObject\",\"inLanguage\":\"es-ES\",\"@id\":\"https:\/\/www.miomiorun.com\/es\/#\/schema\/logo\/image\/\",\"url\":\"https:\/\/www.miomiorun.com\/app\/uploads\/2019\/12\/logomio.png\",\"contentUrl\":\"https:\/\/www.miomiorun.com\/app\/uploads\/2019\/12\/logomio.png\",\"width\":115,\"height\":82,\"caption\":\"MioMio Run\"},\"image\":{\"@id\":\"https:\/\/www.miomiorun.com\/es\/#\/schema\/logo\/image\/\"},\"sameAs\":[\"https:\/\/www.facebook.com\/miomiorun\/\",\"https:\/\/www.instagram.com\/miomiorun\/\"]}]}<\/script>\n<!-- \/ Yoast SEO plugin. -->","yoast_head_json":{"title":"Zoot Thermo Beanie - Gorra de running - MioMioRun.com","description":"Llevar un gorro cuando hace fr\u00edo es la clave para un entrenamiento \u00f3ptimo. El gorro Zoot Sports Thermo Beanie tiene la parte trasera cepillada para ofrecer una calidez \u00f3ptima","robots":{"index":"index","follow":"follow","max-snippet":"max-snippet:-1","max-image-preview":"max-image-preview:large","max-video-preview":"max-video-preview:-1"},"canonical":"https:\/\/www.miomiorun.com\/es\/producto\/zoot-thermo-beanie\/","og_locale":"es_ES","og_type":"article","og_title":"Zoot Thermo Beanie - Gorra de running - MioMioRun.com","og_description":"Llevar un gorro cuando hace fr\u00edo es la clave para un entrenamiento \u00f3ptimo. El gorro Zoot Sports Thermo Beanie tiene la parte trasera cepillada para ofrecer una calidez \u00f3ptima","og_url":"https:\/\/www.miomiorun.com\/es\/producto\/zoot-thermo-beanie\/","og_site_name":"MioMioRun","article_publisher":"https:\/\/www.facebook.com\/miomiorun\/","article_modified_time":"2026-04-29T16:36:33+00:00","og_image":[{"width":600,"height":600,"url":"https:\/\/www.miomiorun.com\/app\/uploads\/2020\/12\/Thermo-beanie-2644718.1.1.jpg","type":"image\/jpeg"}],"twitter_card":"summary_large_image","schema":{"@context":"https:\/\/schema.org","@graph":[{"@type":"WebPage","@id":"https:\/\/www.miomiorun.com\/es\/producto\/zoot-thermo-beanie\/","url":"https:\/\/www.miomiorun.com\/es\/producto\/zoot-thermo-beanie\/","name":"Zoot Thermo Beanie - Gorra de running - MioMioRun.com","isPartOf":{"@id":"https:\/\/www.miomiorun.com\/es\/#website"},"primaryImageOfPage":{"@id":"https:\/\/www.miomiorun.com\/es\/producto\/zoot-thermo-beanie\/#primaryimage"},"image":{"@id":"https:\/\/www.miomiorun.com\/es\/producto\/zoot-thermo-beanie\/#primaryimage"},"thumbnailUrl":"https:\/\/www.miomiorun.com\/app\/uploads\/2020\/12\/Thermo-beanie-2644718.1.1.jpg","datePublished":"2020-12-01T18:27:42+00:00","dateModified":"2026-04-29T16:36:33+00:00","description":"Llevar un gorro cuando hace fr\u00edo es la clave para un entrenamiento \u00f3ptimo. El gorro Zoot Sports Thermo Beanie tiene la parte trasera cepillada para ofrecer una calidez \u00f3ptima","breadcrumb":{"@id":"https:\/\/www.miomiorun.com\/es\/producto\/zoot-thermo-beanie\/#breadcrumb"},"inLanguage":"es-ES","potentialAction":[{"@type":"ReadAction","target":["https:\/\/www.miomiorun.com\/es\/producto\/zoot-thermo-beanie\/"]}]},{"@type":"ImageObject","inLanguage":"es-ES","@id":"https:\/\/www.miomiorun.com\/es\/producto\/zoot-thermo-beanie\/#primaryimage","url":"https:\/\/www.miomiorun.com\/app\/uploads\/2020\/12\/Thermo-beanie-2644718.1.1.jpg","contentUrl":"https:\/\/www.miomiorun.com\/app\/uploads\/2020\/12\/Thermo-beanie-2644718.1.1.jpg","width":600,"height":600,"caption":"thermo beanie cappello"},{"@type":"BreadcrumbList","@id":"https:\/\/www.miomiorun.com\/es\/producto\/zoot-thermo-beanie\/#breadcrumb","itemListElement":[{"@type":"ListItem","position":1,"name":"Home","item":"https:\/\/www.miomiorun.com\/es\/"},{"@type":"ListItem","position":2,"name":"Shop","item":"https:\/\/www.miomiorun.com\/shop\/"},{"@type":"ListItem","position":3,"name":"Thermo Beanie"}]},{"@type":"WebSite","@id":"https:\/\/www.miomiorun.com\/es\/#website","url":"https:\/\/www.miomiorun.com\/es\/","name":"MioMioRun","description":"Tienda 100% running y trail","publisher":{"@id":"https:\/\/www.miomiorun.com\/es\/#organization"},"potentialAction":[{"@type":"SearchAction","target":{"@type":"EntryPoint","urlTemplate":"https:\/\/www.miomiorun.com\/es\/?s={search_term_string}"},"query-input":{"@type":"PropertyValueSpecification","valueRequired":true,"valueName":"search_term_string"}}],"inLanguage":"es-ES"},{"@type":"Organization","@id":"https:\/\/www.miomiorun.com\/es\/#organization","name":"MioMio Run","url":"https:\/\/www.miomiorun.com\/es\/","logo":{"@type":"ImageObject","inLanguage":"es-ES","@id":"https:\/\/www.miomiorun.com\/es\/#\/schema\/logo\/image\/","url":"https:\/\/www.miomiorun.com\/app\/uploads\/2019\/12\/logomio.png","contentUrl":"https:\/\/www.miomiorun.com\/app\/uploads\/2019\/12\/logomio.png","width":115,"height":82,"caption":"MioMio Run"},"image":{"@id":"https:\/\/www.miomiorun.com\/es\/#\/schema\/logo\/image\/"},"sameAs":["https:\/\/www.facebook.com\/miomiorun\/","https:\/\/www.instagram.com\/miomiorun\/"]}]}},"_links":{"self":[{"href":"https:\/\/www.miomiorun.com\/es\/wp-json\/wp\/v2\/product\/276626","targetHints":{"allow":["GET"]}}],"collection":[{"href":"https:\/\/www.miomiorun.com\/es\/wp-json\/wp\/v2\/product"}],"about":[{"href":"https:\/\/www.miomiorun.com\/es\/wp-json\/wp\/v2\/types\/product"}],"wp:featuredmedia":[{"embeddable":true,"href":"https:\/\/www.miomiorun.com\/es\/wp-json\/wp\/v2\/media\/231128"}],"wp:attachment":[{"href":"https:\/\/www.miomiorun.com\/es\/wp-json\/wp\/v2\/media?parent=276626"}],"wp:term":[{"taxonomy":"product_brand","embeddable":true,"href":"https:\/\/www.miomiorun.com\/es\/wp-json\/wp\/v2\/product_brand?post=276626"},{"taxonomy":"product_cat","embeddable":true,"href":"https:\/\/www.miomiorun.com\/es\/wp-json\/wp\/v2\/product_cat?post=276626"},{"taxonomy":"product_tag","embeddable":true,"href":"https:\/\/www.miomiorun.com\/es\/wp-json\/wp\/v2\/product_tag?post=276626"}],"curies":[{"name":"wp","href":"https:\/\/api.w.org\/{rel}","templated":true}]}}