{"id":276595,"date":"2020-12-09T19:25:17","date_gmt":"2020-12-09T18:25:17","guid":{"rendered":"https:\/\/miomiorun.com\/prodotto\/casall-bio-cross-back-donna\/"},"modified":"2026-04-29T18:42:17","modified_gmt":"2026-04-29T16:42:17","slug":"casall-bio-cross-back-mujer","status":"publish","type":"product","link":"https:\/\/www.miomiorun.com\/es\/producto\/casall-bio-cross-back-mujer\/","title":{"rendered":"Bio Cross Back mujer"},"content":{"rendered":"<p>Esta elegante camiseta sin mangas est\u00e1 confeccionada con un tejido de poliamida ecol\u00f3gica muy innovador, con tirantes cruzados y pliegues en la espalda. Confecci\u00f3n sostenible, \u00a1porque ES IMPORTANTE!<\/p>\n<p>Material ecol\u00f3gico con un tacto agradable.<\/p>\n<p>Nuestro fant\u00e1stico poliamida ecol\u00f3gico se fabrica con aceite de ricino en lugar de petr\u00f3leo crudo. Es naturalmente antibacteriano, requiere menos colorantes durante el te\u00f1ido y emite menos CO\u2082 durante la producci\u00f3n en comparaci\u00f3n con otros materiales similares. Adem\u00e1s, tiene una buena capacidad de absorci\u00f3n de la humedad y se seca r\u00e1pidamente. El tejido tiene un tacto suave, ligero y c\u00f3modo. Una elecci\u00f3n respetuosa con el medio ambiente. 85 g\/m\u00b2. Fabricado en Francia en un sistema avanzado y bien cerrado con requisitos medioambientales muy estrictos.<\/p>\n<p>Material: 100 % poliamida ecol\u00f3gica, 85 g\/m\u00b2<\/p>\n<p>Se recomienda lavar a 40 \u00b0C. Los tejidos t\u00e9cnicos no deben lavarse con suavizante, ya que este altera su elasticidad y su capacidad para transportar la humedad. Una temperatura excesiva, un centrifugado demasiado fuerte o el secado en secadora pueden da\u00f1ar los detalles de la prenda.<\/p>\n","protected":false},"excerpt":{"rendered":"<p>Esta elegante camiseta sin mangas est\u00e1 confeccionada con un tejido de poliamida ecol\u00f3gica muy innovador, con tirantes cruzados y pliegues en la espalda. Confecci\u00f3n sostenible, \u00a1porque ES IMPORTANTE! Material ecol\u00f3gico con un tacto agradable. Nuestro fant\u00e1stico poliamida ecol\u00f3gico se fabrica con aceite de ricino en lugar de petr\u00f3leo crudo. Es naturalmente antibacteriano, requiere menos colorantes &hellip; <a href=\"https:\/\/www.miomiorun.com\/es\/producto\/casall-bio-cross-back-mujer\/\">Continued<\/a><\/p>\n","protected":false},"featured_media":231162,"template":"","meta":{"_acf_changed":false,"inline_featured_image":false},"product_brand":[],"product_cat":[24421,24420,24244],"product_tag":[23465,23657],"class_list":{"0":"post-276595","1":"product","2":"type-product","3":"status-publish","4":"has-post-thumbnail","6":"product_cat-chalecos-es","7":"product_cat-ropa-de-mujer-es","8":"product_cat-ofertas-para-mujeres","9":"product_tag-casall-es","10":"product_tag-casall-mujer","11":"pa_attivita-caminar","12":"pa_attivita-running-es","13":"pa_colore-bio-cross-back-blush-pink-es-2","14":"pa_colore-bio-cross-back-white-es","15":"pa_marca-casall-es","16":"pa_sesso-mujer","17":"pa_size-extra-small-es","18":"pa_size-small-es","19":"pa_size-medium-es","21":"first","22":"instock","23":"sale","24":"taxable","25":"shipping-taxable","26":"purchasable","27":"product-type-variable","28":"wvs-archive-product-wrapper"},"acf":[],"yoast_head":"<!-- This site is optimized with the Yoast SEO plugin v26.8 - https:\/\/yoast.com\/product\/yoast-seo-wordpress\/ -->\n<title>Casall Bio Cross Back mujer -Camiseta sin mangas para correr- MioMioRun<\/title>\n<meta name=\"description\" content=\"Esta elegante camiseta sin mangas est\u00e1 confeccionada en un tejido de poliamida ecol\u00f3gica muy innovador, con tirantes cruzados y pliegues en la espalda.\" \/>\n<meta name=\"robots\" content=\"index, follow, max-snippet:-1, max-image-preview:large, max-video-preview:-1\" \/>\n<link rel=\"canonical\" href=\"https:\/\/www.miomiorun.com\/es\/producto\/casall-bio-cross-back-mujer\/\" \/>\n<meta property=\"og:locale\" content=\"es_ES\" \/>\n<meta property=\"og:type\" content=\"article\" \/>\n<meta property=\"og:title\" content=\"Casall Bio Cross Back mujer -Camiseta sin mangas para correr- MioMioRun\" \/>\n<meta property=\"og:description\" content=\"Esta elegante camiseta sin mangas est\u00e1 confeccionada en un tejido de poliamida ecol\u00f3gica muy innovador, con tirantes cruzados y pliegues en la espalda.\" \/>\n<meta property=\"og:url\" content=\"https:\/\/www.miomiorun.com\/es\/producto\/casall-bio-cross-back-mujer\/\" \/>\n<meta property=\"og:site_name\" content=\"MioMioRun\" \/>\n<meta property=\"article:publisher\" content=\"https:\/\/www.facebook.com\/miomiorun\/\" \/>\n<meta property=\"article:modified_time\" content=\"2026-04-29T16:42:17+00:00\" \/>\n<meta property=\"og:image\" content=\"https:\/\/www.miomiorun.com\/app\/uploads\/2020\/12\/casall-Bio-cross-back-blush-18135-313.jpg\" \/>\n\t<meta property=\"og:image:width\" content=\"600\" \/>\n\t<meta property=\"og:image:height\" content=\"600\" \/>\n\t<meta property=\"og:image:type\" content=\"image\/jpeg\" \/>\n<meta name=\"twitter:card\" content=\"summary_large_image\" \/>\n<meta name=\"twitter:label1\" content=\"Est. reading time\" \/>\n\t<meta name=\"twitter:data1\" content=\"1 minute\" \/>\n<script type=\"application\/ld+json\" class=\"yoast-schema-graph\">{\"@context\":\"https:\/\/schema.org\",\"@graph\":[{\"@type\":\"WebPage\",\"@id\":\"https:\/\/www.miomiorun.com\/es\/producto\/casall-bio-cross-back-mujer\/\",\"url\":\"https:\/\/www.miomiorun.com\/es\/producto\/casall-bio-cross-back-mujer\/\",\"name\":\"Casall Bio Cross Back mujer -Camiseta sin mangas para correr- MioMioRun\",\"isPartOf\":{\"@id\":\"https:\/\/www.miomiorun.com\/es\/#website\"},\"primaryImageOfPage\":{\"@id\":\"https:\/\/www.miomiorun.com\/es\/producto\/casall-bio-cross-back-mujer\/#primaryimage\"},\"image\":{\"@id\":\"https:\/\/www.miomiorun.com\/es\/producto\/casall-bio-cross-back-mujer\/#primaryimage\"},\"thumbnailUrl\":\"https:\/\/www.miomiorun.com\/app\/uploads\/2020\/12\/casall-Bio-cross-back-blush-18135-313.jpg\",\"datePublished\":\"2020-12-09T18:25:17+00:00\",\"dateModified\":\"2026-04-29T16:42:17+00:00\",\"description\":\"Esta elegante camiseta sin mangas est\u00e1 confeccionada en un tejido de poliamida ecol\u00f3gica muy innovador, con tirantes cruzados y pliegues en la espalda.\",\"breadcrumb\":{\"@id\":\"https:\/\/www.miomiorun.com\/es\/producto\/casall-bio-cross-back-mujer\/#breadcrumb\"},\"inLanguage\":\"es-ES\",\"potentialAction\":[{\"@type\":\"ReadAction\",\"target\":[\"https:\/\/www.miomiorun.com\/es\/producto\/casall-bio-cross-back-mujer\/\"]}]},{\"@type\":\"ImageObject\",\"inLanguage\":\"es-ES\",\"@id\":\"https:\/\/www.miomiorun.com\/es\/producto\/casall-bio-cross-back-mujer\/#primaryimage\",\"url\":\"https:\/\/www.miomiorun.com\/app\/uploads\/2020\/12\/casall-Bio-cross-back-blush-18135-313.jpg\",\"contentUrl\":\"https:\/\/www.miomiorun.com\/app\/uploads\/2020\/12\/casall-Bio-cross-back-blush-18135-313.jpg\",\"width\":600,\"height\":600,\"caption\":\"cassall bio cross back blush\"},{\"@type\":\"BreadcrumbList\",\"@id\":\"https:\/\/www.miomiorun.com\/es\/producto\/casall-bio-cross-back-mujer\/#breadcrumb\",\"itemListElement\":[{\"@type\":\"ListItem\",\"position\":1,\"name\":\"Home\",\"item\":\"https:\/\/www.miomiorun.com\/es\/\"},{\"@type\":\"ListItem\",\"position\":2,\"name\":\"Shop\",\"item\":\"https:\/\/www.miomiorun.com\/shop\/\"},{\"@type\":\"ListItem\",\"position\":3,\"name\":\"Bio Cross Back mujer\"}]},{\"@type\":\"WebSite\",\"@id\":\"https:\/\/www.miomiorun.com\/es\/#website\",\"url\":\"https:\/\/www.miomiorun.com\/es\/\",\"name\":\"MioMioRun\",\"description\":\"Tienda 100% running y trail\",\"publisher\":{\"@id\":\"https:\/\/www.miomiorun.com\/es\/#organization\"},\"potentialAction\":[{\"@type\":\"SearchAction\",\"target\":{\"@type\":\"EntryPoint\",\"urlTemplate\":\"https:\/\/www.miomiorun.com\/es\/?s={search_term_string}\"},\"query-input\":{\"@type\":\"PropertyValueSpecification\",\"valueRequired\":true,\"valueName\":\"search_term_string\"}}],\"inLanguage\":\"es-ES\"},{\"@type\":\"Organization\",\"@id\":\"https:\/\/www.miomiorun.com\/es\/#organization\",\"name\":\"MioMio Run\",\"url\":\"https:\/\/www.miomiorun.com\/es\/\",\"logo\":{\"@type\":\"ImageObject\",\"inLanguage\":\"es-ES\",\"@id\":\"https:\/\/www.miomiorun.com\/es\/#\/schema\/logo\/image\/\",\"url\":\"https:\/\/www.miomiorun.com\/app\/uploads\/2019\/12\/logomio.png\",\"contentUrl\":\"https:\/\/www.miomiorun.com\/app\/uploads\/2019\/12\/logomio.png\",\"width\":115,\"height\":82,\"caption\":\"MioMio Run\"},\"image\":{\"@id\":\"https:\/\/www.miomiorun.com\/es\/#\/schema\/logo\/image\/\"},\"sameAs\":[\"https:\/\/www.facebook.com\/miomiorun\/\",\"https:\/\/www.instagram.com\/miomiorun\/\"]}]}<\/script>\n<!-- \/ Yoast SEO plugin. -->","yoast_head_json":{"title":"Casall Bio Cross Back mujer -Camiseta sin mangas para correr- MioMioRun","description":"Esta elegante camiseta sin mangas est\u00e1 confeccionada en un tejido de poliamida ecol\u00f3gica muy innovador, con tirantes cruzados y pliegues en la espalda.","robots":{"index":"index","follow":"follow","max-snippet":"max-snippet:-1","max-image-preview":"max-image-preview:large","max-video-preview":"max-video-preview:-1"},"canonical":"https:\/\/www.miomiorun.com\/es\/producto\/casall-bio-cross-back-mujer\/","og_locale":"es_ES","og_type":"article","og_title":"Casall Bio Cross Back mujer -Camiseta sin mangas para correr- MioMioRun","og_description":"Esta elegante camiseta sin mangas est\u00e1 confeccionada en un tejido de poliamida ecol\u00f3gica muy innovador, con tirantes cruzados y pliegues en la espalda.","og_url":"https:\/\/www.miomiorun.com\/es\/producto\/casall-bio-cross-back-mujer\/","og_site_name":"MioMioRun","article_publisher":"https:\/\/www.facebook.com\/miomiorun\/","article_modified_time":"2026-04-29T16:42:17+00:00","og_image":[{"width":600,"height":600,"url":"https:\/\/www.miomiorun.com\/app\/uploads\/2020\/12\/casall-Bio-cross-back-blush-18135-313.jpg","type":"image\/jpeg"}],"twitter_card":"summary_large_image","twitter_misc":{"Est. reading time":"1 minute"},"schema":{"@context":"https:\/\/schema.org","@graph":[{"@type":"WebPage","@id":"https:\/\/www.miomiorun.com\/es\/producto\/casall-bio-cross-back-mujer\/","url":"https:\/\/www.miomiorun.com\/es\/producto\/casall-bio-cross-back-mujer\/","name":"Casall Bio Cross Back mujer -Camiseta sin mangas para correr- MioMioRun","isPartOf":{"@id":"https:\/\/www.miomiorun.com\/es\/#website"},"primaryImageOfPage":{"@id":"https:\/\/www.miomiorun.com\/es\/producto\/casall-bio-cross-back-mujer\/#primaryimage"},"image":{"@id":"https:\/\/www.miomiorun.com\/es\/producto\/casall-bio-cross-back-mujer\/#primaryimage"},"thumbnailUrl":"https:\/\/www.miomiorun.com\/app\/uploads\/2020\/12\/casall-Bio-cross-back-blush-18135-313.jpg","datePublished":"2020-12-09T18:25:17+00:00","dateModified":"2026-04-29T16:42:17+00:00","description":"Esta elegante camiseta sin mangas est\u00e1 confeccionada en un tejido de poliamida ecol\u00f3gica muy innovador, con tirantes cruzados y pliegues en la espalda.","breadcrumb":{"@id":"https:\/\/www.miomiorun.com\/es\/producto\/casall-bio-cross-back-mujer\/#breadcrumb"},"inLanguage":"es-ES","potentialAction":[{"@type":"ReadAction","target":["https:\/\/www.miomiorun.com\/es\/producto\/casall-bio-cross-back-mujer\/"]}]},{"@type":"ImageObject","inLanguage":"es-ES","@id":"https:\/\/www.miomiorun.com\/es\/producto\/casall-bio-cross-back-mujer\/#primaryimage","url":"https:\/\/www.miomiorun.com\/app\/uploads\/2020\/12\/casall-Bio-cross-back-blush-18135-313.jpg","contentUrl":"https:\/\/www.miomiorun.com\/app\/uploads\/2020\/12\/casall-Bio-cross-back-blush-18135-313.jpg","width":600,"height":600,"caption":"cassall bio cross back blush"},{"@type":"BreadcrumbList","@id":"https:\/\/www.miomiorun.com\/es\/producto\/casall-bio-cross-back-mujer\/#breadcrumb","itemListElement":[{"@type":"ListItem","position":1,"name":"Home","item":"https:\/\/www.miomiorun.com\/es\/"},{"@type":"ListItem","position":2,"name":"Shop","item":"https:\/\/www.miomiorun.com\/shop\/"},{"@type":"ListItem","position":3,"name":"Bio Cross Back mujer"}]},{"@type":"WebSite","@id":"https:\/\/www.miomiorun.com\/es\/#website","url":"https:\/\/www.miomiorun.com\/es\/","name":"MioMioRun","description":"Tienda 100% running y trail","publisher":{"@id":"https:\/\/www.miomiorun.com\/es\/#organization"},"potentialAction":[{"@type":"SearchAction","target":{"@type":"EntryPoint","urlTemplate":"https:\/\/www.miomiorun.com\/es\/?s={search_term_string}"},"query-input":{"@type":"PropertyValueSpecification","valueRequired":true,"valueName":"search_term_string"}}],"inLanguage":"es-ES"},{"@type":"Organization","@id":"https:\/\/www.miomiorun.com\/es\/#organization","name":"MioMio Run","url":"https:\/\/www.miomiorun.com\/es\/","logo":{"@type":"ImageObject","inLanguage":"es-ES","@id":"https:\/\/www.miomiorun.com\/es\/#\/schema\/logo\/image\/","url":"https:\/\/www.miomiorun.com\/app\/uploads\/2019\/12\/logomio.png","contentUrl":"https:\/\/www.miomiorun.com\/app\/uploads\/2019\/12\/logomio.png","width":115,"height":82,"caption":"MioMio Run"},"image":{"@id":"https:\/\/www.miomiorun.com\/es\/#\/schema\/logo\/image\/"},"sameAs":["https:\/\/www.facebook.com\/miomiorun\/","https:\/\/www.instagram.com\/miomiorun\/"]}]}},"_links":{"self":[{"href":"https:\/\/www.miomiorun.com\/es\/wp-json\/wp\/v2\/product\/276595","targetHints":{"allow":["GET"]}}],"collection":[{"href":"https:\/\/www.miomiorun.com\/es\/wp-json\/wp\/v2\/product"}],"about":[{"href":"https:\/\/www.miomiorun.com\/es\/wp-json\/wp\/v2\/types\/product"}],"wp:featuredmedia":[{"embeddable":true,"href":"https:\/\/www.miomiorun.com\/es\/wp-json\/wp\/v2\/media\/231162"}],"wp:attachment":[{"href":"https:\/\/www.miomiorun.com\/es\/wp-json\/wp\/v2\/media?parent=276595"}],"wp:term":[{"taxonomy":"product_brand","embeddable":true,"href":"https:\/\/www.miomiorun.com\/es\/wp-json\/wp\/v2\/product_brand?post=276595"},{"taxonomy":"product_cat","embeddable":true,"href":"https:\/\/www.miomiorun.com\/es\/wp-json\/wp\/v2\/product_cat?post=276595"},{"taxonomy":"product_tag","embeddable":true,"href":"https:\/\/www.miomiorun.com\/es\/wp-json\/wp\/v2\/product_tag?post=276595"}],"curies":[{"name":"wp","href":"https:\/\/api.w.org\/{rel}","templated":true}]}}