{"id":276581,"date":"2020-12-21T19:33:14","date_gmt":"2020-12-21T18:33:14","guid":{"rendered":"https:\/\/miomiorun.com\/prodotto\/compressport-visor-ultralight\/"},"modified":"2026-04-29T18:44:14","modified_gmt":"2026-04-29T16:44:14","slug":"compressport-visor-ultralight","status":"publish","type":"product","link":"https:\/\/www.miomiorun.com\/es\/producto\/compressport-visor-ultralight\/","title":{"rendered":"Visor ultralight"},"content":{"rendered":"<div id=\"description\" class=\"tab-pane fade in active\" role=\"tabpanel\">\n<div class=\"product-description\">Visera con banda de malla, espec\u00edfica para competici\u00f3n, que garantiza una ventilaci\u00f3n \u00f3ptima durante los esfuerzos muy intensos.<\/div>\n<div>La visera ultraligera se ha convertido en uno de nuestros productos de mayor \u00e9xito en todo el mundo, muy cerca de nuestras mangas de compresi\u00f3n en cuanto a presencia total en los podios internacionales. No importa en qu\u00e9 carrera o triatl\u00f3n vayas a participar, \u00a1seguro que las ver\u00e1s! Es una de nuestras prendas favoritas entre los profesionales, a quienes a menudo se les puede ver con el color que m\u00e1s les gusta. Una visera ligera y curvada ofrece una excelente protecci\u00f3n solar y no retiene el agua si, debido al calor de la carrera, necesitas refrescarte la cabeza. El tejido de rizo antibacteriano de secado r\u00e1pido del interior de la visera es muy suave y absorbe el sudor para ofrecer una comodidad \u00f3ptima sin opresi\u00f3n. Por \u00faltimo, la banda de malla ancha es el\u00e1stica para un ajuste c\u00f3modo y regulable, lo que garantiza que la visera no salga volando si aumenta el viento. Esta visera rosa para correr es un complemento indispensable para tu colecci\u00f3n de gorras, para correr r\u00e1pido y mantenerte fresco mientras alcanzas tus objetivos.<\/div>\n<\/div>\n<div>\n<section class=\"product-additional-info pt-4 pb-4\">\n<div class=\"d-flex mt-5 pt-4 pb-md-4 pb-3 text-center box-additional-info align-items-center flex-wrap\">\n<div class=\"col-lg-3 col-md-6 col-12 data-sheet\">\n<h2>Peso neto del producto<\/h2>\n<p>38,00 g<\/p>\n<\/div>\n<div class=\"data-sheet col-lg-3 col-md-6 col-12 feature_1\">\n<h2>Composiciones<\/h2>\n<dl class=\"d-flex flex-wrap justify-content-center\">\n<dd>60 % PES, 30 % CO, 10 % EA<\/dd>\n<\/dl>\n<\/div>\n<div class=\"col-lg-3 col-md-6 col-12 data-sheet\">\n<h2>Instrucciones de lavado y cuidado<\/h2>\n<p><img decoding=\"async\" class=\"img-fluid\" src=\"https:\/\/www.compressport.com\/img\/cms\/icons\/picto_wash.png\" \/><\/p>\n<\/div>\n<div class=\"col-lg-3 col-md-6 col-12 data-sheet data-sheet-developed\"><img decoding=\"async\" class=\"img-fluid\" src=\"https:\/\/www.compressport.com\/img\/cms\/icons\/developed_swiss.png\" \/><\/div>\n<\/div>\n<\/section>\n<\/div>\n","protected":false},"excerpt":{"rendered":"<p>Visera con banda de malla, espec\u00edfica para competici\u00f3n, que garantiza una ventilaci\u00f3n \u00f3ptima durante los esfuerzos muy intensos. La visera ultraligera se ha convertido en uno de nuestros productos de mayor \u00e9xito en todo el mundo, muy cerca de nuestras mangas de compresi\u00f3n en cuanto a presencia total en los podios internacionales. No importa en &hellip; <a href=\"https:\/\/www.miomiorun.com\/es\/producto\/compressport-visor-ultralight\/\">Continued<\/a><\/p>\n","protected":false},"featured_media":231190,"template":"","meta":{"_acf_changed":false,"inline_featured_image":false},"product_brand":[],"product_cat":[24205,24221,24222],"product_tag":[23471],"class_list":{"0":"post-276581","1":"product","2":"type-product","3":"status-publish","4":"has-post-thumbnail","6":"product_cat-accesorios","7":"product_cat-calefaccion","8":"product_cat-sombreros-gorras","9":"product_tag-compressport-es","10":"pa_attivita-caminar","11":"pa_attivita-outdoor-es","12":"pa_attivita-running-es","13":"pa_attivita-trail-es","14":"pa_colore-visor-ultralight-pink-es","15":"pa_marca-compressport-es","16":"pa_sesso-hombre","17":"pa_sesso-mujer","19":"first","20":"instock","21":"sale","22":"taxable","23":"shipping-taxable","24":"purchasable","25":"product-type-variable","26":"wvs-archive-product-wrapper"},"acf":[],"yoast_head":"<!-- This site is optimized with the Yoast SEO plugin v26.8 - https:\/\/yoast.com\/product\/yoast-seo-wordpress\/ -->\n<title>Compressport Visor ultralight -Gorra para correr- MioMioRun.com<\/title>\n<meta name=\"description\" content=\"Visera con banda de malla, espec\u00edfica para competici\u00f3n, que garantiza una ventilaci\u00f3n \u00f3ptima durante los esfuerzos muy intensos.\" \/>\n<meta name=\"robots\" content=\"index, follow, max-snippet:-1, max-image-preview:large, max-video-preview:-1\" \/>\n<link rel=\"canonical\" href=\"https:\/\/www.miomiorun.com\/es\/producto\/compressport-visor-ultralight\/\" \/>\n<meta property=\"og:locale\" content=\"es_ES\" \/>\n<meta property=\"og:type\" content=\"article\" \/>\n<meta property=\"og:title\" content=\"Compressport Visor ultralight -Gorra para correr- MioMioRun.com\" \/>\n<meta property=\"og:description\" content=\"Visera con banda de malla, espec\u00edfica para competici\u00f3n, que garantiza una ventilaci\u00f3n \u00f3ptima durante los esfuerzos muy intensos.\" \/>\n<meta property=\"og:url\" content=\"https:\/\/www.miomiorun.com\/es\/producto\/compressport-visor-ultralight\/\" \/>\n<meta property=\"og:site_name\" content=\"MioMioRun\" \/>\n<meta property=\"article:publisher\" content=\"https:\/\/www.facebook.com\/miomiorun\/\" \/>\n<meta property=\"article:modified_time\" content=\"2026-04-29T16:44:14+00:00\" \/>\n<meta property=\"og:image\" content=\"https:\/\/www.miomiorun.com\/app\/uploads\/2020\/12\/compressport-Visor-ultralight-CU00005B-Pink.jpg\" \/>\n\t<meta property=\"og:image:width\" content=\"600\" \/>\n\t<meta property=\"og:image:height\" content=\"600\" \/>\n\t<meta property=\"og:image:type\" content=\"image\/jpeg\" \/>\n<meta name=\"twitter:card\" content=\"summary_large_image\" \/>\n<meta name=\"twitter:label1\" content=\"Est. reading time\" \/>\n\t<meta name=\"twitter:data1\" content=\"1 minute\" \/>\n<script type=\"application\/ld+json\" class=\"yoast-schema-graph\">{\"@context\":\"https:\/\/schema.org\",\"@graph\":[{\"@type\":\"WebPage\",\"@id\":\"https:\/\/www.miomiorun.com\/es\/producto\/compressport-visor-ultralight\/\",\"url\":\"https:\/\/www.miomiorun.com\/es\/producto\/compressport-visor-ultralight\/\",\"name\":\"Compressport Visor ultralight -Gorra para correr- MioMioRun.com\",\"isPartOf\":{\"@id\":\"https:\/\/www.miomiorun.com\/es\/#website\"},\"primaryImageOfPage\":{\"@id\":\"https:\/\/www.miomiorun.com\/es\/producto\/compressport-visor-ultralight\/#primaryimage\"},\"image\":{\"@id\":\"https:\/\/www.miomiorun.com\/es\/producto\/compressport-visor-ultralight\/#primaryimage\"},\"thumbnailUrl\":\"https:\/\/www.miomiorun.com\/app\/uploads\/2020\/12\/compressport-Visor-ultralight-CU00005B-Pink.jpg\",\"datePublished\":\"2020-12-21T18:33:14+00:00\",\"dateModified\":\"2026-04-29T16:44:14+00:00\",\"description\":\"Visera con banda de malla, espec\u00edfica para competici\u00f3n, que garantiza una ventilaci\u00f3n \u00f3ptima durante los esfuerzos muy intensos.\",\"breadcrumb\":{\"@id\":\"https:\/\/www.miomiorun.com\/es\/producto\/compressport-visor-ultralight\/#breadcrumb\"},\"inLanguage\":\"es-ES\",\"potentialAction\":[{\"@type\":\"ReadAction\",\"target\":[\"https:\/\/www.miomiorun.com\/es\/producto\/compressport-visor-ultralight\/\"]}]},{\"@type\":\"ImageObject\",\"inLanguage\":\"es-ES\",\"@id\":\"https:\/\/www.miomiorun.com\/es\/producto\/compressport-visor-ultralight\/#primaryimage\",\"url\":\"https:\/\/www.miomiorun.com\/app\/uploads\/2020\/12\/compressport-Visor-ultralight-CU00005B-Pink.jpg\",\"contentUrl\":\"https:\/\/www.miomiorun.com\/app\/uploads\/2020\/12\/compressport-Visor-ultralight-CU00005B-Pink.jpg\",\"width\":600,\"height\":600,\"caption\":\"compressport visor ultralight\"},{\"@type\":\"BreadcrumbList\",\"@id\":\"https:\/\/www.miomiorun.com\/es\/producto\/compressport-visor-ultralight\/#breadcrumb\",\"itemListElement\":[{\"@type\":\"ListItem\",\"position\":1,\"name\":\"Home\",\"item\":\"https:\/\/www.miomiorun.com\/es\/\"},{\"@type\":\"ListItem\",\"position\":2,\"name\":\"Shop\",\"item\":\"https:\/\/www.miomiorun.com\/shop\/\"},{\"@type\":\"ListItem\",\"position\":3,\"name\":\"Visor ultralight\"}]},{\"@type\":\"WebSite\",\"@id\":\"https:\/\/www.miomiorun.com\/es\/#website\",\"url\":\"https:\/\/www.miomiorun.com\/es\/\",\"name\":\"MioMioRun\",\"description\":\"Tienda 100% running y trail\",\"publisher\":{\"@id\":\"https:\/\/www.miomiorun.com\/es\/#organization\"},\"potentialAction\":[{\"@type\":\"SearchAction\",\"target\":{\"@type\":\"EntryPoint\",\"urlTemplate\":\"https:\/\/www.miomiorun.com\/es\/?s={search_term_string}\"},\"query-input\":{\"@type\":\"PropertyValueSpecification\",\"valueRequired\":true,\"valueName\":\"search_term_string\"}}],\"inLanguage\":\"es-ES\"},{\"@type\":\"Organization\",\"@id\":\"https:\/\/www.miomiorun.com\/es\/#organization\",\"name\":\"MioMio Run\",\"url\":\"https:\/\/www.miomiorun.com\/es\/\",\"logo\":{\"@type\":\"ImageObject\",\"inLanguage\":\"es-ES\",\"@id\":\"https:\/\/www.miomiorun.com\/es\/#\/schema\/logo\/image\/\",\"url\":\"https:\/\/www.miomiorun.com\/app\/uploads\/2019\/12\/logomio.png\",\"contentUrl\":\"https:\/\/www.miomiorun.com\/app\/uploads\/2019\/12\/logomio.png\",\"width\":115,\"height\":82,\"caption\":\"MioMio Run\"},\"image\":{\"@id\":\"https:\/\/www.miomiorun.com\/es\/#\/schema\/logo\/image\/\"},\"sameAs\":[\"https:\/\/www.facebook.com\/miomiorun\/\",\"https:\/\/www.instagram.com\/miomiorun\/\"]}]}<\/script>\n<!-- \/ Yoast SEO plugin. -->","yoast_head_json":{"title":"Compressport Visor ultralight -Gorra para correr- MioMioRun.com","description":"Visera con banda de malla, espec\u00edfica para competici\u00f3n, que garantiza una ventilaci\u00f3n \u00f3ptima durante los esfuerzos muy intensos.","robots":{"index":"index","follow":"follow","max-snippet":"max-snippet:-1","max-image-preview":"max-image-preview:large","max-video-preview":"max-video-preview:-1"},"canonical":"https:\/\/www.miomiorun.com\/es\/producto\/compressport-visor-ultralight\/","og_locale":"es_ES","og_type":"article","og_title":"Compressport Visor ultralight -Gorra para correr- MioMioRun.com","og_description":"Visera con banda de malla, espec\u00edfica para competici\u00f3n, que garantiza una ventilaci\u00f3n \u00f3ptima durante los esfuerzos muy intensos.","og_url":"https:\/\/www.miomiorun.com\/es\/producto\/compressport-visor-ultralight\/","og_site_name":"MioMioRun","article_publisher":"https:\/\/www.facebook.com\/miomiorun\/","article_modified_time":"2026-04-29T16:44:14+00:00","og_image":[{"width":600,"height":600,"url":"https:\/\/www.miomiorun.com\/app\/uploads\/2020\/12\/compressport-Visor-ultralight-CU00005B-Pink.jpg","type":"image\/jpeg"}],"twitter_card":"summary_large_image","twitter_misc":{"Est. reading time":"1 minute"},"schema":{"@context":"https:\/\/schema.org","@graph":[{"@type":"WebPage","@id":"https:\/\/www.miomiorun.com\/es\/producto\/compressport-visor-ultralight\/","url":"https:\/\/www.miomiorun.com\/es\/producto\/compressport-visor-ultralight\/","name":"Compressport Visor ultralight -Gorra para correr- MioMioRun.com","isPartOf":{"@id":"https:\/\/www.miomiorun.com\/es\/#website"},"primaryImageOfPage":{"@id":"https:\/\/www.miomiorun.com\/es\/producto\/compressport-visor-ultralight\/#primaryimage"},"image":{"@id":"https:\/\/www.miomiorun.com\/es\/producto\/compressport-visor-ultralight\/#primaryimage"},"thumbnailUrl":"https:\/\/www.miomiorun.com\/app\/uploads\/2020\/12\/compressport-Visor-ultralight-CU00005B-Pink.jpg","datePublished":"2020-12-21T18:33:14+00:00","dateModified":"2026-04-29T16:44:14+00:00","description":"Visera con banda de malla, espec\u00edfica para competici\u00f3n, que garantiza una ventilaci\u00f3n \u00f3ptima durante los esfuerzos muy intensos.","breadcrumb":{"@id":"https:\/\/www.miomiorun.com\/es\/producto\/compressport-visor-ultralight\/#breadcrumb"},"inLanguage":"es-ES","potentialAction":[{"@type":"ReadAction","target":["https:\/\/www.miomiorun.com\/es\/producto\/compressport-visor-ultralight\/"]}]},{"@type":"ImageObject","inLanguage":"es-ES","@id":"https:\/\/www.miomiorun.com\/es\/producto\/compressport-visor-ultralight\/#primaryimage","url":"https:\/\/www.miomiorun.com\/app\/uploads\/2020\/12\/compressport-Visor-ultralight-CU00005B-Pink.jpg","contentUrl":"https:\/\/www.miomiorun.com\/app\/uploads\/2020\/12\/compressport-Visor-ultralight-CU00005B-Pink.jpg","width":600,"height":600,"caption":"compressport visor ultralight"},{"@type":"BreadcrumbList","@id":"https:\/\/www.miomiorun.com\/es\/producto\/compressport-visor-ultralight\/#breadcrumb","itemListElement":[{"@type":"ListItem","position":1,"name":"Home","item":"https:\/\/www.miomiorun.com\/es\/"},{"@type":"ListItem","position":2,"name":"Shop","item":"https:\/\/www.miomiorun.com\/shop\/"},{"@type":"ListItem","position":3,"name":"Visor ultralight"}]},{"@type":"WebSite","@id":"https:\/\/www.miomiorun.com\/es\/#website","url":"https:\/\/www.miomiorun.com\/es\/","name":"MioMioRun","description":"Tienda 100% running y trail","publisher":{"@id":"https:\/\/www.miomiorun.com\/es\/#organization"},"potentialAction":[{"@type":"SearchAction","target":{"@type":"EntryPoint","urlTemplate":"https:\/\/www.miomiorun.com\/es\/?s={search_term_string}"},"query-input":{"@type":"PropertyValueSpecification","valueRequired":true,"valueName":"search_term_string"}}],"inLanguage":"es-ES"},{"@type":"Organization","@id":"https:\/\/www.miomiorun.com\/es\/#organization","name":"MioMio Run","url":"https:\/\/www.miomiorun.com\/es\/","logo":{"@type":"ImageObject","inLanguage":"es-ES","@id":"https:\/\/www.miomiorun.com\/es\/#\/schema\/logo\/image\/","url":"https:\/\/www.miomiorun.com\/app\/uploads\/2019\/12\/logomio.png","contentUrl":"https:\/\/www.miomiorun.com\/app\/uploads\/2019\/12\/logomio.png","width":115,"height":82,"caption":"MioMio Run"},"image":{"@id":"https:\/\/www.miomiorun.com\/es\/#\/schema\/logo\/image\/"},"sameAs":["https:\/\/www.facebook.com\/miomiorun\/","https:\/\/www.instagram.com\/miomiorun\/"]}]}},"_links":{"self":[{"href":"https:\/\/www.miomiorun.com\/es\/wp-json\/wp\/v2\/product\/276581","targetHints":{"allow":["GET"]}}],"collection":[{"href":"https:\/\/www.miomiorun.com\/es\/wp-json\/wp\/v2\/product"}],"about":[{"href":"https:\/\/www.miomiorun.com\/es\/wp-json\/wp\/v2\/types\/product"}],"wp:featuredmedia":[{"embeddable":true,"href":"https:\/\/www.miomiorun.com\/es\/wp-json\/wp\/v2\/media\/231190"}],"wp:attachment":[{"href":"https:\/\/www.miomiorun.com\/es\/wp-json\/wp\/v2\/media?parent=276581"}],"wp:term":[{"taxonomy":"product_brand","embeddable":true,"href":"https:\/\/www.miomiorun.com\/es\/wp-json\/wp\/v2\/product_brand?post=276581"},{"taxonomy":"product_cat","embeddable":true,"href":"https:\/\/www.miomiorun.com\/es\/wp-json\/wp\/v2\/product_cat?post=276581"},{"taxonomy":"product_tag","embeddable":true,"href":"https:\/\/www.miomiorun.com\/es\/wp-json\/wp\/v2\/product_tag?post=276581"}],"curies":[{"name":"wp","href":"https:\/\/api.w.org\/{rel}","templated":true}]}}