{"id":276579,"date":"2020-12-22T10:53:39","date_gmt":"2020-12-22T09:53:39","guid":{"rendered":"https:\/\/miomiorun.com\/prodotto\/compressport-headband-on-off\/"},"modified":"2026-04-29T18:44:54","modified_gmt":"2026-04-29T16:44:54","slug":"compressport-headband-on-off","status":"publish","type":"product","link":"https:\/\/www.miomiorun.com\/es\/producto\/compressport-headband-on-off\/","title":{"rendered":"Headband on\/off"},"content":{"rendered":"<div id=\"description\" class=\"tab-pane fade in active\" role=\"tabpanel\">Una cinta para la cabeza ancha y ligera que garantiza una ventilaci\u00f3n \u00f3ptima y la evacuaci\u00f3n del sudor cuando hace calor<\/div>\n<div role=\"tabpanel\">\n<p>En el deporte, los gorros son como las zapatillas y las camisetas: nunca se tienen demasiadas opciones. Esta cinta para correr unisex On\/Off re\u00fane propiedades cuidadosamente calibradas en un dise\u00f1o peque\u00f1o y ligero que te garantiza mantenerte fresco y despierto en cualquier situaci\u00f3n. La cinta el\u00e1stica y sin costuras est\u00e1 dise\u00f1ada para ofrecer una termorregulaci\u00f3n y una comodidad extremadamente eficaces durante los entrenamientos y las carreras. La tecnolog\u00eda On\/Off ofrece ventilaci\u00f3n en cada punto para una r\u00e1pida evacuaci\u00f3n del sudor. Se seca hasta 7 veces m\u00e1s r\u00e1pido que las cintas para la cabeza tradicionales y garantiza que la cabeza se mantenga fresca incluso en condiciones de calor. Las fibras, extremadamente suaves, se adaptan a la forma de la cabeza y las orejas sin crear inc\u00f3modos puntos de presi\u00f3n, manteniendo los ojos y la frente libres de sudor y de pelos rebeldes. El alegre dise\u00f1o en rosa, que se puede llevar tal cual o debajo de un casco, una linterna frontal o una capucha, a\u00f1ade un toque de color a tus carreras. Si te fijas bien, ver\u00e1s que en los orificios de ventilaci\u00f3n tambi\u00e9n aparece el nombre de la marca, lo que le da un toque especial.<\/p>\n<section class=\"product-additional-info pt-4 pb-4\">\n<div class=\"d-flex mt-5 pt-4 pb-md-4 pb-3 text-center box-additional-info align-items-center flex-wrap\">\n<div class=\"col-lg-3 col-md-6 col-12 data-sheet\">\n<h2>Peso neto del producto<\/h2>\n<p>22,00 g<\/p>\n<\/div>\n<div class=\"data-sheet col-lg-3 col-md-6 col-12 feature_1\">\n<h2>Composiciones<\/h2>\n<dl class=\"d-flex flex-wrap justify-content-center\">\n<dd>92 % de PA, 8 % de EA<\/dd>\n<\/dl>\n<\/div>\n<div class=\"col-lg-3 col-md-6 col-12 data-sheet\">\n<h2>Instrucciones de lavado y cuidado<\/h2>\n<p><img decoding=\"async\" class=\"img-fluid\" src=\"https:\/\/www.compressport.com\/img\/cms\/icons\/picto_wash.png\" \/><\/p>\n<\/div>\n<\/div>\n<div><\/div>\n<div class=\"d-flex mt-5 pt-4 pb-md-4 pb-3 text-center box-additional-info align-items-center flex-wrap\">\n<div class=\"col-lg-3 col-md-6 col-12 data-sheet data-sheet-developed\"><img decoding=\"async\" class=\"img-fluid\" src=\"https:\/\/www.compressport.com\/img\/cms\/icons\/developed_swiss.png\" \/><\/div>\n<\/div>\n<\/section>\n<\/div>\n","protected":false},"excerpt":{"rendered":"<p>Una cinta para la cabeza ancha y ligera que garantiza una ventilaci\u00f3n \u00f3ptima y la evacuaci\u00f3n del sudor cuando hace calor En el deporte, los gorros son como las zapatillas y las camisetas: nunca se tienen demasiadas opciones. Esta cinta para correr unisex On\/Off re\u00fane propiedades cuidadosamente calibradas en un dise\u00f1o peque\u00f1o y ligero que &hellip; <a href=\"https:\/\/www.miomiorun.com\/es\/producto\/compressport-headband-on-off\/\">Continued<\/a><\/p>\n","protected":false},"featured_media":232328,"template":"","meta":{"_acf_changed":false,"inline_featured_image":false},"product_brand":[],"product_cat":[24205,24221,24222],"product_tag":[23471],"class_list":{"0":"post-276579","1":"product","2":"type-product","3":"status-publish","4":"has-post-thumbnail","6":"product_cat-accesorios","7":"product_cat-calefaccion","8":"product_cat-sombreros-gorras","9":"product_tag-compressport-es","10":"pa_attivita-caminar","11":"pa_attivita-outdoor-es","12":"pa_attivita-running-es","13":"pa_attivita-trail-es","14":"pa_colore-headband-on-off-coral-es","15":"pa_colore-headband-on-off-white-es","16":"pa_marca-compressport-es","17":"pa_sesso-hombre","18":"pa_sesso-mujer","20":"first","21":"instock","22":"sale","23":"taxable","24":"shipping-taxable","25":"purchasable","26":"product-type-variable","27":"wvs-archive-product-wrapper"},"acf":[],"yoast_head":"<!-- This site is optimized with the Yoast SEO plugin v26.8 - https:\/\/yoast.com\/product\/yoast-seo-wordpress\/ -->\n<title>Compressport Headband on\/off - headband running - MioMioRun.com<\/title>\n<meta name=\"description\" content=\"Una cinta para la cabeza ancha y ligera que garantiza una ventilaci\u00f3n \u00f3ptima y la evacuaci\u00f3n del sudor cuando hace calor\" \/>\n<meta name=\"robots\" content=\"index, follow, max-snippet:-1, max-image-preview:large, max-video-preview:-1\" \/>\n<link rel=\"canonical\" href=\"https:\/\/www.miomiorun.com\/es\/producto\/compressport-headband-on-off\/\" \/>\n<meta property=\"og:locale\" content=\"es_ES\" \/>\n<meta property=\"og:type\" content=\"article\" \/>\n<meta property=\"og:title\" content=\"Compressport Headband on\/off - headband running - MioMioRun.com\" \/>\n<meta property=\"og:description\" content=\"Una cinta para la cabeza ancha y ligera que garantiza una ventilaci\u00f3n \u00f3ptima y la evacuaci\u00f3n del sudor cuando hace calor\" \/>\n<meta property=\"og:url\" content=\"https:\/\/www.miomiorun.com\/es\/producto\/compressport-headband-on-off\/\" \/>\n<meta property=\"og:site_name\" content=\"MioMioRun\" \/>\n<meta property=\"article:publisher\" content=\"https:\/\/www.facebook.com\/miomiorun\/\" \/>\n<meta property=\"article:modified_time\" content=\"2026-04-29T16:44:54+00:00\" \/>\n<meta property=\"og:image\" content=\"https:\/\/www.miomiorun.com\/app\/uploads\/2021\/06\/compressport-headband-on-off-CU00009B-white.jpg\" \/>\n\t<meta property=\"og:image:width\" content=\"600\" \/>\n\t<meta property=\"og:image:height\" content=\"600\" \/>\n\t<meta property=\"og:image:type\" content=\"image\/jpeg\" \/>\n<meta name=\"twitter:card\" content=\"summary_large_image\" \/>\n<meta name=\"twitter:label1\" content=\"Est. reading time\" \/>\n\t<meta name=\"twitter:data1\" content=\"1 minute\" \/>\n<script type=\"application\/ld+json\" class=\"yoast-schema-graph\">{\"@context\":\"https:\/\/schema.org\",\"@graph\":[{\"@type\":\"WebPage\",\"@id\":\"https:\/\/www.miomiorun.com\/es\/producto\/compressport-headband-on-off\/\",\"url\":\"https:\/\/www.miomiorun.com\/es\/producto\/compressport-headband-on-off\/\",\"name\":\"Compressport Headband on\/off - headband running - MioMioRun.com\",\"isPartOf\":{\"@id\":\"https:\/\/www.miomiorun.com\/es\/#website\"},\"primaryImageOfPage\":{\"@id\":\"https:\/\/www.miomiorun.com\/es\/producto\/compressport-headband-on-off\/#primaryimage\"},\"image\":{\"@id\":\"https:\/\/www.miomiorun.com\/es\/producto\/compressport-headband-on-off\/#primaryimage\"},\"thumbnailUrl\":\"https:\/\/www.miomiorun.com\/app\/uploads\/2021\/06\/compressport-headband-on-off-CU00009B-white.jpg\",\"datePublished\":\"2020-12-22T09:53:39+00:00\",\"dateModified\":\"2026-04-29T16:44:54+00:00\",\"description\":\"Una cinta para la cabeza ancha y ligera que garantiza una ventilaci\u00f3n \u00f3ptima y la evacuaci\u00f3n del sudor cuando hace calor\",\"breadcrumb\":{\"@id\":\"https:\/\/www.miomiorun.com\/es\/producto\/compressport-headband-on-off\/#breadcrumb\"},\"inLanguage\":\"es-ES\",\"potentialAction\":[{\"@type\":\"ReadAction\",\"target\":[\"https:\/\/www.miomiorun.com\/es\/producto\/compressport-headband-on-off\/\"]}]},{\"@type\":\"ImageObject\",\"inLanguage\":\"es-ES\",\"@id\":\"https:\/\/www.miomiorun.com\/es\/producto\/compressport-headband-on-off\/#primaryimage\",\"url\":\"https:\/\/www.miomiorun.com\/app\/uploads\/2021\/06\/compressport-headband-on-off-CU00009B-white.jpg\",\"contentUrl\":\"https:\/\/www.miomiorun.com\/app\/uploads\/2021\/06\/compressport-headband-on-off-CU00009B-white.jpg\",\"width\":600,\"height\":600,\"caption\":\"compressport headband on off bianco\"},{\"@type\":\"BreadcrumbList\",\"@id\":\"https:\/\/www.miomiorun.com\/es\/producto\/compressport-headband-on-off\/#breadcrumb\",\"itemListElement\":[{\"@type\":\"ListItem\",\"position\":1,\"name\":\"Home\",\"item\":\"https:\/\/www.miomiorun.com\/es\/\"},{\"@type\":\"ListItem\",\"position\":2,\"name\":\"Shop\",\"item\":\"https:\/\/www.miomiorun.com\/shop\/\"},{\"@type\":\"ListItem\",\"position\":3,\"name\":\"Headband on\/off\"}]},{\"@type\":\"WebSite\",\"@id\":\"https:\/\/www.miomiorun.com\/es\/#website\",\"url\":\"https:\/\/www.miomiorun.com\/es\/\",\"name\":\"MioMioRun\",\"description\":\"Tienda 100% running y trail\",\"publisher\":{\"@id\":\"https:\/\/www.miomiorun.com\/es\/#organization\"},\"potentialAction\":[{\"@type\":\"SearchAction\",\"target\":{\"@type\":\"EntryPoint\",\"urlTemplate\":\"https:\/\/www.miomiorun.com\/es\/?s={search_term_string}\"},\"query-input\":{\"@type\":\"PropertyValueSpecification\",\"valueRequired\":true,\"valueName\":\"search_term_string\"}}],\"inLanguage\":\"es-ES\"},{\"@type\":\"Organization\",\"@id\":\"https:\/\/www.miomiorun.com\/es\/#organization\",\"name\":\"MioMio Run\",\"url\":\"https:\/\/www.miomiorun.com\/es\/\",\"logo\":{\"@type\":\"ImageObject\",\"inLanguage\":\"es-ES\",\"@id\":\"https:\/\/www.miomiorun.com\/es\/#\/schema\/logo\/image\/\",\"url\":\"https:\/\/www.miomiorun.com\/app\/uploads\/2019\/12\/logomio.png\",\"contentUrl\":\"https:\/\/www.miomiorun.com\/app\/uploads\/2019\/12\/logomio.png\",\"width\":115,\"height\":82,\"caption\":\"MioMio Run\"},\"image\":{\"@id\":\"https:\/\/www.miomiorun.com\/es\/#\/schema\/logo\/image\/\"},\"sameAs\":[\"https:\/\/www.facebook.com\/miomiorun\/\",\"https:\/\/www.instagram.com\/miomiorun\/\"]}]}<\/script>\n<!-- \/ Yoast SEO plugin. -->","yoast_head_json":{"title":"Compressport Headband on\/off - headband running - MioMioRun.com","description":"Una cinta para la cabeza ancha y ligera que garantiza una ventilaci\u00f3n \u00f3ptima y la evacuaci\u00f3n del sudor cuando hace calor","robots":{"index":"index","follow":"follow","max-snippet":"max-snippet:-1","max-image-preview":"max-image-preview:large","max-video-preview":"max-video-preview:-1"},"canonical":"https:\/\/www.miomiorun.com\/es\/producto\/compressport-headband-on-off\/","og_locale":"es_ES","og_type":"article","og_title":"Compressport Headband on\/off - headband running - MioMioRun.com","og_description":"Una cinta para la cabeza ancha y ligera que garantiza una ventilaci\u00f3n \u00f3ptima y la evacuaci\u00f3n del sudor cuando hace calor","og_url":"https:\/\/www.miomiorun.com\/es\/producto\/compressport-headband-on-off\/","og_site_name":"MioMioRun","article_publisher":"https:\/\/www.facebook.com\/miomiorun\/","article_modified_time":"2026-04-29T16:44:54+00:00","og_image":[{"width":600,"height":600,"url":"https:\/\/www.miomiorun.com\/app\/uploads\/2021\/06\/compressport-headband-on-off-CU00009B-white.jpg","type":"image\/jpeg"}],"twitter_card":"summary_large_image","twitter_misc":{"Est. reading time":"1 minute"},"schema":{"@context":"https:\/\/schema.org","@graph":[{"@type":"WebPage","@id":"https:\/\/www.miomiorun.com\/es\/producto\/compressport-headband-on-off\/","url":"https:\/\/www.miomiorun.com\/es\/producto\/compressport-headband-on-off\/","name":"Compressport Headband on\/off - headband running - MioMioRun.com","isPartOf":{"@id":"https:\/\/www.miomiorun.com\/es\/#website"},"primaryImageOfPage":{"@id":"https:\/\/www.miomiorun.com\/es\/producto\/compressport-headband-on-off\/#primaryimage"},"image":{"@id":"https:\/\/www.miomiorun.com\/es\/producto\/compressport-headband-on-off\/#primaryimage"},"thumbnailUrl":"https:\/\/www.miomiorun.com\/app\/uploads\/2021\/06\/compressport-headband-on-off-CU00009B-white.jpg","datePublished":"2020-12-22T09:53:39+00:00","dateModified":"2026-04-29T16:44:54+00:00","description":"Una cinta para la cabeza ancha y ligera que garantiza una ventilaci\u00f3n \u00f3ptima y la evacuaci\u00f3n del sudor cuando hace calor","breadcrumb":{"@id":"https:\/\/www.miomiorun.com\/es\/producto\/compressport-headband-on-off\/#breadcrumb"},"inLanguage":"es-ES","potentialAction":[{"@type":"ReadAction","target":["https:\/\/www.miomiorun.com\/es\/producto\/compressport-headband-on-off\/"]}]},{"@type":"ImageObject","inLanguage":"es-ES","@id":"https:\/\/www.miomiorun.com\/es\/producto\/compressport-headband-on-off\/#primaryimage","url":"https:\/\/www.miomiorun.com\/app\/uploads\/2021\/06\/compressport-headband-on-off-CU00009B-white.jpg","contentUrl":"https:\/\/www.miomiorun.com\/app\/uploads\/2021\/06\/compressport-headband-on-off-CU00009B-white.jpg","width":600,"height":600,"caption":"compressport headband on off bianco"},{"@type":"BreadcrumbList","@id":"https:\/\/www.miomiorun.com\/es\/producto\/compressport-headband-on-off\/#breadcrumb","itemListElement":[{"@type":"ListItem","position":1,"name":"Home","item":"https:\/\/www.miomiorun.com\/es\/"},{"@type":"ListItem","position":2,"name":"Shop","item":"https:\/\/www.miomiorun.com\/shop\/"},{"@type":"ListItem","position":3,"name":"Headband on\/off"}]},{"@type":"WebSite","@id":"https:\/\/www.miomiorun.com\/es\/#website","url":"https:\/\/www.miomiorun.com\/es\/","name":"MioMioRun","description":"Tienda 100% running y trail","publisher":{"@id":"https:\/\/www.miomiorun.com\/es\/#organization"},"potentialAction":[{"@type":"SearchAction","target":{"@type":"EntryPoint","urlTemplate":"https:\/\/www.miomiorun.com\/es\/?s={search_term_string}"},"query-input":{"@type":"PropertyValueSpecification","valueRequired":true,"valueName":"search_term_string"}}],"inLanguage":"es-ES"},{"@type":"Organization","@id":"https:\/\/www.miomiorun.com\/es\/#organization","name":"MioMio Run","url":"https:\/\/www.miomiorun.com\/es\/","logo":{"@type":"ImageObject","inLanguage":"es-ES","@id":"https:\/\/www.miomiorun.com\/es\/#\/schema\/logo\/image\/","url":"https:\/\/www.miomiorun.com\/app\/uploads\/2019\/12\/logomio.png","contentUrl":"https:\/\/www.miomiorun.com\/app\/uploads\/2019\/12\/logomio.png","width":115,"height":82,"caption":"MioMio Run"},"image":{"@id":"https:\/\/www.miomiorun.com\/es\/#\/schema\/logo\/image\/"},"sameAs":["https:\/\/www.facebook.com\/miomiorun\/","https:\/\/www.instagram.com\/miomiorun\/"]}]}},"_links":{"self":[{"href":"https:\/\/www.miomiorun.com\/es\/wp-json\/wp\/v2\/product\/276579","targetHints":{"allow":["GET"]}}],"collection":[{"href":"https:\/\/www.miomiorun.com\/es\/wp-json\/wp\/v2\/product"}],"about":[{"href":"https:\/\/www.miomiorun.com\/es\/wp-json\/wp\/v2\/types\/product"}],"wp:featuredmedia":[{"embeddable":true,"href":"https:\/\/www.miomiorun.com\/es\/wp-json\/wp\/v2\/media\/232328"}],"wp:attachment":[{"href":"https:\/\/www.miomiorun.com\/es\/wp-json\/wp\/v2\/media?parent=276579"}],"wp:term":[{"taxonomy":"product_brand","embeddable":true,"href":"https:\/\/www.miomiorun.com\/es\/wp-json\/wp\/v2\/product_brand?post=276579"},{"taxonomy":"product_cat","embeddable":true,"href":"https:\/\/www.miomiorun.com\/es\/wp-json\/wp\/v2\/product_cat?post=276579"},{"taxonomy":"product_tag","embeddable":true,"href":"https:\/\/www.miomiorun.com\/es\/wp-json\/wp\/v2\/product_tag?post=276579"}],"curies":[{"name":"wp","href":"https:\/\/api.w.org\/{rel}","templated":true}]}}