{"id":276493,"date":"2021-01-15T12:18:32","date_gmt":"2021-01-15T11:18:32","guid":{"rendered":"https:\/\/miomiorun.com\/prodotto\/craft-active-extreme-x-cn-ls-uomo\/"},"modified":"2026-04-22T12:18:52","modified_gmt":"2026-04-22T10:18:52","slug":"craft-active-extreme-x-cn-ls-hombre","status":"publish","type":"product","link":"https:\/\/www.miomiorun.com\/es\/producto\/craft-active-extreme-x-cn-ls-hombre\/","title":{"rendered":"Active Extreme X CN LS hombre"},"content":{"rendered":"<p>Active Extreme X CN LS es una camiseta interior de manga larga dise\u00f1ada para competiciones y entrenamientos de alta intensidad en condiciones invernales que van desde templadas hasta fr\u00edas.<\/p>\n<p>Esta prenda de alto rendimiento combina poli\u00e9ster SEAQUAL ligero, tecnolog\u00eda Coolmax Air y poli\u00e9ster reciclado para ofrecer una gesti\u00f3n excepcional de la temperatura corporal durante las actividades de alta intensidad. Adem\u00e1s, la prenda cuenta con un dise\u00f1o de punto waffle para una mejor evacuaci\u00f3n de la humedad y mayor comodidad. Su gran elasticidad y su corte ergon\u00f3mico garantizan una libertad de movimiento \u00f3ptima, mientras que los paneles de malla adaptados a la anatom\u00eda del cuerpo proporcionan una ventilaci\u00f3n adicional donde m\u00e1s se necesita. Un favorito indiscutible entre los deportistas de \u00e9lite y los h\u00e9roes del d\u00eda a d\u00eda.<\/p>\n<h3>Tejido ecol\u00f3gico SEAQUAL<\/h3>\n<p>La iniciativa SEAQUAL combate la contaminaci\u00f3n por pl\u00e1sticos y ayuda a limpiar nuestros oc\u00e9anos de residuos marinos, impulsando a la sociedad hacia la econom\u00eda circular. Fruto de nuestro compromiso de asumir la plena responsabilidad de toda la cadena de valor, el modelo Active Extreme X CN LS est\u00e1 fabricado con pl\u00e1stico marino reciclado, un material 100 % reciclado. El tejido reciclado SEAQUAL no solo es ecol\u00f3gico, sino que tambi\u00e9n ofrece una excelente transpirabilidad y ventilaci\u00f3n.<\/p>\n<h3>Tecnolog\u00eda Coolmax Air<\/h3>\n<p>Los tejidos Coolmax Air Technology est\u00e1n dise\u00f1ados para optimizar la regulaci\u00f3n natural de la temperatura corporal tanto en condiciones de fr\u00edo como de calor. Caracterizado por fibras de poli\u00e9ster con una exclusiva secci\u00f3n transversal en forma de h\u00e9lice, el tejido ofrece una excelente termorregulaci\u00f3n para un rendimiento \u00f3ptimo. Las pruebas han demostrado que las prendas confeccionadas con la tecnolog\u00eda Coolmax Air ofrecen una gesti\u00f3n superior de la temperatura corporal, una gran comodidad y un excelente efecto de secado r\u00e1pido.<\/p>\n<p>&#8211; Tejido fino, ligero y el\u00e1stico<br \/>\n&#8211; Poli\u00e9ster SEAQUAL fabricado a partir de pl\u00e1stico reciclado<br \/>\n&#8211; Tecnolog\u00eda Coolmax Air<br \/>\n&#8211; Dise\u00f1o de punto waffle para una m\u00e1xima evacuaci\u00f3n de la humedad y mayor comodidad<br \/>\n&#8211; Inserciones de malla en las axilas para una mejor ventilaci\u00f3n<br \/>\n&#8211; Costuras flatlock que se adaptan a los movimientos del cuerpo<br \/>\n&#8211; Ajuste ce\u00f1ido<br \/>\n&#8211; Evacuaci\u00f3n de la humedad: 5 sobre 5<br \/>\n&#8211; Nivel de actividad: 5 sobre 5<br \/>\n&#8211; Temperatura: de -5 \u00baC a +10 \u00baC<\/p>\n<h3>Materiales<\/h3>\n<p>40 % poli\u00e9ster SeaQual, 39 % poli\u00e9ster \u00abCoolmax\u00bb, 21 % poli\u00e9ster reciclado<\/p>\n<p>Lavar a m\u00e1quina a 40 grados.<\/p>\n<p>&nbsp;<\/p>\n","protected":false},"excerpt":{"rendered":"<p>Active Extreme X CN LS es una camiseta interior de manga larga dise\u00f1ada para competiciones y entrenamientos de alta intensidad en condiciones invernales que van desde templadas hasta fr\u00edas. Esta prenda de alto rendimiento combina poli\u00e9ster SEAQUAL ligero, tecnolog\u00eda Coolmax Air y poli\u00e9ster reciclado para ofrecer una gesti\u00f3n excepcional de la temperatura corporal durante las &hellip; <a href=\"https:\/\/www.miomiorun.com\/es\/producto\/craft-active-extreme-x-cn-ls-hombre\/\">Continued<\/a><\/p>\n","protected":false},"featured_media":231248,"template":"","meta":{"_acf_changed":false,"inline_featured_image":false},"product_brand":[],"product_cat":[24463,24459,24464],"product_tag":[23553,23663],"class_list":{"0":"post-276493","1":"product","2":"type-product","3":"status-publish","4":"has-post-thumbnail","6":"product_cat-ropa-de-hombre-es","7":"product_cat-ropa-interior-es-2","8":"product_cat-hombre","9":"product_tag-craft-es","10":"product_tag-craft-hombre","11":"pa_attivita-caminar","12":"pa_attivita-outdoor-es","13":"pa_attivita-running-es","14":"pa_attivita-trail-es","15":"pa_colore-active-extreme-x-cn-ls-black-es","16":"pa_colore-active-extreme-x-cn-ls-m-royal-es","17":"pa_colore-active-extreme-x-cn-ls-ray-es","18":"pa_colore-active-extreme-x-cn-ls-white-es","19":"pa_marca-craft-es","20":"pa_sesso-hombre","21":"pa_size-small-es","22":"pa_size-medium-es","23":"pa_size-large-es","24":"pa_size-extra-large-es","26":"first","27":"instock","28":"sale","29":"taxable","30":"shipping-taxable","31":"purchasable","32":"product-type-variable","33":"wvs-archive-product-wrapper"},"acf":[],"yoast_head":"<!-- This site is optimized with the Yoast SEO plugin v26.8 - https:\/\/yoast.com\/product\/yoast-seo-wordpress\/ -->\n<title>Craft Active Extreme X CN LS hombre - Camiseta t\u00e9rmica - MioMioRun.com<\/title>\n<meta name=\"description\" content=\"Active Extreme X CN LS es una camiseta interior de manga larga dise\u00f1ada para entrenamientos de alta intensidad en condiciones invernales.\" \/>\n<meta name=\"robots\" content=\"index, follow, max-snippet:-1, max-image-preview:large, max-video-preview:-1\" \/>\n<link rel=\"canonical\" href=\"https:\/\/www.miomiorun.com\/es\/producto\/craft-active-extreme-x-cn-ls-hombre\/\" \/>\n<meta property=\"og:locale\" content=\"es_ES\" \/>\n<meta property=\"og:type\" content=\"article\" \/>\n<meta property=\"og:title\" content=\"Craft Active Extreme X CN LS hombre - Camiseta t\u00e9rmica - MioMioRun.com\" \/>\n<meta property=\"og:description\" content=\"Active Extreme X CN LS es una camiseta interior de manga larga dise\u00f1ada para entrenamientos de alta intensidad en condiciones invernales.\" \/>\n<meta property=\"og:url\" content=\"https:\/\/www.miomiorun.com\/es\/producto\/craft-active-extreme-x-cn-ls-hombre\/\" \/>\n<meta property=\"og:site_name\" content=\"MioMioRun\" \/>\n<meta property=\"article:publisher\" content=\"https:\/\/www.facebook.com\/miomiorun\/\" \/>\n<meta property=\"article:modified_time\" content=\"2026-04-22T10:18:52+00:00\" \/>\n<meta property=\"og:image\" content=\"https:\/\/www.miomiorun.com\/app\/uploads\/2021\/01\/craft-Active-Extreme-X-CN-LS-1909679-999000.jpg\" \/>\n\t<meta property=\"og:image:width\" content=\"600\" \/>\n\t<meta property=\"og:image:height\" content=\"600\" \/>\n\t<meta property=\"og:image:type\" content=\"image\/jpeg\" \/>\n<meta name=\"twitter:card\" content=\"summary_large_image\" \/>\n<meta name=\"twitter:label1\" content=\"Est. reading time\" \/>\n\t<meta name=\"twitter:data1\" content=\"2 minutes\" \/>\n<script type=\"application\/ld+json\" class=\"yoast-schema-graph\">{\"@context\":\"https:\/\/schema.org\",\"@graph\":[{\"@type\":\"WebPage\",\"@id\":\"https:\/\/www.miomiorun.com\/es\/producto\/craft-active-extreme-x-cn-ls-hombre\/\",\"url\":\"https:\/\/www.miomiorun.com\/es\/producto\/craft-active-extreme-x-cn-ls-hombre\/\",\"name\":\"Craft Active Extreme X CN LS hombre - Camiseta t\u00e9rmica - MioMioRun.com\",\"isPartOf\":{\"@id\":\"https:\/\/www.miomiorun.com\/es\/#website\"},\"primaryImageOfPage\":{\"@id\":\"https:\/\/www.miomiorun.com\/es\/producto\/craft-active-extreme-x-cn-ls-hombre\/#primaryimage\"},\"image\":{\"@id\":\"https:\/\/www.miomiorun.com\/es\/producto\/craft-active-extreme-x-cn-ls-hombre\/#primaryimage\"},\"thumbnailUrl\":\"https:\/\/www.miomiorun.com\/app\/uploads\/2021\/01\/craft-Active-Extreme-X-CN-LS-1909679-999000.jpg\",\"datePublished\":\"2021-01-15T11:18:32+00:00\",\"dateModified\":\"2026-04-22T10:18:52+00:00\",\"description\":\"Active Extreme X CN LS es una camiseta interior de manga larga dise\u00f1ada para entrenamientos de alta intensidad en condiciones invernales.\",\"breadcrumb\":{\"@id\":\"https:\/\/www.miomiorun.com\/es\/producto\/craft-active-extreme-x-cn-ls-hombre\/#breadcrumb\"},\"inLanguage\":\"es-ES\",\"potentialAction\":[{\"@type\":\"ReadAction\",\"target\":[\"https:\/\/www.miomiorun.com\/es\/producto\/craft-active-extreme-x-cn-ls-hombre\/\"]}]},{\"@type\":\"ImageObject\",\"inLanguage\":\"es-ES\",\"@id\":\"https:\/\/www.miomiorun.com\/es\/producto\/craft-active-extreme-x-cn-ls-hombre\/#primaryimage\",\"url\":\"https:\/\/www.miomiorun.com\/app\/uploads\/2021\/01\/craft-Active-Extreme-X-CN-LS-1909679-999000.jpg\",\"contentUrl\":\"https:\/\/www.miomiorun.com\/app\/uploads\/2021\/01\/craft-Active-Extreme-X-CN-LS-1909679-999000.jpg\",\"width\":600,\"height\":600,\"caption\":\"craft active extreme cn ls uomo\"},{\"@type\":\"BreadcrumbList\",\"@id\":\"https:\/\/www.miomiorun.com\/es\/producto\/craft-active-extreme-x-cn-ls-hombre\/#breadcrumb\",\"itemListElement\":[{\"@type\":\"ListItem\",\"position\":1,\"name\":\"Home\",\"item\":\"https:\/\/www.miomiorun.com\/es\/\"},{\"@type\":\"ListItem\",\"position\":2,\"name\":\"Shop\",\"item\":\"https:\/\/www.miomiorun.com\/shop\/\"},{\"@type\":\"ListItem\",\"position\":3,\"name\":\"Active Extreme X CN LS hombre\"}]},{\"@type\":\"WebSite\",\"@id\":\"https:\/\/www.miomiorun.com\/es\/#website\",\"url\":\"https:\/\/www.miomiorun.com\/es\/\",\"name\":\"MioMioRun\",\"description\":\"Tienda 100% running y trail\",\"publisher\":{\"@id\":\"https:\/\/www.miomiorun.com\/es\/#organization\"},\"potentialAction\":[{\"@type\":\"SearchAction\",\"target\":{\"@type\":\"EntryPoint\",\"urlTemplate\":\"https:\/\/www.miomiorun.com\/es\/?s={search_term_string}\"},\"query-input\":{\"@type\":\"PropertyValueSpecification\",\"valueRequired\":true,\"valueName\":\"search_term_string\"}}],\"inLanguage\":\"es-ES\"},{\"@type\":\"Organization\",\"@id\":\"https:\/\/www.miomiorun.com\/es\/#organization\",\"name\":\"MioMio Run\",\"url\":\"https:\/\/www.miomiorun.com\/es\/\",\"logo\":{\"@type\":\"ImageObject\",\"inLanguage\":\"es-ES\",\"@id\":\"https:\/\/www.miomiorun.com\/es\/#\/schema\/logo\/image\/\",\"url\":\"https:\/\/www.miomiorun.com\/app\/uploads\/2019\/12\/logomio.png\",\"contentUrl\":\"https:\/\/www.miomiorun.com\/app\/uploads\/2019\/12\/logomio.png\",\"width\":115,\"height\":82,\"caption\":\"MioMio Run\"},\"image\":{\"@id\":\"https:\/\/www.miomiorun.com\/es\/#\/schema\/logo\/image\/\"},\"sameAs\":[\"https:\/\/www.facebook.com\/miomiorun\/\",\"https:\/\/www.instagram.com\/miomiorun\/\"]}]}<\/script>\n<!-- \/ Yoast SEO plugin. -->","yoast_head_json":{"title":"Craft Active Extreme X CN LS hombre - Camiseta t\u00e9rmica - MioMioRun.com","description":"Active Extreme X CN LS es una camiseta interior de manga larga dise\u00f1ada para entrenamientos de alta intensidad en condiciones invernales.","robots":{"index":"index","follow":"follow","max-snippet":"max-snippet:-1","max-image-preview":"max-image-preview:large","max-video-preview":"max-video-preview:-1"},"canonical":"https:\/\/www.miomiorun.com\/es\/producto\/craft-active-extreme-x-cn-ls-hombre\/","og_locale":"es_ES","og_type":"article","og_title":"Craft Active Extreme X CN LS hombre - Camiseta t\u00e9rmica - MioMioRun.com","og_description":"Active Extreme X CN LS es una camiseta interior de manga larga dise\u00f1ada para entrenamientos de alta intensidad en condiciones invernales.","og_url":"https:\/\/www.miomiorun.com\/es\/producto\/craft-active-extreme-x-cn-ls-hombre\/","og_site_name":"MioMioRun","article_publisher":"https:\/\/www.facebook.com\/miomiorun\/","article_modified_time":"2026-04-22T10:18:52+00:00","og_image":[{"width":600,"height":600,"url":"https:\/\/www.miomiorun.com\/app\/uploads\/2021\/01\/craft-Active-Extreme-X-CN-LS-1909679-999000.jpg","type":"image\/jpeg"}],"twitter_card":"summary_large_image","twitter_misc":{"Est. reading time":"2 minutes"},"schema":{"@context":"https:\/\/schema.org","@graph":[{"@type":"WebPage","@id":"https:\/\/www.miomiorun.com\/es\/producto\/craft-active-extreme-x-cn-ls-hombre\/","url":"https:\/\/www.miomiorun.com\/es\/producto\/craft-active-extreme-x-cn-ls-hombre\/","name":"Craft Active Extreme X CN LS hombre - Camiseta t\u00e9rmica - MioMioRun.com","isPartOf":{"@id":"https:\/\/www.miomiorun.com\/es\/#website"},"primaryImageOfPage":{"@id":"https:\/\/www.miomiorun.com\/es\/producto\/craft-active-extreme-x-cn-ls-hombre\/#primaryimage"},"image":{"@id":"https:\/\/www.miomiorun.com\/es\/producto\/craft-active-extreme-x-cn-ls-hombre\/#primaryimage"},"thumbnailUrl":"https:\/\/www.miomiorun.com\/app\/uploads\/2021\/01\/craft-Active-Extreme-X-CN-LS-1909679-999000.jpg","datePublished":"2021-01-15T11:18:32+00:00","dateModified":"2026-04-22T10:18:52+00:00","description":"Active Extreme X CN LS es una camiseta interior de manga larga dise\u00f1ada para entrenamientos de alta intensidad en condiciones invernales.","breadcrumb":{"@id":"https:\/\/www.miomiorun.com\/es\/producto\/craft-active-extreme-x-cn-ls-hombre\/#breadcrumb"},"inLanguage":"es-ES","potentialAction":[{"@type":"ReadAction","target":["https:\/\/www.miomiorun.com\/es\/producto\/craft-active-extreme-x-cn-ls-hombre\/"]}]},{"@type":"ImageObject","inLanguage":"es-ES","@id":"https:\/\/www.miomiorun.com\/es\/producto\/craft-active-extreme-x-cn-ls-hombre\/#primaryimage","url":"https:\/\/www.miomiorun.com\/app\/uploads\/2021\/01\/craft-Active-Extreme-X-CN-LS-1909679-999000.jpg","contentUrl":"https:\/\/www.miomiorun.com\/app\/uploads\/2021\/01\/craft-Active-Extreme-X-CN-LS-1909679-999000.jpg","width":600,"height":600,"caption":"craft active extreme cn ls uomo"},{"@type":"BreadcrumbList","@id":"https:\/\/www.miomiorun.com\/es\/producto\/craft-active-extreme-x-cn-ls-hombre\/#breadcrumb","itemListElement":[{"@type":"ListItem","position":1,"name":"Home","item":"https:\/\/www.miomiorun.com\/es\/"},{"@type":"ListItem","position":2,"name":"Shop","item":"https:\/\/www.miomiorun.com\/shop\/"},{"@type":"ListItem","position":3,"name":"Active Extreme X CN LS hombre"}]},{"@type":"WebSite","@id":"https:\/\/www.miomiorun.com\/es\/#website","url":"https:\/\/www.miomiorun.com\/es\/","name":"MioMioRun","description":"Tienda 100% running y trail","publisher":{"@id":"https:\/\/www.miomiorun.com\/es\/#organization"},"potentialAction":[{"@type":"SearchAction","target":{"@type":"EntryPoint","urlTemplate":"https:\/\/www.miomiorun.com\/es\/?s={search_term_string}"},"query-input":{"@type":"PropertyValueSpecification","valueRequired":true,"valueName":"search_term_string"}}],"inLanguage":"es-ES"},{"@type":"Organization","@id":"https:\/\/www.miomiorun.com\/es\/#organization","name":"MioMio Run","url":"https:\/\/www.miomiorun.com\/es\/","logo":{"@type":"ImageObject","inLanguage":"es-ES","@id":"https:\/\/www.miomiorun.com\/es\/#\/schema\/logo\/image\/","url":"https:\/\/www.miomiorun.com\/app\/uploads\/2019\/12\/logomio.png","contentUrl":"https:\/\/www.miomiorun.com\/app\/uploads\/2019\/12\/logomio.png","width":115,"height":82,"caption":"MioMio Run"},"image":{"@id":"https:\/\/www.miomiorun.com\/es\/#\/schema\/logo\/image\/"},"sameAs":["https:\/\/www.facebook.com\/miomiorun\/","https:\/\/www.instagram.com\/miomiorun\/"]}]}},"_links":{"self":[{"href":"https:\/\/www.miomiorun.com\/es\/wp-json\/wp\/v2\/product\/276493","targetHints":{"allow":["GET"]}}],"collection":[{"href":"https:\/\/www.miomiorun.com\/es\/wp-json\/wp\/v2\/product"}],"about":[{"href":"https:\/\/www.miomiorun.com\/es\/wp-json\/wp\/v2\/types\/product"}],"wp:featuredmedia":[{"embeddable":true,"href":"https:\/\/www.miomiorun.com\/es\/wp-json\/wp\/v2\/media\/231248"}],"wp:attachment":[{"href":"https:\/\/www.miomiorun.com\/es\/wp-json\/wp\/v2\/media?parent=276493"}],"wp:term":[{"taxonomy":"product_brand","embeddable":true,"href":"https:\/\/www.miomiorun.com\/es\/wp-json\/wp\/v2\/product_brand?post=276493"},{"taxonomy":"product_cat","embeddable":true,"href":"https:\/\/www.miomiorun.com\/es\/wp-json\/wp\/v2\/product_cat?post=276493"},{"taxonomy":"product_tag","embeddable":true,"href":"https:\/\/www.miomiorun.com\/es\/wp-json\/wp\/v2\/product_tag?post=276493"}],"curies":[{"name":"wp","href":"https:\/\/api.w.org\/{rel}","templated":true}]}}