{"id":276473,"date":"2021-01-15T18:33:21","date_gmt":"2021-01-15T17:33:21","guid":{"rendered":"https:\/\/miomiorun.com\/prodotto\/craft-active-intensity-cn-ls-donna\/"},"modified":"2026-04-30T09:47:27","modified_gmt":"2026-04-30T07:47:27","slug":"craft-active-intensity-cn-ls-mujer","status":"publish","type":"product","link":"https:\/\/www.miomiorun.com\/es\/producto\/craft-active-intensity-cn-ls-mujer\/","title":{"rendered":"Active Intensity CN LS mujer"},"content":{"rendered":"<p>Active Intensity es una camiseta interior innovadora que ofrece un rendimiento excelente durante actividades intensas en condiciones clim\u00e1ticas que van de templadas a fr\u00edas. El tejido funcional y el\u00e1stico, combinado con el dise\u00f1o sin costuras, las zonas de presi\u00f3n corporal y el corte atl\u00e9tico, garantiza una \u00f3ptima regulaci\u00f3n de la temperatura corporal y una gran comodidad. La elecci\u00f3n perfecta para los aficionados al deporte, la camiseta Active Intensity Crew Neck funciona de maravilla para entrenamientos de alta intensidad como el esqu\u00ed de fondo, el running y el ciclismo. Adem\u00e1s, la camiseta tambi\u00e9n funciona perfectamente como prenda \u00fanica y puede combinarse con la mayor\u00eda de nuestras mallas.<\/p>\n<p>&#8211; Gran capacidad para evacuar la humedad<br \/>\n&#8211; Dise\u00f1o adaptado a la anatom\u00eda del cuerpo<br \/>\n&#8211; Confecci\u00f3n sin costuras<\/p>\n<h3>Material<\/h3>\n<p>57 % poli\u00e9ster reciclado, 43 % poliamida<\/p>\n<p>&nbsp;<\/p>\n","protected":false},"excerpt":{"rendered":"<p>Active Intensity es una camiseta interior innovadora que ofrece un rendimiento excelente durante actividades intensas en condiciones clim\u00e1ticas que van de templadas a fr\u00edas. El tejido funcional y el\u00e1stico, combinado con el dise\u00f1o sin costuras, las zonas de presi\u00f3n corporal y el corte atl\u00e9tico, garantiza una \u00f3ptima regulaci\u00f3n de la temperatura corporal y una gran &hellip; <a href=\"https:\/\/www.miomiorun.com\/es\/producto\/craft-active-intensity-cn-ls-mujer\/\">Continued<\/a><\/p>\n","protected":false},"featured_media":231252,"template":"","meta":{"_acf_changed":false,"inline_featured_image":false},"product_brand":[],"product_cat":[24401,24397,24402],"product_tag":[23553,23659],"class_list":{"0":"post-276473","1":"product","2":"type-product","3":"status-publish","4":"has-post-thumbnail","6":"product_cat-ropa-de-mujer","7":"product_cat-ropa-interior","8":"product_cat-mujer","9":"product_tag-craft-es","10":"product_tag-craft-mujer","11":"pa_attivita-caminar","12":"pa_attivita-outdoor-es","13":"pa_attivita-running-es","14":"pa_attivita-trail-es","15":"pa_colore-active-intensity-cn-ls-w-black-es","16":"pa_colore-active-intensity-cn-ls-w-black-granit-es","17":"pa_colore-active-intensity-cn-ls-w-poppy-print-es-2","18":"pa_marca-craft-es","19":"pa_sesso-mujer","20":"pa_size-extra-small-es","21":"pa_size-small-es","22":"pa_size-medium-es","23":"pa_size-large-es","25":"first","26":"instock","27":"sale","28":"taxable","29":"shipping-taxable","30":"purchasable","31":"product-type-variable","32":"wvs-archive-product-wrapper"},"acf":[],"yoast_head":"<!-- This site is optimized with the Yoast SEO plugin v26.8 - https:\/\/yoast.com\/product\/yoast-seo-wordpress\/ -->\n<title>Craft Active Intensity CN LS mujer - Ropa interior t\u00e9rmica - MioMioRun.com<\/title>\n<meta name=\"description\" content=\"Active Intensity es una camiseta interior innovadora que ofrece un rendimiento excelente durante actividades intensas en condiciones clim\u00e1ticas que van de templadas a fr\u00edas.\" \/>\n<meta name=\"robots\" content=\"index, follow, max-snippet:-1, max-image-preview:large, max-video-preview:-1\" \/>\n<link rel=\"canonical\" href=\"https:\/\/www.miomiorun.com\/es\/producto\/craft-active-intensity-cn-ls-mujer\/\" \/>\n<meta property=\"og:locale\" content=\"es_ES\" \/>\n<meta property=\"og:type\" content=\"article\" \/>\n<meta property=\"og:title\" content=\"Craft Active Intensity CN LS mujer - Ropa interior t\u00e9rmica - MioMioRun.com\" \/>\n<meta property=\"og:description\" content=\"Active Intensity es una camiseta interior innovadora que ofrece un rendimiento excelente durante actividades intensas en condiciones clim\u00e1ticas que van de templadas a fr\u00edas.\" \/>\n<meta property=\"og:url\" content=\"https:\/\/www.miomiorun.com\/es\/producto\/craft-active-intensity-cn-ls-mujer\/\" \/>\n<meta property=\"og:site_name\" content=\"MioMioRun\" \/>\n<meta property=\"article:publisher\" content=\"https:\/\/www.facebook.com\/miomiorun\/\" \/>\n<meta property=\"article:modified_time\" content=\"2026-04-30T07:47:27+00:00\" \/>\n<meta property=\"og:image\" content=\"https:\/\/www.miomiorun.com\/app\/uploads\/2021\/01\/craft-Active-Intensity-CN-LS-1907937-999995.jpg\" \/>\n\t<meta property=\"og:image:width\" content=\"600\" \/>\n\t<meta property=\"og:image:height\" content=\"600\" \/>\n\t<meta property=\"og:image:type\" content=\"image\/jpeg\" \/>\n<meta name=\"twitter:card\" content=\"summary_large_image\" \/>\n<meta name=\"twitter:label1\" content=\"Est. reading time\" \/>\n\t<meta name=\"twitter:data1\" content=\"1 minute\" \/>\n<script type=\"application\/ld+json\" class=\"yoast-schema-graph\">{\"@context\":\"https:\/\/schema.org\",\"@graph\":[{\"@type\":\"WebPage\",\"@id\":\"https:\/\/www.miomiorun.com\/es\/producto\/craft-active-intensity-cn-ls-mujer\/\",\"url\":\"https:\/\/www.miomiorun.com\/es\/producto\/craft-active-intensity-cn-ls-mujer\/\",\"name\":\"Craft Active Intensity CN LS mujer - Ropa interior t\u00e9rmica - MioMioRun.com\",\"isPartOf\":{\"@id\":\"https:\/\/www.miomiorun.com\/es\/#website\"},\"primaryImageOfPage\":{\"@id\":\"https:\/\/www.miomiorun.com\/es\/producto\/craft-active-intensity-cn-ls-mujer\/#primaryimage\"},\"image\":{\"@id\":\"https:\/\/www.miomiorun.com\/es\/producto\/craft-active-intensity-cn-ls-mujer\/#primaryimage\"},\"thumbnailUrl\":\"https:\/\/www.miomiorun.com\/app\/uploads\/2021\/01\/craft-Active-Intensity-CN-LS-1907937-999995.jpg\",\"datePublished\":\"2021-01-15T17:33:21+00:00\",\"dateModified\":\"2026-04-30T07:47:27+00:00\",\"description\":\"Active Intensity es una camiseta interior innovadora que ofrece un rendimiento excelente durante actividades intensas en condiciones clim\u00e1ticas que van de templadas a fr\u00edas.\",\"breadcrumb\":{\"@id\":\"https:\/\/www.miomiorun.com\/es\/producto\/craft-active-intensity-cn-ls-mujer\/#breadcrumb\"},\"inLanguage\":\"es-ES\",\"potentialAction\":[{\"@type\":\"ReadAction\",\"target\":[\"https:\/\/www.miomiorun.com\/es\/producto\/craft-active-intensity-cn-ls-mujer\/\"]}]},{\"@type\":\"ImageObject\",\"inLanguage\":\"es-ES\",\"@id\":\"https:\/\/www.miomiorun.com\/es\/producto\/craft-active-intensity-cn-ls-mujer\/#primaryimage\",\"url\":\"https:\/\/www.miomiorun.com\/app\/uploads\/2021\/01\/craft-Active-Intensity-CN-LS-1907937-999995.jpg\",\"contentUrl\":\"https:\/\/www.miomiorun.com\/app\/uploads\/2021\/01\/craft-Active-Intensity-CN-LS-1907937-999995.jpg\",\"width\":600,\"height\":600,\"caption\":\"craft active intensity cn\"},{\"@type\":\"BreadcrumbList\",\"@id\":\"https:\/\/www.miomiorun.com\/es\/producto\/craft-active-intensity-cn-ls-mujer\/#breadcrumb\",\"itemListElement\":[{\"@type\":\"ListItem\",\"position\":1,\"name\":\"Home\",\"item\":\"https:\/\/www.miomiorun.com\/es\/\"},{\"@type\":\"ListItem\",\"position\":2,\"name\":\"Shop\",\"item\":\"https:\/\/www.miomiorun.com\/shop\/\"},{\"@type\":\"ListItem\",\"position\":3,\"name\":\"Active Intensity CN LS mujer\"}]},{\"@type\":\"WebSite\",\"@id\":\"https:\/\/www.miomiorun.com\/es\/#website\",\"url\":\"https:\/\/www.miomiorun.com\/es\/\",\"name\":\"MioMioRun\",\"description\":\"Tienda 100% running y trail\",\"publisher\":{\"@id\":\"https:\/\/www.miomiorun.com\/es\/#organization\"},\"potentialAction\":[{\"@type\":\"SearchAction\",\"target\":{\"@type\":\"EntryPoint\",\"urlTemplate\":\"https:\/\/www.miomiorun.com\/es\/?s={search_term_string}\"},\"query-input\":{\"@type\":\"PropertyValueSpecification\",\"valueRequired\":true,\"valueName\":\"search_term_string\"}}],\"inLanguage\":\"es-ES\"},{\"@type\":\"Organization\",\"@id\":\"https:\/\/www.miomiorun.com\/es\/#organization\",\"name\":\"MioMio Run\",\"url\":\"https:\/\/www.miomiorun.com\/es\/\",\"logo\":{\"@type\":\"ImageObject\",\"inLanguage\":\"es-ES\",\"@id\":\"https:\/\/www.miomiorun.com\/es\/#\/schema\/logo\/image\/\",\"url\":\"https:\/\/www.miomiorun.com\/app\/uploads\/2019\/12\/logomio.png\",\"contentUrl\":\"https:\/\/www.miomiorun.com\/app\/uploads\/2019\/12\/logomio.png\",\"width\":115,\"height\":82,\"caption\":\"MioMio Run\"},\"image\":{\"@id\":\"https:\/\/www.miomiorun.com\/es\/#\/schema\/logo\/image\/\"},\"sameAs\":[\"https:\/\/www.facebook.com\/miomiorun\/\",\"https:\/\/www.instagram.com\/miomiorun\/\"]}]}<\/script>\n<!-- \/ Yoast SEO plugin. -->","yoast_head_json":{"title":"Craft Active Intensity CN LS mujer - Ropa interior t\u00e9rmica - MioMioRun.com","description":"Active Intensity es una camiseta interior innovadora que ofrece un rendimiento excelente durante actividades intensas en condiciones clim\u00e1ticas que van de templadas a fr\u00edas.","robots":{"index":"index","follow":"follow","max-snippet":"max-snippet:-1","max-image-preview":"max-image-preview:large","max-video-preview":"max-video-preview:-1"},"canonical":"https:\/\/www.miomiorun.com\/es\/producto\/craft-active-intensity-cn-ls-mujer\/","og_locale":"es_ES","og_type":"article","og_title":"Craft Active Intensity CN LS mujer - Ropa interior t\u00e9rmica - MioMioRun.com","og_description":"Active Intensity es una camiseta interior innovadora que ofrece un rendimiento excelente durante actividades intensas en condiciones clim\u00e1ticas que van de templadas a fr\u00edas.","og_url":"https:\/\/www.miomiorun.com\/es\/producto\/craft-active-intensity-cn-ls-mujer\/","og_site_name":"MioMioRun","article_publisher":"https:\/\/www.facebook.com\/miomiorun\/","article_modified_time":"2026-04-30T07:47:27+00:00","og_image":[{"width":600,"height":600,"url":"https:\/\/www.miomiorun.com\/app\/uploads\/2021\/01\/craft-Active-Intensity-CN-LS-1907937-999995.jpg","type":"image\/jpeg"}],"twitter_card":"summary_large_image","twitter_misc":{"Est. reading time":"1 minute"},"schema":{"@context":"https:\/\/schema.org","@graph":[{"@type":"WebPage","@id":"https:\/\/www.miomiorun.com\/es\/producto\/craft-active-intensity-cn-ls-mujer\/","url":"https:\/\/www.miomiorun.com\/es\/producto\/craft-active-intensity-cn-ls-mujer\/","name":"Craft Active Intensity CN LS mujer - Ropa interior t\u00e9rmica - MioMioRun.com","isPartOf":{"@id":"https:\/\/www.miomiorun.com\/es\/#website"},"primaryImageOfPage":{"@id":"https:\/\/www.miomiorun.com\/es\/producto\/craft-active-intensity-cn-ls-mujer\/#primaryimage"},"image":{"@id":"https:\/\/www.miomiorun.com\/es\/producto\/craft-active-intensity-cn-ls-mujer\/#primaryimage"},"thumbnailUrl":"https:\/\/www.miomiorun.com\/app\/uploads\/2021\/01\/craft-Active-Intensity-CN-LS-1907937-999995.jpg","datePublished":"2021-01-15T17:33:21+00:00","dateModified":"2026-04-30T07:47:27+00:00","description":"Active Intensity es una camiseta interior innovadora que ofrece un rendimiento excelente durante actividades intensas en condiciones clim\u00e1ticas que van de templadas a fr\u00edas.","breadcrumb":{"@id":"https:\/\/www.miomiorun.com\/es\/producto\/craft-active-intensity-cn-ls-mujer\/#breadcrumb"},"inLanguage":"es-ES","potentialAction":[{"@type":"ReadAction","target":["https:\/\/www.miomiorun.com\/es\/producto\/craft-active-intensity-cn-ls-mujer\/"]}]},{"@type":"ImageObject","inLanguage":"es-ES","@id":"https:\/\/www.miomiorun.com\/es\/producto\/craft-active-intensity-cn-ls-mujer\/#primaryimage","url":"https:\/\/www.miomiorun.com\/app\/uploads\/2021\/01\/craft-Active-Intensity-CN-LS-1907937-999995.jpg","contentUrl":"https:\/\/www.miomiorun.com\/app\/uploads\/2021\/01\/craft-Active-Intensity-CN-LS-1907937-999995.jpg","width":600,"height":600,"caption":"craft active intensity cn"},{"@type":"BreadcrumbList","@id":"https:\/\/www.miomiorun.com\/es\/producto\/craft-active-intensity-cn-ls-mujer\/#breadcrumb","itemListElement":[{"@type":"ListItem","position":1,"name":"Home","item":"https:\/\/www.miomiorun.com\/es\/"},{"@type":"ListItem","position":2,"name":"Shop","item":"https:\/\/www.miomiorun.com\/shop\/"},{"@type":"ListItem","position":3,"name":"Active Intensity CN LS mujer"}]},{"@type":"WebSite","@id":"https:\/\/www.miomiorun.com\/es\/#website","url":"https:\/\/www.miomiorun.com\/es\/","name":"MioMioRun","description":"Tienda 100% running y trail","publisher":{"@id":"https:\/\/www.miomiorun.com\/es\/#organization"},"potentialAction":[{"@type":"SearchAction","target":{"@type":"EntryPoint","urlTemplate":"https:\/\/www.miomiorun.com\/es\/?s={search_term_string}"},"query-input":{"@type":"PropertyValueSpecification","valueRequired":true,"valueName":"search_term_string"}}],"inLanguage":"es-ES"},{"@type":"Organization","@id":"https:\/\/www.miomiorun.com\/es\/#organization","name":"MioMio Run","url":"https:\/\/www.miomiorun.com\/es\/","logo":{"@type":"ImageObject","inLanguage":"es-ES","@id":"https:\/\/www.miomiorun.com\/es\/#\/schema\/logo\/image\/","url":"https:\/\/www.miomiorun.com\/app\/uploads\/2019\/12\/logomio.png","contentUrl":"https:\/\/www.miomiorun.com\/app\/uploads\/2019\/12\/logomio.png","width":115,"height":82,"caption":"MioMio Run"},"image":{"@id":"https:\/\/www.miomiorun.com\/es\/#\/schema\/logo\/image\/"},"sameAs":["https:\/\/www.facebook.com\/miomiorun\/","https:\/\/www.instagram.com\/miomiorun\/"]}]}},"_links":{"self":[{"href":"https:\/\/www.miomiorun.com\/es\/wp-json\/wp\/v2\/product\/276473","targetHints":{"allow":["GET"]}}],"collection":[{"href":"https:\/\/www.miomiorun.com\/es\/wp-json\/wp\/v2\/product"}],"about":[{"href":"https:\/\/www.miomiorun.com\/es\/wp-json\/wp\/v2\/types\/product"}],"wp:featuredmedia":[{"embeddable":true,"href":"https:\/\/www.miomiorun.com\/es\/wp-json\/wp\/v2\/media\/231252"}],"wp:attachment":[{"href":"https:\/\/www.miomiorun.com\/es\/wp-json\/wp\/v2\/media?parent=276473"}],"wp:term":[{"taxonomy":"product_brand","embeddable":true,"href":"https:\/\/www.miomiorun.com\/es\/wp-json\/wp\/v2\/product_brand?post=276473"},{"taxonomy":"product_cat","embeddable":true,"href":"https:\/\/www.miomiorun.com\/es\/wp-json\/wp\/v2\/product_cat?post=276473"},{"taxonomy":"product_tag","embeddable":true,"href":"https:\/\/www.miomiorun.com\/es\/wp-json\/wp\/v2\/product_tag?post=276473"}],"curies":[{"name":"wp","href":"https:\/\/api.w.org\/{rel}","templated":true}]}}