{"id":276314,"date":"2020-10-09T10:12:12","date_gmt":"2020-10-09T08:12:12","guid":{"rendered":"https:\/\/miomiorun.com\/prodotto\/uyn-energyon-uw-shirt-donna\/"},"modified":"2026-04-29T16:28:03","modified_gmt":"2026-04-29T14:28:03","slug":"uyn-energyon-uw-shirt-mujer","status":"publish","type":"product","link":"https:\/\/www.miomiorun.com\/es\/producto\/uyn-energyon-uw-shirt-mujer\/","title":{"rendered":"Energyon UW shirt mujer"},"content":{"rendered":"<div id=\"tab-description\" class=\"tab-pane active\" role=\"tabpanel\">\n<div class=\"tab-custom\">\n<div class=\"tab-custom-inner-max content-wysiwyg\">\n<p>La camiseta interior m\u00e1s ligera que hemos fabricado nunca, dise\u00f1ada para actividades deportivas muy intensas que provocan una sudoraci\u00f3n abundante. En solo 80 gramos se concentran las tecnolog\u00edas de transpiraci\u00f3n m\u00e1s avanzadas. Los orificios de diferentes di\u00e1metros, situados en zonas espec\u00edficas de la camiseta, las microacanaladuras tridimensionales y el uso combinado del polipropileno generan un extraordinario flujo de aire sobre la piel. El exceso de calor corporal se disipa inmediatamente, sin que el rendimiento del deportista se vea afectado.<\/p>\n<ul>\n<li>Logotipos bordados<\/li>\n<li>Camiseta de cuello redondo<\/li>\n<li>Borde el\u00e1stico en el bajo del jersey y en el bajo de las mangas\n<div class=\"tab-custom-items\">\n<div class=\"tab-custom-item\">\n<div><\/div>\n<div class=\"tab-custom-img\">\u00a0 \u00a0Garant\u00eda de dos a\u00f1os<\/div>\n<\/div>\n<\/div>\n<\/li>\n<\/ul>\n<\/div>\n<div class=\"tab-custom-inner-max content-wysiwyg\">\n<div class=\"product-line\">\n<p>&nbsp;<\/p>\n<h3>CUANTO M\u00c1S TE MOVES, M\u00c1S FRESCO TE SIENTES<\/h3>\n<p>Libera energ\u00eda. Lleva tu cuerpo al m\u00e1ximo de su potencia. Ded\u00edcate a los esfuerzos atl\u00e9ticos m\u00e1s intensos. Ahora tienes Energyon, la ropa interior tan ligera que se convierte en aire. Gracias al sistema avanzado de termorregulaci\u00f3n Flowtunnels, los microorificios y los canales tridimensionales generan un flujo de aire excepcional sobre la piel que refresca el cuerpo y elimina el exceso de sudor. Fuimos los primeros en desarrollarlo: con nosotros, tu rendimiento entra en el futuro.<\/p>\n<div id=\"tab-technology\" class=\"tab-pane active\" role=\"tabpanel\">\n<div class=\"tab-custom\">\n<div class=\"tab-items\">\n<div class=\"row\">\n<div class=\"col-xs-12 col-sm-4\">\n<div class=\"tab-item\">\n<div class=\"media media-md\">\n<div class=\"media-left\"><img loading=\"lazy\" decoding=\"async\" class=\"\" src=\"https:\/\/images.prismic.io\/uynsports\/9d7cd200-90ae-403d-8db7-af365cf0be2b_Flowtunnels.png?auto=compress,format&amp;rect=0,0,473,473&amp;w=180&amp;h=180\" alt=\"Flowtunnels\" width=\"120\" height=\"120\" \/><\/div>\n<div class=\"media-body\">\n<div class=\"title\">T\u00faneles de flujo<\/div>\n<p>UN NUEVO CONCEPTO DE VENTILACI\u00d3N<\/p>\n<p>No basta con perforar el tejido para conseguir una mayor ventilaci\u00f3n. Gracias a la innovadora tecnolog\u00eda Flowtunnels, se distribuyen cient\u00edficamente orificios de diferentes di\u00e1metros en las zonas de mayor producci\u00f3n de calor corporal. La perforaci\u00f3n est\u00e1 dise\u00f1ada para aligerar el tejido sin alterar sus caracter\u00edsticas de resistencia y elasticidad. El efecto es doble: la humedad generada durante el esfuerzo f\u00edsico se expulsa, mientras que el aire, a trav\u00e9s de un sistema de canales tridimensionales, circula libremente entre la piel y el tejido para refrescar y aislar al mismo tiempo.<\/p>\n<\/div>\n<\/div>\n<\/div>\n<\/div>\n<div class=\"col-xs-12 col-sm-4\">\n<div class=\"tab-item\">\n<div class=\"media media-md\">\n<div class=\"media-left\"><img loading=\"lazy\" decoding=\"async\" class=\"\" src=\"https:\/\/images.prismic.io\/uynsports\/9c2a8fa4936837a29a8c10868558177f06f4be86_hypermotion.jpg?auto=compress,format\" alt=\"Hypermotion\" width=\"120\" height=\"120\" \/><\/div>\n<div class=\"media-body\">\n<div class=\"title\">Hypermotion<\/div>\n<p>Confeccionado con una sola pieza de tejido para favorecer una postura corporal correcta y ofrecer una libertad de movimiento ilimitada.<\/p>\n<div id=\"tab-materials\" class=\"tab-pane active\" role=\"tabpanel\">\n<div class=\"tab-custom\">\n<div class=\"tab-custom-inner\">\n<div class=\"tab-custom-inner-max\">\n<div class=\"tab-items\">\n<div class=\"row\">\n<div class=\"col-xs-12\">\n<div class=\"tab-item\">\n<div class=\"media media-md\">\n<div class=\"media-left\"><img loading=\"lazy\" decoding=\"async\" class=\"\" src=\"https:\/\/images.prismic.io\/uynsports\/0798b590316646c1ed24fbe5b9f69ee455b740df_natex.jpg?auto=compress,format\" alt=\"NATEX\" width=\"120\" height=\"120\" \/><\/div>\n<div class=\"media-body\">\n<div class=\"title\">NATEX<\/div>\n<p>100 % DE ORIGEN NATURAL<br \/>\n100 % FUNCIONAL<br \/>\nCon el hilo especial NATEX, UYN pone la naturaleza al servicio de tu bienestar. NATEX es especialmente ligero y reduce el peso de la prenda en un 25 %. Las prendas confeccionadas con NATEX se secan hasta un 50 % m\u00e1s r\u00e1pido que las prendas de nailon del mismo tipo. La fibra org\u00e1nica 100 % natural es m\u00e1s el\u00e1stica y su efecto bacteriost\u00e1tico minimiza los olores.<\/p>\n<\/div>\n<\/div>\n<\/div>\n<\/div>\n<\/div>\n<\/div>\n<\/div>\n<\/div>\n<\/div>\n<\/div>\n<\/div>\n<\/div>\n<\/div>\n<\/div>\n<\/div>\n<\/div>\n<\/div>\n<\/div>\n<\/div>\n<\/div>\n<\/div>\n<\/div>\n","protected":false},"excerpt":{"rendered":"<p>La camiseta interior m\u00e1s ligera que hemos fabricado nunca, dise\u00f1ada para actividades deportivas muy intensas que provocan una sudoraci\u00f3n abundante. En solo 80 gramos se concentran las tecnolog\u00edas de transpiraci\u00f3n m\u00e1s avanzadas. Los orificios de diferentes di\u00e1metros, situados en zonas espec\u00edficas de la camiseta, las microacanaladuras tridimensionales y el uso combinado del polipropileno generan un &hellip; <a href=\"https:\/\/www.miomiorun.com\/es\/producto\/uyn-energyon-uw-shirt-mujer\/\">Continued<\/a><\/p>\n","protected":false},"featured_media":230714,"template":"","meta":{"_acf_changed":false,"inline_featured_image":false},"product_brand":[],"product_cat":[24401,24397,24402],"product_tag":[23525,23621],"class_list":{"0":"post-276314","1":"product","2":"type-product","3":"status-publish","4":"has-post-thumbnail","6":"product_cat-ropa-de-mujer","7":"product_cat-ropa-interior","8":"product_cat-mujer","9":"product_tag-uyn-es","10":"product_tag-uyn-mujer","11":"pa_attivita-caminar","12":"pa_attivita-running-es","13":"pa_marca-uyn-es","14":"pa_sesso-mujer","15":"pa_size-extra-small-es","17":"first","18":"instock","19":"sale","20":"taxable","21":"shipping-taxable","22":"purchasable","23":"product-type-variable","24":"wvs-archive-product-wrapper"},"acf":[],"yoast_head":"<!-- This site is optimized with the Yoast SEO plugin v26.8 - https:\/\/yoast.com\/product\/yoast-seo-wordpress\/ -->\n<title>Uyn Energyon UW shirt mujer - Ropa interior t\u00e9rmica - MioMioRun.com<\/title>\n<meta name=\"description\" content=\"La camiseta interior m\u00e1s ligera, dise\u00f1ada para actividades deportivas muy intensas que provocan una sudoraci\u00f3n abundante. El exceso de calor corporal se disipa inmediatamente.\" \/>\n<meta name=\"robots\" content=\"index, follow, max-snippet:-1, max-image-preview:large, max-video-preview:-1\" \/>\n<link rel=\"canonical\" href=\"https:\/\/www.miomiorun.com\/es\/producto\/uyn-energyon-uw-shirt-mujer\/\" \/>\n<meta property=\"og:locale\" content=\"es_ES\" \/>\n<meta property=\"og:type\" content=\"article\" \/>\n<meta property=\"og:title\" content=\"Uyn Energyon UW shirt mujer - Ropa interior t\u00e9rmica - MioMioRun.com\" \/>\n<meta property=\"og:description\" content=\"La camiseta interior m\u00e1s ligera, dise\u00f1ada para actividades deportivas muy intensas que provocan una sudoraci\u00f3n abundante. El exceso de calor corporal se disipa inmediatamente.\" \/>\n<meta property=\"og:url\" content=\"https:\/\/www.miomiorun.com\/es\/producto\/uyn-energyon-uw-shirt-mujer\/\" \/>\n<meta property=\"og:site_name\" content=\"MioMioRun\" \/>\n<meta property=\"article:publisher\" content=\"https:\/\/www.facebook.com\/miomiorun\/\" \/>\n<meta property=\"article:modified_time\" content=\"2026-04-29T14:28:03+00:00\" \/>\n<meta property=\"og:image\" content=\"https:\/\/www.miomiorun.com\/app\/uploads\/2020\/10\/Uyn-Lady-Energyon-UW-shirt-U100157-BLACK.jpg\" \/>\n\t<meta property=\"og:image:width\" content=\"600\" \/>\n\t<meta property=\"og:image:height\" content=\"600\" \/>\n\t<meta property=\"og:image:type\" content=\"image\/jpeg\" \/>\n<meta name=\"twitter:card\" content=\"summary_large_image\" \/>\n<meta name=\"twitter:label1\" content=\"Est. reading time\" \/>\n\t<meta name=\"twitter:data1\" content=\"2 minutes\" \/>\n<script type=\"application\/ld+json\" class=\"yoast-schema-graph\">{\"@context\":\"https:\/\/schema.org\",\"@graph\":[{\"@type\":\"WebPage\",\"@id\":\"https:\/\/www.miomiorun.com\/es\/producto\/uyn-energyon-uw-shirt-mujer\/\",\"url\":\"https:\/\/www.miomiorun.com\/es\/producto\/uyn-energyon-uw-shirt-mujer\/\",\"name\":\"Uyn Energyon UW shirt mujer - Ropa interior t\u00e9rmica - MioMioRun.com\",\"isPartOf\":{\"@id\":\"https:\/\/www.miomiorun.com\/es\/#website\"},\"primaryImageOfPage\":{\"@id\":\"https:\/\/www.miomiorun.com\/es\/producto\/uyn-energyon-uw-shirt-mujer\/#primaryimage\"},\"image\":{\"@id\":\"https:\/\/www.miomiorun.com\/es\/producto\/uyn-energyon-uw-shirt-mujer\/#primaryimage\"},\"thumbnailUrl\":\"https:\/\/www.miomiorun.com\/app\/uploads\/2020\/10\/Uyn-Lady-Energyon-UW-shirt-U100157-BLACK.jpg\",\"datePublished\":\"2020-10-09T08:12:12+00:00\",\"dateModified\":\"2026-04-29T14:28:03+00:00\",\"description\":\"La camiseta interior m\u00e1s ligera, dise\u00f1ada para actividades deportivas muy intensas que provocan una sudoraci\u00f3n abundante. El exceso de calor corporal se disipa inmediatamente.\",\"breadcrumb\":{\"@id\":\"https:\/\/www.miomiorun.com\/es\/producto\/uyn-energyon-uw-shirt-mujer\/#breadcrumb\"},\"inLanguage\":\"es-ES\",\"potentialAction\":[{\"@type\":\"ReadAction\",\"target\":[\"https:\/\/www.miomiorun.com\/es\/producto\/uyn-energyon-uw-shirt-mujer\/\"]}]},{\"@type\":\"ImageObject\",\"inLanguage\":\"es-ES\",\"@id\":\"https:\/\/www.miomiorun.com\/es\/producto\/uyn-energyon-uw-shirt-mujer\/#primaryimage\",\"url\":\"https:\/\/www.miomiorun.com\/app\/uploads\/2020\/10\/Uyn-Lady-Energyon-UW-shirt-U100157-BLACK.jpg\",\"contentUrl\":\"https:\/\/www.miomiorun.com\/app\/uploads\/2020\/10\/Uyn-Lady-Energyon-UW-shirt-U100157-BLACK.jpg\",\"width\":600,\"height\":600,\"caption\":\"Uyn-Lady-Energyon-UW-shirt-U100157-BLACK\"},{\"@type\":\"BreadcrumbList\",\"@id\":\"https:\/\/www.miomiorun.com\/es\/producto\/uyn-energyon-uw-shirt-mujer\/#breadcrumb\",\"itemListElement\":[{\"@type\":\"ListItem\",\"position\":1,\"name\":\"Home\",\"item\":\"https:\/\/www.miomiorun.com\/es\/\"},{\"@type\":\"ListItem\",\"position\":2,\"name\":\"Shop\",\"item\":\"https:\/\/www.miomiorun.com\/shop\/\"},{\"@type\":\"ListItem\",\"position\":3,\"name\":\"Energyon UW shirt mujer\"}]},{\"@type\":\"WebSite\",\"@id\":\"https:\/\/www.miomiorun.com\/es\/#website\",\"url\":\"https:\/\/www.miomiorun.com\/es\/\",\"name\":\"MioMioRun\",\"description\":\"Tienda 100% running y trail\",\"publisher\":{\"@id\":\"https:\/\/www.miomiorun.com\/es\/#organization\"},\"potentialAction\":[{\"@type\":\"SearchAction\",\"target\":{\"@type\":\"EntryPoint\",\"urlTemplate\":\"https:\/\/www.miomiorun.com\/es\/?s={search_term_string}\"},\"query-input\":{\"@type\":\"PropertyValueSpecification\",\"valueRequired\":true,\"valueName\":\"search_term_string\"}}],\"inLanguage\":\"es-ES\"},{\"@type\":\"Organization\",\"@id\":\"https:\/\/www.miomiorun.com\/es\/#organization\",\"name\":\"MioMio Run\",\"url\":\"https:\/\/www.miomiorun.com\/es\/\",\"logo\":{\"@type\":\"ImageObject\",\"inLanguage\":\"es-ES\",\"@id\":\"https:\/\/www.miomiorun.com\/es\/#\/schema\/logo\/image\/\",\"url\":\"https:\/\/www.miomiorun.com\/app\/uploads\/2019\/12\/logomio.png\",\"contentUrl\":\"https:\/\/www.miomiorun.com\/app\/uploads\/2019\/12\/logomio.png\",\"width\":115,\"height\":82,\"caption\":\"MioMio Run\"},\"image\":{\"@id\":\"https:\/\/www.miomiorun.com\/es\/#\/schema\/logo\/image\/\"},\"sameAs\":[\"https:\/\/www.facebook.com\/miomiorun\/\",\"https:\/\/www.instagram.com\/miomiorun\/\"]}]}<\/script>\n<!-- \/ Yoast SEO plugin. -->","yoast_head_json":{"title":"Uyn Energyon UW shirt mujer - Ropa interior t\u00e9rmica - MioMioRun.com","description":"La camiseta interior m\u00e1s ligera, dise\u00f1ada para actividades deportivas muy intensas que provocan una sudoraci\u00f3n abundante. El exceso de calor corporal se disipa inmediatamente.","robots":{"index":"index","follow":"follow","max-snippet":"max-snippet:-1","max-image-preview":"max-image-preview:large","max-video-preview":"max-video-preview:-1"},"canonical":"https:\/\/www.miomiorun.com\/es\/producto\/uyn-energyon-uw-shirt-mujer\/","og_locale":"es_ES","og_type":"article","og_title":"Uyn Energyon UW shirt mujer - Ropa interior t\u00e9rmica - MioMioRun.com","og_description":"La camiseta interior m\u00e1s ligera, dise\u00f1ada para actividades deportivas muy intensas que provocan una sudoraci\u00f3n abundante. El exceso de calor corporal se disipa inmediatamente.","og_url":"https:\/\/www.miomiorun.com\/es\/producto\/uyn-energyon-uw-shirt-mujer\/","og_site_name":"MioMioRun","article_publisher":"https:\/\/www.facebook.com\/miomiorun\/","article_modified_time":"2026-04-29T14:28:03+00:00","og_image":[{"width":600,"height":600,"url":"https:\/\/www.miomiorun.com\/app\/uploads\/2020\/10\/Uyn-Lady-Energyon-UW-shirt-U100157-BLACK.jpg","type":"image\/jpeg"}],"twitter_card":"summary_large_image","twitter_misc":{"Est. reading time":"2 minutes"},"schema":{"@context":"https:\/\/schema.org","@graph":[{"@type":"WebPage","@id":"https:\/\/www.miomiorun.com\/es\/producto\/uyn-energyon-uw-shirt-mujer\/","url":"https:\/\/www.miomiorun.com\/es\/producto\/uyn-energyon-uw-shirt-mujer\/","name":"Uyn Energyon UW shirt mujer - Ropa interior t\u00e9rmica - MioMioRun.com","isPartOf":{"@id":"https:\/\/www.miomiorun.com\/es\/#website"},"primaryImageOfPage":{"@id":"https:\/\/www.miomiorun.com\/es\/producto\/uyn-energyon-uw-shirt-mujer\/#primaryimage"},"image":{"@id":"https:\/\/www.miomiorun.com\/es\/producto\/uyn-energyon-uw-shirt-mujer\/#primaryimage"},"thumbnailUrl":"https:\/\/www.miomiorun.com\/app\/uploads\/2020\/10\/Uyn-Lady-Energyon-UW-shirt-U100157-BLACK.jpg","datePublished":"2020-10-09T08:12:12+00:00","dateModified":"2026-04-29T14:28:03+00:00","description":"La camiseta interior m\u00e1s ligera, dise\u00f1ada para actividades deportivas muy intensas que provocan una sudoraci\u00f3n abundante. El exceso de calor corporal se disipa inmediatamente.","breadcrumb":{"@id":"https:\/\/www.miomiorun.com\/es\/producto\/uyn-energyon-uw-shirt-mujer\/#breadcrumb"},"inLanguage":"es-ES","potentialAction":[{"@type":"ReadAction","target":["https:\/\/www.miomiorun.com\/es\/producto\/uyn-energyon-uw-shirt-mujer\/"]}]},{"@type":"ImageObject","inLanguage":"es-ES","@id":"https:\/\/www.miomiorun.com\/es\/producto\/uyn-energyon-uw-shirt-mujer\/#primaryimage","url":"https:\/\/www.miomiorun.com\/app\/uploads\/2020\/10\/Uyn-Lady-Energyon-UW-shirt-U100157-BLACK.jpg","contentUrl":"https:\/\/www.miomiorun.com\/app\/uploads\/2020\/10\/Uyn-Lady-Energyon-UW-shirt-U100157-BLACK.jpg","width":600,"height":600,"caption":"Uyn-Lady-Energyon-UW-shirt-U100157-BLACK"},{"@type":"BreadcrumbList","@id":"https:\/\/www.miomiorun.com\/es\/producto\/uyn-energyon-uw-shirt-mujer\/#breadcrumb","itemListElement":[{"@type":"ListItem","position":1,"name":"Home","item":"https:\/\/www.miomiorun.com\/es\/"},{"@type":"ListItem","position":2,"name":"Shop","item":"https:\/\/www.miomiorun.com\/shop\/"},{"@type":"ListItem","position":3,"name":"Energyon UW shirt mujer"}]},{"@type":"WebSite","@id":"https:\/\/www.miomiorun.com\/es\/#website","url":"https:\/\/www.miomiorun.com\/es\/","name":"MioMioRun","description":"Tienda 100% running y trail","publisher":{"@id":"https:\/\/www.miomiorun.com\/es\/#organization"},"potentialAction":[{"@type":"SearchAction","target":{"@type":"EntryPoint","urlTemplate":"https:\/\/www.miomiorun.com\/es\/?s={search_term_string}"},"query-input":{"@type":"PropertyValueSpecification","valueRequired":true,"valueName":"search_term_string"}}],"inLanguage":"es-ES"},{"@type":"Organization","@id":"https:\/\/www.miomiorun.com\/es\/#organization","name":"MioMio Run","url":"https:\/\/www.miomiorun.com\/es\/","logo":{"@type":"ImageObject","inLanguage":"es-ES","@id":"https:\/\/www.miomiorun.com\/es\/#\/schema\/logo\/image\/","url":"https:\/\/www.miomiorun.com\/app\/uploads\/2019\/12\/logomio.png","contentUrl":"https:\/\/www.miomiorun.com\/app\/uploads\/2019\/12\/logomio.png","width":115,"height":82,"caption":"MioMio Run"},"image":{"@id":"https:\/\/www.miomiorun.com\/es\/#\/schema\/logo\/image\/"},"sameAs":["https:\/\/www.facebook.com\/miomiorun\/","https:\/\/www.instagram.com\/miomiorun\/"]}]}},"_links":{"self":[{"href":"https:\/\/www.miomiorun.com\/es\/wp-json\/wp\/v2\/product\/276314","targetHints":{"allow":["GET"]}}],"collection":[{"href":"https:\/\/www.miomiorun.com\/es\/wp-json\/wp\/v2\/product"}],"about":[{"href":"https:\/\/www.miomiorun.com\/es\/wp-json\/wp\/v2\/types\/product"}],"wp:featuredmedia":[{"embeddable":true,"href":"https:\/\/www.miomiorun.com\/es\/wp-json\/wp\/v2\/media\/230714"}],"wp:attachment":[{"href":"https:\/\/www.miomiorun.com\/es\/wp-json\/wp\/v2\/media?parent=276314"}],"wp:term":[{"taxonomy":"product_brand","embeddable":true,"href":"https:\/\/www.miomiorun.com\/es\/wp-json\/wp\/v2\/product_brand?post=276314"},{"taxonomy":"product_cat","embeddable":true,"href":"https:\/\/www.miomiorun.com\/es\/wp-json\/wp\/v2\/product_cat?post=276314"},{"taxonomy":"product_tag","embeddable":true,"href":"https:\/\/www.miomiorun.com\/es\/wp-json\/wp\/v2\/product_tag?post=276314"}],"curies":[{"name":"wp","href":"https:\/\/api.w.org\/{rel}","templated":true}]}}