{"id":276311,"date":"2020-10-09T10:22:28","date_gmt":"2020-10-09T08:22:28","guid":{"rendered":"https:\/\/miomiorun.com\/prodotto\/uyn-energyon-uw-sleeveless-donna\/"},"modified":"2026-04-29T16:29:26","modified_gmt":"2026-04-29T14:29:26","slug":"uyn-energyon-uw-sleeveless-mujer","status":"publish","type":"product","link":"https:\/\/www.miomiorun.com\/es\/producto\/uyn-energyon-uw-sleeveless-mujer\/","title":{"rendered":"Energyon UW sleeveless mujer"},"content":{"rendered":"<div id=\"tab-description\" class=\"tab-pane active\" role=\"tabpanel\">\n<div class=\"tab-custom\">\n<div class=\"tab-custom-inner-max content-wysiwyg\">\n<p>\u00bfComodidad total incluso en d\u00edas muy calurosos y durante actividades que requieren un gran gasto energ\u00e9tico? Ahora es posible gracias a este maillot sin mangas que incorpora la tecnolog\u00eda Flowtunnels: la distribuci\u00f3n de orificios en las zonas de mayor sudoraci\u00f3n y la combinaci\u00f3n con canales tridimensionales permiten una ventilaci\u00f3n sin igual. El corte anat\u00f3mico garantiza un ajuste \u00f3ptimo en todos los movimientos.<\/p>\n<p>&#8211; Logos bordados<br \/>\n&#8211; Cuello redondo<br \/>\n&#8211; Ribete el\u00e1stico en el bajo<\/p>\n<p>Garant\u00eda de dos a\u00f1os<\/p>\n<\/div>\n<div class=\"tab-custom-inner-max content-wysiwyg\">\n<div class=\"product-line\">\n<p>&nbsp;<\/p>\n<h3>CUANTO M\u00c1S TE MOVES, M\u00c1S FRESCO TE SIENTES<\/h3>\n<p>Libera energ\u00eda. Lleva tu cuerpo al l\u00edmite de su potencia. Ded\u00edcate a los esfuerzos atl\u00e9ticos m\u00e1s intensos. Ahora tienes Energyon, la ropa interior tan ligera que se convierte en aire. Gracias al sistema avanzado de termorregulaci\u00f3n Flowtunnels, los microorificios y los canales tridimensionales generan un flujo de aire excepcional sobre la piel que refresca el cuerpo y elimina el exceso de sudor. Fuimos los primeros en desarrollarlo: con nosotros, tu rendimiento entra en el futuro.<\/p>\n<div id=\"tab-technology\" class=\"tab-pane active\" role=\"tabpanel\">\n<div class=\"tab-custom\">\n<div class=\"tab-items\">\n<div class=\"row\">\n<div class=\"col-xs-12 col-sm-4\">\n<div class=\"tab-item\">\n<div class=\"media media-md\">\n<div class=\"media-left\"><img loading=\"lazy\" decoding=\"async\" class=\"\" src=\"https:\/\/images.prismic.io\/uynsports\/9d7cd200-90ae-403d-8db7-af365cf0be2b_Flowtunnels.png?auto=compress,format&amp;rect=0,0,473,473&amp;w=180&amp;h=180\" alt=\"Flowtunnels\" width=\"120\" height=\"120\" \/><\/div>\n<div class=\"media-body\">\n<div class=\"title\">T\u00faneles de flujo<\/div>\n<p>UN NUEVO CONCEPTO DE VENTILACI\u00d3N<\/p>\n<p>No basta con perforar el tejido para conseguir una mayor ventilaci\u00f3n. Gracias a la innovadora tecnolog\u00eda Flowtunnels, se distribuyen cient\u00edficamente orificios de diferentes di\u00e1metros en las zonas de mayor producci\u00f3n de calor corporal. La perforaci\u00f3n est\u00e1 dise\u00f1ada para aligerar el tejido sin alterar sus caracter\u00edsticas de resistencia y elasticidad. El efecto es doble: la humedad generada durante el esfuerzo f\u00edsico se expulsa, mientras que el aire, a trav\u00e9s de un sistema de canales tridimensionales, circula libremente entre la piel y el tejido para refrescar y aislar al mismo tiempo.<\/p>\n<div id=\"tab-materials\" class=\"tab-pane active\" role=\"tabpanel\">\n<div class=\"tab-custom\">\n<div class=\"tab-custom-inner\">\n<div class=\"tab-custom-inner-max\">\n<div class=\"tab-items\">\n<div class=\"row\">\n<div class=\"col-xs-12\">\n<div class=\"tab-item\">\n<div class=\"media media-md\">\n<div class=\"media-left\"><img loading=\"lazy\" decoding=\"async\" class=\"\" src=\"https:\/\/images.prismic.io\/uynsports\/0798b590316646c1ed24fbe5b9f69ee455b740df_natex.jpg?auto=compress,format\" alt=\"NATEX\" width=\"120\" height=\"120\" \/><\/div>\n<div class=\"media-body\">\n<div class=\"title\">NATEX<\/div>\n<p>100 % DE ORIGEN NATURAL<br \/>\n100 % FUNCIONAL<br \/>\nCon el hilo especial NATEX, UYN pone la naturaleza al servicio de tu bienestar. NATEX es especialmente ligero y reduce el peso de la prenda en un 25 %. Las prendas confeccionadas con NATEX se secan hasta un 50 % m\u00e1s r\u00e1pido que las prendas de nailon del mismo tipo. La fibra org\u00e1nica 100 % natural es m\u00e1s el\u00e1stica y su efecto bacteriost\u00e1tico minimiza los olores.<\/p>\n<\/div>\n<\/div>\n<\/div>\n<\/div>\n<\/div>\n<\/div>\n<\/div>\n<\/div>\n<\/div>\n<\/div>\n<\/div>\n<\/div>\n<\/div>\n<\/div>\n<\/div>\n<\/div>\n<\/div>\n<\/div>\n<\/div>\n<\/div>\n<\/div>\n<\/div>\n","protected":false},"excerpt":{"rendered":"<p>\u00bfComodidad total incluso en d\u00edas muy calurosos y durante actividades que requieren un gran gasto energ\u00e9tico? Ahora es posible gracias a este maillot sin mangas que incorpora la tecnolog\u00eda Flowtunnels: la distribuci\u00f3n de orificios en las zonas de mayor sudoraci\u00f3n y la combinaci\u00f3n con canales tridimensionales permiten una ventilaci\u00f3n sin igual. El corte anat\u00f3mico garantiza &hellip; <a href=\"https:\/\/www.miomiorun.com\/es\/producto\/uyn-energyon-uw-sleeveless-mujer\/\">Continued<\/a><\/p>\n","protected":false},"featured_media":230716,"template":"","meta":{"_acf_changed":false,"inline_featured_image":false},"product_brand":[],"product_cat":[24401,24397,24402],"product_tag":[23525,23621],"class_list":{"0":"post-276311","1":"product","2":"type-product","3":"status-publish","4":"has-post-thumbnail","6":"product_cat-ropa-de-mujer","7":"product_cat-ropa-interior","8":"product_cat-mujer","9":"product_tag-uyn-es","10":"product_tag-uyn-mujer","11":"pa_attivita-caminar","12":"pa_attivita-running-es","13":"pa_marca-uyn-es","14":"pa_sesso-mujer","15":"pa_size-extra-small-es","17":"first","18":"instock","19":"sale","20":"taxable","21":"shipping-taxable","22":"purchasable","23":"product-type-variable","24":"wvs-archive-product-wrapper"},"acf":[],"yoast_head":"<!-- This site is optimized with the Yoast SEO plugin v26.8 - https:\/\/yoast.com\/product\/yoast-seo-wordpress\/ -->\n<title>Uyn Energyon UW sleeveless mujer - Ropa interior t\u00e9rmica - MioMioRun.com<\/title>\n<meta name=\"description\" content=\"Camiseta sin mangas que incorpora la tecnolog\u00eda Flowtunnels: ofrece una ventilaci\u00f3n sin igual. Su corte anat\u00f3mico proporciona un ajuste \u00f3ptimo.\" \/>\n<meta name=\"robots\" content=\"index, follow, max-snippet:-1, max-image-preview:large, max-video-preview:-1\" \/>\n<link rel=\"canonical\" href=\"https:\/\/www.miomiorun.com\/es\/producto\/uyn-energyon-uw-sleeveless-mujer\/\" \/>\n<meta property=\"og:locale\" content=\"es_ES\" \/>\n<meta property=\"og:type\" content=\"article\" \/>\n<meta property=\"og:title\" content=\"Uyn Energyon UW sleeveless mujer - Ropa interior t\u00e9rmica - MioMioRun.com\" \/>\n<meta property=\"og:description\" content=\"Camiseta sin mangas que incorpora la tecnolog\u00eda Flowtunnels: ofrece una ventilaci\u00f3n sin igual. Su corte anat\u00f3mico proporciona un ajuste \u00f3ptimo.\" \/>\n<meta property=\"og:url\" content=\"https:\/\/www.miomiorun.com\/es\/producto\/uyn-energyon-uw-sleeveless-mujer\/\" \/>\n<meta property=\"og:site_name\" content=\"MioMioRun\" \/>\n<meta property=\"article:publisher\" content=\"https:\/\/www.facebook.com\/miomiorun\/\" \/>\n<meta property=\"article:modified_time\" content=\"2026-04-29T14:29:26+00:00\" \/>\n<meta property=\"og:image\" content=\"https:\/\/www.miomiorun.com\/app\/uploads\/2020\/10\/Uyn-Lady-Energyon-UW-sleeveless-U100158-BLACK.jpg\" \/>\n\t<meta property=\"og:image:width\" content=\"600\" \/>\n\t<meta property=\"og:image:height\" content=\"600\" \/>\n\t<meta property=\"og:image:type\" content=\"image\/jpeg\" \/>\n<meta name=\"twitter:card\" content=\"summary_large_image\" \/>\n<meta name=\"twitter:label1\" content=\"Est. reading time\" \/>\n\t<meta name=\"twitter:data1\" content=\"2 minutes\" \/>\n<script type=\"application\/ld+json\" class=\"yoast-schema-graph\">{\"@context\":\"https:\/\/schema.org\",\"@graph\":[{\"@type\":\"WebPage\",\"@id\":\"https:\/\/www.miomiorun.com\/es\/producto\/uyn-energyon-uw-sleeveless-mujer\/\",\"url\":\"https:\/\/www.miomiorun.com\/es\/producto\/uyn-energyon-uw-sleeveless-mujer\/\",\"name\":\"Uyn Energyon UW sleeveless mujer - Ropa interior t\u00e9rmica - MioMioRun.com\",\"isPartOf\":{\"@id\":\"https:\/\/www.miomiorun.com\/es\/#website\"},\"primaryImageOfPage\":{\"@id\":\"https:\/\/www.miomiorun.com\/es\/producto\/uyn-energyon-uw-sleeveless-mujer\/#primaryimage\"},\"image\":{\"@id\":\"https:\/\/www.miomiorun.com\/es\/producto\/uyn-energyon-uw-sleeveless-mujer\/#primaryimage\"},\"thumbnailUrl\":\"https:\/\/www.miomiorun.com\/app\/uploads\/2020\/10\/Uyn-Lady-Energyon-UW-sleeveless-U100158-BLACK.jpg\",\"datePublished\":\"2020-10-09T08:22:28+00:00\",\"dateModified\":\"2026-04-29T14:29:26+00:00\",\"description\":\"Camiseta sin mangas que incorpora la tecnolog\u00eda Flowtunnels: ofrece una ventilaci\u00f3n sin igual. Su corte anat\u00f3mico proporciona un ajuste \u00f3ptimo.\",\"breadcrumb\":{\"@id\":\"https:\/\/www.miomiorun.com\/es\/producto\/uyn-energyon-uw-sleeveless-mujer\/#breadcrumb\"},\"inLanguage\":\"es-ES\",\"potentialAction\":[{\"@type\":\"ReadAction\",\"target\":[\"https:\/\/www.miomiorun.com\/es\/producto\/uyn-energyon-uw-sleeveless-mujer\/\"]}]},{\"@type\":\"ImageObject\",\"inLanguage\":\"es-ES\",\"@id\":\"https:\/\/www.miomiorun.com\/es\/producto\/uyn-energyon-uw-sleeveless-mujer\/#primaryimage\",\"url\":\"https:\/\/www.miomiorun.com\/app\/uploads\/2020\/10\/Uyn-Lady-Energyon-UW-sleeveless-U100158-BLACK.jpg\",\"contentUrl\":\"https:\/\/www.miomiorun.com\/app\/uploads\/2020\/10\/Uyn-Lady-Energyon-UW-sleeveless-U100158-BLACK.jpg\",\"width\":600,\"height\":600,\"caption\":\"Uyn-Lady-Energyon-UW-sleeveless-U100158-BLACK\"},{\"@type\":\"BreadcrumbList\",\"@id\":\"https:\/\/www.miomiorun.com\/es\/producto\/uyn-energyon-uw-sleeveless-mujer\/#breadcrumb\",\"itemListElement\":[{\"@type\":\"ListItem\",\"position\":1,\"name\":\"Home\",\"item\":\"https:\/\/www.miomiorun.com\/es\/\"},{\"@type\":\"ListItem\",\"position\":2,\"name\":\"Shop\",\"item\":\"https:\/\/www.miomiorun.com\/shop\/\"},{\"@type\":\"ListItem\",\"position\":3,\"name\":\"Energyon UW sleeveless mujer\"}]},{\"@type\":\"WebSite\",\"@id\":\"https:\/\/www.miomiorun.com\/es\/#website\",\"url\":\"https:\/\/www.miomiorun.com\/es\/\",\"name\":\"MioMioRun\",\"description\":\"Tienda 100% running y trail\",\"publisher\":{\"@id\":\"https:\/\/www.miomiorun.com\/es\/#organization\"},\"potentialAction\":[{\"@type\":\"SearchAction\",\"target\":{\"@type\":\"EntryPoint\",\"urlTemplate\":\"https:\/\/www.miomiorun.com\/es\/?s={search_term_string}\"},\"query-input\":{\"@type\":\"PropertyValueSpecification\",\"valueRequired\":true,\"valueName\":\"search_term_string\"}}],\"inLanguage\":\"es-ES\"},{\"@type\":\"Organization\",\"@id\":\"https:\/\/www.miomiorun.com\/es\/#organization\",\"name\":\"MioMio Run\",\"url\":\"https:\/\/www.miomiorun.com\/es\/\",\"logo\":{\"@type\":\"ImageObject\",\"inLanguage\":\"es-ES\",\"@id\":\"https:\/\/www.miomiorun.com\/es\/#\/schema\/logo\/image\/\",\"url\":\"https:\/\/www.miomiorun.com\/app\/uploads\/2019\/12\/logomio.png\",\"contentUrl\":\"https:\/\/www.miomiorun.com\/app\/uploads\/2019\/12\/logomio.png\",\"width\":115,\"height\":82,\"caption\":\"MioMio Run\"},\"image\":{\"@id\":\"https:\/\/www.miomiorun.com\/es\/#\/schema\/logo\/image\/\"},\"sameAs\":[\"https:\/\/www.facebook.com\/miomiorun\/\",\"https:\/\/www.instagram.com\/miomiorun\/\"]}]}<\/script>\n<!-- \/ Yoast SEO plugin. -->","yoast_head_json":{"title":"Uyn Energyon UW sleeveless mujer - Ropa interior t\u00e9rmica - MioMioRun.com","description":"Camiseta sin mangas que incorpora la tecnolog\u00eda Flowtunnels: ofrece una ventilaci\u00f3n sin igual. Su corte anat\u00f3mico proporciona un ajuste \u00f3ptimo.","robots":{"index":"index","follow":"follow","max-snippet":"max-snippet:-1","max-image-preview":"max-image-preview:large","max-video-preview":"max-video-preview:-1"},"canonical":"https:\/\/www.miomiorun.com\/es\/producto\/uyn-energyon-uw-sleeveless-mujer\/","og_locale":"es_ES","og_type":"article","og_title":"Uyn Energyon UW sleeveless mujer - Ropa interior t\u00e9rmica - MioMioRun.com","og_description":"Camiseta sin mangas que incorpora la tecnolog\u00eda Flowtunnels: ofrece una ventilaci\u00f3n sin igual. Su corte anat\u00f3mico proporciona un ajuste \u00f3ptimo.","og_url":"https:\/\/www.miomiorun.com\/es\/producto\/uyn-energyon-uw-sleeveless-mujer\/","og_site_name":"MioMioRun","article_publisher":"https:\/\/www.facebook.com\/miomiorun\/","article_modified_time":"2026-04-29T14:29:26+00:00","og_image":[{"width":600,"height":600,"url":"https:\/\/www.miomiorun.com\/app\/uploads\/2020\/10\/Uyn-Lady-Energyon-UW-sleeveless-U100158-BLACK.jpg","type":"image\/jpeg"}],"twitter_card":"summary_large_image","twitter_misc":{"Est. reading time":"2 minutes"},"schema":{"@context":"https:\/\/schema.org","@graph":[{"@type":"WebPage","@id":"https:\/\/www.miomiorun.com\/es\/producto\/uyn-energyon-uw-sleeveless-mujer\/","url":"https:\/\/www.miomiorun.com\/es\/producto\/uyn-energyon-uw-sleeveless-mujer\/","name":"Uyn Energyon UW sleeveless mujer - Ropa interior t\u00e9rmica - MioMioRun.com","isPartOf":{"@id":"https:\/\/www.miomiorun.com\/es\/#website"},"primaryImageOfPage":{"@id":"https:\/\/www.miomiorun.com\/es\/producto\/uyn-energyon-uw-sleeveless-mujer\/#primaryimage"},"image":{"@id":"https:\/\/www.miomiorun.com\/es\/producto\/uyn-energyon-uw-sleeveless-mujer\/#primaryimage"},"thumbnailUrl":"https:\/\/www.miomiorun.com\/app\/uploads\/2020\/10\/Uyn-Lady-Energyon-UW-sleeveless-U100158-BLACK.jpg","datePublished":"2020-10-09T08:22:28+00:00","dateModified":"2026-04-29T14:29:26+00:00","description":"Camiseta sin mangas que incorpora la tecnolog\u00eda Flowtunnels: ofrece una ventilaci\u00f3n sin igual. Su corte anat\u00f3mico proporciona un ajuste \u00f3ptimo.","breadcrumb":{"@id":"https:\/\/www.miomiorun.com\/es\/producto\/uyn-energyon-uw-sleeveless-mujer\/#breadcrumb"},"inLanguage":"es-ES","potentialAction":[{"@type":"ReadAction","target":["https:\/\/www.miomiorun.com\/es\/producto\/uyn-energyon-uw-sleeveless-mujer\/"]}]},{"@type":"ImageObject","inLanguage":"es-ES","@id":"https:\/\/www.miomiorun.com\/es\/producto\/uyn-energyon-uw-sleeveless-mujer\/#primaryimage","url":"https:\/\/www.miomiorun.com\/app\/uploads\/2020\/10\/Uyn-Lady-Energyon-UW-sleeveless-U100158-BLACK.jpg","contentUrl":"https:\/\/www.miomiorun.com\/app\/uploads\/2020\/10\/Uyn-Lady-Energyon-UW-sleeveless-U100158-BLACK.jpg","width":600,"height":600,"caption":"Uyn-Lady-Energyon-UW-sleeveless-U100158-BLACK"},{"@type":"BreadcrumbList","@id":"https:\/\/www.miomiorun.com\/es\/producto\/uyn-energyon-uw-sleeveless-mujer\/#breadcrumb","itemListElement":[{"@type":"ListItem","position":1,"name":"Home","item":"https:\/\/www.miomiorun.com\/es\/"},{"@type":"ListItem","position":2,"name":"Shop","item":"https:\/\/www.miomiorun.com\/shop\/"},{"@type":"ListItem","position":3,"name":"Energyon UW sleeveless mujer"}]},{"@type":"WebSite","@id":"https:\/\/www.miomiorun.com\/es\/#website","url":"https:\/\/www.miomiorun.com\/es\/","name":"MioMioRun","description":"Tienda 100% running y trail","publisher":{"@id":"https:\/\/www.miomiorun.com\/es\/#organization"},"potentialAction":[{"@type":"SearchAction","target":{"@type":"EntryPoint","urlTemplate":"https:\/\/www.miomiorun.com\/es\/?s={search_term_string}"},"query-input":{"@type":"PropertyValueSpecification","valueRequired":true,"valueName":"search_term_string"}}],"inLanguage":"es-ES"},{"@type":"Organization","@id":"https:\/\/www.miomiorun.com\/es\/#organization","name":"MioMio Run","url":"https:\/\/www.miomiorun.com\/es\/","logo":{"@type":"ImageObject","inLanguage":"es-ES","@id":"https:\/\/www.miomiorun.com\/es\/#\/schema\/logo\/image\/","url":"https:\/\/www.miomiorun.com\/app\/uploads\/2019\/12\/logomio.png","contentUrl":"https:\/\/www.miomiorun.com\/app\/uploads\/2019\/12\/logomio.png","width":115,"height":82,"caption":"MioMio Run"},"image":{"@id":"https:\/\/www.miomiorun.com\/es\/#\/schema\/logo\/image\/"},"sameAs":["https:\/\/www.facebook.com\/miomiorun\/","https:\/\/www.instagram.com\/miomiorun\/"]}]}},"_links":{"self":[{"href":"https:\/\/www.miomiorun.com\/es\/wp-json\/wp\/v2\/product\/276311","targetHints":{"allow":["GET"]}}],"collection":[{"href":"https:\/\/www.miomiorun.com\/es\/wp-json\/wp\/v2\/product"}],"about":[{"href":"https:\/\/www.miomiorun.com\/es\/wp-json\/wp\/v2\/types\/product"}],"wp:featuredmedia":[{"embeddable":true,"href":"https:\/\/www.miomiorun.com\/es\/wp-json\/wp\/v2\/media\/230716"}],"wp:attachment":[{"href":"https:\/\/www.miomiorun.com\/es\/wp-json\/wp\/v2\/media?parent=276311"}],"wp:term":[{"taxonomy":"product_brand","embeddable":true,"href":"https:\/\/www.miomiorun.com\/es\/wp-json\/wp\/v2\/product_brand?post=276311"},{"taxonomy":"product_cat","embeddable":true,"href":"https:\/\/www.miomiorun.com\/es\/wp-json\/wp\/v2\/product_cat?post=276311"},{"taxonomy":"product_tag","embeddable":true,"href":"https:\/\/www.miomiorun.com\/es\/wp-json\/wp\/v2\/product_tag?post=276311"}],"curies":[{"name":"wp","href":"https:\/\/api.w.org\/{rel}","templated":true}]}}