{"id":276282,"date":"2020-10-20T17:17:09","date_gmt":"2020-10-20T15:17:09","guid":{"rendered":"https:\/\/miomiorun.com\/prodotto\/la-sportiva-comet-skirt-donna\/"},"modified":"2026-04-29T16:32:24","modified_gmt":"2026-04-29T14:32:24","slug":"la-sportiva-comet-skirt-mujer","status":"publish","type":"product","link":"https:\/\/www.miomiorun.com\/es\/producto\/la-sportiva-comet-skirt-mujer\/","title":{"rendered":"Comet Skirt mujer"},"content":{"rendered":"<p>Una falda de trail running perfecta para realzar la feminidad incluso durante la actividad f\u00edsica: ligera y de secado r\u00e1pido, permite la m\u00e1xima libertad de movimiento.<\/p>\n<div class=\"data item content\" role=\"tabpanel\" aria-labelledby=\"tab-label-techinfo\" data-role=\"content\" aria-hidden=\"false\">\n<div class=\"techinfo-container\">\n<div class=\"techinfo-icons\">\n<div class=\"techinfo-icon\"><a> <img decoding=\"async\" src=\"https:\/\/www.lasportiva.com\/media\/techinfo_icons\/elasticita.png\" alt=\"La Sportiva\" \/><\/a><\/div>\n<div><strong>Elasticidad: <\/strong>Prendas c\u00f3modas y adaptables que garantizan la m\u00e1xima libertad de movimiento.<\/div>\n<div class=\"techinfo-icon\"><a> <img decoding=\"async\" src=\"https:\/\/www.lasportiva.com\/media\/techinfo_icons\/L2.png\" alt=\"La Sportiva\" \/><\/a><\/div>\n<div><strong>L2 &#8211; CAPA INTERMEDIA Y CAPA T\u00c9RMICA : <\/strong>Proporciona un mayor aislamiento t\u00e9rmico y favorece la evacuaci\u00f3n del sudor gracias a su elevada transpirabilidad.<\/div>\n<div class=\"techinfo-icon\"><a> <img decoding=\"async\" src=\"https:\/\/www.lasportiva.com\/media\/techinfo_icons\/regular-fit.png\" alt=\"La Sportiva\" \/><\/a><\/div>\n<div><strong>Corte regular: <\/strong>Corte t\u00e9cnico y c\u00f3modo.<\/div>\n<div class=\"techinfo-icon\"><a> <img decoding=\"async\" src=\"https:\/\/www.lasportiva.com\/media\/techinfo_icons\/leggerezza.png\" alt=\"La Sportiva\" \/><\/a><\/div>\n<div><strong>Ligereza: <\/strong>Productos que mantienen el peso al m\u00ednimo<\/div>\n<div class=\"techinfo-icon\"><a> <img decoding=\"async\" src=\"https:\/\/www.lasportiva.com\/media\/techinfo_icons\/traspirabilita.png\" alt=\"La Sportiva\" \/><\/a><\/div>\n<div><strong>Transpirabilidad: <\/strong>Productos altamente transpirables para un confort clim\u00e1tico \u00f3ptimo.<\/div>\n<div class=\"techinfo-icon\"><a> <img decoding=\"async\" src=\"https:\/\/www.lasportiva.com\/media\/techinfo_icons\/Bluesign.png\" alt=\"La Sportiva\" \/><\/a><\/div>\n<div>\u00bfQU\u00c9 ES EL SISTEMA BLUESIGN? &#8211; El sistema de certificaci\u00f3n \u00abbluesign\u00ae system\u00bb certifica la sostenibilidad de toda la cadena de producci\u00f3n textil. Elimina las sustancias peligrosas para las personas y el medio ambiente desde el inicio del proceso de producci\u00f3n, estableciendo y controlando los est\u00e1ndares socioambientales y de eco-compatibilidad de todos los procesos productivos implicados a lo largo de la cadena de valor, garantizando al consumidor la compra de productos sostenibles. La Sportiva es miembro oficial de bluesign\u00ae desde 2012: esto certifica que toda la cadena de producci\u00f3n textil cumple los criterios socioambientales promovidos por bluesign\u00ae. Desde 2014\/15, La Sportiva fabrica adem\u00e1s productos totalmente certificados por bluesign\u00ae en los que se aplica la etiqueta oficial de bluesign\u00ae product. \u00bfQU\u00c9 SIGNIFICA UN PRODUCTO CERTIFICADO BLUESIGN? &#8211; Un producto certificado bluesign\u00ae garantiza el m\u00e1ximo nivel de seguridad para el consumidor en t\u00e9rminos de respeto socioambiental y certifica que el producto se ha obtenido con el menor impacto posible sobre el planeta y las personas, respetando los est\u00e1ndares de calidad aprobados por bluesign\u00ae y utilizando recursos sostenibles a lo largo de toda la cadena de producci\u00f3n. Un producto bluesign\u00ae es la prueba del compromiso de la empresa con la sostenibilidad del planeta.<\/div>\n<\/div>\n<div class=\"techinfo-description\"><b>Material: <\/b>Exterior: (PW07) 86 % poli\u00e9ster, 14 % elastano. Calzoncillo interior: (PN13) 92 % poli\u00e9ster, 8 % elastano<br \/>\n<b>Peso: <\/b>123 g (M)<\/div>\n<\/div>\n<\/div>\n","protected":false},"excerpt":{"rendered":"<p>Una falda de trail running perfecta para realzar la feminidad incluso durante la actividad f\u00edsica: ligera y de secado r\u00e1pido, permite la m\u00e1xima libertad de movimiento. Elasticidad: Prendas c\u00f3modas y adaptables que garantizan la m\u00e1xima libertad de movimiento. L2 &#8211; CAPA INTERMEDIA Y CAPA T\u00c9RMICA : Proporciona un mayor aislamiento t\u00e9rmico y favorece la evacuaci\u00f3n &hellip; <a href=\"https:\/\/www.miomiorun.com\/es\/producto\/la-sportiva-comet-skirt-mujer\/\">Continued<\/a><\/p>\n","protected":false},"featured_media":230762,"template":"","meta":{"_acf_changed":false,"inline_featured_image":false},"product_brand":[],"product_cat":[24423,24420],"product_tag":[23598,23640],"class_list":{"0":"post-276282","1":"product","2":"type-product","3":"status-publish","4":"has-post-thumbnail","6":"product_cat-pantalones-cortos-es","7":"product_cat-ropa-de-mujer-es","8":"product_tag-la-sportiva-es","9":"product_tag-la-sportiva-mujer","10":"pa_attivita-trail-es","11":"pa_colore-comet-skirt-w-hibiscus-flamingo-es","12":"pa_colore-comet-skirt-w-pacific-blue-neptune-es","13":"pa_marca-la-sportiva-es","14":"pa_sesso-mujer","15":"pa_size-extra-small-es","16":"pa_size-small-es","17":"pa_size-medium-es","18":"pa_size-large-es","20":"first","21":"instock","22":"sale","23":"taxable","24":"shipping-taxable","25":"purchasable","26":"product-type-variable","27":"wvs-archive-product-wrapper"},"acf":[],"yoast_head":"<!-- This site is optimized with the Yoast SEO plugin v26.8 - https:\/\/yoast.com\/product\/yoast-seo-wordpress\/ -->\n<title>La Sportiva Comet Skirt mujer - Carrera de Gonne - MioMioRun<\/title>\n<meta name=\"description\" content=\"Faldita de trail running para realzar la feminidad durante la actividad f\u00edsica: ligera, de secado r\u00e1pido y con m\u00e1xima libertad de movimiento\" \/>\n<meta name=\"robots\" content=\"index, follow, max-snippet:-1, max-image-preview:large, max-video-preview:-1\" \/>\n<link rel=\"canonical\" href=\"https:\/\/www.miomiorun.com\/es\/producto\/la-sportiva-comet-skirt-mujer\/\" \/>\n<meta property=\"og:locale\" content=\"es_ES\" \/>\n<meta property=\"og:type\" content=\"article\" \/>\n<meta property=\"og:title\" content=\"La Sportiva Comet Skirt mujer - Carrera de Gonne - MioMioRun\" \/>\n<meta property=\"og:description\" content=\"Faldita de trail running para realzar la feminidad durante la actividad f\u00edsica: ligera, de secado r\u00e1pido y con m\u00e1xima libertad de movimiento\" \/>\n<meta property=\"og:url\" content=\"https:\/\/www.miomiorun.com\/es\/producto\/la-sportiva-comet-skirt-mujer\/\" \/>\n<meta property=\"og:site_name\" content=\"MioMioRun\" \/>\n<meta property=\"article:publisher\" content=\"https:\/\/www.facebook.com\/miomiorun\/\" \/>\n<meta property=\"article:modified_time\" content=\"2026-04-29T14:32:24+00:00\" \/>\n<meta property=\"og:image\" content=\"https:\/\/www.miomiorun.com\/app\/uploads\/2020\/10\/la-sportiva-Comet-skirt-K52402403.jpg\" \/>\n\t<meta property=\"og:image:width\" content=\"600\" \/>\n\t<meta property=\"og:image:height\" content=\"600\" \/>\n\t<meta property=\"og:image:type\" content=\"image\/jpeg\" \/>\n<meta name=\"twitter:card\" content=\"summary_large_image\" \/>\n<meta name=\"twitter:label1\" content=\"Est. reading time\" \/>\n\t<meta name=\"twitter:data1\" content=\"2 minutes\" \/>\n<script type=\"application\/ld+json\" class=\"yoast-schema-graph\">{\"@context\":\"https:\/\/schema.org\",\"@graph\":[{\"@type\":\"WebPage\",\"@id\":\"https:\/\/www.miomiorun.com\/es\/producto\/la-sportiva-comet-skirt-mujer\/\",\"url\":\"https:\/\/www.miomiorun.com\/es\/producto\/la-sportiva-comet-skirt-mujer\/\",\"name\":\"La Sportiva Comet Skirt mujer - Carrera de Gonne - MioMioRun\",\"isPartOf\":{\"@id\":\"https:\/\/www.miomiorun.com\/es\/#website\"},\"primaryImageOfPage\":{\"@id\":\"https:\/\/www.miomiorun.com\/es\/producto\/la-sportiva-comet-skirt-mujer\/#primaryimage\"},\"image\":{\"@id\":\"https:\/\/www.miomiorun.com\/es\/producto\/la-sportiva-comet-skirt-mujer\/#primaryimage\"},\"thumbnailUrl\":\"https:\/\/www.miomiorun.com\/app\/uploads\/2020\/10\/la-sportiva-Comet-skirt-K52402403.jpg\",\"datePublished\":\"2020-10-20T15:17:09+00:00\",\"dateModified\":\"2026-04-29T14:32:24+00:00\",\"description\":\"Faldita de trail running para realzar la feminidad durante la actividad f\u00edsica: ligera, de secado r\u00e1pido y con m\u00e1xima libertad de movimiento\",\"breadcrumb\":{\"@id\":\"https:\/\/www.miomiorun.com\/es\/producto\/la-sportiva-comet-skirt-mujer\/#breadcrumb\"},\"inLanguage\":\"es-ES\",\"potentialAction\":[{\"@type\":\"ReadAction\",\"target\":[\"https:\/\/www.miomiorun.com\/es\/producto\/la-sportiva-comet-skirt-mujer\/\"]}]},{\"@type\":\"ImageObject\",\"inLanguage\":\"es-ES\",\"@id\":\"https:\/\/www.miomiorun.com\/es\/producto\/la-sportiva-comet-skirt-mujer\/#primaryimage\",\"url\":\"https:\/\/www.miomiorun.com\/app\/uploads\/2020\/10\/la-sportiva-Comet-skirt-K52402403.jpg\",\"contentUrl\":\"https:\/\/www.miomiorun.com\/app\/uploads\/2020\/10\/la-sportiva-Comet-skirt-K52402403.jpg\",\"width\":600,\"height\":600,\"caption\":\"la-sportiva-Comet-skirt-K52402403\"},{\"@type\":\"BreadcrumbList\",\"@id\":\"https:\/\/www.miomiorun.com\/es\/producto\/la-sportiva-comet-skirt-mujer\/#breadcrumb\",\"itemListElement\":[{\"@type\":\"ListItem\",\"position\":1,\"name\":\"Home\",\"item\":\"https:\/\/www.miomiorun.com\/es\/\"},{\"@type\":\"ListItem\",\"position\":2,\"name\":\"Shop\",\"item\":\"https:\/\/www.miomiorun.com\/shop\/\"},{\"@type\":\"ListItem\",\"position\":3,\"name\":\"Comet Skirt mujer\"}]},{\"@type\":\"WebSite\",\"@id\":\"https:\/\/www.miomiorun.com\/es\/#website\",\"url\":\"https:\/\/www.miomiorun.com\/es\/\",\"name\":\"MioMioRun\",\"description\":\"Tienda 100% running y trail\",\"publisher\":{\"@id\":\"https:\/\/www.miomiorun.com\/es\/#organization\"},\"potentialAction\":[{\"@type\":\"SearchAction\",\"target\":{\"@type\":\"EntryPoint\",\"urlTemplate\":\"https:\/\/www.miomiorun.com\/es\/?s={search_term_string}\"},\"query-input\":{\"@type\":\"PropertyValueSpecification\",\"valueRequired\":true,\"valueName\":\"search_term_string\"}}],\"inLanguage\":\"es-ES\"},{\"@type\":\"Organization\",\"@id\":\"https:\/\/www.miomiorun.com\/es\/#organization\",\"name\":\"MioMio Run\",\"url\":\"https:\/\/www.miomiorun.com\/es\/\",\"logo\":{\"@type\":\"ImageObject\",\"inLanguage\":\"es-ES\",\"@id\":\"https:\/\/www.miomiorun.com\/es\/#\/schema\/logo\/image\/\",\"url\":\"https:\/\/www.miomiorun.com\/app\/uploads\/2019\/12\/logomio.png\",\"contentUrl\":\"https:\/\/www.miomiorun.com\/app\/uploads\/2019\/12\/logomio.png\",\"width\":115,\"height\":82,\"caption\":\"MioMio Run\"},\"image\":{\"@id\":\"https:\/\/www.miomiorun.com\/es\/#\/schema\/logo\/image\/\"},\"sameAs\":[\"https:\/\/www.facebook.com\/miomiorun\/\",\"https:\/\/www.instagram.com\/miomiorun\/\"]}]}<\/script>\n<!-- \/ Yoast SEO plugin. -->","yoast_head_json":{"title":"La Sportiva Comet Skirt mujer - Carrera de Gonne - MioMioRun","description":"Faldita de trail running para realzar la feminidad durante la actividad f\u00edsica: ligera, de secado r\u00e1pido y con m\u00e1xima libertad de movimiento","robots":{"index":"index","follow":"follow","max-snippet":"max-snippet:-1","max-image-preview":"max-image-preview:large","max-video-preview":"max-video-preview:-1"},"canonical":"https:\/\/www.miomiorun.com\/es\/producto\/la-sportiva-comet-skirt-mujer\/","og_locale":"es_ES","og_type":"article","og_title":"La Sportiva Comet Skirt mujer - Carrera de Gonne - MioMioRun","og_description":"Faldita de trail running para realzar la feminidad durante la actividad f\u00edsica: ligera, de secado r\u00e1pido y con m\u00e1xima libertad de movimiento","og_url":"https:\/\/www.miomiorun.com\/es\/producto\/la-sportiva-comet-skirt-mujer\/","og_site_name":"MioMioRun","article_publisher":"https:\/\/www.facebook.com\/miomiorun\/","article_modified_time":"2026-04-29T14:32:24+00:00","og_image":[{"width":600,"height":600,"url":"https:\/\/www.miomiorun.com\/app\/uploads\/2020\/10\/la-sportiva-Comet-skirt-K52402403.jpg","type":"image\/jpeg"}],"twitter_card":"summary_large_image","twitter_misc":{"Est. reading time":"2 minutes"},"schema":{"@context":"https:\/\/schema.org","@graph":[{"@type":"WebPage","@id":"https:\/\/www.miomiorun.com\/es\/producto\/la-sportiva-comet-skirt-mujer\/","url":"https:\/\/www.miomiorun.com\/es\/producto\/la-sportiva-comet-skirt-mujer\/","name":"La Sportiva Comet Skirt mujer - Carrera de Gonne - MioMioRun","isPartOf":{"@id":"https:\/\/www.miomiorun.com\/es\/#website"},"primaryImageOfPage":{"@id":"https:\/\/www.miomiorun.com\/es\/producto\/la-sportiva-comet-skirt-mujer\/#primaryimage"},"image":{"@id":"https:\/\/www.miomiorun.com\/es\/producto\/la-sportiva-comet-skirt-mujer\/#primaryimage"},"thumbnailUrl":"https:\/\/www.miomiorun.com\/app\/uploads\/2020\/10\/la-sportiva-Comet-skirt-K52402403.jpg","datePublished":"2020-10-20T15:17:09+00:00","dateModified":"2026-04-29T14:32:24+00:00","description":"Faldita de trail running para realzar la feminidad durante la actividad f\u00edsica: ligera, de secado r\u00e1pido y con m\u00e1xima libertad de movimiento","breadcrumb":{"@id":"https:\/\/www.miomiorun.com\/es\/producto\/la-sportiva-comet-skirt-mujer\/#breadcrumb"},"inLanguage":"es-ES","potentialAction":[{"@type":"ReadAction","target":["https:\/\/www.miomiorun.com\/es\/producto\/la-sportiva-comet-skirt-mujer\/"]}]},{"@type":"ImageObject","inLanguage":"es-ES","@id":"https:\/\/www.miomiorun.com\/es\/producto\/la-sportiva-comet-skirt-mujer\/#primaryimage","url":"https:\/\/www.miomiorun.com\/app\/uploads\/2020\/10\/la-sportiva-Comet-skirt-K52402403.jpg","contentUrl":"https:\/\/www.miomiorun.com\/app\/uploads\/2020\/10\/la-sportiva-Comet-skirt-K52402403.jpg","width":600,"height":600,"caption":"la-sportiva-Comet-skirt-K52402403"},{"@type":"BreadcrumbList","@id":"https:\/\/www.miomiorun.com\/es\/producto\/la-sportiva-comet-skirt-mujer\/#breadcrumb","itemListElement":[{"@type":"ListItem","position":1,"name":"Home","item":"https:\/\/www.miomiorun.com\/es\/"},{"@type":"ListItem","position":2,"name":"Shop","item":"https:\/\/www.miomiorun.com\/shop\/"},{"@type":"ListItem","position":3,"name":"Comet Skirt mujer"}]},{"@type":"WebSite","@id":"https:\/\/www.miomiorun.com\/es\/#website","url":"https:\/\/www.miomiorun.com\/es\/","name":"MioMioRun","description":"Tienda 100% running y trail","publisher":{"@id":"https:\/\/www.miomiorun.com\/es\/#organization"},"potentialAction":[{"@type":"SearchAction","target":{"@type":"EntryPoint","urlTemplate":"https:\/\/www.miomiorun.com\/es\/?s={search_term_string}"},"query-input":{"@type":"PropertyValueSpecification","valueRequired":true,"valueName":"search_term_string"}}],"inLanguage":"es-ES"},{"@type":"Organization","@id":"https:\/\/www.miomiorun.com\/es\/#organization","name":"MioMio Run","url":"https:\/\/www.miomiorun.com\/es\/","logo":{"@type":"ImageObject","inLanguage":"es-ES","@id":"https:\/\/www.miomiorun.com\/es\/#\/schema\/logo\/image\/","url":"https:\/\/www.miomiorun.com\/app\/uploads\/2019\/12\/logomio.png","contentUrl":"https:\/\/www.miomiorun.com\/app\/uploads\/2019\/12\/logomio.png","width":115,"height":82,"caption":"MioMio Run"},"image":{"@id":"https:\/\/www.miomiorun.com\/es\/#\/schema\/logo\/image\/"},"sameAs":["https:\/\/www.facebook.com\/miomiorun\/","https:\/\/www.instagram.com\/miomiorun\/"]}]}},"_links":{"self":[{"href":"https:\/\/www.miomiorun.com\/es\/wp-json\/wp\/v2\/product\/276282","targetHints":{"allow":["GET"]}}],"collection":[{"href":"https:\/\/www.miomiorun.com\/es\/wp-json\/wp\/v2\/product"}],"about":[{"href":"https:\/\/www.miomiorun.com\/es\/wp-json\/wp\/v2\/types\/product"}],"wp:featuredmedia":[{"embeddable":true,"href":"https:\/\/www.miomiorun.com\/es\/wp-json\/wp\/v2\/media\/230762"}],"wp:attachment":[{"href":"https:\/\/www.miomiorun.com\/es\/wp-json\/wp\/v2\/media?parent=276282"}],"wp:term":[{"taxonomy":"product_brand","embeddable":true,"href":"https:\/\/www.miomiorun.com\/es\/wp-json\/wp\/v2\/product_brand?post=276282"},{"taxonomy":"product_cat","embeddable":true,"href":"https:\/\/www.miomiorun.com\/es\/wp-json\/wp\/v2\/product_cat?post=276282"},{"taxonomy":"product_tag","embeddable":true,"href":"https:\/\/www.miomiorun.com\/es\/wp-json\/wp\/v2\/product_tag?post=276282"}],"curies":[{"name":"wp","href":"https:\/\/api.w.org\/{rel}","templated":true}]}}