{"id":276252,"date":"2020-10-21T10:21:23","date_gmt":"2020-10-21T08:21:23","guid":{"rendered":"https:\/\/miomiorun.com\/prodotto\/la-sportiva-draft-t-shirt-donna\/"},"modified":"2026-04-22T16:25:23","modified_gmt":"2026-04-22T14:25:23","slug":"la-sportiva-draft-t-shirt-mujer","status":"publish","type":"product","link":"https:\/\/www.miomiorun.com\/es\/producto\/la-sportiva-draft-t-shirt-mujer\/","title":{"rendered":"Draft T-Shirt mujer"},"content":{"rendered":"<p>Gracias a su nuevo y atractivo dise\u00f1o, la camiseta Draft rebosa energ\u00eda. El tejido ligero y transpirable, con tratamientos antibacterianos y antiolor (Polygiene\u00ae), garantiza la m\u00e1xima comodidad incluso durante la actividad deportiva m\u00e1s intensa.<\/p>\n<div class=\"data item content\" role=\"tabpanel\" aria-labelledby=\"tab-label-techinfo\" data-role=\"content\" aria-hidden=\"false\">\n<div class=\"techinfo-container\">\n<div class=\"techinfo-icons\">\n<div class=\"techinfo-icon\"><a> <img decoding=\"async\" src=\"https:\/\/www.lasportiva.com\/media\/techinfo_icons\/traspirabilita.png\" alt=\"La Sportiva\"><\/a><\/div>\n<div><strong>Transpirabilidad: <\/strong>Productos altamente transpirables para un excelente confort clim\u00e1tico.<\/div>\n<div class=\"techinfo-icon\"><a> <img decoding=\"async\" src=\"https:\/\/www.lasportiva.com\/media\/techinfo_icons\/leggerezza.png\" alt=\"La Sportiva\"><\/a><\/div>\n<div><strong>Ligereza: <\/strong>Productos que mantienen el peso al m\u00ednimo<\/div>\n<div class=\"techinfo-icon\"><a> <img decoding=\"async\" src=\"https:\/\/www.lasportiva.com\/media\/techinfo_icons\/polygiene.png\" alt=\"La Sportiva\"><\/a><\/div>\n<div>La tecnolog\u00eda antibacteriana y antiolor Polygiene\u00ae es un tratamiento duradero, eficaz y sostenible que utiliza sales de plata para impedir la formaci\u00f3n de las bacterias que causan los malos olores. \u00bfEl resultado? <strong>Se pueden llevar las prendas durante m\u00e1s tiempo sin lavarlas.<\/strong><\/div>\n<div class=\"techinfo-icon\"><a> <img decoding=\"async\" src=\"https:\/\/www.lasportiva.com\/media\/techinfo_icons\/elasticita.png\" alt=\"La Sportiva\"><\/a><\/div>\n<div><strong>Elasticidad: <\/strong>Prendas c\u00f3modas y adaptables que garantizan la m\u00e1xima libertad de movimiento.<\/div>\n<div class=\"techinfo-icon\"><a><img decoding=\"async\" src=\"https:\/\/www.lasportiva.com\/media\/techinfo_icons\/regular-fit.png\" alt=\"La Sportiva\"><\/a><\/div>\n<div><strong>Ajuste regular: <\/strong>Corte t\u00e9cnico y c\u00f3modo.<\/div>\n<div class=\"techinfo-icon\"><a> <img decoding=\"async\" src=\"https:\/\/www.lasportiva.com\/media\/techinfo_icons\/L1.png\" alt=\"La Sportiva\"><\/a><\/div>\n<div><strong>L1 &#8211; CAPA BASE : <\/strong>Capa en contacto directo con la piel. Favorece la evacuaci\u00f3n del sudor para un mayor confort t\u00e9rmico durante la actividad f\u00edsica.<\/div>\n<\/div>\n<div class=\"techinfo-description\"><b>Material<\/b>: Principal: (PN13) 92 % poli\u00e9ster, 8 % elastano. Inserto: (MSH24) 100 % poli\u00e9ster<br \/>\n<b>Peso: <\/b>85 g (S)<\/div>\n<\/div>\n<\/div>\n","protected":false},"excerpt":{"rendered":"<p>Gracias a su nuevo y atractivo dise\u00f1o, la camiseta Draft rebosa energ\u00eda. El tejido ligero y transpirable, con tratamientos antibacterianos y antiolor (Polygiene\u00ae), garantiza la m\u00e1xima comodidad incluso durante la actividad deportiva m\u00e1s intensa. Transpirabilidad: Productos altamente transpirables para un excelente confort clim\u00e1tico. Ligereza: Productos que mantienen el peso al m\u00ednimo La tecnolog\u00eda antibacteriana y &hellip; <a href=\"https:\/\/www.miomiorun.com\/es\/producto\/la-sportiva-draft-t-shirt-mujer\/\">Continued<\/a><\/p>\n","protected":false},"featured_media":230778,"template":"","meta":{"_acf_changed":false,"inline_featured_image":false},"product_brand":[],"product_cat":[24226,24401,24402],"product_tag":[23598,23640],"class_list":{"0":"post-276252","1":"product","2":"type-product","3":"status-publish","4":"has-post-thumbnail","6":"product_cat-camiseta","7":"product_cat-ropa-de-mujer","8":"product_cat-mujer","9":"product_tag-la-sportiva-es","10":"product_tag-la-sportiva-mujer","11":"pa_attivita-caminar","12":"pa_attivita-outdoor-es","13":"pa_attivita-trail-es","14":"pa_marca-la-sportiva-es","15":"pa_sesso-mujer","16":"pa_size-small-es","18":"first","19":"instock","20":"sale","21":"taxable","22":"shipping-taxable","23":"purchasable","24":"product-type-variable","25":"wvs-archive-product-wrapper"},"acf":[],"yoast_head":"<!-- This site is optimized with the Yoast SEO plugin v26.8 - https:\/\/yoast.com\/product\/yoast-seo-wordpress\/ -->\n<title>La Sportiva Draft T-Shirt mujer -Camiseta para correr - MioMioRun<\/title>\n<meta name=\"description\" content=\"Camiseta Draft, confeccionada con un tejido ligero y transpirable, con tratamientos antibacterianos y antiolor, que garantiza la m\u00e1xima comodidad durante la pr\u00e1ctica deportiva m\u00e1s intensa.\" \/>\n<meta name=\"robots\" content=\"index, follow, max-snippet:-1, max-image-preview:large, max-video-preview:-1\" \/>\n<link rel=\"canonical\" href=\"https:\/\/www.miomiorun.com\/es\/producto\/la-sportiva-draft-t-shirt-mujer\/\" \/>\n<meta property=\"og:locale\" content=\"es_ES\" \/>\n<meta property=\"og:type\" content=\"article\" \/>\n<meta property=\"og:title\" content=\"La Sportiva Draft T-Shirt mujer -Camiseta para correr - MioMioRun\" \/>\n<meta property=\"og:description\" content=\"Camiseta Draft, confeccionada con un tejido ligero y transpirable, con tratamientos antibacterianos y antiolor, que garantiza la m\u00e1xima comodidad durante la pr\u00e1ctica deportiva m\u00e1s intensa.\" \/>\n<meta property=\"og:url\" content=\"https:\/\/www.miomiorun.com\/es\/producto\/la-sportiva-draft-t-shirt-mujer\/\" \/>\n<meta property=\"og:site_name\" content=\"MioMioRun\" \/>\n<meta property=\"article:publisher\" content=\"https:\/\/www.facebook.com\/miomiorun\/\" \/>\n<meta property=\"article:modified_time\" content=\"2026-04-22T14:25:23+00:00\" \/>\n<meta property=\"og:image\" content=\"https:\/\/www.miomiorun.com\/app\/uploads\/2020\/10\/la-sportiva-Draft-T-Shirt-K96602402.jpg\" \/>\n\t<meta property=\"og:image:width\" content=\"600\" \/>\n\t<meta property=\"og:image:height\" content=\"600\" \/>\n\t<meta property=\"og:image:type\" content=\"image\/jpeg\" \/>\n<meta name=\"twitter:card\" content=\"summary_large_image\" \/>\n<meta name=\"twitter:label1\" content=\"Est. reading time\" \/>\n\t<meta name=\"twitter:data1\" content=\"1 minute\" \/>\n<script type=\"application\/ld+json\" class=\"yoast-schema-graph\">{\"@context\":\"https:\/\/schema.org\",\"@graph\":[{\"@type\":\"WebPage\",\"@id\":\"https:\/\/www.miomiorun.com\/es\/producto\/la-sportiva-draft-t-shirt-mujer\/\",\"url\":\"https:\/\/www.miomiorun.com\/es\/producto\/la-sportiva-draft-t-shirt-mujer\/\",\"name\":\"La Sportiva Draft T-Shirt mujer -Camiseta para correr - MioMioRun\",\"isPartOf\":{\"@id\":\"https:\/\/www.miomiorun.com\/es\/#website\"},\"primaryImageOfPage\":{\"@id\":\"https:\/\/www.miomiorun.com\/es\/producto\/la-sportiva-draft-t-shirt-mujer\/#primaryimage\"},\"image\":{\"@id\":\"https:\/\/www.miomiorun.com\/es\/producto\/la-sportiva-draft-t-shirt-mujer\/#primaryimage\"},\"thumbnailUrl\":\"https:\/\/www.miomiorun.com\/app\/uploads\/2020\/10\/la-sportiva-Draft-T-Shirt-K96602402.jpg\",\"datePublished\":\"2020-10-21T08:21:23+00:00\",\"dateModified\":\"2026-04-22T14:25:23+00:00\",\"description\":\"Camiseta Draft, confeccionada con un tejido ligero y transpirable, con tratamientos antibacterianos y antiolor, que garantiza la m\u00e1xima comodidad durante la pr\u00e1ctica deportiva m\u00e1s intensa.\",\"breadcrumb\":{\"@id\":\"https:\/\/www.miomiorun.com\/es\/producto\/la-sportiva-draft-t-shirt-mujer\/#breadcrumb\"},\"inLanguage\":\"es-ES\",\"potentialAction\":[{\"@type\":\"ReadAction\",\"target\":[\"https:\/\/www.miomiorun.com\/es\/producto\/la-sportiva-draft-t-shirt-mujer\/\"]}]},{\"@type\":\"ImageObject\",\"inLanguage\":\"es-ES\",\"@id\":\"https:\/\/www.miomiorun.com\/es\/producto\/la-sportiva-draft-t-shirt-mujer\/#primaryimage\",\"url\":\"https:\/\/www.miomiorun.com\/app\/uploads\/2020\/10\/la-sportiva-Draft-T-Shirt-K96602402.jpg\",\"contentUrl\":\"https:\/\/www.miomiorun.com\/app\/uploads\/2020\/10\/la-sportiva-Draft-T-Shirt-K96602402.jpg\",\"width\":600,\"height\":600,\"caption\":\"la-sportiva-Draft-T-Shirt-K96602402\"},{\"@type\":\"BreadcrumbList\",\"@id\":\"https:\/\/www.miomiorun.com\/es\/producto\/la-sportiva-draft-t-shirt-mujer\/#breadcrumb\",\"itemListElement\":[{\"@type\":\"ListItem\",\"position\":1,\"name\":\"Home\",\"item\":\"https:\/\/www.miomiorun.com\/es\/\"},{\"@type\":\"ListItem\",\"position\":2,\"name\":\"Shop\",\"item\":\"https:\/\/www.miomiorun.com\/shop\/\"},{\"@type\":\"ListItem\",\"position\":3,\"name\":\"Draft T-Shirt mujer\"}]},{\"@type\":\"WebSite\",\"@id\":\"https:\/\/www.miomiorun.com\/es\/#website\",\"url\":\"https:\/\/www.miomiorun.com\/es\/\",\"name\":\"MioMioRun\",\"description\":\"Tienda 100% running y trail\",\"publisher\":{\"@id\":\"https:\/\/www.miomiorun.com\/es\/#organization\"},\"potentialAction\":[{\"@type\":\"SearchAction\",\"target\":{\"@type\":\"EntryPoint\",\"urlTemplate\":\"https:\/\/www.miomiorun.com\/es\/?s={search_term_string}\"},\"query-input\":{\"@type\":\"PropertyValueSpecification\",\"valueRequired\":true,\"valueName\":\"search_term_string\"}}],\"inLanguage\":\"es-ES\"},{\"@type\":\"Organization\",\"@id\":\"https:\/\/www.miomiorun.com\/es\/#organization\",\"name\":\"MioMio Run\",\"url\":\"https:\/\/www.miomiorun.com\/es\/\",\"logo\":{\"@type\":\"ImageObject\",\"inLanguage\":\"es-ES\",\"@id\":\"https:\/\/www.miomiorun.com\/es\/#\/schema\/logo\/image\/\",\"url\":\"https:\/\/www.miomiorun.com\/app\/uploads\/2019\/12\/logomio.png\",\"contentUrl\":\"https:\/\/www.miomiorun.com\/app\/uploads\/2019\/12\/logomio.png\",\"width\":115,\"height\":82,\"caption\":\"MioMio Run\"},\"image\":{\"@id\":\"https:\/\/www.miomiorun.com\/es\/#\/schema\/logo\/image\/\"},\"sameAs\":[\"https:\/\/www.facebook.com\/miomiorun\/\",\"https:\/\/www.instagram.com\/miomiorun\/\"]}]}<\/script>\n<!-- \/ Yoast SEO plugin. -->","yoast_head_json":{"title":"La Sportiva Draft T-Shirt mujer -Camiseta para correr - MioMioRun","description":"Camiseta Draft, confeccionada con un tejido ligero y transpirable, con tratamientos antibacterianos y antiolor, que garantiza la m\u00e1xima comodidad durante la pr\u00e1ctica deportiva m\u00e1s intensa.","robots":{"index":"index","follow":"follow","max-snippet":"max-snippet:-1","max-image-preview":"max-image-preview:large","max-video-preview":"max-video-preview:-1"},"canonical":"https:\/\/www.miomiorun.com\/es\/producto\/la-sportiva-draft-t-shirt-mujer\/","og_locale":"es_ES","og_type":"article","og_title":"La Sportiva Draft T-Shirt mujer -Camiseta para correr - MioMioRun","og_description":"Camiseta Draft, confeccionada con un tejido ligero y transpirable, con tratamientos antibacterianos y antiolor, que garantiza la m\u00e1xima comodidad durante la pr\u00e1ctica deportiva m\u00e1s intensa.","og_url":"https:\/\/www.miomiorun.com\/es\/producto\/la-sportiva-draft-t-shirt-mujer\/","og_site_name":"MioMioRun","article_publisher":"https:\/\/www.facebook.com\/miomiorun\/","article_modified_time":"2026-04-22T14:25:23+00:00","og_image":[{"width":600,"height":600,"url":"https:\/\/www.miomiorun.com\/app\/uploads\/2020\/10\/la-sportiva-Draft-T-Shirt-K96602402.jpg","type":"image\/jpeg"}],"twitter_card":"summary_large_image","twitter_misc":{"Est. reading time":"1 minute"},"schema":{"@context":"https:\/\/schema.org","@graph":[{"@type":"WebPage","@id":"https:\/\/www.miomiorun.com\/es\/producto\/la-sportiva-draft-t-shirt-mujer\/","url":"https:\/\/www.miomiorun.com\/es\/producto\/la-sportiva-draft-t-shirt-mujer\/","name":"La Sportiva Draft T-Shirt mujer -Camiseta para correr - MioMioRun","isPartOf":{"@id":"https:\/\/www.miomiorun.com\/es\/#website"},"primaryImageOfPage":{"@id":"https:\/\/www.miomiorun.com\/es\/producto\/la-sportiva-draft-t-shirt-mujer\/#primaryimage"},"image":{"@id":"https:\/\/www.miomiorun.com\/es\/producto\/la-sportiva-draft-t-shirt-mujer\/#primaryimage"},"thumbnailUrl":"https:\/\/www.miomiorun.com\/app\/uploads\/2020\/10\/la-sportiva-Draft-T-Shirt-K96602402.jpg","datePublished":"2020-10-21T08:21:23+00:00","dateModified":"2026-04-22T14:25:23+00:00","description":"Camiseta Draft, confeccionada con un tejido ligero y transpirable, con tratamientos antibacterianos y antiolor, que garantiza la m\u00e1xima comodidad durante la pr\u00e1ctica deportiva m\u00e1s intensa.","breadcrumb":{"@id":"https:\/\/www.miomiorun.com\/es\/producto\/la-sportiva-draft-t-shirt-mujer\/#breadcrumb"},"inLanguage":"es-ES","potentialAction":[{"@type":"ReadAction","target":["https:\/\/www.miomiorun.com\/es\/producto\/la-sportiva-draft-t-shirt-mujer\/"]}]},{"@type":"ImageObject","inLanguage":"es-ES","@id":"https:\/\/www.miomiorun.com\/es\/producto\/la-sportiva-draft-t-shirt-mujer\/#primaryimage","url":"https:\/\/www.miomiorun.com\/app\/uploads\/2020\/10\/la-sportiva-Draft-T-Shirt-K96602402.jpg","contentUrl":"https:\/\/www.miomiorun.com\/app\/uploads\/2020\/10\/la-sportiva-Draft-T-Shirt-K96602402.jpg","width":600,"height":600,"caption":"la-sportiva-Draft-T-Shirt-K96602402"},{"@type":"BreadcrumbList","@id":"https:\/\/www.miomiorun.com\/es\/producto\/la-sportiva-draft-t-shirt-mujer\/#breadcrumb","itemListElement":[{"@type":"ListItem","position":1,"name":"Home","item":"https:\/\/www.miomiorun.com\/es\/"},{"@type":"ListItem","position":2,"name":"Shop","item":"https:\/\/www.miomiorun.com\/shop\/"},{"@type":"ListItem","position":3,"name":"Draft T-Shirt mujer"}]},{"@type":"WebSite","@id":"https:\/\/www.miomiorun.com\/es\/#website","url":"https:\/\/www.miomiorun.com\/es\/","name":"MioMioRun","description":"Tienda 100% running y trail","publisher":{"@id":"https:\/\/www.miomiorun.com\/es\/#organization"},"potentialAction":[{"@type":"SearchAction","target":{"@type":"EntryPoint","urlTemplate":"https:\/\/www.miomiorun.com\/es\/?s={search_term_string}"},"query-input":{"@type":"PropertyValueSpecification","valueRequired":true,"valueName":"search_term_string"}}],"inLanguage":"es-ES"},{"@type":"Organization","@id":"https:\/\/www.miomiorun.com\/es\/#organization","name":"MioMio Run","url":"https:\/\/www.miomiorun.com\/es\/","logo":{"@type":"ImageObject","inLanguage":"es-ES","@id":"https:\/\/www.miomiorun.com\/es\/#\/schema\/logo\/image\/","url":"https:\/\/www.miomiorun.com\/app\/uploads\/2019\/12\/logomio.png","contentUrl":"https:\/\/www.miomiorun.com\/app\/uploads\/2019\/12\/logomio.png","width":115,"height":82,"caption":"MioMio Run"},"image":{"@id":"https:\/\/www.miomiorun.com\/es\/#\/schema\/logo\/image\/"},"sameAs":["https:\/\/www.facebook.com\/miomiorun\/","https:\/\/www.instagram.com\/miomiorun\/"]}]}},"_links":{"self":[{"href":"https:\/\/www.miomiorun.com\/es\/wp-json\/wp\/v2\/product\/276252","targetHints":{"allow":["GET"]}}],"collection":[{"href":"https:\/\/www.miomiorun.com\/es\/wp-json\/wp\/v2\/product"}],"about":[{"href":"https:\/\/www.miomiorun.com\/es\/wp-json\/wp\/v2\/types\/product"}],"wp:featuredmedia":[{"embeddable":true,"href":"https:\/\/www.miomiorun.com\/es\/wp-json\/wp\/v2\/media\/230778"}],"wp:attachment":[{"href":"https:\/\/www.miomiorun.com\/es\/wp-json\/wp\/v2\/media?parent=276252"}],"wp:term":[{"taxonomy":"product_brand","embeddable":true,"href":"https:\/\/www.miomiorun.com\/es\/wp-json\/wp\/v2\/product_brand?post=276252"},{"taxonomy":"product_cat","embeddable":true,"href":"https:\/\/www.miomiorun.com\/es\/wp-json\/wp\/v2\/product_cat?post=276252"},{"taxonomy":"product_tag","embeddable":true,"href":"https:\/\/www.miomiorun.com\/es\/wp-json\/wp\/v2\/product_tag?post=276252"}],"curies":[{"name":"wp","href":"https:\/\/api.w.org\/{rel}","templated":true}]}}